{"id":2366,"date":"2020-03-20T12:23:34","date_gmt":"2020-03-20T11:23:34","guid":{"rendered":"https:\/\/bolting.eu\/?post_type=product&#038;p=2366"},"modified":"2026-04-22T18:32:02","modified_gmt":"2026-04-22T16:32:02","slug":"totem-cams-klemmgeraete","status":"publish","type":"product","link":"https:\/\/bolting.eu\/en\/shop\/totem-cams-klemmgeraete\/","title":{"rendered":"Totem Cams Klemmger\u00e4te"},"content":{"rendered":"<p>Die Totem Cams Klemmger\u00e4te sind innovative Friends. Denn zum einen halten die Klemmger\u00e4te beim technischen Klettern auch dann, wenn nur 2 Klemmsegmente am Fels aufliegen. Zum anderen halten sie aber auch in &#8220;off width&#8221; Rissen, wenn nur 3 Segmente aufliegen.<\/p>\n<p>Die Klemmger\u00e4te k\u00f6nnen nat\u00fcrlich auch als ganz normale Friends benutzt werden. Solide gelegt halten sie jeden Sturz wie alle anderen Friends auch. Aufgrund ihrer tollen Eigenschaften sind die Cams aus keiner Big Wall Ausr\u00fcstung wegzudenken. Wie <a href=\"https:\/\/bolting.eu\/produkt-kategorie\/felshaken-normalhaken\/\">Felshaken<\/a>, <a href=\"https:\/\/bolting.eu\/produkt-kategorie\/felshammer\/\">Felshammer<\/a> und <a href=\"https:\/\/bolting.eu\/shop\/camp-captain-hook\/\">Cliffs<\/a> geh\u00f6ren Sie in jedes Rack.<\/p>\n<h3>Video Totem Cams Klemmger\u00e4te<\/h3>\n<p>Das folgende Video zeigt, wie ihr die Cams legen k\u00f6nnt, wenn nur 2 bzw. 3 Segmente am Fels anliegen. Ganz wichtig! Diese &#8220;schlechten&#8221; Placements sind f\u00fcr die Fortbewegung beim technischen Klettern gedacht. Ein Sturz in diese Placement h\u00e4lt in der Regel nicht. Hierf\u00fcr m\u00fcssen alle 4 Klemmsegmente am Fels aufliegen.<\/p>\n<p><iframe loading=\"lazy\" src=\"https:\/\/www.youtube.com\/embed\/WbMSl2BCxpk\" width=\"100%\" height=\"450\" frameborder=\"0\" allowfullscreen=\"allowfullscreen\"><span data-mce-type=\"bookmark\" style=\"display: inline-block; width: 0px; overflow: hidden; line-height: 0;\" class=\"mce_SELRES_start\">\ufeff<\/span><\/iframe><\/p>\n<h2>Eigenschaften<\/h2>\n<p>Die Totem Cams Klemmger\u00e4te haben folgende Features:<\/p>\n<ul>\n<li>Hersteller: Totem<\/li>\n<li>En 12276:2013<\/li>\n<li>Bruchlast 8kN &#8211; 13kN<\/li>\n<li>erh\u00e4ltlich in 7 Gr\u00f6\u00dfen<\/li>\n<li>&#8220;Direct Loading System&#8221;<\/li>\n<li>weniger &#8220;Wandern&#8221; durch sehr starke Federn<\/li>\n<li>gut auch mit Handschuhen zu bedienen<\/li>\n<li>sehr breites Expansion Verh\u00e4ltnis 1.64:1<\/li>\n<li>Reparaturservice der Fa. Totem<\/li>\n<\/ul>\n<p><a href=\"https:\/\/bolting.eu\/wp-content\/uploads\/2020\/03\/TotemCam_Instructions_For_Use.pdf\">Bedienungsanleitung<\/a><\/p>\n<p>&nbsp;<\/p>\n<h3>Gr\u00f6\u00dfen-Gewichts\u00fcbersicht<\/h3>\n<table class=\"product-table\">\n<tbody>\n<tr>\n<td><strong>Size<\/strong><\/td>\n<td><strong>Range<\/strong><\/td>\n<td><strong>Strength<\/strong><\/td>\n<td><strong>Weight<\/strong><\/td>\n<\/tr>\n<tr>\n<td>0.50 (black)<\/td>\n<td>0.46-0.74\u2033<br \/>\n11,7-18,9mm<\/td>\n<td>6KN<\/td>\n<td>69gr<\/td>\n<\/tr>\n<tr>\n<td>0.65 (blue)<\/td>\n<td>0.54-0.89\u2033<br \/>\n13,8-22,5mm<\/td>\n<td>8KN<\/td>\n<td>75gr<\/td>\n<\/tr>\n<tr>\n<td>0.80 (yellow)<\/td>\n<td>0.67-1.09\u2033<br \/>\n17-27,7mm<\/td>\n<td>9KN<\/td>\n<td>83gr<\/td>\n<\/tr>\n<tr>\n<td>1.00 (purple)<\/td>\n<td>0.82-1.35\u2033<br \/>\n20,9-34,2mm<\/td>\n<td>10KN<\/td>\n<td>95gr<\/td>\n<\/tr>\n<tr>\n<td>1.25 (green)<\/td>\n<td>1.01-1.67\u2033<br \/>\n25,7-42,3mm<\/td>\n<td>13KN<\/td>\n<td>109gr<\/td>\n<\/tr>\n<tr>\n<td>1.50 (red)<\/td>\n<td>1.24-2.06\u2033<br \/>\n31,6-52,2mm<\/td>\n<td>13KN<\/td>\n<td>132gr<\/td>\n<\/tr>\n<tr>\n<td>1.80 (orange)<\/td>\n<td>1.56-2.53\u2033<br \/>\n39,7-64,2mm<\/td>\n<td>13KN<\/td>\n<td>144gr<\/td>\n<\/tr>\n<\/tbody>\n<\/table>\n<h2><\/h2>\n<h2>Totem Cams Klemmger\u00e4te als Teil des Racks<\/h2>\n<p><a href=\"https:\/\/bolting.eu\/wp-content\/uploads\/2020\/03\/Totem-Cams-Klemmgeraete-Set.jpg\"><img loading=\"lazy\" decoding=\"async\" class=\"alignleft wp-image-2369 size-thumbnail\" src=\"https:\/\/bolting.eu\/wp-content\/uploads\/2020\/03\/Totem-Cams-Klemmgeraete-Set-280x280.jpg\" alt=\"Das Bild zeigt sieben Totem Cams Klemmger\u00e4te in einem wei\u00dfem Quadrat. In der oberen Reige liegen drei Cams schr\u00e4g nebeneinander, in der unteren vier. Die Klemmsegmente schauen alle nach rechts oben, die BAndschlingen leicht eingeknickt nach rechts unten.\" width=\"280\" height=\"280\" srcset=\"https:\/\/bolting.eu\/wp-content\/uploads\/2020\/03\/Totem-Cams-Klemmgeraete-Set-280x280.jpg 280w, https:\/\/bolting.eu\/wp-content\/uploads\/2020\/03\/Totem-Cams-Klemmgeraete-Set-247x247.jpg 247w, https:\/\/bolting.eu\/wp-content\/uploads\/2020\/03\/Totem-Cams-Klemmgeraete-Set-100x100.jpg 100w, https:\/\/bolting.eu\/wp-content\/uploads\/2020\/03\/Totem-Cams-Klemmgeraete-Set-510x510.jpg 510w, https:\/\/bolting.eu\/wp-content\/uploads\/2020\/03\/Totem-Cams-Klemmgeraete-Set-400x400.jpg 400w, https:\/\/bolting.eu\/wp-content\/uploads\/2020\/03\/Totem-Cams-Klemmgeraete-Set-300x300.jpg 300w, https:\/\/bolting.eu\/wp-content\/uploads\/2020\/03\/Totem-Cams-Klemmgeraete-Set-600x600.jpg 600w, https:\/\/bolting.eu\/wp-content\/uploads\/2020\/03\/Totem-Cams-Klemmgeraete-Set.jpg 700w\" sizes=\"auto, (max-width: 280px) 100vw, 280px\" \/><\/a>Wir empfehlen Euch f\u00fcr ein gutes Rack neben anderen Produkten einen bis 2 S\u00e4tze Totems. Denn erstens reicht die Range der Friends ja ohnehin nicht aus. Etwa ab der Gr\u00f6\u00dfe des Orangen Totem Cams geht es mit dem gr\u00fcnen Camalot weiter. Bei den kleinen Gr\u00f6\u00dfen sind immer die Aliens und die <a href=\"https:\/\/bolting.eu\/shop\/metolius-friends-ultralight-master-cam\/\">Metolius Friends Ultralight Mastercams<\/a> eine top Empfehlung. Ein gutes Rack wird einerseits immer durch die passende Mischung der verschiedenen Modelle bestimmt. Und andererseits nat\u00fcrlich wie gut es auf die Linie bzw. Route abgestimmt ist. Deshalb ist ein gro\u00dfes und breit gef\u00e4chertes Rack eine wichtige Sache.<\/p>\n<h2>Wartung Totem Cams Klemmger\u00e4te<\/h2>\n<p>Reinigt Eure Klemmger\u00e4te regelm\u00e4\u00dfig und sorgsam. Erstens mit lauwarmen Wasser abwaschen. Zweitens den Schmutz durch \u201eAufschlagen\u201c in der Hand herausl\u00f6sen. Drittens an der lLuft trocknen lassen. Viertens mit einem <a href=\"https:\/\/bolting.eu\/shop\/kong-kletterausruestung-pflegeoel\/\">Karabiner Pflege\u00f6l<\/a> einschmieren. So gleiten die Klemmsegmente reibungslos und die Federn bleiben geschmeidigt.<\/p>\n<p>Link Tipp: Die Cams gleich mal ausprobieren, zum Beispiel beim <a href=\"https:\/\/maltatal.rocks\/trad-klettern-im-maltatal\/\" target=\"_blank\" rel=\"noopener noreferrer\">Trad Klettern im Maltatal!<\/a><\/p>\n","protected":false},"excerpt":{"rendered":"<p>Super innovativer Friend in 7 Gr\u00f6\u00dfen. Durch das &#8220;Direct Loading System&#8221; klemmt das Ger\u00e4t auch mit nur 2 Klemmsegmenten.<\/p>\n<p>\u00dcberdies weniger &#8220;Wandern&#8221; durch sehr starke Federn und gut auch mit Handschuhen zu bedienen.<\/p>\n<p>Versandkostenfrei bis 2kg in <img decoding=\"async\" class=\"emoji\" role=\"img\" draggable=\"false\" src=\"https:\/\/s.w.org\/images\/core\/emoji\/14.0.0\/svg\/1f1e6-1f1f9.svg\" alt=\"\ud83c\udde6\ud83c\uddf9\" \/> ab \u20ac 100,- und <img decoding=\"async\" class=\"emoji\" role=\"img\" draggable=\"false\" src=\"https:\/\/s.w.org\/images\/core\/emoji\/14.0.0\/svg\/1f1e9-1f1ea.svg\" alt=\"\ud83c\udde9\ud83c\uddea\" \/> ab \u20ac 200,-!<\/p>\n","protected":false},"featured_media":2369,"comment_status":"closed","ping_status":"closed","template":"","meta":[],"product_brand":[],"product_cat":[31,39,29],"product_tag":[262,265,4164],"class_list":{"0":"post-2366","1":"product","2":"type-product","3":"status-publish","4":"has-post-thumbnail","6":"product_cat-big-wall-ausruestung","7":"product_cat-klemmgeraete-friends","8":"product_cat-kletterausruestung","9":"product_tag-alpinklettern","10":"product_tag-big-wall-klettern","11":"product_tag-trad-klettern","13":"first","14":"instock","15":"sale","16":"sold-individually","17":"taxable","18":"shipping-taxable","19":"purchasable","20":"product-type-variable"},"yoast_head":"<!-- This site is optimized with the Yoast SEO Premium plugin v26.9 (Yoast SEO v26.9) - https:\/\/yoast.com\/product\/yoast-seo-premium-wordpress\/ -->\n<title>Totem Cams Klemmger\u00e4te: g\u00fcnstig online kaufen bei bolting.eu<\/title>\n<meta name=\"description\" content=\"Totem Cams Klemmger\u00e4te beim Kletterprofi aus Innsbruck kaufen \u2705 kostenloser Versand* \u2705 14 Tage R\u00fcckgaberecht \u2705 Co2 neutraler Versand\" \/>\n<meta name=\"robots\" content=\"index, follow, max-snippet:-1, max-image-preview:large, max-video-preview:-1\" \/>\n<link rel=\"canonical\" href=\"https:\/\/bolting.eu\/en\/shop\/totem-cams-klemmgeraete\/\" \/>\n<meta property=\"og:locale\" content=\"en_US\" \/>\n<meta property=\"og:type\" content=\"article\" \/>\n<meta property=\"og:title\" content=\"Totem Cams Klemmger\u00e4te\" \/>\n<meta property=\"og:description\" content=\"Totem Cams Klemmger\u00e4te beim Kletterprofi aus Innsbruck kaufen \u2705 kostenloser Versand* \u2705 14 Tage R\u00fcckgaberecht \u2705 Co2 neutraler Versand\" \/>\n<meta property=\"og:url\" content=\"https:\/\/bolting.eu\/en\/shop\/totem-cams-klemmgeraete\/\" \/>\n<meta property=\"og:site_name\" content=\"bolting.eu\" \/>\n<meta property=\"article:publisher\" content=\"https:\/\/www.facebook.com\/bolting.eu\" \/>\n<meta property=\"article:modified_time\" content=\"2026-04-22T16:32:02+00:00\" \/>\n<meta property=\"og:image\" content=\"https:\/\/bolting.eu\/wp-content\/uploads\/2020\/03\/Totem-Cams-Klemmgeraete-Set.jpg\" \/>\n\t<meta property=\"og:image:width\" content=\"700\" \/>\n\t<meta property=\"og:image:height\" content=\"700\" \/>\n\t<meta property=\"og:image:type\" content=\"image\/jpeg\" \/>\n<meta name=\"twitter:card\" content=\"summary_large_image\" \/>\n<meta name=\"twitter:label1\" content=\"Availability\" \/>\n\t<meta name=\"twitter:data1\" content=\"In stock\" \/>\n<script type=\"application\/ld+json\" class=\"yoast-schema-graph\">{\"@context\":\"https:\/\/schema.org\",\"@graph\":[{\"@type\":[\"WebPage\",\"ItemPage\"],\"@id\":\"https:\/\/bolting.eu\/en\/shop\/totem-cams-klemmgeraete\/\",\"url\":\"https:\/\/bolting.eu\/en\/shop\/totem-cams-klemmgeraete\/\",\"name\":\"Totem Cams Klemmger\u00e4te: g\u00fcnstig online kaufen bei bolting.eu\",\"isPartOf\":{\"@id\":\"https:\/\/bolting.eu\/en\/#website\"},\"primaryImageOfPage\":{\"@id\":\"https:\/\/bolting.eu\/en\/shop\/totem-cams-klemmgeraete\/#primaryimage\"},\"image\":{\"@id\":\"https:\/\/bolting.eu\/en\/shop\/totem-cams-klemmgeraete\/#primaryimage\"},\"thumbnailUrl\":\"https:\/\/bolting.eu\/wp-content\/uploads\/2020\/03\/Totem-Cams-Klemmgeraete-Set.jpg\",\"datePublished\":\"2020-03-20T11:23:34+00:00\",\"dateModified\":\"2026-04-22T16:32:02+00:00\",\"description\":\"Totem Cams Klemmger\u00e4te beim Kletterprofi aus Innsbruck kaufen \u2705 kostenloser Versand* \u2705 14 Tage R\u00fcckgaberecht \u2705 Co2 neutraler Versand\",\"breadcrumb\":{\"@id\":\"https:\/\/bolting.eu\/en\/shop\/totem-cams-klemmgeraete\/#breadcrumb\"},\"inLanguage\":\"en-US\",\"potentialAction\":[{\"@type\":\"ReadAction\",\"target\":[\"https:\/\/bolting.eu\/en\/shop\/totem-cams-klemmgeraete\/\"]}]},{\"@type\":\"ImageObject\",\"inLanguage\":\"en-US\",\"@id\":\"https:\/\/bolting.eu\/en\/shop\/totem-cams-klemmgeraete\/#primaryimage\",\"url\":\"https:\/\/bolting.eu\/wp-content\/uploads\/2020\/03\/Totem-Cams-Klemmgeraete-Set.jpg\",\"contentUrl\":\"https:\/\/bolting.eu\/wp-content\/uploads\/2020\/03\/Totem-Cams-Klemmgeraete-Set.jpg\",\"width\":700,\"height\":700,\"caption\":\"Das Bild zeigt sieben Totem Cams Klemmger\u00e4te in einem wei\u00dfem Quadrat. In der oberen Reihe liegen drei Cams schr\u00e4g nebeneinander, in der unteren vier. Die Klemmsegmente schauen alle nach rechts oben, die BAndschlingen leicht eingeknickt nach rechts unten.\"},{\"@type\":\"BreadcrumbList\",\"@id\":\"https:\/\/bolting.eu\/en\/shop\/totem-cams-klemmgeraete\/#breadcrumb\",\"itemListElement\":[{\"@type\":\"ListItem\",\"position\":1,\"name\":\"Shop\",\"item\":\"https:\/\/bolting.eu\/en\/shop\/\"},{\"@type\":\"ListItem\",\"position\":2,\"name\":\"climbing equipment\",\"item\":\"https:\/\/bolting.eu\/en\/produkt-kategorie\/climbing-equipment\/\"},{\"@type\":\"ListItem\",\"position\":3,\"name\":\"Klemmger\u00e4te - Friends\",\"item\":\"https:\/\/bolting.eu\/produkt-kategorie\/kletterausruestung\/klemmgeraete-friends\/\"},{\"@type\":\"ListItem\",\"position\":4,\"name\":\"Totem Cams Klemmger\u00e4te\"}]},{\"@type\":\"WebSite\",\"@id\":\"https:\/\/bolting.eu\/en\/#website\",\"url\":\"https:\/\/bolting.eu\/en\/\",\"name\":\"bolting.eu\",\"description\":\"we make climbs happen\",\"publisher\":{\"@id\":\"https:\/\/bolting.eu\/en\/#organization\"},\"potentialAction\":[{\"@type\":\"SearchAction\",\"target\":{\"@type\":\"EntryPoint\",\"urlTemplate\":\"https:\/\/bolting.eu\/en\/?s={search_term_string}\"},\"query-input\":{\"@type\":\"PropertyValueSpecification\",\"valueRequired\":true,\"valueName\":\"search_term_string\"}}],\"inLanguage\":\"en-US\"},{\"@type\":[\"Organization\",\"Place\",\"SportingGoodsStore\"],\"@id\":\"https:\/\/bolting.eu\/en\/#organization\",\"name\":\"bolting.eu\",\"url\":\"https:\/\/bolting.eu\/en\/\",\"logo\":{\"@id\":\"https:\/\/bolting.eu\/en\/shop\/totem-cams-klemmgeraete\/#local-main-organization-logo\"},\"image\":{\"@id\":\"https:\/\/bolting.eu\/en\/shop\/totem-cams-klemmgeraete\/#local-main-organization-logo\"},\"sameAs\":[\"https:\/\/www.facebook.com\/bolting.eu\",\"https:\/\/www.instagram.com\/bolting.eu\/\"],\"address\":{\"@id\":\"https:\/\/bolting.eu\/en\/shop\/totem-cams-klemmgeraete\/#local-main-place-address\"},\"geo\":{\"@type\":\"GeoCoordinates\",\"latitude\":\"47.264176340396226\",\"longitude\":\"11.380109057672346\"},\"telephone\":[\"+43 699 19083372\"],\"openingHoursSpecification\":[{\"@type\":\"OpeningHoursSpecification\",\"dayOfWeek\":[\"Monday\",\"Wednesday\",\"Friday\"],\"opens\":\"14:00\",\"closes\":\"18:00\"},{\"@type\":\"OpeningHoursSpecification\",\"dayOfWeek\":[\"Tuesday\",\"Thursday\",\"Saturday\",\"Sunday\"],\"opens\":\"00:00\",\"closes\":\"00:00\"}],\"email\":\"office@bolting.eu\",\"vatID\":\"ATU59999728\",\"priceRange\":\"$$\",\"currenciesAccepted\":\"Euro\"},{\"@type\":\"PostalAddress\",\"@id\":\"https:\/\/bolting.eu\/en\/shop\/totem-cams-klemmgeraete\/#local-main-place-address\",\"streetAddress\":\"Fischnalerstra\u00dfe 4\",\"addressLocality\":\"Innsbruck\",\"postalCode\":\"6020\",\"addressRegion\":\"Tirol\",\"addressCountry\":\"AT\"},{\"@type\":\"ImageObject\",\"inLanguage\":\"en-US\",\"@id\":\"https:\/\/bolting.eu\/en\/shop\/totem-cams-klemmgeraete\/#local-main-organization-logo\",\"url\":\"https:\/\/bolting.eu\/wp-content\/uploads\/2019\/09\/bolting-logo.png\",\"contentUrl\":\"https:\/\/bolting.eu\/wp-content\/uploads\/2019\/09\/bolting-logo.png\",\"width\":400,\"height\":211,\"caption\":\"bolting.eu\"}]}<\/script>\n<meta property=\"og:video\" content=\"https:\/\/www.youtube.com\/embed\/WbMSl2BCxpk\" \/>\n<meta property=\"og:video:type\" content=\"text\/html\" \/>\n<meta property=\"og:video:duration\" content=\"106\" \/>\n<meta property=\"og:video:width\" content=\"480\" \/>\n<meta property=\"og:video:height\" content=\"270\" \/>\n<meta property=\"ya:ovs:adult\" content=\"false\" \/>\n<meta property=\"ya:ovs:upload_date\" content=\"2020-03-20T11:23:34+00:00\" \/>\n<meta property=\"ya:ovs:allow_embed\" content=\"true\" \/>\n<meta property=\"og:availability\" content=\"instock\" \/>\n<meta property=\"product:availability\" content=\"instock\" \/>\n<meta property=\"product:condition\" content=\"new\" \/>\n<meta name=\"geo.placename\" content=\"Innsbruck\" \/>\n<meta name=\"geo.position\" content=\"47.264176340396226;11.380109057672346\" \/>\n<meta name=\"geo.region\" content=\"Austria\" \/>\n<!-- \/ Yoast SEO Premium plugin. -->","yoast_head_json":{"title":"Totem Cams Klemmger\u00e4te: g\u00fcnstig online kaufen bei bolting.eu","description":"Totem Cams Klemmger\u00e4te beim Kletterprofi aus Innsbruck kaufen \u2705 kostenloser Versand* \u2705 14 Tage R\u00fcckgaberecht \u2705 Co2 neutraler Versand","robots":{"index":"index","follow":"follow","max-snippet":"max-snippet:-1","max-image-preview":"max-image-preview:large","max-video-preview":"max-video-preview:-1"},"canonical":"https:\/\/bolting.eu\/en\/shop\/totem-cams-klemmgeraete\/","og_locale":"en_US","og_type":"article","og_title":"Totem Cams Klemmger\u00e4te","og_description":"Totem Cams Klemmger\u00e4te beim Kletterprofi aus Innsbruck kaufen \u2705 kostenloser Versand* \u2705 14 Tage R\u00fcckgaberecht \u2705 Co2 neutraler Versand","og_url":"https:\/\/bolting.eu\/en\/shop\/totem-cams-klemmgeraete\/","og_site_name":"bolting.eu","article_publisher":"https:\/\/www.facebook.com\/bolting.eu","article_modified_time":"2026-04-22T16:32:02+00:00","og_image":[{"width":700,"height":700,"url":"https:\/\/bolting.eu\/wp-content\/uploads\/2020\/03\/Totem-Cams-Klemmgeraete-Set.jpg","type":"image\/jpeg"}],"twitter_card":"summary_large_image","twitter_misc":{"Availability":"In stock"},"schema":{"@context":"https:\/\/schema.org","@graph":[{"@type":["WebPage","ItemPage"],"@id":"https:\/\/bolting.eu\/en\/shop\/totem-cams-klemmgeraete\/","url":"https:\/\/bolting.eu\/en\/shop\/totem-cams-klemmgeraete\/","name":"Totem Cams Klemmger\u00e4te: g\u00fcnstig online kaufen bei bolting.eu","isPartOf":{"@id":"https:\/\/bolting.eu\/en\/#website"},"primaryImageOfPage":{"@id":"https:\/\/bolting.eu\/en\/shop\/totem-cams-klemmgeraete\/#primaryimage"},"image":{"@id":"https:\/\/bolting.eu\/en\/shop\/totem-cams-klemmgeraete\/#primaryimage"},"thumbnailUrl":"https:\/\/bolting.eu\/wp-content\/uploads\/2020\/03\/Totem-Cams-Klemmgeraete-Set.jpg","datePublished":"2020-03-20T11:23:34+00:00","dateModified":"2026-04-22T16:32:02+00:00","description":"Totem Cams Klemmger\u00e4te beim Kletterprofi aus Innsbruck kaufen \u2705 kostenloser Versand* \u2705 14 Tage R\u00fcckgaberecht \u2705 Co2 neutraler Versand","breadcrumb":{"@id":"https:\/\/bolting.eu\/en\/shop\/totem-cams-klemmgeraete\/#breadcrumb"},"inLanguage":"en-US","potentialAction":[{"@type":"ReadAction","target":["https:\/\/bolting.eu\/en\/shop\/totem-cams-klemmgeraete\/"]}]},{"@type":"ImageObject","inLanguage":"en-US","@id":"https:\/\/bolting.eu\/en\/shop\/totem-cams-klemmgeraete\/#primaryimage","url":"https:\/\/bolting.eu\/wp-content\/uploads\/2020\/03\/Totem-Cams-Klemmgeraete-Set.jpg","contentUrl":"https:\/\/bolting.eu\/wp-content\/uploads\/2020\/03\/Totem-Cams-Klemmgeraete-Set.jpg","width":700,"height":700,"caption":"Das Bild zeigt sieben Totem Cams Klemmger\u00e4te in einem wei\u00dfem Quadrat. In der oberen Reihe liegen drei Cams schr\u00e4g nebeneinander, in der unteren vier. Die Klemmsegmente schauen alle nach rechts oben, die BAndschlingen leicht eingeknickt nach rechts unten."},{"@type":"BreadcrumbList","@id":"https:\/\/bolting.eu\/en\/shop\/totem-cams-klemmgeraete\/#breadcrumb","itemListElement":[{"@type":"ListItem","position":1,"name":"Shop","item":"https:\/\/bolting.eu\/en\/shop\/"},{"@type":"ListItem","position":2,"name":"climbing equipment","item":"https:\/\/bolting.eu\/en\/produkt-kategorie\/climbing-equipment\/"},{"@type":"ListItem","position":3,"name":"Klemmger\u00e4te - Friends","item":"https:\/\/bolting.eu\/produkt-kategorie\/kletterausruestung\/klemmgeraete-friends\/"},{"@type":"ListItem","position":4,"name":"Totem Cams Klemmger\u00e4te"}]},{"@type":"WebSite","@id":"https:\/\/bolting.eu\/en\/#website","url":"https:\/\/bolting.eu\/en\/","name":"bolting.eu","description":"we make climbs happen","publisher":{"@id":"https:\/\/bolting.eu\/en\/#organization"},"potentialAction":[{"@type":"SearchAction","target":{"@type":"EntryPoint","urlTemplate":"https:\/\/bolting.eu\/en\/?s={search_term_string}"},"query-input":{"@type":"PropertyValueSpecification","valueRequired":true,"valueName":"search_term_string"}}],"inLanguage":"en-US"},{"@type":["Organization","Place","SportingGoodsStore"],"@id":"https:\/\/bolting.eu\/en\/#organization","name":"bolting.eu","url":"https:\/\/bolting.eu\/en\/","logo":{"@id":"https:\/\/bolting.eu\/en\/shop\/totem-cams-klemmgeraete\/#local-main-organization-logo"},"image":{"@id":"https:\/\/bolting.eu\/en\/shop\/totem-cams-klemmgeraete\/#local-main-organization-logo"},"sameAs":["https:\/\/www.facebook.com\/bolting.eu","https:\/\/www.instagram.com\/bolting.eu\/"],"address":{"@id":"https:\/\/bolting.eu\/en\/shop\/totem-cams-klemmgeraete\/#local-main-place-address"},"geo":{"@type":"GeoCoordinates","latitude":"47.264176340396226","longitude":"11.380109057672346"},"telephone":["+43 699 19083372"],"openingHoursSpecification":[{"@type":"OpeningHoursSpecification","dayOfWeek":["Monday","Wednesday","Friday"],"opens":"14:00","closes":"18:00"},{"@type":"OpeningHoursSpecification","dayOfWeek":["Tuesday","Thursday","Saturday","Sunday"],"opens":"00:00","closes":"00:00"}],"email":"office@bolting.eu","vatID":"ATU59999728","priceRange":"$$","currenciesAccepted":"Euro"},{"@type":"PostalAddress","@id":"https:\/\/bolting.eu\/en\/shop\/totem-cams-klemmgeraete\/#local-main-place-address","streetAddress":"Fischnalerstra\u00dfe 4","addressLocality":"Innsbruck","postalCode":"6020","addressRegion":"Tirol","addressCountry":"AT"},{"@type":"ImageObject","inLanguage":"en-US","@id":"https:\/\/bolting.eu\/en\/shop\/totem-cams-klemmgeraete\/#local-main-organization-logo","url":"https:\/\/bolting.eu\/wp-content\/uploads\/2019\/09\/bolting-logo.png","contentUrl":"https:\/\/bolting.eu\/wp-content\/uploads\/2019\/09\/bolting-logo.png","width":400,"height":211,"caption":"bolting.eu"}]},"og_video":"https:\/\/www.youtube.com\/embed\/WbMSl2BCxpk","og_video_type":"text\/html","og_video_duration":"106","og_video_width":"480","og_video_height":"270","ya_ovs_adult":"false","ya_ovs_upload_date":"2020-03-20T11:23:34+00:00","ya_ovs_allow_embed":"true","og_availability":"instock","product_availability":"instock","product_condition":"new","geo.placename":"Innsbruck","geo.position":{"lat":"47.264176340396226","long":"11.380109057672346"},"geo.region":"Austria"},"_links":{"self":[{"href":"https:\/\/bolting.eu\/en\/wp-json\/wp\/v2\/product\/2366","targetHints":{"allow":["GET"]}}],"collection":[{"href":"https:\/\/bolting.eu\/en\/wp-json\/wp\/v2\/product"}],"about":[{"href":"https:\/\/bolting.eu\/en\/wp-json\/wp\/v2\/types\/product"}],"replies":[{"embeddable":true,"href":"https:\/\/bolting.eu\/en\/wp-json\/wp\/v2\/comments?post=2366"}],"wp:featuredmedia":[{"embeddable":true,"href":"https:\/\/bolting.eu\/en\/wp-json\/wp\/v2\/media\/2369"}],"wp:attachment":[{"href":"https:\/\/bolting.eu\/en\/wp-json\/wp\/v2\/media?parent=2366"}],"wp:term":[{"taxonomy":"product_brand","embeddable":true,"href":"https:\/\/bolting.eu\/en\/wp-json\/wp\/v2\/product_brand?post=2366"},{"taxonomy":"product_cat","embeddable":true,"href":"https:\/\/bolting.eu\/en\/wp-json\/wp\/v2\/product_cat?post=2366"},{"taxonomy":"product_tag","embeddable":true,"href":"https:\/\/bolting.eu\/en\/wp-json\/wp\/v2\/product_tag?post=2366"}],"curies":[{"name":"wp","href":"https:\/\/api.w.org\/{rel}","templated":true}]}}