{"id":2362,"date":"2020-03-20T10:45:03","date_gmt":"2020-03-20T09:45:03","guid":{"rendered":"https:\/\/bolting.eu\/?post_type=product&#038;p=2362"},"modified":"2025-07-25T12:11:51","modified_gmt":"2025-07-25T10:11:51","slug":"kong-chuy-sicherungsgeraet","status":"publish","type":"product","link":"https:\/\/bolting.eu\/en\/shop\/kong-chuy-sicherungsgeraet\/","title":{"rendered":"Kong Chuy Sicherungsger\u00e4t"},"content":{"rendered":"<p>Das Kong Chuy <a href=\"https:\/\/bolting.eu\/produkt-kategorie\/kletterausruestung\/sicherungsgeraete-klettern\/\">Sicherungsger\u00e4t<\/a> ist ein universeller Tuber. Denn zum einen kann es zum Sichern mit einem Einfachseil verwendet werden. Zum anderen aber auch vor Doppelseile. \u00dcberdies kann das Ghost nat\u00fcrlich auch als Abseilger\u00e4t genutzt werden.<\/p>\n<p>Die Beliebtheit des Chuy ist leicht erkl\u00e4rt. Erstens kann man es f\u00fcr Einzelseile und Doppelseile verwenden. Zweitens hat es eine feines Handling beim Sichern im Vorstieg bzw. beim Abseilen. Drittens funktioniert da Sicherungsger\u00e4t mit Seilen von 7,5 bis 11,5mm.<\/p>\n<h3>Eigenschaften Kong Chuy Sicherungsger\u00e4t<\/h3>\n<ul>\n<li>Hersteller: Kong<\/li>\n<li>Material: Aluminium eloxiert<\/li>\n<li>Gewicht: 56 Gramm<\/li>\n<li>EN Norm 15151-2<\/li>\n<li>Einsatzbereiche: alle Bergsportdisziplinen<\/li>\n<li>ben\u00f6tigt HMS Karabiner<\/li>\n<li>ideal f\u00fcr dynamisches Sichern beim Sportklettern<\/li>\n<\/ul>\n<h3>Praxis Tipps<\/h3>\n<p>Achtet beim Abseilen mit dem Kong Chuy Sicherungsger\u00e4t und Doppelseilen auf den richtigen Karabiner. Nur ein HMS Karabiner mit einem relativ geraden &#8220;oberen&#8221; Schenkel eignen sich f\u00fcr krangelfreies Abseilen. Die Verwendung kleinerer Schrauber oder von ovalen Schrauber ist NICHT ideal. Denn hier rutscht Euch eines der Seile immer leicht anders durch als das zweite. Folglich habt ihr zwei unterschiedliche Geschwindigkeiten und eines der Seile wird sich zu drehen beginnen!<\/p>\n<p>Erfahrene Alpinisten haben in einer Seilschaft oft ein Reserve Abseil- bzw. Sicherungsger\u00e4t dabei. Denn ein Ausr\u00fcstungsteil kann einem immer hinunterfallen. Besonders wenn man am Abstieg ist und die Konzentration nachl\u00e4sst, k\u00f6nnen solche Missgeschicke passieren. Auch das oftmalige Umh\u00e4ngen und Einh\u00e4ngen an den <a href=\"https:\/\/bolting.eu\/produkt-kategorie\/umlenker-kettenstand\/\">Kettenst\u00e4nden<\/a> bzw. Abseilpisten sind potentielle &#8220;Absturz&#8221; Situationen. Seid auch darauf vorbereitet, alleine mit einem Halbmastwurf Sichern und Abseilen zu k\u00f6nnen.<\/p>\n<h3>Wann geh\u00f6rt das Kong Chuy Sicherungsger\u00e4t ausgetauscht?<\/h3>\n<p>Sobald sich tiefe Rillen an den Auslass-Stellen bilden, nimmt die Bremskraft ab. Ihr m\u00fcsst selbst entscheiden, wann diese f\u00fcr Euch zu klein wird. Weiters entstehen dann auch scharfe Kanten, welche die Seile besch\u00e4digen k\u00f6nnen. Beispielsweise wenn ein Sturz gehalten werden muss. Ein Sicherungsger\u00e4t ist ein Gebrauchs und folglich Abnutzungsartikel. Wir empfehlen das Produkt regelm\u00e4\u00dfig zu inspizieren und es ggf. fr\u00fch genug auszuscheiden.<\/p>\n<p>Link Tipp: Das Sicherungsger\u00e4t gleich einweihen beim <a href=\"https:\/\/maltatal.rocks\" target=\"_blank\" rel=\"noopener noreferrer\">Sportklettern in K\u00e4rnten<\/a><\/p>\n","protected":false},"excerpt":{"rendered":"<p>Klassischer Tuber f\u00fcr Einfach oder Doppelseile.<\/p>\n<p>Versandkostenfrei bis 2kg in <img decoding=\"async\" class=\"emoji\" role=\"img\" draggable=\"false\" src=\"https:\/\/s.w.org\/images\/core\/emoji\/13.1.0\/svg\/1f1e6-1f1f9.svg\" alt=\"\ud83c\udde6\ud83c\uddf9\" \/> ab \u20ac 100,- und <img decoding=\"async\" class=\"emoji\" role=\"img\" draggable=\"false\" src=\"https:\/\/s.w.org\/images\/core\/emoji\/13.1.0\/svg\/1f1e9-1f1ea.svg\" alt=\"\ud83c\udde9\ud83c\uddea\" \/> ab \u20ac 200,-!<\/p>\n","protected":false},"featured_media":2363,"comment_status":"closed","ping_status":"closed","template":"","meta":[],"product_brand":[],"product_cat":[29,4651,14319,3711],"product_tag":[3465,264],"class_list":{"0":"post-2362","1":"product","2":"type-product","3":"status-publish","4":"has-post-thumbnail","6":"product_cat-kletterausruestung","7":"product_cat-kong","8":"product_cat-sale-klettern","9":"product_cat-sicherungsgeraete-klettern","10":"product_tag-kletterhalle","11":"product_tag-sportklettern","13":"first","14":"instock","15":"sale","16":"taxable","17":"shipping-taxable","18":"purchasable","19":"product-type-simple"},"yoast_head":"<!-- This site is optimized with the Yoast SEO Premium plugin v26.9 (Yoast SEO v26.9) - https:\/\/yoast.com\/product\/yoast-seo-premium-wordpress\/ -->\n<title>Kong Chuy Sicherungsger\u00e4t: f\u00fcr Einfach- und Doppelseile | bolting.eu<\/title>\n<meta name=\"description\" content=\"Hier findet Ihr das Kong Chuy Sicherungsger\u00e4t. Ein leichter Begleiter im Alpinsport mit dem man im Vorstieg und Nachstieg sichern + Abseilen kann!\" \/>\n<meta name=\"robots\" content=\"index, follow, max-snippet:-1, max-image-preview:large, max-video-preview:-1\" \/>\n<link rel=\"canonical\" href=\"https:\/\/bolting.eu\/en\/shop\/kong-chuy-sicherungsgeraet\/\" \/>\n<meta property=\"og:locale\" content=\"en_US\" \/>\n<meta property=\"og:type\" content=\"article\" \/>\n<meta property=\"og:title\" content=\"Kong Chuy Sicherungsger\u00e4t\" \/>\n<meta property=\"og:description\" content=\"Hier findet Ihr das Kong Chuy Sicherungsger\u00e4t. Ein leichter Begleiter im Alpinsport mit dem man im Vorstieg und Nachstieg sichern + Abseilen kann!\" \/>\n<meta property=\"og:url\" content=\"https:\/\/bolting.eu\/en\/shop\/kong-chuy-sicherungsgeraet\/\" \/>\n<meta property=\"og:site_name\" content=\"bolting.eu\" \/>\n<meta property=\"article:publisher\" content=\"https:\/\/www.facebook.com\/bolting.eu\" \/>\n<meta property=\"article:modified_time\" content=\"2025-07-25T10:11:51+00:00\" \/>\n<meta property=\"og:image\" content=\"https:\/\/bolting.eu\/wp-content\/uploads\/2020\/03\/Kong-Chuy-Sicherungsgeraet-1.jpg\" \/>\n\t<meta property=\"og:image:width\" content=\"700\" \/>\n\t<meta property=\"og:image:height\" content=\"700\" \/>\n\t<meta property=\"og:image:type\" content=\"image\/jpeg\" \/>\n<meta name=\"twitter:card\" content=\"summary_large_image\" \/>\n<meta name=\"twitter:label1\" content=\"Price\" \/>\n\t<meta name=\"twitter:data1\" content=\"&euro;&nbsp;12,90\" \/>\n\t<meta name=\"twitter:label2\" content=\"Availability\" \/>\n\t<meta name=\"twitter:data2\" content=\"In stock\" \/>\n<script type=\"application\/ld+json\" class=\"yoast-schema-graph\">{\"@context\":\"https:\/\/schema.org\",\"@graph\":[{\"@type\":[\"WebPage\",\"ItemPage\"],\"@id\":\"https:\/\/bolting.eu\/en\/shop\/kong-chuy-sicherungsgeraet\/\",\"url\":\"https:\/\/bolting.eu\/en\/shop\/kong-chuy-sicherungsgeraet\/\",\"name\":\"Kong Chuy Sicherungsger\u00e4t: f\u00fcr Einfach- und Doppelseile | bolting.eu\",\"isPartOf\":{\"@id\":\"https:\/\/bolting.eu\/en\/#website\"},\"primaryImageOfPage\":{\"@id\":\"https:\/\/bolting.eu\/en\/shop\/kong-chuy-sicherungsgeraet\/#primaryimage\"},\"image\":{\"@id\":\"https:\/\/bolting.eu\/en\/shop\/kong-chuy-sicherungsgeraet\/#primaryimage\"},\"thumbnailUrl\":\"https:\/\/bolting.eu\/wp-content\/uploads\/2020\/03\/Kong-Chuy-Sicherungsgeraet-1.jpg\",\"datePublished\":\"2020-03-20T09:45:03+00:00\",\"dateModified\":\"2025-07-25T10:11:51+00:00\",\"description\":\"Hier findet Ihr das Kong Chuy Sicherungsger\u00e4t. Ein leichter Begleiter im Alpinsport mit dem man im Vorstieg und Nachstieg sichern + Abseilen kann!\",\"breadcrumb\":{\"@id\":\"https:\/\/bolting.eu\/en\/shop\/kong-chuy-sicherungsgeraet\/#breadcrumb\"},\"inLanguage\":\"en-US\",\"potentialAction\":[{\"@type\":\"ReadAction\",\"target\":[\"https:\/\/bolting.eu\/en\/shop\/kong-chuy-sicherungsgeraet\/\"]}]},{\"@type\":\"ImageObject\",\"inLanguage\":\"en-US\",\"@id\":\"https:\/\/bolting.eu\/en\/shop\/kong-chuy-sicherungsgeraet\/#primaryimage\",\"url\":\"https:\/\/bolting.eu\/wp-content\/uploads\/2020\/03\/Kong-Chuy-Sicherungsgeraet-1.jpg\",\"contentUrl\":\"https:\/\/bolting.eu\/wp-content\/uploads\/2020\/03\/Kong-Chuy-Sicherungsgeraet-1.jpg\",\"width\":700,\"height\":700,\"caption\":\"Das Bild zeigt ein blaues Kong Chuy Sicherungsger\u00e4t. Der Tuber steht aufrecht im Bild mit dem Metallteil nach oben und dem Befestigungsring nach unten.\"},{\"@type\":\"BreadcrumbList\",\"@id\":\"https:\/\/bolting.eu\/en\/shop\/kong-chuy-sicherungsgeraet\/#breadcrumb\",\"itemListElement\":[{\"@type\":\"ListItem\",\"position\":1,\"name\":\"Shop\",\"item\":\"https:\/\/bolting.eu\/en\/shop\/\"},{\"@type\":\"ListItem\",\"position\":2,\"name\":\"climbing equipment\",\"item\":\"https:\/\/bolting.eu\/en\/produkt-kategorie\/climbing-equipment\/\"},{\"@type\":\"ListItem\",\"position\":3,\"name\":\"Sicherungsger\u00e4te Klettern\",\"item\":\"https:\/\/bolting.eu\/produkt-kategorie\/kletterausruestung\/sicherungsgeraete-klettern\/\"},{\"@type\":\"ListItem\",\"position\":4,\"name\":\"Kong Chuy Sicherungsger\u00e4t\"}]},{\"@type\":\"WebSite\",\"@id\":\"https:\/\/bolting.eu\/en\/#website\",\"url\":\"https:\/\/bolting.eu\/en\/\",\"name\":\"bolting.eu\",\"description\":\"we make climbs happen\",\"publisher\":{\"@id\":\"https:\/\/bolting.eu\/en\/#organization\"},\"potentialAction\":[{\"@type\":\"SearchAction\",\"target\":{\"@type\":\"EntryPoint\",\"urlTemplate\":\"https:\/\/bolting.eu\/en\/?s={search_term_string}\"},\"query-input\":{\"@type\":\"PropertyValueSpecification\",\"valueRequired\":true,\"valueName\":\"search_term_string\"}}],\"inLanguage\":\"en-US\"},{\"@type\":[\"Organization\",\"Place\",\"SportingGoodsStore\"],\"@id\":\"https:\/\/bolting.eu\/en\/#organization\",\"name\":\"bolting.eu\",\"url\":\"https:\/\/bolting.eu\/en\/\",\"logo\":{\"@id\":\"https:\/\/bolting.eu\/en\/shop\/kong-chuy-sicherungsgeraet\/#local-main-organization-logo\"},\"image\":{\"@id\":\"https:\/\/bolting.eu\/en\/shop\/kong-chuy-sicherungsgeraet\/#local-main-organization-logo\"},\"sameAs\":[\"https:\/\/www.facebook.com\/bolting.eu\",\"https:\/\/www.instagram.com\/bolting.eu\/\"],\"address\":{\"@id\":\"https:\/\/bolting.eu\/en\/shop\/kong-chuy-sicherungsgeraet\/#local-main-place-address\"},\"geo\":{\"@type\":\"GeoCoordinates\",\"latitude\":\"47.264176340396226\",\"longitude\":\"11.380109057672346\"},\"telephone\":[\"+43 699 19083372\"],\"openingHoursSpecification\":[{\"@type\":\"OpeningHoursSpecification\",\"dayOfWeek\":[\"Monday\",\"Wednesday\",\"Friday\"],\"opens\":\"14:00\",\"closes\":\"18:00\"},{\"@type\":\"OpeningHoursSpecification\",\"dayOfWeek\":[\"Tuesday\",\"Thursday\",\"Saturday\",\"Sunday\"],\"opens\":\"00:00\",\"closes\":\"00:00\"}],\"email\":\"office@bolting.eu\",\"vatID\":\"ATU59999728\",\"priceRange\":\"$$\",\"currenciesAccepted\":\"Euro\"},{\"@type\":\"PostalAddress\",\"@id\":\"https:\/\/bolting.eu\/en\/shop\/kong-chuy-sicherungsgeraet\/#local-main-place-address\",\"streetAddress\":\"Fischnalerstra\u00dfe 4\",\"addressLocality\":\"Innsbruck\",\"postalCode\":\"6020\",\"addressRegion\":\"Tirol\",\"addressCountry\":\"AT\"},{\"@type\":\"ImageObject\",\"inLanguage\":\"en-US\",\"@id\":\"https:\/\/bolting.eu\/en\/shop\/kong-chuy-sicherungsgeraet\/#local-main-organization-logo\",\"url\":\"https:\/\/bolting.eu\/wp-content\/uploads\/2019\/09\/bolting-logo.png\",\"contentUrl\":\"https:\/\/bolting.eu\/wp-content\/uploads\/2019\/09\/bolting-logo.png\",\"width\":400,\"height\":211,\"caption\":\"bolting.eu\"}]}<\/script>\n<meta property=\"product:price:amount\" content=\"12.90\" \/>\n<meta property=\"product:price:currency\" content=\"EUR\" \/>\n<meta property=\"og:availability\" content=\"instock\" \/>\n<meta property=\"product:availability\" content=\"instock\" \/>\n<meta property=\"product:retailer_item_id\" content=\"940B00400KK\" \/>\n<meta property=\"product:condition\" content=\"new\" \/>\n<meta name=\"geo.placename\" content=\"Innsbruck\" \/>\n<meta name=\"geo.position\" content=\"47.264176340396226;11.380109057672346\" \/>\n<meta name=\"geo.region\" content=\"Austria\" \/>\n<!-- \/ Yoast SEO Premium plugin. -->","yoast_head_json":{"title":"Kong Chuy Sicherungsger\u00e4t: f\u00fcr Einfach- und Doppelseile | bolting.eu","description":"Hier findet Ihr das Kong Chuy Sicherungsger\u00e4t. Ein leichter Begleiter im Alpinsport mit dem man im Vorstieg und Nachstieg sichern + Abseilen kann!","robots":{"index":"index","follow":"follow","max-snippet":"max-snippet:-1","max-image-preview":"max-image-preview:large","max-video-preview":"max-video-preview:-1"},"canonical":"https:\/\/bolting.eu\/en\/shop\/kong-chuy-sicherungsgeraet\/","og_locale":"en_US","og_type":"article","og_title":"Kong Chuy Sicherungsger\u00e4t","og_description":"Hier findet Ihr das Kong Chuy Sicherungsger\u00e4t. Ein leichter Begleiter im Alpinsport mit dem man im Vorstieg und Nachstieg sichern + Abseilen kann!","og_url":"https:\/\/bolting.eu\/en\/shop\/kong-chuy-sicherungsgeraet\/","og_site_name":"bolting.eu","article_publisher":"https:\/\/www.facebook.com\/bolting.eu","article_modified_time":"2025-07-25T10:11:51+00:00","og_image":[{"width":700,"height":700,"url":"https:\/\/bolting.eu\/wp-content\/uploads\/2020\/03\/Kong-Chuy-Sicherungsgeraet-1.jpg","type":"image\/jpeg"}],"twitter_card":"summary_large_image","twitter_misc":{"Price":"&euro;&nbsp;12,90","Availability":"In stock"},"schema":{"@context":"https:\/\/schema.org","@graph":[{"@type":["WebPage","ItemPage"],"@id":"https:\/\/bolting.eu\/en\/shop\/kong-chuy-sicherungsgeraet\/","url":"https:\/\/bolting.eu\/en\/shop\/kong-chuy-sicherungsgeraet\/","name":"Kong Chuy Sicherungsger\u00e4t: f\u00fcr Einfach- und Doppelseile | bolting.eu","isPartOf":{"@id":"https:\/\/bolting.eu\/en\/#website"},"primaryImageOfPage":{"@id":"https:\/\/bolting.eu\/en\/shop\/kong-chuy-sicherungsgeraet\/#primaryimage"},"image":{"@id":"https:\/\/bolting.eu\/en\/shop\/kong-chuy-sicherungsgeraet\/#primaryimage"},"thumbnailUrl":"https:\/\/bolting.eu\/wp-content\/uploads\/2020\/03\/Kong-Chuy-Sicherungsgeraet-1.jpg","datePublished":"2020-03-20T09:45:03+00:00","dateModified":"2025-07-25T10:11:51+00:00","description":"Hier findet Ihr das Kong Chuy Sicherungsger\u00e4t. Ein leichter Begleiter im Alpinsport mit dem man im Vorstieg und Nachstieg sichern + Abseilen kann!","breadcrumb":{"@id":"https:\/\/bolting.eu\/en\/shop\/kong-chuy-sicherungsgeraet\/#breadcrumb"},"inLanguage":"en-US","potentialAction":[{"@type":"ReadAction","target":["https:\/\/bolting.eu\/en\/shop\/kong-chuy-sicherungsgeraet\/"]}]},{"@type":"ImageObject","inLanguage":"en-US","@id":"https:\/\/bolting.eu\/en\/shop\/kong-chuy-sicherungsgeraet\/#primaryimage","url":"https:\/\/bolting.eu\/wp-content\/uploads\/2020\/03\/Kong-Chuy-Sicherungsgeraet-1.jpg","contentUrl":"https:\/\/bolting.eu\/wp-content\/uploads\/2020\/03\/Kong-Chuy-Sicherungsgeraet-1.jpg","width":700,"height":700,"caption":"Das Bild zeigt ein blaues Kong Chuy Sicherungsger\u00e4t. Der Tuber steht aufrecht im Bild mit dem Metallteil nach oben und dem Befestigungsring nach unten."},{"@type":"BreadcrumbList","@id":"https:\/\/bolting.eu\/en\/shop\/kong-chuy-sicherungsgeraet\/#breadcrumb","itemListElement":[{"@type":"ListItem","position":1,"name":"Shop","item":"https:\/\/bolting.eu\/en\/shop\/"},{"@type":"ListItem","position":2,"name":"climbing equipment","item":"https:\/\/bolting.eu\/en\/produkt-kategorie\/climbing-equipment\/"},{"@type":"ListItem","position":3,"name":"Sicherungsger\u00e4te Klettern","item":"https:\/\/bolting.eu\/produkt-kategorie\/kletterausruestung\/sicherungsgeraete-klettern\/"},{"@type":"ListItem","position":4,"name":"Kong Chuy Sicherungsger\u00e4t"}]},{"@type":"WebSite","@id":"https:\/\/bolting.eu\/en\/#website","url":"https:\/\/bolting.eu\/en\/","name":"bolting.eu","description":"we make climbs happen","publisher":{"@id":"https:\/\/bolting.eu\/en\/#organization"},"potentialAction":[{"@type":"SearchAction","target":{"@type":"EntryPoint","urlTemplate":"https:\/\/bolting.eu\/en\/?s={search_term_string}"},"query-input":{"@type":"PropertyValueSpecification","valueRequired":true,"valueName":"search_term_string"}}],"inLanguage":"en-US"},{"@type":["Organization","Place","SportingGoodsStore"],"@id":"https:\/\/bolting.eu\/en\/#organization","name":"bolting.eu","url":"https:\/\/bolting.eu\/en\/","logo":{"@id":"https:\/\/bolting.eu\/en\/shop\/kong-chuy-sicherungsgeraet\/#local-main-organization-logo"},"image":{"@id":"https:\/\/bolting.eu\/en\/shop\/kong-chuy-sicherungsgeraet\/#local-main-organization-logo"},"sameAs":["https:\/\/www.facebook.com\/bolting.eu","https:\/\/www.instagram.com\/bolting.eu\/"],"address":{"@id":"https:\/\/bolting.eu\/en\/shop\/kong-chuy-sicherungsgeraet\/#local-main-place-address"},"geo":{"@type":"GeoCoordinates","latitude":"47.264176340396226","longitude":"11.380109057672346"},"telephone":["+43 699 19083372"],"openingHoursSpecification":[{"@type":"OpeningHoursSpecification","dayOfWeek":["Monday","Wednesday","Friday"],"opens":"14:00","closes":"18:00"},{"@type":"OpeningHoursSpecification","dayOfWeek":["Tuesday","Thursday","Saturday","Sunday"],"opens":"00:00","closes":"00:00"}],"email":"office@bolting.eu","vatID":"ATU59999728","priceRange":"$$","currenciesAccepted":"Euro"},{"@type":"PostalAddress","@id":"https:\/\/bolting.eu\/en\/shop\/kong-chuy-sicherungsgeraet\/#local-main-place-address","streetAddress":"Fischnalerstra\u00dfe 4","addressLocality":"Innsbruck","postalCode":"6020","addressRegion":"Tirol","addressCountry":"AT"},{"@type":"ImageObject","inLanguage":"en-US","@id":"https:\/\/bolting.eu\/en\/shop\/kong-chuy-sicherungsgeraet\/#local-main-organization-logo","url":"https:\/\/bolting.eu\/wp-content\/uploads\/2019\/09\/bolting-logo.png","contentUrl":"https:\/\/bolting.eu\/wp-content\/uploads\/2019\/09\/bolting-logo.png","width":400,"height":211,"caption":"bolting.eu"}]},"product_price_amount":"12.90","product_price_currency":"EUR","og_availability":"instock","product_availability":"instock","product_retailer_item_id":"940B00400KK","product_condition":"new","geo.placename":"Innsbruck","geo.position":{"lat":"47.264176340396226","long":"11.380109057672346"},"geo.region":"Austria"},"_links":{"self":[{"href":"https:\/\/bolting.eu\/en\/wp-json\/wp\/v2\/product\/2362","targetHints":{"allow":["GET"]}}],"collection":[{"href":"https:\/\/bolting.eu\/en\/wp-json\/wp\/v2\/product"}],"about":[{"href":"https:\/\/bolting.eu\/en\/wp-json\/wp\/v2\/types\/product"}],"replies":[{"embeddable":true,"href":"https:\/\/bolting.eu\/en\/wp-json\/wp\/v2\/comments?post=2362"}],"wp:featuredmedia":[{"embeddable":true,"href":"https:\/\/bolting.eu\/en\/wp-json\/wp\/v2\/media\/2363"}],"wp:attachment":[{"href":"https:\/\/bolting.eu\/en\/wp-json\/wp\/v2\/media?parent=2362"}],"wp:term":[{"taxonomy":"product_brand","embeddable":true,"href":"https:\/\/bolting.eu\/en\/wp-json\/wp\/v2\/product_brand?post=2362"},{"taxonomy":"product_cat","embeddable":true,"href":"https:\/\/bolting.eu\/en\/wp-json\/wp\/v2\/product_cat?post=2362"},{"taxonomy":"product_tag","embeddable":true,"href":"https:\/\/bolting.eu\/en\/wp-json\/wp\/v2\/product_tag?post=2362"}],"curies":[{"name":"wp","href":"https:\/\/api.w.org\/{rel}","templated":true}]}}