{"id":2328,"date":"2020-03-20T10:12:42","date_gmt":"2020-03-20T09:12:42","guid":{"rendered":"https:\/\/bolting.eu\/?post_type=product&#038;p=2328"},"modified":"2025-07-12T18:38:54","modified_gmt":"2025-07-12T16:38:54","slug":"metolius-friends-ultralight-master-cam","status":"publish","type":"product","link":"https:\/\/bolting.eu\/en\/shop\/metolius-friends-ultralight-master-cam\/","title":{"rendered":"Metolius Friends Ultralight Master Cam"},"content":{"rendered":"<p>Der Metolius Friends Ultralight Master Cam ist ein perfektes Klemmger\u00e4t. Wir haben den Cam selbst schon jahrelang beim Trad Klettern, Big Wall Klettern und Alpinrouten im Einsatz und sind begeistert!<\/p>\n<p>Wieso dieser Friend so beliebt ist? Erstens sein geringes Gewicht. Die Klemmger\u00e4te bringen gerade einmal 45 Gramm bis 129 Gramm auf die Waage. Deshalb sollten die Cams in keiner <a href=\"https:\/\/bolting.eu\/produkt-kategorie\/big-wall-ausruestung\/\">Big Wall Ausr\u00fcstung<\/a> fehlen.\u00a0 Zweitens sind die CNC gefr\u00e4sten Klemmnocken super scharf und &#8220;bei\u00dfen&#8221; auch in weichem Fels wie Sandstein perfekt. Drittens ist die Geometrie des Kopfes so gestaltet, dass die Friends im Riss super stabil liegen. Viertens ist die 11mm Dyneema <a href=\"https:\/\/bolting.eu\/produkt-kategorie\/bandschlinge\/\">Bandschlinge<\/a> super langlebig.<\/p>\n<h3>Video Metolius Friends Ultralight Master Cam<\/h3>\n<p>Yosemite Ikone und Trad Spezialistin Beth Rodden stellt euch im folgenden Video die Cams n\u00e4her vor:<\/p>\n<p><iframe loading=\"lazy\" src=\"https:\/\/www.youtube.com\/embed\/I_YK6UoqQg8\" width=\"100%\" height=\"450\" frameborder=\"0\" allowfullscreen=\"allowfullscreen\"><span data-mce-type=\"bookmark\" style=\"display: inline-block; width: 0px; overflow: hidden; line-height: 0;\" class=\"mce_SELRES_start\">\ufeff<\/span><\/iframe><\/p>\n<p>&nbsp;<\/p>\n<h3>Eigenschaften Metolius Friends Ultralight Master Cam<\/h3>\n<ul>\n<li>Hersteller: Metolius Climbing<\/li>\n<li><strong>10 Gr\u00f6\u00dfen:<\/strong> 00-0-1-2-3-4-5-6-7-8<\/li>\n<li>Gewicht: 45 Gramm bis 129 Gramm (siehe Tabelle)<\/li>\n<li>CNC gefr\u00e4ste Klemmsegmente aus Edelstahl<\/li>\n<li>super Ergonomie -liegt perfekt in der Hand<\/li>\n<li>Range Finder Markierung &#8211; zeigt wie gut Cam sitzt<\/li>\n<li>CE + UIAA zertifiziert<\/li>\n<li>jeder Cam einzeln getestet<\/li>\n<\/ul>\n<p>Lest Euch bitte die <a href=\"https:\/\/bolting.eu\/wp-content\/uploads\/2020\/03\/Cam-Manual.pdf\">Bedienungsanleitung<\/a> aufmerksam durch!<\/p>\n<h3>Gr\u00f6\u00dfentabelle Metolius Friends Ultralight Master Cam<\/h3>\n<table class=\"table table-hover alignleft\" border=\"0\" cellspacing=\"0\" cellpadding=\"0\" align=\"center\">\n<tbody>\n<tr class=\"table_header\">\n<td>Gr\u00f6\u00dfe<\/td>\n<td>Rissbreite<\/td>\n<td>Bruchlast<\/td>\n<td>Gewicht<\/td>\n<\/tr>\n<tr>\n<td>*00<br \/>\n<span class=\"buy_button\">Grau<\/span><\/td>\n<td>0.34 &#8211; 0.47&#8243;<br \/>\n8.5 &#8211; 12.0 mm<\/td>\n<td>640kg<br \/>\n5 kN<\/td>\n<td>45 g<\/td>\n<\/tr>\n<tr>\n<td>*0<br \/>\nViolett<\/td>\n<td>0.39 &#8211; 0.59&#8243;<br \/>\n10.0 &#8211; 15.0 mm<\/td>\n<td>640kg<br \/>\n5 kN<\/td>\n<td>45 g<\/td>\n<\/tr>\n<tr>\n<td>*1<br \/>\nBlau<\/td>\n<td>0.49 &#8211; 0.71&#8243;<br \/>\n12.5 &#8211; 18.0 mm<\/td>\n<td>1020 kg<br \/>\n8 kN<\/td>\n<td>52 g<\/td>\n<\/tr>\n<tr>\n<td>2<br \/>\nGelb<\/td>\n<td>0.62 &#8211; 0.89&#8243;<br \/>\n15.5 &#8211; 22.5 mm<\/td>\n<td>1250 kg<br \/>\n10 kN<\/td>\n<td>55 g<\/td>\n<\/tr>\n<tr>\n<td>3<br \/>\nOrange<\/td>\n<td>0.74 &#8211; 1.04&#8243;<br \/>\n18.5 &#8211; 26.5 mm<\/td>\n<td>1250 kg<br \/>\n10 kN<\/td>\n<td>65 g<\/td>\n<\/tr>\n<tr>\n<td>4<br \/>\nRot<\/td>\n<td>0.93 &#8211; 1.32&#8243;<br \/>\n23.5 &#8211; 33.5 mm<\/td>\n<td>1250 kg<br \/>\n10 kN<\/td>\n<td>75 g<\/td>\n<\/tr>\n<tr>\n<td>5<br \/>\nSchwarz<\/td>\n<td>1.01 &#8211; 1.56&#8243;<br \/>\n28.0 &#8211; 39.5 mm<\/td>\n<td>1250 kg<br \/>\n10 kN<\/td>\n<td>85 g<\/td>\n<\/tr>\n<tr>\n<td>6<br \/>\nGr\u00fcn<\/td>\n<td>1.28 &#8211; 1.89&#8243;<br \/>\n32.5 &#8211; 48.0 mm<\/td>\n<td>1250 kg<br \/>\n10 kN<\/td>\n<td>96 g<\/td>\n<\/tr>\n<tr>\n<td>7<br \/>\nHellblau<\/td>\n<td>1.57 &#8211; 2.26&#8243;<br \/>\n40.0 &#8211; 57.5 mm<\/td>\n<td>1250 kg<br \/>\n10 kN<\/td>\n<td>112 g<\/td>\n<\/tr>\n<tr>\n<td>8<br \/>\nViolett<\/td>\n<td>1.91 &#8211; 2.81&#8243;<br \/>\n48.5 &#8211; 71.5 mm<\/td>\n<td>1250 kg<br \/>\n10 kN<\/td>\n<td>129 g<\/td>\n<\/tr>\n<tr>\n<td colspan=\"4\">* Range Finder nur bei Gr\u00f6\u00dfen #2 &#8211; 8<\/td>\n<\/tr>\n<\/tbody>\n<\/table>\n<p>&nbsp;<\/p>\n<h3><\/h3>\n<h3><\/h3>\n<h3><\/h3>\n<h3><\/h3>\n<h3><\/h3>\n<h3><\/h3>\n<h3><\/h3>\n<h3><\/h3>\n<h3><\/h3>\n<h3><\/h3>\n<h3>Praxis Tipp<\/h3>\n<figure id=\"attachment_2337\" aria-describedby=\"caption-attachment-2337\" style=\"width: 602px\" class=\"wp-caption alignleft\"><a href=\"https:\/\/bolting.eu\/wp-content\/uploads\/2020\/03\/Metolius-Friends.jpg\"><img loading=\"lazy\" decoding=\"async\" class=\"wp-image-2337 size-medium\" src=\"https:\/\/bolting.eu\/wp-content\/uploads\/2020\/03\/Metolius-Friends-602x400.jpg\" alt=\"Das Bild zeigt einen Kletterer der an einer Felskante h\u00e4ngt. Er hat die F\u00fc\u00dfe voraus an die Dachkante geh\u00e4ngt und ist von seiner rechten K\u00f6rperseite aus zu sehen. Er tr\u00e4gt wei\u00dfe Tape Handschuhe und klippt gerade einen Karabiner.\" width=\"602\" height=\"400\" srcset=\"https:\/\/bolting.eu\/wp-content\/uploads\/2020\/03\/Metolius-Friends-602x400.jpg 602w, https:\/\/bolting.eu\/wp-content\/uploads\/2020\/03\/Metolius-Friends-510x339.jpg 510w, https:\/\/bolting.eu\/wp-content\/uploads\/2020\/03\/Metolius-Friends-768x511.jpg 768w, https:\/\/bolting.eu\/wp-content\/uploads\/2020\/03\/Metolius-Friends-600x399.jpg 600w, https:\/\/bolting.eu\/wp-content\/uploads\/2020\/03\/Metolius-Friends.jpg 800w\" sizes=\"auto, (max-width: 602px) 100vw, 602px\" \/><\/a><figcaption id=\"caption-attachment-2337\" class=\"wp-caption-text\">Die Metolius Friends in &#8220;Separate Reality&#8221; im Yosemite im Einsatz!<\/figcaption><\/figure>\n<p>Wir haben selbst jahrelange Erfahrung beim Trad Klettern und bei Big Walls. unserer Erfahrung nach sind es vor allem die kleinen Gr\u00f6\u00dfen der Metolius Friends Ultralight Master Cam die ein Rack aufwerten. Wir empfehlen Euch einen Satz der Gr\u00f6\u00dfen 00-2 sowie einen Satz Aliens bis zur Farbe Rot. Unserer Meinung nach sind diese kleinen Cams den Camalot C3\u00b4s vorzuziehen.<\/p>\n<p>Wieso? Die C3\u00b4s haben eine andere Geometrie. Sie lassen sich einfach nicht so solide setzen und sind auch f\u00fcr Pin Scars nicht richtig geeignet. Zudem ist ihr Kabel-Stamm manchmal zu steif und kann nicht gut bei horizontalen Placements verwendet werden.<\/p>\n<p><a href=\"https:\/\/bolting.eu\/wp-content\/uploads\/2020\/03\/Cam-Manual.pdf\">Bedienungsanleitung Metolius Cams<\/a><\/p>\n<h3>Wartung<\/h3>\n<p>Eure Metolius Friends Ultralight Master Cam solltet ihr regelm\u00e4\u00dfig warten. Reinigt deshalb Eure Klemmger\u00e4te regelm\u00e4\u00dfig und sorgsam. Erstens mit lauwarmen Wasser abwaschen. Zweitens den Schmutz durch \u201eAufschlagen\u201c in der Hand herausl\u00f6sen. Drittens an der Luft trocknen lassen. Viertens mit einem <a href=\"https:\/\/bolting.eu\/shop\/kong-kletterausruestung-pflegeoel\/\">Karabiner Pflege\u00f6l<\/a> einschmieren. So gleiten die Klemmsegmente reibungslos und die Federn bleiben geschmeidigt.<\/p>\n<p>Unser Link Tipp: <a href=\"https:\/\/www.metoliusclimbing.com\/cam-care-and-maintenance.html\" target=\"_blank\" rel=\"noopener noreferrer\">Wartungsempfehlungen<\/a> von Metolius f\u00fcr Eure Friends (auf Englisch)<\/p>\n","protected":false},"excerpt":{"rendered":"<ul>\n<li>Hersteller: Metolius Climbing<\/li>\n<li><strong>10 Gr\u00f6\u00dfen:<\/strong> 00-0-1-2-3-4-5-6-7-8<\/li>\n<li>Gewicht: 45 Gramm bis 129 Gramm (siehe Tabelle)<\/li>\n<li>CNC gefr\u00e4ste Klemmsegmente aus Edelstahl<\/li>\n<li>super Ergonomie -liegt perfekt in der Hand<\/li>\n<li>Range Finder Markierung &#8211; zeigt wie gut Cam sitzt<\/li>\n<li>CE + UIAA zertifiziert<\/li>\n<li>jeder Cam einzeln getestet<\/li>\n<\/ul>\n<p>Lest Euch bitte die <a href=\"https:\/\/bolting.eu\/wp-content\/uploads\/2020\/03\/Cam-Manual.pdf\">Bedienungsanleitung<\/a> aufmerksam durch!<\/p>\n","protected":false},"featured_media":2438,"comment_status":"closed","ping_status":"closed","template":"","meta":[],"product_brand":[],"product_cat":[31,39,29,4657,14319],"product_tag":[262,265,4164],"class_list":{"0":"post-2328","1":"product","2":"type-product","3":"status-publish","4":"has-post-thumbnail","6":"product_cat-big-wall-ausruestung","7":"product_cat-klemmgeraete-friends","8":"product_cat-kletterausruestung","9":"product_cat-metolius","10":"product_cat-sale-klettern","11":"product_tag-alpinklettern","12":"product_tag-big-wall-klettern","13":"product_tag-trad-klettern","15":"first","16":"instock","17":"sale","18":"taxable","19":"shipping-taxable","20":"purchasable","21":"product-type-variable"},"yoast_head":"<!-- This site is optimized with the Yoast SEO Premium plugin v26.9 (Yoast SEO v26.9) - https:\/\/yoast.com\/product\/yoast-seo-premium-wordpress\/ -->\n<title>Metolius Friends Ultralight Master Cam | bolting.eu<\/title>\n<meta name=\"description\" content=\"Hier findet Ihr den Metolius Friends Ultralight Master Cam. Einen super leichten Friend in 10 Gr\u00f6\u00dfen mit dem genialen Range Finder System!\" \/>\n<meta name=\"robots\" content=\"index, follow, max-snippet:-1, max-image-preview:large, max-video-preview:-1\" \/>\n<link rel=\"canonical\" href=\"https:\/\/bolting.eu\/en\/shop\/metolius-friends-ultralight-master-cam\/\" \/>\n<meta property=\"og:locale\" content=\"en_US\" \/>\n<meta property=\"og:type\" content=\"article\" \/>\n<meta property=\"og:title\" content=\"Metolius Friends Ultralight Master Cam\" \/>\n<meta property=\"og:description\" content=\"Hier findet Ihr den Metolius Friends Ultralight Master Cam. Einen super leichten Friend in 10 Gr\u00f6\u00dfen mit dem genialen Range Finder System!\" \/>\n<meta property=\"og:url\" content=\"https:\/\/bolting.eu\/en\/shop\/metolius-friends-ultralight-master-cam\/\" \/>\n<meta property=\"og:site_name\" content=\"bolting.eu\" \/>\n<meta property=\"article:publisher\" content=\"https:\/\/www.facebook.com\/bolting.eu\" \/>\n<meta property=\"article:modified_time\" content=\"2025-07-12T16:38:54+00:00\" \/>\n<meta property=\"og:image\" content=\"https:\/\/bolting.eu\/wp-content\/uploads\/2020\/03\/Metolius-Cams-Ultralight-Master-Cam-Set.jpg\" \/>\n\t<meta property=\"og:image:width\" content=\"700\" \/>\n\t<meta property=\"og:image:height\" content=\"700\" \/>\n\t<meta property=\"og:image:type\" content=\"image\/jpeg\" \/>\n<meta name=\"twitter:card\" content=\"summary_large_image\" \/>\n<meta name=\"twitter:label1\" content=\"Availability\" \/>\n\t<meta name=\"twitter:data1\" content=\"In stock\" \/>\n<script type=\"application\/ld+json\" class=\"yoast-schema-graph\">{\"@context\":\"https:\/\/schema.org\",\"@graph\":[{\"@type\":[\"WebPage\",\"ItemPage\"],\"@id\":\"https:\/\/bolting.eu\/en\/shop\/metolius-friends-ultralight-master-cam\/\",\"url\":\"https:\/\/bolting.eu\/en\/shop\/metolius-friends-ultralight-master-cam\/\",\"name\":\"Metolius Friends Ultralight Master Cam | bolting.eu\",\"isPartOf\":{\"@id\":\"https:\/\/bolting.eu\/en\/#website\"},\"primaryImageOfPage\":{\"@id\":\"https:\/\/bolting.eu\/en\/shop\/metolius-friends-ultralight-master-cam\/#primaryimage\"},\"image\":{\"@id\":\"https:\/\/bolting.eu\/en\/shop\/metolius-friends-ultralight-master-cam\/#primaryimage\"},\"thumbnailUrl\":\"https:\/\/bolting.eu\/wp-content\/uploads\/2020\/03\/Metolius-Cams-Ultralight-Master-Cam-Set.jpg\",\"datePublished\":\"2020-03-20T09:12:42+00:00\",\"dateModified\":\"2025-07-12T16:38:54+00:00\",\"description\":\"Hier findet Ihr den Metolius Friends Ultralight Master Cam. Einen super leichten Friend in 10 Gr\u00f6\u00dfen mit dem genialen Range Finder System!\",\"breadcrumb\":{\"@id\":\"https:\/\/bolting.eu\/en\/shop\/metolius-friends-ultralight-master-cam\/#breadcrumb\"},\"inLanguage\":\"en-US\",\"potentialAction\":[{\"@type\":\"ReadAction\",\"target\":[\"https:\/\/bolting.eu\/en\/shop\/metolius-friends-ultralight-master-cam\/\"]}]},{\"@type\":\"ImageObject\",\"inLanguage\":\"en-US\",\"@id\":\"https:\/\/bolting.eu\/en\/shop\/metolius-friends-ultralight-master-cam\/#primaryimage\",\"url\":\"https:\/\/bolting.eu\/wp-content\/uploads\/2020\/03\/Metolius-Cams-Ultralight-Master-Cam-Set.jpg\",\"contentUrl\":\"https:\/\/bolting.eu\/wp-content\/uploads\/2020\/03\/Metolius-Cams-Ultralight-Master-Cam-Set.jpg\",\"width\":700,\"height\":700,\"caption\":\"Das Bild zeigt ein Set der Metolius Friends Ultralight Master Cams. Die 10 Klemmger\u00e4te stehen senkrecht im Bildmit den Klemmsegmenten nach oben.\"},{\"@type\":\"BreadcrumbList\",\"@id\":\"https:\/\/bolting.eu\/en\/shop\/metolius-friends-ultralight-master-cam\/#breadcrumb\",\"itemListElement\":[{\"@type\":\"ListItem\",\"position\":1,\"name\":\"Shop\",\"item\":\"https:\/\/bolting.eu\/en\/shop\/\"},{\"@type\":\"ListItem\",\"position\":2,\"name\":\"climbing equipment\",\"item\":\"https:\/\/bolting.eu\/en\/produkt-kategorie\/climbing-equipment\/\"},{\"@type\":\"ListItem\",\"position\":3,\"name\":\"Klemmger\u00e4te - Friends\",\"item\":\"https:\/\/bolting.eu\/produkt-kategorie\/kletterausruestung\/klemmgeraete-friends\/\"},{\"@type\":\"ListItem\",\"position\":4,\"name\":\"Metolius Friends Ultralight Master Cam\"}]},{\"@type\":\"WebSite\",\"@id\":\"https:\/\/bolting.eu\/en\/#website\",\"url\":\"https:\/\/bolting.eu\/en\/\",\"name\":\"bolting.eu\",\"description\":\"we make climbs happen\",\"publisher\":{\"@id\":\"https:\/\/bolting.eu\/en\/#organization\"},\"potentialAction\":[{\"@type\":\"SearchAction\",\"target\":{\"@type\":\"EntryPoint\",\"urlTemplate\":\"https:\/\/bolting.eu\/en\/?s={search_term_string}\"},\"query-input\":{\"@type\":\"PropertyValueSpecification\",\"valueRequired\":true,\"valueName\":\"search_term_string\"}}],\"inLanguage\":\"en-US\"},{\"@type\":[\"Organization\",\"Place\",\"SportingGoodsStore\"],\"@id\":\"https:\/\/bolting.eu\/en\/#organization\",\"name\":\"bolting.eu\",\"url\":\"https:\/\/bolting.eu\/en\/\",\"logo\":{\"@id\":\"https:\/\/bolting.eu\/en\/shop\/metolius-friends-ultralight-master-cam\/#local-main-organization-logo\"},\"image\":{\"@id\":\"https:\/\/bolting.eu\/en\/shop\/metolius-friends-ultralight-master-cam\/#local-main-organization-logo\"},\"sameAs\":[\"https:\/\/www.facebook.com\/bolting.eu\",\"https:\/\/www.instagram.com\/bolting.eu\/\"],\"address\":{\"@id\":\"https:\/\/bolting.eu\/en\/shop\/metolius-friends-ultralight-master-cam\/#local-main-place-address\"},\"geo\":{\"@type\":\"GeoCoordinates\",\"latitude\":\"47.264176340396226\",\"longitude\":\"11.380109057672346\"},\"telephone\":[\"+43 699 19083372\"],\"openingHoursSpecification\":[{\"@type\":\"OpeningHoursSpecification\",\"dayOfWeek\":[\"Monday\",\"Wednesday\",\"Friday\"],\"opens\":\"14:00\",\"closes\":\"18:00\"},{\"@type\":\"OpeningHoursSpecification\",\"dayOfWeek\":[\"Tuesday\",\"Thursday\",\"Saturday\",\"Sunday\"],\"opens\":\"00:00\",\"closes\":\"00:00\"}],\"email\":\"office@bolting.eu\",\"vatID\":\"ATU59999728\",\"priceRange\":\"$$\",\"currenciesAccepted\":\"Euro\"},{\"@type\":\"PostalAddress\",\"@id\":\"https:\/\/bolting.eu\/en\/shop\/metolius-friends-ultralight-master-cam\/#local-main-place-address\",\"streetAddress\":\"Fischnalerstra\u00dfe 4\",\"addressLocality\":\"Innsbruck\",\"postalCode\":\"6020\",\"addressRegion\":\"Tirol\",\"addressCountry\":\"AT\"},{\"@type\":\"ImageObject\",\"inLanguage\":\"en-US\",\"@id\":\"https:\/\/bolting.eu\/en\/shop\/metolius-friends-ultralight-master-cam\/#local-main-organization-logo\",\"url\":\"https:\/\/bolting.eu\/wp-content\/uploads\/2019\/09\/bolting-logo.png\",\"contentUrl\":\"https:\/\/bolting.eu\/wp-content\/uploads\/2019\/09\/bolting-logo.png\",\"width\":400,\"height\":211,\"caption\":\"bolting.eu\"}]}<\/script>\n<meta property=\"og:video\" content=\"https:\/\/www.youtube.com\/embed\/I_YK6UoqQg8\" \/>\n<meta property=\"og:video:type\" content=\"text\/html\" \/>\n<meta property=\"og:video:duration\" content=\"89\" \/>\n<meta property=\"og:video:width\" content=\"480\" \/>\n<meta property=\"og:video:height\" content=\"270\" \/>\n<meta property=\"ya:ovs:adult\" content=\"false\" \/>\n<meta property=\"ya:ovs:upload_date\" content=\"2020-03-20T09:12:42+00:00\" \/>\n<meta property=\"ya:ovs:allow_embed\" content=\"true\" \/>\n<meta property=\"og:availability\" content=\"instock\" \/>\n<meta property=\"product:availability\" content=\"instock\" \/>\n<meta property=\"product:condition\" content=\"new\" \/>\n<meta name=\"geo.placename\" content=\"Innsbruck\" \/>\n<meta name=\"geo.position\" content=\"47.264176340396226;11.380109057672346\" \/>\n<meta name=\"geo.region\" content=\"Austria\" \/>\n<!-- \/ Yoast SEO Premium plugin. -->","yoast_head_json":{"title":"Metolius Friends Ultralight Master Cam | bolting.eu","description":"Hier findet Ihr den Metolius Friends Ultralight Master Cam. Einen super leichten Friend in 10 Gr\u00f6\u00dfen mit dem genialen Range Finder System!","robots":{"index":"index","follow":"follow","max-snippet":"max-snippet:-1","max-image-preview":"max-image-preview:large","max-video-preview":"max-video-preview:-1"},"canonical":"https:\/\/bolting.eu\/en\/shop\/metolius-friends-ultralight-master-cam\/","og_locale":"en_US","og_type":"article","og_title":"Metolius Friends Ultralight Master Cam","og_description":"Hier findet Ihr den Metolius Friends Ultralight Master Cam. Einen super leichten Friend in 10 Gr\u00f6\u00dfen mit dem genialen Range Finder System!","og_url":"https:\/\/bolting.eu\/en\/shop\/metolius-friends-ultralight-master-cam\/","og_site_name":"bolting.eu","article_publisher":"https:\/\/www.facebook.com\/bolting.eu","article_modified_time":"2025-07-12T16:38:54+00:00","og_image":[{"width":700,"height":700,"url":"https:\/\/bolting.eu\/wp-content\/uploads\/2020\/03\/Metolius-Cams-Ultralight-Master-Cam-Set.jpg","type":"image\/jpeg"}],"twitter_card":"summary_large_image","twitter_misc":{"Availability":"In stock"},"schema":{"@context":"https:\/\/schema.org","@graph":[{"@type":["WebPage","ItemPage"],"@id":"https:\/\/bolting.eu\/en\/shop\/metolius-friends-ultralight-master-cam\/","url":"https:\/\/bolting.eu\/en\/shop\/metolius-friends-ultralight-master-cam\/","name":"Metolius Friends Ultralight Master Cam | bolting.eu","isPartOf":{"@id":"https:\/\/bolting.eu\/en\/#website"},"primaryImageOfPage":{"@id":"https:\/\/bolting.eu\/en\/shop\/metolius-friends-ultralight-master-cam\/#primaryimage"},"image":{"@id":"https:\/\/bolting.eu\/en\/shop\/metolius-friends-ultralight-master-cam\/#primaryimage"},"thumbnailUrl":"https:\/\/bolting.eu\/wp-content\/uploads\/2020\/03\/Metolius-Cams-Ultralight-Master-Cam-Set.jpg","datePublished":"2020-03-20T09:12:42+00:00","dateModified":"2025-07-12T16:38:54+00:00","description":"Hier findet Ihr den Metolius Friends Ultralight Master Cam. Einen super leichten Friend in 10 Gr\u00f6\u00dfen mit dem genialen Range Finder System!","breadcrumb":{"@id":"https:\/\/bolting.eu\/en\/shop\/metolius-friends-ultralight-master-cam\/#breadcrumb"},"inLanguage":"en-US","potentialAction":[{"@type":"ReadAction","target":["https:\/\/bolting.eu\/en\/shop\/metolius-friends-ultralight-master-cam\/"]}]},{"@type":"ImageObject","inLanguage":"en-US","@id":"https:\/\/bolting.eu\/en\/shop\/metolius-friends-ultralight-master-cam\/#primaryimage","url":"https:\/\/bolting.eu\/wp-content\/uploads\/2020\/03\/Metolius-Cams-Ultralight-Master-Cam-Set.jpg","contentUrl":"https:\/\/bolting.eu\/wp-content\/uploads\/2020\/03\/Metolius-Cams-Ultralight-Master-Cam-Set.jpg","width":700,"height":700,"caption":"Das Bild zeigt ein Set der Metolius Friends Ultralight Master Cams. Die 10 Klemmger\u00e4te stehen senkrecht im Bildmit den Klemmsegmenten nach oben."},{"@type":"BreadcrumbList","@id":"https:\/\/bolting.eu\/en\/shop\/metolius-friends-ultralight-master-cam\/#breadcrumb","itemListElement":[{"@type":"ListItem","position":1,"name":"Shop","item":"https:\/\/bolting.eu\/en\/shop\/"},{"@type":"ListItem","position":2,"name":"climbing equipment","item":"https:\/\/bolting.eu\/en\/produkt-kategorie\/climbing-equipment\/"},{"@type":"ListItem","position":3,"name":"Klemmger\u00e4te - Friends","item":"https:\/\/bolting.eu\/produkt-kategorie\/kletterausruestung\/klemmgeraete-friends\/"},{"@type":"ListItem","position":4,"name":"Metolius Friends Ultralight Master Cam"}]},{"@type":"WebSite","@id":"https:\/\/bolting.eu\/en\/#website","url":"https:\/\/bolting.eu\/en\/","name":"bolting.eu","description":"we make climbs happen","publisher":{"@id":"https:\/\/bolting.eu\/en\/#organization"},"potentialAction":[{"@type":"SearchAction","target":{"@type":"EntryPoint","urlTemplate":"https:\/\/bolting.eu\/en\/?s={search_term_string}"},"query-input":{"@type":"PropertyValueSpecification","valueRequired":true,"valueName":"search_term_string"}}],"inLanguage":"en-US"},{"@type":["Organization","Place","SportingGoodsStore"],"@id":"https:\/\/bolting.eu\/en\/#organization","name":"bolting.eu","url":"https:\/\/bolting.eu\/en\/","logo":{"@id":"https:\/\/bolting.eu\/en\/shop\/metolius-friends-ultralight-master-cam\/#local-main-organization-logo"},"image":{"@id":"https:\/\/bolting.eu\/en\/shop\/metolius-friends-ultralight-master-cam\/#local-main-organization-logo"},"sameAs":["https:\/\/www.facebook.com\/bolting.eu","https:\/\/www.instagram.com\/bolting.eu\/"],"address":{"@id":"https:\/\/bolting.eu\/en\/shop\/metolius-friends-ultralight-master-cam\/#local-main-place-address"},"geo":{"@type":"GeoCoordinates","latitude":"47.264176340396226","longitude":"11.380109057672346"},"telephone":["+43 699 19083372"],"openingHoursSpecification":[{"@type":"OpeningHoursSpecification","dayOfWeek":["Monday","Wednesday","Friday"],"opens":"14:00","closes":"18:00"},{"@type":"OpeningHoursSpecification","dayOfWeek":["Tuesday","Thursday","Saturday","Sunday"],"opens":"00:00","closes":"00:00"}],"email":"office@bolting.eu","vatID":"ATU59999728","priceRange":"$$","currenciesAccepted":"Euro"},{"@type":"PostalAddress","@id":"https:\/\/bolting.eu\/en\/shop\/metolius-friends-ultralight-master-cam\/#local-main-place-address","streetAddress":"Fischnalerstra\u00dfe 4","addressLocality":"Innsbruck","postalCode":"6020","addressRegion":"Tirol","addressCountry":"AT"},{"@type":"ImageObject","inLanguage":"en-US","@id":"https:\/\/bolting.eu\/en\/shop\/metolius-friends-ultralight-master-cam\/#local-main-organization-logo","url":"https:\/\/bolting.eu\/wp-content\/uploads\/2019\/09\/bolting-logo.png","contentUrl":"https:\/\/bolting.eu\/wp-content\/uploads\/2019\/09\/bolting-logo.png","width":400,"height":211,"caption":"bolting.eu"}]},"og_video":"https:\/\/www.youtube.com\/embed\/I_YK6UoqQg8","og_video_type":"text\/html","og_video_duration":"89","og_video_width":"480","og_video_height":"270","ya_ovs_adult":"false","ya_ovs_upload_date":"2020-03-20T09:12:42+00:00","ya_ovs_allow_embed":"true","og_availability":"instock","product_availability":"instock","product_condition":"new","geo.placename":"Innsbruck","geo.position":{"lat":"47.264176340396226","long":"11.380109057672346"},"geo.region":"Austria"},"_links":{"self":[{"href":"https:\/\/bolting.eu\/en\/wp-json\/wp\/v2\/product\/2328","targetHints":{"allow":["GET"]}}],"collection":[{"href":"https:\/\/bolting.eu\/en\/wp-json\/wp\/v2\/product"}],"about":[{"href":"https:\/\/bolting.eu\/en\/wp-json\/wp\/v2\/types\/product"}],"replies":[{"embeddable":true,"href":"https:\/\/bolting.eu\/en\/wp-json\/wp\/v2\/comments?post=2328"}],"wp:featuredmedia":[{"embeddable":true,"href":"https:\/\/bolting.eu\/en\/wp-json\/wp\/v2\/media\/2438"}],"wp:attachment":[{"href":"https:\/\/bolting.eu\/en\/wp-json\/wp\/v2\/media?parent=2328"}],"wp:term":[{"taxonomy":"product_brand","embeddable":true,"href":"https:\/\/bolting.eu\/en\/wp-json\/wp\/v2\/product_brand?post=2328"},{"taxonomy":"product_cat","embeddable":true,"href":"https:\/\/bolting.eu\/en\/wp-json\/wp\/v2\/product_cat?post=2328"},{"taxonomy":"product_tag","embeddable":true,"href":"https:\/\/bolting.eu\/en\/wp-json\/wp\/v2\/product_tag?post=2328"}],"curies":[{"name":"wp","href":"https:\/\/api.w.org\/{rel}","templated":true}]}}