{"id":2324,"date":"2020-03-19T18:50:00","date_gmt":"2020-03-19T17:50:00","guid":{"rendered":"https:\/\/bolting.eu\/?post_type=product&#038;p=2324"},"modified":"2025-12-23T12:15:48","modified_gmt":"2025-12-23T11:15:48","slug":"stahlseil-expressschlinge-fixe","status":"publish","type":"product","link":"https:\/\/bolting.eu\/en\/shop\/stahlseil-expressschlinge-fixe\/","title":{"rendered":"Stahlseil Expressschlinge Fixe"},"content":{"rendered":"<p>Die Stahlseil Expressschlinge Fixe ist mittlerweile einer unserer Top Seller bei bolting.eu. Denn einerseits werden fixe Expressen immer beliebter. Sowohl bei Kletterern als auch bei Klettergarten Haltern. Und andererseits kaufen Hallen regelm\u00e4\u00dfig die praktischen fixen Exen als <a href=\"https:\/\/bolting.eu\/produkt-kategorie\/kletterwand-zubehoer\/\">Kletterwand Zubeh\u00f6r<\/a> bei uns ein.<\/p>\n<p>Eine Exe aus einem Stahlkabel hat gleich mehrere Vorteile. Erstens ist sie langlebiger als eine Nylon Bandschlinge. Zweitens hat die Stahlseil Express eine Kausche an beiden Enden. Somit wird sowohl der seilseitige Karabiner geschont, als auch das hakenseitige verbindungsmittel. Hier wird in der Regel ein 8-10mm <a href=\"https:\/\/bolting.eu\/produkt-kategorie\/schraubglied-rapidglied\/\">Schraubglied<\/a> verwendet.<\/p>\n<h3>Eigenschaften Stahlseil Expressschlinge Fixe<\/h3>\n<ul>\n<li>Hersteller: Fixe Climbing<\/li>\n<li>Material: verzinktes Stahlseil oder Edelstahl<\/li>\n<li>L\u00e4nge: 36cm<\/li>\n<li>Gewicht: 120 Gramm<\/li>\n<li>\u00d6sen: inkl. Kausche<\/li>\n<li>Bruchlast: 22kN<\/li>\n<\/ul>\n<h3>Gefahrenquelle eingeschleifte Karabiner<\/h3>\n<p>Beachtet die Gefahr die von fixen Expressschlingen ausgeht. Jene Karabiner die beim Ablassen belastet werden, werden vom Seil eingekerbt. So k\u00f6nnen im Laufe der Zeit sehr gef\u00e4hrliche, scharfe Kanten entstehen.<\/p>\n<p>Wenn ihr die Stahlseil Expressschlinge Fixe verbaut, m\u00fcsst ihr regelm\u00e4\u00dfig die betreffenden Karabiner tauschen!<\/p>\n<p>Lies dir hierzu die <a href=\"https:\/\/www.alpenverein.at\/portal\/news\/archiv_2012\/2012_11_12_seilriss.php\" target=\"_blank\" rel=\"noopener noreferrer\">entsprechende Sicherheitswarung des \u00d6AV<\/a> durch!<\/p>\n","protected":false},"excerpt":{"rendered":"<p>Stahlseil Express f\u00fcr Kletterhallen oder den Klettergarten.<\/p>\n<p>Mit einer Bruchlast von 22kN extrem stark und durch Kunststoff Schlauch gesch\u00fctzt.<\/p>\n<p>Versandkostenfrei bis 2kg in <img decoding=\"async\" class=\"emoji\" role=\"img\" draggable=\"false\" src=\"https:\/\/s.w.org\/images\/core\/emoji\/14.0.0\/svg\/1f1e6-1f1f9.svg\" alt=\"\ud83c\udde6\ud83c\uddf9\" \/> ab \u20ac 100,- und <img decoding=\"async\" class=\"emoji\" role=\"img\" draggable=\"false\" src=\"https:\/\/s.w.org\/images\/core\/emoji\/14.0.0\/svg\/1f1e9-1f1ea.svg\" alt=\"\ud83c\udde9\ud83c\uddea\" \/> ab \u20ac 200,-!<\/p>\n","protected":false},"featured_media":2327,"comment_status":"closed","ping_status":"closed","template":"","meta":[],"product_brand":[],"product_cat":[14902,15211,15031],"product_tag":[],"class_list":{"0":"post-2324","1":"product","2":"type-product","3":"status-publish","4":"has-post-thumbnail","6":"product_cat-fixed-climbing","7":"product_cat-kletterwand-zubehoer","8":"product_cat-quickdraws","10":"first","11":"instock","12":"taxable","13":"shipping-taxable","14":"purchasable","15":"product-type-variable"},"yoast_head":"<!-- This site is optimized with the Yoast SEO Premium plugin v26.9 (Yoast SEO v26.9) - https:\/\/yoast.com\/product\/yoast-seo-premium-wordpress\/ -->\n<title>Stahlseil Expressschlinge Fixe : jetzt online kaufen bei bolting.eu<\/title>\n<meta name=\"description\" content=\"Stahlseil Expressschlinge Fixe beim Kletterprofi kaufen \u2705 Trusted Shop \u2705 kostenloser Versand* \u2705 14 Tage R\u00fcckgaberecht \u2705 Co2 neutrale Zustellung\" \/>\n<meta name=\"robots\" content=\"index, follow, max-snippet:-1, max-image-preview:large, max-video-preview:-1\" \/>\n<link rel=\"canonical\" href=\"https:\/\/bolting.eu\/en\/shop\/stahlseil-expressschlinge-fixe\/\" \/>\n<meta property=\"og:locale\" content=\"en_US\" \/>\n<meta property=\"og:type\" content=\"article\" \/>\n<meta property=\"og:title\" content=\"Stahlseil Expressschlinge Fixe\" \/>\n<meta property=\"og:description\" content=\"Stahlseil Expressschlinge Fixe beim Kletterprofi kaufen \u2705 Trusted Shop \u2705 kostenloser Versand* \u2705 14 Tage R\u00fcckgaberecht \u2705 Co2 neutrale Zustellung\" \/>\n<meta property=\"og:url\" content=\"https:\/\/bolting.eu\/en\/shop\/stahlseil-expressschlinge-fixe\/\" \/>\n<meta property=\"og:site_name\" content=\"bolting.eu\" \/>\n<meta property=\"article:publisher\" content=\"https:\/\/www.facebook.com\/bolting.eu\" \/>\n<meta property=\"article:modified_time\" content=\"2025-12-23T11:15:48+00:00\" \/>\n<meta property=\"og:image\" content=\"https:\/\/bolting.eu\/wp-content\/uploads\/2020\/03\/Stahlseil-Expressschlinge-36cm-Fixe.jpg\" \/>\n\t<meta property=\"og:image:width\" content=\"700\" \/>\n\t<meta property=\"og:image:height\" content=\"700\" \/>\n\t<meta property=\"og:image:type\" content=\"image\/jpeg\" \/>\n<meta name=\"twitter:card\" content=\"summary_large_image\" \/>\n<meta name=\"twitter:label1\" content=\"Availability\" \/>\n\t<meta name=\"twitter:data1\" content=\"In stock\" \/>\n<script type=\"application\/ld+json\" class=\"yoast-schema-graph\">{\"@context\":\"https:\/\/schema.org\",\"@graph\":[{\"@type\":[\"WebPage\",\"ItemPage\"],\"@id\":\"https:\/\/bolting.eu\/en\/shop\/stahlseil-expressschlinge-fixe\/\",\"url\":\"https:\/\/bolting.eu\/en\/shop\/stahlseil-expressschlinge-fixe\/\",\"name\":\"Stahlseil Expressschlinge Fixe : jetzt online kaufen bei bolting.eu\",\"isPartOf\":{\"@id\":\"https:\/\/bolting.eu\/en\/#website\"},\"primaryImageOfPage\":{\"@id\":\"https:\/\/bolting.eu\/en\/shop\/stahlseil-expressschlinge-fixe\/#primaryimage\"},\"image\":{\"@id\":\"https:\/\/bolting.eu\/en\/shop\/stahlseil-expressschlinge-fixe\/#primaryimage\"},\"thumbnailUrl\":\"https:\/\/bolting.eu\/wp-content\/uploads\/2020\/03\/Stahlseil-Expressschlinge-36cm-Fixe.jpg\",\"datePublished\":\"2020-03-19T17:50:00+00:00\",\"dateModified\":\"2025-12-23T11:15:48+00:00\",\"description\":\"Stahlseil Expressschlinge Fixe beim Kletterprofi kaufen \u2705 Trusted Shop \u2705 kostenloser Versand* \u2705 14 Tage R\u00fcckgaberecht \u2705 Co2 neutrale Zustellung\",\"breadcrumb\":{\"@id\":\"https:\/\/bolting.eu\/en\/shop\/stahlseil-expressschlinge-fixe\/#breadcrumb\"},\"inLanguage\":\"en-US\",\"potentialAction\":[{\"@type\":\"ReadAction\",\"target\":[\"https:\/\/bolting.eu\/en\/shop\/stahlseil-expressschlinge-fixe\/\"]}]},{\"@type\":\"ImageObject\",\"inLanguage\":\"en-US\",\"@id\":\"https:\/\/bolting.eu\/en\/shop\/stahlseil-expressschlinge-fixe\/#primaryimage\",\"url\":\"https:\/\/bolting.eu\/wp-content\/uploads\/2020\/03\/Stahlseil-Expressschlinge-36cm-Fixe.jpg\",\"contentUrl\":\"https:\/\/bolting.eu\/wp-content\/uploads\/2020\/03\/Stahlseil-Expressschlinge-36cm-Fixe.jpg\",\"width\":700,\"height\":700,\"caption\":\"Das Bild zeigt eine Stahlseil Expressschlinge 36cm Fixe. Die schwarze Schlinge steht aufrecht im Bild mit den silbernen Karabiner\u00f6sen an jedem Ende.\"},{\"@type\":\"BreadcrumbList\",\"@id\":\"https:\/\/bolting.eu\/en\/shop\/stahlseil-expressschlinge-fixe\/#breadcrumb\",\"itemListElement\":[{\"@type\":\"ListItem\",\"position\":1,\"name\":\"Shop\",\"item\":\"https:\/\/bolting.eu\/en\/shop\/\"},{\"@type\":\"ListItem\",\"position\":2,\"name\":\"Kletterwand Zubeh\u00f6r\",\"item\":\"https:\/\/bolting.eu\/produkt-kategorie\/kletterwand-zubehoer\/\"},{\"@type\":\"ListItem\",\"position\":3,\"name\":\"Stahlseil Expressschlinge Fixe\"}]},{\"@type\":\"WebSite\",\"@id\":\"https:\/\/bolting.eu\/en\/#website\",\"url\":\"https:\/\/bolting.eu\/en\/\",\"name\":\"bolting.eu\",\"description\":\"we make climbs happen\",\"publisher\":{\"@id\":\"https:\/\/bolting.eu\/en\/#organization\"},\"potentialAction\":[{\"@type\":\"SearchAction\",\"target\":{\"@type\":\"EntryPoint\",\"urlTemplate\":\"https:\/\/bolting.eu\/en\/?s={search_term_string}\"},\"query-input\":{\"@type\":\"PropertyValueSpecification\",\"valueRequired\":true,\"valueName\":\"search_term_string\"}}],\"inLanguage\":\"en-US\"},{\"@type\":[\"Organization\",\"Place\",\"SportingGoodsStore\"],\"@id\":\"https:\/\/bolting.eu\/en\/#organization\",\"name\":\"bolting.eu\",\"url\":\"https:\/\/bolting.eu\/en\/\",\"logo\":{\"@id\":\"https:\/\/bolting.eu\/en\/shop\/stahlseil-expressschlinge-fixe\/#local-main-organization-logo\"},\"image\":{\"@id\":\"https:\/\/bolting.eu\/en\/shop\/stahlseil-expressschlinge-fixe\/#local-main-organization-logo\"},\"sameAs\":[\"https:\/\/www.facebook.com\/bolting.eu\",\"https:\/\/www.instagram.com\/bolting.eu\/\"],\"address\":{\"@id\":\"https:\/\/bolting.eu\/en\/shop\/stahlseil-expressschlinge-fixe\/#local-main-place-address\"},\"geo\":{\"@type\":\"GeoCoordinates\",\"latitude\":\"47.264176340396226\",\"longitude\":\"11.380109057672346\"},\"telephone\":[\"+43 699 19083372\"],\"openingHoursSpecification\":[{\"@type\":\"OpeningHoursSpecification\",\"dayOfWeek\":[\"Monday\",\"Wednesday\",\"Friday\"],\"opens\":\"14:00\",\"closes\":\"18:00\"},{\"@type\":\"OpeningHoursSpecification\",\"dayOfWeek\":[\"Tuesday\",\"Thursday\",\"Saturday\",\"Sunday\"],\"opens\":\"00:00\",\"closes\":\"00:00\"}],\"email\":\"office@bolting.eu\",\"vatID\":\"ATU59999728\",\"priceRange\":\"$$\",\"currenciesAccepted\":\"Euro\"},{\"@type\":\"PostalAddress\",\"@id\":\"https:\/\/bolting.eu\/en\/shop\/stahlseil-expressschlinge-fixe\/#local-main-place-address\",\"streetAddress\":\"Fischnalerstra\u00dfe 4\",\"addressLocality\":\"Innsbruck\",\"postalCode\":\"6020\",\"addressRegion\":\"Tirol\",\"addressCountry\":\"AT\"},{\"@type\":\"ImageObject\",\"inLanguage\":\"en-US\",\"@id\":\"https:\/\/bolting.eu\/en\/shop\/stahlseil-expressschlinge-fixe\/#local-main-organization-logo\",\"url\":\"https:\/\/bolting.eu\/wp-content\/uploads\/2019\/09\/bolting-logo.png\",\"contentUrl\":\"https:\/\/bolting.eu\/wp-content\/uploads\/2019\/09\/bolting-logo.png\",\"width\":400,\"height\":211,\"caption\":\"bolting.eu\"}]}<\/script>\n<meta property=\"og:availability\" content=\"instock\" \/>\n<meta property=\"product:availability\" content=\"instock\" \/>\n<meta property=\"product:condition\" content=\"new\" \/>\n<meta name=\"geo.placename\" content=\"Innsbruck\" \/>\n<meta name=\"geo.position\" content=\"47.264176340396226;11.380109057672346\" \/>\n<meta name=\"geo.region\" content=\"Austria\" \/>\n<!-- \/ Yoast SEO Premium plugin. -->","yoast_head_json":{"title":"Stahlseil Expressschlinge Fixe : jetzt online kaufen bei bolting.eu","description":"Stahlseil Expressschlinge Fixe beim Kletterprofi kaufen \u2705 Trusted Shop \u2705 kostenloser Versand* \u2705 14 Tage R\u00fcckgaberecht \u2705 Co2 neutrale Zustellung","robots":{"index":"index","follow":"follow","max-snippet":"max-snippet:-1","max-image-preview":"max-image-preview:large","max-video-preview":"max-video-preview:-1"},"canonical":"https:\/\/bolting.eu\/en\/shop\/stahlseil-expressschlinge-fixe\/","og_locale":"en_US","og_type":"article","og_title":"Stahlseil Expressschlinge Fixe","og_description":"Stahlseil Expressschlinge Fixe beim Kletterprofi kaufen \u2705 Trusted Shop \u2705 kostenloser Versand* \u2705 14 Tage R\u00fcckgaberecht \u2705 Co2 neutrale Zustellung","og_url":"https:\/\/bolting.eu\/en\/shop\/stahlseil-expressschlinge-fixe\/","og_site_name":"bolting.eu","article_publisher":"https:\/\/www.facebook.com\/bolting.eu","article_modified_time":"2025-12-23T11:15:48+00:00","og_image":[{"width":700,"height":700,"url":"https:\/\/bolting.eu\/wp-content\/uploads\/2020\/03\/Stahlseil-Expressschlinge-36cm-Fixe.jpg","type":"image\/jpeg"}],"twitter_card":"summary_large_image","twitter_misc":{"Availability":"In stock"},"schema":{"@context":"https:\/\/schema.org","@graph":[{"@type":["WebPage","ItemPage"],"@id":"https:\/\/bolting.eu\/en\/shop\/stahlseil-expressschlinge-fixe\/","url":"https:\/\/bolting.eu\/en\/shop\/stahlseil-expressschlinge-fixe\/","name":"Stahlseil Expressschlinge Fixe : jetzt online kaufen bei bolting.eu","isPartOf":{"@id":"https:\/\/bolting.eu\/en\/#website"},"primaryImageOfPage":{"@id":"https:\/\/bolting.eu\/en\/shop\/stahlseil-expressschlinge-fixe\/#primaryimage"},"image":{"@id":"https:\/\/bolting.eu\/en\/shop\/stahlseil-expressschlinge-fixe\/#primaryimage"},"thumbnailUrl":"https:\/\/bolting.eu\/wp-content\/uploads\/2020\/03\/Stahlseil-Expressschlinge-36cm-Fixe.jpg","datePublished":"2020-03-19T17:50:00+00:00","dateModified":"2025-12-23T11:15:48+00:00","description":"Stahlseil Expressschlinge Fixe beim Kletterprofi kaufen \u2705 Trusted Shop \u2705 kostenloser Versand* \u2705 14 Tage R\u00fcckgaberecht \u2705 Co2 neutrale Zustellung","breadcrumb":{"@id":"https:\/\/bolting.eu\/en\/shop\/stahlseil-expressschlinge-fixe\/#breadcrumb"},"inLanguage":"en-US","potentialAction":[{"@type":"ReadAction","target":["https:\/\/bolting.eu\/en\/shop\/stahlseil-expressschlinge-fixe\/"]}]},{"@type":"ImageObject","inLanguage":"en-US","@id":"https:\/\/bolting.eu\/en\/shop\/stahlseil-expressschlinge-fixe\/#primaryimage","url":"https:\/\/bolting.eu\/wp-content\/uploads\/2020\/03\/Stahlseil-Expressschlinge-36cm-Fixe.jpg","contentUrl":"https:\/\/bolting.eu\/wp-content\/uploads\/2020\/03\/Stahlseil-Expressschlinge-36cm-Fixe.jpg","width":700,"height":700,"caption":"Das Bild zeigt eine Stahlseil Expressschlinge 36cm Fixe. Die schwarze Schlinge steht aufrecht im Bild mit den silbernen Karabiner\u00f6sen an jedem Ende."},{"@type":"BreadcrumbList","@id":"https:\/\/bolting.eu\/en\/shop\/stahlseil-expressschlinge-fixe\/#breadcrumb","itemListElement":[{"@type":"ListItem","position":1,"name":"Shop","item":"https:\/\/bolting.eu\/en\/shop\/"},{"@type":"ListItem","position":2,"name":"Kletterwand Zubeh\u00f6r","item":"https:\/\/bolting.eu\/produkt-kategorie\/kletterwand-zubehoer\/"},{"@type":"ListItem","position":3,"name":"Stahlseil Expressschlinge Fixe"}]},{"@type":"WebSite","@id":"https:\/\/bolting.eu\/en\/#website","url":"https:\/\/bolting.eu\/en\/","name":"bolting.eu","description":"we make climbs happen","publisher":{"@id":"https:\/\/bolting.eu\/en\/#organization"},"potentialAction":[{"@type":"SearchAction","target":{"@type":"EntryPoint","urlTemplate":"https:\/\/bolting.eu\/en\/?s={search_term_string}"},"query-input":{"@type":"PropertyValueSpecification","valueRequired":true,"valueName":"search_term_string"}}],"inLanguage":"en-US"},{"@type":["Organization","Place","SportingGoodsStore"],"@id":"https:\/\/bolting.eu\/en\/#organization","name":"bolting.eu","url":"https:\/\/bolting.eu\/en\/","logo":{"@id":"https:\/\/bolting.eu\/en\/shop\/stahlseil-expressschlinge-fixe\/#local-main-organization-logo"},"image":{"@id":"https:\/\/bolting.eu\/en\/shop\/stahlseil-expressschlinge-fixe\/#local-main-organization-logo"},"sameAs":["https:\/\/www.facebook.com\/bolting.eu","https:\/\/www.instagram.com\/bolting.eu\/"],"address":{"@id":"https:\/\/bolting.eu\/en\/shop\/stahlseil-expressschlinge-fixe\/#local-main-place-address"},"geo":{"@type":"GeoCoordinates","latitude":"47.264176340396226","longitude":"11.380109057672346"},"telephone":["+43 699 19083372"],"openingHoursSpecification":[{"@type":"OpeningHoursSpecification","dayOfWeek":["Monday","Wednesday","Friday"],"opens":"14:00","closes":"18:00"},{"@type":"OpeningHoursSpecification","dayOfWeek":["Tuesday","Thursday","Saturday","Sunday"],"opens":"00:00","closes":"00:00"}],"email":"office@bolting.eu","vatID":"ATU59999728","priceRange":"$$","currenciesAccepted":"Euro"},{"@type":"PostalAddress","@id":"https:\/\/bolting.eu\/en\/shop\/stahlseil-expressschlinge-fixe\/#local-main-place-address","streetAddress":"Fischnalerstra\u00dfe 4","addressLocality":"Innsbruck","postalCode":"6020","addressRegion":"Tirol","addressCountry":"AT"},{"@type":"ImageObject","inLanguage":"en-US","@id":"https:\/\/bolting.eu\/en\/shop\/stahlseil-expressschlinge-fixe\/#local-main-organization-logo","url":"https:\/\/bolting.eu\/wp-content\/uploads\/2019\/09\/bolting-logo.png","contentUrl":"https:\/\/bolting.eu\/wp-content\/uploads\/2019\/09\/bolting-logo.png","width":400,"height":211,"caption":"bolting.eu"}]},"og_availability":"instock","product_availability":"instock","product_condition":"new","geo.placename":"Innsbruck","geo.position":{"lat":"47.264176340396226","long":"11.380109057672346"},"geo.region":"Austria"},"_links":{"self":[{"href":"https:\/\/bolting.eu\/en\/wp-json\/wp\/v2\/product\/2324","targetHints":{"allow":["GET"]}}],"collection":[{"href":"https:\/\/bolting.eu\/en\/wp-json\/wp\/v2\/product"}],"about":[{"href":"https:\/\/bolting.eu\/en\/wp-json\/wp\/v2\/types\/product"}],"replies":[{"embeddable":true,"href":"https:\/\/bolting.eu\/en\/wp-json\/wp\/v2\/comments?post=2324"}],"wp:featuredmedia":[{"embeddable":true,"href":"https:\/\/bolting.eu\/en\/wp-json\/wp\/v2\/media\/2327"}],"wp:attachment":[{"href":"https:\/\/bolting.eu\/en\/wp-json\/wp\/v2\/media?parent=2324"}],"wp:term":[{"taxonomy":"product_brand","embeddable":true,"href":"https:\/\/bolting.eu\/en\/wp-json\/wp\/v2\/product_brand?post=2324"},{"taxonomy":"product_cat","embeddable":true,"href":"https:\/\/bolting.eu\/en\/wp-json\/wp\/v2\/product_cat?post=2324"},{"taxonomy":"product_tag","embeddable":true,"href":"https:\/\/bolting.eu\/en\/wp-json\/wp\/v2\/product_tag?post=2324"}],"curies":[{"name":"wp","href":"https:\/\/api.w.org\/{rel}","templated":true}]}}