{"id":2280,"date":"2020-03-19T13:30:56","date_gmt":"2020-03-19T12:30:56","guid":{"rendered":"https:\/\/bolting.eu\/?post_type=product&#038;p=2280"},"modified":"2023-09-13T16:55:15","modified_gmt":"2023-09-13T14:55:15","slug":"lime-set-dy-expressschlinge-climbing-technology","status":"publish","type":"product","link":"https:\/\/bolting.eu\/en\/shop\/lime-set-dy-expressschlinge-climbing-technology\/","title":{"rendered":"Lime Set DY Expressschlinge Climbing Technology"},"content":{"rendered":"<p>Die Lime Set DY Expressschlinge ist einer unserer Besteller. Denn diese Express hat sich aufgrund ihrer ausgewogenen Eigenschaften sehr gut am Markt bew\u00e4hrt.<\/p>\n<p>Dar\u00fcber hinaus \u00fcberzeugt dieses Produkt erstens mit dem edlen Design. Zweitens liegt die Express irre gut in der Hand. Sowohl die 11mm breite Bandschlinge als auch die Karabinergr\u00f6\u00dfe passen prima. Drittens sind beide hei\u00df geschmiedeten Karabiner eloxiert und bleiben somit lange optisch top und gegen Korrosion gesch\u00fctzt. Durch den Fixiergummi kann sich der untere Karabiner \u00fcberdies nicht verdrehen. Somit sind gef\u00e4hrliche Querbelastungen ausgeschlossen.<\/p>\n<h3>Eigenschaften Lime Set DY Expressschlinge<\/h3>\n<ul>\n<li>Hersteller: <a href=\"https:\/\/bolting.eu\/climbing-technology\/\">Climbing Technology<\/a><\/li>\n<li>Material: Aluminium eloxiert<\/li>\n<li>L\u00e4nge Bandschlinge: 12cm, 17cm, 22cm<\/li>\n<li>Gesamtl\u00e4nge: ca. 22cm bis 32cm<\/li>\n<li>Gewicht: 90 Gramm &#8211; 92 Gramm &#8211; 94 Gramm<\/li>\n<li>Bruchlast: 22kN l\u00e4ngs \/ 8kN quer \/ 9kN offen<\/li>\n<li>EN Norm 12275, EN 566 und UIAA 121 bzw. UIAA104<\/li>\n<\/ul>\n<p><a href=\"https:\/\/www.climbingtechnology.com\/wp-content\/uploads\/2019\/03\/instruction-manual-connectors-2.pdf\" target=\"_blank\" rel=\"noopener noreferrer\">Bedienungsanleitung<\/a><\/p>\n<h3>Wartung Expressschlingen<\/h3>\n<p>Wie alle Expressen sollte man auch die Lime Set DY Expressschlinge von Zeit zu Zeit warten. Wir empfehlen Euch die Exen alle paar Monate entsprechend zu pflegen. Einfach unter lauwarmen Wasser absp\u00fclen. Die Expressen (Karabinergelenke) durch &#8220;Peitschen&#8221; in der Hand von Staub s\u00e4ubern. Dann an der Luft trocknen lassen. Anschlie\u00dfend mit dem <a href=\"https:\/\/bolting.eu\/shop\/kong-kletterausruestung-pflegeoel\/\">Karabiner Pflege\u00f6l<\/a> die Gelenke einschmieren und fertig!<\/p>\n<h3>Lime Set DY Expressschlinge immer gleich einh\u00e4ngen<\/h3>\n<figure id=\"attachment_2279\" aria-describedby=\"caption-attachment-2279\" style=\"width: 590px\" class=\"wp-caption alignleft\"><a href=\"https:\/\/bolting.eu\/wp-content\/uploads\/2020\/03\/Fixbar-Erklaerung-1.jpg\"><img loading=\"lazy\" decoding=\"async\" class=\"wp-image-2279 size-medium\" src=\"https:\/\/bolting.eu\/wp-content\/uploads\/2020\/03\/Fixbar-Erklaerung-1-590x400.jpg\" alt=\"Das Bild zeigt eine Grafik, welche in drei Abbildungen die Funktionsweise des Fixbar der Nimble Fixbar Set Pro Expressschlinge erkl\u00e4rt.\" width=\"590\" height=\"400\" srcset=\"https:\/\/bolting.eu\/wp-content\/uploads\/2020\/03\/Fixbar-Erklaerung-1-590x400.jpg 590w, https:\/\/bolting.eu\/wp-content\/uploads\/2020\/03\/Fixbar-Erklaerung-1-510x346.jpg 510w, https:\/\/bolting.eu\/wp-content\/uploads\/2020\/03\/Fixbar-Erklaerung-1-768x521.jpg 768w, https:\/\/bolting.eu\/wp-content\/uploads\/2020\/03\/Fixbar-Erklaerung-1-600x407.jpg 600w, https:\/\/bolting.eu\/wp-content\/uploads\/2020\/03\/Fixbar-Erklaerung-1.jpg 1023w\" sizes=\"auto, (max-width: 590px) 100vw, 590px\" \/><\/a><figcaption id=\"caption-attachment-2279\" class=\"wp-caption-text\">Funktionsweise Fixbar<\/figcaption><\/figure>\n<p>Achtet darauf Eure Schlingen immer gleich einzuh\u00e4ngen. D.h. der hakenseitige Karabiner soll immer auch im Fixpunkt landen. Der seilseitige Karabiner immer nur f\u00fcr das Seil verwendet werden. Ihr seht sowieso immer gleich welcher Karabiner f\u00fcr welche Seite gedacht ist. Meist ist der hakenseitige Karabiner mit einem geraden Schnapper ausgestattet. Der seilseitige hingegen hat fast immer einen gebogenen Schnapper.<\/p>\n<h3>Wann sollen Expressschlingen ausgetauscht werden?<\/h3>\n<p>Durch das st\u00e4ndige Einh\u00e4ngen wird die Lime Set DY Expressschlinge wie jede andere Express auch laufend beansprucht. Die <a href=\"https:\/\/bolting.eu\/produkt-kategorie\/bohrhaken\/\">Bohrhaken<\/a> bzw. die <a href=\"https:\/\/bolting.eu\/produkt-kategorie\/bohrhakenlasche\/\">Bohrhakenlaschen<\/a>, sowie die <a href=\"https:\/\/bolting.eu\/produkt-kategorie\/klebehaken-buehlerhaken\/\">Klebehaken<\/a> reiben hakenseitig st\u00e4ndig am Aluminium. Vor allem scharfe Laschen &#8220;schneiden&#8221; sich richtiggehend in das Metall. Je nachdem wie viel ihr klettert und st\u00fcrzt, m\u00fcsst ihr diese &#8220;Kerben&#8221; im Auge behalten. Werden Sie zu gro\u00df, muss der Karabiner ausgetauscht werden.<\/p>\n<p>Der seilseitige Karabiner wird ebenfalls laufend beansprucht. Insbesondere beim Ablassen. Hier ist es vor allem die 1. Express die am meisten &#8220;Abrieb&#8221; abbekommt. Wird die Kerbe zunehmend tiefer und vor allem scharfkantig, muss die Express ebenfalls ausgetauscht werden.<\/p>\n<p>&nbsp;<\/p>\n<p>&nbsp;<\/p>\n","protected":false},"excerpt":{"rendered":"<ul>\n<li>Hersteller: <a href=\"https:\/\/bolting.eu\/climbing-technology\/\">Climbing Technology<\/a><\/li>\n<li>Material: Aluminium eloxiert<\/li>\n<li>L\u00e4nge Bandschlinge: 12cm, 17cm, 22cm<\/li>\n<li>Gesamtl\u00e4nge: ca. 22cm bis 32cm<\/li>\n<li>Gewicht: 90 Gramm &#8211; 92 Gramm &#8211; 94 Gramm<\/li>\n<li>Bruchlast: 22kN l\u00e4ngs \/ 8kN quer \/ 9kN offen<\/li>\n<li>EN Norm 12275, EN 566 und UIAA 121 bzw. UIAA104<\/li>\n<\/ul>\n","protected":false},"featured_media":2287,"comment_status":"closed","ping_status":"closed","template":"","meta":[],"product_brand":[],"product_cat":[4662,220,29],"product_tag":[264],"class_list":{"0":"post-2280","1":"product","2":"type-product","3":"status-publish","4":"has-post-thumbnail","6":"product_cat-climbing-technology","7":"product_cat-expressschlingen","8":"product_cat-kletterausruestung","9":"product_tag-sportklettern","11":"first","12":"outofstock","13":"sale","14":"sold-individually","15":"taxable","16":"shipping-taxable","17":"purchasable","18":"product-type-variable"},"yoast_head":"<!-- This site is optimized with the Yoast SEO Premium plugin v26.9 (Yoast SEO v26.9) - https:\/\/yoast.com\/product\/yoast-seo-premium-wordpress\/ -->\n<title>Lime Set DY Expressschlinge Climbing Technology | bolting.eu<\/title>\n<meta name=\"description\" content=\"Hier findet ihr die Lime Set DY Expressschlinge. Eine klasse Sportkletter + Alpin Express in 12cm, 17cm oder 22cm L\u00e4nge mit d\u00fcnner 11mm Nylonschlinge!\" \/>\n<meta name=\"robots\" content=\"index, follow, max-snippet:-1, max-image-preview:large, max-video-preview:-1\" \/>\n<link rel=\"canonical\" href=\"https:\/\/bolting.eu\/en\/shop\/lime-set-dy-expressschlinge-climbing-technology\/\" \/>\n<meta property=\"og:locale\" content=\"en_US\" \/>\n<meta property=\"og:type\" content=\"article\" \/>\n<meta property=\"og:title\" content=\"Lime Set DY Expressschlinge Climbing Technology\" \/>\n<meta property=\"og:description\" content=\"Hier findet ihr die Lime Set DY Expressschlinge. Eine klasse Sportkletter + Alpin Express in 12cm, 17cm oder 22cm L\u00e4nge mit d\u00fcnner 11mm Nylonschlinge!\" \/>\n<meta property=\"og:url\" content=\"https:\/\/bolting.eu\/en\/shop\/lime-set-dy-expressschlinge-climbing-technology\/\" \/>\n<meta property=\"og:site_name\" content=\"bolting.eu\" \/>\n<meta property=\"article:publisher\" content=\"https:\/\/www.facebook.com\/bolting.eu\" \/>\n<meta property=\"article:modified_time\" content=\"2023-09-13T14:55:15+00:00\" \/>\n<meta property=\"og:image\" content=\"https:\/\/bolting.eu\/wp-content\/uploads\/2020\/03\/Lime-Set-DY-Expressschlinge.jpg\" \/>\n\t<meta property=\"og:image:width\" content=\"700\" \/>\n\t<meta property=\"og:image:height\" content=\"700\" \/>\n\t<meta property=\"og:image:type\" content=\"image\/jpeg\" \/>\n<meta name=\"twitter:card\" content=\"summary_large_image\" \/>\n<meta name=\"twitter:label1\" content=\"Availability\" \/>\n\t<meta name=\"twitter:data1\" content=\"Out of stock\" \/>\n<script type=\"application\/ld+json\" class=\"yoast-schema-graph\">{\"@context\":\"https:\/\/schema.org\",\"@graph\":[{\"@type\":[\"WebPage\",\"ItemPage\"],\"@id\":\"https:\/\/bolting.eu\/en\/shop\/lime-set-dy-expressschlinge-climbing-technology\/\",\"url\":\"https:\/\/bolting.eu\/en\/shop\/lime-set-dy-expressschlinge-climbing-technology\/\",\"name\":\"Lime Set DY Expressschlinge Climbing Technology | bolting.eu\",\"isPartOf\":{\"@id\":\"https:\/\/bolting.eu\/en\/#website\"},\"primaryImageOfPage\":{\"@id\":\"https:\/\/bolting.eu\/en\/shop\/lime-set-dy-expressschlinge-climbing-technology\/#primaryimage\"},\"image\":{\"@id\":\"https:\/\/bolting.eu\/en\/shop\/lime-set-dy-expressschlinge-climbing-technology\/#primaryimage\"},\"thumbnailUrl\":\"https:\/\/bolting.eu\/wp-content\/uploads\/2020\/03\/Lime-Set-DY-Expressschlinge.jpg\",\"datePublished\":\"2020-03-19T12:30:56+00:00\",\"dateModified\":\"2023-09-13T14:55:15+00:00\",\"description\":\"Hier findet ihr die Lime Set DY Expressschlinge. Eine klasse Sportkletter + Alpin Express in 12cm, 17cm oder 22cm L\u00e4nge mit d\u00fcnner 11mm Nylonschlinge!\",\"breadcrumb\":{\"@id\":\"https:\/\/bolting.eu\/en\/shop\/lime-set-dy-expressschlinge-climbing-technology\/#breadcrumb\"},\"inLanguage\":\"en-US\",\"potentialAction\":[{\"@type\":\"ReadAction\",\"target\":[\"https:\/\/bolting.eu\/en\/shop\/lime-set-dy-expressschlinge-climbing-technology\/\"]}]},{\"@type\":\"ImageObject\",\"inLanguage\":\"en-US\",\"@id\":\"https:\/\/bolting.eu\/en\/shop\/lime-set-dy-expressschlinge-climbing-technology\/#primaryimage\",\"url\":\"https:\/\/bolting.eu\/wp-content\/uploads\/2020\/03\/Lime-Set-DY-Expressschlinge.jpg\",\"contentUrl\":\"https:\/\/bolting.eu\/wp-content\/uploads\/2020\/03\/Lime-Set-DY-Expressschlinge.jpg\",\"width\":700,\"height\":700,\"caption\":\"Das Bild zeigt eine Lime Set DY Expressschlinge von Climbing Technology. Die Express steht aufrecht im Bild. Oben der silberne hakenseitige Karabiner, in der Mitte die graue Expressschlinge, unten der gr\u00fcne seilseitige Karabiner. Die Schnapper schauen nach links.\"},{\"@type\":\"BreadcrumbList\",\"@id\":\"https:\/\/bolting.eu\/en\/shop\/lime-set-dy-expressschlinge-climbing-technology\/#breadcrumb\",\"itemListElement\":[{\"@type\":\"ListItem\",\"position\":1,\"name\":\"Shop\",\"item\":\"https:\/\/bolting.eu\/en\/shop\/\"},{\"@type\":\"ListItem\",\"position\":2,\"name\":\"climbing equipment\",\"item\":\"https:\/\/bolting.eu\/en\/produkt-kategorie\/climbing-equipment\/\"},{\"@type\":\"ListItem\",\"position\":3,\"name\":\"Quickdraws\",\"item\":\"https:\/\/bolting.eu\/en\/produkt-kategorie\/quickdraws\/\"},{\"@type\":\"ListItem\",\"position\":4,\"name\":\"Lime Set DY Expressschlinge Climbing Technology\"}]},{\"@type\":\"WebSite\",\"@id\":\"https:\/\/bolting.eu\/en\/#website\",\"url\":\"https:\/\/bolting.eu\/en\/\",\"name\":\"bolting.eu\",\"description\":\"we make climbs happen\",\"publisher\":{\"@id\":\"https:\/\/bolting.eu\/en\/#organization\"},\"potentialAction\":[{\"@type\":\"SearchAction\",\"target\":{\"@type\":\"EntryPoint\",\"urlTemplate\":\"https:\/\/bolting.eu\/en\/?s={search_term_string}\"},\"query-input\":{\"@type\":\"PropertyValueSpecification\",\"valueRequired\":true,\"valueName\":\"search_term_string\"}}],\"inLanguage\":\"en-US\"},{\"@type\":[\"Organization\",\"Place\",\"SportingGoodsStore\"],\"@id\":\"https:\/\/bolting.eu\/en\/#organization\",\"name\":\"bolting.eu\",\"url\":\"https:\/\/bolting.eu\/en\/\",\"logo\":{\"@id\":\"https:\/\/bolting.eu\/en\/shop\/lime-set-dy-expressschlinge-climbing-technology\/#local-main-organization-logo\"},\"image\":{\"@id\":\"https:\/\/bolting.eu\/en\/shop\/lime-set-dy-expressschlinge-climbing-technology\/#local-main-organization-logo\"},\"sameAs\":[\"https:\/\/www.facebook.com\/bolting.eu\",\"https:\/\/www.instagram.com\/bolting.eu\/\"],\"address\":{\"@id\":\"https:\/\/bolting.eu\/en\/shop\/lime-set-dy-expressschlinge-climbing-technology\/#local-main-place-address\"},\"geo\":{\"@type\":\"GeoCoordinates\",\"latitude\":\"47.264176340396226\",\"longitude\":\"11.380109057672346\"},\"telephone\":[\"+43 699 19083372\"],\"openingHoursSpecification\":[{\"@type\":\"OpeningHoursSpecification\",\"dayOfWeek\":[\"Monday\",\"Wednesday\",\"Friday\"],\"opens\":\"14:00\",\"closes\":\"18:00\"},{\"@type\":\"OpeningHoursSpecification\",\"dayOfWeek\":[\"Tuesday\",\"Thursday\",\"Saturday\",\"Sunday\"],\"opens\":\"00:00\",\"closes\":\"00:00\"}],\"email\":\"office@bolting.eu\",\"vatID\":\"ATU59999728\",\"priceRange\":\"$$\",\"currenciesAccepted\":\"Euro\"},{\"@type\":\"PostalAddress\",\"@id\":\"https:\/\/bolting.eu\/en\/shop\/lime-set-dy-expressschlinge-climbing-technology\/#local-main-place-address\",\"streetAddress\":\"Fischnalerstra\u00dfe 4\",\"addressLocality\":\"Innsbruck\",\"postalCode\":\"6020\",\"addressRegion\":\"Tirol\",\"addressCountry\":\"AT\"},{\"@type\":\"ImageObject\",\"inLanguage\":\"en-US\",\"@id\":\"https:\/\/bolting.eu\/en\/shop\/lime-set-dy-expressschlinge-climbing-technology\/#local-main-organization-logo\",\"url\":\"https:\/\/bolting.eu\/wp-content\/uploads\/2019\/09\/bolting-logo.png\",\"contentUrl\":\"https:\/\/bolting.eu\/wp-content\/uploads\/2019\/09\/bolting-logo.png\",\"width\":400,\"height\":211,\"caption\":\"bolting.eu\"}]}<\/script>\n<meta property=\"og:availability\" content=\"out of stock\" \/>\n<meta property=\"product:availability\" content=\"out of stock\" \/>\n<meta property=\"product:condition\" content=\"new\" \/>\n<meta name=\"geo.placename\" content=\"Innsbruck\" \/>\n<meta name=\"geo.position\" content=\"47.264176340396226;11.380109057672346\" \/>\n<meta name=\"geo.region\" content=\"Austria\" \/>\n<!-- \/ Yoast SEO Premium plugin. -->","yoast_head_json":{"title":"Lime Set DY Expressschlinge Climbing Technology | bolting.eu","description":"Hier findet ihr die Lime Set DY Expressschlinge. Eine klasse Sportkletter + Alpin Express in 12cm, 17cm oder 22cm L\u00e4nge mit d\u00fcnner 11mm Nylonschlinge!","robots":{"index":"index","follow":"follow","max-snippet":"max-snippet:-1","max-image-preview":"max-image-preview:large","max-video-preview":"max-video-preview:-1"},"canonical":"https:\/\/bolting.eu\/en\/shop\/lime-set-dy-expressschlinge-climbing-technology\/","og_locale":"en_US","og_type":"article","og_title":"Lime Set DY Expressschlinge Climbing Technology","og_description":"Hier findet ihr die Lime Set DY Expressschlinge. Eine klasse Sportkletter + Alpin Express in 12cm, 17cm oder 22cm L\u00e4nge mit d\u00fcnner 11mm Nylonschlinge!","og_url":"https:\/\/bolting.eu\/en\/shop\/lime-set-dy-expressschlinge-climbing-technology\/","og_site_name":"bolting.eu","article_publisher":"https:\/\/www.facebook.com\/bolting.eu","article_modified_time":"2023-09-13T14:55:15+00:00","og_image":[{"width":700,"height":700,"url":"https:\/\/bolting.eu\/wp-content\/uploads\/2020\/03\/Lime-Set-DY-Expressschlinge.jpg","type":"image\/jpeg"}],"twitter_card":"summary_large_image","twitter_misc":{"Availability":"Out of stock"},"schema":{"@context":"https:\/\/schema.org","@graph":[{"@type":["WebPage","ItemPage"],"@id":"https:\/\/bolting.eu\/en\/shop\/lime-set-dy-expressschlinge-climbing-technology\/","url":"https:\/\/bolting.eu\/en\/shop\/lime-set-dy-expressschlinge-climbing-technology\/","name":"Lime Set DY Expressschlinge Climbing Technology | bolting.eu","isPartOf":{"@id":"https:\/\/bolting.eu\/en\/#website"},"primaryImageOfPage":{"@id":"https:\/\/bolting.eu\/en\/shop\/lime-set-dy-expressschlinge-climbing-technology\/#primaryimage"},"image":{"@id":"https:\/\/bolting.eu\/en\/shop\/lime-set-dy-expressschlinge-climbing-technology\/#primaryimage"},"thumbnailUrl":"https:\/\/bolting.eu\/wp-content\/uploads\/2020\/03\/Lime-Set-DY-Expressschlinge.jpg","datePublished":"2020-03-19T12:30:56+00:00","dateModified":"2023-09-13T14:55:15+00:00","description":"Hier findet ihr die Lime Set DY Expressschlinge. Eine klasse Sportkletter + Alpin Express in 12cm, 17cm oder 22cm L\u00e4nge mit d\u00fcnner 11mm Nylonschlinge!","breadcrumb":{"@id":"https:\/\/bolting.eu\/en\/shop\/lime-set-dy-expressschlinge-climbing-technology\/#breadcrumb"},"inLanguage":"en-US","potentialAction":[{"@type":"ReadAction","target":["https:\/\/bolting.eu\/en\/shop\/lime-set-dy-expressschlinge-climbing-technology\/"]}]},{"@type":"ImageObject","inLanguage":"en-US","@id":"https:\/\/bolting.eu\/en\/shop\/lime-set-dy-expressschlinge-climbing-technology\/#primaryimage","url":"https:\/\/bolting.eu\/wp-content\/uploads\/2020\/03\/Lime-Set-DY-Expressschlinge.jpg","contentUrl":"https:\/\/bolting.eu\/wp-content\/uploads\/2020\/03\/Lime-Set-DY-Expressschlinge.jpg","width":700,"height":700,"caption":"Das Bild zeigt eine Lime Set DY Expressschlinge von Climbing Technology. Die Express steht aufrecht im Bild. Oben der silberne hakenseitige Karabiner, in der Mitte die graue Expressschlinge, unten der gr\u00fcne seilseitige Karabiner. Die Schnapper schauen nach links."},{"@type":"BreadcrumbList","@id":"https:\/\/bolting.eu\/en\/shop\/lime-set-dy-expressschlinge-climbing-technology\/#breadcrumb","itemListElement":[{"@type":"ListItem","position":1,"name":"Shop","item":"https:\/\/bolting.eu\/en\/shop\/"},{"@type":"ListItem","position":2,"name":"climbing equipment","item":"https:\/\/bolting.eu\/en\/produkt-kategorie\/climbing-equipment\/"},{"@type":"ListItem","position":3,"name":"Quickdraws","item":"https:\/\/bolting.eu\/en\/produkt-kategorie\/quickdraws\/"},{"@type":"ListItem","position":4,"name":"Lime Set DY Expressschlinge Climbing Technology"}]},{"@type":"WebSite","@id":"https:\/\/bolting.eu\/en\/#website","url":"https:\/\/bolting.eu\/en\/","name":"bolting.eu","description":"we make climbs happen","publisher":{"@id":"https:\/\/bolting.eu\/en\/#organization"},"potentialAction":[{"@type":"SearchAction","target":{"@type":"EntryPoint","urlTemplate":"https:\/\/bolting.eu\/en\/?s={search_term_string}"},"query-input":{"@type":"PropertyValueSpecification","valueRequired":true,"valueName":"search_term_string"}}],"inLanguage":"en-US"},{"@type":["Organization","Place","SportingGoodsStore"],"@id":"https:\/\/bolting.eu\/en\/#organization","name":"bolting.eu","url":"https:\/\/bolting.eu\/en\/","logo":{"@id":"https:\/\/bolting.eu\/en\/shop\/lime-set-dy-expressschlinge-climbing-technology\/#local-main-organization-logo"},"image":{"@id":"https:\/\/bolting.eu\/en\/shop\/lime-set-dy-expressschlinge-climbing-technology\/#local-main-organization-logo"},"sameAs":["https:\/\/www.facebook.com\/bolting.eu","https:\/\/www.instagram.com\/bolting.eu\/"],"address":{"@id":"https:\/\/bolting.eu\/en\/shop\/lime-set-dy-expressschlinge-climbing-technology\/#local-main-place-address"},"geo":{"@type":"GeoCoordinates","latitude":"47.264176340396226","longitude":"11.380109057672346"},"telephone":["+43 699 19083372"],"openingHoursSpecification":[{"@type":"OpeningHoursSpecification","dayOfWeek":["Monday","Wednesday","Friday"],"opens":"14:00","closes":"18:00"},{"@type":"OpeningHoursSpecification","dayOfWeek":["Tuesday","Thursday","Saturday","Sunday"],"opens":"00:00","closes":"00:00"}],"email":"office@bolting.eu","vatID":"ATU59999728","priceRange":"$$","currenciesAccepted":"Euro"},{"@type":"PostalAddress","@id":"https:\/\/bolting.eu\/en\/shop\/lime-set-dy-expressschlinge-climbing-technology\/#local-main-place-address","streetAddress":"Fischnalerstra\u00dfe 4","addressLocality":"Innsbruck","postalCode":"6020","addressRegion":"Tirol","addressCountry":"AT"},{"@type":"ImageObject","inLanguage":"en-US","@id":"https:\/\/bolting.eu\/en\/shop\/lime-set-dy-expressschlinge-climbing-technology\/#local-main-organization-logo","url":"https:\/\/bolting.eu\/wp-content\/uploads\/2019\/09\/bolting-logo.png","contentUrl":"https:\/\/bolting.eu\/wp-content\/uploads\/2019\/09\/bolting-logo.png","width":400,"height":211,"caption":"bolting.eu"}]},"og_availability":"out of stock","product_availability":"out of stock","product_condition":"new","geo.placename":"Innsbruck","geo.position":{"lat":"47.264176340396226","long":"11.380109057672346"},"geo.region":"Austria"},"_links":{"self":[{"href":"https:\/\/bolting.eu\/en\/wp-json\/wp\/v2\/product\/2280","targetHints":{"allow":["GET"]}}],"collection":[{"href":"https:\/\/bolting.eu\/en\/wp-json\/wp\/v2\/product"}],"about":[{"href":"https:\/\/bolting.eu\/en\/wp-json\/wp\/v2\/types\/product"}],"replies":[{"embeddable":true,"href":"https:\/\/bolting.eu\/en\/wp-json\/wp\/v2\/comments?post=2280"}],"wp:featuredmedia":[{"embeddable":true,"href":"https:\/\/bolting.eu\/en\/wp-json\/wp\/v2\/media\/2287"}],"wp:attachment":[{"href":"https:\/\/bolting.eu\/en\/wp-json\/wp\/v2\/media?parent=2280"}],"wp:term":[{"taxonomy":"product_brand","embeddable":true,"href":"https:\/\/bolting.eu\/en\/wp-json\/wp\/v2\/product_brand?post=2280"},{"taxonomy":"product_cat","embeddable":true,"href":"https:\/\/bolting.eu\/en\/wp-json\/wp\/v2\/product_cat?post=2280"},{"taxonomy":"product_tag","embeddable":true,"href":"https:\/\/bolting.eu\/en\/wp-json\/wp\/v2\/product_tag?post=2280"}],"curies":[{"name":"wp","href":"https:\/\/api.w.org\/{rel}","templated":true}]}}