{"id":22504,"date":"2025-01-13T17:00:36","date_gmt":"2025-01-13T16:00:36","guid":{"rendered":"https:\/\/bolting.eu\/?post_type=product&#038;p=22504"},"modified":"2025-08-22T09:50:34","modified_gmt":"2025-08-22T07:50:34","slug":"grivel-transformer-bail","status":"publish","type":"product","link":"https:\/\/bolting.eu\/en\/shop\/grivel-transformer-bail\/","title":{"rendered":"Grivel Transformer Bail"},"content":{"rendered":"<p>Die Grivel Transformer Bail sind vordere <a href=\"https:\/\/bolting.eu\/produkt-kategorie\/bergsteiger-ausruestung\/steigeisen\/\">Steigeisen<\/a> K\u00f6rbchen. Diese ben\u00f6tigt man f\u00fcr Schuhe ohne Sohlenrand. Oder anders gesagt, wenn man vorne keine Kipphebel Bindung = &#8220;Cramp-o-Matic&#8221; verwenden kann.<\/p>\n<p>Die K\u00f6rbchen k\u00f6nnen leicht gegen die Cramp-o-Matic B\u00fcgel ausgetauscht werden.<\/p>\n<p>Verf\u00fcgbar sind die vorderen K\u00f6rbchen in drei Gr\u00f6\u00dfen. S f\u00fcr Zugangsschuhe, M f\u00fcr leichte Bergschuhe und L f\u00fcr feste Bergstiefel.<\/p>\n<h2>Eigenschaften Transformer bail<\/h2>\n<ul>\n<li>Hersteller: <a href=\"https:\/\/bolting.eu\/produkt-kategorie\/grivel\/\">Grivel<\/a><\/li>\n<li>Material: Stahl, Polyamid, Kunststoff<\/li>\n<li>f\u00fcr Grivel Modelle Air Tech, Ait Tech light, G12, G14, <a href=\"https:\/\/bolting.eu\/shop\/grivel-rambo-4\/\">Rambo 4<\/a>, <a href=\"https:\/\/bolting.eu\/shop\/grivel-g20-plus\/\">G20plus<\/a>, <a href=\"https:\/\/bolting.eu\/shop\/grivel-g22-plus\/\">G22 Plus<\/a><\/li>\n<li>Gr\u00f6\u00dfe S = 7cm Riemen f\u00fcr Zugangsschuhe<\/li>\n<li>Gr\u00f6\u00dfe M = 9cm f\u00fcr leichte Bergschuhe<\/li>\n<li>Gr\u00f6\u00dfe L = 11cm f\u00fcr feste Bergstiefel<\/li>\n<li>k\u00f6nnen leicht selber montiert werden<\/li>\n<li>Lieferumfang: 2 St\u00fcck = 1 Paar<\/li>\n<\/ul>\n<p><a href=\"https:\/\/bolting.eu\/wp-content\/uploads\/2025\/01\/Grivel-Transformer-Bail-Groessen.jpg\"><img loading=\"lazy\" decoding=\"async\" class=\"alignnone size-full wp-image-22511\" src=\"https:\/\/bolting.eu\/wp-content\/uploads\/2025\/01\/Grivel-Transformer-Bail-Groessen.jpg\" alt=\"Grafik mit drei unterschioedlichen Grivel Transformer Bails an Bergschuhen montiert.\" width=\"1024\" height=\"512\" srcset=\"https:\/\/bolting.eu\/wp-content\/uploads\/2025\/01\/Grivel-Transformer-Bail-Groessen.jpg 1024w, https:\/\/bolting.eu\/wp-content\/uploads\/2025\/01\/Grivel-Transformer-Bail-Groessen-800x400.jpg 800w, https:\/\/bolting.eu\/wp-content\/uploads\/2025\/01\/Grivel-Transformer-Bail-Groessen-768x384.jpg 768w, https:\/\/bolting.eu\/wp-content\/uploads\/2025\/01\/Grivel-Transformer-Bail-Groessen-510x255.jpg 510w, https:\/\/bolting.eu\/wp-content\/uploads\/2025\/01\/Grivel-Transformer-Bail-Groessen-100x50.jpg 100w\" sizes=\"auto, (max-width: 1024px) 100vw, 1024px\" \/><\/a><\/p>\n<h3>Gr\u00f6\u00dfen<\/h3>\n<p>Beachtet! <strong>Die Gr\u00f6\u00dfen der Transformer Bail richten sich nach den Schuhen die ihr verwendet.<\/strong><\/p>\n<p>D.h. die jeweiligen B\u00fcgel sind alle gleich breit, aber die Riemen sind unterschiedlich lange.<\/p>\n<h4><strong>Gr\u00f6\u00dfe S<br \/>\n<\/strong><br \/>\nDiese Gr\u00f6\u00dfe ist f\u00fcr Zugangsschuhe mit flacher Zehenbox gedacht. Folglich sind die Riemen hier nur 7cm lang.<\/h4>\n<p><a href=\"https:\/\/bolting.eu\/wp-content\/uploads\/2025\/01\/Grivel-Transformer-Bail-Groesse-S.jpg\"><img loading=\"lazy\" decoding=\"async\" class=\"alignnone wp-image-22510 size-medium\" src=\"https:\/\/bolting.eu\/wp-content\/uploads\/2025\/01\/Grivel-Transformer-Bail-Groesse-S-400x400.jpg\" alt=\"Zehenbox von schwarz-rotem Zugangsschuh mit Grivel Transformer Bail S montiert\" width=\"400\" height=\"400\" srcset=\"https:\/\/bolting.eu\/wp-content\/uploads\/2025\/01\/Grivel-Transformer-Bail-Groesse-S-400x400.jpg 400w, https:\/\/bolting.eu\/wp-content\/uploads\/2025\/01\/Grivel-Transformer-Bail-Groesse-S-280x280.jpg 280w, https:\/\/bolting.eu\/wp-content\/uploads\/2025\/01\/Grivel-Transformer-Bail-Groesse-S-247x247.jpg 247w, https:\/\/bolting.eu\/wp-content\/uploads\/2025\/01\/Grivel-Transformer-Bail-Groesse-S-510x510.jpg 510w, https:\/\/bolting.eu\/wp-content\/uploads\/2025\/01\/Grivel-Transformer-Bail-Groesse-S-100x100.jpg 100w, https:\/\/bolting.eu\/wp-content\/uploads\/2025\/01\/Grivel-Transformer-Bail-Groesse-S.jpg 700w\" sizes=\"auto, (max-width: 400px) 100vw, 400px\" \/><\/a><\/p>\n<h4><strong>Gr\u00f6\u00dfe M<\/strong><\/h4>\n<p>Diese Gr\u00f6\u00dfe ist f\u00fcr leichter Bergschuhe mit mittelgro\u00dfer Zehenbox gedacht. Folglich sind hier die Riemen etwas l\u00e4nger. N\u00e4mlich 9cm.<\/p>\n<p><a href=\"https:\/\/bolting.eu\/wp-content\/uploads\/2025\/01\/Grivel-Transformer-Bail-Size-M.jpg\"><img loading=\"lazy\" decoding=\"async\" class=\"alignnone wp-image-22509 size-medium\" src=\"https:\/\/bolting.eu\/wp-content\/uploads\/2025\/01\/Grivel-Transformer-Bail-Size-M-400x400.jpg\" alt=\"Zehenbox von schwarz-orangem Bergschuh mit Grivel Transformer Bail m montiert\" width=\"400\" height=\"400\" srcset=\"https:\/\/bolting.eu\/wp-content\/uploads\/2025\/01\/Grivel-Transformer-Bail-Size-M-400x400.jpg 400w, https:\/\/bolting.eu\/wp-content\/uploads\/2025\/01\/Grivel-Transformer-Bail-Size-M-280x280.jpg 280w, https:\/\/bolting.eu\/wp-content\/uploads\/2025\/01\/Grivel-Transformer-Bail-Size-M-247x247.jpg 247w, https:\/\/bolting.eu\/wp-content\/uploads\/2025\/01\/Grivel-Transformer-Bail-Size-M-510x510.jpg 510w, https:\/\/bolting.eu\/wp-content\/uploads\/2025\/01\/Grivel-Transformer-Bail-Size-M-100x100.jpg 100w, https:\/\/bolting.eu\/wp-content\/uploads\/2025\/01\/Grivel-Transformer-Bail-Size-M.jpg 700w\" sizes=\"auto, (max-width: 400px) 100vw, 400px\" \/><\/a><\/p>\n<h4><strong>Gr\u00f6\u00dfe L<\/strong><\/h4>\n<p>Diese Gr\u00f6\u00dfe ist f\u00fcr feste Bergstiefel mit sehr gro\u00dfer Zehenbox gedacht. Hier sind die Riemen 11cm lang.<\/p>\n<p><a href=\"https:\/\/bolting.eu\/wp-content\/uploads\/2025\/01\/Grivel-Transformer-Baiul-size-L.jpg\"><img loading=\"lazy\" decoding=\"async\" class=\"alignnone wp-image-22508 size-medium\" src=\"https:\/\/bolting.eu\/wp-content\/uploads\/2025\/01\/Grivel-Transformer-Baiul-size-L-400x400.jpg\" alt=\"Spitze von Bergschuh mit vorderem Grivel Steigeisen K\u00f6rbchen montiert.\" width=\"400\" height=\"400\" srcset=\"https:\/\/bolting.eu\/wp-content\/uploads\/2025\/01\/Grivel-Transformer-Baiul-size-L-400x400.jpg 400w, https:\/\/bolting.eu\/wp-content\/uploads\/2025\/01\/Grivel-Transformer-Baiul-size-L-280x280.jpg 280w, https:\/\/bolting.eu\/wp-content\/uploads\/2025\/01\/Grivel-Transformer-Baiul-size-L-247x247.jpg 247w, https:\/\/bolting.eu\/wp-content\/uploads\/2025\/01\/Grivel-Transformer-Baiul-size-L-510x510.jpg 510w, https:\/\/bolting.eu\/wp-content\/uploads\/2025\/01\/Grivel-Transformer-Baiul-size-L-100x100.jpg 100w, https:\/\/bolting.eu\/wp-content\/uploads\/2025\/01\/Grivel-Transformer-Baiul-size-L.jpg 700w\" sizes=\"auto, (max-width: 400px) 100vw, 400px\" \/><\/a><\/p>\n","protected":false},"excerpt":{"rendered":"<p>Ein Paar vordere Grivel Steigeisen K\u00f6rbchen f\u00fcr Schuhe ohne Sohlenrand.<\/p>\n<p>Erh\u00e4ltlich in drei Gr\u00f6\u00dfen f\u00fcr Zugangsschuhe, leichte Bergschuhe und feste Bergstiefel.<\/p>\n<p>Versandkostenfrei bis 2kg in <img decoding=\"async\" class=\"emoji\" role=\"img\" draggable=\"false\" src=\"https:\/\/s.w.org\/images\/core\/emoji\/14.0.0\/svg\/1f1e6-1f1f9.svg\" alt=\"\ud83c\udde6\ud83c\uddf9\" \/> ab \u20ac 100,- und <img decoding=\"async\" class=\"emoji\" role=\"img\" draggable=\"false\" src=\"https:\/\/s.w.org\/images\/core\/emoji\/14.0.0\/svg\/1f1e9-1f1ea.svg\" alt=\"\ud83c\udde9\ud83c\uddea\" \/> ab \u20ac 200,-!<\/p>\n","protected":false},"featured_media":22507,"comment_status":"closed","ping_status":"closed","template":"","meta":[],"product_brand":[],"product_cat":[13938,14356,4667],"product_tag":[],"class_list":{"0":"post-22504","1":"product","2":"type-product","3":"status-publish","4":"has-post-thumbnail","6":"product_cat-bergsteiger-ausruestung","7":"product_cat-steigeisen-ersatzteile-zubehoer","8":"product_cat-grivel","10":"first","11":"instock","12":"taxable","13":"shipping-taxable","14":"purchasable","15":"product-type-variable"},"yoast_head":"<!-- This site is optimized with the Yoast SEO Premium plugin v26.9 (Yoast SEO v26.9) - https:\/\/yoast.com\/product\/yoast-seo-premium-wordpress\/ -->\n<title>Grivel Transformer Bail - vorderes Steigeisenk\u00f6rbchen | bolting.eu<\/title>\n<meta name=\"description\" content=\"Grivel Transformer Bail vorderes Steigeisenk\u00f6rbchen online kaufen \u2705 Trusted Shop \u2705 kostenloser Versand* \u2705 14 Tage R\u00fcckgaberecht \u2705 Co2 neutrale Zustellung\" \/>\n<meta name=\"robots\" content=\"index, follow, max-snippet:-1, max-image-preview:large, max-video-preview:-1\" \/>\n<link rel=\"canonical\" href=\"https:\/\/bolting.eu\/en\/shop\/grivel-transformer-bail\/\" \/>\n<meta property=\"og:locale\" content=\"en_US\" \/>\n<meta property=\"og:type\" content=\"article\" \/>\n<meta property=\"og:title\" content=\"Grivel Transformer Bail\" \/>\n<meta property=\"og:description\" content=\"Grivel Transformer Bail vorderes Steigeisenk\u00f6rbchen online kaufen \u2705 Trusted Shop \u2705 kostenloser Versand* \u2705 14 Tage R\u00fcckgaberecht \u2705 Co2 neutrale Zustellung\" \/>\n<meta property=\"og:url\" content=\"https:\/\/bolting.eu\/en\/shop\/grivel-transformer-bail\/\" \/>\n<meta property=\"og:site_name\" content=\"bolting.eu\" \/>\n<meta property=\"article:publisher\" content=\"https:\/\/www.facebook.com\/bolting.eu\" \/>\n<meta property=\"article:modified_time\" content=\"2025-08-22T07:50:34+00:00\" \/>\n<meta property=\"og:image\" content=\"https:\/\/bolting.eu\/wp-content\/uploads\/2025\/01\/Transformer-Bail-S.jpg\" \/>\n\t<meta property=\"og:image:width\" content=\"700\" \/>\n\t<meta property=\"og:image:height\" content=\"700\" \/>\n\t<meta property=\"og:image:type\" content=\"image\/jpeg\" \/>\n<meta name=\"twitter:card\" content=\"summary_large_image\" \/>\n<meta name=\"twitter:label1\" content=\"Availability\" \/>\n\t<meta name=\"twitter:data1\" content=\"In stock\" \/>\n<script type=\"application\/ld+json\" class=\"yoast-schema-graph\">{\"@context\":\"https:\/\/schema.org\",\"@graph\":[{\"@type\":[\"WebPage\",\"ItemPage\"],\"@id\":\"https:\/\/bolting.eu\/en\/shop\/grivel-transformer-bail\/\",\"url\":\"https:\/\/bolting.eu\/en\/shop\/grivel-transformer-bail\/\",\"name\":\"Grivel Transformer Bail - vorderes Steigeisenk\u00f6rbchen | bolting.eu\",\"isPartOf\":{\"@id\":\"https:\/\/bolting.eu\/en\/#website\"},\"primaryImageOfPage\":{\"@id\":\"https:\/\/bolting.eu\/en\/shop\/grivel-transformer-bail\/#primaryimage\"},\"image\":{\"@id\":\"https:\/\/bolting.eu\/en\/shop\/grivel-transformer-bail\/#primaryimage\"},\"thumbnailUrl\":\"https:\/\/bolting.eu\/wp-content\/uploads\/2025\/01\/Transformer-Bail-S.jpg\",\"datePublished\":\"2025-01-13T16:00:36+00:00\",\"dateModified\":\"2025-08-22T07:50:34+00:00\",\"description\":\"Grivel Transformer Bail vorderes Steigeisenk\u00f6rbchen online kaufen \u2705 Trusted Shop \u2705 kostenloser Versand* \u2705 14 Tage R\u00fcckgaberecht \u2705 Co2 neutrale Zustellung\",\"breadcrumb\":{\"@id\":\"https:\/\/bolting.eu\/en\/shop\/grivel-transformer-bail\/#breadcrumb\"},\"inLanguage\":\"en-US\",\"potentialAction\":[{\"@type\":\"ReadAction\",\"target\":[\"https:\/\/bolting.eu\/en\/shop\/grivel-transformer-bail\/\"]}]},{\"@type\":\"ImageObject\",\"inLanguage\":\"en-US\",\"@id\":\"https:\/\/bolting.eu\/en\/shop\/grivel-transformer-bail\/#primaryimage\",\"url\":\"https:\/\/bolting.eu\/wp-content\/uploads\/2025\/01\/Transformer-Bail-S.jpg\",\"contentUrl\":\"https:\/\/bolting.eu\/wp-content\/uploads\/2025\/01\/Transformer-Bail-S.jpg\",\"width\":700,\"height\":700,\"caption\":\"Schwarz-gelbes Paar Grivel Transformer Bail S vordere Steigeisenk\u00f6rbchen auf wei\u00dfem Quadrat.\"},{\"@type\":\"BreadcrumbList\",\"@id\":\"https:\/\/bolting.eu\/en\/shop\/grivel-transformer-bail\/#breadcrumb\",\"itemListElement\":[{\"@type\":\"ListItem\",\"position\":1,\"name\":\"Shop\",\"item\":\"https:\/\/bolting.eu\/en\/shop\/\"},{\"@type\":\"ListItem\",\"position\":2,\"name\":\"Bergsteiger Ausr\u00fcstung\",\"item\":\"https:\/\/bolting.eu\/en\/produkt-kategorie\/bergsteiger-ausruestung\/\"},{\"@type\":\"ListItem\",\"position\":3,\"name\":\"Steigeisen Ersatzteile - Zubeh\u00f6r\",\"item\":\"https:\/\/bolting.eu\/produkt-kategorie\/bergsteiger-ausruestung\/steigeisen-ersatzteile-zubehoer\/\"},{\"@type\":\"ListItem\",\"position\":4,\"name\":\"Grivel Transformer Bail\"}]},{\"@type\":\"WebSite\",\"@id\":\"https:\/\/bolting.eu\/en\/#website\",\"url\":\"https:\/\/bolting.eu\/en\/\",\"name\":\"bolting.eu\",\"description\":\"we make climbs happen\",\"publisher\":{\"@id\":\"https:\/\/bolting.eu\/en\/#organization\"},\"potentialAction\":[{\"@type\":\"SearchAction\",\"target\":{\"@type\":\"EntryPoint\",\"urlTemplate\":\"https:\/\/bolting.eu\/en\/?s={search_term_string}\"},\"query-input\":{\"@type\":\"PropertyValueSpecification\",\"valueRequired\":true,\"valueName\":\"search_term_string\"}}],\"inLanguage\":\"en-US\"},{\"@type\":[\"Organization\",\"Place\",\"SportingGoodsStore\"],\"@id\":\"https:\/\/bolting.eu\/en\/#organization\",\"name\":\"bolting.eu\",\"url\":\"https:\/\/bolting.eu\/en\/\",\"logo\":{\"@id\":\"https:\/\/bolting.eu\/en\/shop\/grivel-transformer-bail\/#local-main-organization-logo\"},\"image\":{\"@id\":\"https:\/\/bolting.eu\/en\/shop\/grivel-transformer-bail\/#local-main-organization-logo\"},\"sameAs\":[\"https:\/\/www.facebook.com\/bolting.eu\",\"https:\/\/www.instagram.com\/bolting.eu\/\"],\"address\":{\"@id\":\"https:\/\/bolting.eu\/en\/shop\/grivel-transformer-bail\/#local-main-place-address\"},\"geo\":{\"@type\":\"GeoCoordinates\",\"latitude\":\"47.264176340396226\",\"longitude\":\"11.380109057672346\"},\"telephone\":[\"+43 699 19083372\"],\"openingHoursSpecification\":[{\"@type\":\"OpeningHoursSpecification\",\"dayOfWeek\":[\"Monday\",\"Wednesday\",\"Friday\"],\"opens\":\"14:00\",\"closes\":\"18:00\"},{\"@type\":\"OpeningHoursSpecification\",\"dayOfWeek\":[\"Tuesday\",\"Thursday\",\"Saturday\",\"Sunday\"],\"opens\":\"00:00\",\"closes\":\"00:00\"}],\"email\":\"office@bolting.eu\",\"vatID\":\"ATU59999728\",\"priceRange\":\"$$\",\"currenciesAccepted\":\"Euro\"},{\"@type\":\"PostalAddress\",\"@id\":\"https:\/\/bolting.eu\/en\/shop\/grivel-transformer-bail\/#local-main-place-address\",\"streetAddress\":\"Fischnalerstra\u00dfe 4\",\"addressLocality\":\"Innsbruck\",\"postalCode\":\"6020\",\"addressRegion\":\"Tirol\",\"addressCountry\":\"AT\"},{\"@type\":\"ImageObject\",\"inLanguage\":\"en-US\",\"@id\":\"https:\/\/bolting.eu\/en\/shop\/grivel-transformer-bail\/#local-main-organization-logo\",\"url\":\"https:\/\/bolting.eu\/wp-content\/uploads\/2019\/09\/bolting-logo.png\",\"contentUrl\":\"https:\/\/bolting.eu\/wp-content\/uploads\/2019\/09\/bolting-logo.png\",\"width\":400,\"height\":211,\"caption\":\"bolting.eu\"}]}<\/script>\n<meta property=\"og:availability\" content=\"instock\" \/>\n<meta property=\"product:availability\" content=\"instock\" \/>\n<meta property=\"product:condition\" content=\"new\" \/>\n<meta name=\"geo.placename\" content=\"Innsbruck\" \/>\n<meta name=\"geo.position\" content=\"47.264176340396226;11.380109057672346\" \/>\n<meta name=\"geo.region\" content=\"Austria\" \/>\n<!-- \/ Yoast SEO Premium plugin. -->","yoast_head_json":{"title":"Grivel Transformer Bail - vorderes Steigeisenk\u00f6rbchen | bolting.eu","description":"Grivel Transformer Bail vorderes Steigeisenk\u00f6rbchen online kaufen \u2705 Trusted Shop \u2705 kostenloser Versand* \u2705 14 Tage R\u00fcckgaberecht \u2705 Co2 neutrale Zustellung","robots":{"index":"index","follow":"follow","max-snippet":"max-snippet:-1","max-image-preview":"max-image-preview:large","max-video-preview":"max-video-preview:-1"},"canonical":"https:\/\/bolting.eu\/en\/shop\/grivel-transformer-bail\/","og_locale":"en_US","og_type":"article","og_title":"Grivel Transformer Bail","og_description":"Grivel Transformer Bail vorderes Steigeisenk\u00f6rbchen online kaufen \u2705 Trusted Shop \u2705 kostenloser Versand* \u2705 14 Tage R\u00fcckgaberecht \u2705 Co2 neutrale Zustellung","og_url":"https:\/\/bolting.eu\/en\/shop\/grivel-transformer-bail\/","og_site_name":"bolting.eu","article_publisher":"https:\/\/www.facebook.com\/bolting.eu","article_modified_time":"2025-08-22T07:50:34+00:00","og_image":[{"width":700,"height":700,"url":"https:\/\/bolting.eu\/wp-content\/uploads\/2025\/01\/Transformer-Bail-S.jpg","type":"image\/jpeg"}],"twitter_card":"summary_large_image","twitter_misc":{"Availability":"In stock"},"schema":{"@context":"https:\/\/schema.org","@graph":[{"@type":["WebPage","ItemPage"],"@id":"https:\/\/bolting.eu\/en\/shop\/grivel-transformer-bail\/","url":"https:\/\/bolting.eu\/en\/shop\/grivel-transformer-bail\/","name":"Grivel Transformer Bail - vorderes Steigeisenk\u00f6rbchen | bolting.eu","isPartOf":{"@id":"https:\/\/bolting.eu\/en\/#website"},"primaryImageOfPage":{"@id":"https:\/\/bolting.eu\/en\/shop\/grivel-transformer-bail\/#primaryimage"},"image":{"@id":"https:\/\/bolting.eu\/en\/shop\/grivel-transformer-bail\/#primaryimage"},"thumbnailUrl":"https:\/\/bolting.eu\/wp-content\/uploads\/2025\/01\/Transformer-Bail-S.jpg","datePublished":"2025-01-13T16:00:36+00:00","dateModified":"2025-08-22T07:50:34+00:00","description":"Grivel Transformer Bail vorderes Steigeisenk\u00f6rbchen online kaufen \u2705 Trusted Shop \u2705 kostenloser Versand* \u2705 14 Tage R\u00fcckgaberecht \u2705 Co2 neutrale Zustellung","breadcrumb":{"@id":"https:\/\/bolting.eu\/en\/shop\/grivel-transformer-bail\/#breadcrumb"},"inLanguage":"en-US","potentialAction":[{"@type":"ReadAction","target":["https:\/\/bolting.eu\/en\/shop\/grivel-transformer-bail\/"]}]},{"@type":"ImageObject","inLanguage":"en-US","@id":"https:\/\/bolting.eu\/en\/shop\/grivel-transformer-bail\/#primaryimage","url":"https:\/\/bolting.eu\/wp-content\/uploads\/2025\/01\/Transformer-Bail-S.jpg","contentUrl":"https:\/\/bolting.eu\/wp-content\/uploads\/2025\/01\/Transformer-Bail-S.jpg","width":700,"height":700,"caption":"Schwarz-gelbes Paar Grivel Transformer Bail S vordere Steigeisenk\u00f6rbchen auf wei\u00dfem Quadrat."},{"@type":"BreadcrumbList","@id":"https:\/\/bolting.eu\/en\/shop\/grivel-transformer-bail\/#breadcrumb","itemListElement":[{"@type":"ListItem","position":1,"name":"Shop","item":"https:\/\/bolting.eu\/en\/shop\/"},{"@type":"ListItem","position":2,"name":"Bergsteiger Ausr\u00fcstung","item":"https:\/\/bolting.eu\/en\/produkt-kategorie\/bergsteiger-ausruestung\/"},{"@type":"ListItem","position":3,"name":"Steigeisen Ersatzteile - Zubeh\u00f6r","item":"https:\/\/bolting.eu\/produkt-kategorie\/bergsteiger-ausruestung\/steigeisen-ersatzteile-zubehoer\/"},{"@type":"ListItem","position":4,"name":"Grivel Transformer Bail"}]},{"@type":"WebSite","@id":"https:\/\/bolting.eu\/en\/#website","url":"https:\/\/bolting.eu\/en\/","name":"bolting.eu","description":"we make climbs happen","publisher":{"@id":"https:\/\/bolting.eu\/en\/#organization"},"potentialAction":[{"@type":"SearchAction","target":{"@type":"EntryPoint","urlTemplate":"https:\/\/bolting.eu\/en\/?s={search_term_string}"},"query-input":{"@type":"PropertyValueSpecification","valueRequired":true,"valueName":"search_term_string"}}],"inLanguage":"en-US"},{"@type":["Organization","Place","SportingGoodsStore"],"@id":"https:\/\/bolting.eu\/en\/#organization","name":"bolting.eu","url":"https:\/\/bolting.eu\/en\/","logo":{"@id":"https:\/\/bolting.eu\/en\/shop\/grivel-transformer-bail\/#local-main-organization-logo"},"image":{"@id":"https:\/\/bolting.eu\/en\/shop\/grivel-transformer-bail\/#local-main-organization-logo"},"sameAs":["https:\/\/www.facebook.com\/bolting.eu","https:\/\/www.instagram.com\/bolting.eu\/"],"address":{"@id":"https:\/\/bolting.eu\/en\/shop\/grivel-transformer-bail\/#local-main-place-address"},"geo":{"@type":"GeoCoordinates","latitude":"47.264176340396226","longitude":"11.380109057672346"},"telephone":["+43 699 19083372"],"openingHoursSpecification":[{"@type":"OpeningHoursSpecification","dayOfWeek":["Monday","Wednesday","Friday"],"opens":"14:00","closes":"18:00"},{"@type":"OpeningHoursSpecification","dayOfWeek":["Tuesday","Thursday","Saturday","Sunday"],"opens":"00:00","closes":"00:00"}],"email":"office@bolting.eu","vatID":"ATU59999728","priceRange":"$$","currenciesAccepted":"Euro"},{"@type":"PostalAddress","@id":"https:\/\/bolting.eu\/en\/shop\/grivel-transformer-bail\/#local-main-place-address","streetAddress":"Fischnalerstra\u00dfe 4","addressLocality":"Innsbruck","postalCode":"6020","addressRegion":"Tirol","addressCountry":"AT"},{"@type":"ImageObject","inLanguage":"en-US","@id":"https:\/\/bolting.eu\/en\/shop\/grivel-transformer-bail\/#local-main-organization-logo","url":"https:\/\/bolting.eu\/wp-content\/uploads\/2019\/09\/bolting-logo.png","contentUrl":"https:\/\/bolting.eu\/wp-content\/uploads\/2019\/09\/bolting-logo.png","width":400,"height":211,"caption":"bolting.eu"}]},"og_availability":"instock","product_availability":"instock","product_condition":"new","geo.placename":"Innsbruck","geo.position":{"lat":"47.264176340396226","long":"11.380109057672346"},"geo.region":"Austria"},"_links":{"self":[{"href":"https:\/\/bolting.eu\/en\/wp-json\/wp\/v2\/product\/22504","targetHints":{"allow":["GET"]}}],"collection":[{"href":"https:\/\/bolting.eu\/en\/wp-json\/wp\/v2\/product"}],"about":[{"href":"https:\/\/bolting.eu\/en\/wp-json\/wp\/v2\/types\/product"}],"replies":[{"embeddable":true,"href":"https:\/\/bolting.eu\/en\/wp-json\/wp\/v2\/comments?post=22504"}],"wp:featuredmedia":[{"embeddable":true,"href":"https:\/\/bolting.eu\/en\/wp-json\/wp\/v2\/media\/22507"}],"wp:attachment":[{"href":"https:\/\/bolting.eu\/en\/wp-json\/wp\/v2\/media?parent=22504"}],"wp:term":[{"taxonomy":"product_brand","embeddable":true,"href":"https:\/\/bolting.eu\/en\/wp-json\/wp\/v2\/product_brand?post=22504"},{"taxonomy":"product_cat","embeddable":true,"href":"https:\/\/bolting.eu\/en\/wp-json\/wp\/v2\/product_cat?post=22504"},{"taxonomy":"product_tag","embeddable":true,"href":"https:\/\/bolting.eu\/en\/wp-json\/wp\/v2\/product_tag?post=22504"}],"curies":[{"name":"wp","href":"https:\/\/api.w.org\/{rel}","templated":true}]}}