{"id":2249,"date":"2020-03-18T13:01:43","date_gmt":"2020-03-18T12:01:43","guid":{"rendered":"https:\/\/bolting.eu\/?post_type=product&#038;p=2249"},"modified":"2021-03-04T16:59:41","modified_gmt":"2021-03-04T15:59:41","slug":"omega-pacific-link-cam","status":"publish","type":"product","link":"https:\/\/bolting.eu\/en\/shop\/omega-pacific-link-cam\/","title":{"rendered":"Omega Pacific Link Cam"},"content":{"rendered":"<p>Der Omega Pacific Link Cam ist ein innovatives Klemmger\u00e4t. Das Besondere an den Klemmger\u00e4ten ist, dass sie mehrteilige, bewegliche Klemmsegmente haben. Sie falten sich in zwei zus\u00e4tzlichen Schichten um ein Kernsegment. Somit kann man die Friends quasi auf drei unterschiedliche Gr\u00f6\u00dfen einstellen. Super genial!<\/p>\n<h3>So funktioniert der Omega Pacific Link Cam<\/h3>\n<p>Das folgende Video zeigt genau, wie diese Cams funktionieren:<\/p>\n<p><iframe loading=\"lazy\" src=\"https:\/\/www.youtube.com\/embed\/-zw1EUs_64A?list=TLPQMTgwMzIwMjAV3ZN8oR1Nww\" width=\"100%\" height=\"450\" frameborder=\"0\" allowfullscreen=\"allowfullscreen\"><span data-mce-type=\"bookmark\" style=\"display: inline-block; width: 0px; overflow: hidden; line-height: 0;\" class=\"mce_SELRES_start\">\ufeff<\/span><\/iframe><\/p>\n<p>&nbsp;<\/p>\n<h3>4 Friends do it all!<\/h3>\n<p>Die Omega Pacific Link Cam ist in\u00a0vier Gr\u00f6\u00dfen erh\u00e4ltlich. Diese vier Gr\u00f6\u00dfen alleine decken eine potentielle Rissbreite von 13,5 bis 64mm ab. Und damit sind wir auch schon beim Haupt Produktvorteil dieser Klemmger\u00e4te. Ihre F\u00e4higkeit mit einem einzigen Cam eine hohe Bandbreite an Rissgr\u00f6\u00dfer abzudecken. W\u00e4hrend man bei anderen Klemmger\u00e4ten ein ganzes Set braucht, reichen hier wenige St\u00fcck aus.<\/p>\n<h3>\u00dcbersichtstabelle<\/h3>\n<table width=\"100%\" cellspacing=\"1\" cellpadding=\"1\">\n<tbody>\n<tr bgcolor=\"#CCCCCC\">\n<td width=\"20%\"><strong>Gr\u00f6\u00dfe<\/strong><\/td>\n<td width=\"20%\"><strong>0.5<\/strong><\/td>\n<td width=\"20%\"><strong>0.75<\/strong><\/td>\n<td width=\"20%\"><strong>1.0<\/strong><\/td>\n<td width=\"20%\"><strong>2.0<\/strong><\/td>\n<\/tr>\n<tr>\n<td width=\"20%\">Farbe<\/td>\n<td width=\"20%\">Lila<\/td>\n<td width=\"20%\">Gr\u00fcn<\/td>\n<td width=\"20%\">Rot<\/td>\n<td width=\"20%\">Gold<\/td>\n<\/tr>\n<tr bgcolor=\"#EBEBEB\">\n<td width=\"20%\">Rissbreite in mm<\/td>\n<td width=\"20%\">13,5 &#8211; 35<\/td>\n<td width=\"20%\">17,8 &#8211; 44,5<\/td>\n<td width=\"20%\">21,1 &#8211; 53,3<\/td>\n<td width=\"20%\">25,4 &#8211; 64<\/td>\n<\/tr>\n<tr>\n<td width=\"20%\">Gewicht in Gramm<\/td>\n<td width=\"20%\">ca. 95<\/td>\n<td width=\"20%\">ca. 113<\/td>\n<td width=\"20%\">ca. 182<\/td>\n<td width=\"20%\">ca. 212<\/td>\n<\/tr>\n<tr bgcolor=\"#EBEBEB\">\n<td width=\"20%\">Bruchlast in kN<\/td>\n<td width=\"20%\">8<\/td>\n<td width=\"20%\">10<\/td>\n<td width=\"20%\">14<\/td>\n<td width=\"20%\">14<\/td>\n<\/tr>\n<tr>\n<td width=\"20%\">Preis in Euro<\/td>\n<td width=\"20%\">129,-<\/td>\n<td width=\"20%\">129,-<\/td>\n<td width=\"20%\">139,-<\/td>\n<td width=\"20%\">139,-<\/td>\n<\/tr>\n<\/tbody>\n<\/table>\n<h3>Eigenschaften Omega Pacific Link Cam<\/h3>\n<p>Im Folgenden Listen wir die zus\u00e4tzlich wichtigsten Features des Link Cam<\/p>\n<ul>\n<li>Hersteller: Omega Pacific<\/li>\n<li>Gewicht: 95 bis 212 Gramm<\/li>\n<li>Bruchlasten: 8kN bis 14 kN<\/li>\n<li>Rissbreiten: 13,5 bis 64mm<\/li>\n<li>innovativer Friend mit mehreren Klemmsegmenten<\/li>\n<li>ideal als Erg\u00e4nzung zu Set mit durchgehenden Gr\u00f6\u00dfen<\/li>\n<\/ul>\n<h3>Praxis Tipp<\/h3>\n<p><a href=\"https:\/\/bolting.eu\/wp-content\/uploads\/2020\/03\/Omega-Pacific-Link-Cam-Funktionsweise.jpg\"><img loading=\"lazy\" decoding=\"async\" class=\"size-thumbnail wp-image-2254 alignleft\" src=\"https:\/\/bolting.eu\/wp-content\/uploads\/2020\/03\/Omega-Pacific-Link-Cam-Funktionsweise-280x280.jpg\" alt=\"Das Bild zeigt einen gelben Friuend in drei verschiedenen Gr\u00f6\u00dfen Einstellungen.\" width=\"280\" height=\"280\" srcset=\"https:\/\/bolting.eu\/wp-content\/uploads\/2020\/03\/Omega-Pacific-Link-Cam-Funktionsweise-280x280.jpg 280w, https:\/\/bolting.eu\/wp-content\/uploads\/2020\/03\/Omega-Pacific-Link-Cam-Funktionsweise-247x247.jpg 247w, https:\/\/bolting.eu\/wp-content\/uploads\/2020\/03\/Omega-Pacific-Link-Cam-Funktionsweise-100x100.jpg 100w, https:\/\/bolting.eu\/wp-content\/uploads\/2020\/03\/Omega-Pacific-Link-Cam-Funktionsweise-510x510.jpg 510w, https:\/\/bolting.eu\/wp-content\/uploads\/2020\/03\/Omega-Pacific-Link-Cam-Funktionsweise-400x400.jpg 400w, https:\/\/bolting.eu\/wp-content\/uploads\/2020\/03\/Omega-Pacific-Link-Cam-Funktionsweise-300x300.jpg 300w, https:\/\/bolting.eu\/wp-content\/uploads\/2020\/03\/Omega-Pacific-Link-Cam-Funktionsweise-600x600.jpg 600w, https:\/\/bolting.eu\/wp-content\/uploads\/2020\/03\/Omega-Pacific-Link-Cam-Funktionsweise.jpg 700w\" sizes=\"auto, (max-width: 280px) 100vw, 280px\" \/><\/a>Aus Erfahrung geht es beim Trad Klettern oder Alpinklettern immer um eine vern\u00fcnftige Anzahl an Sicherungspunkten. Folglich sind viert St\u00fcck des Omega Pacific Link Cam sicher zu wenig. Wir empfehlen die Klemmger\u00e4te daher als sinnvolle Erg\u00e4nzung zu einem regul\u00e4ren Friend Set. D.h. wenn die gew\u00fcnschte Cam Gr\u00f6\u00dfe bereits irgendwo verbaut ist, kann man den Link Cam super vielseitig einsetzen. Folglich ist es am besten diese Friends am Ende einer Seill\u00e4nge als Reserve am Gurt zu haben!<\/p>\n<p>Beispielsweise wenn man einen Stand baut. Hier ist eine gro\u00dfe Bandbreite des Friends super praktisch!<\/p>\n<p>&#8220;Wandern&#8221; der Cams verhindern<\/p>\n<p>Der Omega Pacific Link Cam kann durch die Wackelbewegung des Seils tief in den Riss wandern. H\u00e4ngt eine zus\u00e4tzliche Expressschlinge ein um den Effekt des &#8220;Wanderns&#8221; abzufedern. Ideal sind 60cm <a href=\"https:\/\/bolting.eu\/produkt-kategorie\/bandschlinge\/\">Bandschlingen<\/a> Expressen!<\/p>\n<p>&nbsp;<\/p>\n<h3>Verwendung beim Einbohren<\/h3>\n<p>Wer sich beim <a href=\"https:\/\/bolting.eu\/kletterroute-einbohren\/\">Kletterroute einbohren<\/a> in Rissen an der Felswand fixieren will, ist beim Omega Pacific Link Cam goldrichtig! Wir empfehlen die zwei kleinsten Gr\u00f6\u00dfen sowohl bei der <a href=\"https:\/\/bolting.eu\/consulting-errichtung\/klettergarten-errichtung\/\">Klettergarten Errichtung<\/a> als auch bei der Anbringung von <a href=\"https:\/\/bolting.eu\/produkt-kategorie\/klettersteigbau-klettersteigmaterial\/\">Material f\u00fcr den Klettersteigbau<\/a>.<\/p>\n<h3>Omega Pacific Link Cam warten<\/h3>\n<p>Reinigt Eure Klemmger\u00e4te regelm\u00e4\u00dfig und sorgsam. Erstens mit lauwarmen Wasser abwaschen. Zweitens den Schmutz durch &#8220;Aufschlagen&#8221; in der Hand herausl\u00f6sen. Drittens an der lLuft trocknen lassen. Viertens mit einem <a href=\"https:\/\/bolting.eu\/shop\/kong-kletterausruestung-pflegeoel\/\">Karabiner Pflege\u00f6l<\/a> einschmieren. So gleiten die Klemmsegmente reibungslos und die Federn bleiben geschmeidigt.<\/p>\n<p>Link Tipp: Die Cams gleich mal ausprobieren, zum Beispiel beim <a href=\"https:\/\/maltatal.rocks\" target=\"_blank\" rel=\"noopener noreferrer\">Klettern in K\u00e4rnten<\/a>!<\/p>\n<p>&nbsp;<\/p>\n","protected":false},"excerpt":{"rendered":"<ul>\n<li>Hersteller: Omega Pacific<\/li>\n<li>Gewicht: 95 bis 212 Gramm<\/li>\n<li>Bruchlasten: 8kN bis 14 kN<\/li>\n<li>Rissbreiten: 13,5 bis 64mm<\/li>\n<li>innovativer Friend mit mehreren Klemmsegmenten<\/li>\n<li>ideal als Erg\u00e4nzung zu Set mit durchgehenden Gr\u00f6\u00dfen<\/li>\n<\/ul>\n","protected":false},"featured_media":2250,"comment_status":"closed","ping_status":"closed","template":"","meta":[],"product_brand":[],"product_cat":[31,39,29],"product_tag":[262,265],"class_list":{"0":"post-2249","1":"product","2":"type-product","3":"status-publish","4":"has-post-thumbnail","6":"product_cat-big-wall-ausruestung","7":"product_cat-klemmgeraete-friends","8":"product_cat-kletterausruestung","9":"product_tag-alpinklettern","10":"product_tag-big-wall-klettern","12":"first","13":"outofstock","14":"taxable","15":"shipping-taxable","16":"purchasable","17":"product-type-variable"},"yoast_head":"<!-- This site is optimized with the Yoast SEO Premium plugin v26.9 (Yoast SEO v26.9) - https:\/\/yoast.com\/product\/yoast-seo-premium-wordpress\/ -->\n<title>Omega Pacific Link Cam : jetzt online kaufen bei bolting.eu<\/title>\n<meta name=\"description\" content=\"Hier findet ihr den Omega Pacific Link Cam in allen Gr\u00f6\u00dfen! Ein super innoivatives Klemmhger\u00e4t das ideal als Erg\u00e4nzung f\u00fcr ein durchegehndes Friend Set ist!\" \/>\n<meta name=\"robots\" content=\"index, follow, max-snippet:-1, max-image-preview:large, max-video-preview:-1\" \/>\n<link rel=\"canonical\" href=\"https:\/\/bolting.eu\/en\/shop\/omega-pacific-link-cam\/\" \/>\n<meta property=\"og:locale\" content=\"en_US\" \/>\n<meta property=\"og:type\" content=\"article\" \/>\n<meta property=\"og:title\" content=\"Omega Pacific Link Cam\" \/>\n<meta property=\"og:description\" content=\"Hier findet ihr den Omega Pacific Link Cam in allen Gr\u00f6\u00dfen! Ein super innoivatives Klemmhger\u00e4t das ideal als Erg\u00e4nzung f\u00fcr ein durchegehndes Friend Set ist!\" \/>\n<meta property=\"og:url\" content=\"https:\/\/bolting.eu\/en\/shop\/omega-pacific-link-cam\/\" \/>\n<meta property=\"og:site_name\" content=\"bolting.eu\" \/>\n<meta property=\"article:publisher\" content=\"https:\/\/www.facebook.com\/bolting.eu\" \/>\n<meta property=\"article:modified_time\" content=\"2021-03-04T15:59:41+00:00\" \/>\n<meta property=\"og:image\" content=\"https:\/\/bolting.eu\/wp-content\/uploads\/2020\/03\/Omega-Pacific-Link-Cam-Set.jpg\" \/>\n\t<meta property=\"og:image:width\" content=\"700\" \/>\n\t<meta property=\"og:image:height\" content=\"700\" \/>\n\t<meta property=\"og:image:type\" content=\"image\/jpeg\" \/>\n<meta name=\"twitter:card\" content=\"summary_large_image\" \/>\n<meta name=\"twitter:label1\" content=\"Availability\" \/>\n\t<meta name=\"twitter:data1\" content=\"Out of stock\" \/>\n<script type=\"application\/ld+json\" class=\"yoast-schema-graph\">{\"@context\":\"https:\/\/schema.org\",\"@graph\":[{\"@type\":[\"WebPage\",\"ItemPage\"],\"@id\":\"https:\/\/bolting.eu\/en\/shop\/omega-pacific-link-cam\/\",\"url\":\"https:\/\/bolting.eu\/en\/shop\/omega-pacific-link-cam\/\",\"name\":\"Omega Pacific Link Cam : jetzt online kaufen bei bolting.eu\",\"isPartOf\":{\"@id\":\"https:\/\/bolting.eu\/en\/#website\"},\"primaryImageOfPage\":{\"@id\":\"https:\/\/bolting.eu\/en\/shop\/omega-pacific-link-cam\/#primaryimage\"},\"image\":{\"@id\":\"https:\/\/bolting.eu\/en\/shop\/omega-pacific-link-cam\/#primaryimage\"},\"thumbnailUrl\":\"https:\/\/bolting.eu\/wp-content\/uploads\/2020\/03\/Omega-Pacific-Link-Cam-Set.jpg\",\"datePublished\":\"2020-03-18T12:01:43+00:00\",\"dateModified\":\"2021-03-04T15:59:41+00:00\",\"description\":\"Hier findet ihr den Omega Pacific Link Cam in allen Gr\u00f6\u00dfen! Ein super innoivatives Klemmhger\u00e4t das ideal als Erg\u00e4nzung f\u00fcr ein durchegehndes Friend Set ist!\",\"breadcrumb\":{\"@id\":\"https:\/\/bolting.eu\/en\/shop\/omega-pacific-link-cam\/#breadcrumb\"},\"inLanguage\":\"en-US\",\"potentialAction\":[{\"@type\":\"ReadAction\",\"target\":[\"https:\/\/bolting.eu\/en\/shop\/omega-pacific-link-cam\/\"]}]},{\"@type\":\"ImageObject\",\"inLanguage\":\"en-US\",\"@id\":\"https:\/\/bolting.eu\/en\/shop\/omega-pacific-link-cam\/#primaryimage\",\"url\":\"https:\/\/bolting.eu\/wp-content\/uploads\/2020\/03\/Omega-Pacific-Link-Cam-Set.jpg\",\"contentUrl\":\"https:\/\/bolting.eu\/wp-content\/uploads\/2020\/03\/Omega-Pacific-Link-Cam-Set.jpg\",\"width\":700,\"height\":700,\"caption\":\"Das Bild zeigt ein Set mit vier Omega Pacific Link Cam Gr\u00f6\u00dfen. Von links nach rechts sind zu sehen die Klemmger\u00e4te in den Farben lila, gr\u00fcn, rot und gelb.\"},{\"@type\":\"BreadcrumbList\",\"@id\":\"https:\/\/bolting.eu\/en\/shop\/omega-pacific-link-cam\/#breadcrumb\",\"itemListElement\":[{\"@type\":\"ListItem\",\"position\":1,\"name\":\"Shop\",\"item\":\"https:\/\/bolting.eu\/en\/shop\/\"},{\"@type\":\"ListItem\",\"position\":2,\"name\":\"climbing equipment\",\"item\":\"https:\/\/bolting.eu\/en\/produkt-kategorie\/climbing-equipment\/\"},{\"@type\":\"ListItem\",\"position\":3,\"name\":\"Klemmger\u00e4te - Friends\",\"item\":\"https:\/\/bolting.eu\/produkt-kategorie\/kletterausruestung\/klemmgeraete-friends\/\"},{\"@type\":\"ListItem\",\"position\":4,\"name\":\"Omega Pacific Link Cam\"}]},{\"@type\":\"WebSite\",\"@id\":\"https:\/\/bolting.eu\/en\/#website\",\"url\":\"https:\/\/bolting.eu\/en\/\",\"name\":\"bolting.eu\",\"description\":\"we make climbs happen\",\"publisher\":{\"@id\":\"https:\/\/bolting.eu\/en\/#organization\"},\"potentialAction\":[{\"@type\":\"SearchAction\",\"target\":{\"@type\":\"EntryPoint\",\"urlTemplate\":\"https:\/\/bolting.eu\/en\/?s={search_term_string}\"},\"query-input\":{\"@type\":\"PropertyValueSpecification\",\"valueRequired\":true,\"valueName\":\"search_term_string\"}}],\"inLanguage\":\"en-US\"},{\"@type\":[\"Organization\",\"Place\",\"SportingGoodsStore\"],\"@id\":\"https:\/\/bolting.eu\/en\/#organization\",\"name\":\"bolting.eu\",\"url\":\"https:\/\/bolting.eu\/en\/\",\"logo\":{\"@id\":\"https:\/\/bolting.eu\/en\/shop\/omega-pacific-link-cam\/#local-main-organization-logo\"},\"image\":{\"@id\":\"https:\/\/bolting.eu\/en\/shop\/omega-pacific-link-cam\/#local-main-organization-logo\"},\"sameAs\":[\"https:\/\/www.facebook.com\/bolting.eu\",\"https:\/\/www.instagram.com\/bolting.eu\/\"],\"address\":{\"@id\":\"https:\/\/bolting.eu\/en\/shop\/omega-pacific-link-cam\/#local-main-place-address\"},\"geo\":{\"@type\":\"GeoCoordinates\",\"latitude\":\"47.264176340396226\",\"longitude\":\"11.380109057672346\"},\"telephone\":[\"+43 699 19083372\"],\"openingHoursSpecification\":[{\"@type\":\"OpeningHoursSpecification\",\"dayOfWeek\":[\"Monday\",\"Wednesday\",\"Friday\"],\"opens\":\"14:00\",\"closes\":\"18:00\"},{\"@type\":\"OpeningHoursSpecification\",\"dayOfWeek\":[\"Tuesday\",\"Thursday\",\"Saturday\",\"Sunday\"],\"opens\":\"00:00\",\"closes\":\"00:00\"}],\"email\":\"office@bolting.eu\",\"vatID\":\"ATU59999728\",\"priceRange\":\"$$\",\"currenciesAccepted\":\"Euro\"},{\"@type\":\"PostalAddress\",\"@id\":\"https:\/\/bolting.eu\/en\/shop\/omega-pacific-link-cam\/#local-main-place-address\",\"streetAddress\":\"Fischnalerstra\u00dfe 4\",\"addressLocality\":\"Innsbruck\",\"postalCode\":\"6020\",\"addressRegion\":\"Tirol\",\"addressCountry\":\"AT\"},{\"@type\":\"ImageObject\",\"inLanguage\":\"en-US\",\"@id\":\"https:\/\/bolting.eu\/en\/shop\/omega-pacific-link-cam\/#local-main-organization-logo\",\"url\":\"https:\/\/bolting.eu\/wp-content\/uploads\/2019\/09\/bolting-logo.png\",\"contentUrl\":\"https:\/\/bolting.eu\/wp-content\/uploads\/2019\/09\/bolting-logo.png\",\"width\":400,\"height\":211,\"caption\":\"bolting.eu\"}]}<\/script>\n<meta property=\"og:availability\" content=\"out of stock\" \/>\n<meta property=\"product:availability\" content=\"out of stock\" \/>\n<meta property=\"product:condition\" content=\"new\" \/>\n<meta name=\"geo.placename\" content=\"Innsbruck\" \/>\n<meta name=\"geo.position\" content=\"47.264176340396226;11.380109057672346\" \/>\n<meta name=\"geo.region\" content=\"Austria\" \/>\n<!-- \/ Yoast SEO Premium plugin. -->","yoast_head_json":{"title":"Omega Pacific Link Cam : jetzt online kaufen bei bolting.eu","description":"Hier findet ihr den Omega Pacific Link Cam in allen Gr\u00f6\u00dfen! Ein super innoivatives Klemmhger\u00e4t das ideal als Erg\u00e4nzung f\u00fcr ein durchegehndes Friend Set ist!","robots":{"index":"index","follow":"follow","max-snippet":"max-snippet:-1","max-image-preview":"max-image-preview:large","max-video-preview":"max-video-preview:-1"},"canonical":"https:\/\/bolting.eu\/en\/shop\/omega-pacific-link-cam\/","og_locale":"en_US","og_type":"article","og_title":"Omega Pacific Link Cam","og_description":"Hier findet ihr den Omega Pacific Link Cam in allen Gr\u00f6\u00dfen! Ein super innoivatives Klemmhger\u00e4t das ideal als Erg\u00e4nzung f\u00fcr ein durchegehndes Friend Set ist!","og_url":"https:\/\/bolting.eu\/en\/shop\/omega-pacific-link-cam\/","og_site_name":"bolting.eu","article_publisher":"https:\/\/www.facebook.com\/bolting.eu","article_modified_time":"2021-03-04T15:59:41+00:00","og_image":[{"width":700,"height":700,"url":"https:\/\/bolting.eu\/wp-content\/uploads\/2020\/03\/Omega-Pacific-Link-Cam-Set.jpg","type":"image\/jpeg"}],"twitter_card":"summary_large_image","twitter_misc":{"Availability":"Out of stock"},"schema":{"@context":"https:\/\/schema.org","@graph":[{"@type":["WebPage","ItemPage"],"@id":"https:\/\/bolting.eu\/en\/shop\/omega-pacific-link-cam\/","url":"https:\/\/bolting.eu\/en\/shop\/omega-pacific-link-cam\/","name":"Omega Pacific Link Cam : jetzt online kaufen bei bolting.eu","isPartOf":{"@id":"https:\/\/bolting.eu\/en\/#website"},"primaryImageOfPage":{"@id":"https:\/\/bolting.eu\/en\/shop\/omega-pacific-link-cam\/#primaryimage"},"image":{"@id":"https:\/\/bolting.eu\/en\/shop\/omega-pacific-link-cam\/#primaryimage"},"thumbnailUrl":"https:\/\/bolting.eu\/wp-content\/uploads\/2020\/03\/Omega-Pacific-Link-Cam-Set.jpg","datePublished":"2020-03-18T12:01:43+00:00","dateModified":"2021-03-04T15:59:41+00:00","description":"Hier findet ihr den Omega Pacific Link Cam in allen Gr\u00f6\u00dfen! Ein super innoivatives Klemmhger\u00e4t das ideal als Erg\u00e4nzung f\u00fcr ein durchegehndes Friend Set ist!","breadcrumb":{"@id":"https:\/\/bolting.eu\/en\/shop\/omega-pacific-link-cam\/#breadcrumb"},"inLanguage":"en-US","potentialAction":[{"@type":"ReadAction","target":["https:\/\/bolting.eu\/en\/shop\/omega-pacific-link-cam\/"]}]},{"@type":"ImageObject","inLanguage":"en-US","@id":"https:\/\/bolting.eu\/en\/shop\/omega-pacific-link-cam\/#primaryimage","url":"https:\/\/bolting.eu\/wp-content\/uploads\/2020\/03\/Omega-Pacific-Link-Cam-Set.jpg","contentUrl":"https:\/\/bolting.eu\/wp-content\/uploads\/2020\/03\/Omega-Pacific-Link-Cam-Set.jpg","width":700,"height":700,"caption":"Das Bild zeigt ein Set mit vier Omega Pacific Link Cam Gr\u00f6\u00dfen. Von links nach rechts sind zu sehen die Klemmger\u00e4te in den Farben lila, gr\u00fcn, rot und gelb."},{"@type":"BreadcrumbList","@id":"https:\/\/bolting.eu\/en\/shop\/omega-pacific-link-cam\/#breadcrumb","itemListElement":[{"@type":"ListItem","position":1,"name":"Shop","item":"https:\/\/bolting.eu\/en\/shop\/"},{"@type":"ListItem","position":2,"name":"climbing equipment","item":"https:\/\/bolting.eu\/en\/produkt-kategorie\/climbing-equipment\/"},{"@type":"ListItem","position":3,"name":"Klemmger\u00e4te - Friends","item":"https:\/\/bolting.eu\/produkt-kategorie\/kletterausruestung\/klemmgeraete-friends\/"},{"@type":"ListItem","position":4,"name":"Omega Pacific Link Cam"}]},{"@type":"WebSite","@id":"https:\/\/bolting.eu\/en\/#website","url":"https:\/\/bolting.eu\/en\/","name":"bolting.eu","description":"we make climbs happen","publisher":{"@id":"https:\/\/bolting.eu\/en\/#organization"},"potentialAction":[{"@type":"SearchAction","target":{"@type":"EntryPoint","urlTemplate":"https:\/\/bolting.eu\/en\/?s={search_term_string}"},"query-input":{"@type":"PropertyValueSpecification","valueRequired":true,"valueName":"search_term_string"}}],"inLanguage":"en-US"},{"@type":["Organization","Place","SportingGoodsStore"],"@id":"https:\/\/bolting.eu\/en\/#organization","name":"bolting.eu","url":"https:\/\/bolting.eu\/en\/","logo":{"@id":"https:\/\/bolting.eu\/en\/shop\/omega-pacific-link-cam\/#local-main-organization-logo"},"image":{"@id":"https:\/\/bolting.eu\/en\/shop\/omega-pacific-link-cam\/#local-main-organization-logo"},"sameAs":["https:\/\/www.facebook.com\/bolting.eu","https:\/\/www.instagram.com\/bolting.eu\/"],"address":{"@id":"https:\/\/bolting.eu\/en\/shop\/omega-pacific-link-cam\/#local-main-place-address"},"geo":{"@type":"GeoCoordinates","latitude":"47.264176340396226","longitude":"11.380109057672346"},"telephone":["+43 699 19083372"],"openingHoursSpecification":[{"@type":"OpeningHoursSpecification","dayOfWeek":["Monday","Wednesday","Friday"],"opens":"14:00","closes":"18:00"},{"@type":"OpeningHoursSpecification","dayOfWeek":["Tuesday","Thursday","Saturday","Sunday"],"opens":"00:00","closes":"00:00"}],"email":"office@bolting.eu","vatID":"ATU59999728","priceRange":"$$","currenciesAccepted":"Euro"},{"@type":"PostalAddress","@id":"https:\/\/bolting.eu\/en\/shop\/omega-pacific-link-cam\/#local-main-place-address","streetAddress":"Fischnalerstra\u00dfe 4","addressLocality":"Innsbruck","postalCode":"6020","addressRegion":"Tirol","addressCountry":"AT"},{"@type":"ImageObject","inLanguage":"en-US","@id":"https:\/\/bolting.eu\/en\/shop\/omega-pacific-link-cam\/#local-main-organization-logo","url":"https:\/\/bolting.eu\/wp-content\/uploads\/2019\/09\/bolting-logo.png","contentUrl":"https:\/\/bolting.eu\/wp-content\/uploads\/2019\/09\/bolting-logo.png","width":400,"height":211,"caption":"bolting.eu"}]},"og_availability":"out of stock","product_availability":"out of stock","product_condition":"new","geo.placename":"Innsbruck","geo.position":{"lat":"47.264176340396226","long":"11.380109057672346"},"geo.region":"Austria"},"_links":{"self":[{"href":"https:\/\/bolting.eu\/en\/wp-json\/wp\/v2\/product\/2249","targetHints":{"allow":["GET"]}}],"collection":[{"href":"https:\/\/bolting.eu\/en\/wp-json\/wp\/v2\/product"}],"about":[{"href":"https:\/\/bolting.eu\/en\/wp-json\/wp\/v2\/types\/product"}],"replies":[{"embeddable":true,"href":"https:\/\/bolting.eu\/en\/wp-json\/wp\/v2\/comments?post=2249"}],"wp:featuredmedia":[{"embeddable":true,"href":"https:\/\/bolting.eu\/en\/wp-json\/wp\/v2\/media\/2250"}],"wp:attachment":[{"href":"https:\/\/bolting.eu\/en\/wp-json\/wp\/v2\/media?parent=2249"}],"wp:term":[{"taxonomy":"product_brand","embeddable":true,"href":"https:\/\/bolting.eu\/en\/wp-json\/wp\/v2\/product_brand?post=2249"},{"taxonomy":"product_cat","embeddable":true,"href":"https:\/\/bolting.eu\/en\/wp-json\/wp\/v2\/product_cat?post=2249"},{"taxonomy":"product_tag","embeddable":true,"href":"https:\/\/bolting.eu\/en\/wp-json\/wp\/v2\/product_tag?post=2249"}],"curies":[{"name":"wp","href":"https:\/\/api.w.org\/{rel}","templated":true}]}}