{"id":2243,"date":"2020-03-18T10:38:53","date_gmt":"2020-03-18T09:38:53","guid":{"rendered":"https:\/\/bolting.eu\/?post_type=product&#038;p=2243"},"modified":"2025-11-05T13:57:11","modified_gmt":"2025-11-05T12:57:11","slug":"kong-full-sicherungsplatte","status":"publish","type":"product","link":"https:\/\/bolting.eu\/en\/shop\/kong-full-sicherungsplatte\/","title":{"rendered":"Kong Full Sicherungsplatte"},"content":{"rendered":"<p>Die Kong Full Sicherungsplatte ist ein wahres Arbeitstier. Denn sie hat seine extrem smarte Form. Somit ist dieses Produkt Abseilger\u00e4t und Rigging Platte in einem!<\/p>\n<p>Folglich findet ihr sie sowohl in Kletter- als auch <a href=\"https:\/\/bolting.eu\/produkt-kategorie\/industriekletter-ausruestung\/\">Industriekletter Ausr\u00fcstungen<\/a>.<\/p>\n<p>Die Full Platte ist mit Abstand einer unserer beliebtesten Mehrzweck Sicherungsplatten. Denn erstens kann man damit perfekt abseilen. Einerseits im reibungsarmen Modus. Andererseits im reibungsintensiven Modus. Zweitens kann man mit dem Sicherungsger\u00e4t perfekt im Nachstieg sichern.\u00a0Der Hersteller empfiehlt einen ovalen Karabiner mit langen, geraden Schenkel hierf\u00fcr. Drittens hat das Full gleich drei Rigging \u00d6sen f\u00fcr <a href=\"https:\/\/bolting.eu\/produkt-kategorie\/schraubglied-rapidglied\/\">Schraubglieder<\/a>, Haulbag, Einbohr Zubeh\u00f6r oder Selbstsicherungsschlingen. Folglich ist diese Rigging Platte auch ein perfekter zentraler Einh\u00e4ngepunkt.<\/p>\n<p>Kurzum: eine universelle Sicherungsplatte f\u00fcr eine gro\u00dfe Reihe an Anwendungen!<\/p>\n<h3>Eigenschaften Kong Full Sicherungsplatte<\/h3>\n<ul>\n<li>Hersteller: <a href=\"https:\/\/bolting.eu\/produkt-kategorie\/kong\/\">Kong<\/a><\/li>\n<li>Material: Aluminium eloxiert<\/li>\n<li>Gewicht: 125 Gramm<\/li>\n<li>Normen: EN 795: B; EN 15151-2<\/li>\n<li>f\u00fcr Seile 8-12mm<\/li>\n<li>zentraler Einh\u00e4ngepunkt f\u00fcr 2 Karabiner = erh\u00f6hte Sicherheit<\/li>\n<li>Einsatzbereiche: alle Bergsportdisziplinen, Bergrettung, H\u00f6henarbeiten, H\u00f6hlenforschung<\/li>\n<li>Nachstiegssicherung: ben\u00f6tigt HMS Karabiner + ovalen Karabiner<\/li>\n<li>Abseilmodus: ben\u00f6tigt Karabiner mit langem geraden Schenkel<\/li>\n<li>3 abgerundete \u00d6sen &#8211; <a href=\"https:\/\/bolting.eu\/produkt-kategorie\/industriekletter-ausruestung\/seilschlingen\/\">Seilschlingen<\/a> k\u00f6nnen direkt eingebunden werden<\/li>\n<li><a href=\"https:\/\/www.kong.it\/de\/produkt\/full\/#:~:text=PDF%20GENERIEREN-,BEDIENUNGSANLEITUNG,-Nutzungsaktivit%C3%A4ten\" target=\"_blank\" rel=\"noopener\">Bedienungsanleitung<\/a><\/li>\n<\/ul>\n<h3><a href=\"https:\/\/bolting.eu\/wp-content\/uploads\/2020\/03\/Kong-Full-Sicherungsplatte-4.jpg\"><img loading=\"lazy\" decoding=\"async\" class=\"size-thumbnail wp-image-2247 alignleft\" src=\"https:\/\/bolting.eu\/wp-content\/uploads\/2020\/03\/Kong-Full-Sicherungsplatte-4-280x280.jpg\" alt=\"Das Bild zeigt die orange Kong Full Sicherungsplatte. Die Rigging Platte ist mit einem Doppelseil und zwei Karabinern zu sehen, sodass man den Abseilmodus nachvollziehen kann.\" width=\"280\" height=\"280\" srcset=\"https:\/\/bolting.eu\/wp-content\/uploads\/2020\/03\/Kong-Full-Sicherungsplatte-4-280x280.jpg 280w, https:\/\/bolting.eu\/wp-content\/uploads\/2020\/03\/Kong-Full-Sicherungsplatte-4-247x247.jpg 247w, https:\/\/bolting.eu\/wp-content\/uploads\/2020\/03\/Kong-Full-Sicherungsplatte-4-100x100.jpg 100w, https:\/\/bolting.eu\/wp-content\/uploads\/2020\/03\/Kong-Full-Sicherungsplatte-4-510x510.jpg 510w, https:\/\/bolting.eu\/wp-content\/uploads\/2020\/03\/Kong-Full-Sicherungsplatte-4-400x400.jpg 400w, https:\/\/bolting.eu\/wp-content\/uploads\/2020\/03\/Kong-Full-Sicherungsplatte-4-300x300.jpg 300w, https:\/\/bolting.eu\/wp-content\/uploads\/2020\/03\/Kong-Full-Sicherungsplatte-4-600x600.jpg 600w, https:\/\/bolting.eu\/wp-content\/uploads\/2020\/03\/Kong-Full-Sicherungsplatte-4.jpg 700w\" sizes=\"auto, (max-width: 280px) 100vw, 280px\" \/><\/a>Praxis Tipp<\/h3>\n<p>Achtet beim Sichern mit der Kong Full Sicherungsplatte und Doppelseilen auf den richtigen Karabiner. Nur ein Karabiner mit geraden \u201elangen\u201c Schenkel eignen sich f\u00fcr ein sicheres Handling. Die Verwendung sehr kleinerer Schrauber oder stark gebogener Karabiner ist NICHT ideal. Denn hier kann es sein dass eines der Seile nicht richtig klemmt. Ein kurzer Test sollte gen\u00fcgen um &#8220;seinen&#8221; Karabiner zu testen.<\/p>\n<p>Erfahrene H\u00f6henarbeiter haben oftmals auch eine Reserve Rigging Platte dabei. Denn ein Ausr\u00fcstungsteil kann einem immer hinunterfallen. Besonders wenn der Arbeitstag lange ist und die Konzentration nachl\u00e4sst, k\u00f6nnen solche Missgeschicke passieren. Auch das oftmalige Umh\u00e4ngen und Einh\u00e4ngen an den <a href=\"https:\/\/bolting.eu\/produkt-kategorie\/umlenker-kettenstand\/\">Kettenst\u00e4nden<\/a> bzw. Fixpunkten sind potentielle \u201eAbsturz\u201c Situationen.<\/p>\n<h3>Wann geh\u00f6rt die Kong Full Sicherungsplatte ausgetauscht?<\/h3>\n<p>Sobald sich tiefer Rillen an den Auslassstellen bilden, nimmt die Bremskraft ab. Ihr m\u00fcsst selbst entscheiden, wann diese f\u00fcr Euch zu klein wird. Weiters entstehen dann auch scharfe Kanten, welche die Seile besch\u00e4digen k\u00f6nnen. Beispielsweise wenn ein Sturz gehalten werden muss. Ein Sicherungsger\u00e4t ist ein Gebrauchs und folglich Abnutzungsartikel. Wir empfehlen das Produkt regelm\u00e4\u00dfig zu inspizieren und es ggf. fr\u00fch genug auszuscheiden.<\/p>\n<p>Link Tipp: zum <a href=\"https:\/\/www.kong.it\">Hersteller<\/a><\/p>\n","protected":false},"excerpt":{"rendered":"<p>Universelle &#8220;Sicherungsplatte&#8221; mit zus\u00e4tzlichen Einh\u00e4ngepunkten.<\/p>\n<p>Ideal f\u00fcr alle Bergsportdisziplinen, Bergrettung, H\u00f6henarbeiten, H\u00f6hlenforschung.<\/p>\n<p>Versandkostenfrei bis 2kg in <img decoding=\"async\" class=\"emoji\" role=\"img\" draggable=\"false\" src=\"https:\/\/s.w.org\/images\/core\/emoji\/14.0.0\/svg\/1f1e6-1f1f9.svg\" alt=\"\ud83c\udde6\ud83c\uddf9\" \/> ab \u20ac 100,- und <img decoding=\"async\" class=\"emoji\" role=\"img\" draggable=\"false\" src=\"https:\/\/s.w.org\/images\/core\/emoji\/14.0.0\/svg\/1f1e9-1f1ea.svg\" alt=\"\ud83c\udde9\ud83c\uddea\" \/> ab \u20ac 200,-!<\/p>\n","protected":false},"featured_media":2244,"comment_status":"closed","ping_status":"closed","template":"","meta":[],"product_brand":[],"product_cat":[3711,4651,14447,14513,14765],"product_tag":[265,3212,2189,2228,262],"class_list":{"0":"post-2243","1":"product","2":"type-product","3":"status-publish","4":"has-post-thumbnail","6":"product_cat-sicherungsgeraete-klettern","7":"product_cat-kong","8":"product_cat-abseilgeraete","9":"product_cat-industriekletter-ausruestung","10":"product_cat-riggingplatten","11":"product_tag-big-wall-klettern","12":"product_tag-canyoning","13":"product_tag-speleologie","14":"product_tag-hoehenarbeiten","15":"product_tag-alpinklettern","17":"first","18":"outofstock","19":"taxable","20":"shipping-taxable","21":"purchasable","22":"product-type-simple"},"yoast_head":"<!-- This site is optimized with the Yoast SEO Premium plugin v26.9 (Yoast SEO v26.9) - https:\/\/yoast.com\/product\/yoast-seo-premium-wordpress\/ -->\n<title>Kong Full Sicherungsplatte - Rigging Platte | bolting.eu<\/title>\n<meta name=\"description\" content=\"Kong Full Sicherungsplatte &amp; Rigging Platte beim Hardwareprofi aus Innsbruck kaufen \u2705 kostenloser Versand* \u2705 14 Tage R\u00fcckgaberecht \u2705 Co2 neutraler Versand\" \/>\n<meta name=\"robots\" content=\"index, follow, max-snippet:-1, max-image-preview:large, max-video-preview:-1\" \/>\n<link rel=\"canonical\" href=\"https:\/\/bolting.eu\/en\/shop\/kong-full-sicherungsplatte\/\" \/>\n<meta property=\"og:locale\" content=\"en_US\" \/>\n<meta property=\"og:type\" content=\"article\" \/>\n<meta property=\"og:title\" content=\"Kong Full Sicherungsplatte\" \/>\n<meta property=\"og:description\" content=\"Kong Full Sicherungsplatte &amp; Rigging Platte beim Hardwareprofi aus Innsbruck kaufen \u2705 kostenloser Versand* \u2705 14 Tage R\u00fcckgaberecht \u2705 Co2 neutraler Versand\" \/>\n<meta property=\"og:url\" content=\"https:\/\/bolting.eu\/en\/shop\/kong-full-sicherungsplatte\/\" \/>\n<meta property=\"og:site_name\" content=\"bolting.eu\" \/>\n<meta property=\"article:publisher\" content=\"https:\/\/www.facebook.com\/bolting.eu\" \/>\n<meta property=\"article:modified_time\" content=\"2025-11-05T12:57:11+00:00\" \/>\n<meta property=\"og:image\" content=\"https:\/\/bolting.eu\/wp-content\/uploads\/2020\/03\/Kong-Full-Sicherungsplatte-1.jpg\" \/>\n\t<meta property=\"og:image:width\" content=\"700\" \/>\n\t<meta property=\"og:image:height\" content=\"700\" \/>\n\t<meta property=\"og:image:type\" content=\"image\/jpeg\" \/>\n<meta name=\"twitter:card\" content=\"summary_large_image\" \/>\n<meta name=\"twitter:label1\" content=\"Price\" \/>\n\t<meta name=\"twitter:data1\" content=\"&euro;&nbsp;34,90\" \/>\n\t<meta name=\"twitter:label2\" content=\"Availability\" \/>\n\t<meta name=\"twitter:data2\" content=\"Out of stock\" \/>\n<script type=\"application\/ld+json\" class=\"yoast-schema-graph\">{\"@context\":\"https:\/\/schema.org\",\"@graph\":[{\"@type\":[\"WebPage\",\"ItemPage\"],\"@id\":\"https:\/\/bolting.eu\/en\/shop\/kong-full-sicherungsplatte\/\",\"url\":\"https:\/\/bolting.eu\/en\/shop\/kong-full-sicherungsplatte\/\",\"name\":\"Kong Full Sicherungsplatte - Rigging Platte | bolting.eu\",\"isPartOf\":{\"@id\":\"https:\/\/bolting.eu\/en\/#website\"},\"primaryImageOfPage\":{\"@id\":\"https:\/\/bolting.eu\/en\/shop\/kong-full-sicherungsplatte\/#primaryimage\"},\"image\":{\"@id\":\"https:\/\/bolting.eu\/en\/shop\/kong-full-sicherungsplatte\/#primaryimage\"},\"thumbnailUrl\":\"https:\/\/bolting.eu\/wp-content\/uploads\/2020\/03\/Kong-Full-Sicherungsplatte-1.jpg\",\"datePublished\":\"2020-03-18T09:38:53+00:00\",\"dateModified\":\"2025-11-05T12:57:11+00:00\",\"description\":\"Kong Full Sicherungsplatte & Rigging Platte beim Hardwareprofi aus Innsbruck kaufen \u2705 kostenloser Versand* \u2705 14 Tage R\u00fcckgaberecht \u2705 Co2 neutraler Versand\",\"breadcrumb\":{\"@id\":\"https:\/\/bolting.eu\/en\/shop\/kong-full-sicherungsplatte\/#breadcrumb\"},\"inLanguage\":\"en-US\",\"potentialAction\":[{\"@type\":\"ReadAction\",\"target\":[\"https:\/\/bolting.eu\/en\/shop\/kong-full-sicherungsplatte\/\"]}]},{\"@type\":\"ImageObject\",\"inLanguage\":\"en-US\",\"@id\":\"https:\/\/bolting.eu\/en\/shop\/kong-full-sicherungsplatte\/#primaryimage\",\"url\":\"https:\/\/bolting.eu\/wp-content\/uploads\/2020\/03\/Kong-Full-Sicherungsplatte-1.jpg\",\"contentUrl\":\"https:\/\/bolting.eu\/wp-content\/uploads\/2020\/03\/Kong-Full-Sicherungsplatte-1.jpg\",\"width\":700,\"height\":700,\"caption\":\"Das Bild zeigt die orange Kong Full Sicherungsplatte. Die Rigging Platte steht senkrecht im Bild und man erkennt alle \u00d6sen sehr gut. Oben die zentrale Karabiner\u00f6se, in der Mitte die zwei langen Seilschlitze, unten die drei Rigging \u00d6sen.\"},{\"@type\":\"BreadcrumbList\",\"@id\":\"https:\/\/bolting.eu\/en\/shop\/kong-full-sicherungsplatte\/#breadcrumb\",\"itemListElement\":[{\"@type\":\"ListItem\",\"position\":1,\"name\":\"Shop\",\"item\":\"https:\/\/bolting.eu\/en\/shop\/\"},{\"@type\":\"ListItem\",\"position\":2,\"name\":\"Industrial climbing gear\",\"item\":\"https:\/\/bolting.eu\/en\/produkt-kategorie\/industrial-climbing-gear\/\"},{\"@type\":\"ListItem\",\"position\":3,\"name\":\"Riggingplatten\",\"item\":\"https:\/\/bolting.eu\/produkt-kategorie\/industriekletter-ausruestung\/riggingplatten\/\"},{\"@type\":\"ListItem\",\"position\":4,\"name\":\"Kong Full Sicherungsplatte\"}]},{\"@type\":\"WebSite\",\"@id\":\"https:\/\/bolting.eu\/en\/#website\",\"url\":\"https:\/\/bolting.eu\/en\/\",\"name\":\"bolting.eu\",\"description\":\"we make climbs happen\",\"publisher\":{\"@id\":\"https:\/\/bolting.eu\/en\/#organization\"},\"potentialAction\":[{\"@type\":\"SearchAction\",\"target\":{\"@type\":\"EntryPoint\",\"urlTemplate\":\"https:\/\/bolting.eu\/en\/?s={search_term_string}\"},\"query-input\":{\"@type\":\"PropertyValueSpecification\",\"valueRequired\":true,\"valueName\":\"search_term_string\"}}],\"inLanguage\":\"en-US\"},{\"@type\":[\"Organization\",\"Place\",\"SportingGoodsStore\"],\"@id\":\"https:\/\/bolting.eu\/en\/#organization\",\"name\":\"bolting.eu\",\"url\":\"https:\/\/bolting.eu\/en\/\",\"logo\":{\"@id\":\"https:\/\/bolting.eu\/en\/shop\/kong-full-sicherungsplatte\/#local-main-organization-logo\"},\"image\":{\"@id\":\"https:\/\/bolting.eu\/en\/shop\/kong-full-sicherungsplatte\/#local-main-organization-logo\"},\"sameAs\":[\"https:\/\/www.facebook.com\/bolting.eu\",\"https:\/\/www.instagram.com\/bolting.eu\/\"],\"address\":{\"@id\":\"https:\/\/bolting.eu\/en\/shop\/kong-full-sicherungsplatte\/#local-main-place-address\"},\"geo\":{\"@type\":\"GeoCoordinates\",\"latitude\":\"47.264176340396226\",\"longitude\":\"11.380109057672346\"},\"telephone\":[\"+43 699 19083372\"],\"openingHoursSpecification\":[{\"@type\":\"OpeningHoursSpecification\",\"dayOfWeek\":[\"Monday\",\"Wednesday\",\"Friday\"],\"opens\":\"14:00\",\"closes\":\"18:00\"},{\"@type\":\"OpeningHoursSpecification\",\"dayOfWeek\":[\"Tuesday\",\"Thursday\",\"Saturday\",\"Sunday\"],\"opens\":\"00:00\",\"closes\":\"00:00\"}],\"email\":\"office@bolting.eu\",\"vatID\":\"ATU59999728\",\"priceRange\":\"$$\",\"currenciesAccepted\":\"Euro\"},{\"@type\":\"PostalAddress\",\"@id\":\"https:\/\/bolting.eu\/en\/shop\/kong-full-sicherungsplatte\/#local-main-place-address\",\"streetAddress\":\"Fischnalerstra\u00dfe 4\",\"addressLocality\":\"Innsbruck\",\"postalCode\":\"6020\",\"addressRegion\":\"Tirol\",\"addressCountry\":\"AT\"},{\"@type\":\"ImageObject\",\"inLanguage\":\"en-US\",\"@id\":\"https:\/\/bolting.eu\/en\/shop\/kong-full-sicherungsplatte\/#local-main-organization-logo\",\"url\":\"https:\/\/bolting.eu\/wp-content\/uploads\/2019\/09\/bolting-logo.png\",\"contentUrl\":\"https:\/\/bolting.eu\/wp-content\/uploads\/2019\/09\/bolting-logo.png\",\"width\":400,\"height\":211,\"caption\":\"bolting.eu\"}]}<\/script>\n<meta property=\"product:price:amount\" content=\"34.90\" \/>\n<meta property=\"product:price:currency\" content=\"EUR\" \/>\n<meta property=\"og:availability\" content=\"out of stock\" \/>\n<meta property=\"product:availability\" content=\"out of stock\" \/>\n<meta property=\"product:retailer_item_id\" content=\"864O15400KK\" \/>\n<meta property=\"product:condition\" content=\"new\" \/>\n<meta name=\"geo.placename\" content=\"Innsbruck\" \/>\n<meta name=\"geo.position\" content=\"47.264176340396226;11.380109057672346\" \/>\n<meta name=\"geo.region\" content=\"Austria\" \/>\n<!-- \/ Yoast SEO Premium plugin. -->","yoast_head_json":{"title":"Kong Full Sicherungsplatte - Rigging Platte | bolting.eu","description":"Kong Full Sicherungsplatte & Rigging Platte beim Hardwareprofi aus Innsbruck kaufen \u2705 kostenloser Versand* \u2705 14 Tage R\u00fcckgaberecht \u2705 Co2 neutraler Versand","robots":{"index":"index","follow":"follow","max-snippet":"max-snippet:-1","max-image-preview":"max-image-preview:large","max-video-preview":"max-video-preview:-1"},"canonical":"https:\/\/bolting.eu\/en\/shop\/kong-full-sicherungsplatte\/","og_locale":"en_US","og_type":"article","og_title":"Kong Full Sicherungsplatte","og_description":"Kong Full Sicherungsplatte & Rigging Platte beim Hardwareprofi aus Innsbruck kaufen \u2705 kostenloser Versand* \u2705 14 Tage R\u00fcckgaberecht \u2705 Co2 neutraler Versand","og_url":"https:\/\/bolting.eu\/en\/shop\/kong-full-sicherungsplatte\/","og_site_name":"bolting.eu","article_publisher":"https:\/\/www.facebook.com\/bolting.eu","article_modified_time":"2025-11-05T12:57:11+00:00","og_image":[{"width":700,"height":700,"url":"https:\/\/bolting.eu\/wp-content\/uploads\/2020\/03\/Kong-Full-Sicherungsplatte-1.jpg","type":"image\/jpeg"}],"twitter_card":"summary_large_image","twitter_misc":{"Price":"&euro;&nbsp;34,90","Availability":"Out of stock"},"schema":{"@context":"https:\/\/schema.org","@graph":[{"@type":["WebPage","ItemPage"],"@id":"https:\/\/bolting.eu\/en\/shop\/kong-full-sicherungsplatte\/","url":"https:\/\/bolting.eu\/en\/shop\/kong-full-sicherungsplatte\/","name":"Kong Full Sicherungsplatte - Rigging Platte | bolting.eu","isPartOf":{"@id":"https:\/\/bolting.eu\/en\/#website"},"primaryImageOfPage":{"@id":"https:\/\/bolting.eu\/en\/shop\/kong-full-sicherungsplatte\/#primaryimage"},"image":{"@id":"https:\/\/bolting.eu\/en\/shop\/kong-full-sicherungsplatte\/#primaryimage"},"thumbnailUrl":"https:\/\/bolting.eu\/wp-content\/uploads\/2020\/03\/Kong-Full-Sicherungsplatte-1.jpg","datePublished":"2020-03-18T09:38:53+00:00","dateModified":"2025-11-05T12:57:11+00:00","description":"Kong Full Sicherungsplatte & Rigging Platte beim Hardwareprofi aus Innsbruck kaufen \u2705 kostenloser Versand* \u2705 14 Tage R\u00fcckgaberecht \u2705 Co2 neutraler Versand","breadcrumb":{"@id":"https:\/\/bolting.eu\/en\/shop\/kong-full-sicherungsplatte\/#breadcrumb"},"inLanguage":"en-US","potentialAction":[{"@type":"ReadAction","target":["https:\/\/bolting.eu\/en\/shop\/kong-full-sicherungsplatte\/"]}]},{"@type":"ImageObject","inLanguage":"en-US","@id":"https:\/\/bolting.eu\/en\/shop\/kong-full-sicherungsplatte\/#primaryimage","url":"https:\/\/bolting.eu\/wp-content\/uploads\/2020\/03\/Kong-Full-Sicherungsplatte-1.jpg","contentUrl":"https:\/\/bolting.eu\/wp-content\/uploads\/2020\/03\/Kong-Full-Sicherungsplatte-1.jpg","width":700,"height":700,"caption":"Das Bild zeigt die orange Kong Full Sicherungsplatte. Die Rigging Platte steht senkrecht im Bild und man erkennt alle \u00d6sen sehr gut. Oben die zentrale Karabiner\u00f6se, in der Mitte die zwei langen Seilschlitze, unten die drei Rigging \u00d6sen."},{"@type":"BreadcrumbList","@id":"https:\/\/bolting.eu\/en\/shop\/kong-full-sicherungsplatte\/#breadcrumb","itemListElement":[{"@type":"ListItem","position":1,"name":"Shop","item":"https:\/\/bolting.eu\/en\/shop\/"},{"@type":"ListItem","position":2,"name":"Industrial climbing gear","item":"https:\/\/bolting.eu\/en\/produkt-kategorie\/industrial-climbing-gear\/"},{"@type":"ListItem","position":3,"name":"Riggingplatten","item":"https:\/\/bolting.eu\/produkt-kategorie\/industriekletter-ausruestung\/riggingplatten\/"},{"@type":"ListItem","position":4,"name":"Kong Full Sicherungsplatte"}]},{"@type":"WebSite","@id":"https:\/\/bolting.eu\/en\/#website","url":"https:\/\/bolting.eu\/en\/","name":"bolting.eu","description":"we make climbs happen","publisher":{"@id":"https:\/\/bolting.eu\/en\/#organization"},"potentialAction":[{"@type":"SearchAction","target":{"@type":"EntryPoint","urlTemplate":"https:\/\/bolting.eu\/en\/?s={search_term_string}"},"query-input":{"@type":"PropertyValueSpecification","valueRequired":true,"valueName":"search_term_string"}}],"inLanguage":"en-US"},{"@type":["Organization","Place","SportingGoodsStore"],"@id":"https:\/\/bolting.eu\/en\/#organization","name":"bolting.eu","url":"https:\/\/bolting.eu\/en\/","logo":{"@id":"https:\/\/bolting.eu\/en\/shop\/kong-full-sicherungsplatte\/#local-main-organization-logo"},"image":{"@id":"https:\/\/bolting.eu\/en\/shop\/kong-full-sicherungsplatte\/#local-main-organization-logo"},"sameAs":["https:\/\/www.facebook.com\/bolting.eu","https:\/\/www.instagram.com\/bolting.eu\/"],"address":{"@id":"https:\/\/bolting.eu\/en\/shop\/kong-full-sicherungsplatte\/#local-main-place-address"},"geo":{"@type":"GeoCoordinates","latitude":"47.264176340396226","longitude":"11.380109057672346"},"telephone":["+43 699 19083372"],"openingHoursSpecification":[{"@type":"OpeningHoursSpecification","dayOfWeek":["Monday","Wednesday","Friday"],"opens":"14:00","closes":"18:00"},{"@type":"OpeningHoursSpecification","dayOfWeek":["Tuesday","Thursday","Saturday","Sunday"],"opens":"00:00","closes":"00:00"}],"email":"office@bolting.eu","vatID":"ATU59999728","priceRange":"$$","currenciesAccepted":"Euro"},{"@type":"PostalAddress","@id":"https:\/\/bolting.eu\/en\/shop\/kong-full-sicherungsplatte\/#local-main-place-address","streetAddress":"Fischnalerstra\u00dfe 4","addressLocality":"Innsbruck","postalCode":"6020","addressRegion":"Tirol","addressCountry":"AT"},{"@type":"ImageObject","inLanguage":"en-US","@id":"https:\/\/bolting.eu\/en\/shop\/kong-full-sicherungsplatte\/#local-main-organization-logo","url":"https:\/\/bolting.eu\/wp-content\/uploads\/2019\/09\/bolting-logo.png","contentUrl":"https:\/\/bolting.eu\/wp-content\/uploads\/2019\/09\/bolting-logo.png","width":400,"height":211,"caption":"bolting.eu"}]},"product_price_amount":"34.90","product_price_currency":"EUR","og_availability":"out of stock","product_availability":"out of stock","product_retailer_item_id":"864O15400KK","product_condition":"new","geo.placename":"Innsbruck","geo.position":{"lat":"47.264176340396226","long":"11.380109057672346"},"geo.region":"Austria"},"_links":{"self":[{"href":"https:\/\/bolting.eu\/en\/wp-json\/wp\/v2\/product\/2243","targetHints":{"allow":["GET"]}}],"collection":[{"href":"https:\/\/bolting.eu\/en\/wp-json\/wp\/v2\/product"}],"about":[{"href":"https:\/\/bolting.eu\/en\/wp-json\/wp\/v2\/types\/product"}],"replies":[{"embeddable":true,"href":"https:\/\/bolting.eu\/en\/wp-json\/wp\/v2\/comments?post=2243"}],"wp:featuredmedia":[{"embeddable":true,"href":"https:\/\/bolting.eu\/en\/wp-json\/wp\/v2\/media\/2244"}],"wp:attachment":[{"href":"https:\/\/bolting.eu\/en\/wp-json\/wp\/v2\/media?parent=2243"}],"wp:term":[{"taxonomy":"product_brand","embeddable":true,"href":"https:\/\/bolting.eu\/en\/wp-json\/wp\/v2\/product_brand?post=2243"},{"taxonomy":"product_cat","embeddable":true,"href":"https:\/\/bolting.eu\/en\/wp-json\/wp\/v2\/product_cat?post=2243"},{"taxonomy":"product_tag","embeddable":true,"href":"https:\/\/bolting.eu\/en\/wp-json\/wp\/v2\/product_tag?post=2243"}],"curies":[{"name":"wp","href":"https:\/\/api.w.org\/{rel}","templated":true}]}}