{"id":22408,"date":"2025-01-09T20:36:52","date_gmt":"2025-01-09T19:36:52","guid":{"rendered":"https:\/\/bolting.eu\/?post_type=product&#038;p=22408"},"modified":"2025-01-09T20:36:54","modified_gmt":"2025-01-09T19:36:54","slug":"edelrid-defuser-rescue","status":"publish","type":"product","link":"https:\/\/bolting.eu\/en\/shop\/edelrid-defuser-rescue\/","title":{"rendered":"Edelrid Defuser Rescue"},"content":{"rendered":"<p>Der Edelrid Defuser Rescue ist ein kompakter Bandfalld\u00e4mpfer. Er ist f\u00fcr die Verwendung mit dem <a href=\"https:\/\/bolting.eu\/shop\/edelrid-fuse\/\">Fuse<\/a> Auffangger\u00e4t gedacht.<\/p>\n<p>Hierzu hat dieses Produkt eine spezielle \u00d6se an einem Ende. Hier muss der Splint des Fuse direkt durchgef\u00fchrt werden. Am anderen Ende kann ein entsprechend genormter Karabiner verwendet werden.<\/p>\n<p>Die hohe Normlast von 220kg zeichnet dieses Produkt zus\u00e4tzlich aus. Somit hat man hohe Gewichts Reserven. Zum einen wenn man eine zus\u00e4tzliche Person retten muss. Und zum anderen wenn man schweres Ger\u00e4t mit hat.<\/p>\n<p>Abschlie\u00dfend besticht der Bandfalld\u00e4mpfer mit dem geringen Fangsto\u00df von nur 4kN.<\/p>\n<p>Erh\u00e4ltlich sind 2 Gr\u00f6\u00dfen = L\u00e4ngen. 21cm und 40 cm.<\/p>\n<h2>Eigenschaften Defuser Rescue<\/h2>\n<ul>\n<li>Hersteller: Edelrid<\/li>\n<li>Material: Polyester und HMPE<\/li>\n<li>L\u00e4ngen: 21cm und 40cm (Gr. L)<\/li>\n<li>Gewicht: 133 Gramm<\/li>\n<li>nur in Verbindung mit dem Fuse Auffangger\u00e4t<\/li>\n<li>hohe Rettungslast von 220kg<\/li>\n<li>Fangsto\u00df nur 4 kN (liegt 30% unter der Norm von 6 kN)<\/li>\n<li>Dimension: 21cm x 4 cm x 4 cm bzw. 40 cm x 4 cm x 4 cm<\/li>\n<li>Normen in Kombination mit dem Fuse: EN 12841, EN 353, ANSI Z359.15<\/li>\n<li>empfohlener Karabiner gurtseitig: <a href=\"https:\/\/bolting.eu\/shop\/petzl-ok-triact-lock\/\">Petzl OK Triact-Lock<\/a><\/li>\n<li><a href=\"https:\/\/edelrid.com\/eu-de\/professional\/mitlaufende-auffanggeraete-shop\/defuser-rescue?srsltid=AfmBOookbHBz5RA_7ObBoZbw3gw6xxODSck2Krf6b817PUoeyF0B84gi&amp;variant=2829121#:~:text=WS%20Gebrauchsanleitung%20Fuse%20Teil%201\" target=\"_blank\" rel=\"noopener\">Bedienungsanleitung<\/a><\/li>\n<\/ul>\n<p><a href=\"https:\/\/bolting.eu\/wp-content\/uploads\/2025\/01\/Defuser-REscue-6.jpg\"><img loading=\"lazy\" decoding=\"async\" class=\"alignnone wp-image-22416 size-medium\" src=\"https:\/\/bolting.eu\/wp-content\/uploads\/2025\/01\/Defuser-REscue-6-800x400.jpg\" alt=\"Grafik mit einem Gr\u00f6\u00dfenvergleich von zwei unterschiedlich langen Edelrid Defuser Rescue Bandfalld\u00e4mpfern inkl. Fuse und Karabiner \u00fcbereinander.\" width=\"800\" height=\"400\" srcset=\"https:\/\/bolting.eu\/wp-content\/uploads\/2025\/01\/Defuser-REscue-6-800x400.jpg 800w, https:\/\/bolting.eu\/wp-content\/uploads\/2025\/01\/Defuser-REscue-6-768x384.jpg 768w, https:\/\/bolting.eu\/wp-content\/uploads\/2025\/01\/Defuser-REscue-6-510x255.jpg 510w, https:\/\/bolting.eu\/wp-content\/uploads\/2025\/01\/Defuser-REscue-6-100x50.jpg 100w, https:\/\/bolting.eu\/wp-content\/uploads\/2025\/01\/Defuser-REscue-6.jpg 1200w\" sizes=\"auto, (max-width: 800px) 100vw, 800px\" \/><\/a><\/p>\n<h3>Die kurze 21cm Version<\/h3>\n<p>Dieses Modell ist f\u00fcr alle stehenden Standard Anwendungen gedacht. D.h. dort, wo das Back-Up Seil nicht sehr weit weg vom stehenden H\u00f6henarbeiter ist.<\/p>\n<p>Wie z.B. bei Arbeiten an breiteren Abs\u00e4tzen, auf D\u00e4chern oder Fassaden.<\/p>\n<h3>Die lange 40cm Version<\/h3>\n<p>Diese Variante des Defuser Rescue ist f\u00fcr frei h\u00e4ngende Arbeiten bzw. Seilman\u00f6vern gedacht. Denn hier ist ein gr\u00f6\u00dferer Abstand zur Back-Up Line von Vorteil.<\/p>\n<p>In der Regel wird hier ja auch ein vollwertiger Industrieklettergurt verwendet. Somit wird der Bandfalld\u00e4mpfer in der Regel an der \u00d6se am R\u00fccken angebracht.<\/p>\n<p>Diese &#8220;lange&#8221; Variante hat ein kleines Fenster aus durchsichtigem Kunststoff. Somit sieht man jederzeit, ob die innenliegenden B\u00e4nder ggf. schon etwas aufgerissen ist.<\/p>\n","protected":false},"excerpt":{"rendered":"<p>Bandfalld\u00e4mpfer von Edelrid speziell f\u00fcr das FUSE Auffangger\u00e4t. Mit 220kg Personenlast bzw. nur 4kN Fangsto\u00df ideal f\u00fcr alle H\u00f6henarbeiten bzw. die Personenberung.<\/p>\n<p>Erh\u00e4ltlich in der 21cm und 40cm Variante.<\/p>\n<p>Versandkostenfrei bis 2kg in <img decoding=\"async\" class=\"emoji\" role=\"img\" draggable=\"false\" src=\"https:\/\/s.w.org\/images\/core\/emoji\/14.0.0\/svg\/1f1e6-1f1f9.svg\" alt=\"\ud83c\udde6\ud83c\uddf9\" \/> ab \u20ac 100,- und <img decoding=\"async\" class=\"emoji\" role=\"img\" draggable=\"false\" src=\"https:\/\/s.w.org\/images\/core\/emoji\/14.0.0\/svg\/1f1e9-1f1ea.svg\" alt=\"\ud83c\udde9\ud83c\uddea\" \/> ab \u20ac 200,-!<\/p>\n","protected":false},"featured_media":22415,"comment_status":"closed","ping_status":"closed","template":"","meta":[],"product_brand":[],"product_cat":[4655,14513,14741],"product_tag":[],"class_list":{"0":"post-22408","1":"product","2":"type-product","3":"status-publish","4":"has-post-thumbnail","6":"product_cat-edelrid","7":"product_cat-industriekletter-ausruestung","8":"product_cat-bandfalldaempfer","10":"first","11":"instock","12":"taxable","13":"shipping-taxable","14":"purchasable","15":"product-type-variable"},"yoast_head":"<!-- This site is optimized with the Yoast SEO Premium plugin v26.9 (Yoast SEO v26.9) - https:\/\/yoast.com\/product\/yoast-seo-premium-wordpress\/ -->\n<title>Edelrid Defuser Rescue Bandfalld\u00e4mpfer - 21cm &amp; 40cm | bolting.eu<\/title>\n<meta name=\"description\" content=\"Edelrid Defuser Rescue Bandfalld\u00e4mpfer beim Industriekletterausr\u00fcstung Profi kaufen \u2705 Trusted Shop \u2705 kostenloser Versand* \u2705 14 Tage R\u00fcckgaberecht\" \/>\n<meta name=\"robots\" content=\"index, follow, max-snippet:-1, max-image-preview:large, max-video-preview:-1\" \/>\n<link rel=\"canonical\" href=\"https:\/\/bolting.eu\/en\/shop\/edelrid-defuser-rescue\/\" \/>\n<meta property=\"og:locale\" content=\"en_US\" \/>\n<meta property=\"og:type\" content=\"article\" \/>\n<meta property=\"og:title\" content=\"Edelrid Defuser Rescue\" \/>\n<meta property=\"og:description\" content=\"Edelrid Defuser Rescue Bandfalld\u00e4mpfer beim Industriekletterausr\u00fcstung Profi kaufen \u2705 Trusted Shop \u2705 kostenloser Versand* \u2705 14 Tage R\u00fcckgaberecht\" \/>\n<meta property=\"og:url\" content=\"https:\/\/bolting.eu\/en\/shop\/edelrid-defuser-rescue\/\" \/>\n<meta property=\"og:site_name\" content=\"bolting.eu\" \/>\n<meta property=\"article:publisher\" content=\"https:\/\/www.facebook.com\/bolting.eu\" \/>\n<meta property=\"article:modified_time\" content=\"2025-01-09T19:36:54+00:00\" \/>\n<meta property=\"og:image\" content=\"https:\/\/bolting.eu\/wp-content\/uploads\/2025\/01\/Defuser-REscue-1.jpg\" \/>\n\t<meta property=\"og:image:width\" content=\"700\" \/>\n\t<meta property=\"og:image:height\" content=\"700\" \/>\n\t<meta property=\"og:image:type\" content=\"image\/jpeg\" \/>\n<meta name=\"twitter:card\" content=\"summary_large_image\" \/>\n<meta name=\"twitter:label1\" content=\"Availability\" \/>\n\t<meta name=\"twitter:data1\" content=\"In stock\" \/>\n<script type=\"application\/ld+json\" class=\"yoast-schema-graph\">{\"@context\":\"https:\/\/schema.org\",\"@graph\":[{\"@type\":[\"WebPage\",\"ItemPage\"],\"@id\":\"https:\/\/bolting.eu\/en\/shop\/edelrid-defuser-rescue\/\",\"url\":\"https:\/\/bolting.eu\/en\/shop\/edelrid-defuser-rescue\/\",\"name\":\"Edelrid Defuser Rescue Bandfalld\u00e4mpfer - 21cm & 40cm | bolting.eu\",\"isPartOf\":{\"@id\":\"https:\/\/bolting.eu\/en\/#website\"},\"primaryImageOfPage\":{\"@id\":\"https:\/\/bolting.eu\/en\/shop\/edelrid-defuser-rescue\/#primaryimage\"},\"image\":{\"@id\":\"https:\/\/bolting.eu\/en\/shop\/edelrid-defuser-rescue\/#primaryimage\"},\"thumbnailUrl\":\"https:\/\/bolting.eu\/wp-content\/uploads\/2025\/01\/Defuser-REscue-1.jpg\",\"datePublished\":\"2025-01-09T19:36:52+00:00\",\"dateModified\":\"2025-01-09T19:36:54+00:00\",\"description\":\"Edelrid Defuser Rescue Bandfalld\u00e4mpfer beim Industriekletterausr\u00fcstung Profi kaufen \u2705 Trusted Shop \u2705 kostenloser Versand* \u2705 14 Tage R\u00fcckgaberecht\",\"breadcrumb\":{\"@id\":\"https:\/\/bolting.eu\/en\/shop\/edelrid-defuser-rescue\/#breadcrumb\"},\"inLanguage\":\"en-US\",\"potentialAction\":[{\"@type\":\"ReadAction\",\"target\":[\"https:\/\/bolting.eu\/en\/shop\/edelrid-defuser-rescue\/\"]}]},{\"@type\":\"ImageObject\",\"inLanguage\":\"en-US\",\"@id\":\"https:\/\/bolting.eu\/en\/shop\/edelrid-defuser-rescue\/#primaryimage\",\"url\":\"https:\/\/bolting.eu\/wp-content\/uploads\/2025\/01\/Defuser-REscue-1.jpg\",\"contentUrl\":\"https:\/\/bolting.eu\/wp-content\/uploads\/2025\/01\/Defuser-REscue-1.jpg\",\"width\":700,\"height\":700,\"caption\":\"Zwei unterschiedlich lange, schwarze Edelrid Bandfalld\u00e4mpfer mit Lgo auf der Seite nebeneinander.\"},{\"@type\":\"BreadcrumbList\",\"@id\":\"https:\/\/bolting.eu\/en\/shop\/edelrid-defuser-rescue\/#breadcrumb\",\"itemListElement\":[{\"@type\":\"ListItem\",\"position\":1,\"name\":\"Shop\",\"item\":\"https:\/\/bolting.eu\/en\/shop\/\"},{\"@type\":\"ListItem\",\"position\":2,\"name\":\"Industrial climbing gear\",\"item\":\"https:\/\/bolting.eu\/en\/produkt-kategorie\/industrial-climbing-gear\/\"},{\"@type\":\"ListItem\",\"position\":3,\"name\":\"Belt energy absorber\",\"item\":\"https:\/\/bolting.eu\/en\/produkt-kategorie\/belt-energy-absorber\/\"},{\"@type\":\"ListItem\",\"position\":4,\"name\":\"Edelrid Defuser Rescue\"}]},{\"@type\":\"WebSite\",\"@id\":\"https:\/\/bolting.eu\/en\/#website\",\"url\":\"https:\/\/bolting.eu\/en\/\",\"name\":\"bolting.eu\",\"description\":\"we make climbs happen\",\"publisher\":{\"@id\":\"https:\/\/bolting.eu\/en\/#organization\"},\"potentialAction\":[{\"@type\":\"SearchAction\",\"target\":{\"@type\":\"EntryPoint\",\"urlTemplate\":\"https:\/\/bolting.eu\/en\/?s={search_term_string}\"},\"query-input\":{\"@type\":\"PropertyValueSpecification\",\"valueRequired\":true,\"valueName\":\"search_term_string\"}}],\"inLanguage\":\"en-US\"},{\"@type\":[\"Organization\",\"Place\",\"SportingGoodsStore\"],\"@id\":\"https:\/\/bolting.eu\/en\/#organization\",\"name\":\"bolting.eu\",\"url\":\"https:\/\/bolting.eu\/en\/\",\"logo\":{\"@id\":\"https:\/\/bolting.eu\/en\/shop\/edelrid-defuser-rescue\/#local-main-organization-logo\"},\"image\":{\"@id\":\"https:\/\/bolting.eu\/en\/shop\/edelrid-defuser-rescue\/#local-main-organization-logo\"},\"sameAs\":[\"https:\/\/www.facebook.com\/bolting.eu\",\"https:\/\/www.instagram.com\/bolting.eu\/\"],\"address\":{\"@id\":\"https:\/\/bolting.eu\/en\/shop\/edelrid-defuser-rescue\/#local-main-place-address\"},\"geo\":{\"@type\":\"GeoCoordinates\",\"latitude\":\"47.264176340396226\",\"longitude\":\"11.380109057672346\"},\"telephone\":[\"+43 699 19083372\"],\"openingHoursSpecification\":[{\"@type\":\"OpeningHoursSpecification\",\"dayOfWeek\":[\"Monday\",\"Wednesday\",\"Friday\"],\"opens\":\"14:00\",\"closes\":\"18:00\"},{\"@type\":\"OpeningHoursSpecification\",\"dayOfWeek\":[\"Tuesday\",\"Thursday\",\"Saturday\",\"Sunday\"],\"opens\":\"00:00\",\"closes\":\"00:00\"}],\"email\":\"office@bolting.eu\",\"vatID\":\"ATU59999728\",\"priceRange\":\"$$\",\"currenciesAccepted\":\"Euro\"},{\"@type\":\"PostalAddress\",\"@id\":\"https:\/\/bolting.eu\/en\/shop\/edelrid-defuser-rescue\/#local-main-place-address\",\"streetAddress\":\"Fischnalerstra\u00dfe 4\",\"addressLocality\":\"Innsbruck\",\"postalCode\":\"6020\",\"addressRegion\":\"Tirol\",\"addressCountry\":\"AT\"},{\"@type\":\"ImageObject\",\"inLanguage\":\"en-US\",\"@id\":\"https:\/\/bolting.eu\/en\/shop\/edelrid-defuser-rescue\/#local-main-organization-logo\",\"url\":\"https:\/\/bolting.eu\/wp-content\/uploads\/2019\/09\/bolting-logo.png\",\"contentUrl\":\"https:\/\/bolting.eu\/wp-content\/uploads\/2019\/09\/bolting-logo.png\",\"width\":400,\"height\":211,\"caption\":\"bolting.eu\"}]}<\/script>\n<meta property=\"og:availability\" content=\"instock\" \/>\n<meta property=\"product:availability\" content=\"instock\" \/>\n<meta property=\"product:condition\" content=\"new\" \/>\n<meta name=\"geo.placename\" content=\"Innsbruck\" \/>\n<meta name=\"geo.position\" content=\"47.264176340396226;11.380109057672346\" \/>\n<meta name=\"geo.region\" content=\"Austria\" \/>\n<!-- \/ Yoast SEO Premium plugin. -->","yoast_head_json":{"title":"Edelrid Defuser Rescue Bandfalld\u00e4mpfer - 21cm & 40cm | bolting.eu","description":"Edelrid Defuser Rescue Bandfalld\u00e4mpfer beim Industriekletterausr\u00fcstung Profi kaufen \u2705 Trusted Shop \u2705 kostenloser Versand* \u2705 14 Tage R\u00fcckgaberecht","robots":{"index":"index","follow":"follow","max-snippet":"max-snippet:-1","max-image-preview":"max-image-preview:large","max-video-preview":"max-video-preview:-1"},"canonical":"https:\/\/bolting.eu\/en\/shop\/edelrid-defuser-rescue\/","og_locale":"en_US","og_type":"article","og_title":"Edelrid Defuser Rescue","og_description":"Edelrid Defuser Rescue Bandfalld\u00e4mpfer beim Industriekletterausr\u00fcstung Profi kaufen \u2705 Trusted Shop \u2705 kostenloser Versand* \u2705 14 Tage R\u00fcckgaberecht","og_url":"https:\/\/bolting.eu\/en\/shop\/edelrid-defuser-rescue\/","og_site_name":"bolting.eu","article_publisher":"https:\/\/www.facebook.com\/bolting.eu","article_modified_time":"2025-01-09T19:36:54+00:00","og_image":[{"width":700,"height":700,"url":"https:\/\/bolting.eu\/wp-content\/uploads\/2025\/01\/Defuser-REscue-1.jpg","type":"image\/jpeg"}],"twitter_card":"summary_large_image","twitter_misc":{"Availability":"In stock"},"schema":{"@context":"https:\/\/schema.org","@graph":[{"@type":["WebPage","ItemPage"],"@id":"https:\/\/bolting.eu\/en\/shop\/edelrid-defuser-rescue\/","url":"https:\/\/bolting.eu\/en\/shop\/edelrid-defuser-rescue\/","name":"Edelrid Defuser Rescue Bandfalld\u00e4mpfer - 21cm & 40cm | bolting.eu","isPartOf":{"@id":"https:\/\/bolting.eu\/en\/#website"},"primaryImageOfPage":{"@id":"https:\/\/bolting.eu\/en\/shop\/edelrid-defuser-rescue\/#primaryimage"},"image":{"@id":"https:\/\/bolting.eu\/en\/shop\/edelrid-defuser-rescue\/#primaryimage"},"thumbnailUrl":"https:\/\/bolting.eu\/wp-content\/uploads\/2025\/01\/Defuser-REscue-1.jpg","datePublished":"2025-01-09T19:36:52+00:00","dateModified":"2025-01-09T19:36:54+00:00","description":"Edelrid Defuser Rescue Bandfalld\u00e4mpfer beim Industriekletterausr\u00fcstung Profi kaufen \u2705 Trusted Shop \u2705 kostenloser Versand* \u2705 14 Tage R\u00fcckgaberecht","breadcrumb":{"@id":"https:\/\/bolting.eu\/en\/shop\/edelrid-defuser-rescue\/#breadcrumb"},"inLanguage":"en-US","potentialAction":[{"@type":"ReadAction","target":["https:\/\/bolting.eu\/en\/shop\/edelrid-defuser-rescue\/"]}]},{"@type":"ImageObject","inLanguage":"en-US","@id":"https:\/\/bolting.eu\/en\/shop\/edelrid-defuser-rescue\/#primaryimage","url":"https:\/\/bolting.eu\/wp-content\/uploads\/2025\/01\/Defuser-REscue-1.jpg","contentUrl":"https:\/\/bolting.eu\/wp-content\/uploads\/2025\/01\/Defuser-REscue-1.jpg","width":700,"height":700,"caption":"Zwei unterschiedlich lange, schwarze Edelrid Bandfalld\u00e4mpfer mit Lgo auf der Seite nebeneinander."},{"@type":"BreadcrumbList","@id":"https:\/\/bolting.eu\/en\/shop\/edelrid-defuser-rescue\/#breadcrumb","itemListElement":[{"@type":"ListItem","position":1,"name":"Shop","item":"https:\/\/bolting.eu\/en\/shop\/"},{"@type":"ListItem","position":2,"name":"Industrial climbing gear","item":"https:\/\/bolting.eu\/en\/produkt-kategorie\/industrial-climbing-gear\/"},{"@type":"ListItem","position":3,"name":"Belt energy absorber","item":"https:\/\/bolting.eu\/en\/produkt-kategorie\/belt-energy-absorber\/"},{"@type":"ListItem","position":4,"name":"Edelrid Defuser Rescue"}]},{"@type":"WebSite","@id":"https:\/\/bolting.eu\/en\/#website","url":"https:\/\/bolting.eu\/en\/","name":"bolting.eu","description":"we make climbs happen","publisher":{"@id":"https:\/\/bolting.eu\/en\/#organization"},"potentialAction":[{"@type":"SearchAction","target":{"@type":"EntryPoint","urlTemplate":"https:\/\/bolting.eu\/en\/?s={search_term_string}"},"query-input":{"@type":"PropertyValueSpecification","valueRequired":true,"valueName":"search_term_string"}}],"inLanguage":"en-US"},{"@type":["Organization","Place","SportingGoodsStore"],"@id":"https:\/\/bolting.eu\/en\/#organization","name":"bolting.eu","url":"https:\/\/bolting.eu\/en\/","logo":{"@id":"https:\/\/bolting.eu\/en\/shop\/edelrid-defuser-rescue\/#local-main-organization-logo"},"image":{"@id":"https:\/\/bolting.eu\/en\/shop\/edelrid-defuser-rescue\/#local-main-organization-logo"},"sameAs":["https:\/\/www.facebook.com\/bolting.eu","https:\/\/www.instagram.com\/bolting.eu\/"],"address":{"@id":"https:\/\/bolting.eu\/en\/shop\/edelrid-defuser-rescue\/#local-main-place-address"},"geo":{"@type":"GeoCoordinates","latitude":"47.264176340396226","longitude":"11.380109057672346"},"telephone":["+43 699 19083372"],"openingHoursSpecification":[{"@type":"OpeningHoursSpecification","dayOfWeek":["Monday","Wednesday","Friday"],"opens":"14:00","closes":"18:00"},{"@type":"OpeningHoursSpecification","dayOfWeek":["Tuesday","Thursday","Saturday","Sunday"],"opens":"00:00","closes":"00:00"}],"email":"office@bolting.eu","vatID":"ATU59999728","priceRange":"$$","currenciesAccepted":"Euro"},{"@type":"PostalAddress","@id":"https:\/\/bolting.eu\/en\/shop\/edelrid-defuser-rescue\/#local-main-place-address","streetAddress":"Fischnalerstra\u00dfe 4","addressLocality":"Innsbruck","postalCode":"6020","addressRegion":"Tirol","addressCountry":"AT"},{"@type":"ImageObject","inLanguage":"en-US","@id":"https:\/\/bolting.eu\/en\/shop\/edelrid-defuser-rescue\/#local-main-organization-logo","url":"https:\/\/bolting.eu\/wp-content\/uploads\/2019\/09\/bolting-logo.png","contentUrl":"https:\/\/bolting.eu\/wp-content\/uploads\/2019\/09\/bolting-logo.png","width":400,"height":211,"caption":"bolting.eu"}]},"og_availability":"instock","product_availability":"instock","product_condition":"new","geo.placename":"Innsbruck","geo.position":{"lat":"47.264176340396226","long":"11.380109057672346"},"geo.region":"Austria"},"_links":{"self":[{"href":"https:\/\/bolting.eu\/en\/wp-json\/wp\/v2\/product\/22408","targetHints":{"allow":["GET"]}}],"collection":[{"href":"https:\/\/bolting.eu\/en\/wp-json\/wp\/v2\/product"}],"about":[{"href":"https:\/\/bolting.eu\/en\/wp-json\/wp\/v2\/types\/product"}],"replies":[{"embeddable":true,"href":"https:\/\/bolting.eu\/en\/wp-json\/wp\/v2\/comments?post=22408"}],"wp:featuredmedia":[{"embeddable":true,"href":"https:\/\/bolting.eu\/en\/wp-json\/wp\/v2\/media\/22415"}],"wp:attachment":[{"href":"https:\/\/bolting.eu\/en\/wp-json\/wp\/v2\/media?parent=22408"}],"wp:term":[{"taxonomy":"product_brand","embeddable":true,"href":"https:\/\/bolting.eu\/en\/wp-json\/wp\/v2\/product_brand?post=22408"},{"taxonomy":"product_cat","embeddable":true,"href":"https:\/\/bolting.eu\/en\/wp-json\/wp\/v2\/product_cat?post=22408"},{"taxonomy":"product_tag","embeddable":true,"href":"https:\/\/bolting.eu\/en\/wp-json\/wp\/v2\/product_tag?post=22408"}],"curies":[{"name":"wp","href":"https:\/\/api.w.org\/{rel}","templated":true}]}}