{"id":2240,"date":"2020-03-18T10:15:44","date_gmt":"2020-03-18T09:15:44","guid":{"rendered":"https:\/\/bolting.eu\/?post_type=product&#038;p=2240"},"modified":"2026-04-10T09:30:32","modified_gmt":"2026-04-10T07:30:32","slug":"kong-gi-gi-sicherungsplatte","status":"publish","type":"product","link":"https:\/\/bolting.eu\/en\/shop\/kong-gi-gi-sicherungsplatte\/","title":{"rendered":"Kong Gi Gi Sicherungsplatte"},"content":{"rendered":"<p>Die Kong Gi Gi Sicherungsplatte ist ein Allzweck Ausr\u00fcstungsteil. Durch seine smarte Form kann es sowohl f\u00fcr das Sichern im Nachstieg als auch als Abseilger\u00e4t verwendet werden. F\u00fcr die Funktionst\u00fcchtigkeit dieses Sicherungsger\u00e4t ben\u00f6tigt man zwei weitere Karabiner. Der Hersteller empfiehlt einen kleinen Schrauber zum Einh\u00e4ngen am Stand bzw. einen ovalen Karabiner f\u00fcr die Seilfixierung.<\/p>\n<h3>Eigenschaften Kong Gi Gi Sicherungsplatte<\/h3>\n<ul>\n<li>Hersteller: Kong<\/li>\n<li>Material: Aluminium eloxiert<\/li>\n<li>Gewicht: 113 Gramm<\/li>\n<li>Einsatzbereiche: alle Bergsportdisziplinen<\/li>\n<li>Vorstiegssicherung: ben\u00f6tigt HMS Karabiner oder ovalen Karabiner<\/li>\n<li>Nachstiegssicherung: ben\u00f6tigt HMS Karabiner + ovalen Karabiner<\/li>\n<\/ul>\n<h3><a href=\"https:\/\/bolting.eu\/wp-content\/uploads\/2020\/03\/Kong-Gi-Gi-Sicherungsplatte-2.jpg\"><img loading=\"lazy\" decoding=\"async\" class=\"size-thumbnail wp-image-2241 alignleft\" src=\"https:\/\/bolting.eu\/wp-content\/uploads\/2020\/03\/Kong-Gi-Gi-Sicherungsplatte-2-280x280.jpg\" alt=\"Das Bild zeigt die t\u00fcrkise Kong Gi Gi Sicherungsplatte mit eingeh\u00e4ngten Doppelseilen und Karabinern um die Funktionsweise beim Sichern im Nachstieg zu erkl\u00e4ren. \" width=\"280\" height=\"280\" srcset=\"https:\/\/bolting.eu\/wp-content\/uploads\/2020\/03\/Kong-Gi-Gi-Sicherungsplatte-2-280x280.jpg 280w, https:\/\/bolting.eu\/wp-content\/uploads\/2020\/03\/Kong-Gi-Gi-Sicherungsplatte-2-247x247.jpg 247w, https:\/\/bolting.eu\/wp-content\/uploads\/2020\/03\/Kong-Gi-Gi-Sicherungsplatte-2-100x100.jpg 100w, https:\/\/bolting.eu\/wp-content\/uploads\/2020\/03\/Kong-Gi-Gi-Sicherungsplatte-2-510x510.jpg 510w, https:\/\/bolting.eu\/wp-content\/uploads\/2020\/03\/Kong-Gi-Gi-Sicherungsplatte-2-400x400.jpg 400w, https:\/\/bolting.eu\/wp-content\/uploads\/2020\/03\/Kong-Gi-Gi-Sicherungsplatte-2-300x300.jpg 300w, https:\/\/bolting.eu\/wp-content\/uploads\/2020\/03\/Kong-Gi-Gi-Sicherungsplatte-2-600x600.jpg 600w, https:\/\/bolting.eu\/wp-content\/uploads\/2020\/03\/Kong-Gi-Gi-Sicherungsplatte-2.jpg 700w\" sizes=\"auto, (max-width: 280px) 100vw, 280px\" \/><\/a>Praxis Tipp<\/h3>\n<p>Achtet beim Sichern mit der Kong Gi Gi Sicherungsplatte und Doppelseilen auf den richtigen Karabiner. Nur ein Karabiner mit geraden \u201elangen\u201c Schenkel eignen sich f\u00fcr ein sicheres Handling. Die Verwendung sehr kleinerer Schrauber oder stark gebogener Karabiner ist NICHT ideal. Denn hier kann es sein dass eines der Seile nicht richtig klemmt. Ein kurzer Test sollte gen\u00fcgen um &#8220;seinen&#8221; Karabiner zu testen.<\/p>\n<p>Erfahrene Alpinisten haben in einer Seilschaft zudem oft ein Reserve Sicherungsger\u00e4t dabei. Denn ein Ausr\u00fcstungsteil kann einem immer hinunterfallen. Besonders wenn man am Abstieg ist und die Konzentration nachl\u00e4sst, k\u00f6nnen solche Missgeschicke passieren. Auch das oftmalige Umh\u00e4ngen und Einh\u00e4ngen an den <a href=\"https:\/\/bolting.eu\/produkt-kategorie\/umlenker-kettenstand\/\">Kettenst\u00e4nden<\/a> bzw. Abseilpisten sind potentielle \u201eAbsturz\u201c Situationen. Seid auch darauf vorbereitet, alleine mit einem Halbmastwurf Sichern und Abseilen zu k\u00f6nnen.<\/p>\n<h3>Wann geh\u00f6rt die\u00a0Kong Gi Gi Sicherungsplatte ausgetauscht?<\/h3>\n<p>Sobald sich tiefer Rillen an den Auslassstellen bilden, nimmt die Bremskraft ab. Ihr m\u00fcsst selbst entscheiden, wann diese f\u00fcr Euch zu klein wird. Weiters entstehen dann auch scharfe Kanten, welche die Seile besch\u00e4digen k\u00f6nnen. Beispielsweise wenn ein Sturz gehalten werden muss. Ein Sicherungsger\u00e4t ist ein Gebrauchs und folglich Abnutzungsartikel. Wir empfehlen das Produkt regelm\u00e4\u00dfig zu inspizieren und es ggf. fr\u00fch genug auszuscheiden.<\/p>\n<p>Link Tipp: lehrreiches <a href=\"https:\/\/youtu.be\/u4KmmtxWsb4\" target=\"_blank\" rel=\"noopener noreferrer\">Youtube Video<\/a> mit Erkl\u00e4rungen zur Sicherungsplatte dieses Bautyps<\/p>\n","protected":false},"excerpt":{"rendered":"<ul>\n<li>Hersteller: Kong<\/li>\n<li>Material: Aluminium eloxiert<\/li>\n<li>Gewicht: 113 Gramm<\/li>\n<li>Einsatzbereiche: alle Bergsportdisziplinen<\/li>\n<li>Vorstiegssicherung: ben\u00f6tigt HMS Karabiner oder ovalen Karabiner<\/li>\n<li>Nachstiegssicherung: ben\u00f6tigt HMS Karabiner + ovalen Karabiner<\/li>\n<\/ul>\n","protected":false},"featured_media":2242,"comment_status":"closed","ping_status":"closed","template":"","meta":[],"product_brand":[],"product_cat":[29,4651,3711],"product_tag":[262,265,3212,2228,2189],"class_list":{"0":"post-2240","1":"product","2":"type-product","3":"status-publish","4":"has-post-thumbnail","6":"product_cat-kletterausruestung","7":"product_cat-kong","8":"product_cat-sicherungsgeraete-klettern","9":"product_tag-alpinklettern","10":"product_tag-big-wall-klettern","11":"product_tag-canyoning","12":"product_tag-hoehenarbeiten","13":"product_tag-speleologie","15":"first","16":"instock","17":"taxable","18":"shipping-taxable","19":"purchasable","20":"product-type-simple"},"yoast_head":"<!-- This site is optimized with the Yoast SEO Premium plugin v26.9 (Yoast SEO v26.9) - https:\/\/yoast.com\/product\/yoast-seo-premium-wordpress\/ -->\n<title>Kong Gi Gi Sicherungsplatte jetzt online kaufen bei bolting.eu<\/title>\n<meta name=\"description\" content=\"Hier findet ihr die Kong Gi Gi Sicherungsplatte. Ein Allzweck Sicherungsger\u00e4t f\u00fcr viele alpine Sportarten wie Klettern Canyoning oder H\u00f6hlenforschung.\" \/>\n<meta name=\"robots\" content=\"index, follow, max-snippet:-1, max-image-preview:large, max-video-preview:-1\" \/>\n<link rel=\"canonical\" href=\"https:\/\/bolting.eu\/en\/shop\/kong-gi-gi-sicherungsplatte\/\" \/>\n<meta property=\"og:locale\" content=\"en_US\" \/>\n<meta property=\"og:type\" content=\"article\" \/>\n<meta property=\"og:title\" content=\"Kong Gi Gi Sicherungsplatte\" \/>\n<meta property=\"og:description\" content=\"Hier findet ihr die Kong Gi Gi Sicherungsplatte. Ein Allzweck Sicherungsger\u00e4t f\u00fcr viele alpine Sportarten wie Klettern Canyoning oder H\u00f6hlenforschung.\" \/>\n<meta property=\"og:url\" content=\"https:\/\/bolting.eu\/en\/shop\/kong-gi-gi-sicherungsplatte\/\" \/>\n<meta property=\"og:site_name\" content=\"bolting.eu\" \/>\n<meta property=\"article:publisher\" content=\"https:\/\/www.facebook.com\/bolting.eu\" \/>\n<meta property=\"article:modified_time\" content=\"2026-04-10T07:30:32+00:00\" \/>\n<meta property=\"og:image\" content=\"https:\/\/bolting.eu\/wp-content\/uploads\/2020\/03\/Kong-Gi-Gi-Sicherungsplatte.jpg\" \/>\n\t<meta property=\"og:image:width\" content=\"700\" \/>\n\t<meta property=\"og:image:height\" content=\"700\" \/>\n\t<meta property=\"og:image:type\" content=\"image\/jpeg\" \/>\n<meta name=\"twitter:card\" content=\"summary_large_image\" \/>\n<meta name=\"twitter:label1\" content=\"Price\" \/>\n\t<meta name=\"twitter:data1\" content=\"&euro;&nbsp;11,90\" \/>\n\t<meta name=\"twitter:label2\" content=\"Availability\" \/>\n\t<meta name=\"twitter:data2\" content=\"In stock\" \/>\n<script type=\"application\/ld+json\" class=\"yoast-schema-graph\">{\"@context\":\"https:\/\/schema.org\",\"@graph\":[{\"@type\":[\"WebPage\",\"ItemPage\"],\"@id\":\"https:\/\/bolting.eu\/en\/shop\/kong-gi-gi-sicherungsplatte\/\",\"url\":\"https:\/\/bolting.eu\/en\/shop\/kong-gi-gi-sicherungsplatte\/\",\"name\":\"Kong Gi Gi Sicherungsplatte jetzt online kaufen bei bolting.eu\",\"isPartOf\":{\"@id\":\"https:\/\/bolting.eu\/en\/#website\"},\"primaryImageOfPage\":{\"@id\":\"https:\/\/bolting.eu\/en\/shop\/kong-gi-gi-sicherungsplatte\/#primaryimage\"},\"image\":{\"@id\":\"https:\/\/bolting.eu\/en\/shop\/kong-gi-gi-sicherungsplatte\/#primaryimage\"},\"thumbnailUrl\":\"https:\/\/bolting.eu\/wp-content\/uploads\/2020\/03\/Kong-Gi-Gi-Sicherungsplatte.jpg\",\"datePublished\":\"2020-03-18T09:15:44+00:00\",\"dateModified\":\"2026-04-10T07:30:32+00:00\",\"description\":\"Hier findet ihr die Kong Gi Gi Sicherungsplatte. Ein Allzweck Sicherungsger\u00e4t f\u00fcr viele alpine Sportarten wie Klettern Canyoning oder H\u00f6hlenforschung.\",\"breadcrumb\":{\"@id\":\"https:\/\/bolting.eu\/en\/shop\/kong-gi-gi-sicherungsplatte\/#breadcrumb\"},\"inLanguage\":\"en-US\",\"potentialAction\":[{\"@type\":\"ReadAction\",\"target\":[\"https:\/\/bolting.eu\/en\/shop\/kong-gi-gi-sicherungsplatte\/\"]}]},{\"@type\":\"ImageObject\",\"inLanguage\":\"en-US\",\"@id\":\"https:\/\/bolting.eu\/en\/shop\/kong-gi-gi-sicherungsplatte\/#primaryimage\",\"url\":\"https:\/\/bolting.eu\/wp-content\/uploads\/2020\/03\/Kong-Gi-Gi-Sicherungsplatte.jpg\",\"contentUrl\":\"https:\/\/bolting.eu\/wp-content\/uploads\/2020\/03\/Kong-Gi-Gi-Sicherungsplatte.jpg\",\"width\":700,\"height\":700,\"caption\":\"Das Bild zeigt die gelbe Kong Gi Gi Sicherungsplatte. Sie liegt quer inBidmitte und man sieht die vier \u00d6ffnungen. Zwei runde Karabiner\u00f6sen an den schmalen Enden, zwei lange Schlitze in der Mitte des Sicherungsger\u00e4tes.\"},{\"@type\":\"BreadcrumbList\",\"@id\":\"https:\/\/bolting.eu\/en\/shop\/kong-gi-gi-sicherungsplatte\/#breadcrumb\",\"itemListElement\":[{\"@type\":\"ListItem\",\"position\":1,\"name\":\"Shop\",\"item\":\"https:\/\/bolting.eu\/en\/shop\/\"},{\"@type\":\"ListItem\",\"position\":2,\"name\":\"climbing equipment\",\"item\":\"https:\/\/bolting.eu\/en\/produkt-kategorie\/climbing-equipment\/\"},{\"@type\":\"ListItem\",\"position\":3,\"name\":\"Sicherungsger\u00e4te Klettern\",\"item\":\"https:\/\/bolting.eu\/produkt-kategorie\/kletterausruestung\/sicherungsgeraete-klettern\/\"},{\"@type\":\"ListItem\",\"position\":4,\"name\":\"Kong Gi Gi Sicherungsplatte\"}]},{\"@type\":\"WebSite\",\"@id\":\"https:\/\/bolting.eu\/en\/#website\",\"url\":\"https:\/\/bolting.eu\/en\/\",\"name\":\"bolting.eu\",\"description\":\"we make climbs happen\",\"publisher\":{\"@id\":\"https:\/\/bolting.eu\/en\/#organization\"},\"potentialAction\":[{\"@type\":\"SearchAction\",\"target\":{\"@type\":\"EntryPoint\",\"urlTemplate\":\"https:\/\/bolting.eu\/en\/?s={search_term_string}\"},\"query-input\":{\"@type\":\"PropertyValueSpecification\",\"valueRequired\":true,\"valueName\":\"search_term_string\"}}],\"inLanguage\":\"en-US\"},{\"@type\":[\"Organization\",\"Place\",\"SportingGoodsStore\"],\"@id\":\"https:\/\/bolting.eu\/en\/#organization\",\"name\":\"bolting.eu\",\"url\":\"https:\/\/bolting.eu\/en\/\",\"logo\":{\"@id\":\"https:\/\/bolting.eu\/en\/shop\/kong-gi-gi-sicherungsplatte\/#local-main-organization-logo\"},\"image\":{\"@id\":\"https:\/\/bolting.eu\/en\/shop\/kong-gi-gi-sicherungsplatte\/#local-main-organization-logo\"},\"sameAs\":[\"https:\/\/www.facebook.com\/bolting.eu\",\"https:\/\/www.instagram.com\/bolting.eu\/\"],\"address\":{\"@id\":\"https:\/\/bolting.eu\/en\/shop\/kong-gi-gi-sicherungsplatte\/#local-main-place-address\"},\"geo\":{\"@type\":\"GeoCoordinates\",\"latitude\":\"47.264176340396226\",\"longitude\":\"11.380109057672346\"},\"telephone\":[\"+43 699 19083372\"],\"openingHoursSpecification\":[{\"@type\":\"OpeningHoursSpecification\",\"dayOfWeek\":[\"Monday\",\"Wednesday\",\"Friday\"],\"opens\":\"14:00\",\"closes\":\"18:00\"},{\"@type\":\"OpeningHoursSpecification\",\"dayOfWeek\":[\"Tuesday\",\"Thursday\",\"Saturday\",\"Sunday\"],\"opens\":\"00:00\",\"closes\":\"00:00\"}],\"email\":\"office@bolting.eu\",\"vatID\":\"ATU59999728\",\"priceRange\":\"$$\",\"currenciesAccepted\":\"Euro\"},{\"@type\":\"PostalAddress\",\"@id\":\"https:\/\/bolting.eu\/en\/shop\/kong-gi-gi-sicherungsplatte\/#local-main-place-address\",\"streetAddress\":\"Fischnalerstra\u00dfe 4\",\"addressLocality\":\"Innsbruck\",\"postalCode\":\"6020\",\"addressRegion\":\"Tirol\",\"addressCountry\":\"AT\"},{\"@type\":\"ImageObject\",\"inLanguage\":\"en-US\",\"@id\":\"https:\/\/bolting.eu\/en\/shop\/kong-gi-gi-sicherungsplatte\/#local-main-organization-logo\",\"url\":\"https:\/\/bolting.eu\/wp-content\/uploads\/2019\/09\/bolting-logo.png\",\"contentUrl\":\"https:\/\/bolting.eu\/wp-content\/uploads\/2019\/09\/bolting-logo.png\",\"width\":400,\"height\":211,\"caption\":\"bolting.eu\"}]}<\/script>\n<meta property=\"product:price:amount\" content=\"11.90\" \/>\n<meta property=\"product:price:currency\" content=\"EUR\" \/>\n<meta property=\"og:availability\" content=\"instock\" \/>\n<meta property=\"product:availability\" content=\"instock\" \/>\n<meta property=\"product:retailer_item_id\" content=\"859Y00400KK\" \/>\n<meta property=\"product:condition\" content=\"new\" \/>\n<meta name=\"geo.placename\" content=\"Innsbruck\" \/>\n<meta name=\"geo.position\" content=\"47.264176340396226;11.380109057672346\" \/>\n<meta name=\"geo.region\" content=\"Austria\" \/>\n<!-- \/ Yoast SEO Premium plugin. -->","yoast_head_json":{"title":"Kong Gi Gi Sicherungsplatte jetzt online kaufen bei bolting.eu","description":"Hier findet ihr die Kong Gi Gi Sicherungsplatte. Ein Allzweck Sicherungsger\u00e4t f\u00fcr viele alpine Sportarten wie Klettern Canyoning oder H\u00f6hlenforschung.","robots":{"index":"index","follow":"follow","max-snippet":"max-snippet:-1","max-image-preview":"max-image-preview:large","max-video-preview":"max-video-preview:-1"},"canonical":"https:\/\/bolting.eu\/en\/shop\/kong-gi-gi-sicherungsplatte\/","og_locale":"en_US","og_type":"article","og_title":"Kong Gi Gi Sicherungsplatte","og_description":"Hier findet ihr die Kong Gi Gi Sicherungsplatte. Ein Allzweck Sicherungsger\u00e4t f\u00fcr viele alpine Sportarten wie Klettern Canyoning oder H\u00f6hlenforschung.","og_url":"https:\/\/bolting.eu\/en\/shop\/kong-gi-gi-sicherungsplatte\/","og_site_name":"bolting.eu","article_publisher":"https:\/\/www.facebook.com\/bolting.eu","article_modified_time":"2026-04-10T07:30:32+00:00","og_image":[{"width":700,"height":700,"url":"https:\/\/bolting.eu\/wp-content\/uploads\/2020\/03\/Kong-Gi-Gi-Sicherungsplatte.jpg","type":"image\/jpeg"}],"twitter_card":"summary_large_image","twitter_misc":{"Price":"&euro;&nbsp;11,90","Availability":"In stock"},"schema":{"@context":"https:\/\/schema.org","@graph":[{"@type":["WebPage","ItemPage"],"@id":"https:\/\/bolting.eu\/en\/shop\/kong-gi-gi-sicherungsplatte\/","url":"https:\/\/bolting.eu\/en\/shop\/kong-gi-gi-sicherungsplatte\/","name":"Kong Gi Gi Sicherungsplatte jetzt online kaufen bei bolting.eu","isPartOf":{"@id":"https:\/\/bolting.eu\/en\/#website"},"primaryImageOfPage":{"@id":"https:\/\/bolting.eu\/en\/shop\/kong-gi-gi-sicherungsplatte\/#primaryimage"},"image":{"@id":"https:\/\/bolting.eu\/en\/shop\/kong-gi-gi-sicherungsplatte\/#primaryimage"},"thumbnailUrl":"https:\/\/bolting.eu\/wp-content\/uploads\/2020\/03\/Kong-Gi-Gi-Sicherungsplatte.jpg","datePublished":"2020-03-18T09:15:44+00:00","dateModified":"2026-04-10T07:30:32+00:00","description":"Hier findet ihr die Kong Gi Gi Sicherungsplatte. Ein Allzweck Sicherungsger\u00e4t f\u00fcr viele alpine Sportarten wie Klettern Canyoning oder H\u00f6hlenforschung.","breadcrumb":{"@id":"https:\/\/bolting.eu\/en\/shop\/kong-gi-gi-sicherungsplatte\/#breadcrumb"},"inLanguage":"en-US","potentialAction":[{"@type":"ReadAction","target":["https:\/\/bolting.eu\/en\/shop\/kong-gi-gi-sicherungsplatte\/"]}]},{"@type":"ImageObject","inLanguage":"en-US","@id":"https:\/\/bolting.eu\/en\/shop\/kong-gi-gi-sicherungsplatte\/#primaryimage","url":"https:\/\/bolting.eu\/wp-content\/uploads\/2020\/03\/Kong-Gi-Gi-Sicherungsplatte.jpg","contentUrl":"https:\/\/bolting.eu\/wp-content\/uploads\/2020\/03\/Kong-Gi-Gi-Sicherungsplatte.jpg","width":700,"height":700,"caption":"Das Bild zeigt die gelbe Kong Gi Gi Sicherungsplatte. Sie liegt quer inBidmitte und man sieht die vier \u00d6ffnungen. Zwei runde Karabiner\u00f6sen an den schmalen Enden, zwei lange Schlitze in der Mitte des Sicherungsger\u00e4tes."},{"@type":"BreadcrumbList","@id":"https:\/\/bolting.eu\/en\/shop\/kong-gi-gi-sicherungsplatte\/#breadcrumb","itemListElement":[{"@type":"ListItem","position":1,"name":"Shop","item":"https:\/\/bolting.eu\/en\/shop\/"},{"@type":"ListItem","position":2,"name":"climbing equipment","item":"https:\/\/bolting.eu\/en\/produkt-kategorie\/climbing-equipment\/"},{"@type":"ListItem","position":3,"name":"Sicherungsger\u00e4te Klettern","item":"https:\/\/bolting.eu\/produkt-kategorie\/kletterausruestung\/sicherungsgeraete-klettern\/"},{"@type":"ListItem","position":4,"name":"Kong Gi Gi Sicherungsplatte"}]},{"@type":"WebSite","@id":"https:\/\/bolting.eu\/en\/#website","url":"https:\/\/bolting.eu\/en\/","name":"bolting.eu","description":"we make climbs happen","publisher":{"@id":"https:\/\/bolting.eu\/en\/#organization"},"potentialAction":[{"@type":"SearchAction","target":{"@type":"EntryPoint","urlTemplate":"https:\/\/bolting.eu\/en\/?s={search_term_string}"},"query-input":{"@type":"PropertyValueSpecification","valueRequired":true,"valueName":"search_term_string"}}],"inLanguage":"en-US"},{"@type":["Organization","Place","SportingGoodsStore"],"@id":"https:\/\/bolting.eu\/en\/#organization","name":"bolting.eu","url":"https:\/\/bolting.eu\/en\/","logo":{"@id":"https:\/\/bolting.eu\/en\/shop\/kong-gi-gi-sicherungsplatte\/#local-main-organization-logo"},"image":{"@id":"https:\/\/bolting.eu\/en\/shop\/kong-gi-gi-sicherungsplatte\/#local-main-organization-logo"},"sameAs":["https:\/\/www.facebook.com\/bolting.eu","https:\/\/www.instagram.com\/bolting.eu\/"],"address":{"@id":"https:\/\/bolting.eu\/en\/shop\/kong-gi-gi-sicherungsplatte\/#local-main-place-address"},"geo":{"@type":"GeoCoordinates","latitude":"47.264176340396226","longitude":"11.380109057672346"},"telephone":["+43 699 19083372"],"openingHoursSpecification":[{"@type":"OpeningHoursSpecification","dayOfWeek":["Monday","Wednesday","Friday"],"opens":"14:00","closes":"18:00"},{"@type":"OpeningHoursSpecification","dayOfWeek":["Tuesday","Thursday","Saturday","Sunday"],"opens":"00:00","closes":"00:00"}],"email":"office@bolting.eu","vatID":"ATU59999728","priceRange":"$$","currenciesAccepted":"Euro"},{"@type":"PostalAddress","@id":"https:\/\/bolting.eu\/en\/shop\/kong-gi-gi-sicherungsplatte\/#local-main-place-address","streetAddress":"Fischnalerstra\u00dfe 4","addressLocality":"Innsbruck","postalCode":"6020","addressRegion":"Tirol","addressCountry":"AT"},{"@type":"ImageObject","inLanguage":"en-US","@id":"https:\/\/bolting.eu\/en\/shop\/kong-gi-gi-sicherungsplatte\/#local-main-organization-logo","url":"https:\/\/bolting.eu\/wp-content\/uploads\/2019\/09\/bolting-logo.png","contentUrl":"https:\/\/bolting.eu\/wp-content\/uploads\/2019\/09\/bolting-logo.png","width":400,"height":211,"caption":"bolting.eu"}]},"product_price_amount":"11.90","product_price_currency":"EUR","og_availability":"instock","product_availability":"instock","product_retailer_item_id":"859Y00400KK","product_condition":"new","geo.placename":"Innsbruck","geo.position":{"lat":"47.264176340396226","long":"11.380109057672346"},"geo.region":"Austria"},"_links":{"self":[{"href":"https:\/\/bolting.eu\/en\/wp-json\/wp\/v2\/product\/2240","targetHints":{"allow":["GET"]}}],"collection":[{"href":"https:\/\/bolting.eu\/en\/wp-json\/wp\/v2\/product"}],"about":[{"href":"https:\/\/bolting.eu\/en\/wp-json\/wp\/v2\/types\/product"}],"replies":[{"embeddable":true,"href":"https:\/\/bolting.eu\/en\/wp-json\/wp\/v2\/comments?post=2240"}],"wp:featuredmedia":[{"embeddable":true,"href":"https:\/\/bolting.eu\/en\/wp-json\/wp\/v2\/media\/2242"}],"wp:attachment":[{"href":"https:\/\/bolting.eu\/en\/wp-json\/wp\/v2\/media?parent=2240"}],"wp:term":[{"taxonomy":"product_brand","embeddable":true,"href":"https:\/\/bolting.eu\/en\/wp-json\/wp\/v2\/product_brand?post=2240"},{"taxonomy":"product_cat","embeddable":true,"href":"https:\/\/bolting.eu\/en\/wp-json\/wp\/v2\/product_cat?post=2240"},{"taxonomy":"product_tag","embeddable":true,"href":"https:\/\/bolting.eu\/en\/wp-json\/wp\/v2\/product_tag?post=2240"}],"curies":[{"name":"wp","href":"https:\/\/api.w.org\/{rel}","templated":true}]}}