{"id":22338,"date":"2024-12-29T13:38:50","date_gmt":"2024-12-29T12:38:50","guid":{"rendered":"https:\/\/bolting.eu\/?post_type=product&#038;p=22338"},"modified":"2024-12-29T13:38:52","modified_gmt":"2024-12-29T12:38:52","slug":"petzl-leichtgurt-altitude","status":"publish","type":"product","link":"https:\/\/bolting.eu\/en\/shop\/petzl-leichtgurt-altitude\/","title":{"rendered":"Petzl Leichtgurt Altitude"},"content":{"rendered":"<p>Dieser Petzl Leichtgurt ist zum Bergsteigen bzw. f\u00fcr Skitouren gedacht. Denn ihr k\u00f6nnt den Altitude auch mit bereits montierten <a href=\"https:\/\/bolting.eu\/produkt-kategorie\/bergsteiger-ausruestung\/steigeisen\/\">Steigeisen<\/a> oder Skiern anziehen.<\/p>\n<p>Somit ist er der ideale Begleiter auf Ski- oder Hochtouren.<\/p>\n<p>Folglich kann man ihn auch mit <a href=\"https:\/\/bolting.eu\/produkt-kategorie\/kletterausruestung\/kletterhandschuhe\/\">Kletterhandschuhen<\/a> gut bedienen. Zudem ist der Gurt sehr leicht bzw. hat eine geringes Packma\u00df.<\/p>\n<p>Zwei Materialschlaufen und <a href=\"https:\/\/bolting.eu\/produkt-kategorie\/bergsteiger-ausruestung\/eisschrauben\/\">Eisschrauben<\/a> Halterungen runden dieses Modell perfekt ab.<\/p>\n<h2>Eigenschaften Leichtgurt Altitude<\/h2>\n<ul>\n<li>Hersteller: <a href=\"https:\/\/bolting.eu\/produkt-kategorie\/petzl\/\">Petzl<\/a><\/li>\n<li>Material: Polyester, HDPE, Alu<\/li>\n<li>Gewicht 150 Gramm (Gr\u00f6\u00dfe S\/M)<\/li>\n<li>Gr\u00f6\u00dfen: S\/M, M\/L, L\/XL<\/li>\n<li>Normen: <a href=\"https:\/\/bolting.eu\/en-12277-klettergurt-norm\/\">EN 12277<\/a><\/li>\n<li>leichter Gurt zum Bergsteigen und f\u00fcr Skitouren<\/li>\n<li>extrem schmal dank Wireframe Technologie<\/li>\n<li>k\u00f6nnt ihr mit F\u00fc\u00dfen am Boden anziehen<\/li>\n<li>auch mit Handschuhen gut bedienbar<\/li>\n<li>mit Silikon unterlegte Befestigungsm\u00f6glichkeit f\u00fcr je 1 Eisschraube an jeder Beinschlaufe<\/li>\n<li>geringes Packma\u00df<\/li>\n<li>Sicherungsschlaufe f\u00fcr <a href=\"https:\/\/bolting.eu\/produkt-kategorie\/kletterausruestung\/sicherungsgeraete-klettern\/\">Sicherungsger\u00e4t<\/a> bzw. <a href=\"https:\/\/bolting.eu\/produkt-kategorie\/kletterausruestung\/abseilgeraete\/\">Abseilger\u00e4t<\/a><\/li>\n<li>2 Materialschlaufen f\u00fcr <a href=\"https:\/\/bolting.eu\/produkt-kategorie\/kletterausruestung\/kletterkarabiner\/\">Karabiner<\/a>, <a href=\"https:\/\/bolting.eu\/produkt-kategorie\/kletterausruestung\/sicherungsgeraete-klettern\/\">Seilklemme<\/a> oder Eisschrauben<\/li>\n<li><a href=\"https:\/\/www.petzl.com\/AT\/de\/Sport\/Gurte\/ALTITUDE#:~:text=Das%20PDF%20herunterladen%20%3A%20technical%2Dnotice%2DALTITUDE%2DTOUR%2D2%20%2D%203.32%20MB\" target=\"_blank\" rel=\"noopener\">Gebrauchsanleitung<\/a><\/li>\n<\/ul>\n<h3>Gr\u00f6\u00dfentabelle<\/h3>\n<p>Im Folgenden findet ihr die Gr\u00f6\u00dfentabelle f\u00fcr den &#8220;Altitude&#8221;.<\/p>\n<table>\n<tbody>\n<tr>\n<td class=\"rowTitle\" style=\"text-align: center;\"><strong>Gr\u00f6\u00dfe<\/strong><\/td>\n<td style=\"text-align: center;\"><strong>S\/M<\/strong><\/td>\n<td style=\"text-align: center;\"><strong>M\/L<\/strong><\/td>\n<td style=\"text-align: center;\"><strong>L\/XL<\/strong><\/td>\n<\/tr>\n<tr>\n<td class=\"rowTitle\" style=\"text-align: center;\">Taillenumfang<\/td>\n<td style=\"text-align: center;\">64-86 cm<\/td>\n<td style=\"text-align: center;\">74-96 cm<\/td>\n<td style=\"text-align: center;\">84-108 cm<\/td>\n<\/tr>\n<tr>\n<td class=\"rowTitle\" style=\"text-align: center;\">Beinschlaufen<\/td>\n<td style=\"text-align: center;\">55-67 cm<\/td>\n<td style=\"text-align: center;\">60-73 cm<\/td>\n<td style=\"text-align: center;\">66-79 cm<\/td>\n<\/tr>\n<tr>\n<td class=\"rowTitle\" style=\"text-align: center;\">Gewicht<\/td>\n<td style=\"text-align: center;\">150 g<\/td>\n<td style=\"text-align: center;\">160 g<\/td>\n<td style=\"text-align: center;\">170 g<\/td>\n<\/tr>\n<tr>\n<td class=\"rowTitle\" style=\"text-align: center;\">Garantie<\/td>\n<td style=\"text-align: center;\">3 Jahre<\/td>\n<td style=\"text-align: center;\">3 Jahre<\/td>\n<td style=\"text-align: center;\">3 Jahre<\/td>\n<\/tr>\n<tr>\n<td class=\"rowTitle\" style=\"text-align: center;\">Verpackung<\/td>\n<td style=\"text-align: center;\">1<\/td>\n<td style=\"text-align: center;\">1<\/td>\n<td style=\"text-align: center;\">1<\/td>\n<\/tr>\n<\/tbody>\n<\/table>\n<h3>Petzl Leichtgurt richtig anziehen<\/h3>\n<p>Die Grafik anbei zeigt, wie ihr den Altitude richtig anlegt. Die drei wichtigsten Dinge sind.<\/p>\n<p>Erstens: ihr m\u00fcsst das H\u00fcftband durch die Sicherungsschlaufe stecken.<\/p>\n<p>Zweitens: die Schnalle muss durch Zur\u00fcckf\u00e4deln sicher geschlossen werden.<\/p>\n<p>Drittens: nicht vergessen die Beinschlaufen einzuh\u00e4ngen &#8211; Klipps schlie\u00dfen.<\/p>\n<p><a href=\"https:\/\/bolting.eu\/wp-content\/uploads\/2024\/12\/Petzl-Altitude-Anziehen.jpg\"><img loading=\"lazy\" decoding=\"async\" class=\"alignnone size-full wp-image-22339\" src=\"https:\/\/bolting.eu\/wp-content\/uploads\/2024\/12\/Petzl-Altitude-Anziehen.jpg\" alt=\"Grafik zum schrittweisen Anziehen des Petzl Altitude Leichtgurts mit Icons in sechs Schritten.\" width=\"1200\" height=\"600\" srcset=\"https:\/\/bolting.eu\/wp-content\/uploads\/2024\/12\/Petzl-Altitude-Anziehen.jpg 1200w, https:\/\/bolting.eu\/wp-content\/uploads\/2024\/12\/Petzl-Altitude-Anziehen-800x400.jpg 800w, https:\/\/bolting.eu\/wp-content\/uploads\/2024\/12\/Petzl-Altitude-Anziehen-768x384.jpg 768w, https:\/\/bolting.eu\/wp-content\/uploads\/2024\/12\/Petzl-Altitude-Anziehen-510x255.jpg 510w, https:\/\/bolting.eu\/wp-content\/uploads\/2024\/12\/Petzl-Altitude-Anziehen-100x50.jpg 100w\" sizes=\"auto, (max-width: 1200px) 100vw, 1200px\" \/><\/a><\/p>\n<h2>Korrektes Anseilen<\/h2>\n<p>Beachtet die korrekten <a href=\"https:\/\/bolting.eu\/klettergurt-anseilen\/\">Gurt Anseilmethoden<\/a> f\u00fcr dieses Modell.<\/p>\n<p><a href=\"https:\/\/bolting.eu\/wp-content\/uploads\/2024\/12\/Petzl-Altitude-Anseilmehoden.jpg\"><img loading=\"lazy\" decoding=\"async\" class=\"alignnone size-full wp-image-22340\" src=\"https:\/\/bolting.eu\/wp-content\/uploads\/2024\/12\/Petzl-Altitude-Anseilmehoden.jpg\" alt=\"Grafik mit drei Bildern zum richtigen Anseilen am Petzl Leichtgurt Altitude.\" width=\"1200\" height=\"600\" srcset=\"https:\/\/bolting.eu\/wp-content\/uploads\/2024\/12\/Petzl-Altitude-Anseilmehoden.jpg 1200w, https:\/\/bolting.eu\/wp-content\/uploads\/2024\/12\/Petzl-Altitude-Anseilmehoden-800x400.jpg 800w, https:\/\/bolting.eu\/wp-content\/uploads\/2024\/12\/Petzl-Altitude-Anseilmehoden-768x384.jpg 768w, https:\/\/bolting.eu\/wp-content\/uploads\/2024\/12\/Petzl-Altitude-Anseilmehoden-510x255.jpg 510w, https:\/\/bolting.eu\/wp-content\/uploads\/2024\/12\/Petzl-Altitude-Anseilmehoden-100x50.jpg 100w\" sizes=\"auto, (max-width: 1200px) 100vw, 1200px\" \/><\/a><\/p>\n<p>&nbsp;<\/p>\n<h3>Altitude mit Eisschrauben Halterung<\/h3>\n<p>Dieser Leichtgurt von Petzl ist mit einer smarten Eisschrauben Halterung ausgestattet. Denn der Schaft kann an der Beinschlaufe fixiert werden. Hierf\u00fcr ist sie mit Silikon unterlegt.<\/p>\n<p>D.h. kein l\u00e4stiges Hin- und Her Baumeln der Eisschrauben mehr!<\/p>\n<p><a href=\"https:\/\/bolting.eu\/wp-content\/uploads\/2024\/12\/Petzl-Altitude-1.jpg\"><img loading=\"lazy\" decoding=\"async\" class=\"alignnone size-full wp-image-22345\" src=\"https:\/\/bolting.eu\/wp-content\/uploads\/2024\/12\/Petzl-Altitude-1.jpg\" alt=\"Blau-wei\u00dfer Petzl Leichtgurt mit Eisschraube von der Seite betrachtet. Rechts oben buntes bolting.eu Logo.\" width=\"700\" height=\"700\" srcset=\"https:\/\/bolting.eu\/wp-content\/uploads\/2024\/12\/Petzl-Altitude-1.jpg 700w, https:\/\/bolting.eu\/wp-content\/uploads\/2024\/12\/Petzl-Altitude-1-400x400.jpg 400w, https:\/\/bolting.eu\/wp-content\/uploads\/2024\/12\/Petzl-Altitude-1-280x280.jpg 280w, https:\/\/bolting.eu\/wp-content\/uploads\/2024\/12\/Petzl-Altitude-1-247x247.jpg 247w, https:\/\/bolting.eu\/wp-content\/uploads\/2024\/12\/Petzl-Altitude-1-510x510.jpg 510w, https:\/\/bolting.eu\/wp-content\/uploads\/2024\/12\/Petzl-Altitude-1-100x100.jpg 100w\" sizes=\"auto, (max-width: 700px) 100vw, 700px\" \/><\/a><\/p>\n<p>&nbsp;<\/p>\n","protected":false},"excerpt":{"rendered":"<p>Leichter Gurt mit geringem Packma\u00df. Kann auch mit den F\u00fc\u00dfen am Boden bzw. bereits montierten Steigeisen und Skiern angezogen werden.<\/p>\n<p>Ideal f\u00fcr f\u00fcr Hoch- und Skitouren.<\/p>\n<p>Versandkostenfrei bis 2kg in <img decoding=\"async\" class=\"emoji\" role=\"img\" draggable=\"false\" src=\"https:\/\/s.w.org\/images\/core\/emoji\/14.0.0\/svg\/1f1e6-1f1f9.svg\" alt=\"\ud83c\udde6\ud83c\uddf9\" \/> ab \u20ac 100,- und <img decoding=\"async\" class=\"emoji\" role=\"img\" draggable=\"false\" src=\"https:\/\/s.w.org\/images\/core\/emoji\/14.0.0\/svg\/1f1e9-1f1ea.svg\" alt=\"\ud83c\udde9\ud83c\uddea\" \/> ab \u20ac 200,-!<\/p>\n","protected":false},"featured_media":22341,"comment_status":"closed","ping_status":"closed","template":"","meta":[],"product_brand":[],"product_cat":[11053,13938,14093,29,6359],"product_tag":[],"class_list":{"0":"post-22338","1":"product","2":"type-product","3":"status-publish","4":"has-post-thumbnail","6":"product_cat-hochtourengurte","7":"product_cat-bergsteiger-ausruestung","8":"product_cat-petzl","9":"product_cat-kletterausruestung","10":"product_cat-klettergurte","12":"first","13":"instock","14":"sale","15":"taxable","16":"shipping-taxable","17":"purchasable","18":"product-type-variable"},"yoast_head":"<!-- This site is optimized with the Yoast SEO Premium plugin v26.9 (Yoast SEO v26.9) - https:\/\/yoast.com\/product\/yoast-seo-premium-wordpress\/ -->\n<title>Petzl Leichtgurt Altitude online kaufen | bolting.eu<\/title>\n<meta name=\"description\" content=\"Petzl Leichtgurt Altitude beim Kletterprofi kaufen \u2705 Trusted Shop \u2705 kostenloser Versand* \u2705 14 Tage R\u00fcckgaberecht \u2705 Co2 neutrale Zustellung\" \/>\n<meta name=\"robots\" content=\"index, follow, max-snippet:-1, max-image-preview:large, max-video-preview:-1\" \/>\n<link rel=\"canonical\" href=\"https:\/\/bolting.eu\/en\/shop\/petzl-leichtgurt-altitude\/\" \/>\n<meta property=\"og:locale\" content=\"en_US\" \/>\n<meta property=\"og:type\" content=\"article\" \/>\n<meta property=\"og:title\" content=\"Petzl Leichtgurt Altitude\" \/>\n<meta property=\"og:description\" content=\"Petzl Leichtgurt Altitude beim Kletterprofi kaufen \u2705 Trusted Shop \u2705 kostenloser Versand* \u2705 14 Tage R\u00fcckgaberecht \u2705 Co2 neutrale Zustellung\" \/>\n<meta property=\"og:url\" content=\"https:\/\/bolting.eu\/en\/shop\/petzl-leichtgurt-altitude\/\" \/>\n<meta property=\"og:site_name\" content=\"bolting.eu\" \/>\n<meta property=\"article:publisher\" content=\"https:\/\/www.facebook.com\/bolting.eu\" \/>\n<meta property=\"article:modified_time\" content=\"2024-12-29T12:38:52+00:00\" \/>\n<meta property=\"og:image\" content=\"https:\/\/bolting.eu\/wp-content\/uploads\/2024\/12\/Petzl-Altitude-5.jpg\" \/>\n\t<meta property=\"og:image:width\" content=\"700\" \/>\n\t<meta property=\"og:image:height\" content=\"700\" \/>\n\t<meta property=\"og:image:type\" content=\"image\/jpeg\" \/>\n<meta name=\"twitter:card\" content=\"summary_large_image\" \/>\n<meta name=\"twitter:label1\" content=\"Availability\" \/>\n\t<meta name=\"twitter:data1\" content=\"In stock\" \/>\n<script type=\"application\/ld+json\" class=\"yoast-schema-graph\">{\"@context\":\"https:\/\/schema.org\",\"@graph\":[{\"@type\":[\"WebPage\",\"ItemPage\"],\"@id\":\"https:\/\/bolting.eu\/en\/shop\/petzl-leichtgurt-altitude\/\",\"url\":\"https:\/\/bolting.eu\/en\/shop\/petzl-leichtgurt-altitude\/\",\"name\":\"Petzl Leichtgurt Altitude online kaufen | bolting.eu\",\"isPartOf\":{\"@id\":\"https:\/\/bolting.eu\/en\/#website\"},\"primaryImageOfPage\":{\"@id\":\"https:\/\/bolting.eu\/en\/shop\/petzl-leichtgurt-altitude\/#primaryimage\"},\"image\":{\"@id\":\"https:\/\/bolting.eu\/en\/shop\/petzl-leichtgurt-altitude\/#primaryimage\"},\"thumbnailUrl\":\"https:\/\/bolting.eu\/wp-content\/uploads\/2024\/12\/Petzl-Altitude-5.jpg\",\"datePublished\":\"2024-12-29T12:38:50+00:00\",\"dateModified\":\"2024-12-29T12:38:52+00:00\",\"description\":\"Petzl Leichtgurt Altitude beim Kletterprofi kaufen \u2705 Trusted Shop \u2705 kostenloser Versand* \u2705 14 Tage R\u00fcckgaberecht \u2705 Co2 neutrale Zustellung\",\"breadcrumb\":{\"@id\":\"https:\/\/bolting.eu\/en\/shop\/petzl-leichtgurt-altitude\/#breadcrumb\"},\"inLanguage\":\"en-US\",\"potentialAction\":[{\"@type\":\"ReadAction\",\"target\":[\"https:\/\/bolting.eu\/en\/shop\/petzl-leichtgurt-altitude\/\"]}]},{\"@type\":\"ImageObject\",\"inLanguage\":\"en-US\",\"@id\":\"https:\/\/bolting.eu\/en\/shop\/petzl-leichtgurt-altitude\/#primaryimage\",\"url\":\"https:\/\/bolting.eu\/wp-content\/uploads\/2024\/12\/Petzl-Altitude-5.jpg\",\"contentUrl\":\"https:\/\/bolting.eu\/wp-content\/uploads\/2024\/12\/Petzl-Altitude-5.jpg\",\"width\":700,\"height\":700,\"caption\":\"Blau-wei\u00dfer Petzl Leichtgurt von vorne betrachtet. Rechts oben buntes bolting.eu Logo.\"},{\"@type\":\"BreadcrumbList\",\"@id\":\"https:\/\/bolting.eu\/en\/shop\/petzl-leichtgurt-altitude\/#breadcrumb\",\"itemListElement\":[{\"@type\":\"ListItem\",\"position\":1,\"name\":\"Shop\",\"item\":\"https:\/\/bolting.eu\/en\/shop\/\"},{\"@type\":\"ListItem\",\"position\":2,\"name\":\"climbing equipment\",\"item\":\"https:\/\/bolting.eu\/en\/produkt-kategorie\/climbing-equipment\/\"},{\"@type\":\"ListItem\",\"position\":3,\"name\":\"Klettergurte\",\"item\":\"https:\/\/bolting.eu\/produkt-kategorie\/kletterausruestung\/klettergurte\/\"},{\"@type\":\"ListItem\",\"position\":4,\"name\":\"Petzl Leichtgurt Altitude\"}]},{\"@type\":\"WebSite\",\"@id\":\"https:\/\/bolting.eu\/en\/#website\",\"url\":\"https:\/\/bolting.eu\/en\/\",\"name\":\"bolting.eu\",\"description\":\"we make climbs happen\",\"publisher\":{\"@id\":\"https:\/\/bolting.eu\/en\/#organization\"},\"potentialAction\":[{\"@type\":\"SearchAction\",\"target\":{\"@type\":\"EntryPoint\",\"urlTemplate\":\"https:\/\/bolting.eu\/en\/?s={search_term_string}\"},\"query-input\":{\"@type\":\"PropertyValueSpecification\",\"valueRequired\":true,\"valueName\":\"search_term_string\"}}],\"inLanguage\":\"en-US\"},{\"@type\":[\"Organization\",\"Place\",\"SportingGoodsStore\"],\"@id\":\"https:\/\/bolting.eu\/en\/#organization\",\"name\":\"bolting.eu\",\"url\":\"https:\/\/bolting.eu\/en\/\",\"logo\":{\"@id\":\"https:\/\/bolting.eu\/en\/shop\/petzl-leichtgurt-altitude\/#local-main-organization-logo\"},\"image\":{\"@id\":\"https:\/\/bolting.eu\/en\/shop\/petzl-leichtgurt-altitude\/#local-main-organization-logo\"},\"sameAs\":[\"https:\/\/www.facebook.com\/bolting.eu\",\"https:\/\/www.instagram.com\/bolting.eu\/\"],\"address\":{\"@id\":\"https:\/\/bolting.eu\/en\/shop\/petzl-leichtgurt-altitude\/#local-main-place-address\"},\"geo\":{\"@type\":\"GeoCoordinates\",\"latitude\":\"47.264176340396226\",\"longitude\":\"11.380109057672346\"},\"telephone\":[\"+43 699 19083372\"],\"openingHoursSpecification\":[{\"@type\":\"OpeningHoursSpecification\",\"dayOfWeek\":[\"Monday\",\"Wednesday\",\"Friday\"],\"opens\":\"14:00\",\"closes\":\"18:00\"},{\"@type\":\"OpeningHoursSpecification\",\"dayOfWeek\":[\"Tuesday\",\"Thursday\",\"Saturday\",\"Sunday\"],\"opens\":\"00:00\",\"closes\":\"00:00\"}],\"email\":\"office@bolting.eu\",\"vatID\":\"ATU59999728\",\"priceRange\":\"$$\",\"currenciesAccepted\":\"Euro\"},{\"@type\":\"PostalAddress\",\"@id\":\"https:\/\/bolting.eu\/en\/shop\/petzl-leichtgurt-altitude\/#local-main-place-address\",\"streetAddress\":\"Fischnalerstra\u00dfe 4\",\"addressLocality\":\"Innsbruck\",\"postalCode\":\"6020\",\"addressRegion\":\"Tirol\",\"addressCountry\":\"AT\"},{\"@type\":\"ImageObject\",\"inLanguage\":\"en-US\",\"@id\":\"https:\/\/bolting.eu\/en\/shop\/petzl-leichtgurt-altitude\/#local-main-organization-logo\",\"url\":\"https:\/\/bolting.eu\/wp-content\/uploads\/2019\/09\/bolting-logo.png\",\"contentUrl\":\"https:\/\/bolting.eu\/wp-content\/uploads\/2019\/09\/bolting-logo.png\",\"width\":400,\"height\":211,\"caption\":\"bolting.eu\"}]}<\/script>\n<meta property=\"og:availability\" content=\"instock\" \/>\n<meta property=\"product:availability\" content=\"instock\" \/>\n<meta property=\"product:condition\" content=\"new\" \/>\n<meta name=\"geo.placename\" content=\"Innsbruck\" \/>\n<meta name=\"geo.position\" content=\"47.264176340396226;11.380109057672346\" \/>\n<meta name=\"geo.region\" content=\"Austria\" \/>\n<!-- \/ Yoast SEO Premium plugin. -->","yoast_head_json":{"title":"Petzl Leichtgurt Altitude online kaufen | bolting.eu","description":"Petzl Leichtgurt Altitude beim Kletterprofi kaufen \u2705 Trusted Shop \u2705 kostenloser Versand* \u2705 14 Tage R\u00fcckgaberecht \u2705 Co2 neutrale Zustellung","robots":{"index":"index","follow":"follow","max-snippet":"max-snippet:-1","max-image-preview":"max-image-preview:large","max-video-preview":"max-video-preview:-1"},"canonical":"https:\/\/bolting.eu\/en\/shop\/petzl-leichtgurt-altitude\/","og_locale":"en_US","og_type":"article","og_title":"Petzl Leichtgurt Altitude","og_description":"Petzl Leichtgurt Altitude beim Kletterprofi kaufen \u2705 Trusted Shop \u2705 kostenloser Versand* \u2705 14 Tage R\u00fcckgaberecht \u2705 Co2 neutrale Zustellung","og_url":"https:\/\/bolting.eu\/en\/shop\/petzl-leichtgurt-altitude\/","og_site_name":"bolting.eu","article_publisher":"https:\/\/www.facebook.com\/bolting.eu","article_modified_time":"2024-12-29T12:38:52+00:00","og_image":[{"width":700,"height":700,"url":"https:\/\/bolting.eu\/wp-content\/uploads\/2024\/12\/Petzl-Altitude-5.jpg","type":"image\/jpeg"}],"twitter_card":"summary_large_image","twitter_misc":{"Availability":"In stock"},"schema":{"@context":"https:\/\/schema.org","@graph":[{"@type":["WebPage","ItemPage"],"@id":"https:\/\/bolting.eu\/en\/shop\/petzl-leichtgurt-altitude\/","url":"https:\/\/bolting.eu\/en\/shop\/petzl-leichtgurt-altitude\/","name":"Petzl Leichtgurt Altitude online kaufen | bolting.eu","isPartOf":{"@id":"https:\/\/bolting.eu\/en\/#website"},"primaryImageOfPage":{"@id":"https:\/\/bolting.eu\/en\/shop\/petzl-leichtgurt-altitude\/#primaryimage"},"image":{"@id":"https:\/\/bolting.eu\/en\/shop\/petzl-leichtgurt-altitude\/#primaryimage"},"thumbnailUrl":"https:\/\/bolting.eu\/wp-content\/uploads\/2024\/12\/Petzl-Altitude-5.jpg","datePublished":"2024-12-29T12:38:50+00:00","dateModified":"2024-12-29T12:38:52+00:00","description":"Petzl Leichtgurt Altitude beim Kletterprofi kaufen \u2705 Trusted Shop \u2705 kostenloser Versand* \u2705 14 Tage R\u00fcckgaberecht \u2705 Co2 neutrale Zustellung","breadcrumb":{"@id":"https:\/\/bolting.eu\/en\/shop\/petzl-leichtgurt-altitude\/#breadcrumb"},"inLanguage":"en-US","potentialAction":[{"@type":"ReadAction","target":["https:\/\/bolting.eu\/en\/shop\/petzl-leichtgurt-altitude\/"]}]},{"@type":"ImageObject","inLanguage":"en-US","@id":"https:\/\/bolting.eu\/en\/shop\/petzl-leichtgurt-altitude\/#primaryimage","url":"https:\/\/bolting.eu\/wp-content\/uploads\/2024\/12\/Petzl-Altitude-5.jpg","contentUrl":"https:\/\/bolting.eu\/wp-content\/uploads\/2024\/12\/Petzl-Altitude-5.jpg","width":700,"height":700,"caption":"Blau-wei\u00dfer Petzl Leichtgurt von vorne betrachtet. Rechts oben buntes bolting.eu Logo."},{"@type":"BreadcrumbList","@id":"https:\/\/bolting.eu\/en\/shop\/petzl-leichtgurt-altitude\/#breadcrumb","itemListElement":[{"@type":"ListItem","position":1,"name":"Shop","item":"https:\/\/bolting.eu\/en\/shop\/"},{"@type":"ListItem","position":2,"name":"climbing equipment","item":"https:\/\/bolting.eu\/en\/produkt-kategorie\/climbing-equipment\/"},{"@type":"ListItem","position":3,"name":"Klettergurte","item":"https:\/\/bolting.eu\/produkt-kategorie\/kletterausruestung\/klettergurte\/"},{"@type":"ListItem","position":4,"name":"Petzl Leichtgurt Altitude"}]},{"@type":"WebSite","@id":"https:\/\/bolting.eu\/en\/#website","url":"https:\/\/bolting.eu\/en\/","name":"bolting.eu","description":"we make climbs happen","publisher":{"@id":"https:\/\/bolting.eu\/en\/#organization"},"potentialAction":[{"@type":"SearchAction","target":{"@type":"EntryPoint","urlTemplate":"https:\/\/bolting.eu\/en\/?s={search_term_string}"},"query-input":{"@type":"PropertyValueSpecification","valueRequired":true,"valueName":"search_term_string"}}],"inLanguage":"en-US"},{"@type":["Organization","Place","SportingGoodsStore"],"@id":"https:\/\/bolting.eu\/en\/#organization","name":"bolting.eu","url":"https:\/\/bolting.eu\/en\/","logo":{"@id":"https:\/\/bolting.eu\/en\/shop\/petzl-leichtgurt-altitude\/#local-main-organization-logo"},"image":{"@id":"https:\/\/bolting.eu\/en\/shop\/petzl-leichtgurt-altitude\/#local-main-organization-logo"},"sameAs":["https:\/\/www.facebook.com\/bolting.eu","https:\/\/www.instagram.com\/bolting.eu\/"],"address":{"@id":"https:\/\/bolting.eu\/en\/shop\/petzl-leichtgurt-altitude\/#local-main-place-address"},"geo":{"@type":"GeoCoordinates","latitude":"47.264176340396226","longitude":"11.380109057672346"},"telephone":["+43 699 19083372"],"openingHoursSpecification":[{"@type":"OpeningHoursSpecification","dayOfWeek":["Monday","Wednesday","Friday"],"opens":"14:00","closes":"18:00"},{"@type":"OpeningHoursSpecification","dayOfWeek":["Tuesday","Thursday","Saturday","Sunday"],"opens":"00:00","closes":"00:00"}],"email":"office@bolting.eu","vatID":"ATU59999728","priceRange":"$$","currenciesAccepted":"Euro"},{"@type":"PostalAddress","@id":"https:\/\/bolting.eu\/en\/shop\/petzl-leichtgurt-altitude\/#local-main-place-address","streetAddress":"Fischnalerstra\u00dfe 4","addressLocality":"Innsbruck","postalCode":"6020","addressRegion":"Tirol","addressCountry":"AT"},{"@type":"ImageObject","inLanguage":"en-US","@id":"https:\/\/bolting.eu\/en\/shop\/petzl-leichtgurt-altitude\/#local-main-organization-logo","url":"https:\/\/bolting.eu\/wp-content\/uploads\/2019\/09\/bolting-logo.png","contentUrl":"https:\/\/bolting.eu\/wp-content\/uploads\/2019\/09\/bolting-logo.png","width":400,"height":211,"caption":"bolting.eu"}]},"og_availability":"instock","product_availability":"instock","product_condition":"new","geo.placename":"Innsbruck","geo.position":{"lat":"47.264176340396226","long":"11.380109057672346"},"geo.region":"Austria"},"_links":{"self":[{"href":"https:\/\/bolting.eu\/en\/wp-json\/wp\/v2\/product\/22338","targetHints":{"allow":["GET"]}}],"collection":[{"href":"https:\/\/bolting.eu\/en\/wp-json\/wp\/v2\/product"}],"about":[{"href":"https:\/\/bolting.eu\/en\/wp-json\/wp\/v2\/types\/product"}],"replies":[{"embeddable":true,"href":"https:\/\/bolting.eu\/en\/wp-json\/wp\/v2\/comments?post=22338"}],"wp:featuredmedia":[{"embeddable":true,"href":"https:\/\/bolting.eu\/en\/wp-json\/wp\/v2\/media\/22341"}],"wp:attachment":[{"href":"https:\/\/bolting.eu\/en\/wp-json\/wp\/v2\/media?parent=22338"}],"wp:term":[{"taxonomy":"product_brand","embeddable":true,"href":"https:\/\/bolting.eu\/en\/wp-json\/wp\/v2\/product_brand?post=22338"},{"taxonomy":"product_cat","embeddable":true,"href":"https:\/\/bolting.eu\/en\/wp-json\/wp\/v2\/product_cat?post=22338"},{"taxonomy":"product_tag","embeddable":true,"href":"https:\/\/bolting.eu\/en\/wp-json\/wp\/v2\/product_tag?post=22338"}],"curies":[{"name":"wp","href":"https:\/\/api.w.org\/{rel}","templated":true}]}}