{"id":2222,"date":"2020-03-17T17:38:03","date_gmt":"2020-03-17T16:38:03","guid":{"rendered":"https:\/\/bolting.eu\/?post_type=product&#038;p=2222"},"modified":"2026-02-11T19:06:24","modified_gmt":"2026-02-11T18:06:24","slug":"handsteigklemme-kong-lift","status":"publish","type":"product","link":"https:\/\/bolting.eu\/en\/shop\/handsteigklemme-kong-lift\/","title":{"rendered":"Handsteigklemme Kong Lift"},"content":{"rendered":"<p>Die Handsteigklemme Kong Lift ist eine der preiswerten Alternativen in unserem Shop. Mit diesem Produkt kauft man ein solides Produkt mit einem tollen Preis-Leistungsverh\u00e4ltnis. Denn der J\u00fcmar bew\u00e4hrt sich bereits seit Jahren bestens. Er hat viele funktionelle Details wie den ergonomischen Griff. Dieser hat einerseits eine angenehme Gummibeschichtung die sehr griffig ist. Andererseits sorgt er f\u00fcr perfekte Zugeffizienz und ist sehr abriebfest.<\/p>\n<p>Zweitens kann der Hebel der Nocken\u00f6ffnung sehr leicht bedient werden.<\/p>\n<p>Drittens hat die Steigklemme einen geh\u00e4rteten Stahlnocken. Dieser ist so bestens gegen Verschlie\u00df gesch\u00fctzt. Zudem hat die Verzahnung ein ideales Design um Seilschonung und sicheres &#8220;Klemmen&#8221; gleichzeitig zu gew\u00e4hren. Die Schlitze am Klemmnocken der Handsteigklemme Kong Lift vermeidet \u00fcberdies Schmutzansammlungen. \u00dcberdies garantiert die Klemmwirkung auch bei gefrorenen oder verschmutzten Seilen.<\/p>\n<p>Viertens hat der J\u00fcmar zwei Anschlags\u00f6ffnungen. Die kleine f\u00fcr ein <a href=\"https:\/\/bolting.eu\/produkt-kategorie\/schraubglied-rapidglied\/\">Schraubglied<\/a> zum Fixieren einer Trittleiter. Die gro\u00dfe f\u00fcr einen Schraubkarabiner einer Selbstsicherungsschlinge.<\/p>\n<h3>Eigenschaften Handsteigklemme Kong Lift<\/h3>\n<ul>\n<li>Material: eloxiertes Aluminium (Rahmen) bzw. Chromstahl (Seilnocken) und Kunststoff (Griff)<\/li>\n<li>Gewicht: 225 Gramm<\/li>\n<li>Dimension: ca. 193mm x 95mm<\/li>\n<li>f\u00fcr 8-13mm Seile<\/li>\n<li>Arbeitslast: 140 kg<\/li>\n<li>EN Norm 567: 2013 \u00d8 8-13mm<\/li>\n<li>EN 12841:B \u00d810 &#8211; 13mm<\/li>\n<\/ul>\n<p><a href=\"https:\/\/bolting.eu\/wp-content\/uploads\/2020\/03\/Steigklemme-Kong-Lift-links-rechts.jpg\"><img loading=\"lazy\" decoding=\"async\" class=\"size-thumbnail wp-image-2228 alignleft\" src=\"https:\/\/bolting.eu\/wp-content\/uploads\/2020\/03\/Steigklemme-Kong-Lift-links-rechts-280x280.jpg\" alt=\"Das Bild zeigt zwei Kong J\u00fcmar direkt nebeneinander. Man siegt ein Modell f\u00fcr die linke Hand in grau und eines f\u00fcr die rechte Hand in Cyan. Man erkennt sofort die spiegelverkehrte Bauweise.\" width=\"280\" height=\"280\" srcset=\"https:\/\/bolting.eu\/wp-content\/uploads\/2020\/03\/Steigklemme-Kong-Lift-links-rechts-280x280.jpg 280w, https:\/\/bolting.eu\/wp-content\/uploads\/2020\/03\/Steigklemme-Kong-Lift-links-rechts-100x100.jpg 100w, https:\/\/bolting.eu\/wp-content\/uploads\/2020\/03\/Steigklemme-Kong-Lift-links-rechts-510x510.jpg 510w, https:\/\/bolting.eu\/wp-content\/uploads\/2020\/03\/Steigklemme-Kong-Lift-links-rechts-400x400.jpg 400w, https:\/\/bolting.eu\/wp-content\/uploads\/2020\/03\/Steigklemme-Kong-Lift-links-rechts-300x300.jpg 300w, https:\/\/bolting.eu\/wp-content\/uploads\/2020\/03\/Steigklemme-Kong-Lift-links-rechts-600x600.jpg 600w, https:\/\/bolting.eu\/wp-content\/uploads\/2020\/03\/Steigklemme-Kong-Lift-links-rechts.jpg 700w\" sizes=\"auto, (max-width: 280px) 100vw, 280px\" \/><\/a>Die Steigklemme gibt es f\u00fcr die <strong>linke und die rechte Hand<\/strong>. In unserem Portfolio an J\u00fcmars im Webshop geh\u00f6rt dieses Modell zu den preiswerten Standard Ger\u00e4ten!<\/p>\n<h3>Einsatzbereiche<\/h3>\n<p>Die Handsteigklemme Kong Lift Steigklemme hat sich in der Szene in sehr vielen Bereichen bew\u00e4hrt. Es wird in diesen Bereichen sehr gerne verwendet.<\/p>\n<ul>\n<li>H\u00f6henarbeiten<\/li>\n<li>Bergretteung \/ Spaltenbergung<\/li>\n<li>H\u00f6hlenforschung \/ Speleologie<\/li>\n<li>Bigwall Klettern<\/li>\n<li><a href=\"https:\/\/bolting.eu\/consulting-errichtung\/klettergarten-errichtung\/\">Klettergraten Errichtung<\/a> &#8211; <a href=\"https:\/\/bolting.eu\/klettergarten-wartung\/\">Wartung Kletterg\u00e4rten<\/a> &#8211; <a href=\"https:\/\/bolting.eu\/consulting-errichtung\/klettergarten-sanierung\/\">Klettergarten Sanierung<\/a> &#8211; Verbauen <a href=\"https:\/\/bolting.eu\/produkt-kategorie\/klettersteigbau-klettersteigmaterial\/\">Klettersteigmaterial<\/a><\/li>\n<li>Baumpflege<\/li>\n<\/ul>\n<h3>Praxis Tipp &#8211; Handsteigklemme Kong Lift<\/h3>\n<p>Wer auf einem Seil mit dem J\u00fcmar aufsteigt, sollte alle paar Meter einen Knoten ins Seil machen. Beispielsweise beim Bigwall Klettern oder beim Eisklettern. Es gibt einige Szenarien in denen die Steigklemme am Seil abrutschen kann. Eine vereiste Oberfl\u00e4che oder das Abl\u00f6sen des Seilmantels z\u00e4hlen zu den gef\u00e4hrlichsten. Daher unser Tipp: regelm\u00e4\u00dfig einen Knoten ins Seil und die Absturzgefahr ist gebannt.<\/p>\n<p>Ebenso empfiehlt es sich die Seilklemme regelm\u00e4\u00dfig zu warten. Erstens mit Wasser abwaschen. Zweitens trocknen lassen. Drittens mit <a href=\"https:\/\/bolting.eu\/shop\/kong-kletterausruestung-pflegeoel\/\">Karabiner Pflege\u00f6l<\/a> einschmieren und dann mit angezogenem Klemmnocken einlagern. So bleibt der Klemmnocken sch\u00f6n beweglich und die Feder voll funktionst\u00fcchtig!<\/p>\n<p>Link Tipp: <a href=\"https:\/\/www.kong.it\" target=\"_blank\" rel=\"noopener noreferrer\">zum Hersteller<\/a><\/p>\n","protected":false},"excerpt":{"rendered":"<ul>\n<li>Material: eloxiertes Aluminium (Rahmen) bzw. Chromstahl (Seilnocken) und Kunststoff (Griff)<\/li>\n<li>Gewicht: 215 Gramm<\/li>\n<li>Dimension: ca. 189mm x 93mm<\/li>\n<li>Arbeitslast: 140 kg<\/li>\n<li>EN Norm 567: 2013 \u00d8 8-13mm<\/li>\n<li>EN 12841:2006-B \u00d810 &#8211; 13mm<\/li>\n<li>CE 033<\/li>\n<\/ul>\n","protected":false},"featured_media":2227,"comment_status":"closed","ping_status":"closed","template":"","meta":[],"product_brand":[],"product_cat":[31,1210,3828,4651,14056,3660],"product_tag":[265,504,2188,2189],"class_list":{"0":"post-2222","1":"product","2":"type-product","3":"status-publish","4":"has-post-thumbnail","6":"product_cat-big-wall-ausruestung","7":"product_cat-einbohrartikel","8":"product_cat-hoehlenforscher-ausruestung","9":"product_cat-kong","10":"product_cat-seil-auf-abstieg","11":"product_cat-steigklemmen-seilklemmen","12":"product_tag-big-wall-klettern","13":"product_tag-hoehlenforschung","14":"product_tag-hoehlenrettung","15":"product_tag-speleologie","17":"first","18":"instock","19":"sale","20":"taxable","21":"shipping-taxable","22":"purchasable","23":"product-type-variable"},"yoast_head":"<!-- This site is optimized with the Yoast SEO Premium plugin v26.9 (Yoast SEO v26.9) - https:\/\/yoast.com\/product\/yoast-seo-premium-wordpress\/ -->\n<title>Handsteigklemme Kong Lift - preiswerter Top J\u00fcmar kaufen bei bolting.eu<\/title>\n<meta name=\"description\" content=\"Hier findet ihr die Handsteigklemme Kong Lift. Einen hochwertigen J\u00fcmar f\u00fcr Alpinismus, Speleologie, Bigwalls und H\u00f6henarbeiten!\" \/>\n<meta name=\"robots\" content=\"index, follow, max-snippet:-1, max-image-preview:large, max-video-preview:-1\" \/>\n<link rel=\"canonical\" href=\"https:\/\/bolting.eu\/en\/shop\/handsteigklemme-kong-lift\/\" \/>\n<meta property=\"og:locale\" content=\"en_US\" \/>\n<meta property=\"og:type\" content=\"article\" \/>\n<meta property=\"og:title\" content=\"Handsteigklemme Kong Lift\" \/>\n<meta property=\"og:description\" content=\"Hier findet ihr die Handsteigklemme Kong Lift. Einen hochwertigen J\u00fcmar f\u00fcr Alpinismus, Speleologie, Bigwalls und H\u00f6henarbeiten!\" \/>\n<meta property=\"og:url\" content=\"https:\/\/bolting.eu\/en\/shop\/handsteigklemme-kong-lift\/\" \/>\n<meta property=\"og:site_name\" content=\"bolting.eu\" \/>\n<meta property=\"article:publisher\" content=\"https:\/\/www.facebook.com\/bolting.eu\" \/>\n<meta property=\"article:modified_time\" content=\"2026-02-11T18:06:24+00:00\" \/>\n<meta property=\"og:image\" content=\"https:\/\/bolting.eu\/wp-content\/uploads\/2020\/03\/Steigklemme-Kong-Lift.jpg\" \/>\n\t<meta property=\"og:image:width\" content=\"700\" \/>\n\t<meta property=\"og:image:height\" content=\"700\" \/>\n\t<meta property=\"og:image:type\" content=\"image\/jpeg\" \/>\n<meta name=\"twitter:card\" content=\"summary_large_image\" \/>\n<meta name=\"twitter:label1\" content=\"Availability\" \/>\n\t<meta name=\"twitter:data1\" content=\"In stock\" \/>\n<script type=\"application\/ld+json\" class=\"yoast-schema-graph\">{\"@context\":\"https:\/\/schema.org\",\"@graph\":[{\"@type\":[\"WebPage\",\"ItemPage\"],\"@id\":\"https:\/\/bolting.eu\/en\/shop\/handsteigklemme-kong-lift\/\",\"url\":\"https:\/\/bolting.eu\/en\/shop\/handsteigklemme-kong-lift\/\",\"name\":\"Handsteigklemme Kong Lift - preiswerter Top J\u00fcmar kaufen bei bolting.eu\",\"isPartOf\":{\"@id\":\"https:\/\/bolting.eu\/en\/#website\"},\"primaryImageOfPage\":{\"@id\":\"https:\/\/bolting.eu\/en\/shop\/handsteigklemme-kong-lift\/#primaryimage\"},\"image\":{\"@id\":\"https:\/\/bolting.eu\/en\/shop\/handsteigklemme-kong-lift\/#primaryimage\"},\"thumbnailUrl\":\"https:\/\/bolting.eu\/wp-content\/uploads\/2020\/03\/Steigklemme-Kong-Lift.jpg\",\"datePublished\":\"2020-03-17T16:38:03+00:00\",\"dateModified\":\"2026-02-11T18:06:24+00:00\",\"description\":\"Hier findet ihr die Handsteigklemme Kong Lift. Einen hochwertigen J\u00fcmar f\u00fcr Alpinismus, Speleologie, Bigwalls und H\u00f6henarbeiten!\",\"breadcrumb\":{\"@id\":\"https:\/\/bolting.eu\/en\/shop\/handsteigklemme-kong-lift\/#breadcrumb\"},\"inLanguage\":\"en-US\",\"potentialAction\":[{\"@type\":\"ReadAction\",\"target\":[\"https:\/\/bolting.eu\/en\/shop\/handsteigklemme-kong-lift\/\"]}]},{\"@type\":\"ImageObject\",\"inLanguage\":\"en-US\",\"@id\":\"https:\/\/bolting.eu\/en\/shop\/handsteigklemme-kong-lift\/#primaryimage\",\"url\":\"https:\/\/bolting.eu\/wp-content\/uploads\/2020\/03\/Steigklemme-Kong-Lift.jpg\",\"contentUrl\":\"https:\/\/bolting.eu\/wp-content\/uploads\/2020\/03\/Steigklemme-Kong-Lift.jpg\",\"width\":700,\"height\":700,\"caption\":\"Das Bild zeigt die cyan-farbene Handsteigklemme Kong Lift f\u00fcr die rechte Hand. Der J\u00fcmar steht senkrecht in Bildmitte mit dem schwarzen Gummigriff nach rechts.\"},{\"@type\":\"BreadcrumbList\",\"@id\":\"https:\/\/bolting.eu\/en\/shop\/handsteigklemme-kong-lift\/#breadcrumb\",\"itemListElement\":[{\"@type\":\"ListItem\",\"position\":1,\"name\":\"Shop\",\"item\":\"https:\/\/bolting.eu\/en\/shop\/\"},{\"@type\":\"ListItem\",\"position\":2,\"name\":\"bolting products\",\"item\":\"https:\/\/bolting.eu\/en\/produkt-kategorie\/bolting-products\/\"},{\"@type\":\"ListItem\",\"position\":3,\"name\":\"Seil Auf-Abstieg\",\"item\":\"https:\/\/bolting.eu\/produkt-kategorie\/einbohrartikel\/seil-auf-abstieg\/\"},{\"@type\":\"ListItem\",\"position\":4,\"name\":\"Handsteigklemme Kong Lift\"}]},{\"@type\":\"WebSite\",\"@id\":\"https:\/\/bolting.eu\/en\/#website\",\"url\":\"https:\/\/bolting.eu\/en\/\",\"name\":\"bolting.eu\",\"description\":\"we make climbs happen\",\"publisher\":{\"@id\":\"https:\/\/bolting.eu\/en\/#organization\"},\"potentialAction\":[{\"@type\":\"SearchAction\",\"target\":{\"@type\":\"EntryPoint\",\"urlTemplate\":\"https:\/\/bolting.eu\/en\/?s={search_term_string}\"},\"query-input\":{\"@type\":\"PropertyValueSpecification\",\"valueRequired\":true,\"valueName\":\"search_term_string\"}}],\"inLanguage\":\"en-US\"},{\"@type\":[\"Organization\",\"Place\",\"SportingGoodsStore\"],\"@id\":\"https:\/\/bolting.eu\/en\/#organization\",\"name\":\"bolting.eu\",\"url\":\"https:\/\/bolting.eu\/en\/\",\"logo\":{\"@id\":\"https:\/\/bolting.eu\/en\/shop\/handsteigklemme-kong-lift\/#local-main-organization-logo\"},\"image\":{\"@id\":\"https:\/\/bolting.eu\/en\/shop\/handsteigklemme-kong-lift\/#local-main-organization-logo\"},\"sameAs\":[\"https:\/\/www.facebook.com\/bolting.eu\",\"https:\/\/www.instagram.com\/bolting.eu\/\"],\"address\":{\"@id\":\"https:\/\/bolting.eu\/en\/shop\/handsteigklemme-kong-lift\/#local-main-place-address\"},\"geo\":{\"@type\":\"GeoCoordinates\",\"latitude\":\"47.264176340396226\",\"longitude\":\"11.380109057672346\"},\"telephone\":[\"+43 699 19083372\"],\"openingHoursSpecification\":[{\"@type\":\"OpeningHoursSpecification\",\"dayOfWeek\":[\"Monday\",\"Wednesday\",\"Friday\"],\"opens\":\"14:00\",\"closes\":\"18:00\"},{\"@type\":\"OpeningHoursSpecification\",\"dayOfWeek\":[\"Tuesday\",\"Thursday\",\"Saturday\",\"Sunday\"],\"opens\":\"00:00\",\"closes\":\"00:00\"}],\"email\":\"office@bolting.eu\",\"vatID\":\"ATU59999728\",\"priceRange\":\"$$\",\"currenciesAccepted\":\"Euro\"},{\"@type\":\"PostalAddress\",\"@id\":\"https:\/\/bolting.eu\/en\/shop\/handsteigklemme-kong-lift\/#local-main-place-address\",\"streetAddress\":\"Fischnalerstra\u00dfe 4\",\"addressLocality\":\"Innsbruck\",\"postalCode\":\"6020\",\"addressRegion\":\"Tirol\",\"addressCountry\":\"AT\"},{\"@type\":\"ImageObject\",\"inLanguage\":\"en-US\",\"@id\":\"https:\/\/bolting.eu\/en\/shop\/handsteigklemme-kong-lift\/#local-main-organization-logo\",\"url\":\"https:\/\/bolting.eu\/wp-content\/uploads\/2019\/09\/bolting-logo.png\",\"contentUrl\":\"https:\/\/bolting.eu\/wp-content\/uploads\/2019\/09\/bolting-logo.png\",\"width\":400,\"height\":211,\"caption\":\"bolting.eu\"}]}<\/script>\n<meta property=\"og:availability\" content=\"instock\" \/>\n<meta property=\"product:availability\" content=\"instock\" \/>\n<meta property=\"product:condition\" content=\"new\" \/>\n<meta name=\"geo.placename\" content=\"Innsbruck\" \/>\n<meta name=\"geo.position\" content=\"47.264176340396226;11.380109057672346\" \/>\n<meta name=\"geo.region\" content=\"Austria\" \/>\n<!-- \/ Yoast SEO Premium plugin. -->","yoast_head_json":{"title":"Handsteigklemme Kong Lift - preiswerter Top J\u00fcmar kaufen bei bolting.eu","description":"Hier findet ihr die Handsteigklemme Kong Lift. Einen hochwertigen J\u00fcmar f\u00fcr Alpinismus, Speleologie, Bigwalls und H\u00f6henarbeiten!","robots":{"index":"index","follow":"follow","max-snippet":"max-snippet:-1","max-image-preview":"max-image-preview:large","max-video-preview":"max-video-preview:-1"},"canonical":"https:\/\/bolting.eu\/en\/shop\/handsteigklemme-kong-lift\/","og_locale":"en_US","og_type":"article","og_title":"Handsteigklemme Kong Lift","og_description":"Hier findet ihr die Handsteigklemme Kong Lift. Einen hochwertigen J\u00fcmar f\u00fcr Alpinismus, Speleologie, Bigwalls und H\u00f6henarbeiten!","og_url":"https:\/\/bolting.eu\/en\/shop\/handsteigklemme-kong-lift\/","og_site_name":"bolting.eu","article_publisher":"https:\/\/www.facebook.com\/bolting.eu","article_modified_time":"2026-02-11T18:06:24+00:00","og_image":[{"width":700,"height":700,"url":"https:\/\/bolting.eu\/wp-content\/uploads\/2020\/03\/Steigklemme-Kong-Lift.jpg","type":"image\/jpeg"}],"twitter_card":"summary_large_image","twitter_misc":{"Availability":"In stock"},"schema":{"@context":"https:\/\/schema.org","@graph":[{"@type":["WebPage","ItemPage"],"@id":"https:\/\/bolting.eu\/en\/shop\/handsteigklemme-kong-lift\/","url":"https:\/\/bolting.eu\/en\/shop\/handsteigklemme-kong-lift\/","name":"Handsteigklemme Kong Lift - preiswerter Top J\u00fcmar kaufen bei bolting.eu","isPartOf":{"@id":"https:\/\/bolting.eu\/en\/#website"},"primaryImageOfPage":{"@id":"https:\/\/bolting.eu\/en\/shop\/handsteigklemme-kong-lift\/#primaryimage"},"image":{"@id":"https:\/\/bolting.eu\/en\/shop\/handsteigklemme-kong-lift\/#primaryimage"},"thumbnailUrl":"https:\/\/bolting.eu\/wp-content\/uploads\/2020\/03\/Steigklemme-Kong-Lift.jpg","datePublished":"2020-03-17T16:38:03+00:00","dateModified":"2026-02-11T18:06:24+00:00","description":"Hier findet ihr die Handsteigklemme Kong Lift. Einen hochwertigen J\u00fcmar f\u00fcr Alpinismus, Speleologie, Bigwalls und H\u00f6henarbeiten!","breadcrumb":{"@id":"https:\/\/bolting.eu\/en\/shop\/handsteigklemme-kong-lift\/#breadcrumb"},"inLanguage":"en-US","potentialAction":[{"@type":"ReadAction","target":["https:\/\/bolting.eu\/en\/shop\/handsteigklemme-kong-lift\/"]}]},{"@type":"ImageObject","inLanguage":"en-US","@id":"https:\/\/bolting.eu\/en\/shop\/handsteigklemme-kong-lift\/#primaryimage","url":"https:\/\/bolting.eu\/wp-content\/uploads\/2020\/03\/Steigklemme-Kong-Lift.jpg","contentUrl":"https:\/\/bolting.eu\/wp-content\/uploads\/2020\/03\/Steigklemme-Kong-Lift.jpg","width":700,"height":700,"caption":"Das Bild zeigt die cyan-farbene Handsteigklemme Kong Lift f\u00fcr die rechte Hand. Der J\u00fcmar steht senkrecht in Bildmitte mit dem schwarzen Gummigriff nach rechts."},{"@type":"BreadcrumbList","@id":"https:\/\/bolting.eu\/en\/shop\/handsteigklemme-kong-lift\/#breadcrumb","itemListElement":[{"@type":"ListItem","position":1,"name":"Shop","item":"https:\/\/bolting.eu\/en\/shop\/"},{"@type":"ListItem","position":2,"name":"bolting products","item":"https:\/\/bolting.eu\/en\/produkt-kategorie\/bolting-products\/"},{"@type":"ListItem","position":3,"name":"Seil Auf-Abstieg","item":"https:\/\/bolting.eu\/produkt-kategorie\/einbohrartikel\/seil-auf-abstieg\/"},{"@type":"ListItem","position":4,"name":"Handsteigklemme Kong Lift"}]},{"@type":"WebSite","@id":"https:\/\/bolting.eu\/en\/#website","url":"https:\/\/bolting.eu\/en\/","name":"bolting.eu","description":"we make climbs happen","publisher":{"@id":"https:\/\/bolting.eu\/en\/#organization"},"potentialAction":[{"@type":"SearchAction","target":{"@type":"EntryPoint","urlTemplate":"https:\/\/bolting.eu\/en\/?s={search_term_string}"},"query-input":{"@type":"PropertyValueSpecification","valueRequired":true,"valueName":"search_term_string"}}],"inLanguage":"en-US"},{"@type":["Organization","Place","SportingGoodsStore"],"@id":"https:\/\/bolting.eu\/en\/#organization","name":"bolting.eu","url":"https:\/\/bolting.eu\/en\/","logo":{"@id":"https:\/\/bolting.eu\/en\/shop\/handsteigklemme-kong-lift\/#local-main-organization-logo"},"image":{"@id":"https:\/\/bolting.eu\/en\/shop\/handsteigklemme-kong-lift\/#local-main-organization-logo"},"sameAs":["https:\/\/www.facebook.com\/bolting.eu","https:\/\/www.instagram.com\/bolting.eu\/"],"address":{"@id":"https:\/\/bolting.eu\/en\/shop\/handsteigklemme-kong-lift\/#local-main-place-address"},"geo":{"@type":"GeoCoordinates","latitude":"47.264176340396226","longitude":"11.380109057672346"},"telephone":["+43 699 19083372"],"openingHoursSpecification":[{"@type":"OpeningHoursSpecification","dayOfWeek":["Monday","Wednesday","Friday"],"opens":"14:00","closes":"18:00"},{"@type":"OpeningHoursSpecification","dayOfWeek":["Tuesday","Thursday","Saturday","Sunday"],"opens":"00:00","closes":"00:00"}],"email":"office@bolting.eu","vatID":"ATU59999728","priceRange":"$$","currenciesAccepted":"Euro"},{"@type":"PostalAddress","@id":"https:\/\/bolting.eu\/en\/shop\/handsteigklemme-kong-lift\/#local-main-place-address","streetAddress":"Fischnalerstra\u00dfe 4","addressLocality":"Innsbruck","postalCode":"6020","addressRegion":"Tirol","addressCountry":"AT"},{"@type":"ImageObject","inLanguage":"en-US","@id":"https:\/\/bolting.eu\/en\/shop\/handsteigklemme-kong-lift\/#local-main-organization-logo","url":"https:\/\/bolting.eu\/wp-content\/uploads\/2019\/09\/bolting-logo.png","contentUrl":"https:\/\/bolting.eu\/wp-content\/uploads\/2019\/09\/bolting-logo.png","width":400,"height":211,"caption":"bolting.eu"}]},"og_availability":"instock","product_availability":"instock","product_condition":"new","geo.placename":"Innsbruck","geo.position":{"lat":"47.264176340396226","long":"11.380109057672346"},"geo.region":"Austria"},"_links":{"self":[{"href":"https:\/\/bolting.eu\/en\/wp-json\/wp\/v2\/product\/2222","targetHints":{"allow":["GET"]}}],"collection":[{"href":"https:\/\/bolting.eu\/en\/wp-json\/wp\/v2\/product"}],"about":[{"href":"https:\/\/bolting.eu\/en\/wp-json\/wp\/v2\/types\/product"}],"replies":[{"embeddable":true,"href":"https:\/\/bolting.eu\/en\/wp-json\/wp\/v2\/comments?post=2222"}],"wp:featuredmedia":[{"embeddable":true,"href":"https:\/\/bolting.eu\/en\/wp-json\/wp\/v2\/media\/2227"}],"wp:attachment":[{"href":"https:\/\/bolting.eu\/en\/wp-json\/wp\/v2\/media?parent=2222"}],"wp:term":[{"taxonomy":"product_brand","embeddable":true,"href":"https:\/\/bolting.eu\/en\/wp-json\/wp\/v2\/product_brand?post=2222"},{"taxonomy":"product_cat","embeddable":true,"href":"https:\/\/bolting.eu\/en\/wp-json\/wp\/v2\/product_cat?post=2222"},{"taxonomy":"product_tag","embeddable":true,"href":"https:\/\/bolting.eu\/en\/wp-json\/wp\/v2\/product_tag?post=2222"}],"curies":[{"name":"wp","href":"https:\/\/api.w.org\/{rel}","templated":true}]}}