{"id":22202,"date":"2024-12-12T14:43:33","date_gmt":"2024-12-12T13:43:33","guid":{"rendered":"https:\/\/bolting.eu\/?post_type=product&#038;p=22202"},"modified":"2025-10-21T16:11:19","modified_gmt":"2025-10-21T14:11:19","slug":"edelrid-riot","status":"publish","type":"product","link":"https:\/\/bolting.eu\/en\/shop\/edelrid-riot\/","title":{"rendered":"Edelrid Riot"},"content":{"rendered":"<p>Das Edelrid Riot ist ein vielseitiges Eisger\u00e4t. Ihr bekommt es hier sowohl mit Hammer als auch Schaufel Aufsatz.<\/p>\n<p>Es kann zum einen f\u00fcr\u00b4s reine Eisklettern verwendet werden. Zum anderen hat es seine St\u00e4rken aber vor allem beim Alpinklettern. D.h. bei Nordw\u00e4nden, langen Mixed Routen sowie steilen Eisrinnen.<\/p>\n<p>Denn dieses Modell hat einen gebogenen Schaft mit Stahldorn. Somit kann man es beim &#8220;Stapfen&#8221; im steilen Gel\u00e4nde ideal in den harten Firn rammen. Anders als &#8220;geknickte&#8221; Modelle wie z.B. das <a href=\"https:\/\/bolting.eu\/shop\/edelrid-rage\/\">Rage II<\/a>.<\/p>\n<p>Das modulare System f\u00fcr das gesamte Zubeh\u00f6r runden dieses Model perfekt ab.<\/p>\n<p>Wer beide Modelle kauft, ist f\u00fcr alpine Eisklettereien bestens ausgestattet.<\/p>\n<h2>Eigenschaften Riot Eisger\u00e4t<\/h2>\n<ul>\n<li>Hersteller:\u00a0<a href=\"https:\/\/bolting.eu\/produkt-kategorie\/edelrid\/\">Edelrid<\/a><\/li>\n<li>Material: Stahl, Alu, TPR Kunststoff<\/li>\n<li>Varianten: <a href=\"https:\/\/bolting.eu\/shop\/edelrid-hammer\/\">Hammer<\/a> oder <a href=\"https:\/\/bolting.eu\/shop\/edelrid-adze\/\">Adze<\/a> (Schaufel)<\/li>\n<li>Gewicht: 605 Gramm (beide Varianten gleich schwer!)<\/li>\n<li>Normen: EN 13089<\/li>\n<li>gebogene Schaftkr\u00fcmmung<\/li>\n<li>kann sehr gut in Firn eingerammt werden<\/li>\n<li>modulares System: alle Zubeh\u00f6r Teile wie z.B. <a href=\"https:\/\/bolting.eu\/produkt-kategorie\/bergsteiger-ausruestung\/hauen-fuer-eisgeraete\/\">Eishauen<\/a> k\u00f6nnen an die Bedingungen angepasst werden<\/li>\n<li>ergonomisch geformter Griff mit Kerbe f\u00fcr Zeigefinger = bessere F\u00fchrung<\/li>\n<li>ideale Griffh\u00f6he f\u00fcr Verwendung mit <a href=\"https:\/\/bolting.eu\/produkt-kategorie\/kletterausruestung\/kletterhandschuhe\/\">Kletterhandschuhen<\/a><\/li>\n<li><a href=\"https:\/\/bolting.eu\/shop\/edelrid-fingerrest-ii\/\">Fingerrest<\/a> Auflage f\u00fcr die 2. Hand inkludiert<\/li>\n<li>Ice Haue aus geh\u00e4rtetem Stahl mit minimaler Sprengwirkung<\/li>\n<li>lasttragender Spike (8kn) aus Stahl zum Einh\u00e4ngen eines\u00a0<a href=\"https:\/\/bolting.eu\/produkt-kategorie\/kletterausruestung\/kletterkarabiner\/\">Karabiners<\/a>\u00a0oder\u00a0<a href=\"https:\/\/bolting.eu\/shop\/petzl-v-link-fangleine\/\">Leash<\/a>\u00a0bzw.\u00a0<a href=\"https:\/\/bolting.eu\/produkt-kategorie\/kletterausruestung\/bandschlinge\/\">Bandschlinge<\/a><\/li>\n<li>Lieferumfang inkl. Inbusschl\u00fcssel<\/li>\n<li><a href=\"https:\/\/edelrid.com\/eu-de\/sport\/steigeisen-eispickel-und-eisgeraete-shop\/rage?variant=2722504#:~:text=Gebrauchsanleitung%20Eisgeraete\" target=\"_blank\" rel=\"noopener\">Bedienungsanleitung<\/a><\/li>\n<\/ul>\n<h3>Hammer Variante<\/h3>\n<p>Das Riot mit dem Hammer Aufsatz hat eine klare Verwendung. Das Einschlagen von <a href=\"https:\/\/bolting.eu\/produkt-kategorie\/einbohrartikel\/felshaken-normalhaken\/\">Felshaken<\/a>.<\/p>\n<p>Wer lange Mixed Routen klettert, ist bei dieser Variante richtig. Denn Haken lassen sich so richtig schnell einschlagen und auch wieder entfernen.<\/p>\n<h3>Schaufel Variante<\/h3>\n<p>Mit einem Adze Schaufelaufsatz wird euer Edelrid Riot noch vielseitiger. Denn dann k\u00f6nnt ihr auch gut im Schnee graben.<\/p>\n<p>Wie z.B. zum Entfernen von Schnee auf Tritten und Griffen. Oder zum Einrichten einer Standplatz Nische.<\/p>\n<p>Neben einem Ger\u00e4t mit Hammer ist eines mit Schaufel Aufsatz eine sehr gute Erg\u00e4nzung.<\/p>\n<h3>Konfigurationsm\u00f6glichkeiten Edelrid Riot<\/h3>\n<p>Dieses Eisger\u00e4t ist modular aufgebaut. D.h. alle Teile am Kopf lassen sich wechseln.<\/p>\n<p>Bei den Hauen gibt es neben der Mixed und Ice Haue auch noch die Alpine Haue.<\/p>\n<p>Auf der anderen Seite sind diese optionen m\u00f6glich:<\/p>\n<ul>\n<li>Hammer (Auslieferung Variante)<\/li>\n<li><a href=\"https:\/\/bolting.eu\/shop\/edelrid-hammer-lite\/\">Hammer Lite<\/a><\/li>\n<li>Adze Schaufel<\/li>\n<li><a href=\"https:\/\/bolting.eu\/shop\/edelrid-blind-washer\/\">Blind Washer<\/a><\/li>\n<\/ul>\n<figure id=\"attachment_21615\" class=\"wp-caption alignnone\" aria-describedby=\"caption-attachment-21615\"><a href=\"https:\/\/bolting.eu\/wp-content\/uploads\/2024\/10\/Konfiguration-Kopf-RAge.jpg\"><img loading=\"lazy\" decoding=\"async\" class=\"alignnone wp-image-21615 size-full\" src=\"https:\/\/bolting.eu\/wp-content\/uploads\/2024\/10\/Konfiguration-Kopf-RAge.jpg\" sizes=\"auto, (max-width: 654px) 100vw, 654px\" srcset=\"https:\/\/bolting.eu\/wp-content\/uploads\/2024\/10\/Konfiguration-Kopf-RAge.jpg 654w, https:\/\/bolting.eu\/wp-content\/uploads\/2024\/10\/Konfiguration-Kopf-RAge-374x400.jpg 374w, https:\/\/bolting.eu\/wp-content\/uploads\/2024\/10\/Konfiguration-Kopf-RAge-510x546.jpg 510w, https:\/\/bolting.eu\/wp-content\/uploads\/2024\/10\/Konfiguration-Kopf-RAge-100x107.jpg 100w\" alt=\"Grafik zur den Konfigurationsm\u00f6glichkeiten am Kopf des Edelrid Riot Eisger\u00e4tes.\" width=\"654\" height=\"700\" \/><\/a><\/figure>\n<h3>Lastragender Spike<\/h3>\n<p>Der Stahldorn eurer Riot Eisger\u00e4te ist ein wichtiges Element. Denn durch die 8kN Bruchlast wird er zum zus\u00e4tzlichen Sicherungspunkt. D.h. einmal gut versenkt, kann er neben <a href=\"https:\/\/bolting.eu\/produkt-kategorie\/bergsteiger-ausruestung\/eisschrauben\/\">Eisschrauben<\/a> als redundante Sicherung am Standplatz genutzt werden.<\/p>\n<p>Beim aktiven Klettern k\u00f6nnt ihr zudem eine Leash befestigen. Das sch\u00fctzt das Ger\u00e4t zum einen vor dem Absturz. Und zum anderen auch euch, wenn ihr mal Ausrutschen solltet.<\/p>\n<p><a href=\"https:\/\/bolting.eu\/wp-content\/uploads\/2024\/12\/Edelrid-Riot-1.jpg\"><img loading=\"lazy\" decoding=\"async\" class=\"alignnone wp-image-22205 size-medium\" src=\"https:\/\/bolting.eu\/wp-content\/uploads\/2024\/12\/Edelrid-Riot-1-400x400.jpg\" alt=\"Schaft des Edelrid Riot Eisger\u00e4tes mit Kunststoffgriff und Stahldorn.\" width=\"400\" height=\"400\" srcset=\"https:\/\/bolting.eu\/wp-content\/uploads\/2024\/12\/Edelrid-Riot-1-400x400.jpg 400w, https:\/\/bolting.eu\/wp-content\/uploads\/2024\/12\/Edelrid-Riot-1-280x280.jpg 280w, https:\/\/bolting.eu\/wp-content\/uploads\/2024\/12\/Edelrid-Riot-1-247x247.jpg 247w, https:\/\/bolting.eu\/wp-content\/uploads\/2024\/12\/Edelrid-Riot-1-510x510.jpg 510w, https:\/\/bolting.eu\/wp-content\/uploads\/2024\/12\/Edelrid-Riot-1-100x100.jpg 100w, https:\/\/bolting.eu\/wp-content\/uploads\/2024\/12\/Edelrid-Riot-1.jpg 700w\" sizes=\"auto, (max-width: 400px) 100vw, 400px\" \/><\/a><\/p>\n","protected":false},"excerpt":{"rendered":"<p>Vielseitiges Eisger\u00e4t zum Eisklettern und f\u00fcr alpine Unternehmungen. Ideal f\u00fcr Eisrinnen, lange Mixed Routen und Nordw\u00e4nde.<\/p>\n<p>Erh\u00e4ltlich mit <strong>Hammer oder Schaufel Aufsatz<\/strong>.<\/p>\n<p>Versandkostenfrei bis 2kg in <img decoding=\"async\" class=\"emoji\" role=\"img\" draggable=\"false\" src=\"https:\/\/s.w.org\/images\/core\/emoji\/13.1.0\/svg\/1f1e6-1f1f9.svg\" alt=\"\ud83c\udde6\ud83c\uddf9\" \/> ab \u20ac 100,- und <img decoding=\"async\" class=\"emoji\" role=\"img\" draggable=\"false\" src=\"https:\/\/s.w.org\/images\/core\/emoji\/13.1.0\/svg\/1f1e9-1f1ea.svg\" alt=\"\ud83c\udde9\ud83c\uddea\" \/> ab \u20ac 200,-!<\/p>\n","protected":false},"featured_media":22207,"comment_status":"closed","ping_status":"closed","template":"","meta":[],"product_brand":[],"product_cat":[4655,13938,14282],"product_tag":[],"class_list":{"0":"post-22202","1":"product","2":"type-product","3":"status-publish","4":"has-post-thumbnail","6":"product_cat-edelrid","7":"product_cat-bergsteiger-ausruestung","8":"product_cat-eisgeraete","10":"first","11":"outofstock","12":"sale","13":"taxable","14":"shipping-taxable","15":"purchasable","16":"product-type-variable","17":"has-default-attributes"},"yoast_head":"<!-- This site is optimized with the Yoast SEO Premium plugin v26.9 (Yoast SEO v26.9) - https:\/\/yoast.com\/product\/yoast-seo-premium-wordpress\/ -->\n<title>Edelrid Riot Eisger\u00e4t - Hammer oder Schaufelkopf | bolting.eu<\/title>\n<meta name=\"description\" content=\"Edelrid Riot Eisger\u00e4te beim Kletter Hardware Profi kaufen \u2705 Trusted Shop \u2705 kostenloser Versand* \u2705 14 Tage R\u00fcckgaberecht \u2705 Co2 neutraler Versand\" \/>\n<meta name=\"robots\" content=\"index, follow, max-snippet:-1, max-image-preview:large, max-video-preview:-1\" \/>\n<link rel=\"canonical\" href=\"https:\/\/bolting.eu\/en\/shop\/edelrid-riot\/\" \/>\n<meta property=\"og:locale\" content=\"en_US\" \/>\n<meta property=\"og:type\" content=\"article\" \/>\n<meta property=\"og:title\" content=\"Edelrid Riot\" \/>\n<meta property=\"og:description\" content=\"Edelrid Riot Eisger\u00e4te beim Kletter Hardware Profi kaufen \u2705 Trusted Shop \u2705 kostenloser Versand* \u2705 14 Tage R\u00fcckgaberecht \u2705 Co2 neutraler Versand\" \/>\n<meta property=\"og:url\" content=\"https:\/\/bolting.eu\/en\/shop\/edelrid-riot\/\" \/>\n<meta property=\"og:site_name\" content=\"bolting.eu\" \/>\n<meta property=\"article:publisher\" content=\"https:\/\/www.facebook.com\/bolting.eu\" \/>\n<meta property=\"article:modified_time\" content=\"2025-10-21T14:11:19+00:00\" \/>\n<meta property=\"og:image\" content=\"https:\/\/bolting.eu\/wp-content\/uploads\/2024\/12\/Edelrid-Riot-Hammerkopf.jpg\" \/>\n\t<meta property=\"og:image:width\" content=\"700\" \/>\n\t<meta property=\"og:image:height\" content=\"700\" \/>\n\t<meta property=\"og:image:type\" content=\"image\/jpeg\" \/>\n<meta name=\"twitter:card\" content=\"summary_large_image\" \/>\n<meta name=\"twitter:label1\" content=\"Availability\" \/>\n\t<meta name=\"twitter:data1\" content=\"Out of stock\" \/>\n<script type=\"application\/ld+json\" class=\"yoast-schema-graph\">{\"@context\":\"https:\/\/schema.org\",\"@graph\":[{\"@type\":[\"WebPage\",\"ItemPage\"],\"@id\":\"https:\/\/bolting.eu\/en\/shop\/edelrid-riot\/\",\"url\":\"https:\/\/bolting.eu\/en\/shop\/edelrid-riot\/\",\"name\":\"Edelrid Riot Eisger\u00e4t - Hammer oder Schaufelkopf | bolting.eu\",\"isPartOf\":{\"@id\":\"https:\/\/bolting.eu\/en\/#website\"},\"primaryImageOfPage\":{\"@id\":\"https:\/\/bolting.eu\/en\/shop\/edelrid-riot\/#primaryimage\"},\"image\":{\"@id\":\"https:\/\/bolting.eu\/en\/shop\/edelrid-riot\/#primaryimage\"},\"thumbnailUrl\":\"https:\/\/bolting.eu\/wp-content\/uploads\/2024\/12\/Edelrid-Riot-Hammerkopf.jpg\",\"datePublished\":\"2024-12-12T13:43:33+00:00\",\"dateModified\":\"2025-10-21T14:11:19+00:00\",\"description\":\"Edelrid Riot Eisger\u00e4te beim Kletter Hardware Profi kaufen \u2705 Trusted Shop \u2705 kostenloser Versand* \u2705 14 Tage R\u00fcckgaberecht \u2705 Co2 neutraler Versand\",\"breadcrumb\":{\"@id\":\"https:\/\/bolting.eu\/en\/shop\/edelrid-riot\/#breadcrumb\"},\"inLanguage\":\"en-US\",\"potentialAction\":[{\"@type\":\"ReadAction\",\"target\":[\"https:\/\/bolting.eu\/en\/shop\/edelrid-riot\/\"]}]},{\"@type\":\"ImageObject\",\"inLanguage\":\"en-US\",\"@id\":\"https:\/\/bolting.eu\/en\/shop\/edelrid-riot\/#primaryimage\",\"url\":\"https:\/\/bolting.eu\/wp-content\/uploads\/2024\/12\/Edelrid-Riot-Hammerkopf.jpg\",\"contentUrl\":\"https:\/\/bolting.eu\/wp-content\/uploads\/2024\/12\/Edelrid-Riot-Hammerkopf.jpg\",\"width\":700,\"height\":700,\"caption\":\"Gr\u00fcnes Edelrid Riot Hammer Eisger\u00e4t mit Haue nach links.\"},{\"@type\":\"BreadcrumbList\",\"@id\":\"https:\/\/bolting.eu\/en\/shop\/edelrid-riot\/#breadcrumb\",\"itemListElement\":[{\"@type\":\"ListItem\",\"position\":1,\"name\":\"Shop\",\"item\":\"https:\/\/bolting.eu\/en\/shop\/\"},{\"@type\":\"ListItem\",\"position\":2,\"name\":\"Bergsteiger Ausr\u00fcstung\",\"item\":\"https:\/\/bolting.eu\/produkt-kategorie\/bergsteiger-ausruestung\/\"},{\"@type\":\"ListItem\",\"position\":3,\"name\":\"Eisger\u00e4te\",\"item\":\"https:\/\/bolting.eu\/produkt-kategorie\/bergsteiger-ausruestung\/eisgeraete\/\"},{\"@type\":\"ListItem\",\"position\":4,\"name\":\"Edelrid Riot\"}]},{\"@type\":\"WebSite\",\"@id\":\"https:\/\/bolting.eu\/en\/#website\",\"url\":\"https:\/\/bolting.eu\/en\/\",\"name\":\"bolting.eu\",\"description\":\"we make climbs happen\",\"publisher\":{\"@id\":\"https:\/\/bolting.eu\/en\/#organization\"},\"potentialAction\":[{\"@type\":\"SearchAction\",\"target\":{\"@type\":\"EntryPoint\",\"urlTemplate\":\"https:\/\/bolting.eu\/en\/?s={search_term_string}\"},\"query-input\":{\"@type\":\"PropertyValueSpecification\",\"valueRequired\":true,\"valueName\":\"search_term_string\"}}],\"inLanguage\":\"en-US\"},{\"@type\":[\"Organization\",\"Place\",\"SportingGoodsStore\"],\"@id\":\"https:\/\/bolting.eu\/en\/#organization\",\"name\":\"bolting.eu\",\"url\":\"https:\/\/bolting.eu\/en\/\",\"logo\":{\"@id\":\"https:\/\/bolting.eu\/en\/shop\/edelrid-riot\/#local-main-organization-logo\"},\"image\":{\"@id\":\"https:\/\/bolting.eu\/en\/shop\/edelrid-riot\/#local-main-organization-logo\"},\"sameAs\":[\"https:\/\/www.facebook.com\/bolting.eu\",\"https:\/\/www.instagram.com\/bolting.eu\/\"],\"address\":{\"@id\":\"https:\/\/bolting.eu\/en\/shop\/edelrid-riot\/#local-main-place-address\"},\"geo\":{\"@type\":\"GeoCoordinates\",\"latitude\":\"47.264176340396226\",\"longitude\":\"11.380109057672346\"},\"telephone\":[\"+43 699 19083372\"],\"openingHoursSpecification\":[{\"@type\":\"OpeningHoursSpecification\",\"dayOfWeek\":[\"Monday\",\"Wednesday\",\"Friday\"],\"opens\":\"14:00\",\"closes\":\"18:00\"},{\"@type\":\"OpeningHoursSpecification\",\"dayOfWeek\":[\"Tuesday\",\"Thursday\",\"Saturday\",\"Sunday\"],\"opens\":\"00:00\",\"closes\":\"00:00\"}],\"email\":\"office@bolting.eu\",\"vatID\":\"ATU59999728\",\"priceRange\":\"$$\",\"currenciesAccepted\":\"Euro\"},{\"@type\":\"PostalAddress\",\"@id\":\"https:\/\/bolting.eu\/en\/shop\/edelrid-riot\/#local-main-place-address\",\"streetAddress\":\"Fischnalerstra\u00dfe 4\",\"addressLocality\":\"Innsbruck\",\"postalCode\":\"6020\",\"addressRegion\":\"Tirol\",\"addressCountry\":\"AT\"},{\"@type\":\"ImageObject\",\"inLanguage\":\"en-US\",\"@id\":\"https:\/\/bolting.eu\/en\/shop\/edelrid-riot\/#local-main-organization-logo\",\"url\":\"https:\/\/bolting.eu\/wp-content\/uploads\/2019\/09\/bolting-logo.png\",\"contentUrl\":\"https:\/\/bolting.eu\/wp-content\/uploads\/2019\/09\/bolting-logo.png\",\"width\":400,\"height\":211,\"caption\":\"bolting.eu\"}]}<\/script>\n<meta property=\"og:availability\" content=\"out of stock\" \/>\n<meta property=\"product:availability\" content=\"out of stock\" \/>\n<meta property=\"product:condition\" content=\"new\" \/>\n<meta name=\"geo.placename\" content=\"Innsbruck\" \/>\n<meta name=\"geo.position\" content=\"47.264176340396226;11.380109057672346\" \/>\n<meta name=\"geo.region\" content=\"Austria\" \/>\n<!-- \/ Yoast SEO Premium plugin. -->","yoast_head_json":{"title":"Edelrid Riot Eisger\u00e4t - Hammer oder Schaufelkopf | bolting.eu","description":"Edelrid Riot Eisger\u00e4te beim Kletter Hardware Profi kaufen \u2705 Trusted Shop \u2705 kostenloser Versand* \u2705 14 Tage R\u00fcckgaberecht \u2705 Co2 neutraler Versand","robots":{"index":"index","follow":"follow","max-snippet":"max-snippet:-1","max-image-preview":"max-image-preview:large","max-video-preview":"max-video-preview:-1"},"canonical":"https:\/\/bolting.eu\/en\/shop\/edelrid-riot\/","og_locale":"en_US","og_type":"article","og_title":"Edelrid Riot","og_description":"Edelrid Riot Eisger\u00e4te beim Kletter Hardware Profi kaufen \u2705 Trusted Shop \u2705 kostenloser Versand* \u2705 14 Tage R\u00fcckgaberecht \u2705 Co2 neutraler Versand","og_url":"https:\/\/bolting.eu\/en\/shop\/edelrid-riot\/","og_site_name":"bolting.eu","article_publisher":"https:\/\/www.facebook.com\/bolting.eu","article_modified_time":"2025-10-21T14:11:19+00:00","og_image":[{"width":700,"height":700,"url":"https:\/\/bolting.eu\/wp-content\/uploads\/2024\/12\/Edelrid-Riot-Hammerkopf.jpg","type":"image\/jpeg"}],"twitter_card":"summary_large_image","twitter_misc":{"Availability":"Out of stock"},"schema":{"@context":"https:\/\/schema.org","@graph":[{"@type":["WebPage","ItemPage"],"@id":"https:\/\/bolting.eu\/en\/shop\/edelrid-riot\/","url":"https:\/\/bolting.eu\/en\/shop\/edelrid-riot\/","name":"Edelrid Riot Eisger\u00e4t - Hammer oder Schaufelkopf | bolting.eu","isPartOf":{"@id":"https:\/\/bolting.eu\/en\/#website"},"primaryImageOfPage":{"@id":"https:\/\/bolting.eu\/en\/shop\/edelrid-riot\/#primaryimage"},"image":{"@id":"https:\/\/bolting.eu\/en\/shop\/edelrid-riot\/#primaryimage"},"thumbnailUrl":"https:\/\/bolting.eu\/wp-content\/uploads\/2024\/12\/Edelrid-Riot-Hammerkopf.jpg","datePublished":"2024-12-12T13:43:33+00:00","dateModified":"2025-10-21T14:11:19+00:00","description":"Edelrid Riot Eisger\u00e4te beim Kletter Hardware Profi kaufen \u2705 Trusted Shop \u2705 kostenloser Versand* \u2705 14 Tage R\u00fcckgaberecht \u2705 Co2 neutraler Versand","breadcrumb":{"@id":"https:\/\/bolting.eu\/en\/shop\/edelrid-riot\/#breadcrumb"},"inLanguage":"en-US","potentialAction":[{"@type":"ReadAction","target":["https:\/\/bolting.eu\/en\/shop\/edelrid-riot\/"]}]},{"@type":"ImageObject","inLanguage":"en-US","@id":"https:\/\/bolting.eu\/en\/shop\/edelrid-riot\/#primaryimage","url":"https:\/\/bolting.eu\/wp-content\/uploads\/2024\/12\/Edelrid-Riot-Hammerkopf.jpg","contentUrl":"https:\/\/bolting.eu\/wp-content\/uploads\/2024\/12\/Edelrid-Riot-Hammerkopf.jpg","width":700,"height":700,"caption":"Gr\u00fcnes Edelrid Riot Hammer Eisger\u00e4t mit Haue nach links."},{"@type":"BreadcrumbList","@id":"https:\/\/bolting.eu\/en\/shop\/edelrid-riot\/#breadcrumb","itemListElement":[{"@type":"ListItem","position":1,"name":"Shop","item":"https:\/\/bolting.eu\/en\/shop\/"},{"@type":"ListItem","position":2,"name":"Bergsteiger Ausr\u00fcstung","item":"https:\/\/bolting.eu\/produkt-kategorie\/bergsteiger-ausruestung\/"},{"@type":"ListItem","position":3,"name":"Eisger\u00e4te","item":"https:\/\/bolting.eu\/produkt-kategorie\/bergsteiger-ausruestung\/eisgeraete\/"},{"@type":"ListItem","position":4,"name":"Edelrid Riot"}]},{"@type":"WebSite","@id":"https:\/\/bolting.eu\/en\/#website","url":"https:\/\/bolting.eu\/en\/","name":"bolting.eu","description":"we make climbs happen","publisher":{"@id":"https:\/\/bolting.eu\/en\/#organization"},"potentialAction":[{"@type":"SearchAction","target":{"@type":"EntryPoint","urlTemplate":"https:\/\/bolting.eu\/en\/?s={search_term_string}"},"query-input":{"@type":"PropertyValueSpecification","valueRequired":true,"valueName":"search_term_string"}}],"inLanguage":"en-US"},{"@type":["Organization","Place","SportingGoodsStore"],"@id":"https:\/\/bolting.eu\/en\/#organization","name":"bolting.eu","url":"https:\/\/bolting.eu\/en\/","logo":{"@id":"https:\/\/bolting.eu\/en\/shop\/edelrid-riot\/#local-main-organization-logo"},"image":{"@id":"https:\/\/bolting.eu\/en\/shop\/edelrid-riot\/#local-main-organization-logo"},"sameAs":["https:\/\/www.facebook.com\/bolting.eu","https:\/\/www.instagram.com\/bolting.eu\/"],"address":{"@id":"https:\/\/bolting.eu\/en\/shop\/edelrid-riot\/#local-main-place-address"},"geo":{"@type":"GeoCoordinates","latitude":"47.264176340396226","longitude":"11.380109057672346"},"telephone":["+43 699 19083372"],"openingHoursSpecification":[{"@type":"OpeningHoursSpecification","dayOfWeek":["Monday","Wednesday","Friday"],"opens":"14:00","closes":"18:00"},{"@type":"OpeningHoursSpecification","dayOfWeek":["Tuesday","Thursday","Saturday","Sunday"],"opens":"00:00","closes":"00:00"}],"email":"office@bolting.eu","vatID":"ATU59999728","priceRange":"$$","currenciesAccepted":"Euro"},{"@type":"PostalAddress","@id":"https:\/\/bolting.eu\/en\/shop\/edelrid-riot\/#local-main-place-address","streetAddress":"Fischnalerstra\u00dfe 4","addressLocality":"Innsbruck","postalCode":"6020","addressRegion":"Tirol","addressCountry":"AT"},{"@type":"ImageObject","inLanguage":"en-US","@id":"https:\/\/bolting.eu\/en\/shop\/edelrid-riot\/#local-main-organization-logo","url":"https:\/\/bolting.eu\/wp-content\/uploads\/2019\/09\/bolting-logo.png","contentUrl":"https:\/\/bolting.eu\/wp-content\/uploads\/2019\/09\/bolting-logo.png","width":400,"height":211,"caption":"bolting.eu"}]},"og_availability":"out of stock","product_availability":"out of stock","product_condition":"new","geo.placename":"Innsbruck","geo.position":{"lat":"47.264176340396226","long":"11.380109057672346"},"geo.region":"Austria"},"_links":{"self":[{"href":"https:\/\/bolting.eu\/en\/wp-json\/wp\/v2\/product\/22202","targetHints":{"allow":["GET"]}}],"collection":[{"href":"https:\/\/bolting.eu\/en\/wp-json\/wp\/v2\/product"}],"about":[{"href":"https:\/\/bolting.eu\/en\/wp-json\/wp\/v2\/types\/product"}],"replies":[{"embeddable":true,"href":"https:\/\/bolting.eu\/en\/wp-json\/wp\/v2\/comments?post=22202"}],"wp:featuredmedia":[{"embeddable":true,"href":"https:\/\/bolting.eu\/en\/wp-json\/wp\/v2\/media\/22207"}],"wp:attachment":[{"href":"https:\/\/bolting.eu\/en\/wp-json\/wp\/v2\/media?parent=22202"}],"wp:term":[{"taxonomy":"product_brand","embeddable":true,"href":"https:\/\/bolting.eu\/en\/wp-json\/wp\/v2\/product_brand?post=22202"},{"taxonomy":"product_cat","embeddable":true,"href":"https:\/\/bolting.eu\/en\/wp-json\/wp\/v2\/product_cat?post=22202"},{"taxonomy":"product_tag","embeddable":true,"href":"https:\/\/bolting.eu\/en\/wp-json\/wp\/v2\/product_tag?post=22202"}],"curies":[{"name":"wp","href":"https:\/\/api.w.org\/{rel}","templated":true}]}}