{"id":2219,"date":"2020-03-17T17:21:04","date_gmt":"2020-03-17T16:21:04","guid":{"rendered":"https:\/\/bolting.eu\/?post_type=product&#038;p=2219"},"modified":"2025-05-22T23:34:07","modified_gmt":"2025-05-22T21:34:07","slug":"kong-fifi","status":"publish","type":"product","link":"https:\/\/bolting.eu\/en\/shop\/kong-fifi\/","title":{"rendered":"Kong Fifi"},"content":{"rendered":"<p>Der Kong Fifi ist ein klassischer Hook aus Stahl zum Techno Klettern bzw. Fixieren am Rastpunkt. Dieser Fifi ist ein \u00e4u\u00dferst hilfreiches Ausr\u00fcstungsteil. Denn erstens kann man ihn beim Alpinklettern im Nachstieg verwenden. So entf\u00e4llt das l\u00e4stige &#8220;Dazuklippen&#8221; in die Zwischensicherung. Zweitens wird der Fifi beim Alpinklettern im Vorstieg verwendet. Auch hier kann man sich ganz einfach in den Sicherungspunkt einh\u00e4ngen. Und drittens wird der Fifi nat\u00fcrlich beim Techno Klettern bzw. Big Wall Klettern verwendet.<\/p>\n<h3>Anbringung Fifi am Gurt<\/h3>\n<p>Wir empfehlen Euch mit einer Reepschnur oder einem Schlauchband den Kong Fifi mit einem normalen Knoten anzubringen. Dann den Fifi mit einem Sackstich an der Sicherungsschlaufe des Gurtes eingeh\u00e4ngt und fertig. Je nach L\u00e4nge der Schlinge am Fifi ist dann nat\u00fcrlich Euer Abstand zum Rastpunkt. Beim Big Wall Klettern sollte dieser z.B. sehr klein sein.<\/p>\n<h3>Anbringung Kong Fifi an Trittleiter<\/h3>\n<p>Wer an seiner Trittleiter einen Fifi befestigt, sollte dies direkt mit einem 4mm <a href=\"https:\/\/bolting.eu\/produkt-kategorie\/schraubglied-rapidglied\/\">Schraubglied<\/a> machen. D.h. das Schraubglied wird direkt zwischen Fifi und Schlaufe der Trittleiter geh\u00e4ngt und zugeschraubt. So k\u00f6nnt ihr die Leitern immer gut verwenden und verliert keine &#8220;wertvollen Zentimeter&#8221;.<\/p>\n<h3>Einh\u00e4ngen Fifi<\/h3>\n<p>Versucht Euren Fifi nach M\u00f6glichkeit immer direkt in ein Metallteil zu h\u00e4ngen. Beispielsweise direkt in die <a href=\"https:\/\/bolting.eu\/produkt-kategorie\/bohrhakenlasche\/\">Bohrhakenlasche<\/a>, den <a href=\"https:\/\/bolting.eu\/produkt-kategorie\/klebehaken-buehlerhaken\/\">Klebehaken<\/a>, <a href=\"https:\/\/bolting.eu\/produkt-kategorie\/felshaken-normalhaken\/\">Felshaken<\/a> oder einen Karabiner. Wer den Fifi in eine Bandschlinge h\u00e4ngt riskiert, dass diese abreisen kann.<\/p>\n<h3>Eigenschaften Kong Fifi<\/h3>\n<ul>\n<li>Hersteller:\u00a0 Kong<\/li>\n<li>Gewicht: 73 Gramm<\/li>\n<li>Einsatzbereiche: Alpinklettern, Techno Klettern , Big Wall<\/li>\n<li>Material: Normstahl<\/li>\n<li>\u00d6se f\u00fcr Anbringung Reepschnur oder Schlauchband<\/li>\n<li>Mini \u00d6se f\u00fcr 2mm Reepschnur zum &#8220;nachziehen&#8221;<\/li>\n<\/ul>\n<p>Link Tipp: den Fifi beim Alpinklettern ausprobieren, wie z.B. beim <a href=\"https:\/\/maltatal.rocks\" target=\"_blank\" rel=\"noopener noreferrer\">Alpinklettern in K\u00e4rnten<\/a>!<\/p>\n","protected":false},"excerpt":{"rendered":"<ul>\n<li>Hersteller:\u00a0 Kong<\/li>\n<li>Gewicht: 73 Gramm<\/li>\n<li>Einsatzbereiche: Alpinklettern, Techno Klettern , Big Wall<\/li>\n<li>Material: Normstahl<\/li>\n<li>\u00d6se f\u00fcr Anbringung Reepschnur oder Schlauchband<\/li>\n<li>Mini \u00d6se f\u00fcr 2mm Reepschnur zum &#8220;nachziehen&#8221;<\/li>\n<\/ul>\n","protected":false},"featured_media":2220,"comment_status":"closed","ping_status":"closed","template":"","meta":[],"product_brand":[],"product_cat":[4651,31,35],"product_tag":[262,265],"class_list":{"0":"post-2219","1":"product","2":"type-product","3":"status-publish","4":"has-post-thumbnail","6":"product_cat-kong","7":"product_cat-big-wall-ausruestung","8":"product_cat-einbohr-zubehoer","9":"product_tag-alpinklettern","10":"product_tag-big-wall-klettern","12":"first","13":"outofstock","14":"taxable","15":"shipping-taxable","16":"purchasable","17":"product-type-simple"},"yoast_head":"<!-- This site is optimized with the Yoast SEO Premium plugin v26.9 (Yoast SEO v26.9) - https:\/\/yoast.com\/product\/yoast-seo-premium-wordpress\/ -->\n<title>Kong Fifi : klassischer Fifi aus Stahl zum Techno Klettern | bolting.eu<\/title>\n<meta name=\"description\" content=\"Hier findet ihr den Kong Fifi. Einen klassischen Fifi aus Stahl zum Bigwall und Alpinklettern, sowie beim Erschlie\u00dfen von Kletterrouten.\" \/>\n<meta name=\"robots\" content=\"index, follow, max-snippet:-1, max-image-preview:large, max-video-preview:-1\" \/>\n<link rel=\"canonical\" href=\"https:\/\/bolting.eu\/en\/shop\/kong-fifi\/\" \/>\n<meta property=\"og:locale\" content=\"en_US\" \/>\n<meta property=\"og:type\" content=\"article\" \/>\n<meta property=\"og:title\" content=\"Kong Fifi\" \/>\n<meta property=\"og:description\" content=\"Hier findet ihr den Kong Fifi. Einen klassischen Fifi aus Stahl zum Bigwall und Alpinklettern, sowie beim Erschlie\u00dfen von Kletterrouten.\" \/>\n<meta property=\"og:url\" content=\"https:\/\/bolting.eu\/en\/shop\/kong-fifi\/\" \/>\n<meta property=\"og:site_name\" content=\"bolting.eu\" \/>\n<meta property=\"article:publisher\" content=\"https:\/\/www.facebook.com\/bolting.eu\" \/>\n<meta property=\"article:modified_time\" content=\"2025-05-22T21:34:07+00:00\" \/>\n<meta property=\"og:image\" content=\"https:\/\/bolting.eu\/wp-content\/uploads\/2020\/03\/Kong-Fifi.jpg\" \/>\n\t<meta property=\"og:image:width\" content=\"700\" \/>\n\t<meta property=\"og:image:height\" content=\"700\" \/>\n\t<meta property=\"og:image:type\" content=\"image\/jpeg\" \/>\n<meta name=\"twitter:card\" content=\"summary_large_image\" \/>\n<meta name=\"twitter:label1\" content=\"Price\" \/>\n\t<meta name=\"twitter:data1\" content=\"&euro;&nbsp;7,90\" \/>\n\t<meta name=\"twitter:label2\" content=\"Availability\" \/>\n\t<meta name=\"twitter:data2\" content=\"Out of stock\" \/>\n<script type=\"application\/ld+json\" class=\"yoast-schema-graph\">{\"@context\":\"https:\/\/schema.org\",\"@graph\":[{\"@type\":[\"WebPage\",\"ItemPage\"],\"@id\":\"https:\/\/bolting.eu\/en\/shop\/kong-fifi\/\",\"url\":\"https:\/\/bolting.eu\/en\/shop\/kong-fifi\/\",\"name\":\"Kong Fifi : klassischer Fifi aus Stahl zum Techno Klettern | bolting.eu\",\"isPartOf\":{\"@id\":\"https:\/\/bolting.eu\/en\/#website\"},\"primaryImageOfPage\":{\"@id\":\"https:\/\/bolting.eu\/en\/shop\/kong-fifi\/#primaryimage\"},\"image\":{\"@id\":\"https:\/\/bolting.eu\/en\/shop\/kong-fifi\/#primaryimage\"},\"thumbnailUrl\":\"https:\/\/bolting.eu\/wp-content\/uploads\/2020\/03\/Kong-Fifi.jpg\",\"datePublished\":\"2020-03-17T16:21:04+00:00\",\"dateModified\":\"2025-05-22T21:34:07+00:00\",\"description\":\"Hier findet ihr den Kong Fifi. Einen klassischen Fifi aus Stahl zum Bigwall und Alpinklettern, sowie beim Erschlie\u00dfen von Kletterrouten.\",\"breadcrumb\":{\"@id\":\"https:\/\/bolting.eu\/en\/shop\/kong-fifi\/#breadcrumb\"},\"inLanguage\":\"en-US\",\"potentialAction\":[{\"@type\":\"ReadAction\",\"target\":[\"https:\/\/bolting.eu\/en\/shop\/kong-fifi\/\"]}]},{\"@type\":\"ImageObject\",\"inLanguage\":\"en-US\",\"@id\":\"https:\/\/bolting.eu\/en\/shop\/kong-fifi\/#primaryimage\",\"url\":\"https:\/\/bolting.eu\/wp-content\/uploads\/2020\/03\/Kong-Fifi.jpg\",\"contentUrl\":\"https:\/\/bolting.eu\/wp-content\/uploads\/2020\/03\/Kong-Fifi.jpg\",\"width\":700,\"height\":700,\"caption\":\"Das Bild zeigt einen silbernen Kong Resting Fifi. Der sichelf\u00f6rmige Hook liegt in Bildmitte, unterhalb die Befestigungs\u00f6se, links der gebogene Schenkel zum Einh\u00e4ngen an einem Karabiner.\"},{\"@type\":\"BreadcrumbList\",\"@id\":\"https:\/\/bolting.eu\/en\/shop\/kong-fifi\/#breadcrumb\",\"itemListElement\":[{\"@type\":\"ListItem\",\"position\":1,\"name\":\"Shop\",\"item\":\"https:\/\/bolting.eu\/en\/shop\/\"},{\"@type\":\"ListItem\",\"position\":2,\"name\":\"Big Wall gear\",\"item\":\"https:\/\/bolting.eu\/en\/produkt-kategorie\/big-wall-gear\/\"},{\"@type\":\"ListItem\",\"position\":3,\"name\":\"Kong Fifi\"}]},{\"@type\":\"WebSite\",\"@id\":\"https:\/\/bolting.eu\/en\/#website\",\"url\":\"https:\/\/bolting.eu\/en\/\",\"name\":\"bolting.eu\",\"description\":\"we make climbs happen\",\"publisher\":{\"@id\":\"https:\/\/bolting.eu\/en\/#organization\"},\"potentialAction\":[{\"@type\":\"SearchAction\",\"target\":{\"@type\":\"EntryPoint\",\"urlTemplate\":\"https:\/\/bolting.eu\/en\/?s={search_term_string}\"},\"query-input\":{\"@type\":\"PropertyValueSpecification\",\"valueRequired\":true,\"valueName\":\"search_term_string\"}}],\"inLanguage\":\"en-US\"},{\"@type\":[\"Organization\",\"Place\",\"SportingGoodsStore\"],\"@id\":\"https:\/\/bolting.eu\/en\/#organization\",\"name\":\"bolting.eu\",\"url\":\"https:\/\/bolting.eu\/en\/\",\"logo\":{\"@id\":\"https:\/\/bolting.eu\/en\/shop\/kong-fifi\/#local-main-organization-logo\"},\"image\":{\"@id\":\"https:\/\/bolting.eu\/en\/shop\/kong-fifi\/#local-main-organization-logo\"},\"sameAs\":[\"https:\/\/www.facebook.com\/bolting.eu\",\"https:\/\/www.instagram.com\/bolting.eu\/\"],\"address\":{\"@id\":\"https:\/\/bolting.eu\/en\/shop\/kong-fifi\/#local-main-place-address\"},\"geo\":{\"@type\":\"GeoCoordinates\",\"latitude\":\"47.264176340396226\",\"longitude\":\"11.380109057672346\"},\"telephone\":[\"+43 699 19083372\"],\"openingHoursSpecification\":[{\"@type\":\"OpeningHoursSpecification\",\"dayOfWeek\":[\"Monday\",\"Wednesday\",\"Friday\"],\"opens\":\"14:00\",\"closes\":\"18:00\"},{\"@type\":\"OpeningHoursSpecification\",\"dayOfWeek\":[\"Tuesday\",\"Thursday\",\"Saturday\",\"Sunday\"],\"opens\":\"00:00\",\"closes\":\"00:00\"}],\"email\":\"office@bolting.eu\",\"vatID\":\"ATU59999728\",\"priceRange\":\"$$\",\"currenciesAccepted\":\"Euro\"},{\"@type\":\"PostalAddress\",\"@id\":\"https:\/\/bolting.eu\/en\/shop\/kong-fifi\/#local-main-place-address\",\"streetAddress\":\"Fischnalerstra\u00dfe 4\",\"addressLocality\":\"Innsbruck\",\"postalCode\":\"6020\",\"addressRegion\":\"Tirol\",\"addressCountry\":\"AT\"},{\"@type\":\"ImageObject\",\"inLanguage\":\"en-US\",\"@id\":\"https:\/\/bolting.eu\/en\/shop\/kong-fifi\/#local-main-organization-logo\",\"url\":\"https:\/\/bolting.eu\/wp-content\/uploads\/2019\/09\/bolting-logo.png\",\"contentUrl\":\"https:\/\/bolting.eu\/wp-content\/uploads\/2019\/09\/bolting-logo.png\",\"width\":400,\"height\":211,\"caption\":\"bolting.eu\"}]}<\/script>\n<meta property=\"product:price:amount\" content=\"7.90\" \/>\n<meta property=\"product:price:currency\" content=\"EUR\" \/>\n<meta property=\"og:availability\" content=\"out of stock\" \/>\n<meta property=\"product:availability\" content=\"out of stock\" \/>\n<meta property=\"product:retailer_item_id\" content=\"803010Z00KK\" \/>\n<meta property=\"product:condition\" content=\"new\" \/>\n<meta name=\"geo.placename\" content=\"Innsbruck\" \/>\n<meta name=\"geo.position\" content=\"47.264176340396226;11.380109057672346\" \/>\n<meta name=\"geo.region\" content=\"Austria\" \/>\n<!-- \/ Yoast SEO Premium plugin. -->","yoast_head_json":{"title":"Kong Fifi : klassischer Fifi aus Stahl zum Techno Klettern | bolting.eu","description":"Hier findet ihr den Kong Fifi. Einen klassischen Fifi aus Stahl zum Bigwall und Alpinklettern, sowie beim Erschlie\u00dfen von Kletterrouten.","robots":{"index":"index","follow":"follow","max-snippet":"max-snippet:-1","max-image-preview":"max-image-preview:large","max-video-preview":"max-video-preview:-1"},"canonical":"https:\/\/bolting.eu\/en\/shop\/kong-fifi\/","og_locale":"en_US","og_type":"article","og_title":"Kong Fifi","og_description":"Hier findet ihr den Kong Fifi. Einen klassischen Fifi aus Stahl zum Bigwall und Alpinklettern, sowie beim Erschlie\u00dfen von Kletterrouten.","og_url":"https:\/\/bolting.eu\/en\/shop\/kong-fifi\/","og_site_name":"bolting.eu","article_publisher":"https:\/\/www.facebook.com\/bolting.eu","article_modified_time":"2025-05-22T21:34:07+00:00","og_image":[{"width":700,"height":700,"url":"https:\/\/bolting.eu\/wp-content\/uploads\/2020\/03\/Kong-Fifi.jpg","type":"image\/jpeg"}],"twitter_card":"summary_large_image","twitter_misc":{"Price":"&euro;&nbsp;7,90","Availability":"Out of stock"},"schema":{"@context":"https:\/\/schema.org","@graph":[{"@type":["WebPage","ItemPage"],"@id":"https:\/\/bolting.eu\/en\/shop\/kong-fifi\/","url":"https:\/\/bolting.eu\/en\/shop\/kong-fifi\/","name":"Kong Fifi : klassischer Fifi aus Stahl zum Techno Klettern | bolting.eu","isPartOf":{"@id":"https:\/\/bolting.eu\/en\/#website"},"primaryImageOfPage":{"@id":"https:\/\/bolting.eu\/en\/shop\/kong-fifi\/#primaryimage"},"image":{"@id":"https:\/\/bolting.eu\/en\/shop\/kong-fifi\/#primaryimage"},"thumbnailUrl":"https:\/\/bolting.eu\/wp-content\/uploads\/2020\/03\/Kong-Fifi.jpg","datePublished":"2020-03-17T16:21:04+00:00","dateModified":"2025-05-22T21:34:07+00:00","description":"Hier findet ihr den Kong Fifi. Einen klassischen Fifi aus Stahl zum Bigwall und Alpinklettern, sowie beim Erschlie\u00dfen von Kletterrouten.","breadcrumb":{"@id":"https:\/\/bolting.eu\/en\/shop\/kong-fifi\/#breadcrumb"},"inLanguage":"en-US","potentialAction":[{"@type":"ReadAction","target":["https:\/\/bolting.eu\/en\/shop\/kong-fifi\/"]}]},{"@type":"ImageObject","inLanguage":"en-US","@id":"https:\/\/bolting.eu\/en\/shop\/kong-fifi\/#primaryimage","url":"https:\/\/bolting.eu\/wp-content\/uploads\/2020\/03\/Kong-Fifi.jpg","contentUrl":"https:\/\/bolting.eu\/wp-content\/uploads\/2020\/03\/Kong-Fifi.jpg","width":700,"height":700,"caption":"Das Bild zeigt einen silbernen Kong Resting Fifi. Der sichelf\u00f6rmige Hook liegt in Bildmitte, unterhalb die Befestigungs\u00f6se, links der gebogene Schenkel zum Einh\u00e4ngen an einem Karabiner."},{"@type":"BreadcrumbList","@id":"https:\/\/bolting.eu\/en\/shop\/kong-fifi\/#breadcrumb","itemListElement":[{"@type":"ListItem","position":1,"name":"Shop","item":"https:\/\/bolting.eu\/en\/shop\/"},{"@type":"ListItem","position":2,"name":"Big Wall gear","item":"https:\/\/bolting.eu\/en\/produkt-kategorie\/big-wall-gear\/"},{"@type":"ListItem","position":3,"name":"Kong Fifi"}]},{"@type":"WebSite","@id":"https:\/\/bolting.eu\/en\/#website","url":"https:\/\/bolting.eu\/en\/","name":"bolting.eu","description":"we make climbs happen","publisher":{"@id":"https:\/\/bolting.eu\/en\/#organization"},"potentialAction":[{"@type":"SearchAction","target":{"@type":"EntryPoint","urlTemplate":"https:\/\/bolting.eu\/en\/?s={search_term_string}"},"query-input":{"@type":"PropertyValueSpecification","valueRequired":true,"valueName":"search_term_string"}}],"inLanguage":"en-US"},{"@type":["Organization","Place","SportingGoodsStore"],"@id":"https:\/\/bolting.eu\/en\/#organization","name":"bolting.eu","url":"https:\/\/bolting.eu\/en\/","logo":{"@id":"https:\/\/bolting.eu\/en\/shop\/kong-fifi\/#local-main-organization-logo"},"image":{"@id":"https:\/\/bolting.eu\/en\/shop\/kong-fifi\/#local-main-organization-logo"},"sameAs":["https:\/\/www.facebook.com\/bolting.eu","https:\/\/www.instagram.com\/bolting.eu\/"],"address":{"@id":"https:\/\/bolting.eu\/en\/shop\/kong-fifi\/#local-main-place-address"},"geo":{"@type":"GeoCoordinates","latitude":"47.264176340396226","longitude":"11.380109057672346"},"telephone":["+43 699 19083372"],"openingHoursSpecification":[{"@type":"OpeningHoursSpecification","dayOfWeek":["Monday","Wednesday","Friday"],"opens":"14:00","closes":"18:00"},{"@type":"OpeningHoursSpecification","dayOfWeek":["Tuesday","Thursday","Saturday","Sunday"],"opens":"00:00","closes":"00:00"}],"email":"office@bolting.eu","vatID":"ATU59999728","priceRange":"$$","currenciesAccepted":"Euro"},{"@type":"PostalAddress","@id":"https:\/\/bolting.eu\/en\/shop\/kong-fifi\/#local-main-place-address","streetAddress":"Fischnalerstra\u00dfe 4","addressLocality":"Innsbruck","postalCode":"6020","addressRegion":"Tirol","addressCountry":"AT"},{"@type":"ImageObject","inLanguage":"en-US","@id":"https:\/\/bolting.eu\/en\/shop\/kong-fifi\/#local-main-organization-logo","url":"https:\/\/bolting.eu\/wp-content\/uploads\/2019\/09\/bolting-logo.png","contentUrl":"https:\/\/bolting.eu\/wp-content\/uploads\/2019\/09\/bolting-logo.png","width":400,"height":211,"caption":"bolting.eu"}]},"product_price_amount":"7.90","product_price_currency":"EUR","og_availability":"out of stock","product_availability":"out of stock","product_retailer_item_id":"803010Z00KK","product_condition":"new","geo.placename":"Innsbruck","geo.position":{"lat":"47.264176340396226","long":"11.380109057672346"},"geo.region":"Austria"},"_links":{"self":[{"href":"https:\/\/bolting.eu\/en\/wp-json\/wp\/v2\/product\/2219","targetHints":{"allow":["GET"]}}],"collection":[{"href":"https:\/\/bolting.eu\/en\/wp-json\/wp\/v2\/product"}],"about":[{"href":"https:\/\/bolting.eu\/en\/wp-json\/wp\/v2\/types\/product"}],"replies":[{"embeddable":true,"href":"https:\/\/bolting.eu\/en\/wp-json\/wp\/v2\/comments?post=2219"}],"wp:featuredmedia":[{"embeddable":true,"href":"https:\/\/bolting.eu\/en\/wp-json\/wp\/v2\/media\/2220"}],"wp:attachment":[{"href":"https:\/\/bolting.eu\/en\/wp-json\/wp\/v2\/media?parent=2219"}],"wp:term":[{"taxonomy":"product_brand","embeddable":true,"href":"https:\/\/bolting.eu\/en\/wp-json\/wp\/v2\/product_brand?post=2219"},{"taxonomy":"product_cat","embeddable":true,"href":"https:\/\/bolting.eu\/en\/wp-json\/wp\/v2\/product_cat?post=2219"},{"taxonomy":"product_tag","embeddable":true,"href":"https:\/\/bolting.eu\/en\/wp-json\/wp\/v2\/product_tag?post=2219"}],"curies":[{"name":"wp","href":"https:\/\/api.w.org\/{rel}","templated":true}]}}