{"id":22170,"date":"2024-12-12T09:42:47","date_gmt":"2024-12-12T08:42:47","guid":{"rendered":"https:\/\/bolting.eu\/?post_type=product&#038;p=22170"},"modified":"2025-07-29T12:52:57","modified_gmt":"2025-07-29T10:52:57","slug":"black-diamond-oz-carabiner-rackpack","status":"publish","type":"product","link":"https:\/\/bolting.eu\/en\/shop\/black-diamond-oz-carabiner-rackpack\/","title":{"rendered":"Black Diamond OZ Carabiner Rackpack"},"content":{"rendered":"<p>Dieses farbcodierte Black Diamond OZ Carabiner Rackpack Set ist f\u00fcr Friends-Klemmger\u00e4te gedacht. Denn es enth\u00e4lt sechs Karabiner in den klassischen Farben der <a href=\"https:\/\/bolting.eu\/shop\/black-diamond-camalots\/\">C4 Camalot<\/a> bzw. <a href=\"https:\/\/bolting.eu\/shop\/black-diamond-camalot-ultralight\/\">C4 Camalot Ultralight<\/a> Gr\u00f6\u00dfen von #0.4 bis #3.<\/p>\n<p>Zum einen passen also die Farben genau zu den Gr\u00f6\u00dfen. Zum anderen sind die Karabiner extrem leicht. Zudem haben sie den patentierten HoodWire Verschluss. D.h. eine Mischung aus Keylock und WireGate. Dieser extrem leicht g\u00e4ngige Verschluss ist das Hauptmerkmal dieser Schnappkarabiner.<\/p>\n<p>Fazit. Eine sehr gute Wahl zum Ausstatten eures Friends Rack!<\/p>\n<h2>Eigenschaften OZ Carabiner Rackpack Set<\/h2>\n<ul>\n<li>Hersteller: <a href=\"https:\/\/bolting.eu\/produkt-kategorie\/black-diamond\/\">Black Diamond<\/a><\/li>\n<li>6 hei\u00df geschmiedete OZ Karabiner<\/li>\n<li>Farben: grau, violett, gr\u00fcn, rot, gelb, blau<\/li>\n<li>Material: Alu Legierung, Edelstahl (HoodWire)<\/li>\n<li>Gewicht: 28 Gramm<\/li>\n<li>Breite Schnapper\u00f6ffnung: 22mm<\/li>\n<li>Verschluss: HoodWire<\/li>\n<li>Gr\u00f6\u00dfe: 85 x 53mm<\/li>\n<li>Normen: <a href=\"https:\/\/bolting.eu\/en-12275-norm\/\">En 122275<\/a><\/li>\n<li><a href=\"https:\/\/bolting.eu\/bruchlast-karabiner\/\">Bruchlast Karabiner<\/a> l\u00e4ngs &#8211; quer &#8211; offen: 20kn &#8211; 7kn &#8211; 7kn<\/li>\n<li><a href=\"https:\/\/www.blackdiamondequipment.com\/de_EU\/product\/litewire-carabiner\/?colorid=2525#:~:text=Product%20Instructions%20%2D%20REGULATION%20Carabiner%20Quickdraw%20Instructions\" target=\"_blank\" rel=\"noopener\">Bedienungsanleitung<\/a><\/li>\n<\/ul>\n<h3>HoodWire Verschluss<\/h3>\n<p>Bei den OZ Carabiner f\u00fcr das Rackpack handelt es sich um einen hei\u00df geschmiedeten Karabiner. Der Grundrahmen ist der selbe wie bei den <a href=\"https:\/\/bolting.eu\/shop\/black-diamond-miniwire-rackpack\/\">MiniWires<\/a>.<\/p>\n<p>D.h. ein \u00e4u\u00dferst widerstandsf\u00e4higes H-Profil mit extrem wenig Gewicht. M\u00f6glich macht das &#8211; vereinfacht gesagt &#8211; das Erhitzen von sowohl Material als auch Press-Werkzeugen.<\/p>\n<p>Auf den Rahmen wird dann der HoodWire Verschluss angebracht. Dieser definiert diese Karabiner. Denn er ist extrem leichtg\u00e4ngig. Im Vergleich zu den normalen WireGates l\u00e4sst er sich mit deutlich weniger Druck \u00f6ffnen.<\/p>\n<p>&nbsp;<\/p>\n<p><a href=\"https:\/\/bolting.eu\/wp-content\/uploads\/2024\/12\/BD-HoodWire-Verschluss.jpg\"><img loading=\"lazy\" decoding=\"async\" class=\"alignnone wp-image-22171 size-medium\" src=\"https:\/\/bolting.eu\/wp-content\/uploads\/2024\/12\/BD-HoodWire-Verschluss-400x400.jpg\" alt=\"HoodWire Verschluss der Black Diamond OZ Karabiner im Detail.\" width=\"400\" height=\"400\" srcset=\"https:\/\/bolting.eu\/wp-content\/uploads\/2024\/12\/BD-HoodWire-Verschluss-400x400.jpg 400w, https:\/\/bolting.eu\/wp-content\/uploads\/2024\/12\/BD-HoodWire-Verschluss-280x280.jpg 280w, https:\/\/bolting.eu\/wp-content\/uploads\/2024\/12\/BD-HoodWire-Verschluss-247x247.jpg 247w, https:\/\/bolting.eu\/wp-content\/uploads\/2024\/12\/BD-HoodWire-Verschluss-510x510.jpg 510w, https:\/\/bolting.eu\/wp-content\/uploads\/2024\/12\/BD-HoodWire-Verschluss-100x100.jpg 100w, https:\/\/bolting.eu\/wp-content\/uploads\/2024\/12\/BD-HoodWire-Verschluss.jpg 700w\" sizes=\"auto, (max-width: 400px) 100vw, 400px\" \/><\/a><\/p>\n<h3>Klein!<\/h3>\n<p>Die Rackpack OZ Carabiner sind sehr klein. Das solltet ihr beachten!<\/p>\n<p>Denn wer sehr gro\u00dfe und dicke Finger hat, k\u00f6nnte sich damit schwer tun. Ebenso ist die Bedienung bei kalten Fingern bzw. mit <a href=\"https:\/\/bolting.eu\/produkt-kategorie\/kletterausruestung\/kletterhandschuhe\/\">Kletterhandschuhen<\/a> nicht immer einfach.<\/p>\n<p>Ein Einh\u00e4ngen z.B. am <a href=\"https:\/\/bolting.eu\/produkt-kategorie\/kletterausruestung\/klettergurte\/\">Klettergurt<\/a> oder an <a href=\"https:\/\/bolting.eu\/produkt-kategorie\/kletterausruestung\/bandschlinge\/\">Bandschlingen<\/a> kann dann nervig werden&#8230;<\/p>\n<p>Wer also gr\u00f6\u00dfere Schnapper Sets sucht, dem empfehlen wir das <a href=\"https:\/\/bolting.eu\/shop\/camp-dyon-rack-pack\/\">Dyon Set<\/a> oder die <a href=\"https:\/\/bolting.eu\/shop\/black-diamond-litewire-rackpack\/\">LiteWire Set<\/a>.<\/p>\n<p>&nbsp;<\/p>\n","protected":false},"excerpt":{"rendered":"<p>Set aus sechs hei\u00df geschmiedeten Karabinern. Sehr klein und extrem leicht. Was dieses Modell auszeichnet, ist der extrem leichtg\u00e4ngige HoodWire Verschluss.<\/p>\n<p>Ideal f\u00fcr alle, die entweder auf geringstes Gewicht bzw. leichtes Klippen schauen.<\/p>\n<p>Versandkostenfrei bis 2kg in <img decoding=\"async\" class=\"emoji\" role=\"img\" draggable=\"false\" src=\"https:\/\/s.w.org\/images\/core\/emoji\/14.0.0\/svg\/1f1e6-1f1f9.svg\" alt=\"\ud83c\udde6\ud83c\uddf9\" \/> ab \u20ac 100,- und <img decoding=\"async\" class=\"emoji\" role=\"img\" draggable=\"false\" src=\"https:\/\/s.w.org\/images\/core\/emoji\/14.0.0\/svg\/1f1e9-1f1ea.svg\" alt=\"\ud83c\udde9\ud83c\uddea\" \/> ab \u20ac 200,-!<\/p>\n","protected":false},"featured_media":22173,"comment_status":"closed","ping_status":"closed","template":"","meta":[],"product_brand":[],"product_cat":[44,3004,4658,29],"product_tag":[],"class_list":{"0":"post-22170","1":"product","2":"type-product","3":"status-publish","4":"has-post-thumbnail","6":"product_cat-kletterkarabiner","7":"product_cat-schnappkarabiner","8":"product_cat-black-diamond","9":"product_cat-kletterausruestung","11":"first","12":"instock","13":"sale","14":"taxable","15":"shipping-taxable","16":"purchasable","17":"product-type-simple"},"yoast_head":"<!-- This site is optimized with the Yoast SEO Premium plugin v26.9 (Yoast SEO v26.9) - https:\/\/yoast.com\/product\/yoast-seo-premium-wordpress\/ -->\n<title>Black Diamond OZ Carabiner Rackpack | bolting.eu<\/title>\n<meta name=\"description\" content=\"Black Diamond OZ Carabiner Rackpack beim Kletterprofi kaufen \u2705 Trusted Shop \u2705 kostenloser Versand* \u2705 14 Tage R\u00fcckgaberecht \u2705 Co2 neutrale Zustellung\" \/>\n<meta name=\"robots\" content=\"index, follow, max-snippet:-1, max-image-preview:large, max-video-preview:-1\" \/>\n<link rel=\"canonical\" href=\"https:\/\/bolting.eu\/en\/shop\/black-diamond-oz-carabiner-rackpack\/\" \/>\n<meta property=\"og:locale\" content=\"en_US\" \/>\n<meta property=\"og:type\" content=\"article\" \/>\n<meta property=\"og:title\" content=\"Black Diamond OZ Carabiner Rackpack\" \/>\n<meta property=\"og:description\" content=\"Black Diamond OZ Carabiner Rackpack beim Kletterprofi kaufen \u2705 Trusted Shop \u2705 kostenloser Versand* \u2705 14 Tage R\u00fcckgaberecht \u2705 Co2 neutrale Zustellung\" \/>\n<meta property=\"og:url\" content=\"https:\/\/bolting.eu\/en\/shop\/black-diamond-oz-carabiner-rackpack\/\" \/>\n<meta property=\"og:site_name\" content=\"bolting.eu\" \/>\n<meta property=\"article:publisher\" content=\"https:\/\/www.facebook.com\/bolting.eu\" \/>\n<meta property=\"article:modified_time\" content=\"2025-07-29T10:52:57+00:00\" \/>\n<meta property=\"og:image\" content=\"https:\/\/bolting.eu\/wp-content\/uploads\/2024\/12\/BD-OZ-Rackpack-1.jpg\" \/>\n\t<meta property=\"og:image:width\" content=\"700\" \/>\n\t<meta property=\"og:image:height\" content=\"700\" \/>\n\t<meta property=\"og:image:type\" content=\"image\/jpeg\" \/>\n<meta name=\"twitter:card\" content=\"summary_large_image\" \/>\n<meta name=\"twitter:label1\" content=\"Price\" \/>\n\t<meta name=\"twitter:data1\" content=\"&euro;&nbsp;81,00\" \/>\n\t<meta name=\"twitter:label2\" content=\"Availability\" \/>\n\t<meta name=\"twitter:data2\" content=\"In stock\" \/>\n<script type=\"application\/ld+json\" class=\"yoast-schema-graph\">{\"@context\":\"https:\/\/schema.org\",\"@graph\":[{\"@type\":[\"WebPage\",\"ItemPage\"],\"@id\":\"https:\/\/bolting.eu\/en\/shop\/black-diamond-oz-carabiner-rackpack\/\",\"url\":\"https:\/\/bolting.eu\/en\/shop\/black-diamond-oz-carabiner-rackpack\/\",\"name\":\"Black Diamond OZ Carabiner Rackpack | bolting.eu\",\"isPartOf\":{\"@id\":\"https:\/\/bolting.eu\/en\/#website\"},\"primaryImageOfPage\":{\"@id\":\"https:\/\/bolting.eu\/en\/shop\/black-diamond-oz-carabiner-rackpack\/#primaryimage\"},\"image\":{\"@id\":\"https:\/\/bolting.eu\/en\/shop\/black-diamond-oz-carabiner-rackpack\/#primaryimage\"},\"thumbnailUrl\":\"https:\/\/bolting.eu\/wp-content\/uploads\/2024\/12\/BD-OZ-Rackpack-1.jpg\",\"datePublished\":\"2024-12-12T08:42:47+00:00\",\"dateModified\":\"2025-07-29T10:52:57+00:00\",\"description\":\"Black Diamond OZ Carabiner Rackpack beim Kletterprofi kaufen \u2705 Trusted Shop \u2705 kostenloser Versand* \u2705 14 Tage R\u00fcckgaberecht \u2705 Co2 neutrale Zustellung\",\"breadcrumb\":{\"@id\":\"https:\/\/bolting.eu\/en\/shop\/black-diamond-oz-carabiner-rackpack\/#breadcrumb\"},\"inLanguage\":\"en-US\",\"potentialAction\":[{\"@type\":\"ReadAction\",\"target\":[\"https:\/\/bolting.eu\/en\/shop\/black-diamond-oz-carabiner-rackpack\/\"]}]},{\"@type\":\"ImageObject\",\"inLanguage\":\"en-US\",\"@id\":\"https:\/\/bolting.eu\/en\/shop\/black-diamond-oz-carabiner-rackpack\/#primaryimage\",\"url\":\"https:\/\/bolting.eu\/wp-content\/uploads\/2024\/12\/BD-OZ-Rackpack-1.jpg\",\"contentUrl\":\"https:\/\/bolting.eu\/wp-content\/uploads\/2024\/12\/BD-OZ-Rackpack-1.jpg\",\"width\":700,\"height\":700,\"caption\":\"Black Diamond OZ Carabiner Rackpack mit schwarzem Karton und sechs bunten Schnappkarabinern.\"},{\"@type\":\"BreadcrumbList\",\"@id\":\"https:\/\/bolting.eu\/en\/shop\/black-diamond-oz-carabiner-rackpack\/#breadcrumb\",\"itemListElement\":[{\"@type\":\"ListItem\",\"position\":1,\"name\":\"Shop\",\"item\":\"https:\/\/bolting.eu\/en\/shop\/\"},{\"@type\":\"ListItem\",\"position\":2,\"name\":\"climbing equipment\",\"item\":\"https:\/\/bolting.eu\/en\/produkt-kategorie\/climbing-equipment\/\"},{\"@type\":\"ListItem\",\"position\":3,\"name\":\"Climbing carabiner\",\"item\":\"https:\/\/bolting.eu\/en\/produkt-kategorie\/climbing-carabiner\/\"},{\"@type\":\"ListItem\",\"position\":4,\"name\":\"snapgate carabiner\",\"item\":\"https:\/\/bolting.eu\/en\/produkt-kategorie\/snapgate-carabiner\/\"},{\"@type\":\"ListItem\",\"position\":5,\"name\":\"Black Diamond OZ Carabiner Rackpack\"}]},{\"@type\":\"WebSite\",\"@id\":\"https:\/\/bolting.eu\/en\/#website\",\"url\":\"https:\/\/bolting.eu\/en\/\",\"name\":\"bolting.eu\",\"description\":\"we make climbs happen\",\"publisher\":{\"@id\":\"https:\/\/bolting.eu\/en\/#organization\"},\"potentialAction\":[{\"@type\":\"SearchAction\",\"target\":{\"@type\":\"EntryPoint\",\"urlTemplate\":\"https:\/\/bolting.eu\/en\/?s={search_term_string}\"},\"query-input\":{\"@type\":\"PropertyValueSpecification\",\"valueRequired\":true,\"valueName\":\"search_term_string\"}}],\"inLanguage\":\"en-US\"},{\"@type\":[\"Organization\",\"Place\",\"SportingGoodsStore\"],\"@id\":\"https:\/\/bolting.eu\/en\/#organization\",\"name\":\"bolting.eu\",\"url\":\"https:\/\/bolting.eu\/en\/\",\"logo\":{\"@id\":\"https:\/\/bolting.eu\/en\/shop\/black-diamond-oz-carabiner-rackpack\/#local-main-organization-logo\"},\"image\":{\"@id\":\"https:\/\/bolting.eu\/en\/shop\/black-diamond-oz-carabiner-rackpack\/#local-main-organization-logo\"},\"sameAs\":[\"https:\/\/www.facebook.com\/bolting.eu\",\"https:\/\/www.instagram.com\/bolting.eu\/\"],\"address\":{\"@id\":\"https:\/\/bolting.eu\/en\/shop\/black-diamond-oz-carabiner-rackpack\/#local-main-place-address\"},\"geo\":{\"@type\":\"GeoCoordinates\",\"latitude\":\"47.264176340396226\",\"longitude\":\"11.380109057672346\"},\"telephone\":[\"+43 699 19083372\"],\"openingHoursSpecification\":[{\"@type\":\"OpeningHoursSpecification\",\"dayOfWeek\":[\"Monday\",\"Wednesday\",\"Friday\"],\"opens\":\"14:00\",\"closes\":\"18:00\"},{\"@type\":\"OpeningHoursSpecification\",\"dayOfWeek\":[\"Tuesday\",\"Thursday\",\"Saturday\",\"Sunday\"],\"opens\":\"00:00\",\"closes\":\"00:00\"}],\"email\":\"office@bolting.eu\",\"vatID\":\"ATU59999728\",\"priceRange\":\"$$\",\"currenciesAccepted\":\"Euro\"},{\"@type\":\"PostalAddress\",\"@id\":\"https:\/\/bolting.eu\/en\/shop\/black-diamond-oz-carabiner-rackpack\/#local-main-place-address\",\"streetAddress\":\"Fischnalerstra\u00dfe 4\",\"addressLocality\":\"Innsbruck\",\"postalCode\":\"6020\",\"addressRegion\":\"Tirol\",\"addressCountry\":\"AT\"},{\"@type\":\"ImageObject\",\"inLanguage\":\"en-US\",\"@id\":\"https:\/\/bolting.eu\/en\/shop\/black-diamond-oz-carabiner-rackpack\/#local-main-organization-logo\",\"url\":\"https:\/\/bolting.eu\/wp-content\/uploads\/2019\/09\/bolting-logo.png\",\"contentUrl\":\"https:\/\/bolting.eu\/wp-content\/uploads\/2019\/09\/bolting-logo.png\",\"width\":400,\"height\":211,\"caption\":\"bolting.eu\"}]}<\/script>\n<meta property=\"product:price:amount\" content=\"81.00\" \/>\n<meta property=\"product:price:currency\" content=\"EUR\" \/>\n<meta property=\"og:availability\" content=\"instock\" \/>\n<meta property=\"product:availability\" content=\"instock\" \/>\n<meta property=\"product:retailer_item_id\" content=\"BD3810550000ALL1\" \/>\n<meta property=\"product:condition\" content=\"new\" \/>\n<meta name=\"geo.placename\" content=\"Innsbruck\" \/>\n<meta name=\"geo.position\" content=\"47.264176340396226;11.380109057672346\" \/>\n<meta name=\"geo.region\" content=\"Austria\" \/>\n<!-- \/ Yoast SEO Premium plugin. -->","yoast_head_json":{"title":"Black Diamond OZ Carabiner Rackpack | bolting.eu","description":"Black Diamond OZ Carabiner Rackpack beim Kletterprofi kaufen \u2705 Trusted Shop \u2705 kostenloser Versand* \u2705 14 Tage R\u00fcckgaberecht \u2705 Co2 neutrale Zustellung","robots":{"index":"index","follow":"follow","max-snippet":"max-snippet:-1","max-image-preview":"max-image-preview:large","max-video-preview":"max-video-preview:-1"},"canonical":"https:\/\/bolting.eu\/en\/shop\/black-diamond-oz-carabiner-rackpack\/","og_locale":"en_US","og_type":"article","og_title":"Black Diamond OZ Carabiner Rackpack","og_description":"Black Diamond OZ Carabiner Rackpack beim Kletterprofi kaufen \u2705 Trusted Shop \u2705 kostenloser Versand* \u2705 14 Tage R\u00fcckgaberecht \u2705 Co2 neutrale Zustellung","og_url":"https:\/\/bolting.eu\/en\/shop\/black-diamond-oz-carabiner-rackpack\/","og_site_name":"bolting.eu","article_publisher":"https:\/\/www.facebook.com\/bolting.eu","article_modified_time":"2025-07-29T10:52:57+00:00","og_image":[{"width":700,"height":700,"url":"https:\/\/bolting.eu\/wp-content\/uploads\/2024\/12\/BD-OZ-Rackpack-1.jpg","type":"image\/jpeg"}],"twitter_card":"summary_large_image","twitter_misc":{"Price":"&euro;&nbsp;81,00","Availability":"In stock"},"schema":{"@context":"https:\/\/schema.org","@graph":[{"@type":["WebPage","ItemPage"],"@id":"https:\/\/bolting.eu\/en\/shop\/black-diamond-oz-carabiner-rackpack\/","url":"https:\/\/bolting.eu\/en\/shop\/black-diamond-oz-carabiner-rackpack\/","name":"Black Diamond OZ Carabiner Rackpack | bolting.eu","isPartOf":{"@id":"https:\/\/bolting.eu\/en\/#website"},"primaryImageOfPage":{"@id":"https:\/\/bolting.eu\/en\/shop\/black-diamond-oz-carabiner-rackpack\/#primaryimage"},"image":{"@id":"https:\/\/bolting.eu\/en\/shop\/black-diamond-oz-carabiner-rackpack\/#primaryimage"},"thumbnailUrl":"https:\/\/bolting.eu\/wp-content\/uploads\/2024\/12\/BD-OZ-Rackpack-1.jpg","datePublished":"2024-12-12T08:42:47+00:00","dateModified":"2025-07-29T10:52:57+00:00","description":"Black Diamond OZ Carabiner Rackpack beim Kletterprofi kaufen \u2705 Trusted Shop \u2705 kostenloser Versand* \u2705 14 Tage R\u00fcckgaberecht \u2705 Co2 neutrale Zustellung","breadcrumb":{"@id":"https:\/\/bolting.eu\/en\/shop\/black-diamond-oz-carabiner-rackpack\/#breadcrumb"},"inLanguage":"en-US","potentialAction":[{"@type":"ReadAction","target":["https:\/\/bolting.eu\/en\/shop\/black-diamond-oz-carabiner-rackpack\/"]}]},{"@type":"ImageObject","inLanguage":"en-US","@id":"https:\/\/bolting.eu\/en\/shop\/black-diamond-oz-carabiner-rackpack\/#primaryimage","url":"https:\/\/bolting.eu\/wp-content\/uploads\/2024\/12\/BD-OZ-Rackpack-1.jpg","contentUrl":"https:\/\/bolting.eu\/wp-content\/uploads\/2024\/12\/BD-OZ-Rackpack-1.jpg","width":700,"height":700,"caption":"Black Diamond OZ Carabiner Rackpack mit schwarzem Karton und sechs bunten Schnappkarabinern."},{"@type":"BreadcrumbList","@id":"https:\/\/bolting.eu\/en\/shop\/black-diamond-oz-carabiner-rackpack\/#breadcrumb","itemListElement":[{"@type":"ListItem","position":1,"name":"Shop","item":"https:\/\/bolting.eu\/en\/shop\/"},{"@type":"ListItem","position":2,"name":"climbing equipment","item":"https:\/\/bolting.eu\/en\/produkt-kategorie\/climbing-equipment\/"},{"@type":"ListItem","position":3,"name":"Climbing carabiner","item":"https:\/\/bolting.eu\/en\/produkt-kategorie\/climbing-carabiner\/"},{"@type":"ListItem","position":4,"name":"snapgate carabiner","item":"https:\/\/bolting.eu\/en\/produkt-kategorie\/snapgate-carabiner\/"},{"@type":"ListItem","position":5,"name":"Black Diamond OZ Carabiner Rackpack"}]},{"@type":"WebSite","@id":"https:\/\/bolting.eu\/en\/#website","url":"https:\/\/bolting.eu\/en\/","name":"bolting.eu","description":"we make climbs happen","publisher":{"@id":"https:\/\/bolting.eu\/en\/#organization"},"potentialAction":[{"@type":"SearchAction","target":{"@type":"EntryPoint","urlTemplate":"https:\/\/bolting.eu\/en\/?s={search_term_string}"},"query-input":{"@type":"PropertyValueSpecification","valueRequired":true,"valueName":"search_term_string"}}],"inLanguage":"en-US"},{"@type":["Organization","Place","SportingGoodsStore"],"@id":"https:\/\/bolting.eu\/en\/#organization","name":"bolting.eu","url":"https:\/\/bolting.eu\/en\/","logo":{"@id":"https:\/\/bolting.eu\/en\/shop\/black-diamond-oz-carabiner-rackpack\/#local-main-organization-logo"},"image":{"@id":"https:\/\/bolting.eu\/en\/shop\/black-diamond-oz-carabiner-rackpack\/#local-main-organization-logo"},"sameAs":["https:\/\/www.facebook.com\/bolting.eu","https:\/\/www.instagram.com\/bolting.eu\/"],"address":{"@id":"https:\/\/bolting.eu\/en\/shop\/black-diamond-oz-carabiner-rackpack\/#local-main-place-address"},"geo":{"@type":"GeoCoordinates","latitude":"47.264176340396226","longitude":"11.380109057672346"},"telephone":["+43 699 19083372"],"openingHoursSpecification":[{"@type":"OpeningHoursSpecification","dayOfWeek":["Monday","Wednesday","Friday"],"opens":"14:00","closes":"18:00"},{"@type":"OpeningHoursSpecification","dayOfWeek":["Tuesday","Thursday","Saturday","Sunday"],"opens":"00:00","closes":"00:00"}],"email":"office@bolting.eu","vatID":"ATU59999728","priceRange":"$$","currenciesAccepted":"Euro"},{"@type":"PostalAddress","@id":"https:\/\/bolting.eu\/en\/shop\/black-diamond-oz-carabiner-rackpack\/#local-main-place-address","streetAddress":"Fischnalerstra\u00dfe 4","addressLocality":"Innsbruck","postalCode":"6020","addressRegion":"Tirol","addressCountry":"AT"},{"@type":"ImageObject","inLanguage":"en-US","@id":"https:\/\/bolting.eu\/en\/shop\/black-diamond-oz-carabiner-rackpack\/#local-main-organization-logo","url":"https:\/\/bolting.eu\/wp-content\/uploads\/2019\/09\/bolting-logo.png","contentUrl":"https:\/\/bolting.eu\/wp-content\/uploads\/2019\/09\/bolting-logo.png","width":400,"height":211,"caption":"bolting.eu"}]},"product_price_amount":"81.00","product_price_currency":"EUR","og_availability":"instock","product_availability":"instock","product_retailer_item_id":"BD3810550000ALL1","product_condition":"new","geo.placename":"Innsbruck","geo.position":{"lat":"47.264176340396226","long":"11.380109057672346"},"geo.region":"Austria"},"_links":{"self":[{"href":"https:\/\/bolting.eu\/en\/wp-json\/wp\/v2\/product\/22170","targetHints":{"allow":["GET"]}}],"collection":[{"href":"https:\/\/bolting.eu\/en\/wp-json\/wp\/v2\/product"}],"about":[{"href":"https:\/\/bolting.eu\/en\/wp-json\/wp\/v2\/types\/product"}],"replies":[{"embeddable":true,"href":"https:\/\/bolting.eu\/en\/wp-json\/wp\/v2\/comments?post=22170"}],"wp:featuredmedia":[{"embeddable":true,"href":"https:\/\/bolting.eu\/en\/wp-json\/wp\/v2\/media\/22173"}],"wp:attachment":[{"href":"https:\/\/bolting.eu\/en\/wp-json\/wp\/v2\/media?parent=22170"}],"wp:term":[{"taxonomy":"product_brand","embeddable":true,"href":"https:\/\/bolting.eu\/en\/wp-json\/wp\/v2\/product_brand?post=22170"},{"taxonomy":"product_cat","embeddable":true,"href":"https:\/\/bolting.eu\/en\/wp-json\/wp\/v2\/product_cat?post=22170"},{"taxonomy":"product_tag","embeddable":true,"href":"https:\/\/bolting.eu\/en\/wp-json\/wp\/v2\/product_tag?post=22170"}],"curies":[{"name":"wp","href":"https:\/\/api.w.org\/{rel}","templated":true}]}}