{"id":22053,"date":"2024-11-29T13:59:32","date_gmt":"2024-11-29T12:59:32","guid":{"rendered":"https:\/\/bolting.eu\/?post_type=product&#038;p=22053"},"modified":"2026-05-06T14:52:53","modified_gmt":"2026-05-06T12:52:53","slug":"petzl-newton-easyfit-europaeische-ausfuehrung","status":"publish","type":"product","link":"https:\/\/bolting.eu\/en\/shop\/petzl-newton-easyfit-europaeische-ausfuehrung\/","title":{"rendered":"Petzl Newton Easyfit &#8211; europ\u00e4ische Ausf\u00fchrung"},"content":{"rendered":"<p>Der Petzl Newton Easyfit ist ein schnell anzulegender Auffanggurt. Er ist ein sehr gutes Allround Modell mit diesen zwei Zusatzfeatures.<\/p>\n<p>Erstens die gepolsterten Schulter- und R\u00fcckenriemen bzw. Beinschlaufen. Und zweitens die beiden kleinen Fronttaschen. Folglich k\u00f6nnt ihr hier sowohl ein Handy als auch Zubeh\u00f6r wie z.B. Bandschlingen verstauen.<\/p>\n<p>Wie alle Modelle dieser Serie, ist es sehr gut mit den <a href=\"https:\/\/bolting.eu\/shop\/handschuhe-petzl-cordex\/\">Cordex Handschuhen<\/a> bedienbar.<\/p>\n<p>Fazit. Einerseits ein preiswertes Allround Modell. Andererseits sehr viel Komfort f\u00fcr einen Gurt dieser Preisklasse.<\/p>\n<h2>Eigenschaften <a href=\"https:\/\/bolting.eu\/produkt-kategorie\/petzl\/\">Petzl<\/a> Newton Easyfit &#8211; europ\u00e4ische Ausf\u00fchrung<\/h2>\n<ul>\n<li>Material: Polyamid, Aluminium, Kunststoff<\/li>\n<li>Gr\u00f6\u00dfen: Gr\u00f6\u00dfe 0 (160-180cm), Gr\u00f6\u00dfe 1 (165 \u2013 185cm) und Gr\u00f6\u00dfe 2 (175 \u2013 200cm)<\/li>\n<li>Gewicht: 1310 Gramm, 1370 Gramm,\u00a0 1420 Gramm<\/li>\n<li>Taillenumfang: 65-80cm, 70 \u2013 93cm bzw. 83 \u2013 120cm<\/li>\n<li>Beinschlaufen: 44-59cm, 47 \u2013 62cm bzw. 50 \u2013 65cm<\/li>\n<li>Normen: EN 316, EAC, UKCA, JSFAD<\/li>\n<li>europ\u00e4ische Ausf\u00fchrung mit einfacher Alu-R\u00fcckenaufh\u00e4ngung<\/li>\n<li>Farben: schwarz \u2013 gelb<\/li>\n<li>leicht zu bedienender, Allround Auffanggurt<\/li>\n<li>ergonomische Bauweise<\/li>\n<li>gepolsterte, atmungsaktive Schulter- und R\u00fcckenriemen<\/li>\n<li>zwei Fronttaschen mit RV<\/li>\n<li>zwei Materialschlaufen<\/li>\n<li>zwei Befestigungsm\u00f6glichkeiten f\u00fcr das Toolbag System<\/li>\n<li>Montagem\u00f6glichkeit des LIFT Rettungsb\u00fcgel<\/li>\n<li>vordere, textile Auffang\u00f6se auf Brusth\u00f6he f\u00fcr ein Auffangsystem wie z.B.\u00a0<a href=\"https:\/\/bolting.eu\/shop\/petzl-asapsorber\/\">Asapsober<\/a>\u00a0oder Verbindungsmittel wie z.B.\u00a0<a href=\"https:\/\/bolting.eu\/shop\/petzl-progress-adjust-y\/\">Progress Adjust<\/a><\/li>\n<li>r\u00fcckseitige Auffang\u00f6se aus Alu f\u00fcr ein Auffangsystem<\/li>\n<li>Fast LT Plus Schnalle am Brustriemen \u2013 kann gut z.B. mit\u00a0<a href=\"https:\/\/bolting.eu\/shop\/handschuhe-petzl-cordex\/\">Petzl Cordex Handschuhen<\/a>\u00a0ge\u00f6ffnet werden<\/li>\n<li>Beinschlaufen k\u00f6nnen ganz ge\u00f6ffnet werden \u2013 Einstieg mit angezogenen Schuhen<\/li>\n<li>Double Back Schnallen an Schulter- und Beinschlaufen<\/li>\n<li><a href=\"https:\/\/www.petzl.com\/sfc\/servlet.shepherd\/version\/download\/06868000004HaN8AAK\" target=\"_blank\" rel=\"noopener\">Bedienungsanleitung<\/a><\/li>\n<\/ul>\n<h3>Produktvideo<\/h3>\n<p><iframe loading=\"lazy\" title=\"NEWTON - ergonomischer, leichter Auffanggurt\" src=\"https:\/\/player.vimeo.com\/video\/486429318?dnt=1&amp;app_id=122963\" width=\"1020\" height=\"574\" frameborder=\"0\" allow=\"autoplay; fullscreen; picture-in-picture; clipboard-write; encrypted-media; web-share\" referrerpolicy=\"strict-origin-when-cross-origin\"><\/iframe><\/p>\n<p>&nbsp;<\/p>\n<h3>Allrounder mit viel Komfort<\/h3>\n<p>Der Newton Easyfit hat eine leichte und atmungsaktive Konstruktion. Somit beh\u00e4lt dieses Model seine Form. Zudem liegt es eng am K\u00f6rper. Dadurch bietet es viel Bewegungsfreiheit.<\/p>\n<p>Dar\u00fcber hinaus sind kritische Stellen gepolsteret. Erstens die Schulterriemen. Zweitens die R\u00fcckenriemen. Und drittens die Beinschlaufen.<\/p>\n<p>Insgesamt bekommt man hier viel Komfort f\u00fcr dieses Preislevel.<\/p>\n<h3>Schnelles An- und Auziehen<\/h3>\n<p>Der Newton Easyfit wird von Petzl f\u00fcr eine hohe Usability gebaut. Oder besser gesagt. Er l\u00e4sst sich mit angezogenen Schuhen anziehen.<\/p>\n<p>Hierzu findet ihr die Beinschlaufen mit Fast LT Schnallen vor. Damit braucht man nur einen einfachen &#8220;Klick&#8221;. Schon ist die schnalle geschlossen.<\/p>\n<p>Des weiteren ist eine Fast LT Plus Schnalle am Brustriemen installiert. Somit geht auch hier das Auf- und Zumachen &#8211; blitzschnell. Auch mit <a href=\"https:\/\/bolting.eu\/produkt-kategorie\/kletterausruestung\/kletterhandschuhe\/\">Kletterhandschuhen<\/a>!<\/p>\n<h2>Newton Easyfit &#8211; europ\u00e4ische Ausf\u00fchrung<\/h2>\n<p>Der Unterschied dieser Variante und dem internationalen Modell ist die r\u00fcckw\u00e4rtige Aufh\u00e4ngung.<\/p>\n<p>F\u00fcr die En 361 Norm reicht hier eine Alu \u00d6se. International hingegen wird eine zus\u00e4tzliche, textile Aufh\u00e4ngeschlaufe gefordert.<\/p>\n<p>Das ist der einzige Unterschied. Somit ist das hier angebotene Modell etwas einfacher und auch g\u00fcnstiger.<\/p>\n<p><a href=\"https:\/\/bolting.eu\/wp-content\/uploads\/2024\/11\/Newton-Easyfit-eu-intl.jpg\"><img loading=\"lazy\" decoding=\"async\" class=\"alignnone size-full wp-image-22060\" src=\"https:\/\/bolting.eu\/wp-content\/uploads\/2024\/11\/Newton-Easyfit-eu-intl.jpg\" alt=\"Vergleich Petzl Newton Easyfit Auffanggurt europ\u00e4ische und internationale Ausf\u00fchrung.\" width=\"1200\" height=\"600\" srcset=\"https:\/\/bolting.eu\/wp-content\/uploads\/2024\/11\/Newton-Easyfit-eu-intl.jpg 1200w, https:\/\/bolting.eu\/wp-content\/uploads\/2024\/11\/Newton-Easyfit-eu-intl-800x400.jpg 800w, https:\/\/bolting.eu\/wp-content\/uploads\/2024\/11\/Newton-Easyfit-eu-intl-768x384.jpg 768w, https:\/\/bolting.eu\/wp-content\/uploads\/2024\/11\/Newton-Easyfit-eu-intl-510x255.jpg 510w, https:\/\/bolting.eu\/wp-content\/uploads\/2024\/11\/Newton-Easyfit-eu-intl-100x50.jpg 100w\" sizes=\"auto, (max-width: 1200px) 100vw, 1200px\" \/><\/a><\/p>\n","protected":false},"excerpt":{"rendered":"<p>Gepolsterter Allround Auffanggurt in drei Gr\u00f6\u00dfen mit sehr gutem Preis-Leistungsverh\u00e4ltnis.<\/p>\n<p>Ideal f\u00fcr leichte Arbeiten im Seil sowie bei stehenden T\u00e4tigkeiten mit Absturzgefahr.<\/p>\n<p>Versandkostenfrei bis 2kg in\u00a0<img decoding=\"async\" class=\"emoji\" role=\"img\" draggable=\"false\" src=\"https:\/\/s.w.org\/images\/core\/emoji\/14.0.0\/svg\/1f1e6-1f1f9.svg\" alt=\"\ud83c\udde6\ud83c\uddf9\" \/>\u00a0ab \u20ac 100,- und\u00a0<img decoding=\"async\" class=\"emoji\" role=\"img\" draggable=\"false\" src=\"https:\/\/s.w.org\/images\/core\/emoji\/14.0.0\/svg\/1f1e9-1f1ea.svg\" alt=\"\ud83c\udde9\ud83c\uddea\" \/>\u00a0ab \u20ac 200,-!<\/p>\n","protected":false},"featured_media":22058,"comment_status":"closed","ping_status":"closed","template":"","meta":[],"product_brand":[],"product_cat":[14513,14689,14691,14093],"product_tag":[],"class_list":{"0":"post-22053","1":"product","2":"type-product","3":"status-publish","4":"has-post-thumbnail","6":"product_cat-industriekletter-ausruestung","7":"product_cat-industrieklettergurt","8":"product_cat-psa-gegen-absturz","9":"product_cat-petzl","11":"first","12":"instock","13":"sale","14":"taxable","15":"shipping-taxable","16":"purchasable","17":"product-type-variable"},"yoast_head":"<!-- This site is optimized with the Yoast SEO Premium plugin v26.9 (Yoast SEO v26.9) - https:\/\/yoast.com\/product\/yoast-seo-premium-wordpress\/ -->\n<title>Petzl Newton Easyfit - europ\u00e4ische Ausf\u00fchrung | bolting.eu<\/title>\n<meta name=\"description\" content=\"Petzl Newton Easyfit - europ\u00e4ische Ausf\u00fchrung beim Industriekletter Profi kaufen \u2705 Trusted Shop \u2705 kostenloser Versand* \u2705 14 Tage R\u00fcckgaberecht\" \/>\n<meta name=\"robots\" content=\"index, follow, max-snippet:-1, max-image-preview:large, max-video-preview:-1\" \/>\n<link rel=\"canonical\" href=\"https:\/\/bolting.eu\/en\/shop\/petzl-newton-easyfit-europaeische-ausfuehrung\/\" \/>\n<meta property=\"og:locale\" content=\"en_US\" \/>\n<meta property=\"og:type\" content=\"article\" \/>\n<meta property=\"og:title\" content=\"Petzl Newton Easyfit - europ\u00e4ische Ausf\u00fchrung\" \/>\n<meta property=\"og:description\" content=\"Petzl Newton Easyfit - europ\u00e4ische Ausf\u00fchrung beim Industriekletter Profi kaufen \u2705 Trusted Shop \u2705 kostenloser Versand* \u2705 14 Tage R\u00fcckgaberecht\" \/>\n<meta property=\"og:url\" content=\"https:\/\/bolting.eu\/en\/shop\/petzl-newton-easyfit-europaeische-ausfuehrung\/\" \/>\n<meta property=\"og:site_name\" content=\"bolting.eu\" \/>\n<meta property=\"article:publisher\" content=\"https:\/\/www.facebook.com\/bolting.eu\" \/>\n<meta property=\"article:modified_time\" content=\"2026-05-06T12:52:53+00:00\" \/>\n<meta property=\"og:image\" content=\"https:\/\/bolting.eu\/wp-content\/uploads\/2024\/11\/Newton-Easyfit-2.jpg\" \/>\n\t<meta property=\"og:image:width\" content=\"700\" \/>\n\t<meta property=\"og:image:height\" content=\"700\" \/>\n\t<meta property=\"og:image:type\" content=\"image\/jpeg\" \/>\n<meta name=\"twitter:card\" content=\"summary_large_image\" \/>\n<meta name=\"twitter:label1\" content=\"Availability\" \/>\n\t<meta name=\"twitter:data1\" content=\"In stock\" \/>\n<script type=\"application\/ld+json\" class=\"yoast-schema-graph\">{\"@context\":\"https:\/\/schema.org\",\"@graph\":[{\"@type\":[\"WebPage\",\"ItemPage\"],\"@id\":\"https:\/\/bolting.eu\/en\/shop\/petzl-newton-easyfit-europaeische-ausfuehrung\/\",\"url\":\"https:\/\/bolting.eu\/en\/shop\/petzl-newton-easyfit-europaeische-ausfuehrung\/\",\"name\":\"Petzl Newton Easyfit - europ\u00e4ische Ausf\u00fchrung | bolting.eu\",\"isPartOf\":{\"@id\":\"https:\/\/bolting.eu\/en\/#website\"},\"primaryImageOfPage\":{\"@id\":\"https:\/\/bolting.eu\/en\/shop\/petzl-newton-easyfit-europaeische-ausfuehrung\/#primaryimage\"},\"image\":{\"@id\":\"https:\/\/bolting.eu\/en\/shop\/petzl-newton-easyfit-europaeische-ausfuehrung\/#primaryimage\"},\"thumbnailUrl\":\"https:\/\/bolting.eu\/wp-content\/uploads\/2024\/11\/Newton-Easyfit-2.jpg\",\"datePublished\":\"2024-11-29T12:59:32+00:00\",\"dateModified\":\"2026-05-06T12:52:53+00:00\",\"description\":\"Petzl Newton Easyfit - europ\u00e4ische Ausf\u00fchrung beim Industriekletter Profi kaufen \u2705 Trusted Shop \u2705 kostenloser Versand* \u2705 14 Tage R\u00fcckgaberecht\",\"breadcrumb\":{\"@id\":\"https:\/\/bolting.eu\/en\/shop\/petzl-newton-easyfit-europaeische-ausfuehrung\/#breadcrumb\"},\"inLanguage\":\"en-US\",\"potentialAction\":[{\"@type\":\"ReadAction\",\"target\":[\"https:\/\/bolting.eu\/en\/shop\/petzl-newton-easyfit-europaeische-ausfuehrung\/\"]}]},{\"@type\":\"ImageObject\",\"inLanguage\":\"en-US\",\"@id\":\"https:\/\/bolting.eu\/en\/shop\/petzl-newton-easyfit-europaeische-ausfuehrung\/#primaryimage\",\"url\":\"https:\/\/bolting.eu\/wp-content\/uploads\/2024\/11\/Newton-Easyfit-2.jpg\",\"contentUrl\":\"https:\/\/bolting.eu\/wp-content\/uploads\/2024\/11\/Newton-Easyfit-2.jpg\",\"width\":700,\"height\":700,\"caption\":\"Gelb-schwarzer Petzl Newton Easyfit in europ\u00e4ischer Ausf\u00fchrung von der Vorderseite.\"},{\"@type\":\"BreadcrumbList\",\"@id\":\"https:\/\/bolting.eu\/en\/shop\/petzl-newton-easyfit-europaeische-ausfuehrung\/#breadcrumb\",\"itemListElement\":[{\"@type\":\"ListItem\",\"position\":1,\"name\":\"Shop\",\"item\":\"https:\/\/bolting.eu\/en\/shop\/\"},{\"@type\":\"ListItem\",\"position\":2,\"name\":\"Industrial climbing gear\",\"item\":\"https:\/\/bolting.eu\/en\/produkt-kategorie\/industrial-climbing-gear\/\"},{\"@type\":\"ListItem\",\"position\":3,\"name\":\"Industrieklettergurt\",\"item\":\"https:\/\/bolting.eu\/produkt-kategorie\/industriekletter-ausruestung\/industrieklettergurt\/\"},{\"@type\":\"ListItem\",\"position\":4,\"name\":\"Petzl Newton Easyfit &#8211; europ\u00e4ische Ausf\u00fchrung\"}]},{\"@type\":\"WebSite\",\"@id\":\"https:\/\/bolting.eu\/en\/#website\",\"url\":\"https:\/\/bolting.eu\/en\/\",\"name\":\"bolting.eu\",\"description\":\"we make climbs happen\",\"publisher\":{\"@id\":\"https:\/\/bolting.eu\/en\/#organization\"},\"potentialAction\":[{\"@type\":\"SearchAction\",\"target\":{\"@type\":\"EntryPoint\",\"urlTemplate\":\"https:\/\/bolting.eu\/en\/?s={search_term_string}\"},\"query-input\":{\"@type\":\"PropertyValueSpecification\",\"valueRequired\":true,\"valueName\":\"search_term_string\"}}],\"inLanguage\":\"en-US\"},{\"@type\":[\"Organization\",\"Place\",\"SportingGoodsStore\"],\"@id\":\"https:\/\/bolting.eu\/en\/#organization\",\"name\":\"bolting.eu\",\"url\":\"https:\/\/bolting.eu\/en\/\",\"logo\":{\"@id\":\"https:\/\/bolting.eu\/en\/shop\/petzl-newton-easyfit-europaeische-ausfuehrung\/#local-main-organization-logo\"},\"image\":{\"@id\":\"https:\/\/bolting.eu\/en\/shop\/petzl-newton-easyfit-europaeische-ausfuehrung\/#local-main-organization-logo\"},\"sameAs\":[\"https:\/\/www.facebook.com\/bolting.eu\",\"https:\/\/www.instagram.com\/bolting.eu\/\"],\"address\":{\"@id\":\"https:\/\/bolting.eu\/en\/shop\/petzl-newton-easyfit-europaeische-ausfuehrung\/#local-main-place-address\"},\"geo\":{\"@type\":\"GeoCoordinates\",\"latitude\":\"47.264176340396226\",\"longitude\":\"11.380109057672346\"},\"telephone\":[\"+43 699 19083372\"],\"openingHoursSpecification\":[{\"@type\":\"OpeningHoursSpecification\",\"dayOfWeek\":[\"Monday\",\"Wednesday\",\"Friday\"],\"opens\":\"14:00\",\"closes\":\"18:00\"},{\"@type\":\"OpeningHoursSpecification\",\"dayOfWeek\":[\"Tuesday\",\"Thursday\",\"Saturday\",\"Sunday\"],\"opens\":\"00:00\",\"closes\":\"00:00\"}],\"email\":\"office@bolting.eu\",\"vatID\":\"ATU59999728\",\"priceRange\":\"$$\",\"currenciesAccepted\":\"Euro\"},{\"@type\":\"PostalAddress\",\"@id\":\"https:\/\/bolting.eu\/en\/shop\/petzl-newton-easyfit-europaeische-ausfuehrung\/#local-main-place-address\",\"streetAddress\":\"Fischnalerstra\u00dfe 4\",\"addressLocality\":\"Innsbruck\",\"postalCode\":\"6020\",\"addressRegion\":\"Tirol\",\"addressCountry\":\"AT\"},{\"@type\":\"ImageObject\",\"inLanguage\":\"en-US\",\"@id\":\"https:\/\/bolting.eu\/en\/shop\/petzl-newton-easyfit-europaeische-ausfuehrung\/#local-main-organization-logo\",\"url\":\"https:\/\/bolting.eu\/wp-content\/uploads\/2019\/09\/bolting-logo.png\",\"contentUrl\":\"https:\/\/bolting.eu\/wp-content\/uploads\/2019\/09\/bolting-logo.png\",\"width\":400,\"height\":211,\"caption\":\"bolting.eu\"}]}<\/script>\n<meta property=\"og:video\" content=\"https:\/\/player.vimeo.com\/video\/486429318\" \/>\n<meta property=\"og:video:type\" content=\"text\/html\" \/>\n<meta property=\"og:video:duration\" content=\"115\" \/>\n<meta property=\"og:video:width\" content=\"1920\" \/>\n<meta property=\"og:video:height\" content=\"1080\" \/>\n<meta property=\"ya:ovs:adult\" content=\"false\" \/>\n<meta property=\"ya:ovs:upload_date\" content=\"2024-11-29T12:59:32+00:00\" \/>\n<meta property=\"ya:ovs:allow_embed\" content=\"true\" \/>\n<meta property=\"og:availability\" content=\"instock\" \/>\n<meta property=\"product:availability\" content=\"instock\" \/>\n<meta property=\"product:condition\" content=\"new\" \/>\n<meta name=\"geo.placename\" content=\"Innsbruck\" \/>\n<meta name=\"geo.position\" content=\"47.264176340396226;11.380109057672346\" \/>\n<meta name=\"geo.region\" content=\"Austria\" \/>\n<!-- \/ Yoast SEO Premium plugin. -->","yoast_head_json":{"title":"Petzl Newton Easyfit - europ\u00e4ische Ausf\u00fchrung | bolting.eu","description":"Petzl Newton Easyfit - europ\u00e4ische Ausf\u00fchrung beim Industriekletter Profi kaufen \u2705 Trusted Shop \u2705 kostenloser Versand* \u2705 14 Tage R\u00fcckgaberecht","robots":{"index":"index","follow":"follow","max-snippet":"max-snippet:-1","max-image-preview":"max-image-preview:large","max-video-preview":"max-video-preview:-1"},"canonical":"https:\/\/bolting.eu\/en\/shop\/petzl-newton-easyfit-europaeische-ausfuehrung\/","og_locale":"en_US","og_type":"article","og_title":"Petzl Newton Easyfit - europ\u00e4ische Ausf\u00fchrung","og_description":"Petzl Newton Easyfit - europ\u00e4ische Ausf\u00fchrung beim Industriekletter Profi kaufen \u2705 Trusted Shop \u2705 kostenloser Versand* \u2705 14 Tage R\u00fcckgaberecht","og_url":"https:\/\/bolting.eu\/en\/shop\/petzl-newton-easyfit-europaeische-ausfuehrung\/","og_site_name":"bolting.eu","article_publisher":"https:\/\/www.facebook.com\/bolting.eu","article_modified_time":"2026-05-06T12:52:53+00:00","og_image":[{"width":700,"height":700,"url":"https:\/\/bolting.eu\/wp-content\/uploads\/2024\/11\/Newton-Easyfit-2.jpg","type":"image\/jpeg"}],"twitter_card":"summary_large_image","twitter_misc":{"Availability":"In stock"},"schema":{"@context":"https:\/\/schema.org","@graph":[{"@type":["WebPage","ItemPage"],"@id":"https:\/\/bolting.eu\/en\/shop\/petzl-newton-easyfit-europaeische-ausfuehrung\/","url":"https:\/\/bolting.eu\/en\/shop\/petzl-newton-easyfit-europaeische-ausfuehrung\/","name":"Petzl Newton Easyfit - europ\u00e4ische Ausf\u00fchrung | bolting.eu","isPartOf":{"@id":"https:\/\/bolting.eu\/en\/#website"},"primaryImageOfPage":{"@id":"https:\/\/bolting.eu\/en\/shop\/petzl-newton-easyfit-europaeische-ausfuehrung\/#primaryimage"},"image":{"@id":"https:\/\/bolting.eu\/en\/shop\/petzl-newton-easyfit-europaeische-ausfuehrung\/#primaryimage"},"thumbnailUrl":"https:\/\/bolting.eu\/wp-content\/uploads\/2024\/11\/Newton-Easyfit-2.jpg","datePublished":"2024-11-29T12:59:32+00:00","dateModified":"2026-05-06T12:52:53+00:00","description":"Petzl Newton Easyfit - europ\u00e4ische Ausf\u00fchrung beim Industriekletter Profi kaufen \u2705 Trusted Shop \u2705 kostenloser Versand* \u2705 14 Tage R\u00fcckgaberecht","breadcrumb":{"@id":"https:\/\/bolting.eu\/en\/shop\/petzl-newton-easyfit-europaeische-ausfuehrung\/#breadcrumb"},"inLanguage":"en-US","potentialAction":[{"@type":"ReadAction","target":["https:\/\/bolting.eu\/en\/shop\/petzl-newton-easyfit-europaeische-ausfuehrung\/"]}]},{"@type":"ImageObject","inLanguage":"en-US","@id":"https:\/\/bolting.eu\/en\/shop\/petzl-newton-easyfit-europaeische-ausfuehrung\/#primaryimage","url":"https:\/\/bolting.eu\/wp-content\/uploads\/2024\/11\/Newton-Easyfit-2.jpg","contentUrl":"https:\/\/bolting.eu\/wp-content\/uploads\/2024\/11\/Newton-Easyfit-2.jpg","width":700,"height":700,"caption":"Gelb-schwarzer Petzl Newton Easyfit in europ\u00e4ischer Ausf\u00fchrung von der Vorderseite."},{"@type":"BreadcrumbList","@id":"https:\/\/bolting.eu\/en\/shop\/petzl-newton-easyfit-europaeische-ausfuehrung\/#breadcrumb","itemListElement":[{"@type":"ListItem","position":1,"name":"Shop","item":"https:\/\/bolting.eu\/en\/shop\/"},{"@type":"ListItem","position":2,"name":"Industrial climbing gear","item":"https:\/\/bolting.eu\/en\/produkt-kategorie\/industrial-climbing-gear\/"},{"@type":"ListItem","position":3,"name":"Industrieklettergurt","item":"https:\/\/bolting.eu\/produkt-kategorie\/industriekletter-ausruestung\/industrieklettergurt\/"},{"@type":"ListItem","position":4,"name":"Petzl Newton Easyfit &#8211; europ\u00e4ische Ausf\u00fchrung"}]},{"@type":"WebSite","@id":"https:\/\/bolting.eu\/en\/#website","url":"https:\/\/bolting.eu\/en\/","name":"bolting.eu","description":"we make climbs happen","publisher":{"@id":"https:\/\/bolting.eu\/en\/#organization"},"potentialAction":[{"@type":"SearchAction","target":{"@type":"EntryPoint","urlTemplate":"https:\/\/bolting.eu\/en\/?s={search_term_string}"},"query-input":{"@type":"PropertyValueSpecification","valueRequired":true,"valueName":"search_term_string"}}],"inLanguage":"en-US"},{"@type":["Organization","Place","SportingGoodsStore"],"@id":"https:\/\/bolting.eu\/en\/#organization","name":"bolting.eu","url":"https:\/\/bolting.eu\/en\/","logo":{"@id":"https:\/\/bolting.eu\/en\/shop\/petzl-newton-easyfit-europaeische-ausfuehrung\/#local-main-organization-logo"},"image":{"@id":"https:\/\/bolting.eu\/en\/shop\/petzl-newton-easyfit-europaeische-ausfuehrung\/#local-main-organization-logo"},"sameAs":["https:\/\/www.facebook.com\/bolting.eu","https:\/\/www.instagram.com\/bolting.eu\/"],"address":{"@id":"https:\/\/bolting.eu\/en\/shop\/petzl-newton-easyfit-europaeische-ausfuehrung\/#local-main-place-address"},"geo":{"@type":"GeoCoordinates","latitude":"47.264176340396226","longitude":"11.380109057672346"},"telephone":["+43 699 19083372"],"openingHoursSpecification":[{"@type":"OpeningHoursSpecification","dayOfWeek":["Monday","Wednesday","Friday"],"opens":"14:00","closes":"18:00"},{"@type":"OpeningHoursSpecification","dayOfWeek":["Tuesday","Thursday","Saturday","Sunday"],"opens":"00:00","closes":"00:00"}],"email":"office@bolting.eu","vatID":"ATU59999728","priceRange":"$$","currenciesAccepted":"Euro"},{"@type":"PostalAddress","@id":"https:\/\/bolting.eu\/en\/shop\/petzl-newton-easyfit-europaeische-ausfuehrung\/#local-main-place-address","streetAddress":"Fischnalerstra\u00dfe 4","addressLocality":"Innsbruck","postalCode":"6020","addressRegion":"Tirol","addressCountry":"AT"},{"@type":"ImageObject","inLanguage":"en-US","@id":"https:\/\/bolting.eu\/en\/shop\/petzl-newton-easyfit-europaeische-ausfuehrung\/#local-main-organization-logo","url":"https:\/\/bolting.eu\/wp-content\/uploads\/2019\/09\/bolting-logo.png","contentUrl":"https:\/\/bolting.eu\/wp-content\/uploads\/2019\/09\/bolting-logo.png","width":400,"height":211,"caption":"bolting.eu"}]},"og_video":"https:\/\/player.vimeo.com\/video\/486429318","og_video_type":"text\/html","og_video_duration":"115","og_video_width":"1920","og_video_height":"1080","ya_ovs_adult":"false","ya_ovs_upload_date":"2024-11-29T12:59:32+00:00","ya_ovs_allow_embed":"true","og_availability":"instock","product_availability":"instock","product_condition":"new","geo.placename":"Innsbruck","geo.position":{"lat":"47.264176340396226","long":"11.380109057672346"},"geo.region":"Austria"},"_links":{"self":[{"href":"https:\/\/bolting.eu\/en\/wp-json\/wp\/v2\/product\/22053","targetHints":{"allow":["GET"]}}],"collection":[{"href":"https:\/\/bolting.eu\/en\/wp-json\/wp\/v2\/product"}],"about":[{"href":"https:\/\/bolting.eu\/en\/wp-json\/wp\/v2\/types\/product"}],"replies":[{"embeddable":true,"href":"https:\/\/bolting.eu\/en\/wp-json\/wp\/v2\/comments?post=22053"}],"wp:featuredmedia":[{"embeddable":true,"href":"https:\/\/bolting.eu\/en\/wp-json\/wp\/v2\/media\/22058"}],"wp:attachment":[{"href":"https:\/\/bolting.eu\/en\/wp-json\/wp\/v2\/media?parent=22053"}],"wp:term":[{"taxonomy":"product_brand","embeddable":true,"href":"https:\/\/bolting.eu\/en\/wp-json\/wp\/v2\/product_brand?post=22053"},{"taxonomy":"product_cat","embeddable":true,"href":"https:\/\/bolting.eu\/en\/wp-json\/wp\/v2\/product_cat?post=22053"},{"taxonomy":"product_tag","embeddable":true,"href":"https:\/\/bolting.eu\/en\/wp-json\/wp\/v2\/product_tag?post=22053"}],"curies":[{"name":"wp","href":"https:\/\/api.w.org\/{rel}","templated":true}]}}