{"id":22044,"date":"2024-11-29T11:16:56","date_gmt":"2024-11-29T10:16:56","guid":{"rendered":"https:\/\/bolting.eu\/?post_type=product&#038;p=22044"},"modified":"2026-02-06T15:34:08","modified_gmt":"2026-02-06T14:34:08","slug":"petzl-newton-auffanggurt-europaeische-ausfuehrung","status":"publish","type":"product","link":"https:\/\/bolting.eu\/en\/shop\/petzl-newton-auffanggurt-europaeische-ausfuehrung\/","title":{"rendered":"Petzl Newton Auffanggurt &#8211; europ\u00e4ische Ausf\u00fchrung"},"content":{"rendered":"<p>Der <a href=\"https:\/\/bolting.eu\/produkt-kategorie\/petzl\/\">Petzl<\/a> Newton ist ein leichter Auffanggurt mit europ\u00e4ischer Ausf\u00fchrung. Er hat zwei gro\u00dfe Einsatzbereiche. Erstens kurz dauernde, frei h\u00e4ngende\u00a0 Arbeiten. Und zweitens alle Arbeiten im Stehen, wo eine Absturzgefahr besteht. Wie z.B. an D\u00e4chern, Leitern oder Br\u00fcstungen.<\/p>\n<p>Hierf\u00fcr hat der Gurt zum einen ein praktisches Design. Und zum anderen ist er leicht an- und auszuziehen.<\/p>\n<p>Abschlie\u00dfend hat er gute Basis Features. Wie z.B. zwei Aufh\u00e4ngepunkte, einfache Schnallen und Materialschlaufen. Zudem k\u00f6nnt ihr die die <a href=\"https:\/\/bolting.eu\/shop\/petzl-toolbag-werkzeugtasche\/\">Toolbags<\/a> leicht daran montieren.<\/p>\n<p>Diese Gurt Serie hat drei Modelle. Hier findet ihr das einfachste Basis Modell.<\/p>\n<p>Kurzum. Ein preiswerter Auffanggurt vom Weltmarktf\u00fchrer f\u00fcr viele Allround T\u00e4tigkeiten.<\/p>\n<h2>Eigenschaften Petzl Newton europ\u00e4ische Ausf\u00fchrung<\/h2>\n<ul>\n<li>Material: Polyamid, Aluminium, Kunststoff<\/li>\n<li>Gr\u00f6\u00dfen: Gr\u00f6\u00dfe 1 (165 &#8211; 185cm) und Gr\u00f6\u00dfe 2 (175 &#8211; 200cm)<\/li>\n<li>Gewicht: 900 bzw. 930 Gramm<\/li>\n<li>Taillenumfang: 70 &#8211; 93cm bzw. 83 &#8211; 120cm<\/li>\n<li>Beinschlaufen: 47 &#8211; 62cm bzw. 50 &#8211; 65cm<\/li>\n<li>Normen: EN 316, EAC, UKCA, JSFAD<\/li>\n<li>Farben: schwarz &#8211; gelb<\/li>\n<li>leicht zu bedienender, Allround Auffanggurt<\/li>\n<li>ergonomische Bauweise<\/li>\n<li>zwei Materialschlaufen<\/li>\n<li>zwei Befestigungsm\u00f6glichkeiten f\u00fcr das Toolbag System<\/li>\n<li>Montagem\u00f6glichkeit des LIFT Rettungsb\u00fcgel<\/li>\n<li>vordere, textile Auffang\u00f6se auf Brusth\u00f6he f\u00fcr ein Auffangsystem wie z.B. <a href=\"https:\/\/bolting.eu\/shop\/petzl-asapsorber\/\">Asapsober<\/a> oder Verbindungsmittel wie z.B. <a href=\"https:\/\/bolting.eu\/shop\/petzl-progress-adjust-y\/\">Progress Adjust<\/a><\/li>\n<li>r\u00fcckseitige Auffang\u00f6se aus Alu f\u00fcr ein Auffangsystem<\/li>\n<li>Fast LT Plus Schnalle am Brustriemen &#8211; kann gut z.B. mit <a href=\"https:\/\/bolting.eu\/shop\/handschuhe-petzl-cordex\/\">Petzl Cordex Handschuhen<\/a> ge\u00f6ffnet werden<\/li>\n<li>Beinschlaufen k\u00f6nnen ganz ge\u00f6ffnet werden &#8211; Einstieg mit angezogenen Schuhen<\/li>\n<li>Double Back Schnallen an Schulter- und Beinschlaufen<\/li>\n<li><a href=\"https:\/\/www.petzl.com\/sfc\/servlet.shepherd\/version\/download\/06868000004HaN8AAK\" target=\"_blank\" rel=\"noopener\">Bedienungsanleitung<\/a><\/li>\n<\/ul>\n<h3>Produktvideo<\/h3>\n<p><iframe loading=\"lazy\" title=\"NEWTON - ergonomischer, leichter Auffanggurt\" src=\"https:\/\/player.vimeo.com\/video\/486429318?dnt=1&amp;app_id=122963\" width=\"1020\" height=\"574\" frameborder=\"0\" allow=\"autoplay; fullscreen; picture-in-picture; clipboard-write; encrypted-media; web-share\" referrerpolicy=\"strict-origin-when-cross-origin\"><\/iframe><\/p>\n<h2>Basismodell<\/h2>\n<p>Dieser Newton Auffanggurt in der europ\u00e4ischen Ausf\u00fchrung ist das Basismodell dieser Petzl Serie.<\/p>\n<p>D.h. es ist sowohl das einfachste als auch preiswerteste Modell.<\/p>\n<p>Folglich zeichnet es sich durch seine einfache Bedienbarkeit aus. Somit verstehen auch unerfahrene Anwender sofort, wie er zu verwenden ist.<\/p>\n<p>Hierzu wurden alle Schnallen quasi selbsterkl\u00e4rend gestaltet. Zudem auch die verstellbaren B\u00e4nder an den Bein- und Schulterriemen.<\/p>\n<p>Fazit. Ein wirklich gut durchdachtes Allround Modell.<\/p>\n<h3>Newton Auffanggurt in europ\u00e4ische Ausf\u00fchrung<\/h3>\n<p>Die europ\u00e4ische Ausf\u00fchrung hat einen kleinen Unterschied zur internationalen Variante. N\u00e4mlich das dorsale Auffangsystem. Denn in Europa reicht eine Alu-\u00d6se aus. International muss diese mit einer textilen Schlaufe erg\u00e4nzt werden.<\/p>\n<p>Folglich ist die EU Ausf\u00fchrung also etwas simpler und g\u00fcnstiger.<\/p>\n<p><a href=\"https:\/\/bolting.eu\/wp-content\/uploads\/2024\/11\/Newton-europa-intl.jpg\"><img loading=\"lazy\" decoding=\"async\" class=\"alignnone size-full wp-image-22045\" src=\"https:\/\/bolting.eu\/wp-content\/uploads\/2024\/11\/Newton-europa-intl.jpg\" alt=\"Vergleich des Petzl Newton Auffanggurtes europ\u00e4ische und internationale Ausf\u00fchrung.\" width=\"1200\" height=\"600\" srcset=\"https:\/\/bolting.eu\/wp-content\/uploads\/2024\/11\/Newton-europa-intl.jpg 1200w, https:\/\/bolting.eu\/wp-content\/uploads\/2024\/11\/Newton-europa-intl-800x400.jpg 800w, https:\/\/bolting.eu\/wp-content\/uploads\/2024\/11\/Newton-europa-intl-768x384.jpg 768w, https:\/\/bolting.eu\/wp-content\/uploads\/2024\/11\/Newton-europa-intl-510x255.jpg 510w, https:\/\/bolting.eu\/wp-content\/uploads\/2024\/11\/Newton-europa-intl-100x50.jpg 100w\" sizes=\"auto, (max-width: 1200px) 100vw, 1200px\" \/><\/a><\/p>\n","protected":false},"excerpt":{"rendered":"<p>Einfacher und g\u00fcnstiger Allround Auffanggurt mit ausgewogenen Features.<\/p>\n<p>Ideal f\u00fcr kurze, frei h\u00e4ngende Arbeiten sowie alle T\u00e4tigkeiten im Stehen mit Absturzgefahr.<\/p>\n<p>Versandkostenfrei bis 2kg in <img decoding=\"async\" class=\"emoji\" role=\"img\" draggable=\"false\" src=\"https:\/\/s.w.org\/images\/core\/emoji\/14.0.0\/svg\/1f1e6-1f1f9.svg\" alt=\"\ud83c\udde6\ud83c\uddf9\" \/> ab \u20ac 100,- und <img decoding=\"async\" class=\"emoji\" role=\"img\" draggable=\"false\" src=\"https:\/\/s.w.org\/images\/core\/emoji\/14.0.0\/svg\/1f1e9-1f1ea.svg\" alt=\"\ud83c\udde9\ud83c\uddea\" \/> ab \u20ac 200,-!<\/p>\n<p>&nbsp;<\/p>\n","protected":false},"featured_media":22048,"comment_status":"closed","ping_status":"closed","template":"","meta":[],"product_brand":[],"product_cat":[14842,14689,14691,14795],"product_tag":[],"class_list":{"0":"post-22044","1":"product","2":"type-product","3":"status-publish","4":"has-post-thumbnail","6":"product_cat-industrial-climbing-gear","7":"product_cat-industrieklettergurt","8":"product_cat-psa-gegen-absturz","9":"product_cat-petzl-en","11":"first","12":"instock","13":"sale","14":"taxable","15":"shipping-taxable","16":"purchasable","17":"product-type-variable"},"yoast_head":"<!-- This site is optimized with the Yoast SEO Premium plugin v26.9 (Yoast SEO v26.9) - https:\/\/yoast.com\/product\/yoast-seo-premium-wordpress\/ -->\n<title>Petzl Newton Auffanggurt - europ\u00e4ische Ausf\u00fchrung | bolting.eu<\/title>\n<meta name=\"description\" content=\"Petzl Newton Auffanggurt europ\u00e4ische Ausf\u00fchrung beim Industriekletter Profi kaufen \u2705 Trusted Shop \u2705 kostenloser Versand* \u2705 14 Tage R\u00fcckgaberecht\" \/>\n<meta name=\"robots\" content=\"index, follow, max-snippet:-1, max-image-preview:large, max-video-preview:-1\" \/>\n<link rel=\"canonical\" href=\"https:\/\/bolting.eu\/en\/shop\/petzl-newton-auffanggurt-europaeische-ausfuehrung\/\" \/>\n<meta property=\"og:locale\" content=\"en_US\" \/>\n<meta property=\"og:type\" content=\"article\" \/>\n<meta property=\"og:title\" content=\"Petzl Newton Auffanggurt - europ\u00e4ische Ausf\u00fchrung\" \/>\n<meta property=\"og:description\" content=\"Petzl Newton Auffanggurt europ\u00e4ische Ausf\u00fchrung beim Industriekletter Profi kaufen \u2705 Trusted Shop \u2705 kostenloser Versand* \u2705 14 Tage R\u00fcckgaberecht\" \/>\n<meta property=\"og:url\" content=\"https:\/\/bolting.eu\/en\/shop\/petzl-newton-auffanggurt-europaeische-ausfuehrung\/\" \/>\n<meta property=\"og:site_name\" content=\"bolting.eu\" \/>\n<meta property=\"article:publisher\" content=\"https:\/\/www.facebook.com\/bolting.eu\" \/>\n<meta property=\"article:modified_time\" content=\"2026-02-06T14:34:08+00:00\" \/>\n<meta property=\"og:image\" content=\"https:\/\/bolting.eu\/wp-content\/uploads\/2024\/11\/Petzl-Newton-Europa-3.jpg\" \/>\n\t<meta property=\"og:image:width\" content=\"700\" \/>\n\t<meta property=\"og:image:height\" content=\"700\" \/>\n\t<meta property=\"og:image:type\" content=\"image\/jpeg\" \/>\n<meta name=\"twitter:card\" content=\"summary_large_image\" \/>\n<meta name=\"twitter:label1\" content=\"Availability\" \/>\n\t<meta name=\"twitter:data1\" content=\"In stock\" \/>\n<script type=\"application\/ld+json\" class=\"yoast-schema-graph\">{\"@context\":\"https:\/\/schema.org\",\"@graph\":[{\"@type\":[\"WebPage\",\"ItemPage\"],\"@id\":\"https:\/\/bolting.eu\/en\/shop\/petzl-newton-auffanggurt-europaeische-ausfuehrung\/\",\"url\":\"https:\/\/bolting.eu\/en\/shop\/petzl-newton-auffanggurt-europaeische-ausfuehrung\/\",\"name\":\"Petzl Newton Auffanggurt - europ\u00e4ische Ausf\u00fchrung | bolting.eu\",\"isPartOf\":{\"@id\":\"https:\/\/bolting.eu\/en\/#website\"},\"primaryImageOfPage\":{\"@id\":\"https:\/\/bolting.eu\/en\/shop\/petzl-newton-auffanggurt-europaeische-ausfuehrung\/#primaryimage\"},\"image\":{\"@id\":\"https:\/\/bolting.eu\/en\/shop\/petzl-newton-auffanggurt-europaeische-ausfuehrung\/#primaryimage\"},\"thumbnailUrl\":\"https:\/\/bolting.eu\/wp-content\/uploads\/2024\/11\/Petzl-Newton-Europa-3.jpg\",\"datePublished\":\"2024-11-29T10:16:56+00:00\",\"dateModified\":\"2026-02-06T14:34:08+00:00\",\"description\":\"Petzl Newton Auffanggurt europ\u00e4ische Ausf\u00fchrung beim Industriekletter Profi kaufen \u2705 Trusted Shop \u2705 kostenloser Versand* \u2705 14 Tage R\u00fcckgaberecht\",\"breadcrumb\":{\"@id\":\"https:\/\/bolting.eu\/en\/shop\/petzl-newton-auffanggurt-europaeische-ausfuehrung\/#breadcrumb\"},\"inLanguage\":\"en-US\",\"potentialAction\":[{\"@type\":\"ReadAction\",\"target\":[\"https:\/\/bolting.eu\/en\/shop\/petzl-newton-auffanggurt-europaeische-ausfuehrung\/\"]}]},{\"@type\":\"ImageObject\",\"inLanguage\":\"en-US\",\"@id\":\"https:\/\/bolting.eu\/en\/shop\/petzl-newton-auffanggurt-europaeische-ausfuehrung\/#primaryimage\",\"url\":\"https:\/\/bolting.eu\/wp-content\/uploads\/2024\/11\/Petzl-Newton-Europa-3.jpg\",\"contentUrl\":\"https:\/\/bolting.eu\/wp-content\/uploads\/2024\/11\/Petzl-Newton-Europa-3.jpg\",\"width\":700,\"height\":700,\"caption\":\"Gelb-schwarzer Petzl Newton Auffanggurt von der Vorderseite. Rechts oben, buntes bolting.eu Logo.\"},{\"@type\":\"BreadcrumbList\",\"@id\":\"https:\/\/bolting.eu\/en\/shop\/petzl-newton-auffanggurt-europaeische-ausfuehrung\/#breadcrumb\",\"itemListElement\":[{\"@type\":\"ListItem\",\"position\":1,\"name\":\"Shop\",\"item\":\"https:\/\/bolting.eu\/en\/shop\/\"},{\"@type\":\"ListItem\",\"position\":2,\"name\":\"Industrial climbing gear\",\"item\":\"https:\/\/bolting.eu\/en\/produkt-kategorie\/industrial-climbing-gear\/\"},{\"@type\":\"ListItem\",\"position\":3,\"name\":\"Industrieklettergurt\",\"item\":\"https:\/\/bolting.eu\/produkt-kategorie\/industriekletter-ausruestung\/industrieklettergurt\/\"},{\"@type\":\"ListItem\",\"position\":4,\"name\":\"Petzl Newton Auffanggurt &#8211; europ\u00e4ische Ausf\u00fchrung\"}]},{\"@type\":\"WebSite\",\"@id\":\"https:\/\/bolting.eu\/en\/#website\",\"url\":\"https:\/\/bolting.eu\/en\/\",\"name\":\"bolting.eu\",\"description\":\"we make climbs happen\",\"publisher\":{\"@id\":\"https:\/\/bolting.eu\/en\/#organization\"},\"potentialAction\":[{\"@type\":\"SearchAction\",\"target\":{\"@type\":\"EntryPoint\",\"urlTemplate\":\"https:\/\/bolting.eu\/en\/?s={search_term_string}\"},\"query-input\":{\"@type\":\"PropertyValueSpecification\",\"valueRequired\":true,\"valueName\":\"search_term_string\"}}],\"inLanguage\":\"en-US\"},{\"@type\":[\"Organization\",\"Place\",\"SportingGoodsStore\"],\"@id\":\"https:\/\/bolting.eu\/en\/#organization\",\"name\":\"bolting.eu\",\"url\":\"https:\/\/bolting.eu\/en\/\",\"logo\":{\"@id\":\"https:\/\/bolting.eu\/en\/shop\/petzl-newton-auffanggurt-europaeische-ausfuehrung\/#local-main-organization-logo\"},\"image\":{\"@id\":\"https:\/\/bolting.eu\/en\/shop\/petzl-newton-auffanggurt-europaeische-ausfuehrung\/#local-main-organization-logo\"},\"sameAs\":[\"https:\/\/www.facebook.com\/bolting.eu\",\"https:\/\/www.instagram.com\/bolting.eu\/\"],\"address\":{\"@id\":\"https:\/\/bolting.eu\/en\/shop\/petzl-newton-auffanggurt-europaeische-ausfuehrung\/#local-main-place-address\"},\"geo\":{\"@type\":\"GeoCoordinates\",\"latitude\":\"47.264176340396226\",\"longitude\":\"11.380109057672346\"},\"telephone\":[\"+43 699 19083372\"],\"openingHoursSpecification\":[{\"@type\":\"OpeningHoursSpecification\",\"dayOfWeek\":[\"Monday\",\"Wednesday\",\"Friday\"],\"opens\":\"14:00\",\"closes\":\"18:00\"},{\"@type\":\"OpeningHoursSpecification\",\"dayOfWeek\":[\"Tuesday\",\"Thursday\",\"Saturday\",\"Sunday\"],\"opens\":\"00:00\",\"closes\":\"00:00\"}],\"email\":\"office@bolting.eu\",\"vatID\":\"ATU59999728\",\"priceRange\":\"$$\",\"currenciesAccepted\":\"Euro\"},{\"@type\":\"PostalAddress\",\"@id\":\"https:\/\/bolting.eu\/en\/shop\/petzl-newton-auffanggurt-europaeische-ausfuehrung\/#local-main-place-address\",\"streetAddress\":\"Fischnalerstra\u00dfe 4\",\"addressLocality\":\"Innsbruck\",\"postalCode\":\"6020\",\"addressRegion\":\"Tirol\",\"addressCountry\":\"AT\"},{\"@type\":\"ImageObject\",\"inLanguage\":\"en-US\",\"@id\":\"https:\/\/bolting.eu\/en\/shop\/petzl-newton-auffanggurt-europaeische-ausfuehrung\/#local-main-organization-logo\",\"url\":\"https:\/\/bolting.eu\/wp-content\/uploads\/2019\/09\/bolting-logo.png\",\"contentUrl\":\"https:\/\/bolting.eu\/wp-content\/uploads\/2019\/09\/bolting-logo.png\",\"width\":400,\"height\":211,\"caption\":\"bolting.eu\"}]}<\/script>\n<meta property=\"og:video\" content=\"https:\/\/player.vimeo.com\/video\/486429318\" \/>\n<meta property=\"og:video:type\" content=\"text\/html\" \/>\n<meta property=\"og:video:duration\" content=\"115\" \/>\n<meta property=\"og:video:width\" content=\"1920\" \/>\n<meta property=\"og:video:height\" content=\"1080\" \/>\n<meta property=\"ya:ovs:adult\" content=\"false\" \/>\n<meta property=\"ya:ovs:upload_date\" content=\"2024-11-29T10:16:56+00:00\" \/>\n<meta property=\"ya:ovs:allow_embed\" content=\"true\" \/>\n<meta property=\"og:availability\" content=\"instock\" \/>\n<meta property=\"product:availability\" content=\"instock\" \/>\n<meta property=\"product:condition\" content=\"new\" \/>\n<meta name=\"geo.placename\" content=\"Innsbruck\" \/>\n<meta name=\"geo.position\" content=\"47.264176340396226;11.380109057672346\" \/>\n<meta name=\"geo.region\" content=\"Austria\" \/>\n<!-- \/ Yoast SEO Premium plugin. -->","yoast_head_json":{"title":"Petzl Newton Auffanggurt - europ\u00e4ische Ausf\u00fchrung | bolting.eu","description":"Petzl Newton Auffanggurt europ\u00e4ische Ausf\u00fchrung beim Industriekletter Profi kaufen \u2705 Trusted Shop \u2705 kostenloser Versand* \u2705 14 Tage R\u00fcckgaberecht","robots":{"index":"index","follow":"follow","max-snippet":"max-snippet:-1","max-image-preview":"max-image-preview:large","max-video-preview":"max-video-preview:-1"},"canonical":"https:\/\/bolting.eu\/en\/shop\/petzl-newton-auffanggurt-europaeische-ausfuehrung\/","og_locale":"en_US","og_type":"article","og_title":"Petzl Newton Auffanggurt - europ\u00e4ische Ausf\u00fchrung","og_description":"Petzl Newton Auffanggurt europ\u00e4ische Ausf\u00fchrung beim Industriekletter Profi kaufen \u2705 Trusted Shop \u2705 kostenloser Versand* \u2705 14 Tage R\u00fcckgaberecht","og_url":"https:\/\/bolting.eu\/en\/shop\/petzl-newton-auffanggurt-europaeische-ausfuehrung\/","og_site_name":"bolting.eu","article_publisher":"https:\/\/www.facebook.com\/bolting.eu","article_modified_time":"2026-02-06T14:34:08+00:00","og_image":[{"width":700,"height":700,"url":"https:\/\/bolting.eu\/wp-content\/uploads\/2024\/11\/Petzl-Newton-Europa-3.jpg","type":"image\/jpeg"}],"twitter_card":"summary_large_image","twitter_misc":{"Availability":"In stock"},"schema":{"@context":"https:\/\/schema.org","@graph":[{"@type":["WebPage","ItemPage"],"@id":"https:\/\/bolting.eu\/en\/shop\/petzl-newton-auffanggurt-europaeische-ausfuehrung\/","url":"https:\/\/bolting.eu\/en\/shop\/petzl-newton-auffanggurt-europaeische-ausfuehrung\/","name":"Petzl Newton Auffanggurt - europ\u00e4ische Ausf\u00fchrung | bolting.eu","isPartOf":{"@id":"https:\/\/bolting.eu\/en\/#website"},"primaryImageOfPage":{"@id":"https:\/\/bolting.eu\/en\/shop\/petzl-newton-auffanggurt-europaeische-ausfuehrung\/#primaryimage"},"image":{"@id":"https:\/\/bolting.eu\/en\/shop\/petzl-newton-auffanggurt-europaeische-ausfuehrung\/#primaryimage"},"thumbnailUrl":"https:\/\/bolting.eu\/wp-content\/uploads\/2024\/11\/Petzl-Newton-Europa-3.jpg","datePublished":"2024-11-29T10:16:56+00:00","dateModified":"2026-02-06T14:34:08+00:00","description":"Petzl Newton Auffanggurt europ\u00e4ische Ausf\u00fchrung beim Industriekletter Profi kaufen \u2705 Trusted Shop \u2705 kostenloser Versand* \u2705 14 Tage R\u00fcckgaberecht","breadcrumb":{"@id":"https:\/\/bolting.eu\/en\/shop\/petzl-newton-auffanggurt-europaeische-ausfuehrung\/#breadcrumb"},"inLanguage":"en-US","potentialAction":[{"@type":"ReadAction","target":["https:\/\/bolting.eu\/en\/shop\/petzl-newton-auffanggurt-europaeische-ausfuehrung\/"]}]},{"@type":"ImageObject","inLanguage":"en-US","@id":"https:\/\/bolting.eu\/en\/shop\/petzl-newton-auffanggurt-europaeische-ausfuehrung\/#primaryimage","url":"https:\/\/bolting.eu\/wp-content\/uploads\/2024\/11\/Petzl-Newton-Europa-3.jpg","contentUrl":"https:\/\/bolting.eu\/wp-content\/uploads\/2024\/11\/Petzl-Newton-Europa-3.jpg","width":700,"height":700,"caption":"Gelb-schwarzer Petzl Newton Auffanggurt von der Vorderseite. Rechts oben, buntes bolting.eu Logo."},{"@type":"BreadcrumbList","@id":"https:\/\/bolting.eu\/en\/shop\/petzl-newton-auffanggurt-europaeische-ausfuehrung\/#breadcrumb","itemListElement":[{"@type":"ListItem","position":1,"name":"Shop","item":"https:\/\/bolting.eu\/en\/shop\/"},{"@type":"ListItem","position":2,"name":"Industrial climbing gear","item":"https:\/\/bolting.eu\/en\/produkt-kategorie\/industrial-climbing-gear\/"},{"@type":"ListItem","position":3,"name":"Industrieklettergurt","item":"https:\/\/bolting.eu\/produkt-kategorie\/industriekletter-ausruestung\/industrieklettergurt\/"},{"@type":"ListItem","position":4,"name":"Petzl Newton Auffanggurt &#8211; europ\u00e4ische Ausf\u00fchrung"}]},{"@type":"WebSite","@id":"https:\/\/bolting.eu\/en\/#website","url":"https:\/\/bolting.eu\/en\/","name":"bolting.eu","description":"we make climbs happen","publisher":{"@id":"https:\/\/bolting.eu\/en\/#organization"},"potentialAction":[{"@type":"SearchAction","target":{"@type":"EntryPoint","urlTemplate":"https:\/\/bolting.eu\/en\/?s={search_term_string}"},"query-input":{"@type":"PropertyValueSpecification","valueRequired":true,"valueName":"search_term_string"}}],"inLanguage":"en-US"},{"@type":["Organization","Place","SportingGoodsStore"],"@id":"https:\/\/bolting.eu\/en\/#organization","name":"bolting.eu","url":"https:\/\/bolting.eu\/en\/","logo":{"@id":"https:\/\/bolting.eu\/en\/shop\/petzl-newton-auffanggurt-europaeische-ausfuehrung\/#local-main-organization-logo"},"image":{"@id":"https:\/\/bolting.eu\/en\/shop\/petzl-newton-auffanggurt-europaeische-ausfuehrung\/#local-main-organization-logo"},"sameAs":["https:\/\/www.facebook.com\/bolting.eu","https:\/\/www.instagram.com\/bolting.eu\/"],"address":{"@id":"https:\/\/bolting.eu\/en\/shop\/petzl-newton-auffanggurt-europaeische-ausfuehrung\/#local-main-place-address"},"geo":{"@type":"GeoCoordinates","latitude":"47.264176340396226","longitude":"11.380109057672346"},"telephone":["+43 699 19083372"],"openingHoursSpecification":[{"@type":"OpeningHoursSpecification","dayOfWeek":["Monday","Wednesday","Friday"],"opens":"14:00","closes":"18:00"},{"@type":"OpeningHoursSpecification","dayOfWeek":["Tuesday","Thursday","Saturday","Sunday"],"opens":"00:00","closes":"00:00"}],"email":"office@bolting.eu","vatID":"ATU59999728","priceRange":"$$","currenciesAccepted":"Euro"},{"@type":"PostalAddress","@id":"https:\/\/bolting.eu\/en\/shop\/petzl-newton-auffanggurt-europaeische-ausfuehrung\/#local-main-place-address","streetAddress":"Fischnalerstra\u00dfe 4","addressLocality":"Innsbruck","postalCode":"6020","addressRegion":"Tirol","addressCountry":"AT"},{"@type":"ImageObject","inLanguage":"en-US","@id":"https:\/\/bolting.eu\/en\/shop\/petzl-newton-auffanggurt-europaeische-ausfuehrung\/#local-main-organization-logo","url":"https:\/\/bolting.eu\/wp-content\/uploads\/2019\/09\/bolting-logo.png","contentUrl":"https:\/\/bolting.eu\/wp-content\/uploads\/2019\/09\/bolting-logo.png","width":400,"height":211,"caption":"bolting.eu"}]},"og_video":"https:\/\/player.vimeo.com\/video\/486429318","og_video_type":"text\/html","og_video_duration":"115","og_video_width":"1920","og_video_height":"1080","ya_ovs_adult":"false","ya_ovs_upload_date":"2024-11-29T10:16:56+00:00","ya_ovs_allow_embed":"true","og_availability":"instock","product_availability":"instock","product_condition":"new","geo.placename":"Innsbruck","geo.position":{"lat":"47.264176340396226","long":"11.380109057672346"},"geo.region":"Austria"},"_links":{"self":[{"href":"https:\/\/bolting.eu\/en\/wp-json\/wp\/v2\/product\/22044","targetHints":{"allow":["GET"]}}],"collection":[{"href":"https:\/\/bolting.eu\/en\/wp-json\/wp\/v2\/product"}],"about":[{"href":"https:\/\/bolting.eu\/en\/wp-json\/wp\/v2\/types\/product"}],"replies":[{"embeddable":true,"href":"https:\/\/bolting.eu\/en\/wp-json\/wp\/v2\/comments?post=22044"}],"wp:featuredmedia":[{"embeddable":true,"href":"https:\/\/bolting.eu\/en\/wp-json\/wp\/v2\/media\/22048"}],"wp:attachment":[{"href":"https:\/\/bolting.eu\/en\/wp-json\/wp\/v2\/media?parent=22044"}],"wp:term":[{"taxonomy":"product_brand","embeddable":true,"href":"https:\/\/bolting.eu\/en\/wp-json\/wp\/v2\/product_brand?post=22044"},{"taxonomy":"product_cat","embeddable":true,"href":"https:\/\/bolting.eu\/en\/wp-json\/wp\/v2\/product_cat?post=22044"},{"taxonomy":"product_tag","embeddable":true,"href":"https:\/\/bolting.eu\/en\/wp-json\/wp\/v2\/product_tag?post=22044"}],"curies":[{"name":"wp","href":"https:\/\/api.w.org\/{rel}","templated":true}]}}