{"id":22002,"date":"2024-11-26T09:34:49","date_gmt":"2024-11-26T08:34:49","guid":{"rendered":"https:\/\/bolting.eu\/?post_type=product&#038;p=22002"},"modified":"2026-03-20T15:03:58","modified_gmt":"2026-03-20T14:03:58","slug":"edelrid-mission-bent","status":"publish","type":"product","link":"https:\/\/bolting.eu\/en\/shop\/edelrid-mission-bent\/","title":{"rendered":"Edelrid Mission Bent"},"content":{"rendered":"<p>Der Edelrid Mission Bent ist ein super leichter <a href=\"https:\/\/bolting.eu\/produkt-kategorie\/kletterausruestung\/kletterkarabiner\/schnappkarabiner\/\">Schnappkarabiner<\/a> (29 Gramm). Dar\u00fcber hinaus hat er aber eine mittlere Gr\u00f6\u00dfe. Somit ist er ideal f\u00fcr diese zwei Dinge.<\/p>\n<p>Erstens zum Bau von <a href=\"https:\/\/bolting.eu\/verlaengerbare-expressschlinge\/\">verl\u00e4ngerbaren Expressen<\/a>. Und zweitens zum Ersetzen der Karabiner an den gleichnamigen Schlingen. Hier wird der gebogene Schnapper seilseitig verwendet.<\/p>\n<p>Mit seinem Gewicht bzw. Gr\u00f6\u00dfe f\u00fcllt dieses Modell unser Karabiner Portfolio perfekt aus. Er ist gr\u00f6\u00dfer als z.B. <a href=\"https:\/\/bolting.eu\/shop\/camp-nano-22\/\">Nano 22<\/a>, <a href=\"https:\/\/bolting.eu\/shop\/black-diamond-miniwire-carabiner\/\">Miniwire<\/a> und <a href=\"https:\/\/bolting.eu\/shop\/petzl-ange-s-2\/\">Ange S<\/a>. Aber kleiner als der <a href=\"https:\/\/bolting.eu\/shop\/camp-dyon\/\">Dyon<\/a>, <a href=\"https:\/\/bolting.eu\/shop\/petzl-ange-l\/\">Ange L<\/a> oder <a href=\"https:\/\/bolting.eu\/shop\/black-diamond-hotforge-straight-gate-carabiner\/\">Hotforge<\/a>.<\/p>\n<p>Die ideale Zwischengr\u00f6\u00dfe!<\/p>\n<h3>Eigenschaften Mission Straight Schnapper<\/h3>\n<ul>\n<li>Hersteller:\u00a0<a href=\"https:\/\/bolting.eu\/produkt-kategorie\/edelrid\/\">Edelrid<\/a><\/li>\n<li>Material: Aluminium eloxiert<\/li>\n<li>Farben: oasis oder icemint<\/li>\n<li>EN Norm\u00a0<a href=\"https:\/\/bolting.eu\/en-12275-norm\/\">12275<\/a>\u00a0bzw. UIAA 121<\/li>\n<li>Verschluss: gebogener Schnapper mit Keylock<\/li>\n<li>Bruchlasten 20 kN l\u00e4ngs \/ 7 kN offen \/ 7 kN Querachse<\/li>\n<li>Gr\u00f6\u00dfe 90 x 58mm<\/li>\n<li>Schnapper\u00f6ffnung: 17mm<\/li>\n<li>Gewicht: 29 Gramm<\/li>\n<li>handliche Mittelgr\u00f6\u00dfe<\/li>\n<li>hei\u00df Geschmiedet \u2013 extrem leicht<\/li>\n<li>ideal f\u00fcr Bau verl\u00e4ngerbare Express<\/li>\n<li>zum Ersatz abgenutzter Karabiner der <a href=\"https:\/\/bolting.eu\/shop\/edelrid-mission-set-ii\/\">Mission Set II Express<\/a> (seilseitig)<\/li>\n<li>Keylock System &#8211; kein Verhaken am Seil oder Schlaufe <a href=\"https:\/\/bolting.eu\/produkt-kategorie\/kletterausruestung\/klettergurte\/\">Klettergurt<\/a><\/li>\n<li>Made in Taiwan<\/li>\n<li><a href=\"https:\/\/edelrid.com\/eu-de\/sport\/karabiner-und-expresssets\/mission-straight?variant=2052203#:~:text=Gebrauchsanleitung%20Karabiner\" target=\"_blank\" rel=\"noopener\">Gebrauchsanleitung<\/a><\/li>\n<\/ul>\n<h3>Nur 29 Gramm!<\/h3>\n<p>Der Mission Bent Karabiner von Edelrid ist extrem leicht. Vor allem f\u00fcr einen Schnapper.<\/p>\n<p>M\u00f6glich macht das die Hei\u00dfschmiedetechnik. Hierbei werden sowohl Bauteil als auch die Formen extrem aufgeheizt. In Kombination mit Druck l\u00e4sst sich so ein H- Profil herstellen.<\/p>\n<p>Dieses ist besonders stark aber eben auch leicht. Zudem hat das <a href=\"https:\/\/bolting.eu\/produkt-kategorie\/kletterausruestung\/kletterseil\/\">Kletterseil<\/a> eine gro\u00dfe Auflagefl\u00e4che.<\/p>\n<p>Nachteil jedoch. Wenn der seilseitige Schenkel deutlich eingekerbt ist, empfehlen wir einen Austausch.<\/p>\n<p>Denn ultraleichte Karabiner haben dann rasch eine verminderte Bruchlast.<\/p>\n<h3>Mission Straight zum Tausch bei Original Express<\/h3>\n<p>Dieses Modell ist nat\u00fcrlich perfekt um Karabiner an den Original <a href=\"https:\/\/bolting.eu\/produkt-kategorie\/kletterausruestung\/expressschlingen\/\">Expressschlingen<\/a> zu tauschen.<\/p>\n<p>Hier werden die Schnapper seilseitig angebraucht. D.h. der gerade Schnapper wird immer in <a href=\"https:\/\/bolting.eu\/produkt-kategorie\/einbohrartikel\/bohrhakenlasche\/\">Bohrhakenlasche<\/a> bzw. <a href=\"https:\/\/bolting.eu\/produkt-kategorie\/einbohrartikel\/klebehaken-buehlerhaken\/\">Klebehaken<\/a> geh\u00e4ngt. Der gebogene Schnapper wird nur f\u00fcr das Seil hergenommen.<\/p>\n<p><a href=\"https:\/\/bolting.eu\/wp-content\/uploads\/2022\/02\/Edelrid-Mission-Sett-II-14cm.jpg\"><img loading=\"lazy\" decoding=\"async\" class=\"alignnone wp-image-11440 size-medium\" src=\"https:\/\/bolting.eu\/wp-content\/uploads\/2022\/02\/Edelrid-Mission-Sett-II-14cm-400x400.jpg\" alt=\"Das Bild zeigt die kurze Variante des Edelrid Mission Set II in der Farbe icemint. Oben der silberne, unten der icemint f\u00e4rbige Karabiner.\" width=\"400\" height=\"400\" srcset=\"https:\/\/bolting.eu\/wp-content\/uploads\/2022\/02\/Edelrid-Mission-Sett-II-14cm-400x400.jpg 400w, https:\/\/bolting.eu\/wp-content\/uploads\/2022\/02\/Edelrid-Mission-Sett-II-14cm-247x247.jpg 247w, https:\/\/bolting.eu\/wp-content\/uploads\/2022\/02\/Edelrid-Mission-Sett-II-14cm-100x100.jpg 100w, https:\/\/bolting.eu\/wp-content\/uploads\/2022\/02\/Edelrid-Mission-Sett-II-14cm-510x510.jpg 510w, https:\/\/bolting.eu\/wp-content\/uploads\/2022\/02\/Edelrid-Mission-Sett-II-14cm-280x280.jpg 280w, https:\/\/bolting.eu\/wp-content\/uploads\/2022\/02\/Edelrid-Mission-Sett-II-14cm-300x300.jpg 300w, https:\/\/bolting.eu\/wp-content\/uploads\/2022\/02\/Edelrid-Mission-Sett-II-14cm-600x600.jpg 600w, https:\/\/bolting.eu\/wp-content\/uploads\/2022\/02\/Edelrid-Mission-Sett-II-14cm.jpg 700w\" sizes=\"auto, (max-width: 400px) 100vw, 400px\" \/><\/a> <a href=\"https:\/\/bolting.eu\/wp-content\/uploads\/2021\/08\/Edelrid-Mission-Set-II-1.jpg\"><img loading=\"lazy\" decoding=\"async\" class=\"alignnone wp-image-9590 size-medium\" src=\"https:\/\/bolting.eu\/wp-content\/uploads\/2021\/08\/Edelrid-Mission-Set-II-1-400x400.jpg\" alt=\"Das Bild zeigt eine wei\u00df-gelbe Edelrid Mission Set II Expressschlinge. Sie steht senkrecht in Bildmitte, der silberne KArabiner oben, der gelbe unten.\" width=\"400\" height=\"400\" srcset=\"https:\/\/bolting.eu\/wp-content\/uploads\/2021\/08\/Edelrid-Mission-Set-II-1-400x400.jpg 400w, https:\/\/bolting.eu\/wp-content\/uploads\/2021\/08\/Edelrid-Mission-Set-II-1-247x247.jpg 247w, https:\/\/bolting.eu\/wp-content\/uploads\/2021\/08\/Edelrid-Mission-Set-II-1-100x100.jpg 100w, https:\/\/bolting.eu\/wp-content\/uploads\/2021\/08\/Edelrid-Mission-Set-II-1-510x510.jpg 510w, https:\/\/bolting.eu\/wp-content\/uploads\/2021\/08\/Edelrid-Mission-Set-II-1-280x280.jpg 280w, https:\/\/bolting.eu\/wp-content\/uploads\/2021\/08\/Edelrid-Mission-Set-II-1-300x300.jpg 300w, https:\/\/bolting.eu\/wp-content\/uploads\/2021\/08\/Edelrid-Mission-Set-II-1-600x600.jpg 600w, https:\/\/bolting.eu\/wp-content\/uploads\/2021\/08\/Edelrid-Mission-Set-II-1.jpg 700w\" sizes=\"auto, (max-width: 400px) 100vw, 400px\" \/><\/a><\/p>\n","protected":false},"excerpt":{"rendered":"<p>Mittelgro\u00dfer, extrem leichter Schnapper (29 Gramm) mit Keylock Verschluss.<\/p>\n<p>Ideale Zwischengr\u00f6\u00dfe f\u00fcr Aufbau einer leichten Kletterausr\u00fcstung.<\/p>\n<p>Versandkostenfrei bis 2kg in\u00a0<img decoding=\"async\" class=\"emoji\" role=\"img\" draggable=\"false\" src=\"https:\/\/s.w.org\/images\/core\/emoji\/14.0.0\/svg\/1f1e6-1f1f9.svg\" alt=\"\ud83c\udde6\ud83c\uddf9\" \/>\u00a0ab \u20ac 100,- und\u00a0<img decoding=\"async\" class=\"emoji\" role=\"img\" draggable=\"false\" src=\"https:\/\/s.w.org\/images\/core\/emoji\/14.0.0\/svg\/1f1e9-1f1ea.svg\" alt=\"\ud83c\udde9\ud83c\uddea\" \/>\u00a0ab \u20ac 200,-!<\/p>\n","protected":false},"featured_media":22006,"comment_status":"closed","ping_status":"closed","template":"","meta":[],"product_brand":[],"product_cat":[4655,29,44,3004],"product_tag":[],"class_list":{"0":"post-22002","1":"product","2":"type-product","3":"status-publish","4":"has-post-thumbnail","6":"product_cat-edelrid","7":"product_cat-kletterausruestung","8":"product_cat-kletterkarabiner","9":"product_cat-schnappkarabiner","11":"first","12":"instock","13":"sale","14":"taxable","15":"shipping-taxable","16":"purchasable","17":"product-type-variable"},"yoast_head":"<!-- This site is optimized with the Yoast SEO Premium plugin v26.9 (Yoast SEO v26.9) - https:\/\/yoast.com\/product\/yoast-seo-premium-wordpress\/ -->\n<title>Edelrid Mission Bent - Schnappkarakiner | bolting.eu<\/title>\n<meta name=\"description\" content=\"Edelrid Mission Straight beim Kletter Hardwareprofi kaufen \u2705 Trusted Shop \u2705 kostenloser Versand* \u2705 14 Tage R\u00fcckgaberecht \u2705 Co2 neutrale Zustellung\" \/>\n<meta name=\"robots\" content=\"index, follow, max-snippet:-1, max-image-preview:large, max-video-preview:-1\" \/>\n<link rel=\"canonical\" href=\"https:\/\/bolting.eu\/en\/shop\/edelrid-mission-bent\/\" \/>\n<meta property=\"og:locale\" content=\"en_US\" \/>\n<meta property=\"og:type\" content=\"article\" \/>\n<meta property=\"og:title\" content=\"Edelrid Mission Bent\" \/>\n<meta property=\"og:description\" content=\"Edelrid Mission Straight beim Kletter Hardwareprofi kaufen \u2705 Trusted Shop \u2705 kostenloser Versand* \u2705 14 Tage R\u00fcckgaberecht \u2705 Co2 neutrale Zustellung\" \/>\n<meta property=\"og:url\" content=\"https:\/\/bolting.eu\/en\/shop\/edelrid-mission-bent\/\" \/>\n<meta property=\"og:site_name\" content=\"bolting.eu\" \/>\n<meta property=\"article:publisher\" content=\"https:\/\/www.facebook.com\/bolting.eu\" \/>\n<meta property=\"article:modified_time\" content=\"2026-03-20T14:03:58+00:00\" \/>\n<meta property=\"og:image\" content=\"https:\/\/bolting.eu\/wp-content\/uploads\/2024\/11\/Edelrid-Misssion-bent-6.jpg\" \/>\n\t<meta property=\"og:image:width\" content=\"700\" \/>\n\t<meta property=\"og:image:height\" content=\"700\" \/>\n\t<meta property=\"og:image:type\" content=\"image\/jpeg\" \/>\n<meta name=\"twitter:card\" content=\"summary_large_image\" \/>\n<meta name=\"twitter:label1\" content=\"Availability\" \/>\n\t<meta name=\"twitter:data1\" content=\"In stock\" \/>\n<script type=\"application\/ld+json\" class=\"yoast-schema-graph\">{\"@context\":\"https:\/\/schema.org\",\"@graph\":[{\"@type\":[\"WebPage\",\"ItemPage\"],\"@id\":\"https:\/\/bolting.eu\/en\/shop\/edelrid-mission-bent\/\",\"url\":\"https:\/\/bolting.eu\/en\/shop\/edelrid-mission-bent\/\",\"name\":\"Edelrid Mission Bent - Schnappkarakiner | bolting.eu\",\"isPartOf\":{\"@id\":\"https:\/\/bolting.eu\/en\/#website\"},\"primaryImageOfPage\":{\"@id\":\"https:\/\/bolting.eu\/en\/shop\/edelrid-mission-bent\/#primaryimage\"},\"image\":{\"@id\":\"https:\/\/bolting.eu\/en\/shop\/edelrid-mission-bent\/#primaryimage\"},\"thumbnailUrl\":\"https:\/\/bolting.eu\/wp-content\/uploads\/2024\/11\/Edelrid-Misssion-bent-6.jpg\",\"datePublished\":\"2024-11-26T08:34:49+00:00\",\"dateModified\":\"2026-03-20T14:03:58+00:00\",\"description\":\"Edelrid Mission Straight beim Kletter Hardwareprofi kaufen \u2705 Trusted Shop \u2705 kostenloser Versand* \u2705 14 Tage R\u00fcckgaberecht \u2705 Co2 neutrale Zustellung\",\"breadcrumb\":{\"@id\":\"https:\/\/bolting.eu\/en\/shop\/edelrid-mission-bent\/#breadcrumb\"},\"inLanguage\":\"en-US\",\"potentialAction\":[{\"@type\":\"ReadAction\",\"target\":[\"https:\/\/bolting.eu\/en\/shop\/edelrid-mission-bent\/\"]}]},{\"@type\":\"ImageObject\",\"inLanguage\":\"en-US\",\"@id\":\"https:\/\/bolting.eu\/en\/shop\/edelrid-mission-bent\/#primaryimage\",\"url\":\"https:\/\/bolting.eu\/wp-content\/uploads\/2024\/11\/Edelrid-Misssion-bent-6.jpg\",\"contentUrl\":\"https:\/\/bolting.eu\/wp-content\/uploads\/2024\/11\/Edelrid-Misssion-bent-6.jpg\",\"width\":700,\"height\":700,\"caption\":\"Gr\u00fcngelber Edelrid Mission Bent Karabiner mit Schnapper nach links. Rechts oben buntes bolting.eu Logo.\"},{\"@type\":\"BreadcrumbList\",\"@id\":\"https:\/\/bolting.eu\/en\/shop\/edelrid-mission-bent\/#breadcrumb\",\"itemListElement\":[{\"@type\":\"ListItem\",\"position\":1,\"name\":\"Shop\",\"item\":\"https:\/\/bolting.eu\/en\/shop\/\"},{\"@type\":\"ListItem\",\"position\":2,\"name\":\"climbing equipment\",\"item\":\"https:\/\/bolting.eu\/en\/produkt-kategorie\/climbing-equipment\/\"},{\"@type\":\"ListItem\",\"position\":3,\"name\":\"Climbing carabiner\",\"item\":\"https:\/\/bolting.eu\/en\/produkt-kategorie\/climbing-carabiner\/\"},{\"@type\":\"ListItem\",\"position\":4,\"name\":\"snapgate carabiner\",\"item\":\"https:\/\/bolting.eu\/en\/produkt-kategorie\/snapgate-carabiner\/\"},{\"@type\":\"ListItem\",\"position\":5,\"name\":\"Edelrid Mission Bent\"}]},{\"@type\":\"WebSite\",\"@id\":\"https:\/\/bolting.eu\/en\/#website\",\"url\":\"https:\/\/bolting.eu\/en\/\",\"name\":\"bolting.eu\",\"description\":\"we make climbs happen\",\"publisher\":{\"@id\":\"https:\/\/bolting.eu\/en\/#organization\"},\"potentialAction\":[{\"@type\":\"SearchAction\",\"target\":{\"@type\":\"EntryPoint\",\"urlTemplate\":\"https:\/\/bolting.eu\/en\/?s={search_term_string}\"},\"query-input\":{\"@type\":\"PropertyValueSpecification\",\"valueRequired\":true,\"valueName\":\"search_term_string\"}}],\"inLanguage\":\"en-US\"},{\"@type\":[\"Organization\",\"Place\",\"SportingGoodsStore\"],\"@id\":\"https:\/\/bolting.eu\/en\/#organization\",\"name\":\"bolting.eu\",\"url\":\"https:\/\/bolting.eu\/en\/\",\"logo\":{\"@id\":\"https:\/\/bolting.eu\/en\/shop\/edelrid-mission-bent\/#local-main-organization-logo\"},\"image\":{\"@id\":\"https:\/\/bolting.eu\/en\/shop\/edelrid-mission-bent\/#local-main-organization-logo\"},\"sameAs\":[\"https:\/\/www.facebook.com\/bolting.eu\",\"https:\/\/www.instagram.com\/bolting.eu\/\"],\"address\":{\"@id\":\"https:\/\/bolting.eu\/en\/shop\/edelrid-mission-bent\/#local-main-place-address\"},\"geo\":{\"@type\":\"GeoCoordinates\",\"latitude\":\"47.264176340396226\",\"longitude\":\"11.380109057672346\"},\"telephone\":[\"+43 699 19083372\"],\"openingHoursSpecification\":[{\"@type\":\"OpeningHoursSpecification\",\"dayOfWeek\":[\"Monday\",\"Wednesday\",\"Friday\"],\"opens\":\"14:00\",\"closes\":\"18:00\"},{\"@type\":\"OpeningHoursSpecification\",\"dayOfWeek\":[\"Tuesday\",\"Thursday\",\"Saturday\",\"Sunday\"],\"opens\":\"00:00\",\"closes\":\"00:00\"}],\"email\":\"office@bolting.eu\",\"vatID\":\"ATU59999728\",\"priceRange\":\"$$\",\"currenciesAccepted\":\"Euro\"},{\"@type\":\"PostalAddress\",\"@id\":\"https:\/\/bolting.eu\/en\/shop\/edelrid-mission-bent\/#local-main-place-address\",\"streetAddress\":\"Fischnalerstra\u00dfe 4\",\"addressLocality\":\"Innsbruck\",\"postalCode\":\"6020\",\"addressRegion\":\"Tirol\",\"addressCountry\":\"AT\"},{\"@type\":\"ImageObject\",\"inLanguage\":\"en-US\",\"@id\":\"https:\/\/bolting.eu\/en\/shop\/edelrid-mission-bent\/#local-main-organization-logo\",\"url\":\"https:\/\/bolting.eu\/wp-content\/uploads\/2019\/09\/bolting-logo.png\",\"contentUrl\":\"https:\/\/bolting.eu\/wp-content\/uploads\/2019\/09\/bolting-logo.png\",\"width\":400,\"height\":211,\"caption\":\"bolting.eu\"}]}<\/script>\n<meta property=\"og:availability\" content=\"instock\" \/>\n<meta property=\"product:availability\" content=\"instock\" \/>\n<meta property=\"product:retailer_item_id\" content=\"737530000060-1\" \/>\n<meta property=\"product:condition\" content=\"new\" \/>\n<meta name=\"geo.placename\" content=\"Innsbruck\" \/>\n<meta name=\"geo.position\" content=\"47.264176340396226;11.380109057672346\" \/>\n<meta name=\"geo.region\" content=\"Austria\" \/>\n<!-- \/ Yoast SEO Premium plugin. -->","yoast_head_json":{"title":"Edelrid Mission Bent - Schnappkarakiner | bolting.eu","description":"Edelrid Mission Straight beim Kletter Hardwareprofi kaufen \u2705 Trusted Shop \u2705 kostenloser Versand* \u2705 14 Tage R\u00fcckgaberecht \u2705 Co2 neutrale Zustellung","robots":{"index":"index","follow":"follow","max-snippet":"max-snippet:-1","max-image-preview":"max-image-preview:large","max-video-preview":"max-video-preview:-1"},"canonical":"https:\/\/bolting.eu\/en\/shop\/edelrid-mission-bent\/","og_locale":"en_US","og_type":"article","og_title":"Edelrid Mission Bent","og_description":"Edelrid Mission Straight beim Kletter Hardwareprofi kaufen \u2705 Trusted Shop \u2705 kostenloser Versand* \u2705 14 Tage R\u00fcckgaberecht \u2705 Co2 neutrale Zustellung","og_url":"https:\/\/bolting.eu\/en\/shop\/edelrid-mission-bent\/","og_site_name":"bolting.eu","article_publisher":"https:\/\/www.facebook.com\/bolting.eu","article_modified_time":"2026-03-20T14:03:58+00:00","og_image":[{"width":700,"height":700,"url":"https:\/\/bolting.eu\/wp-content\/uploads\/2024\/11\/Edelrid-Misssion-bent-6.jpg","type":"image\/jpeg"}],"twitter_card":"summary_large_image","twitter_misc":{"Availability":"In stock"},"schema":{"@context":"https:\/\/schema.org","@graph":[{"@type":["WebPage","ItemPage"],"@id":"https:\/\/bolting.eu\/en\/shop\/edelrid-mission-bent\/","url":"https:\/\/bolting.eu\/en\/shop\/edelrid-mission-bent\/","name":"Edelrid Mission Bent - Schnappkarakiner | bolting.eu","isPartOf":{"@id":"https:\/\/bolting.eu\/en\/#website"},"primaryImageOfPage":{"@id":"https:\/\/bolting.eu\/en\/shop\/edelrid-mission-bent\/#primaryimage"},"image":{"@id":"https:\/\/bolting.eu\/en\/shop\/edelrid-mission-bent\/#primaryimage"},"thumbnailUrl":"https:\/\/bolting.eu\/wp-content\/uploads\/2024\/11\/Edelrid-Misssion-bent-6.jpg","datePublished":"2024-11-26T08:34:49+00:00","dateModified":"2026-03-20T14:03:58+00:00","description":"Edelrid Mission Straight beim Kletter Hardwareprofi kaufen \u2705 Trusted Shop \u2705 kostenloser Versand* \u2705 14 Tage R\u00fcckgaberecht \u2705 Co2 neutrale Zustellung","breadcrumb":{"@id":"https:\/\/bolting.eu\/en\/shop\/edelrid-mission-bent\/#breadcrumb"},"inLanguage":"en-US","potentialAction":[{"@type":"ReadAction","target":["https:\/\/bolting.eu\/en\/shop\/edelrid-mission-bent\/"]}]},{"@type":"ImageObject","inLanguage":"en-US","@id":"https:\/\/bolting.eu\/en\/shop\/edelrid-mission-bent\/#primaryimage","url":"https:\/\/bolting.eu\/wp-content\/uploads\/2024\/11\/Edelrid-Misssion-bent-6.jpg","contentUrl":"https:\/\/bolting.eu\/wp-content\/uploads\/2024\/11\/Edelrid-Misssion-bent-6.jpg","width":700,"height":700,"caption":"Gr\u00fcngelber Edelrid Mission Bent Karabiner mit Schnapper nach links. Rechts oben buntes bolting.eu Logo."},{"@type":"BreadcrumbList","@id":"https:\/\/bolting.eu\/en\/shop\/edelrid-mission-bent\/#breadcrumb","itemListElement":[{"@type":"ListItem","position":1,"name":"Shop","item":"https:\/\/bolting.eu\/en\/shop\/"},{"@type":"ListItem","position":2,"name":"climbing equipment","item":"https:\/\/bolting.eu\/en\/produkt-kategorie\/climbing-equipment\/"},{"@type":"ListItem","position":3,"name":"Climbing carabiner","item":"https:\/\/bolting.eu\/en\/produkt-kategorie\/climbing-carabiner\/"},{"@type":"ListItem","position":4,"name":"snapgate carabiner","item":"https:\/\/bolting.eu\/en\/produkt-kategorie\/snapgate-carabiner\/"},{"@type":"ListItem","position":5,"name":"Edelrid Mission Bent"}]},{"@type":"WebSite","@id":"https:\/\/bolting.eu\/en\/#website","url":"https:\/\/bolting.eu\/en\/","name":"bolting.eu","description":"we make climbs happen","publisher":{"@id":"https:\/\/bolting.eu\/en\/#organization"},"potentialAction":[{"@type":"SearchAction","target":{"@type":"EntryPoint","urlTemplate":"https:\/\/bolting.eu\/en\/?s={search_term_string}"},"query-input":{"@type":"PropertyValueSpecification","valueRequired":true,"valueName":"search_term_string"}}],"inLanguage":"en-US"},{"@type":["Organization","Place","SportingGoodsStore"],"@id":"https:\/\/bolting.eu\/en\/#organization","name":"bolting.eu","url":"https:\/\/bolting.eu\/en\/","logo":{"@id":"https:\/\/bolting.eu\/en\/shop\/edelrid-mission-bent\/#local-main-organization-logo"},"image":{"@id":"https:\/\/bolting.eu\/en\/shop\/edelrid-mission-bent\/#local-main-organization-logo"},"sameAs":["https:\/\/www.facebook.com\/bolting.eu","https:\/\/www.instagram.com\/bolting.eu\/"],"address":{"@id":"https:\/\/bolting.eu\/en\/shop\/edelrid-mission-bent\/#local-main-place-address"},"geo":{"@type":"GeoCoordinates","latitude":"47.264176340396226","longitude":"11.380109057672346"},"telephone":["+43 699 19083372"],"openingHoursSpecification":[{"@type":"OpeningHoursSpecification","dayOfWeek":["Monday","Wednesday","Friday"],"opens":"14:00","closes":"18:00"},{"@type":"OpeningHoursSpecification","dayOfWeek":["Tuesday","Thursday","Saturday","Sunday"],"opens":"00:00","closes":"00:00"}],"email":"office@bolting.eu","vatID":"ATU59999728","priceRange":"$$","currenciesAccepted":"Euro"},{"@type":"PostalAddress","@id":"https:\/\/bolting.eu\/en\/shop\/edelrid-mission-bent\/#local-main-place-address","streetAddress":"Fischnalerstra\u00dfe 4","addressLocality":"Innsbruck","postalCode":"6020","addressRegion":"Tirol","addressCountry":"AT"},{"@type":"ImageObject","inLanguage":"en-US","@id":"https:\/\/bolting.eu\/en\/shop\/edelrid-mission-bent\/#local-main-organization-logo","url":"https:\/\/bolting.eu\/wp-content\/uploads\/2019\/09\/bolting-logo.png","contentUrl":"https:\/\/bolting.eu\/wp-content\/uploads\/2019\/09\/bolting-logo.png","width":400,"height":211,"caption":"bolting.eu"}]},"og_availability":"instock","product_availability":"instock","product_retailer_item_id":"737530000060-1","product_condition":"new","geo.placename":"Innsbruck","geo.position":{"lat":"47.264176340396226","long":"11.380109057672346"},"geo.region":"Austria"},"_links":{"self":[{"href":"https:\/\/bolting.eu\/en\/wp-json\/wp\/v2\/product\/22002","targetHints":{"allow":["GET"]}}],"collection":[{"href":"https:\/\/bolting.eu\/en\/wp-json\/wp\/v2\/product"}],"about":[{"href":"https:\/\/bolting.eu\/en\/wp-json\/wp\/v2\/types\/product"}],"replies":[{"embeddable":true,"href":"https:\/\/bolting.eu\/en\/wp-json\/wp\/v2\/comments?post=22002"}],"wp:featuredmedia":[{"embeddable":true,"href":"https:\/\/bolting.eu\/en\/wp-json\/wp\/v2\/media\/22006"}],"wp:attachment":[{"href":"https:\/\/bolting.eu\/en\/wp-json\/wp\/v2\/media?parent=22002"}],"wp:term":[{"taxonomy":"product_brand","embeddable":true,"href":"https:\/\/bolting.eu\/en\/wp-json\/wp\/v2\/product_brand?post=22002"},{"taxonomy":"product_cat","embeddable":true,"href":"https:\/\/bolting.eu\/en\/wp-json\/wp\/v2\/product_cat?post=22002"},{"taxonomy":"product_tag","embeddable":true,"href":"https:\/\/bolting.eu\/en\/wp-json\/wp\/v2\/product_tag?post=22002"}],"curies":[{"name":"wp","href":"https:\/\/api.w.org\/{rel}","templated":true}]}}