{"id":21926,"date":"2024-11-14T15:31:14","date_gmt":"2024-11-14T14:31:14","guid":{"rendered":"https:\/\/bolting.eu\/?post_type=product&#038;p=21926"},"modified":"2025-08-07T07:25:16","modified_gmt":"2025-08-07T05:25:16","slug":"camp-laser-teleskopstock","status":"publish","type":"product","link":"https:\/\/bolting.eu\/en\/shop\/camp-laser-teleskopstock\/","title":{"rendered":"Camp Laser Teleskopstock"},"content":{"rendered":"<p>Der Camp Laser Teleskopstock ist das leichteste Modell dieses Herstellers. Denn die Wandertst\u00f6cke wiegen gerade einmal 310 Gramm.<\/p>\n<p>Erreicht wird es durch sehr d\u00fcnne Alu Segmente. Zudem eine Carbidspitze und gewichtssparende Griffe.<\/p>\n<p>Insgesamt eine klare Empfehlung f\u00fcr alle, die besonders leicht am Weg sein wollen. Beim Wandern, Speed Hiking oder langen Trekks.<\/p>\n<h2>Eigenschaften Laser Telskop Wanderst\u00f6cke<\/h2>\n<ul>\n<li>Hersteller:\u00a0<a href=\"https:\/\/bolting.eu\/produkt-kategorie\/camp-cassin\/\">Camp<\/a><\/li>\n<li>Material: Carbit, Alu, Kunststoff, Polyamid<\/li>\n<li>Gewicht: 310 Gramm<\/li>\n<li>Packma\u00df: 60cm<\/li>\n<li>maximale L\u00e4nge: 135cm<\/li>\n<li>Segmente: 3<\/li>\n<li>Durchmesser Segmente: 17-15,8-14,6mm<\/li>\n<li>Teller 30mm<\/li>\n<li>inkl. Gummikappe f\u00fcr Carbit Spitze<\/li>\n<li>verl\u00e4ngerter EVA Griff (19cm) f\u00fcr freieren Halt<\/li>\n<li>Handschlaufe mit Minimaldesign und weichem, konisch zulaufendem Band<\/li>\n<li>&#8220;Rotating Lock&#8221; System zum Verstellen der Segmente<\/li>\n<li><a href=\"https:\/\/bolting.eu\/wp-content\/uploads\/2024\/11\/BASTONCINI_MANUALE-r5.pdf\" target=\"_blank\" rel=\"noopener\">Bedienungsanleitung<\/a><\/li>\n<\/ul>\n<h3>Gewichtssparendes Rotation Lock System<\/h3>\n<p>Das Verstellsystem der Laser Wanderst\u00f6cke ist extrem leicht zu bedienen. Man muss die Segmente einfach ineinander drehen, schon lassen sie sich \u00f6ffnen bzw. fixieren.<\/p>\n<p>Der Mechanismus erlaubt zudem ein extrem geringes Gewicht. Abschlie\u00dfend erlaubt es eine zulaufende Form. D.h. der Stock wird nach unten immer d\u00fcnner.<\/p>\n<p><a href=\"https:\/\/bolting.eu\/wp-content\/uploads\/2024\/11\/Camp-LAser-Rotation-Lock.jpg\"><img loading=\"lazy\" decoding=\"async\" class=\"alignnone size-full wp-image-21929\" src=\"https:\/\/bolting.eu\/wp-content\/uploads\/2024\/11\/Camp-LAser-Rotation-Lock.jpg\" alt=\"Grafik zur Erkl\u00e4rung des Rotion Lock System der Camp Laser Wanderst\u00f6cke.\" width=\"800\" height=\"446\" srcset=\"https:\/\/bolting.eu\/wp-content\/uploads\/2024\/11\/Camp-LAser-Rotation-Lock.jpg 800w, https:\/\/bolting.eu\/wp-content\/uploads\/2024\/11\/Camp-LAser-Rotation-Lock-717x400.jpg 717w, https:\/\/bolting.eu\/wp-content\/uploads\/2024\/11\/Camp-LAser-Rotation-Lock-768x428.jpg 768w, https:\/\/bolting.eu\/wp-content\/uploads\/2024\/11\/Camp-LAser-Rotation-Lock-510x284.jpg 510w, https:\/\/bolting.eu\/wp-content\/uploads\/2024\/11\/Camp-LAser-Rotation-Lock-100x56.jpg 100w\" sizes=\"auto, (max-width: 800px) 100vw, 800px\" \/><\/a><\/p>\n<h3>Ultraleichtes Alu<\/h3>\n<p>Die drei Segmente des Laser von Camp bestehen aus Alu. Zudem sind die Querschnitte der Rohre sehr klein. Das bringt insgesamt eine ultraleichte Bauweise. Zudem halten die St\u00f6cke viel Druck aus.<\/p>\n<p>Die Belastbarkeit hat aber seine Grenzen. Vor allem Querbelastungen sollte man unbedingt meiden. D.h. niemals darauf sitzen oder zu stark biegen!<\/p>\n<h3>Pflege und Lagerung Camp Laser Wanderst\u00f6cke<\/h3>\n<p>Grunds\u00e4tzlich ist dieses Modell wartungsfrei. Ihr m\u00fcsst es weder \u00f6len noch besonders reinigen.<\/p>\n<p>Aufzupassen ist jedoch bei allen Besch\u00e4digungen der Alu Segmente. Wie z.B. Risse, Knicke, usw&#8230; Ebenso sind kaputte &#8220;Rotation Lock&#8221; Kapseln gef\u00e4hrlich.<\/p>\n<p>Ein wichtiger Hinweis zur Lagerung. Immer gut trocknen lassen und dann an wie <a href=\"https:\/\/bolting.eu\/produkt-kategorie\/bergsteiger-ausruestung\/steigeisen\/\">Steigeisen<\/a>, <a href=\"https:\/\/bolting.eu\/produkt-kategorie\/bergsteiger-ausruestung\/eispickel\/\">Eispickel<\/a> und <a href=\"https:\/\/bolting.eu\/produkt-kategorie\/bergsteiger-ausruestung\/eisschrauben\/\">Eisschrauben<\/a> auch, an einem trockenem Ort bei Zimmertemperatur aufbewahren!<\/p>\n<p><a href=\"https:\/\/bolting.eu\/wp-content\/uploads\/2024\/11\/Lagerung-Camp-Wanderstoecke-Backcountry.jpg\"><img loading=\"lazy\" decoding=\"async\" class=\"alignnone size-full wp-image-21917\" src=\"https:\/\/bolting.eu\/wp-content\/uploads\/2024\/11\/Lagerung-Camp-Wanderstoecke-Backcountry.jpg\" alt=\"Grafik zur LAgerung der Camp Backcountry Carbon Wandertecken mit zehn Icons.\" width=\"800\" height=\"703\" srcset=\"https:\/\/bolting.eu\/wp-content\/uploads\/2024\/11\/Lagerung-Camp-Wanderstoecke-Backcountry.jpg 800w, https:\/\/bolting.eu\/wp-content\/uploads\/2024\/11\/Lagerung-Camp-Wanderstoecke-Backcountry-455x400.jpg 455w, https:\/\/bolting.eu\/wp-content\/uploads\/2024\/11\/Lagerung-Camp-Wanderstoecke-Backcountry-768x675.jpg 768w, https:\/\/bolting.eu\/wp-content\/uploads\/2024\/11\/Lagerung-Camp-Wanderstoecke-Backcountry-510x448.jpg 510w, https:\/\/bolting.eu\/wp-content\/uploads\/2024\/11\/Lagerung-Camp-Wanderstoecke-Backcountry-100x88.jpg 100w\" sizes=\"auto, (max-width: 800px) 100vw, 800px\" \/><\/a><\/p>\n<p>&nbsp;<\/p>\n<p>&nbsp;<\/p>\n","protected":false},"excerpt":{"rendered":"<p>Extrem leichter Wanderstock 60-135cm aus Alu mit &#8220;Rotating Lock&#8221; System.<br \/>\nIdeal f\u00fcr alle, die extrem geringes Gewicht sch\u00e4tzen.<\/p>\n<p>Versandkostenfrei bis 2kg in <img decoding=\"async\" class=\"emoji\" role=\"img\" draggable=\"false\" src=\"https:\/\/s.w.org\/images\/core\/emoji\/14.0.0\/svg\/1f1e6-1f1f9.svg\" alt=\"\ud83c\udde6\ud83c\uddf9\" \/> ab \u20ac 100,- und <img decoding=\"async\" class=\"emoji\" role=\"img\" draggable=\"false\" src=\"https:\/\/s.w.org\/images\/core\/emoji\/14.0.0\/svg\/1f1e9-1f1ea.svg\" alt=\"\ud83c\udde9\ud83c\uddea\" \/> ab \u20ac 200,-!<\/p>\n<p>&nbsp;<\/p>\n","protected":false},"featured_media":21927,"comment_status":"closed","ping_status":"closed","template":"","meta":[],"product_brand":[],"product_cat":[5061,14705,29,4653],"product_tag":[],"class_list":{"0":"post-21926","1":"product","2":"type-product","3":"status-publish","4":"has-post-thumbnail","6":"product_cat-kletterzubehoer","7":"product_cat-woerthersee-extrem","8":"product_cat-kletterausruestung","9":"product_cat-camp-cassin","11":"first","12":"instock","13":"taxable","14":"shipping-taxable","15":"purchasable","16":"product-type-simple"},"yoast_head":"<!-- This site is optimized with the Yoast SEO Premium plugin v26.9 (Yoast SEO v26.9) - https:\/\/yoast.com\/product\/yoast-seo-premium-wordpress\/ -->\n<title>Camp Laser Teleskopstock - ultraleichter Wanderstock | bolting.eu<\/title>\n<meta name=\"description\" content=\"Camp Laser ultraleichter Wanderstock beim Kletterprofi kaufen \u2705 Trusted Shop \u2705 kostenloser Versand* \u2705 14 Tage R\u00fcckgaberecht \u2705 Co2 neutrale Zustellung\" \/>\n<meta name=\"robots\" content=\"index, follow, max-snippet:-1, max-image-preview:large, max-video-preview:-1\" \/>\n<link rel=\"canonical\" href=\"https:\/\/bolting.eu\/en\/shop\/camp-laser-teleskopstock\/\" \/>\n<meta property=\"og:locale\" content=\"en_US\" \/>\n<meta property=\"og:type\" content=\"article\" \/>\n<meta property=\"og:title\" content=\"Camp Laser Teleskopstock\" \/>\n<meta property=\"og:description\" content=\"Camp Laser ultraleichter Wanderstock beim Kletterprofi kaufen \u2705 Trusted Shop \u2705 kostenloser Versand* \u2705 14 Tage R\u00fcckgaberecht \u2705 Co2 neutrale Zustellung\" \/>\n<meta property=\"og:url\" content=\"https:\/\/bolting.eu\/en\/shop\/camp-laser-teleskopstock\/\" \/>\n<meta property=\"og:site_name\" content=\"bolting.eu\" \/>\n<meta property=\"article:publisher\" content=\"https:\/\/www.facebook.com\/bolting.eu\" \/>\n<meta property=\"article:modified_time\" content=\"2025-08-07T05:25:16+00:00\" \/>\n<meta property=\"og:image\" content=\"https:\/\/bolting.eu\/wp-content\/uploads\/2024\/11\/Camp-LAser-Wanderstecken-4.jpg\" \/>\n\t<meta property=\"og:image:width\" content=\"700\" \/>\n\t<meta property=\"og:image:height\" content=\"700\" \/>\n\t<meta property=\"og:image:type\" content=\"image\/jpeg\" \/>\n<meta name=\"twitter:card\" content=\"summary_large_image\" \/>\n<meta name=\"twitter:label1\" content=\"Price\" \/>\n\t<meta name=\"twitter:data1\" content=\"&euro;&nbsp;69,90\" \/>\n\t<meta name=\"twitter:label2\" content=\"Availability\" \/>\n\t<meta name=\"twitter:data2\" content=\"In stock\" \/>\n<script type=\"application\/ld+json\" class=\"yoast-schema-graph\">{\"@context\":\"https:\/\/schema.org\",\"@graph\":[{\"@type\":[\"WebPage\",\"ItemPage\"],\"@id\":\"https:\/\/bolting.eu\/en\/shop\/camp-laser-teleskopstock\/\",\"url\":\"https:\/\/bolting.eu\/en\/shop\/camp-laser-teleskopstock\/\",\"name\":\"Camp Laser Teleskopstock - ultraleichter Wanderstock | bolting.eu\",\"isPartOf\":{\"@id\":\"https:\/\/bolting.eu\/en\/#website\"},\"primaryImageOfPage\":{\"@id\":\"https:\/\/bolting.eu\/en\/shop\/camp-laser-teleskopstock\/#primaryimage\"},\"image\":{\"@id\":\"https:\/\/bolting.eu\/en\/shop\/camp-laser-teleskopstock\/#primaryimage\"},\"thumbnailUrl\":\"https:\/\/bolting.eu\/wp-content\/uploads\/2024\/11\/Camp-LAser-Wanderstecken-4.jpg\",\"datePublished\":\"2024-11-14T14:31:14+00:00\",\"dateModified\":\"2025-08-07T05:25:16+00:00\",\"description\":\"Camp Laser ultraleichter Wanderstock beim Kletterprofi kaufen \u2705 Trusted Shop \u2705 kostenloser Versand* \u2705 14 Tage R\u00fcckgaberecht \u2705 Co2 neutrale Zustellung\",\"breadcrumb\":{\"@id\":\"https:\/\/bolting.eu\/en\/shop\/camp-laser-teleskopstock\/#breadcrumb\"},\"inLanguage\":\"en-US\",\"potentialAction\":[{\"@type\":\"ReadAction\",\"target\":[\"https:\/\/bolting.eu\/en\/shop\/camp-laser-teleskopstock\/\"]}]},{\"@type\":\"ImageObject\",\"inLanguage\":\"en-US\",\"@id\":\"https:\/\/bolting.eu\/en\/shop\/camp-laser-teleskopstock\/#primaryimage\",\"url\":\"https:\/\/bolting.eu\/wp-content\/uploads\/2024\/11\/Camp-LAser-Wanderstecken-4.jpg\",\"contentUrl\":\"https:\/\/bolting.eu\/wp-content\/uploads\/2024\/11\/Camp-LAser-Wanderstecken-4.jpg\",\"width\":700,\"height\":700,\"caption\":\"Ein Paar Camp Laser Teleskopst\u00f6cke schr\u00e4g im Bild. Rechts oben buntes bolting.eu Logo.\"},{\"@type\":\"BreadcrumbList\",\"@id\":\"https:\/\/bolting.eu\/en\/shop\/camp-laser-teleskopstock\/#breadcrumb\",\"itemListElement\":[{\"@type\":\"ListItem\",\"position\":1,\"name\":\"Shop\",\"item\":\"https:\/\/bolting.eu\/en\/shop\/\"},{\"@type\":\"ListItem\",\"position\":2,\"name\":\"climbing equipment\",\"item\":\"https:\/\/bolting.eu\/en\/produkt-kategorie\/climbing-equipment\/\"},{\"@type\":\"ListItem\",\"position\":3,\"name\":\"Climbing accessories\",\"item\":\"https:\/\/bolting.eu\/en\/produkt-kategorie\/climbing-accessories\/\"},{\"@type\":\"ListItem\",\"position\":4,\"name\":\"Camp Laser Teleskopstock\"}]},{\"@type\":\"WebSite\",\"@id\":\"https:\/\/bolting.eu\/en\/#website\",\"url\":\"https:\/\/bolting.eu\/en\/\",\"name\":\"bolting.eu\",\"description\":\"we make climbs happen\",\"publisher\":{\"@id\":\"https:\/\/bolting.eu\/en\/#organization\"},\"potentialAction\":[{\"@type\":\"SearchAction\",\"target\":{\"@type\":\"EntryPoint\",\"urlTemplate\":\"https:\/\/bolting.eu\/en\/?s={search_term_string}\"},\"query-input\":{\"@type\":\"PropertyValueSpecification\",\"valueRequired\":true,\"valueName\":\"search_term_string\"}}],\"inLanguage\":\"en-US\"},{\"@type\":[\"Organization\",\"Place\",\"SportingGoodsStore\"],\"@id\":\"https:\/\/bolting.eu\/en\/#organization\",\"name\":\"bolting.eu\",\"url\":\"https:\/\/bolting.eu\/en\/\",\"logo\":{\"@id\":\"https:\/\/bolting.eu\/en\/shop\/camp-laser-teleskopstock\/#local-main-organization-logo\"},\"image\":{\"@id\":\"https:\/\/bolting.eu\/en\/shop\/camp-laser-teleskopstock\/#local-main-organization-logo\"},\"sameAs\":[\"https:\/\/www.facebook.com\/bolting.eu\",\"https:\/\/www.instagram.com\/bolting.eu\/\"],\"address\":{\"@id\":\"https:\/\/bolting.eu\/en\/shop\/camp-laser-teleskopstock\/#local-main-place-address\"},\"geo\":{\"@type\":\"GeoCoordinates\",\"latitude\":\"47.264176340396226\",\"longitude\":\"11.380109057672346\"},\"telephone\":[\"+43 699 19083372\"],\"openingHoursSpecification\":[{\"@type\":\"OpeningHoursSpecification\",\"dayOfWeek\":[\"Monday\",\"Wednesday\",\"Friday\"],\"opens\":\"14:00\",\"closes\":\"18:00\"},{\"@type\":\"OpeningHoursSpecification\",\"dayOfWeek\":[\"Tuesday\",\"Thursday\",\"Saturday\",\"Sunday\"],\"opens\":\"00:00\",\"closes\":\"00:00\"}],\"email\":\"office@bolting.eu\",\"vatID\":\"ATU59999728\",\"priceRange\":\"$$\",\"currenciesAccepted\":\"Euro\"},{\"@type\":\"PostalAddress\",\"@id\":\"https:\/\/bolting.eu\/en\/shop\/camp-laser-teleskopstock\/#local-main-place-address\",\"streetAddress\":\"Fischnalerstra\u00dfe 4\",\"addressLocality\":\"Innsbruck\",\"postalCode\":\"6020\",\"addressRegion\":\"Tirol\",\"addressCountry\":\"AT\"},{\"@type\":\"ImageObject\",\"inLanguage\":\"en-US\",\"@id\":\"https:\/\/bolting.eu\/en\/shop\/camp-laser-teleskopstock\/#local-main-organization-logo\",\"url\":\"https:\/\/bolting.eu\/wp-content\/uploads\/2019\/09\/bolting-logo.png\",\"contentUrl\":\"https:\/\/bolting.eu\/wp-content\/uploads\/2019\/09\/bolting-logo.png\",\"width\":400,\"height\":211,\"caption\":\"bolting.eu\"}]}<\/script>\n<meta property=\"product:price:amount\" content=\"69.90\" \/>\n<meta property=\"product:price:currency\" content=\"EUR\" \/>\n<meta property=\"og:availability\" content=\"instock\" \/>\n<meta property=\"product:availability\" content=\"instock\" \/>\n<meta property=\"product:retailer_item_id\" content=\"3466\" \/>\n<meta property=\"product:condition\" content=\"new\" \/>\n<meta name=\"geo.placename\" content=\"Innsbruck\" \/>\n<meta name=\"geo.position\" content=\"47.264176340396226;11.380109057672346\" \/>\n<meta name=\"geo.region\" content=\"Austria\" \/>\n<!-- \/ Yoast SEO Premium plugin. -->","yoast_head_json":{"title":"Camp Laser Teleskopstock - ultraleichter Wanderstock | bolting.eu","description":"Camp Laser ultraleichter Wanderstock beim Kletterprofi kaufen \u2705 Trusted Shop \u2705 kostenloser Versand* \u2705 14 Tage R\u00fcckgaberecht \u2705 Co2 neutrale Zustellung","robots":{"index":"index","follow":"follow","max-snippet":"max-snippet:-1","max-image-preview":"max-image-preview:large","max-video-preview":"max-video-preview:-1"},"canonical":"https:\/\/bolting.eu\/en\/shop\/camp-laser-teleskopstock\/","og_locale":"en_US","og_type":"article","og_title":"Camp Laser Teleskopstock","og_description":"Camp Laser ultraleichter Wanderstock beim Kletterprofi kaufen \u2705 Trusted Shop \u2705 kostenloser Versand* \u2705 14 Tage R\u00fcckgaberecht \u2705 Co2 neutrale Zustellung","og_url":"https:\/\/bolting.eu\/en\/shop\/camp-laser-teleskopstock\/","og_site_name":"bolting.eu","article_publisher":"https:\/\/www.facebook.com\/bolting.eu","article_modified_time":"2025-08-07T05:25:16+00:00","og_image":[{"width":700,"height":700,"url":"https:\/\/bolting.eu\/wp-content\/uploads\/2024\/11\/Camp-LAser-Wanderstecken-4.jpg","type":"image\/jpeg"}],"twitter_card":"summary_large_image","twitter_misc":{"Price":"&euro;&nbsp;69,90","Availability":"In stock"},"schema":{"@context":"https:\/\/schema.org","@graph":[{"@type":["WebPage","ItemPage"],"@id":"https:\/\/bolting.eu\/en\/shop\/camp-laser-teleskopstock\/","url":"https:\/\/bolting.eu\/en\/shop\/camp-laser-teleskopstock\/","name":"Camp Laser Teleskopstock - ultraleichter Wanderstock | bolting.eu","isPartOf":{"@id":"https:\/\/bolting.eu\/en\/#website"},"primaryImageOfPage":{"@id":"https:\/\/bolting.eu\/en\/shop\/camp-laser-teleskopstock\/#primaryimage"},"image":{"@id":"https:\/\/bolting.eu\/en\/shop\/camp-laser-teleskopstock\/#primaryimage"},"thumbnailUrl":"https:\/\/bolting.eu\/wp-content\/uploads\/2024\/11\/Camp-LAser-Wanderstecken-4.jpg","datePublished":"2024-11-14T14:31:14+00:00","dateModified":"2025-08-07T05:25:16+00:00","description":"Camp Laser ultraleichter Wanderstock beim Kletterprofi kaufen \u2705 Trusted Shop \u2705 kostenloser Versand* \u2705 14 Tage R\u00fcckgaberecht \u2705 Co2 neutrale Zustellung","breadcrumb":{"@id":"https:\/\/bolting.eu\/en\/shop\/camp-laser-teleskopstock\/#breadcrumb"},"inLanguage":"en-US","potentialAction":[{"@type":"ReadAction","target":["https:\/\/bolting.eu\/en\/shop\/camp-laser-teleskopstock\/"]}]},{"@type":"ImageObject","inLanguage":"en-US","@id":"https:\/\/bolting.eu\/en\/shop\/camp-laser-teleskopstock\/#primaryimage","url":"https:\/\/bolting.eu\/wp-content\/uploads\/2024\/11\/Camp-LAser-Wanderstecken-4.jpg","contentUrl":"https:\/\/bolting.eu\/wp-content\/uploads\/2024\/11\/Camp-LAser-Wanderstecken-4.jpg","width":700,"height":700,"caption":"Ein Paar Camp Laser Teleskopst\u00f6cke schr\u00e4g im Bild. Rechts oben buntes bolting.eu Logo."},{"@type":"BreadcrumbList","@id":"https:\/\/bolting.eu\/en\/shop\/camp-laser-teleskopstock\/#breadcrumb","itemListElement":[{"@type":"ListItem","position":1,"name":"Shop","item":"https:\/\/bolting.eu\/en\/shop\/"},{"@type":"ListItem","position":2,"name":"climbing equipment","item":"https:\/\/bolting.eu\/en\/produkt-kategorie\/climbing-equipment\/"},{"@type":"ListItem","position":3,"name":"Climbing accessories","item":"https:\/\/bolting.eu\/en\/produkt-kategorie\/climbing-accessories\/"},{"@type":"ListItem","position":4,"name":"Camp Laser Teleskopstock"}]},{"@type":"WebSite","@id":"https:\/\/bolting.eu\/en\/#website","url":"https:\/\/bolting.eu\/en\/","name":"bolting.eu","description":"we make climbs happen","publisher":{"@id":"https:\/\/bolting.eu\/en\/#organization"},"potentialAction":[{"@type":"SearchAction","target":{"@type":"EntryPoint","urlTemplate":"https:\/\/bolting.eu\/en\/?s={search_term_string}"},"query-input":{"@type":"PropertyValueSpecification","valueRequired":true,"valueName":"search_term_string"}}],"inLanguage":"en-US"},{"@type":["Organization","Place","SportingGoodsStore"],"@id":"https:\/\/bolting.eu\/en\/#organization","name":"bolting.eu","url":"https:\/\/bolting.eu\/en\/","logo":{"@id":"https:\/\/bolting.eu\/en\/shop\/camp-laser-teleskopstock\/#local-main-organization-logo"},"image":{"@id":"https:\/\/bolting.eu\/en\/shop\/camp-laser-teleskopstock\/#local-main-organization-logo"},"sameAs":["https:\/\/www.facebook.com\/bolting.eu","https:\/\/www.instagram.com\/bolting.eu\/"],"address":{"@id":"https:\/\/bolting.eu\/en\/shop\/camp-laser-teleskopstock\/#local-main-place-address"},"geo":{"@type":"GeoCoordinates","latitude":"47.264176340396226","longitude":"11.380109057672346"},"telephone":["+43 699 19083372"],"openingHoursSpecification":[{"@type":"OpeningHoursSpecification","dayOfWeek":["Monday","Wednesday","Friday"],"opens":"14:00","closes":"18:00"},{"@type":"OpeningHoursSpecification","dayOfWeek":["Tuesday","Thursday","Saturday","Sunday"],"opens":"00:00","closes":"00:00"}],"email":"office@bolting.eu","vatID":"ATU59999728","priceRange":"$$","currenciesAccepted":"Euro"},{"@type":"PostalAddress","@id":"https:\/\/bolting.eu\/en\/shop\/camp-laser-teleskopstock\/#local-main-place-address","streetAddress":"Fischnalerstra\u00dfe 4","addressLocality":"Innsbruck","postalCode":"6020","addressRegion":"Tirol","addressCountry":"AT"},{"@type":"ImageObject","inLanguage":"en-US","@id":"https:\/\/bolting.eu\/en\/shop\/camp-laser-teleskopstock\/#local-main-organization-logo","url":"https:\/\/bolting.eu\/wp-content\/uploads\/2019\/09\/bolting-logo.png","contentUrl":"https:\/\/bolting.eu\/wp-content\/uploads\/2019\/09\/bolting-logo.png","width":400,"height":211,"caption":"bolting.eu"}]},"product_price_amount":"69.90","product_price_currency":"EUR","og_availability":"instock","product_availability":"instock","product_retailer_item_id":"3466","product_condition":"new","geo.placename":"Innsbruck","geo.position":{"lat":"47.264176340396226","long":"11.380109057672346"},"geo.region":"Austria"},"_links":{"self":[{"href":"https:\/\/bolting.eu\/en\/wp-json\/wp\/v2\/product\/21926","targetHints":{"allow":["GET"]}}],"collection":[{"href":"https:\/\/bolting.eu\/en\/wp-json\/wp\/v2\/product"}],"about":[{"href":"https:\/\/bolting.eu\/en\/wp-json\/wp\/v2\/types\/product"}],"replies":[{"embeddable":true,"href":"https:\/\/bolting.eu\/en\/wp-json\/wp\/v2\/comments?post=21926"}],"wp:featuredmedia":[{"embeddable":true,"href":"https:\/\/bolting.eu\/en\/wp-json\/wp\/v2\/media\/21927"}],"wp:attachment":[{"href":"https:\/\/bolting.eu\/en\/wp-json\/wp\/v2\/media?parent=21926"}],"wp:term":[{"taxonomy":"product_brand","embeddable":true,"href":"https:\/\/bolting.eu\/en\/wp-json\/wp\/v2\/product_brand?post=21926"},{"taxonomy":"product_cat","embeddable":true,"href":"https:\/\/bolting.eu\/en\/wp-json\/wp\/v2\/product_cat?post=21926"},{"taxonomy":"product_tag","embeddable":true,"href":"https:\/\/bolting.eu\/en\/wp-json\/wp\/v2\/product_tag?post=21926"}],"curies":[{"name":"wp","href":"https:\/\/api.w.org\/{rel}","templated":true}]}}