{"id":21902,"date":"2024-11-13T11:40:13","date_gmt":"2024-11-13T10:40:13","guid":{"rendered":"https:\/\/bolting.eu\/?post_type=product&#038;p=21902"},"modified":"2024-11-14T13:56:11","modified_gmt":"2024-11-14T12:56:11","slug":"camp-backcountry-carbon-2-0","status":"publish","type":"product","link":"https:\/\/bolting.eu\/en\/shop\/camp-backcountry-carbon-2-0\/","title":{"rendered":"Camp Backcountry Carbon 2.0"},"content":{"rendered":"<p>Der Backcountry Carbon 2.0 von Camp ist ein Teleskop Wanderstock.<\/p>\n<p>Er kennzeichnet sich erstens durch das ultraleichte Material aus.<\/p>\n<p>Zweitens durch die drei verstellbaren Segmente. Somit k\u00f6nnt ihr eine L\u00e4nge von 64 -135cm einstellen. Damit lassen sie sich gut seitlich am <a href=\"https:\/\/bolting.eu\/produkt-kategorie\/kletterausruestung\/kletterrucksack\/\">Rucksack<\/a> befestigen.<\/p>\n<p>Drittens die hochwertigen Alu-Clips zum schnellen Einstellen.<\/p>\n<p>Und viertens dem mitgelieferten Zubeh\u00f6r. Es sind eine Gummikappe f\u00fcr die Spitze und ein gro\u00dfer Teller automatisch mit dabei.<\/p>\n<p>Wer super leichte St\u00f6cke f\u00fcr lange Zustiege, harte Trekks oder zum flotteren Wandern sucht, ist hier genau richtig!<\/p>\n<h3>Eigenschaften Backcountry Carbon 2.0<\/h3>\n<ul>\n<li>Hersteller: <a href=\"https:\/\/bolting.eu\/produkt-kategorie\/camp-cassin\/\">Camp<\/a><\/li>\n<li>Material: Carbon, Carbit, Alu, Kunststoff, Polyamid<\/li>\n<li>Gewicht: 390 Gramm<\/li>\n<li>Packma\u00df: 64cm<\/li>\n<li>maximale L\u00e4nge: 135cm<\/li>\n<li>Segmente: 3<\/li>\n<li>Durchmesser Segmente: 16-14-12mm<\/li>\n<li>Teller 44mm vormontiert, 83mm als Zubeh\u00f6r mit dabei<\/li>\n<li>inkl. Gummikappe f\u00fcr Carbit Spitze<\/li>\n<li>ergonomische Handschlaufe aus gepolstertem Material<\/li>\n<li>Handschlaufe f\u00fcr links und rechts individuell einstellbar<\/li>\n<li>hochwertige Alu Clips zum schnellen Verstellen<\/li>\n<li>Schraube zum Fixieren der Alu Clips ist ohne Werkezug verstellbar<\/li>\n<li><a href=\"https:\/\/bolting.eu\/wp-content\/uploads\/2024\/11\/BASTONCINI_MANUALE-r5.pdf\" target=\"_blank\" rel=\"noopener\">Bedienungsanleitung<\/a><\/li>\n<\/ul>\n<h3>Produktvideo<\/h3>\n<p>Im Folgenden findet Ihr ein Video zu den CAMP Wanderstock Modellen.<\/p>\n<p><iframe loading=\"lazy\" title=\"ST\u00d6CKE - Die neuen Meister der St\u00e4rke, Leichtigkeit und Ergonomie\" width=\"1020\" height=\"574\" src=\"https:\/\/www.youtube.com\/embed\/shuBVnKbBEQ?feature=oembed\" frameborder=\"0\" allow=\"accelerometer; autoplay; clipboard-write; encrypted-media; gyroscope; picture-in-picture; web-share\" referrerpolicy=\"strict-origin-when-cross-origin\" allowfullscreen><\/iframe><\/p>\n<h2>Handschlaufen verstellen<\/h2>\n<p>Die Backcountry Carbon 2.0 von Camp haben individuelle Handschlaufen f\u00fcr links und rechts. Hierf\u00fcr haben sie eine kleine &#8220;L&#8221; und &#8220;R&#8221; Markierung.<\/p>\n<p>Sie lassen sich leicht durch eine Schnalle enger und weiter machen. So geht\u00b4s:<\/p>\n<p><a href=\"https:\/\/bolting.eu\/wp-content\/uploads\/2024\/11\/Verstellen-HAndschlaufe-CAMP-BAckcountry-Teleskopstoecke.jpg\"><img loading=\"lazy\" decoding=\"async\" class=\"alignnone size-full wp-image-21916\" src=\"https:\/\/bolting.eu\/wp-content\/uploads\/2024\/11\/Verstellen-HAndschlaufe-CAMP-BAckcountry-Teleskopstoecke.jpg\" alt=\"Grafik zum Verstellen der Handschkaufen von Camp Teleskopst\u00f6cken mit vielen Icons.\" width=\"800\" height=\"545\" srcset=\"https:\/\/bolting.eu\/wp-content\/uploads\/2024\/11\/Verstellen-HAndschlaufe-CAMP-BAckcountry-Teleskopstoecke.jpg 800w, https:\/\/bolting.eu\/wp-content\/uploads\/2024\/11\/Verstellen-HAndschlaufe-CAMP-BAckcountry-Teleskopstoecke-587x400.jpg 587w, https:\/\/bolting.eu\/wp-content\/uploads\/2024\/11\/Verstellen-HAndschlaufe-CAMP-BAckcountry-Teleskopstoecke-768x523.jpg 768w, https:\/\/bolting.eu\/wp-content\/uploads\/2024\/11\/Verstellen-HAndschlaufe-CAMP-BAckcountry-Teleskopstoecke-510x347.jpg 510w, https:\/\/bolting.eu\/wp-content\/uploads\/2024\/11\/Verstellen-HAndschlaufe-CAMP-BAckcountry-Teleskopstoecke-100x68.jpg 100w\" sizes=\"auto, (max-width: 800px) 100vw, 800px\" \/><\/a><\/p>\n<h3>Backcountry Carbon 2.0 &#8211; Alu Clips<\/h3>\n<p>So k\u00f6nnt ihr mit den Alu Clips die L\u00e4nge eurer St\u00f6cke verstellen. Zudem seht ihr im Folgenden die Fixierung der Clips zum Abklemmen.<\/p>\n<p><a href=\"https:\/\/bolting.eu\/wp-content\/uploads\/2024\/11\/Adjustment-Alu-Clip-CAMP-Backcountry-Hiking-Polses.jpg\"><img loading=\"lazy\" decoding=\"async\" class=\"alignnone size-full wp-image-21915\" src=\"https:\/\/bolting.eu\/wp-content\/uploads\/2024\/11\/Adjustment-Alu-Clip-CAMP-Backcountry-Hiking-Polses.jpg\" alt=\"Grafik f\u00fcr das Verstellen der Alu Clips von Camp Backcountry Carbon Wanderstecken.\" width=\"1024\" height=\"319\" srcset=\"https:\/\/bolting.eu\/wp-content\/uploads\/2024\/11\/Adjustment-Alu-Clip-CAMP-Backcountry-Hiking-Polses.jpg 1024w, https:\/\/bolting.eu\/wp-content\/uploads\/2024\/11\/Adjustment-Alu-Clip-CAMP-Backcountry-Hiking-Polses-800x249.jpg 800w, https:\/\/bolting.eu\/wp-content\/uploads\/2024\/11\/Adjustment-Alu-Clip-CAMP-Backcountry-Hiking-Polses-768x239.jpg 768w, https:\/\/bolting.eu\/wp-content\/uploads\/2024\/11\/Adjustment-Alu-Clip-CAMP-Backcountry-Hiking-Polses-510x159.jpg 510w, https:\/\/bolting.eu\/wp-content\/uploads\/2024\/11\/Adjustment-Alu-Clip-CAMP-Backcountry-Hiking-Polses-100x31.jpg 100w\" sizes=\"auto, (max-width: 1024px) 100vw, 1024px\" \/><\/a><\/p>\n<h3>Wartung und Lagerung<\/h3>\n<p>Grunds\u00e4tzlich sind die <a href=\"https:\/\/camp.it\" target=\"_blank\" rel=\"noopener\">CAMP<\/a> Carbon Wanderst\u00f6cke wartungsfrei. Ihr m\u00fcsst sie weder \u00f6len noch besonders reinigen.<\/p>\n<p>Aufzupassen ist jedoch bei allen Besch\u00e4digungen der Carbon Segmente. Wie z.B. Risse, Knicke, usw&#8230; Ebenso sind offene Clips gef\u00e4hrlich.<\/p>\n<p>Vermeidet hierzu nach M\u00f6glichkeit jede Querbelastung und zu gro\u00dfe Hitze!<\/p>\n<p>Ein wichtiger Hinweis zur Lagerung. Immer gut trocknen lassen und dann an wie <a href=\"https:\/\/bolting.eu\/produkt-kategorie\/bergsteiger-ausruestung\/steigeisen\/\">Steigeisen<\/a>, <a href=\"https:\/\/bolting.eu\/produkt-kategorie\/bergsteiger-ausruestung\/eispickel\/\">Eispickel<\/a> und <a href=\"https:\/\/bolting.eu\/produkt-kategorie\/bergsteiger-ausruestung\/eisschrauben\/\">Eisschrauben<\/a> auch an einem trockenem Ort bei Zimmertemperatur aufbewahren!<\/p>\n<p><a href=\"https:\/\/bolting.eu\/wp-content\/uploads\/2024\/11\/Lagerung-Camp-Wanderstoecke-Backcountry.jpg\"><img loading=\"lazy\" decoding=\"async\" class=\"alignnone size-full wp-image-21917\" src=\"https:\/\/bolting.eu\/wp-content\/uploads\/2024\/11\/Lagerung-Camp-Wanderstoecke-Backcountry.jpg\" alt=\"Grafik zur LAgerung der Camp Backcountry Carbon Wandertecken mit zehn Icons.\" width=\"800\" height=\"703\" srcset=\"https:\/\/bolting.eu\/wp-content\/uploads\/2024\/11\/Lagerung-Camp-Wanderstoecke-Backcountry.jpg 800w, https:\/\/bolting.eu\/wp-content\/uploads\/2024\/11\/Lagerung-Camp-Wanderstoecke-Backcountry-455x400.jpg 455w, https:\/\/bolting.eu\/wp-content\/uploads\/2024\/11\/Lagerung-Camp-Wanderstoecke-Backcountry-768x675.jpg 768w, https:\/\/bolting.eu\/wp-content\/uploads\/2024\/11\/Lagerung-Camp-Wanderstoecke-Backcountry-510x448.jpg 510w, https:\/\/bolting.eu\/wp-content\/uploads\/2024\/11\/Lagerung-Camp-Wanderstoecke-Backcountry-100x88.jpg 100w\" sizes=\"auto, (max-width: 800px) 100vw, 800px\" \/><\/a><\/p>\n","protected":false},"excerpt":{"rendered":"<p>Sehr leichter Teleskop Wanderstock aus Carbon mit 3 Segmenten. L\u00e4nge 64 &#8211; 135cm.<\/p>\n<p>Ideal f\u00fcr lange Wanderungen, Bergtouren und steile Zustiege.<\/p>\n<p>Versandkostenfrei bis 2kg in <img decoding=\"async\" class=\"emoji\" role=\"img\" draggable=\"false\" src=\"https:\/\/s.w.org\/images\/core\/emoji\/14.0.0\/svg\/1f1e6-1f1f9.svg\" alt=\"\ud83c\udde6\ud83c\uddf9\" \/> ab \u20ac 100,- und <img decoding=\"async\" class=\"emoji\" role=\"img\" draggable=\"false\" src=\"https:\/\/s.w.org\/images\/core\/emoji\/14.0.0\/svg\/1f1e9-1f1ea.svg\" alt=\"\ud83c\udde9\ud83c\uddea\" \/> ab \u20ac 200,-!<\/p>\n","protected":false},"featured_media":21903,"comment_status":"closed","ping_status":"closed","template":"","meta":[],"product_brand":[],"product_cat":[5061,14705,29],"product_tag":[],"class_list":{"0":"post-21902","1":"product","2":"type-product","3":"status-publish","4":"has-post-thumbnail","6":"product_cat-kletterzubehoer","7":"product_cat-woerthersee-extrem","8":"product_cat-kletterausruestung","10":"first","11":"instock","12":"taxable","13":"shipping-taxable","14":"purchasable","15":"product-type-simple"},"yoast_head":"<!-- This site is optimized with the Yoast SEO Premium plugin v26.9 (Yoast SEO v26.9) - https:\/\/yoast.com\/product\/yoast-seo-premium-wordpress\/ -->\n<title>Camp Backcountry Carbon 2.0 - Teleskop Wanderstock | bolting.eu<\/title>\n<meta name=\"description\" content=\"Camp Backcountry Carbon 2.0 beim Kletter Hardwareprofi kaufen \u2705 Trusted Shop \u2705 kostenloser Versand* \u2705 14 Tage R\u00fcckgaberecht \u2705 Co2 neutrale Zustellung\" \/>\n<meta name=\"robots\" content=\"index, follow, max-snippet:-1, max-image-preview:large, max-video-preview:-1\" \/>\n<link rel=\"canonical\" href=\"https:\/\/bolting.eu\/en\/shop\/camp-backcountry-carbon-2-0\/\" \/>\n<meta property=\"og:locale\" content=\"en_US\" \/>\n<meta property=\"og:type\" content=\"article\" \/>\n<meta property=\"og:title\" content=\"Camp Backcountry Carbon 2.0\" \/>\n<meta property=\"og:description\" content=\"Camp Backcountry Carbon 2.0 beim Kletter Hardwareprofi kaufen \u2705 Trusted Shop \u2705 kostenloser Versand* \u2705 14 Tage R\u00fcckgaberecht \u2705 Co2 neutrale Zustellung\" \/>\n<meta property=\"og:url\" content=\"https:\/\/bolting.eu\/en\/shop\/camp-backcountry-carbon-2-0\/\" \/>\n<meta property=\"og:site_name\" content=\"bolting.eu\" \/>\n<meta property=\"article:publisher\" content=\"https:\/\/www.facebook.com\/bolting.eu\" \/>\n<meta property=\"article:modified_time\" content=\"2024-11-14T12:56:11+00:00\" \/>\n<meta property=\"og:image\" content=\"https:\/\/bolting.eu\/wp-content\/uploads\/2024\/11\/Camp-Backcountry-Carbon-6.jpg\" \/>\n\t<meta property=\"og:image:width\" content=\"700\" \/>\n\t<meta property=\"og:image:height\" content=\"700\" \/>\n\t<meta property=\"og:image:type\" content=\"image\/jpeg\" \/>\n<meta name=\"twitter:card\" content=\"summary_large_image\" \/>\n<meta name=\"twitter:label1\" content=\"Price\" \/>\n\t<meta name=\"twitter:data1\" content=\"&euro;&nbsp;74,90\" \/>\n\t<meta name=\"twitter:label2\" content=\"Availability\" \/>\n\t<meta name=\"twitter:data2\" content=\"In stock\" \/>\n<script type=\"application\/ld+json\" class=\"yoast-schema-graph\">{\"@context\":\"https:\/\/schema.org\",\"@graph\":[{\"@type\":[\"WebPage\",\"ItemPage\"],\"@id\":\"https:\/\/bolting.eu\/en\/shop\/camp-backcountry-carbon-2-0\/\",\"url\":\"https:\/\/bolting.eu\/en\/shop\/camp-backcountry-carbon-2-0\/\",\"name\":\"Camp Backcountry Carbon 2.0 - Teleskop Wanderstock | bolting.eu\",\"isPartOf\":{\"@id\":\"https:\/\/bolting.eu\/en\/#website\"},\"primaryImageOfPage\":{\"@id\":\"https:\/\/bolting.eu\/en\/shop\/camp-backcountry-carbon-2-0\/#primaryimage\"},\"image\":{\"@id\":\"https:\/\/bolting.eu\/en\/shop\/camp-backcountry-carbon-2-0\/#primaryimage\"},\"thumbnailUrl\":\"https:\/\/bolting.eu\/wp-content\/uploads\/2024\/11\/Camp-Backcountry-Carbon-6.jpg\",\"datePublished\":\"2024-11-13T10:40:13+00:00\",\"dateModified\":\"2024-11-14T12:56:11+00:00\",\"description\":\"Camp Backcountry Carbon 2.0 beim Kletter Hardwareprofi kaufen \u2705 Trusted Shop \u2705 kostenloser Versand* \u2705 14 Tage R\u00fcckgaberecht \u2705 Co2 neutrale Zustellung\",\"breadcrumb\":{\"@id\":\"https:\/\/bolting.eu\/en\/shop\/camp-backcountry-carbon-2-0\/#breadcrumb\"},\"inLanguage\":\"en-US\",\"potentialAction\":[{\"@type\":\"ReadAction\",\"target\":[\"https:\/\/bolting.eu\/en\/shop\/camp-backcountry-carbon-2-0\/\"]}]},{\"@type\":\"ImageObject\",\"inLanguage\":\"en-US\",\"@id\":\"https:\/\/bolting.eu\/en\/shop\/camp-backcountry-carbon-2-0\/#primaryimage\",\"url\":\"https:\/\/bolting.eu\/wp-content\/uploads\/2024\/11\/Camp-Backcountry-Carbon-6.jpg\",\"contentUrl\":\"https:\/\/bolting.eu\/wp-content\/uploads\/2024\/11\/Camp-Backcountry-Carbon-6.jpg\",\"width\":700,\"height\":700,\"caption\":\"Ein Paar Camp Backcountry Carbon 2.0 Teleskopst\u00f6cke schr\u00e4g im Bild. Rechts oben buntes bolting.eu Logo.\"},{\"@type\":\"BreadcrumbList\",\"@id\":\"https:\/\/bolting.eu\/en\/shop\/camp-backcountry-carbon-2-0\/#breadcrumb\",\"itemListElement\":[{\"@type\":\"ListItem\",\"position\":1,\"name\":\"Shop\",\"item\":\"https:\/\/bolting.eu\/en\/shop\/\"},{\"@type\":\"ListItem\",\"position\":2,\"name\":\"climbing equipment\",\"item\":\"https:\/\/bolting.eu\/en\/produkt-kategorie\/climbing-equipment\/\"},{\"@type\":\"ListItem\",\"position\":3,\"name\":\"Climbing accessories\",\"item\":\"https:\/\/bolting.eu\/en\/produkt-kategorie\/climbing-accessories\/\"},{\"@type\":\"ListItem\",\"position\":4,\"name\":\"Camp Backcountry Carbon 2.0\"}]},{\"@type\":\"WebSite\",\"@id\":\"https:\/\/bolting.eu\/en\/#website\",\"url\":\"https:\/\/bolting.eu\/en\/\",\"name\":\"bolting.eu\",\"description\":\"we make climbs happen\",\"publisher\":{\"@id\":\"https:\/\/bolting.eu\/en\/#organization\"},\"potentialAction\":[{\"@type\":\"SearchAction\",\"target\":{\"@type\":\"EntryPoint\",\"urlTemplate\":\"https:\/\/bolting.eu\/en\/?s={search_term_string}\"},\"query-input\":{\"@type\":\"PropertyValueSpecification\",\"valueRequired\":true,\"valueName\":\"search_term_string\"}}],\"inLanguage\":\"en-US\"},{\"@type\":[\"Organization\",\"Place\",\"SportingGoodsStore\"],\"@id\":\"https:\/\/bolting.eu\/en\/#organization\",\"name\":\"bolting.eu\",\"url\":\"https:\/\/bolting.eu\/en\/\",\"logo\":{\"@id\":\"https:\/\/bolting.eu\/en\/shop\/camp-backcountry-carbon-2-0\/#local-main-organization-logo\"},\"image\":{\"@id\":\"https:\/\/bolting.eu\/en\/shop\/camp-backcountry-carbon-2-0\/#local-main-organization-logo\"},\"sameAs\":[\"https:\/\/www.facebook.com\/bolting.eu\",\"https:\/\/www.instagram.com\/bolting.eu\/\"],\"address\":{\"@id\":\"https:\/\/bolting.eu\/en\/shop\/camp-backcountry-carbon-2-0\/#local-main-place-address\"},\"geo\":{\"@type\":\"GeoCoordinates\",\"latitude\":\"47.264176340396226\",\"longitude\":\"11.380109057672346\"},\"telephone\":[\"+43 699 19083372\"],\"openingHoursSpecification\":[{\"@type\":\"OpeningHoursSpecification\",\"dayOfWeek\":[\"Monday\",\"Wednesday\",\"Friday\"],\"opens\":\"14:00\",\"closes\":\"18:00\"},{\"@type\":\"OpeningHoursSpecification\",\"dayOfWeek\":[\"Tuesday\",\"Thursday\",\"Saturday\",\"Sunday\"],\"opens\":\"00:00\",\"closes\":\"00:00\"}],\"email\":\"office@bolting.eu\",\"vatID\":\"ATU59999728\",\"priceRange\":\"$$\",\"currenciesAccepted\":\"Euro\"},{\"@type\":\"PostalAddress\",\"@id\":\"https:\/\/bolting.eu\/en\/shop\/camp-backcountry-carbon-2-0\/#local-main-place-address\",\"streetAddress\":\"Fischnalerstra\u00dfe 4\",\"addressLocality\":\"Innsbruck\",\"postalCode\":\"6020\",\"addressRegion\":\"Tirol\",\"addressCountry\":\"AT\"},{\"@type\":\"ImageObject\",\"inLanguage\":\"en-US\",\"@id\":\"https:\/\/bolting.eu\/en\/shop\/camp-backcountry-carbon-2-0\/#local-main-organization-logo\",\"url\":\"https:\/\/bolting.eu\/wp-content\/uploads\/2019\/09\/bolting-logo.png\",\"contentUrl\":\"https:\/\/bolting.eu\/wp-content\/uploads\/2019\/09\/bolting-logo.png\",\"width\":400,\"height\":211,\"caption\":\"bolting.eu\"}]}<\/script>\n<meta property=\"og:video\" content=\"https:\/\/www.youtube.com\/embed\/shuBVnKbBEQ\" \/>\n<meta property=\"og:video:type\" content=\"text\/html\" \/>\n<meta property=\"og:video:duration\" content=\"217\" \/>\n<meta property=\"og:video:width\" content=\"480\" \/>\n<meta property=\"og:video:height\" content=\"270\" \/>\n<meta property=\"ya:ovs:adult\" content=\"false\" \/>\n<meta property=\"ya:ovs:upload_date\" content=\"2024-11-13T10:40:13+00:00\" \/>\n<meta property=\"ya:ovs:allow_embed\" content=\"true\" \/>\n<meta property=\"product:price:amount\" content=\"74.90\" \/>\n<meta property=\"product:price:currency\" content=\"EUR\" \/>\n<meta property=\"og:availability\" content=\"instock\" \/>\n<meta property=\"product:availability\" content=\"instock\" \/>\n<meta property=\"product:retailer_item_id\" content=\"2621\" \/>\n<meta property=\"product:condition\" content=\"new\" \/>\n<meta name=\"geo.placename\" content=\"Innsbruck\" \/>\n<meta name=\"geo.position\" content=\"47.264176340396226;11.380109057672346\" \/>\n<meta name=\"geo.region\" content=\"Austria\" \/>\n<!-- \/ Yoast SEO Premium plugin. -->","yoast_head_json":{"title":"Camp Backcountry Carbon 2.0 - Teleskop Wanderstock | bolting.eu","description":"Camp Backcountry Carbon 2.0 beim Kletter Hardwareprofi kaufen \u2705 Trusted Shop \u2705 kostenloser Versand* \u2705 14 Tage R\u00fcckgaberecht \u2705 Co2 neutrale Zustellung","robots":{"index":"index","follow":"follow","max-snippet":"max-snippet:-1","max-image-preview":"max-image-preview:large","max-video-preview":"max-video-preview:-1"},"canonical":"https:\/\/bolting.eu\/en\/shop\/camp-backcountry-carbon-2-0\/","og_locale":"en_US","og_type":"article","og_title":"Camp Backcountry Carbon 2.0","og_description":"Camp Backcountry Carbon 2.0 beim Kletter Hardwareprofi kaufen \u2705 Trusted Shop \u2705 kostenloser Versand* \u2705 14 Tage R\u00fcckgaberecht \u2705 Co2 neutrale Zustellung","og_url":"https:\/\/bolting.eu\/en\/shop\/camp-backcountry-carbon-2-0\/","og_site_name":"bolting.eu","article_publisher":"https:\/\/www.facebook.com\/bolting.eu","article_modified_time":"2024-11-14T12:56:11+00:00","og_image":[{"width":700,"height":700,"url":"https:\/\/bolting.eu\/wp-content\/uploads\/2024\/11\/Camp-Backcountry-Carbon-6.jpg","type":"image\/jpeg"}],"twitter_card":"summary_large_image","twitter_misc":{"Price":"&euro;&nbsp;74,90","Availability":"In stock"},"schema":{"@context":"https:\/\/schema.org","@graph":[{"@type":["WebPage","ItemPage"],"@id":"https:\/\/bolting.eu\/en\/shop\/camp-backcountry-carbon-2-0\/","url":"https:\/\/bolting.eu\/en\/shop\/camp-backcountry-carbon-2-0\/","name":"Camp Backcountry Carbon 2.0 - Teleskop Wanderstock | bolting.eu","isPartOf":{"@id":"https:\/\/bolting.eu\/en\/#website"},"primaryImageOfPage":{"@id":"https:\/\/bolting.eu\/en\/shop\/camp-backcountry-carbon-2-0\/#primaryimage"},"image":{"@id":"https:\/\/bolting.eu\/en\/shop\/camp-backcountry-carbon-2-0\/#primaryimage"},"thumbnailUrl":"https:\/\/bolting.eu\/wp-content\/uploads\/2024\/11\/Camp-Backcountry-Carbon-6.jpg","datePublished":"2024-11-13T10:40:13+00:00","dateModified":"2024-11-14T12:56:11+00:00","description":"Camp Backcountry Carbon 2.0 beim Kletter Hardwareprofi kaufen \u2705 Trusted Shop \u2705 kostenloser Versand* \u2705 14 Tage R\u00fcckgaberecht \u2705 Co2 neutrale Zustellung","breadcrumb":{"@id":"https:\/\/bolting.eu\/en\/shop\/camp-backcountry-carbon-2-0\/#breadcrumb"},"inLanguage":"en-US","potentialAction":[{"@type":"ReadAction","target":["https:\/\/bolting.eu\/en\/shop\/camp-backcountry-carbon-2-0\/"]}]},{"@type":"ImageObject","inLanguage":"en-US","@id":"https:\/\/bolting.eu\/en\/shop\/camp-backcountry-carbon-2-0\/#primaryimage","url":"https:\/\/bolting.eu\/wp-content\/uploads\/2024\/11\/Camp-Backcountry-Carbon-6.jpg","contentUrl":"https:\/\/bolting.eu\/wp-content\/uploads\/2024\/11\/Camp-Backcountry-Carbon-6.jpg","width":700,"height":700,"caption":"Ein Paar Camp Backcountry Carbon 2.0 Teleskopst\u00f6cke schr\u00e4g im Bild. Rechts oben buntes bolting.eu Logo."},{"@type":"BreadcrumbList","@id":"https:\/\/bolting.eu\/en\/shop\/camp-backcountry-carbon-2-0\/#breadcrumb","itemListElement":[{"@type":"ListItem","position":1,"name":"Shop","item":"https:\/\/bolting.eu\/en\/shop\/"},{"@type":"ListItem","position":2,"name":"climbing equipment","item":"https:\/\/bolting.eu\/en\/produkt-kategorie\/climbing-equipment\/"},{"@type":"ListItem","position":3,"name":"Climbing accessories","item":"https:\/\/bolting.eu\/en\/produkt-kategorie\/climbing-accessories\/"},{"@type":"ListItem","position":4,"name":"Camp Backcountry Carbon 2.0"}]},{"@type":"WebSite","@id":"https:\/\/bolting.eu\/en\/#website","url":"https:\/\/bolting.eu\/en\/","name":"bolting.eu","description":"we make climbs happen","publisher":{"@id":"https:\/\/bolting.eu\/en\/#organization"},"potentialAction":[{"@type":"SearchAction","target":{"@type":"EntryPoint","urlTemplate":"https:\/\/bolting.eu\/en\/?s={search_term_string}"},"query-input":{"@type":"PropertyValueSpecification","valueRequired":true,"valueName":"search_term_string"}}],"inLanguage":"en-US"},{"@type":["Organization","Place","SportingGoodsStore"],"@id":"https:\/\/bolting.eu\/en\/#organization","name":"bolting.eu","url":"https:\/\/bolting.eu\/en\/","logo":{"@id":"https:\/\/bolting.eu\/en\/shop\/camp-backcountry-carbon-2-0\/#local-main-organization-logo"},"image":{"@id":"https:\/\/bolting.eu\/en\/shop\/camp-backcountry-carbon-2-0\/#local-main-organization-logo"},"sameAs":["https:\/\/www.facebook.com\/bolting.eu","https:\/\/www.instagram.com\/bolting.eu\/"],"address":{"@id":"https:\/\/bolting.eu\/en\/shop\/camp-backcountry-carbon-2-0\/#local-main-place-address"},"geo":{"@type":"GeoCoordinates","latitude":"47.264176340396226","longitude":"11.380109057672346"},"telephone":["+43 699 19083372"],"openingHoursSpecification":[{"@type":"OpeningHoursSpecification","dayOfWeek":["Monday","Wednesday","Friday"],"opens":"14:00","closes":"18:00"},{"@type":"OpeningHoursSpecification","dayOfWeek":["Tuesday","Thursday","Saturday","Sunday"],"opens":"00:00","closes":"00:00"}],"email":"office@bolting.eu","vatID":"ATU59999728","priceRange":"$$","currenciesAccepted":"Euro"},{"@type":"PostalAddress","@id":"https:\/\/bolting.eu\/en\/shop\/camp-backcountry-carbon-2-0\/#local-main-place-address","streetAddress":"Fischnalerstra\u00dfe 4","addressLocality":"Innsbruck","postalCode":"6020","addressRegion":"Tirol","addressCountry":"AT"},{"@type":"ImageObject","inLanguage":"en-US","@id":"https:\/\/bolting.eu\/en\/shop\/camp-backcountry-carbon-2-0\/#local-main-organization-logo","url":"https:\/\/bolting.eu\/wp-content\/uploads\/2019\/09\/bolting-logo.png","contentUrl":"https:\/\/bolting.eu\/wp-content\/uploads\/2019\/09\/bolting-logo.png","width":400,"height":211,"caption":"bolting.eu"}]},"og_video":"https:\/\/www.youtube.com\/embed\/shuBVnKbBEQ","og_video_type":"text\/html","og_video_duration":"217","og_video_width":"480","og_video_height":"270","ya_ovs_adult":"false","ya_ovs_upload_date":"2024-11-13T10:40:13+00:00","ya_ovs_allow_embed":"true","product_price_amount":"74.90","product_price_currency":"EUR","og_availability":"instock","product_availability":"instock","product_retailer_item_id":"2621","product_condition":"new","geo.placename":"Innsbruck","geo.position":{"lat":"47.264176340396226","long":"11.380109057672346"},"geo.region":"Austria"},"_links":{"self":[{"href":"https:\/\/bolting.eu\/en\/wp-json\/wp\/v2\/product\/21902","targetHints":{"allow":["GET"]}}],"collection":[{"href":"https:\/\/bolting.eu\/en\/wp-json\/wp\/v2\/product"}],"about":[{"href":"https:\/\/bolting.eu\/en\/wp-json\/wp\/v2\/types\/product"}],"replies":[{"embeddable":true,"href":"https:\/\/bolting.eu\/en\/wp-json\/wp\/v2\/comments?post=21902"}],"wp:featuredmedia":[{"embeddable":true,"href":"https:\/\/bolting.eu\/en\/wp-json\/wp\/v2\/media\/21903"}],"wp:attachment":[{"href":"https:\/\/bolting.eu\/en\/wp-json\/wp\/v2\/media?parent=21902"}],"wp:term":[{"taxonomy":"product_brand","embeddable":true,"href":"https:\/\/bolting.eu\/en\/wp-json\/wp\/v2\/product_brand?post=21902"},{"taxonomy":"product_cat","embeddable":true,"href":"https:\/\/bolting.eu\/en\/wp-json\/wp\/v2\/product_cat?post=21902"},{"taxonomy":"product_tag","embeddable":true,"href":"https:\/\/bolting.eu\/en\/wp-json\/wp\/v2\/product_tag?post=21902"}],"curies":[{"name":"wp","href":"https:\/\/api.w.org\/{rel}","templated":true}]}}