{"id":2189,"date":"2020-03-17T12:18:46","date_gmt":"2020-03-17T11:18:46","guid":{"rendered":"https:\/\/bolting.eu\/?post_type=product&#038;p=2189"},"modified":"2026-01-10T20:41:00","modified_gmt":"2026-01-10T19:41:00","slug":"expressschlinge-kong-frog","status":"publish","type":"product","link":"https:\/\/bolting.eu\/en\/shop\/expressschlinge-kong-frog\/","title":{"rendered":"Expressschlinge Kong Frog"},"content":{"rendered":"<p>Die Expressschlinge Kong Frog ist ein super hilfreiches Produkt. Denn es hilft Euch einerseits Fixpunkte gerade von unten zu klippen. Andererseits kann die Express in Drahtseile bzw. Absturzsicherungen bei H\u00f6henarbeiten eingeh\u00e4ngt werden.<\/p>\n<p>Deswegen sollte es in keiner Kletterausr\u00fcstung bzw. H\u00f6henarbeiter Ausr\u00fcstung fehlen.<\/p>\n<h3>Expressschlinge Kong Frog<\/h3>\n<p>Die Beliebtheit dieser Expressschlinge ist leicht erkl\u00e4rt. Erstens wird die Schlinge mit integriertem Frog &#8220;Karabiner&#8221; geliefert. Dieser l\u00e4sst sich in ge\u00f6ffnetem Zustand fixieren und kann somit leicht von unten eingeh\u00e4ngt werden. Dies kann man einfach &#8220;gerade aus&#8221; machen. Zweitens verwenden sehr viele H\u00f6henarbeiter die EN zertifizierte Schlinge. Denn man kann viele Sicherungspunkte mit bis zu 12mm Breite super schnell einh\u00e4ngen. Ein unabsichtliches Aush\u00e4ngen ist mit dem Frog ja nicht m\u00f6glich.Kurzum: ein richtig wertvoller Helfer<\/p>\n<h3>Eigenschaften Expressschlinge Kong Frog<\/h3>\n<ul>\n<li>Hersteller: Kong<\/li>\n<li>L\u00e4nge: 20cm<\/li>\n<li>Gewicht: 120 Gramm<\/li>\n<li>Frog \u00d6ffnung: 12,7mm breit<\/li>\n<li>EN Norm 12275 und EBN 362 f\u00fcr H\u00f6henarbeiten<\/li>\n<li>fixer &#8220;Frog&#8221; Karabiner mit smarten Mechanismus der ihn zuerst offen h\u00e4lt<\/li>\n<li>&#8220;Frog&#8221; schlie\u00dft nach dem Einh\u00e4ngen automatisch<\/li>\n<li>ungewolltes \u00d6ffnen unm\u00f6glich<\/li>\n<li>made in Italy<\/li>\n<\/ul>\n<h3>Video Expressschlinge Kong Frog<\/h3>\n<p>Wie die Verwendung des Frog genau funktioniert, zeigt euch dieses Video:<\/p>\n<p><iframe loading=\"lazy\" src=\"https:\/\/www.youtube.com\/embed\/LukSAGSmDlg\" width=\"100%\" height=\"450\" frameborder=\"0\" allowfullscreen=\"allowfullscreen\"><span data-mce-type=\"bookmark\" style=\"display: inline-block; width: 0px; overflow: hidden; line-height: 0;\" class=\"mce_SELRES_start\">\ufeff<\/span><\/iframe><\/p>\n<p>&nbsp;<\/p>\n<h3>Praxis Tipp<\/h3>\n<p><a href=\"https:\/\/bolting.eu\/wp-content\/uploads\/2020\/03\/Expressschlinge-Kon-Frog-2.jpg\"><img loading=\"lazy\" decoding=\"async\" class=\"size-thumbnail wp-image-2196 alignleft\" src=\"https:\/\/bolting.eu\/wp-content\/uploads\/2020\/03\/Expressschlinge-Kon-Frog-2-280x280.jpg\" alt=\"Das Bild zeigt die orange-schwarze Expressschlinge Kong Frog beim Einh\u00e4ngen in eine Lasche.\" width=\"280\" height=\"280\" srcset=\"https:\/\/bolting.eu\/wp-content\/uploads\/2020\/03\/Expressschlinge-Kon-Frog-2-280x280.jpg 280w, https:\/\/bolting.eu\/wp-content\/uploads\/2020\/03\/Expressschlinge-Kon-Frog-2-247x247.jpg 247w, https:\/\/bolting.eu\/wp-content\/uploads\/2020\/03\/Expressschlinge-Kon-Frog-2-100x100.jpg 100w, https:\/\/bolting.eu\/wp-content\/uploads\/2020\/03\/Expressschlinge-Kon-Frog-2-510x510.jpg 510w, https:\/\/bolting.eu\/wp-content\/uploads\/2020\/03\/Expressschlinge-Kon-Frog-2-400x400.jpg 400w, https:\/\/bolting.eu\/wp-content\/uploads\/2020\/03\/Expressschlinge-Kon-Frog-2-300x300.jpg 300w, https:\/\/bolting.eu\/wp-content\/uploads\/2020\/03\/Expressschlinge-Kon-Frog-2-600x600.jpg 600w, https:\/\/bolting.eu\/wp-content\/uploads\/2020\/03\/Expressschlinge-Kon-Frog-2.jpg 700w\" sizes=\"auto, (max-width: 280px) 100vw, 280px\" \/><\/a>Um die Expressschlinge an der Wand verwenden zu k\u00f6nnen, braucht man eine relativ stabile Position. D.h. man sollte eine komfortable Klipp-Position haben um sie einh\u00e4ngen zu k\u00f6nnen. \u00dcbt das einh\u00e4ndige Verwenden der versteiften Expressschlinge um gut f\u00fcr den &#8220;Ernstfall&#8221; vorbereitet zu sein.<\/p>\n<p>Beachtet bitte. Mit der <a href=\"https:\/\/bolting.eu\/shop\/expressschlinge-kong-panic\/\">Expressschlinge Kong Panic<\/a> bzw. <a href=\"https:\/\/bolting.eu\/shop\/expressschlinge-kong-prog-versteifte-express\/\">Expressschlinge Kong Prog<\/a> gibt es zwei Alternativen mit 30cm bzw. 45cm versteiftem Bandmaterial. Wem die Expresschlinge Kong Frog L\u00f6sung nicht gef\u00e4llt, sollte die Panic Schlinge mit dem Karabiner als Alternative erw\u00e4gen.<\/p>\n<p><strong>Was ist der Unterschied zwischen dem Frog bzw. Prog und der Panic Schlinge?<\/strong><\/p>\n<p>Der Prog und Frog hat vor allem dann Vorteile, wenn sich die Fixpunkte neben Felsh\u00f6ckern, in Verschneidungen oder um Kanten befinden. Denn diese werden ganz gerade eingeh\u00e4ngt. Die Schlinge mit dem Karabiner muss von der der Seite geklippt werden. D.h. man verliert ein paar Zentimeter bzw. kann das Einh\u00e4ngen manchmal nicht m\u00f6glich sein. Wenn wie bereits erw\u00e4hnt eben ein Hindernis da ist.<\/p>\n<p>Wir empfehlen Euch zur Expressschlinge auch das <a href=\"https:\/\/bolting.eu\/shop\/kong-kletterausruestung-pflegeoel\/\">Karabiner Pflege\u00f6l<\/a>. So haltet ihr den Klemm-Mechanismus des hakenseitigen Karabiner immer funktionst\u00fcchtig.<\/p>\n<p>Link Tipp: <a href=\"https:\/\/www.kong.it\" target=\"_blank\" rel=\"noopener noreferrer\">zum Hersteller<\/a><\/p>\n<p>&nbsp;<\/p>\n","protected":false},"excerpt":{"rendered":"<ul>\n<li>Hersteller: Kong<\/li>\n<li>L\u00e4nge: 20cm<\/li>\n<li>Gewicht: 120 Gramm<\/li>\n<li>Frog \u00d6ffnung: 12,7mm breit<\/li>\n<li>EN Norm 12275 und EBN 362 f\u00fcr H\u00f6henarbeiten<\/li>\n<li>fixer &#8220;Frog&#8221; Karabiner mit smarten Mechanismus der ihn zuerst offen h\u00e4lt<\/li>\n<li>&#8220;Frog&#8221; schlie\u00dft nach dem Einh\u00e4ngen automatisch<\/li>\n<li>ungewolltes \u00d6ffnen unm\u00f6glich<\/li>\n<li>made in Italy<\/li>\n<\/ul>\n","protected":false},"featured_media":2194,"comment_status":"closed","ping_status":"closed","template":"","meta":[],"product_brand":[],"product_cat":[220,29,4651],"product_tag":[],"class_list":{"0":"post-2189","1":"product","2":"type-product","3":"status-publish","4":"has-post-thumbnail","6":"product_cat-expressschlingen","7":"product_cat-kletterausruestung","8":"product_cat-kong","10":"first","11":"instock","12":"taxable","13":"shipping-taxable","14":"purchasable","15":"product-type-simple"},"yoast_head":"<!-- This site is optimized with the Yoast SEO Premium plugin v26.9 (Yoast SEO v26.9) - https:\/\/yoast.com\/product\/yoast-seo-premium-wordpress\/ -->\n<title>Expressschlinge Kong Frog | bolting.eu<\/title>\n<meta name=\"description\" content=\"Hier findet ihr die Expressschlinge Kong FROG. Ein Anschlagmittel mit revolution\u00e4rem, sofort verschlie\u00dfendem Mechanismus!\" \/>\n<meta name=\"robots\" content=\"index, follow, max-snippet:-1, max-image-preview:large, max-video-preview:-1\" \/>\n<link rel=\"canonical\" href=\"https:\/\/bolting.eu\/en\/shop\/expressschlinge-kong-frog\/\" \/>\n<meta property=\"og:locale\" content=\"en_US\" \/>\n<meta property=\"og:type\" content=\"article\" \/>\n<meta property=\"og:title\" content=\"Expressschlinge Kong Frog\" \/>\n<meta property=\"og:description\" content=\"Hier findet ihr die Expressschlinge Kong FROG. Ein Anschlagmittel mit revolution\u00e4rem, sofort verschlie\u00dfendem Mechanismus!\" \/>\n<meta property=\"og:url\" content=\"https:\/\/bolting.eu\/en\/shop\/expressschlinge-kong-frog\/\" \/>\n<meta property=\"og:site_name\" content=\"bolting.eu\" \/>\n<meta property=\"article:publisher\" content=\"https:\/\/www.facebook.com\/bolting.eu\" \/>\n<meta property=\"article:modified_time\" content=\"2026-01-10T19:41:00+00:00\" \/>\n<meta property=\"og:image\" content=\"https:\/\/bolting.eu\/wp-content\/uploads\/2020\/03\/Expressschlinge-Kon-Frog.jpg\" \/>\n\t<meta property=\"og:image:width\" content=\"700\" \/>\n\t<meta property=\"og:image:height\" content=\"700\" \/>\n\t<meta property=\"og:image:type\" content=\"image\/jpeg\" \/>\n<meta name=\"twitter:card\" content=\"summary_large_image\" \/>\n<meta name=\"twitter:label1\" content=\"Price\" \/>\n\t<meta name=\"twitter:data1\" content=\"&euro;&nbsp;29,90\" \/>\n\t<meta name=\"twitter:label2\" content=\"Availability\" \/>\n\t<meta name=\"twitter:data2\" content=\"In stock\" \/>\n<script type=\"application\/ld+json\" class=\"yoast-schema-graph\">{\"@context\":\"https:\/\/schema.org\",\"@graph\":[{\"@type\":[\"WebPage\",\"ItemPage\"],\"@id\":\"https:\/\/bolting.eu\/en\/shop\/expressschlinge-kong-frog\/\",\"url\":\"https:\/\/bolting.eu\/en\/shop\/expressschlinge-kong-frog\/\",\"name\":\"Expressschlinge Kong Frog | bolting.eu\",\"isPartOf\":{\"@id\":\"https:\/\/bolting.eu\/en\/#website\"},\"primaryImageOfPage\":{\"@id\":\"https:\/\/bolting.eu\/en\/shop\/expressschlinge-kong-frog\/#primaryimage\"},\"image\":{\"@id\":\"https:\/\/bolting.eu\/en\/shop\/expressschlinge-kong-frog\/#primaryimage\"},\"thumbnailUrl\":\"https:\/\/bolting.eu\/wp-content\/uploads\/2020\/03\/Expressschlinge-Kon-Frog.jpg\",\"datePublished\":\"2020-03-17T11:18:46+00:00\",\"dateModified\":\"2026-01-10T19:41:00+00:00\",\"description\":\"Hier findet ihr die Expressschlinge Kong FROG. Ein Anschlagmittel mit revolution\u00e4rem, sofort verschlie\u00dfendem Mechanismus!\",\"breadcrumb\":{\"@id\":\"https:\/\/bolting.eu\/en\/shop\/expressschlinge-kong-frog\/#breadcrumb\"},\"inLanguage\":\"en-US\",\"potentialAction\":[{\"@type\":\"ReadAction\",\"target\":[\"https:\/\/bolting.eu\/en\/shop\/expressschlinge-kong-frog\/\"]}]},{\"@type\":\"ImageObject\",\"inLanguage\":\"en-US\",\"@id\":\"https:\/\/bolting.eu\/en\/shop\/expressschlinge-kong-frog\/#primaryimage\",\"url\":\"https:\/\/bolting.eu\/wp-content\/uploads\/2020\/03\/Expressschlinge-Kon-Frog.jpg\",\"contentUrl\":\"https:\/\/bolting.eu\/wp-content\/uploads\/2020\/03\/Expressschlinge-Kon-Frog.jpg\",\"width\":700,\"height\":700,\"caption\":\"Das Bild zeigt die orange-schwarze Expressschlinge Kong Frog aufrecht in Bildmitte. Oben der Metall Verschluss Mechanismus.\"},{\"@type\":\"BreadcrumbList\",\"@id\":\"https:\/\/bolting.eu\/en\/shop\/expressschlinge-kong-frog\/#breadcrumb\",\"itemListElement\":[{\"@type\":\"ListItem\",\"position\":1,\"name\":\"Shop\",\"item\":\"https:\/\/bolting.eu\/en\/shop\/\"},{\"@type\":\"ListItem\",\"position\":2,\"name\":\"climbing equipment\",\"item\":\"https:\/\/bolting.eu\/en\/produkt-kategorie\/climbing-equipment\/\"},{\"@type\":\"ListItem\",\"position\":3,\"name\":\"Quickdraws\",\"item\":\"https:\/\/bolting.eu\/en\/produkt-kategorie\/quickdraws\/\"},{\"@type\":\"ListItem\",\"position\":4,\"name\":\"Expressschlinge Kong Frog\"}]},{\"@type\":\"WebSite\",\"@id\":\"https:\/\/bolting.eu\/en\/#website\",\"url\":\"https:\/\/bolting.eu\/en\/\",\"name\":\"bolting.eu\",\"description\":\"we make climbs happen\",\"publisher\":{\"@id\":\"https:\/\/bolting.eu\/en\/#organization\"},\"potentialAction\":[{\"@type\":\"SearchAction\",\"target\":{\"@type\":\"EntryPoint\",\"urlTemplate\":\"https:\/\/bolting.eu\/en\/?s={search_term_string}\"},\"query-input\":{\"@type\":\"PropertyValueSpecification\",\"valueRequired\":true,\"valueName\":\"search_term_string\"}}],\"inLanguage\":\"en-US\"},{\"@type\":[\"Organization\",\"Place\",\"SportingGoodsStore\"],\"@id\":\"https:\/\/bolting.eu\/en\/#organization\",\"name\":\"bolting.eu\",\"url\":\"https:\/\/bolting.eu\/en\/\",\"logo\":{\"@id\":\"https:\/\/bolting.eu\/en\/shop\/expressschlinge-kong-frog\/#local-main-organization-logo\"},\"image\":{\"@id\":\"https:\/\/bolting.eu\/en\/shop\/expressschlinge-kong-frog\/#local-main-organization-logo\"},\"sameAs\":[\"https:\/\/www.facebook.com\/bolting.eu\",\"https:\/\/www.instagram.com\/bolting.eu\/\"],\"address\":{\"@id\":\"https:\/\/bolting.eu\/en\/shop\/expressschlinge-kong-frog\/#local-main-place-address\"},\"geo\":{\"@type\":\"GeoCoordinates\",\"latitude\":\"47.264176340396226\",\"longitude\":\"11.380109057672346\"},\"telephone\":[\"+43 699 19083372\"],\"openingHoursSpecification\":[{\"@type\":\"OpeningHoursSpecification\",\"dayOfWeek\":[\"Monday\",\"Wednesday\",\"Friday\"],\"opens\":\"14:00\",\"closes\":\"18:00\"},{\"@type\":\"OpeningHoursSpecification\",\"dayOfWeek\":[\"Tuesday\",\"Thursday\",\"Saturday\",\"Sunday\"],\"opens\":\"00:00\",\"closes\":\"00:00\"}],\"email\":\"office@bolting.eu\",\"vatID\":\"ATU59999728\",\"priceRange\":\"$$\",\"currenciesAccepted\":\"Euro\"},{\"@type\":\"PostalAddress\",\"@id\":\"https:\/\/bolting.eu\/en\/shop\/expressschlinge-kong-frog\/#local-main-place-address\",\"streetAddress\":\"Fischnalerstra\u00dfe 4\",\"addressLocality\":\"Innsbruck\",\"postalCode\":\"6020\",\"addressRegion\":\"Tirol\",\"addressCountry\":\"AT\"},{\"@type\":\"ImageObject\",\"inLanguage\":\"en-US\",\"@id\":\"https:\/\/bolting.eu\/en\/shop\/expressschlinge-kong-frog\/#local-main-organization-logo\",\"url\":\"https:\/\/bolting.eu\/wp-content\/uploads\/2019\/09\/bolting-logo.png\",\"contentUrl\":\"https:\/\/bolting.eu\/wp-content\/uploads\/2019\/09\/bolting-logo.png\",\"width\":400,\"height\":211,\"caption\":\"bolting.eu\"}]}<\/script>\n<meta property=\"og:video\" content=\"https:\/\/www.youtube.com\/embed\/LukSAGSmDlg\" \/>\n<meta property=\"og:video:type\" content=\"text\/html\" \/>\n<meta property=\"og:video:duration\" content=\"27\" \/>\n<meta property=\"og:video:width\" content=\"480\" \/>\n<meta property=\"og:video:height\" content=\"270\" \/>\n<meta property=\"ya:ovs:adult\" content=\"false\" \/>\n<meta property=\"ya:ovs:upload_date\" content=\"2020-03-17T11:18:46+00:00\" \/>\n<meta property=\"ya:ovs:allow_embed\" content=\"true\" \/>\n<meta property=\"product:price:amount\" content=\"29.90\" \/>\n<meta property=\"product:price:currency\" content=\"EUR\" \/>\n<meta property=\"og:availability\" content=\"instock\" \/>\n<meta property=\"product:availability\" content=\"instock\" \/>\n<meta property=\"product:retailer_item_id\" content=\"704012000KK\" \/>\n<meta property=\"product:condition\" content=\"new\" \/>\n<meta name=\"geo.placename\" content=\"Innsbruck\" \/>\n<meta name=\"geo.position\" content=\"47.264176340396226;11.380109057672346\" \/>\n<meta name=\"geo.region\" content=\"Austria\" \/>\n<!-- \/ Yoast SEO Premium plugin. -->","yoast_head_json":{"title":"Expressschlinge Kong Frog | bolting.eu","description":"Hier findet ihr die Expressschlinge Kong FROG. Ein Anschlagmittel mit revolution\u00e4rem, sofort verschlie\u00dfendem Mechanismus!","robots":{"index":"index","follow":"follow","max-snippet":"max-snippet:-1","max-image-preview":"max-image-preview:large","max-video-preview":"max-video-preview:-1"},"canonical":"https:\/\/bolting.eu\/en\/shop\/expressschlinge-kong-frog\/","og_locale":"en_US","og_type":"article","og_title":"Expressschlinge Kong Frog","og_description":"Hier findet ihr die Expressschlinge Kong FROG. Ein Anschlagmittel mit revolution\u00e4rem, sofort verschlie\u00dfendem Mechanismus!","og_url":"https:\/\/bolting.eu\/en\/shop\/expressschlinge-kong-frog\/","og_site_name":"bolting.eu","article_publisher":"https:\/\/www.facebook.com\/bolting.eu","article_modified_time":"2026-01-10T19:41:00+00:00","og_image":[{"width":700,"height":700,"url":"https:\/\/bolting.eu\/wp-content\/uploads\/2020\/03\/Expressschlinge-Kon-Frog.jpg","type":"image\/jpeg"}],"twitter_card":"summary_large_image","twitter_misc":{"Price":"&euro;&nbsp;29,90","Availability":"In stock"},"schema":{"@context":"https:\/\/schema.org","@graph":[{"@type":["WebPage","ItemPage"],"@id":"https:\/\/bolting.eu\/en\/shop\/expressschlinge-kong-frog\/","url":"https:\/\/bolting.eu\/en\/shop\/expressschlinge-kong-frog\/","name":"Expressschlinge Kong Frog | bolting.eu","isPartOf":{"@id":"https:\/\/bolting.eu\/en\/#website"},"primaryImageOfPage":{"@id":"https:\/\/bolting.eu\/en\/shop\/expressschlinge-kong-frog\/#primaryimage"},"image":{"@id":"https:\/\/bolting.eu\/en\/shop\/expressschlinge-kong-frog\/#primaryimage"},"thumbnailUrl":"https:\/\/bolting.eu\/wp-content\/uploads\/2020\/03\/Expressschlinge-Kon-Frog.jpg","datePublished":"2020-03-17T11:18:46+00:00","dateModified":"2026-01-10T19:41:00+00:00","description":"Hier findet ihr die Expressschlinge Kong FROG. Ein Anschlagmittel mit revolution\u00e4rem, sofort verschlie\u00dfendem Mechanismus!","breadcrumb":{"@id":"https:\/\/bolting.eu\/en\/shop\/expressschlinge-kong-frog\/#breadcrumb"},"inLanguage":"en-US","potentialAction":[{"@type":"ReadAction","target":["https:\/\/bolting.eu\/en\/shop\/expressschlinge-kong-frog\/"]}]},{"@type":"ImageObject","inLanguage":"en-US","@id":"https:\/\/bolting.eu\/en\/shop\/expressschlinge-kong-frog\/#primaryimage","url":"https:\/\/bolting.eu\/wp-content\/uploads\/2020\/03\/Expressschlinge-Kon-Frog.jpg","contentUrl":"https:\/\/bolting.eu\/wp-content\/uploads\/2020\/03\/Expressschlinge-Kon-Frog.jpg","width":700,"height":700,"caption":"Das Bild zeigt die orange-schwarze Expressschlinge Kong Frog aufrecht in Bildmitte. Oben der Metall Verschluss Mechanismus."},{"@type":"BreadcrumbList","@id":"https:\/\/bolting.eu\/en\/shop\/expressschlinge-kong-frog\/#breadcrumb","itemListElement":[{"@type":"ListItem","position":1,"name":"Shop","item":"https:\/\/bolting.eu\/en\/shop\/"},{"@type":"ListItem","position":2,"name":"climbing equipment","item":"https:\/\/bolting.eu\/en\/produkt-kategorie\/climbing-equipment\/"},{"@type":"ListItem","position":3,"name":"Quickdraws","item":"https:\/\/bolting.eu\/en\/produkt-kategorie\/quickdraws\/"},{"@type":"ListItem","position":4,"name":"Expressschlinge Kong Frog"}]},{"@type":"WebSite","@id":"https:\/\/bolting.eu\/en\/#website","url":"https:\/\/bolting.eu\/en\/","name":"bolting.eu","description":"we make climbs happen","publisher":{"@id":"https:\/\/bolting.eu\/en\/#organization"},"potentialAction":[{"@type":"SearchAction","target":{"@type":"EntryPoint","urlTemplate":"https:\/\/bolting.eu\/en\/?s={search_term_string}"},"query-input":{"@type":"PropertyValueSpecification","valueRequired":true,"valueName":"search_term_string"}}],"inLanguage":"en-US"},{"@type":["Organization","Place","SportingGoodsStore"],"@id":"https:\/\/bolting.eu\/en\/#organization","name":"bolting.eu","url":"https:\/\/bolting.eu\/en\/","logo":{"@id":"https:\/\/bolting.eu\/en\/shop\/expressschlinge-kong-frog\/#local-main-organization-logo"},"image":{"@id":"https:\/\/bolting.eu\/en\/shop\/expressschlinge-kong-frog\/#local-main-organization-logo"},"sameAs":["https:\/\/www.facebook.com\/bolting.eu","https:\/\/www.instagram.com\/bolting.eu\/"],"address":{"@id":"https:\/\/bolting.eu\/en\/shop\/expressschlinge-kong-frog\/#local-main-place-address"},"geo":{"@type":"GeoCoordinates","latitude":"47.264176340396226","longitude":"11.380109057672346"},"telephone":["+43 699 19083372"],"openingHoursSpecification":[{"@type":"OpeningHoursSpecification","dayOfWeek":["Monday","Wednesday","Friday"],"opens":"14:00","closes":"18:00"},{"@type":"OpeningHoursSpecification","dayOfWeek":["Tuesday","Thursday","Saturday","Sunday"],"opens":"00:00","closes":"00:00"}],"email":"office@bolting.eu","vatID":"ATU59999728","priceRange":"$$","currenciesAccepted":"Euro"},{"@type":"PostalAddress","@id":"https:\/\/bolting.eu\/en\/shop\/expressschlinge-kong-frog\/#local-main-place-address","streetAddress":"Fischnalerstra\u00dfe 4","addressLocality":"Innsbruck","postalCode":"6020","addressRegion":"Tirol","addressCountry":"AT"},{"@type":"ImageObject","inLanguage":"en-US","@id":"https:\/\/bolting.eu\/en\/shop\/expressschlinge-kong-frog\/#local-main-organization-logo","url":"https:\/\/bolting.eu\/wp-content\/uploads\/2019\/09\/bolting-logo.png","contentUrl":"https:\/\/bolting.eu\/wp-content\/uploads\/2019\/09\/bolting-logo.png","width":400,"height":211,"caption":"bolting.eu"}]},"og_video":"https:\/\/www.youtube.com\/embed\/LukSAGSmDlg","og_video_type":"text\/html","og_video_duration":"27","og_video_width":"480","og_video_height":"270","ya_ovs_adult":"false","ya_ovs_upload_date":"2020-03-17T11:18:46+00:00","ya_ovs_allow_embed":"true","product_price_amount":"29.90","product_price_currency":"EUR","og_availability":"instock","product_availability":"instock","product_retailer_item_id":"704012000KK","product_condition":"new","geo.placename":"Innsbruck","geo.position":{"lat":"47.264176340396226","long":"11.380109057672346"},"geo.region":"Austria"},"_links":{"self":[{"href":"https:\/\/bolting.eu\/en\/wp-json\/wp\/v2\/product\/2189","targetHints":{"allow":["GET"]}}],"collection":[{"href":"https:\/\/bolting.eu\/en\/wp-json\/wp\/v2\/product"}],"about":[{"href":"https:\/\/bolting.eu\/en\/wp-json\/wp\/v2\/types\/product"}],"replies":[{"embeddable":true,"href":"https:\/\/bolting.eu\/en\/wp-json\/wp\/v2\/comments?post=2189"}],"wp:featuredmedia":[{"embeddable":true,"href":"https:\/\/bolting.eu\/en\/wp-json\/wp\/v2\/media\/2194"}],"wp:attachment":[{"href":"https:\/\/bolting.eu\/en\/wp-json\/wp\/v2\/media?parent=2189"}],"wp:term":[{"taxonomy":"product_brand","embeddable":true,"href":"https:\/\/bolting.eu\/en\/wp-json\/wp\/v2\/product_brand?post=2189"},{"taxonomy":"product_cat","embeddable":true,"href":"https:\/\/bolting.eu\/en\/wp-json\/wp\/v2\/product_cat?post=2189"},{"taxonomy":"product_tag","embeddable":true,"href":"https:\/\/bolting.eu\/en\/wp-json\/wp\/v2\/product_tag?post=2189"}],"curies":[{"name":"wp","href":"https:\/\/api.w.org\/{rel}","templated":true}]}}