{"id":21778,"date":"2024-10-28T18:28:03","date_gmt":"2024-10-28T17:28:03","guid":{"rendered":"https:\/\/bolting.eu\/?post_type=product&#038;p=21778"},"modified":"2026-01-05T16:54:59","modified_gmt":"2026-01-05T15:54:59","slug":"schuh-schneeketten-stubai-ice-track","status":"publish","type":"product","link":"https:\/\/bolting.eu\/en\/shop\/schuh-schneeketten-stubai-ice-track\/","title":{"rendered":"Schuh Schneeketten Stubai Ice Track"},"content":{"rendered":"<p>Die Stubai Ice Track sind Schuh Schneeketten in drei Gr\u00f6\u00dfen. Erstens f\u00fcr EU 36-41. Zweitens in EU 41 &#8211; 44,5. Und drittens in EU 45-48.<\/p>\n<p>Diese Mini <a href=\"https:\/\/bolting.eu\/produkt-kategorie\/bergsteiger-ausruestung\/steigeisen\/\">Steigeisen<\/a> k\u00f6nnen ganz einfach \u00fcber alle Arten von Schuhen gezogen werden. Denn sie sind auf einem elastischen Gummirahmen befestigt. Somit k\u00f6nnt ihr sie \u00fcber niedrige Wanderschuhe, hohe Winterschuhe oder Forststiefel ziehen.<\/p>\n<h2>Eigenschaften Schuh Schneeketten Ice Track<\/h2>\n<ul>\n<li>Hersteller:\u00a0<a href=\"https:\/\/bolting.eu\/produkt-kategorie\/stubai-bergsport\/\">Stubai Bergsport<\/a><\/li>\n<li>Material: Edelstahl, Kunststoff<\/li>\n<li>Gr\u00f6\u00dfen: <strong>M<\/strong> (EU 36 &#8211; 41), <strong>L<\/strong> (EU 41 &#8211; 44 1\/2), <strong>XL<\/strong> (EU45 &#8211; 48)<\/li>\n<li>Gewicht: 440 Gramm<\/li>\n<li>geliefert im praktischen Packbeutel mit G\u00fcrtelaufnahme<\/li>\n<li>mit 8 Zacken mit 9-12mm<\/li>\n<li>f\u00fcr vereiste Wanderwege, Schneefelder, steile Grash\u00e4nge<\/li>\n<li>ideal zum Wandern, Fort, Landwirtschaft und Jagd<\/li>\n<li>sehr einfach zum Anziehen und Ausziehen<\/li>\n<li>sehr langlebig durch Edelstahl Ausf\u00fchrung<\/li>\n<li>f\u00fcr alle Schuharten bzw. auch f\u00fcr Forststiefel<\/li>\n<li>Download\u00a0<a href=\"https:\/\/www.stubai-sports.com\/mount-track--36293318-de.html#:~:text=sizechart%2Dmount%2Dtrack%2Dice%2Dtrack.pdf%20(1%2C41%20MB)\" target=\"_blank\" rel=\"noopener\">Gr\u00f6\u00dfentabelle<\/a><\/li>\n<\/ul>\n<h3>Gr\u00f6\u00dfentabelle<\/h3>\n<p><a href=\"https:\/\/bolting.eu\/wp-content\/uploads\/2024\/10\/Schuh-Schneeketten-Stubai-Ice-Track.jpg\"><img loading=\"lazy\" decoding=\"async\" class=\"alignnone size-full wp-image-21779\" src=\"https:\/\/bolting.eu\/wp-content\/uploads\/2024\/10\/Schuh-Schneeketten-Stubai-Ice-Track.jpg\" alt=\"Gr\u00f6\u00dfentabelle f\u00fcr die Schuh Schneeketten Ice Track von Stubai mit Tabelle und Schuh Symbolen.\" width=\"1000\" height=\"378\" srcset=\"https:\/\/bolting.eu\/wp-content\/uploads\/2024\/10\/Schuh-Schneeketten-Stubai-Ice-Track.jpg 1000w, https:\/\/bolting.eu\/wp-content\/uploads\/2024\/10\/Schuh-Schneeketten-Stubai-Ice-Track-800x302.jpg 800w, https:\/\/bolting.eu\/wp-content\/uploads\/2024\/10\/Schuh-Schneeketten-Stubai-Ice-Track-768x290.jpg 768w, https:\/\/bolting.eu\/wp-content\/uploads\/2024\/10\/Schuh-Schneeketten-Stubai-Ice-Track-510x193.jpg 510w, https:\/\/bolting.eu\/wp-content\/uploads\/2024\/10\/Schuh-Schneeketten-Stubai-Ice-Track-100x38.jpg 100w\" sizes=\"auto, (max-width: 1000px) 100vw, 1000px\" \/><\/a><\/p>\n<h3>Einsatzbereich im Winter Alltag<\/h3>\n<p>Diese Schuh Schneeketten sind erstens f\u00fcr den Alltag im Winter gedacht.<\/p>\n<p>Egal ob Schneeschaufeln in der Einfahrt, der Gang zum Supermarkt oder in die Arbeit. Diese &#8220;Mini Steigeisen&#8221; geben sicheren Halt auf vereistem Untergrund.<\/p>\n<h3>Schneeketten f\u00fcr Schuhe beim Wandern<\/h3>\n<p>Zweitens ist dieses Produkt ideal bei winterlichen Wanderungen ideal. Denn die 9-12mm tiefen Zacken finden auch am eisigsten Wanderweg noch guten Halt.<\/p>\n<p>Ihr kennt das sicher. Eine leichte Aufw\u00e4rts oder Abw\u00e4rts Passage mit einer Eisplatte. Eine potentielle Gefahrenstelle f\u00fcr einen ordentlichen Sturz.<\/p>\n<p>Mit den Mini Gr\u00f6deln ist das \u00fcberhaupt aber zum Gl\u00fcck kein Problem.<\/p>\n<p>Ebenso lassen sich im alpinen Bereich Firnfelder vielsicherer \u00dcberqueren als nur mit Bergschuhen alleine.<\/p>\n<h3>Einsatz in Landwirtschaft, Forst &amp; Jagd<\/h3>\n<p>Der dritte gro\u00dfe Einsatzbereich dieser Schuh Schneeketten ist im steilen Gel\u00e4nde. Wie in der Landwirtschaft, im Forst und bei der Jagd.<\/p>\n<p>Landwirtschaft: auf steilen Wiesen sowie nassem Gras<\/p>\n<p>Forstwirtschaft: im steilen oder leicht verschneiten Gel\u00e4nde im steilen Gel\u00e4nde, in gefrorenen Rinnen, bei leicht verschneiten Gel\u00e4nde<\/p>\n<h3>Option Mini Gr\u00f6del<\/h3>\n<p>Die Schuh Schneeketten Ice Track haben 8 Zacken mit 9-12mm Tiefe. Wem das zu klein dimensioniert erscheint, hat eine weitere Option. Unsere <a href=\"https:\/\/bolting.eu\/shop\/stubai-mini-groedel-mount-track\/\">Mini Gr\u00f6del Mount Track<\/a>.<\/p>\n<p>Diese haben 14 Zacken mit 12-14mm Tiefe. Zudem sind sie teilweise auf kleinen Platten montiert. fast so wie Mini Steigeisen.<\/p>\n<h3>Schuh Schneeketten aus \u00d6sterreich \ud83c\udde6\ud83c\uddf9<\/h3>\n<p>Dieses Produkt von der Firma Stubai in Tirol gefertigt. Sie sind also ein rein \u00f6sterreichisches Produkt.<\/p>\n<p>Das bringt Wertsch\u00f6pfung im Inland, kurze Transportwege und hohe soziale Standards.<\/p>\n<p>Wer hier zugreift, investiert in ein absolutes Qualit\u00e4tsprodukt \u201eMade in Austria\u201c.<\/p>\n","protected":false},"excerpt":{"rendered":"<p>Mini Schneeketten f\u00fcr niedrige Schuhe, Wanderschuhe oder Forststiefel. K\u00f6nnen dank Gummirand ganz leicht \u00fcber die Sohle gezogen werden.<\/p>\n<p>Erh\u00e4ltlich in 3 Gr\u00f6\u00dfen: <strong>M<\/strong> (EU 36 &#8211; 41), <strong>L<\/strong> (EU 41 &#8211; 44 1\/2), <strong>XL<\/strong> (EU45 &#8211; 48)<\/p>\n<p>Versandkostenfrei bis 2kg in <img decoding=\"async\" class=\"emoji\" role=\"img\" draggable=\"false\" src=\"https:\/\/s.w.org\/images\/core\/emoji\/14.0.0\/svg\/1f1e6-1f1f9.svg\" alt=\"\ud83c\udde6\ud83c\uddf9\" \/> ab \u20ac 100,- und <img decoding=\"async\" class=\"emoji\" role=\"img\" draggable=\"false\" src=\"https:\/\/s.w.org\/images\/core\/emoji\/14.0.0\/svg\/1f1e9-1f1ea.svg\" alt=\"\ud83c\udde9\ud83c\uddea\" \/> ab \u20ac 200,-!<\/p>\n","protected":false},"featured_media":21782,"comment_status":"closed","ping_status":"closed","template":"","meta":[],"product_brand":[],"product_cat":[29,5061,13938,14288,14705],"product_tag":[],"class_list":{"0":"post-21778","1":"product","2":"type-product","3":"status-publish","4":"has-post-thumbnail","6":"product_cat-kletterausruestung","7":"product_cat-kletterzubehoer","8":"product_cat-bergsteiger-ausruestung","9":"product_cat-steigeisen","10":"product_cat-woerthersee-extrem","12":"first","13":"instock","14":"taxable","15":"shipping-taxable","16":"purchasable","17":"product-type-variable"},"yoast_head":"<!-- This site is optimized with the Yoast SEO Premium plugin v26.9 (Yoast SEO v26.9) - https:\/\/yoast.com\/product\/yoast-seo-premium-wordpress\/ -->\n<title>Schuh Schneeketten Stubai Ice Track EU 36 - 48 | bolting.eu<\/title>\n<meta name=\"description\" content=\"Schuh Schneeketten Stubai Ice Track beim Bergsportprofi kaufen \u2705 Trusted Shop \u2705 kostenloser Versand* \u2705 14 Tage R\u00fcckgaberecht \u2705 Co2 neutrale Zustellung\" \/>\n<meta name=\"robots\" content=\"index, follow, max-snippet:-1, max-image-preview:large, max-video-preview:-1\" \/>\n<link rel=\"canonical\" href=\"https:\/\/bolting.eu\/en\/shop\/schuh-schneeketten-stubai-ice-track\/\" \/>\n<meta property=\"og:locale\" content=\"en_US\" \/>\n<meta property=\"og:type\" content=\"article\" \/>\n<meta property=\"og:title\" content=\"Schuh Schneeketten Stubai Ice Track\" \/>\n<meta property=\"og:description\" content=\"Schuh Schneeketten Stubai Ice Track beim Bergsportprofi kaufen \u2705 Trusted Shop \u2705 kostenloser Versand* \u2705 14 Tage R\u00fcckgaberecht \u2705 Co2 neutrale Zustellung\" \/>\n<meta property=\"og:url\" content=\"https:\/\/bolting.eu\/en\/shop\/schuh-schneeketten-stubai-ice-track\/\" \/>\n<meta property=\"og:site_name\" content=\"bolting.eu\" \/>\n<meta property=\"article:publisher\" content=\"https:\/\/www.facebook.com\/bolting.eu\" \/>\n<meta property=\"article:modified_time\" content=\"2026-01-05T15:54:59+00:00\" \/>\n<meta property=\"og:image\" content=\"https:\/\/bolting.eu\/wp-content\/uploads\/2024\/10\/Schuh-Schneeketten-Ice-Track-3.jpg\" \/>\n\t<meta property=\"og:image:width\" content=\"700\" \/>\n\t<meta property=\"og:image:height\" content=\"700\" \/>\n\t<meta property=\"og:image:type\" content=\"image\/jpeg\" \/>\n<meta name=\"twitter:card\" content=\"summary_large_image\" \/>\n<meta name=\"twitter:label1\" content=\"Availability\" \/>\n\t<meta name=\"twitter:data1\" content=\"In stock\" \/>\n<script type=\"application\/ld+json\" class=\"yoast-schema-graph\">{\"@context\":\"https:\/\/schema.org\",\"@graph\":[{\"@type\":[\"WebPage\",\"ItemPage\"],\"@id\":\"https:\/\/bolting.eu\/en\/shop\/schuh-schneeketten-stubai-ice-track\/\",\"url\":\"https:\/\/bolting.eu\/en\/shop\/schuh-schneeketten-stubai-ice-track\/\",\"name\":\"Schuh Schneeketten Stubai Ice Track EU 36 - 48 | bolting.eu\",\"isPartOf\":{\"@id\":\"https:\/\/bolting.eu\/en\/#website\"},\"primaryImageOfPage\":{\"@id\":\"https:\/\/bolting.eu\/en\/shop\/schuh-schneeketten-stubai-ice-track\/#primaryimage\"},\"image\":{\"@id\":\"https:\/\/bolting.eu\/en\/shop\/schuh-schneeketten-stubai-ice-track\/#primaryimage\"},\"thumbnailUrl\":\"https:\/\/bolting.eu\/wp-content\/uploads\/2024\/10\/Schuh-Schneeketten-Ice-Track-3.jpg\",\"datePublished\":\"2024-10-28T17:28:03+00:00\",\"dateModified\":\"2026-01-05T15:54:59+00:00\",\"description\":\"Schuh Schneeketten Stubai Ice Track beim Bergsportprofi kaufen \u2705 Trusted Shop \u2705 kostenloser Versand* \u2705 14 Tage R\u00fcckgaberecht \u2705 Co2 neutrale Zustellung\",\"breadcrumb\":{\"@id\":\"https:\/\/bolting.eu\/en\/shop\/schuh-schneeketten-stubai-ice-track\/#breadcrumb\"},\"inLanguage\":\"en-US\",\"potentialAction\":[{\"@type\":\"ReadAction\",\"target\":[\"https:\/\/bolting.eu\/en\/shop\/schuh-schneeketten-stubai-ice-track\/\"]}]},{\"@type\":\"ImageObject\",\"inLanguage\":\"en-US\",\"@id\":\"https:\/\/bolting.eu\/en\/shop\/schuh-schneeketten-stubai-ice-track\/#primaryimage\",\"url\":\"https:\/\/bolting.eu\/wp-content\/uploads\/2024\/10\/Schuh-Schneeketten-Ice-Track-3.jpg\",\"contentUrl\":\"https:\/\/bolting.eu\/wp-content\/uploads\/2024\/10\/Schuh-Schneeketten-Ice-Track-3.jpg\",\"width\":700,\"height\":700,\"caption\":\"Stubai Ice Track Schneeketten auf Wanderschuhe. Rechts oben buntes Bolting.eu Logo.\"},{\"@type\":\"BreadcrumbList\",\"@id\":\"https:\/\/bolting.eu\/en\/shop\/schuh-schneeketten-stubai-ice-track\/#breadcrumb\",\"itemListElement\":[{\"@type\":\"ListItem\",\"position\":1,\"name\":\"Shop\",\"item\":\"https:\/\/bolting.eu\/en\/shop\/\"},{\"@type\":\"ListItem\",\"position\":2,\"name\":\"Bergsteiger Ausr\u00fcstung\",\"item\":\"https:\/\/bolting.eu\/produkt-kategorie\/bergsteiger-ausruestung\/\"},{\"@type\":\"ListItem\",\"position\":3,\"name\":\"Steigeisen\",\"item\":\"https:\/\/bolting.eu\/produkt-kategorie\/bergsteiger-ausruestung\/steigeisen\/\"},{\"@type\":\"ListItem\",\"position\":4,\"name\":\"Schuh Schneeketten Stubai Ice Track\"}]},{\"@type\":\"WebSite\",\"@id\":\"https:\/\/bolting.eu\/en\/#website\",\"url\":\"https:\/\/bolting.eu\/en\/\",\"name\":\"bolting.eu\",\"description\":\"we make climbs happen\",\"publisher\":{\"@id\":\"https:\/\/bolting.eu\/en\/#organization\"},\"potentialAction\":[{\"@type\":\"SearchAction\",\"target\":{\"@type\":\"EntryPoint\",\"urlTemplate\":\"https:\/\/bolting.eu\/en\/?s={search_term_string}\"},\"query-input\":{\"@type\":\"PropertyValueSpecification\",\"valueRequired\":true,\"valueName\":\"search_term_string\"}}],\"inLanguage\":\"en-US\"},{\"@type\":[\"Organization\",\"Place\",\"SportingGoodsStore\"],\"@id\":\"https:\/\/bolting.eu\/en\/#organization\",\"name\":\"bolting.eu\",\"url\":\"https:\/\/bolting.eu\/en\/\",\"logo\":{\"@id\":\"https:\/\/bolting.eu\/en\/shop\/schuh-schneeketten-stubai-ice-track\/#local-main-organization-logo\"},\"image\":{\"@id\":\"https:\/\/bolting.eu\/en\/shop\/schuh-schneeketten-stubai-ice-track\/#local-main-organization-logo\"},\"sameAs\":[\"https:\/\/www.facebook.com\/bolting.eu\",\"https:\/\/www.instagram.com\/bolting.eu\/\"],\"address\":{\"@id\":\"https:\/\/bolting.eu\/en\/shop\/schuh-schneeketten-stubai-ice-track\/#local-main-place-address\"},\"geo\":{\"@type\":\"GeoCoordinates\",\"latitude\":\"47.264176340396226\",\"longitude\":\"11.380109057672346\"},\"telephone\":[\"+43 699 19083372\"],\"openingHoursSpecification\":[{\"@type\":\"OpeningHoursSpecification\",\"dayOfWeek\":[\"Monday\",\"Wednesday\",\"Friday\"],\"opens\":\"14:00\",\"closes\":\"18:00\"},{\"@type\":\"OpeningHoursSpecification\",\"dayOfWeek\":[\"Tuesday\",\"Thursday\",\"Saturday\",\"Sunday\"],\"opens\":\"00:00\",\"closes\":\"00:00\"}],\"email\":\"office@bolting.eu\",\"vatID\":\"ATU59999728\",\"priceRange\":\"$$\",\"currenciesAccepted\":\"Euro\"},{\"@type\":\"PostalAddress\",\"@id\":\"https:\/\/bolting.eu\/en\/shop\/schuh-schneeketten-stubai-ice-track\/#local-main-place-address\",\"streetAddress\":\"Fischnalerstra\u00dfe 4\",\"addressLocality\":\"Innsbruck\",\"postalCode\":\"6020\",\"addressRegion\":\"Tirol\",\"addressCountry\":\"AT\"},{\"@type\":\"ImageObject\",\"inLanguage\":\"en-US\",\"@id\":\"https:\/\/bolting.eu\/en\/shop\/schuh-schneeketten-stubai-ice-track\/#local-main-organization-logo\",\"url\":\"https:\/\/bolting.eu\/wp-content\/uploads\/2019\/09\/bolting-logo.png\",\"contentUrl\":\"https:\/\/bolting.eu\/wp-content\/uploads\/2019\/09\/bolting-logo.png\",\"width\":400,\"height\":211,\"caption\":\"bolting.eu\"}]}<\/script>\n<meta property=\"og:availability\" content=\"instock\" \/>\n<meta property=\"product:availability\" content=\"instock\" \/>\n<meta property=\"product:condition\" content=\"new\" \/>\n<meta name=\"geo.placename\" content=\"Innsbruck\" \/>\n<meta name=\"geo.position\" content=\"47.264176340396226;11.380109057672346\" \/>\n<meta name=\"geo.region\" content=\"Austria\" \/>\n<!-- \/ Yoast SEO Premium plugin. -->","yoast_head_json":{"title":"Schuh Schneeketten Stubai Ice Track EU 36 - 48 | bolting.eu","description":"Schuh Schneeketten Stubai Ice Track beim Bergsportprofi kaufen \u2705 Trusted Shop \u2705 kostenloser Versand* \u2705 14 Tage R\u00fcckgaberecht \u2705 Co2 neutrale Zustellung","robots":{"index":"index","follow":"follow","max-snippet":"max-snippet:-1","max-image-preview":"max-image-preview:large","max-video-preview":"max-video-preview:-1"},"canonical":"https:\/\/bolting.eu\/en\/shop\/schuh-schneeketten-stubai-ice-track\/","og_locale":"en_US","og_type":"article","og_title":"Schuh Schneeketten Stubai Ice Track","og_description":"Schuh Schneeketten Stubai Ice Track beim Bergsportprofi kaufen \u2705 Trusted Shop \u2705 kostenloser Versand* \u2705 14 Tage R\u00fcckgaberecht \u2705 Co2 neutrale Zustellung","og_url":"https:\/\/bolting.eu\/en\/shop\/schuh-schneeketten-stubai-ice-track\/","og_site_name":"bolting.eu","article_publisher":"https:\/\/www.facebook.com\/bolting.eu","article_modified_time":"2026-01-05T15:54:59+00:00","og_image":[{"width":700,"height":700,"url":"https:\/\/bolting.eu\/wp-content\/uploads\/2024\/10\/Schuh-Schneeketten-Ice-Track-3.jpg","type":"image\/jpeg"}],"twitter_card":"summary_large_image","twitter_misc":{"Availability":"In stock"},"schema":{"@context":"https:\/\/schema.org","@graph":[{"@type":["WebPage","ItemPage"],"@id":"https:\/\/bolting.eu\/en\/shop\/schuh-schneeketten-stubai-ice-track\/","url":"https:\/\/bolting.eu\/en\/shop\/schuh-schneeketten-stubai-ice-track\/","name":"Schuh Schneeketten Stubai Ice Track EU 36 - 48 | bolting.eu","isPartOf":{"@id":"https:\/\/bolting.eu\/en\/#website"},"primaryImageOfPage":{"@id":"https:\/\/bolting.eu\/en\/shop\/schuh-schneeketten-stubai-ice-track\/#primaryimage"},"image":{"@id":"https:\/\/bolting.eu\/en\/shop\/schuh-schneeketten-stubai-ice-track\/#primaryimage"},"thumbnailUrl":"https:\/\/bolting.eu\/wp-content\/uploads\/2024\/10\/Schuh-Schneeketten-Ice-Track-3.jpg","datePublished":"2024-10-28T17:28:03+00:00","dateModified":"2026-01-05T15:54:59+00:00","description":"Schuh Schneeketten Stubai Ice Track beim Bergsportprofi kaufen \u2705 Trusted Shop \u2705 kostenloser Versand* \u2705 14 Tage R\u00fcckgaberecht \u2705 Co2 neutrale Zustellung","breadcrumb":{"@id":"https:\/\/bolting.eu\/en\/shop\/schuh-schneeketten-stubai-ice-track\/#breadcrumb"},"inLanguage":"en-US","potentialAction":[{"@type":"ReadAction","target":["https:\/\/bolting.eu\/en\/shop\/schuh-schneeketten-stubai-ice-track\/"]}]},{"@type":"ImageObject","inLanguage":"en-US","@id":"https:\/\/bolting.eu\/en\/shop\/schuh-schneeketten-stubai-ice-track\/#primaryimage","url":"https:\/\/bolting.eu\/wp-content\/uploads\/2024\/10\/Schuh-Schneeketten-Ice-Track-3.jpg","contentUrl":"https:\/\/bolting.eu\/wp-content\/uploads\/2024\/10\/Schuh-Schneeketten-Ice-Track-3.jpg","width":700,"height":700,"caption":"Stubai Ice Track Schneeketten auf Wanderschuhe. Rechts oben buntes Bolting.eu Logo."},{"@type":"BreadcrumbList","@id":"https:\/\/bolting.eu\/en\/shop\/schuh-schneeketten-stubai-ice-track\/#breadcrumb","itemListElement":[{"@type":"ListItem","position":1,"name":"Shop","item":"https:\/\/bolting.eu\/en\/shop\/"},{"@type":"ListItem","position":2,"name":"Bergsteiger Ausr\u00fcstung","item":"https:\/\/bolting.eu\/produkt-kategorie\/bergsteiger-ausruestung\/"},{"@type":"ListItem","position":3,"name":"Steigeisen","item":"https:\/\/bolting.eu\/produkt-kategorie\/bergsteiger-ausruestung\/steigeisen\/"},{"@type":"ListItem","position":4,"name":"Schuh Schneeketten Stubai Ice Track"}]},{"@type":"WebSite","@id":"https:\/\/bolting.eu\/en\/#website","url":"https:\/\/bolting.eu\/en\/","name":"bolting.eu","description":"we make climbs happen","publisher":{"@id":"https:\/\/bolting.eu\/en\/#organization"},"potentialAction":[{"@type":"SearchAction","target":{"@type":"EntryPoint","urlTemplate":"https:\/\/bolting.eu\/en\/?s={search_term_string}"},"query-input":{"@type":"PropertyValueSpecification","valueRequired":true,"valueName":"search_term_string"}}],"inLanguage":"en-US"},{"@type":["Organization","Place","SportingGoodsStore"],"@id":"https:\/\/bolting.eu\/en\/#organization","name":"bolting.eu","url":"https:\/\/bolting.eu\/en\/","logo":{"@id":"https:\/\/bolting.eu\/en\/shop\/schuh-schneeketten-stubai-ice-track\/#local-main-organization-logo"},"image":{"@id":"https:\/\/bolting.eu\/en\/shop\/schuh-schneeketten-stubai-ice-track\/#local-main-organization-logo"},"sameAs":["https:\/\/www.facebook.com\/bolting.eu","https:\/\/www.instagram.com\/bolting.eu\/"],"address":{"@id":"https:\/\/bolting.eu\/en\/shop\/schuh-schneeketten-stubai-ice-track\/#local-main-place-address"},"geo":{"@type":"GeoCoordinates","latitude":"47.264176340396226","longitude":"11.380109057672346"},"telephone":["+43 699 19083372"],"openingHoursSpecification":[{"@type":"OpeningHoursSpecification","dayOfWeek":["Monday","Wednesday","Friday"],"opens":"14:00","closes":"18:00"},{"@type":"OpeningHoursSpecification","dayOfWeek":["Tuesday","Thursday","Saturday","Sunday"],"opens":"00:00","closes":"00:00"}],"email":"office@bolting.eu","vatID":"ATU59999728","priceRange":"$$","currenciesAccepted":"Euro"},{"@type":"PostalAddress","@id":"https:\/\/bolting.eu\/en\/shop\/schuh-schneeketten-stubai-ice-track\/#local-main-place-address","streetAddress":"Fischnalerstra\u00dfe 4","addressLocality":"Innsbruck","postalCode":"6020","addressRegion":"Tirol","addressCountry":"AT"},{"@type":"ImageObject","inLanguage":"en-US","@id":"https:\/\/bolting.eu\/en\/shop\/schuh-schneeketten-stubai-ice-track\/#local-main-organization-logo","url":"https:\/\/bolting.eu\/wp-content\/uploads\/2019\/09\/bolting-logo.png","contentUrl":"https:\/\/bolting.eu\/wp-content\/uploads\/2019\/09\/bolting-logo.png","width":400,"height":211,"caption":"bolting.eu"}]},"og_availability":"instock","product_availability":"instock","product_condition":"new","geo.placename":"Innsbruck","geo.position":{"lat":"47.264176340396226","long":"11.380109057672346"},"geo.region":"Austria"},"_links":{"self":[{"href":"https:\/\/bolting.eu\/en\/wp-json\/wp\/v2\/product\/21778","targetHints":{"allow":["GET"]}}],"collection":[{"href":"https:\/\/bolting.eu\/en\/wp-json\/wp\/v2\/product"}],"about":[{"href":"https:\/\/bolting.eu\/en\/wp-json\/wp\/v2\/types\/product"}],"replies":[{"embeddable":true,"href":"https:\/\/bolting.eu\/en\/wp-json\/wp\/v2\/comments?post=21778"}],"wp:featuredmedia":[{"embeddable":true,"href":"https:\/\/bolting.eu\/en\/wp-json\/wp\/v2\/media\/21782"}],"wp:attachment":[{"href":"https:\/\/bolting.eu\/en\/wp-json\/wp\/v2\/media?parent=21778"}],"wp:term":[{"taxonomy":"product_brand","embeddable":true,"href":"https:\/\/bolting.eu\/en\/wp-json\/wp\/v2\/product_brand?post=21778"},{"taxonomy":"product_cat","embeddable":true,"href":"https:\/\/bolting.eu\/en\/wp-json\/wp\/v2\/product_cat?post=21778"},{"taxonomy":"product_tag","embeddable":true,"href":"https:\/\/bolting.eu\/en\/wp-json\/wp\/v2\/product_tag?post=21778"}],"curies":[{"name":"wp","href":"https:\/\/api.w.org\/{rel}","templated":true}]}}