{"id":21763,"date":"2024-10-28T17:48:32","date_gmt":"2024-10-28T16:48:32","guid":{"rendered":"https:\/\/bolting.eu\/?post_type=product&#038;p=21763"},"modified":"2024-10-28T17:48:33","modified_gmt":"2024-10-28T16:48:33","slug":"salewa-rienza-edelstahl-thermosflasche","status":"publish","type":"product","link":"https:\/\/bolting.eu\/en\/shop\/salewa-rienza-edelstahl-thermosflasche\/","title":{"rendered":"Salewa Rienza Edelstahl Thermosflasche"},"content":{"rendered":"<p>Die Salewa Rienza ist eine doppelwandige Edelstahl Thermosflasche. Im Zwischenliegenden Hohlraum befindet sich ein Vakuum. Somit ist der Getr\u00e4nke Inhalt besonders gut isoliert.<\/p>\n<p>D.h. diese Isoliertechnologie h\u00e4lt eure Getr\u00e4nke bis zu 24 Stunden hei\u00df bzw. kalt.<\/p>\n<p>Der Automatikverschluss und der doppelwandige Becher runden dieses Produkt perfekt ab.<\/p>\n<p>Somit ist dieses Produkt die ideale Wahl f\u00fcr alle Eure Berg- und Wanderabenteuer.<\/p>\n<h2>Eigenschaften Rienza Edelstahl Thermosflasche<\/h2>\n<ul>\n<li>Hersteller: Salewa<\/li>\n<li>Material: Edelstahl (100% recycelbar)<\/li>\n<li>Volumen: 0,5 Liter, 0,75 Liter oder 1 Liter<\/li>\n<li>Farben: alu, gr\u00fcn, rot<\/li>\n<li>100% BPA frei<\/li>\n<li>100% Aluminium frei<\/li>\n<li>absolut geschmacksneutral<\/li>\n<li>pulverbeschichtet und daher sehr griffig<\/li>\n<li>Doppelwandkonstruktion mit Vakuum<\/li>\n<li>h\u00e4lt bis zu 24h hei\u00df und 30h kalt<\/li>\n<\/ul>\n<h3>Gr\u00f6\u00dfentabelle<\/h3>\n<table width=\"446\">\n<tbody>\n<tr>\n<td style=\"text-align: center;\" colspan=\"4\" width=\"446\"><strong>Produkteigenschaften Thermosflasche Rienza<\/strong><\/td>\n<\/tr>\n<tr>\n<td style=\"text-align: center;\">Volumen<\/td>\n<td style=\"text-align: center;\">Gewicht<\/td>\n<td style=\"text-align: center;\">H\u00f6he<\/td>\n<td style=\"text-align: center;\">Durchmesser Boden<\/td>\n<\/tr>\n<tr>\n<td style=\"text-align: center;\">0,5 Liter<\/td>\n<td style=\"text-align: center;\">315 Gramm<\/td>\n<td style=\"text-align: center;\">26,3cm<\/td>\n<td style=\"text-align: center;\">7cm<\/td>\n<\/tr>\n<tr>\n<td style=\"text-align: center;\">0,75 Liter<\/td>\n<td style=\"text-align: center;\">469 Gramm<\/td>\n<td style=\"text-align: center;\">31 cm<\/td>\n<td style=\"text-align: center;\">7,6cm<\/td>\n<\/tr>\n<tr>\n<td style=\"text-align: center;\">1 Liter<\/td>\n<td style=\"text-align: center;\">520 Gramm<\/td>\n<td style=\"text-align: center;\">31cm<\/td>\n<td style=\"text-align: center;\">8,4cm<\/td>\n<\/tr>\n<\/tbody>\n<\/table>\n","protected":false},"excerpt":{"rendered":"<p>Doppelwandige Edelstahl Thermosflasche. H\u00e4lt Getr\u00e4nke bis zu 24h hei\u00df bzw. 30 Stunden kalt.<\/p>\n<p>Ideal f\u00fcr alle Bergabenteuer. Erh\u00e4ltlich in 0,5 Liter, 0,75 Liter und 3 Liter.<\/p>\n<p>Versandkostenfrei bis 2kg in\u00a0<img decoding=\"async\" class=\"emoji\" role=\"img\" draggable=\"false\" src=\"https:\/\/s.w.org\/images\/core\/emoji\/14.0.0\/svg\/1f1e6-1f1f9.svg\" alt=\"\ud83c\udde6\ud83c\uddf9\" \/>\u00a0ab \u20ac 100,- und\u00a0<img decoding=\"async\" class=\"emoji\" role=\"img\" draggable=\"false\" src=\"https:\/\/s.w.org\/images\/core\/emoji\/14.0.0\/svg\/1f1e9-1f1ea.svg\" alt=\"\ud83c\udde9\ud83c\uddea\" \/>\u00a0ab \u20ac 200,-!<\/p>\n","protected":false},"featured_media":21775,"comment_status":"closed","ping_status":"closed","template":"","meta":[],"product_brand":[],"product_cat":[13938,14705,29,5061,6620],"product_tag":[],"class_list":{"0":"post-21763","1":"product","2":"type-product","3":"status-publish","4":"has-post-thumbnail","6":"product_cat-bergsteiger-ausruestung","7":"product_cat-woerthersee-extrem","8":"product_cat-kletterausruestung","9":"product_cat-kletterzubehoer","10":"product_cat-hochtouren-ausruestung","12":"first","13":"instock","14":"taxable","15":"shipping-taxable","16":"purchasable","17":"product-type-variable"},"yoast_head":"<!-- This site is optimized with the Yoast SEO Premium plugin v26.9 (Yoast SEO v26.9) - https:\/\/yoast.com\/product\/yoast-seo-premium-wordpress\/ -->\n<title>Salewa Rienza Edelstahl Thermosflasche | bolting.eu<\/title>\n<meta name=\"description\" content=\"Salewa Rienza Edelstahl Thermosflasche beim Kletterprofi kaufen \u2705 Trusted Shop \u2705 kostenloser Versand* \u2705 14 Tage R\u00fcckgaberecht \u2705 Co2 neutrale Zustellung\" \/>\n<meta name=\"robots\" content=\"index, follow, max-snippet:-1, max-image-preview:large, max-video-preview:-1\" \/>\n<link rel=\"canonical\" href=\"https:\/\/bolting.eu\/en\/shop\/salewa-rienza-edelstahl-thermosflasche\/\" \/>\n<meta property=\"og:locale\" content=\"en_US\" \/>\n<meta property=\"og:type\" content=\"article\" \/>\n<meta property=\"og:title\" content=\"Salewa Rienza Edelstahl Thermosflasche\" \/>\n<meta property=\"og:description\" content=\"Salewa Rienza Edelstahl Thermosflasche beim Kletterprofi kaufen \u2705 Trusted Shop \u2705 kostenloser Versand* \u2705 14 Tage R\u00fcckgaberecht \u2705 Co2 neutrale Zustellung\" \/>\n<meta property=\"og:url\" content=\"https:\/\/bolting.eu\/en\/shop\/salewa-rienza-edelstahl-thermosflasche\/\" \/>\n<meta property=\"og:site_name\" content=\"bolting.eu\" \/>\n<meta property=\"article:publisher\" content=\"https:\/\/www.facebook.com\/bolting.eu\" \/>\n<meta property=\"article:modified_time\" content=\"2024-10-28T16:48:33+00:00\" \/>\n<meta property=\"og:image\" content=\"https:\/\/bolting.eu\/wp-content\/uploads\/2024\/10\/Salewa-rienza-05-grau.jpg\" \/>\n\t<meta property=\"og:image:width\" content=\"700\" \/>\n\t<meta property=\"og:image:height\" content=\"700\" \/>\n\t<meta property=\"og:image:type\" content=\"image\/jpeg\" \/>\n<meta name=\"twitter:card\" content=\"summary_large_image\" \/>\n<meta name=\"twitter:label1\" content=\"Availability\" \/>\n\t<meta name=\"twitter:data1\" content=\"In stock\" \/>\n<script type=\"application\/ld+json\" class=\"yoast-schema-graph\">{\"@context\":\"https:\/\/schema.org\",\"@graph\":[{\"@type\":[\"WebPage\",\"ItemPage\"],\"@id\":\"https:\/\/bolting.eu\/en\/shop\/salewa-rienza-edelstahl-thermosflasche\/\",\"url\":\"https:\/\/bolting.eu\/en\/shop\/salewa-rienza-edelstahl-thermosflasche\/\",\"name\":\"Salewa Rienza Edelstahl Thermosflasche | bolting.eu\",\"isPartOf\":{\"@id\":\"https:\/\/bolting.eu\/en\/#website\"},\"primaryImageOfPage\":{\"@id\":\"https:\/\/bolting.eu\/en\/shop\/salewa-rienza-edelstahl-thermosflasche\/#primaryimage\"},\"image\":{\"@id\":\"https:\/\/bolting.eu\/en\/shop\/salewa-rienza-edelstahl-thermosflasche\/#primaryimage\"},\"thumbnailUrl\":\"https:\/\/bolting.eu\/wp-content\/uploads\/2024\/10\/Salewa-rienza-05-grau.jpg\",\"datePublished\":\"2024-10-28T16:48:32+00:00\",\"dateModified\":\"2024-10-28T16:48:33+00:00\",\"description\":\"Salewa Rienza Edelstahl Thermosflasche beim Kletterprofi kaufen \u2705 Trusted Shop \u2705 kostenloser Versand* \u2705 14 Tage R\u00fcckgaberecht \u2705 Co2 neutrale Zustellung\",\"breadcrumb\":{\"@id\":\"https:\/\/bolting.eu\/en\/shop\/salewa-rienza-edelstahl-thermosflasche\/#breadcrumb\"},\"inLanguage\":\"en-US\",\"potentialAction\":[{\"@type\":\"ReadAction\",\"target\":[\"https:\/\/bolting.eu\/en\/shop\/salewa-rienza-edelstahl-thermosflasche\/\"]}]},{\"@type\":\"ImageObject\",\"inLanguage\":\"en-US\",\"@id\":\"https:\/\/bolting.eu\/en\/shop\/salewa-rienza-edelstahl-thermosflasche\/#primaryimage\",\"url\":\"https:\/\/bolting.eu\/wp-content\/uploads\/2024\/10\/Salewa-rienza-05-grau.jpg\",\"contentUrl\":\"https:\/\/bolting.eu\/wp-content\/uploads\/2024\/10\/Salewa-rienza-05-grau.jpg\",\"width\":700,\"height\":700,\"caption\":\"Silberne Salewa rienza Edelstahl Termosflasche aufrecht in wei\u00dfem Quadrat. Rechts oben buntes bolting.eu Logo.\"},{\"@type\":\"BreadcrumbList\",\"@id\":\"https:\/\/bolting.eu\/en\/shop\/salewa-rienza-edelstahl-thermosflasche\/#breadcrumb\",\"itemListElement\":[{\"@type\":\"ListItem\",\"position\":1,\"name\":\"Shop\",\"item\":\"https:\/\/bolting.eu\/en\/shop\/\"},{\"@type\":\"ListItem\",\"position\":2,\"name\":\"climbing equipment\",\"item\":\"https:\/\/bolting.eu\/en\/produkt-kategorie\/climbing-equipment\/\"},{\"@type\":\"ListItem\",\"position\":3,\"name\":\"Climbing accessories\",\"item\":\"https:\/\/bolting.eu\/en\/produkt-kategorie\/climbing-accessories\/\"},{\"@type\":\"ListItem\",\"position\":4,\"name\":\"Salewa Rienza Edelstahl Thermosflasche\"}]},{\"@type\":\"WebSite\",\"@id\":\"https:\/\/bolting.eu\/en\/#website\",\"url\":\"https:\/\/bolting.eu\/en\/\",\"name\":\"bolting.eu\",\"description\":\"we make climbs happen\",\"publisher\":{\"@id\":\"https:\/\/bolting.eu\/en\/#organization\"},\"potentialAction\":[{\"@type\":\"SearchAction\",\"target\":{\"@type\":\"EntryPoint\",\"urlTemplate\":\"https:\/\/bolting.eu\/en\/?s={search_term_string}\"},\"query-input\":{\"@type\":\"PropertyValueSpecification\",\"valueRequired\":true,\"valueName\":\"search_term_string\"}}],\"inLanguage\":\"en-US\"},{\"@type\":[\"Organization\",\"Place\",\"SportingGoodsStore\"],\"@id\":\"https:\/\/bolting.eu\/en\/#organization\",\"name\":\"bolting.eu\",\"url\":\"https:\/\/bolting.eu\/en\/\",\"logo\":{\"@id\":\"https:\/\/bolting.eu\/en\/shop\/salewa-rienza-edelstahl-thermosflasche\/#local-main-organization-logo\"},\"image\":{\"@id\":\"https:\/\/bolting.eu\/en\/shop\/salewa-rienza-edelstahl-thermosflasche\/#local-main-organization-logo\"},\"sameAs\":[\"https:\/\/www.facebook.com\/bolting.eu\",\"https:\/\/www.instagram.com\/bolting.eu\/\"],\"address\":{\"@id\":\"https:\/\/bolting.eu\/en\/shop\/salewa-rienza-edelstahl-thermosflasche\/#local-main-place-address\"},\"geo\":{\"@type\":\"GeoCoordinates\",\"latitude\":\"47.264176340396226\",\"longitude\":\"11.380109057672346\"},\"telephone\":[\"+43 699 19083372\"],\"openingHoursSpecification\":[{\"@type\":\"OpeningHoursSpecification\",\"dayOfWeek\":[\"Monday\",\"Wednesday\",\"Friday\"],\"opens\":\"14:00\",\"closes\":\"18:00\"},{\"@type\":\"OpeningHoursSpecification\",\"dayOfWeek\":[\"Tuesday\",\"Thursday\",\"Saturday\",\"Sunday\"],\"opens\":\"00:00\",\"closes\":\"00:00\"}],\"email\":\"office@bolting.eu\",\"vatID\":\"ATU59999728\",\"priceRange\":\"$$\",\"currenciesAccepted\":\"Euro\"},{\"@type\":\"PostalAddress\",\"@id\":\"https:\/\/bolting.eu\/en\/shop\/salewa-rienza-edelstahl-thermosflasche\/#local-main-place-address\",\"streetAddress\":\"Fischnalerstra\u00dfe 4\",\"addressLocality\":\"Innsbruck\",\"postalCode\":\"6020\",\"addressRegion\":\"Tirol\",\"addressCountry\":\"AT\"},{\"@type\":\"ImageObject\",\"inLanguage\":\"en-US\",\"@id\":\"https:\/\/bolting.eu\/en\/shop\/salewa-rienza-edelstahl-thermosflasche\/#local-main-organization-logo\",\"url\":\"https:\/\/bolting.eu\/wp-content\/uploads\/2019\/09\/bolting-logo.png\",\"contentUrl\":\"https:\/\/bolting.eu\/wp-content\/uploads\/2019\/09\/bolting-logo.png\",\"width\":400,\"height\":211,\"caption\":\"bolting.eu\"}]}<\/script>\n<meta property=\"og:availability\" content=\"instock\" \/>\n<meta property=\"product:availability\" content=\"instock\" \/>\n<meta property=\"product:condition\" content=\"new\" \/>\n<meta name=\"geo.placename\" content=\"Innsbruck\" \/>\n<meta name=\"geo.position\" content=\"47.264176340396226;11.380109057672346\" \/>\n<meta name=\"geo.region\" content=\"Austria\" \/>\n<!-- \/ Yoast SEO Premium plugin. -->","yoast_head_json":{"title":"Salewa Rienza Edelstahl Thermosflasche | bolting.eu","description":"Salewa Rienza Edelstahl Thermosflasche beim Kletterprofi kaufen \u2705 Trusted Shop \u2705 kostenloser Versand* \u2705 14 Tage R\u00fcckgaberecht \u2705 Co2 neutrale Zustellung","robots":{"index":"index","follow":"follow","max-snippet":"max-snippet:-1","max-image-preview":"max-image-preview:large","max-video-preview":"max-video-preview:-1"},"canonical":"https:\/\/bolting.eu\/en\/shop\/salewa-rienza-edelstahl-thermosflasche\/","og_locale":"en_US","og_type":"article","og_title":"Salewa Rienza Edelstahl Thermosflasche","og_description":"Salewa Rienza Edelstahl Thermosflasche beim Kletterprofi kaufen \u2705 Trusted Shop \u2705 kostenloser Versand* \u2705 14 Tage R\u00fcckgaberecht \u2705 Co2 neutrale Zustellung","og_url":"https:\/\/bolting.eu\/en\/shop\/salewa-rienza-edelstahl-thermosflasche\/","og_site_name":"bolting.eu","article_publisher":"https:\/\/www.facebook.com\/bolting.eu","article_modified_time":"2024-10-28T16:48:33+00:00","og_image":[{"width":700,"height":700,"url":"https:\/\/bolting.eu\/wp-content\/uploads\/2024\/10\/Salewa-rienza-05-grau.jpg","type":"image\/jpeg"}],"twitter_card":"summary_large_image","twitter_misc":{"Availability":"In stock"},"schema":{"@context":"https:\/\/schema.org","@graph":[{"@type":["WebPage","ItemPage"],"@id":"https:\/\/bolting.eu\/en\/shop\/salewa-rienza-edelstahl-thermosflasche\/","url":"https:\/\/bolting.eu\/en\/shop\/salewa-rienza-edelstahl-thermosflasche\/","name":"Salewa Rienza Edelstahl Thermosflasche | bolting.eu","isPartOf":{"@id":"https:\/\/bolting.eu\/en\/#website"},"primaryImageOfPage":{"@id":"https:\/\/bolting.eu\/en\/shop\/salewa-rienza-edelstahl-thermosflasche\/#primaryimage"},"image":{"@id":"https:\/\/bolting.eu\/en\/shop\/salewa-rienza-edelstahl-thermosflasche\/#primaryimage"},"thumbnailUrl":"https:\/\/bolting.eu\/wp-content\/uploads\/2024\/10\/Salewa-rienza-05-grau.jpg","datePublished":"2024-10-28T16:48:32+00:00","dateModified":"2024-10-28T16:48:33+00:00","description":"Salewa Rienza Edelstahl Thermosflasche beim Kletterprofi kaufen \u2705 Trusted Shop \u2705 kostenloser Versand* \u2705 14 Tage R\u00fcckgaberecht \u2705 Co2 neutrale Zustellung","breadcrumb":{"@id":"https:\/\/bolting.eu\/en\/shop\/salewa-rienza-edelstahl-thermosflasche\/#breadcrumb"},"inLanguage":"en-US","potentialAction":[{"@type":"ReadAction","target":["https:\/\/bolting.eu\/en\/shop\/salewa-rienza-edelstahl-thermosflasche\/"]}]},{"@type":"ImageObject","inLanguage":"en-US","@id":"https:\/\/bolting.eu\/en\/shop\/salewa-rienza-edelstahl-thermosflasche\/#primaryimage","url":"https:\/\/bolting.eu\/wp-content\/uploads\/2024\/10\/Salewa-rienza-05-grau.jpg","contentUrl":"https:\/\/bolting.eu\/wp-content\/uploads\/2024\/10\/Salewa-rienza-05-grau.jpg","width":700,"height":700,"caption":"Silberne Salewa rienza Edelstahl Termosflasche aufrecht in wei\u00dfem Quadrat. Rechts oben buntes bolting.eu Logo."},{"@type":"BreadcrumbList","@id":"https:\/\/bolting.eu\/en\/shop\/salewa-rienza-edelstahl-thermosflasche\/#breadcrumb","itemListElement":[{"@type":"ListItem","position":1,"name":"Shop","item":"https:\/\/bolting.eu\/en\/shop\/"},{"@type":"ListItem","position":2,"name":"climbing equipment","item":"https:\/\/bolting.eu\/en\/produkt-kategorie\/climbing-equipment\/"},{"@type":"ListItem","position":3,"name":"Climbing accessories","item":"https:\/\/bolting.eu\/en\/produkt-kategorie\/climbing-accessories\/"},{"@type":"ListItem","position":4,"name":"Salewa Rienza Edelstahl Thermosflasche"}]},{"@type":"WebSite","@id":"https:\/\/bolting.eu\/en\/#website","url":"https:\/\/bolting.eu\/en\/","name":"bolting.eu","description":"we make climbs happen","publisher":{"@id":"https:\/\/bolting.eu\/en\/#organization"},"potentialAction":[{"@type":"SearchAction","target":{"@type":"EntryPoint","urlTemplate":"https:\/\/bolting.eu\/en\/?s={search_term_string}"},"query-input":{"@type":"PropertyValueSpecification","valueRequired":true,"valueName":"search_term_string"}}],"inLanguage":"en-US"},{"@type":["Organization","Place","SportingGoodsStore"],"@id":"https:\/\/bolting.eu\/en\/#organization","name":"bolting.eu","url":"https:\/\/bolting.eu\/en\/","logo":{"@id":"https:\/\/bolting.eu\/en\/shop\/salewa-rienza-edelstahl-thermosflasche\/#local-main-organization-logo"},"image":{"@id":"https:\/\/bolting.eu\/en\/shop\/salewa-rienza-edelstahl-thermosflasche\/#local-main-organization-logo"},"sameAs":["https:\/\/www.facebook.com\/bolting.eu","https:\/\/www.instagram.com\/bolting.eu\/"],"address":{"@id":"https:\/\/bolting.eu\/en\/shop\/salewa-rienza-edelstahl-thermosflasche\/#local-main-place-address"},"geo":{"@type":"GeoCoordinates","latitude":"47.264176340396226","longitude":"11.380109057672346"},"telephone":["+43 699 19083372"],"openingHoursSpecification":[{"@type":"OpeningHoursSpecification","dayOfWeek":["Monday","Wednesday","Friday"],"opens":"14:00","closes":"18:00"},{"@type":"OpeningHoursSpecification","dayOfWeek":["Tuesday","Thursday","Saturday","Sunday"],"opens":"00:00","closes":"00:00"}],"email":"office@bolting.eu","vatID":"ATU59999728","priceRange":"$$","currenciesAccepted":"Euro"},{"@type":"PostalAddress","@id":"https:\/\/bolting.eu\/en\/shop\/salewa-rienza-edelstahl-thermosflasche\/#local-main-place-address","streetAddress":"Fischnalerstra\u00dfe 4","addressLocality":"Innsbruck","postalCode":"6020","addressRegion":"Tirol","addressCountry":"AT"},{"@type":"ImageObject","inLanguage":"en-US","@id":"https:\/\/bolting.eu\/en\/shop\/salewa-rienza-edelstahl-thermosflasche\/#local-main-organization-logo","url":"https:\/\/bolting.eu\/wp-content\/uploads\/2019\/09\/bolting-logo.png","contentUrl":"https:\/\/bolting.eu\/wp-content\/uploads\/2019\/09\/bolting-logo.png","width":400,"height":211,"caption":"bolting.eu"}]},"og_availability":"instock","product_availability":"instock","product_condition":"new","geo.placename":"Innsbruck","geo.position":{"lat":"47.264176340396226","long":"11.380109057672346"},"geo.region":"Austria"},"_links":{"self":[{"href":"https:\/\/bolting.eu\/en\/wp-json\/wp\/v2\/product\/21763","targetHints":{"allow":["GET"]}}],"collection":[{"href":"https:\/\/bolting.eu\/en\/wp-json\/wp\/v2\/product"}],"about":[{"href":"https:\/\/bolting.eu\/en\/wp-json\/wp\/v2\/types\/product"}],"replies":[{"embeddable":true,"href":"https:\/\/bolting.eu\/en\/wp-json\/wp\/v2\/comments?post=21763"}],"wp:featuredmedia":[{"embeddable":true,"href":"https:\/\/bolting.eu\/en\/wp-json\/wp\/v2\/media\/21775"}],"wp:attachment":[{"href":"https:\/\/bolting.eu\/en\/wp-json\/wp\/v2\/media?parent=21763"}],"wp:term":[{"taxonomy":"product_brand","embeddable":true,"href":"https:\/\/bolting.eu\/en\/wp-json\/wp\/v2\/product_brand?post=21763"},{"taxonomy":"product_cat","embeddable":true,"href":"https:\/\/bolting.eu\/en\/wp-json\/wp\/v2\/product_cat?post=21763"},{"taxonomy":"product_tag","embeddable":true,"href":"https:\/\/bolting.eu\/en\/wp-json\/wp\/v2\/product_tag?post=21763"}],"curies":[{"name":"wp","href":"https:\/\/api.w.org\/{rel}","templated":true}]}}