{"id":21719,"date":"2024-10-25T10:48:32","date_gmt":"2024-10-25T08:48:32","guid":{"rendered":"https:\/\/bolting.eu\/?post_type=product&#038;p=21719"},"modified":"2026-01-01T12:49:32","modified_gmt":"2026-01-01T11:49:32","slug":"black-diamond-ice-pick","status":"publish","type":"product","link":"https:\/\/bolting.eu\/en\/shop\/black-diamond-ice-pick\/","title":{"rendered":"Black Diamond ICE Pick"},"content":{"rendered":"<p>Die ICE Pick von Black Diamond ist die vorinstallierte Eishaue am <a href=\"https:\/\/bolting.eu\/shop\/black-diamond-hydra-ice-tool\/\">Hydra Ice Tool<\/a>.<\/p>\n<p>D.h. hier findet ihr entsprechenden Ersatz f\u00fcr zu ersetzende Klingen.<\/p>\n<p>Diese Haue zeichnet sich durch die reine Ausrichtung zum Eisklettern aus.<\/p>\n<p>Erstens die schmal zu geschliffene Spitze. Damit ist leichtes Eindringen ins Eis perfekt m\u00f6glich. Zweitens ist die Geometrie auf extrem starken Zug nach unten ausgerichtet. Und drittens ist diese Klinge hei\u00df geschmiedet. Das garantiert hohe Langlebigkeit und H\u00e4rte.<\/p>\n<p>Fazit. Eine perfekte Haue f\u00fcr reines Eis!<\/p>\n<h2>Eigenschaften ICE Pick<\/h2>\n<ul>\n<li>Hersteller: <a href=\"https:\/\/bolting.eu\/produkt-kategorie\/black-diamond\/\">Black Diamond<\/a><\/li>\n<li>Material: extra geh\u00e4rteter Stahl &#8211; hei\u00df geschmiedet<\/li>\n<li>Gewicht: 122 Gramm<\/li>\n<li>Haue speziell f\u00fcr Eis<\/li>\n<li>nur f\u00fcr das BD Hydra Eisger\u00e4t<\/li>\n<li>idealer Winkel f\u00fcr steile Routen<\/li>\n<li>Zulaufender Schliff f\u00fcr leichtes Eindringen ins Eis<\/li>\n<li>kann mit <a href=\"https:\/\/bolting.eu\/shop\/black-diamond-ice-head-bolts\/\">Head Bolt<\/a> leicht selber montiert werden<\/li>\n<li>Lieferumfang: Haue, ein Satz Head Bolts, Inbusschl\u00fcssel<\/li>\n<li><a href=\"https:\/\/www.blackdiamondequipment.com\/de_AT\/product\/i-c-e-dry-pick\/#:~:text=Product%20Instructions%20%2D%20ICE%20Tools\" target=\"_blank\" rel=\"noopener\">Bedienungsanleitung<\/a><\/li>\n<\/ul>\n<h3>Anbringung\u00a0 &amp; Kontrolle<\/h3>\n<p>Die ICE Haue von Black Diamond k\u00f6nnt ihr selber leicht anbringen. Achtet dabei aber auf das richtige Einsetzen der gerillten Beilagscheiben. Diese geh\u00f6ren an je einer Seite der Klinge an der Au\u00dfenseite der Spacer montiert.<\/p>\n<p>Der Anzugs Drehmoment des Head Bolt ist dann sehr hoch. Er liegt bei 22 Nm.<\/p>\n<p>Nur die Klinge alleine d\u00fcrft ihr nicht montieren. Ihr braucht auch einen entsprechenden zweiten Aufsatz. In der Regel ist das der ICE <a href=\"https:\/\/bolting.eu\/shop\/black-diamond-ice-micro-hammer\/\">Micro Hammer<\/a>.<\/p>\n<p><a href=\"https:\/\/bolting.eu\/wp-content\/uploads\/2024\/10\/ICE-Mixed-Pick-3.jpg\"><img loading=\"lazy\" decoding=\"async\" class=\"alignnone size-full wp-image-21716\" src=\"https:\/\/bolting.eu\/wp-content\/uploads\/2024\/10\/ICE-Mixed-Pick-3.jpg\" alt=\"Grafik zur Montage und Kontrolle der Black Diamond ICE Mixed Haue am Hydra Ice Tool mit f\u00fcnf Bildern.\" width=\"1024\" height=\"179\" srcset=\"https:\/\/bolting.eu\/wp-content\/uploads\/2024\/10\/ICE-Mixed-Pick-3.jpg 1024w, https:\/\/bolting.eu\/wp-content\/uploads\/2024\/10\/ICE-Mixed-Pick-3-800x140.jpg 800w, https:\/\/bolting.eu\/wp-content\/uploads\/2024\/10\/ICE-Mixed-Pick-3-768x134.jpg 768w, https:\/\/bolting.eu\/wp-content\/uploads\/2024\/10\/ICE-Mixed-Pick-3-510x89.jpg 510w, https:\/\/bolting.eu\/wp-content\/uploads\/2024\/10\/ICE-Mixed-Pick-3-100x17.jpg 100w\" sizes=\"auto, (max-width: 1024px) 100vw, 1024px\" \/><\/a><\/p>\n<h3>Nachschleifen<\/h3>\n<p>Die ICE Pick erlaubt in etwa ein 2-3maliges Nachschleifen. Das m\u00fcsst ihr per Hand mit einer Feile und entsprechendem Bedacht machen.<\/p>\n<p>Ein Schleifen der Eishaue f\u00fcr das Hydra mit einer Maschine d\u00fcrft ihr nicht durchf\u00fchren. Die hohen Temperaturen ver\u00e4ndern das Molekulargef\u00fcge des Stahl. Die Haue wird euch dann ziemlich sicher beim Einsatz brechen.<\/p>\n<p>Ist ca. die H\u00e4lfte der zahnlosen &#8220;Nase&#8221; erreicht, macht ein Nachschleifen keinen Sinn mehr.<\/p>\n<p>Ebenso, wenn der vordere Teil der Klinge zu schmal geworden ist.<\/p>\n<p>Bei jeglichen Rissen ist die Haue umgehend auszutauschen.<\/p>\n<p><a href=\"https:\/\/bolting.eu\/wp-content\/uploads\/2024\/10\/BD-Ice-Pick-1.jpg\"><img loading=\"lazy\" decoding=\"async\" class=\"alignnone size-full wp-image-21722\" src=\"https:\/\/bolting.eu\/wp-content\/uploads\/2024\/10\/BD-Ice-Pick-1.jpg\" alt=\"Grafik zur Montage und Kontrolle der Black Diamond Eishaue am Hydra Ice Tool mit f\u00fcnf Bildern.\" width=\"1024\" height=\"179\" srcset=\"https:\/\/bolting.eu\/wp-content\/uploads\/2024\/10\/BD-Ice-Pick-1.jpg 1024w, https:\/\/bolting.eu\/wp-content\/uploads\/2024\/10\/BD-Ice-Pick-1-800x140.jpg 800w, https:\/\/bolting.eu\/wp-content\/uploads\/2024\/10\/BD-Ice-Pick-1-768x134.jpg 768w, https:\/\/bolting.eu\/wp-content\/uploads\/2024\/10\/BD-Ice-Pick-1-510x89.jpg 510w, https:\/\/bolting.eu\/wp-content\/uploads\/2024\/10\/BD-Ice-Pick-1-100x17.jpg 100w\" sizes=\"auto, (max-width: 1024px) 100vw, 1024px\" \/><\/a><\/p>\n<h3>Lagerung und Transport der ICE Pick<\/h3>\n<p>Wir empfehlen euch einen <a href=\"https:\/\/bolting.eu\/produkt-kategorie\/bergsteiger-ausruestung\/eispickel-schutz\/\">Eispickel Schutz<\/a> f\u00fcr diese Mixed Haue des Hydra.<\/p>\n<p>Wichtig dabei.<\/p>\n<p>Reinigt eure Eiskletter Ausr\u00fcstung nach jedem Gebrauch mit lauwarmen Wasser. Dann lasst es ordentlich trocknen. Erst dann solltet ihr es lagern.<\/p>\n<p>Hierf\u00fcr empfiehlt sich f\u00fcr Ausr\u00fcstung wie <a href=\"https:\/\/bolting.eu\/produkt-kategorie\/bergsteiger-ausruestung\/eisschrauben\/\">Eischrauben<\/a>, <a href=\"https:\/\/bolting.eu\/produkt-kategorie\/bergsteiger-ausruestung\/steigeisen\/\">Steigeisen<\/a> und eben Eisger\u00e4te immer ein trockener Ort mit Zimmertemperatur.<\/p>\n<p>Ganz schlecht sind kalte Garagen oder geschlossene Boxen im Keller.<\/p>\n<p>Denn Korrosion liebt nichts mehr als etwas Feuchtigkeit und niedrige Temperaturen um die 10\u00b0C.<\/p>\n<p><a href=\"https:\/\/bolting.eu\/wp-content\/uploads\/2024\/10\/Eishauen-Black-Diamond-Transport.jpg\"><img loading=\"lazy\" decoding=\"async\" class=\"alignnone size-full wp-image-21712\" src=\"https:\/\/bolting.eu\/wp-content\/uploads\/2024\/10\/Eishauen-Black-Diamond-Transport.jpg\" alt=\"Grafik zur richtigen Lagerung bzw. Transport von Black Diamond Eishauen.\" width=\"1024\" height=\"368\" srcset=\"https:\/\/bolting.eu\/wp-content\/uploads\/2024\/10\/Eishauen-Black-Diamond-Transport.jpg 1024w, https:\/\/bolting.eu\/wp-content\/uploads\/2024\/10\/Eishauen-Black-Diamond-Transport-800x288.jpg 800w, https:\/\/bolting.eu\/wp-content\/uploads\/2024\/10\/Eishauen-Black-Diamond-Transport-768x276.jpg 768w, https:\/\/bolting.eu\/wp-content\/uploads\/2024\/10\/Eishauen-Black-Diamond-Transport-510x183.jpg 510w, https:\/\/bolting.eu\/wp-content\/uploads\/2024\/10\/Eishauen-Black-Diamond-Transport-100x36.jpg 100w\" sizes=\"auto, (max-width: 1024px) 100vw, 1024px\" \/><\/a><\/p>\n","protected":false},"excerpt":{"rendered":"<p>Spezielle Eishaue f\u00fcr das Hydra Eisger\u00e4t. Ideal f\u00fcr steiles Eis.<\/p>\n<p>F\u00fcr reines Eis vorgeschliffene Nase. Kann 2-3 Mal nachgeschliffen werden.<\/p>\n<p>Versandkostenfrei bis 2kg in\u00a0<img decoding=\"async\" class=\"emoji\" role=\"img\" draggable=\"false\" src=\"https:\/\/s.w.org\/images\/core\/emoji\/14.0.0\/svg\/1f1e6-1f1f9.svg\" alt=\"\ud83c\udde6\ud83c\uddf9\" \/>\u00a0ab \u20ac 100,- und\u00a0<img decoding=\"async\" class=\"emoji\" role=\"img\" draggable=\"false\" src=\"https:\/\/s.w.org\/images\/core\/emoji\/14.0.0\/svg\/1f1e9-1f1ea.svg\" alt=\"\ud83c\udde9\ud83c\uddea\" \/>\u00a0ab \u20ac 200,-!<\/p>\n<p>&nbsp;<\/p>\n","protected":false},"featured_media":21721,"comment_status":"closed","ping_status":"closed","template":"","meta":[],"product_brand":[],"product_cat":[13938,14355,4658],"product_tag":[],"class_list":{"0":"post-21719","1":"product","2":"type-product","3":"status-publish","4":"has-post-thumbnail","6":"product_cat-bergsteiger-ausruestung","7":"product_cat-hauen-fuer-eisgeraete","8":"product_cat-black-diamond","10":"first","11":"instock","12":"sale","13":"taxable","14":"shipping-taxable","15":"purchasable","16":"product-type-simple"},"yoast_head":"<!-- This site is optimized with the Yoast SEO Premium plugin v26.9 (Yoast SEO v26.9) - https:\/\/yoast.com\/product\/yoast-seo-premium-wordpress\/ -->\n<title>Black Diamond ICE Pick f\u00fcr Hydra Ice Tool | bolting.eu<\/title>\n<meta name=\"description\" content=\"Black Diamond ICE Pick Eishaue f\u00fcr Hydra beim Kletterprofi kaufen \u2705 Trusted Shop \u2705 kostenloser Versand* \u2705 14 Tage R\u00fcckgaberecht \u2705 Co2 neutrale Zustellung\" \/>\n<meta name=\"robots\" content=\"index, follow, max-snippet:-1, max-image-preview:large, max-video-preview:-1\" \/>\n<link rel=\"canonical\" href=\"https:\/\/bolting.eu\/en\/shop\/black-diamond-ice-pick\/\" \/>\n<meta property=\"og:locale\" content=\"en_US\" \/>\n<meta property=\"og:type\" content=\"article\" \/>\n<meta property=\"og:title\" content=\"Black Diamond ICE Pick\" \/>\n<meta property=\"og:description\" content=\"Black Diamond ICE Pick Eishaue f\u00fcr Hydra beim Kletterprofi kaufen \u2705 Trusted Shop \u2705 kostenloser Versand* \u2705 14 Tage R\u00fcckgaberecht \u2705 Co2 neutrale Zustellung\" \/>\n<meta property=\"og:url\" content=\"https:\/\/bolting.eu\/en\/shop\/black-diamond-ice-pick\/\" \/>\n<meta property=\"og:site_name\" content=\"bolting.eu\" \/>\n<meta property=\"article:publisher\" content=\"https:\/\/www.facebook.com\/bolting.eu\" \/>\n<meta property=\"article:modified_time\" content=\"2026-01-01T11:49:32+00:00\" \/>\n<meta property=\"og:image\" content=\"https:\/\/bolting.eu\/wp-content\/uploads\/2024\/10\/BD-Ice-Pick-2.jpg\" \/>\n\t<meta property=\"og:image:width\" content=\"700\" \/>\n\t<meta property=\"og:image:height\" content=\"700\" \/>\n\t<meta property=\"og:image:type\" content=\"image\/jpeg\" \/>\n<meta name=\"twitter:card\" content=\"summary_large_image\" \/>\n<meta name=\"twitter:label1\" content=\"Price\" \/>\n\t<meta name=\"twitter:data1\" content=\"&euro;&nbsp;52,50\" \/>\n\t<meta name=\"twitter:label2\" content=\"Availability\" \/>\n\t<meta name=\"twitter:data2\" content=\"In stock\" \/>\n<script type=\"application\/ld+json\" class=\"yoast-schema-graph\">{\"@context\":\"https:\/\/schema.org\",\"@graph\":[{\"@type\":[\"WebPage\",\"ItemPage\"],\"@id\":\"https:\/\/bolting.eu\/en\/shop\/black-diamond-ice-pick\/\",\"url\":\"https:\/\/bolting.eu\/en\/shop\/black-diamond-ice-pick\/\",\"name\":\"Black Diamond ICE Pick f\u00fcr Hydra Ice Tool | bolting.eu\",\"isPartOf\":{\"@id\":\"https:\/\/bolting.eu\/en\/#website\"},\"primaryImageOfPage\":{\"@id\":\"https:\/\/bolting.eu\/en\/shop\/black-diamond-ice-pick\/#primaryimage\"},\"image\":{\"@id\":\"https:\/\/bolting.eu\/en\/shop\/black-diamond-ice-pick\/#primaryimage\"},\"thumbnailUrl\":\"https:\/\/bolting.eu\/wp-content\/uploads\/2024\/10\/BD-Ice-Pick-2.jpg\",\"datePublished\":\"2024-10-25T08:48:32+00:00\",\"dateModified\":\"2026-01-01T11:49:32+00:00\",\"description\":\"Black Diamond ICE Pick Eishaue f\u00fcr Hydra beim Kletterprofi kaufen \u2705 Trusted Shop \u2705 kostenloser Versand* \u2705 14 Tage R\u00fcckgaberecht \u2705 Co2 neutrale Zustellung\",\"breadcrumb\":{\"@id\":\"https:\/\/bolting.eu\/en\/shop\/black-diamond-ice-pick\/#breadcrumb\"},\"inLanguage\":\"en-US\",\"potentialAction\":[{\"@type\":\"ReadAction\",\"target\":[\"https:\/\/bolting.eu\/en\/shop\/black-diamond-ice-pick\/\"]}]},{\"@type\":\"ImageObject\",\"inLanguage\":\"en-US\",\"@id\":\"https:\/\/bolting.eu\/en\/shop\/black-diamond-ice-pick\/#primaryimage\",\"url\":\"https:\/\/bolting.eu\/wp-content\/uploads\/2024\/10\/BD-Ice-Pick-2.jpg\",\"contentUrl\":\"https:\/\/bolting.eu\/wp-content\/uploads\/2024\/10\/BD-Ice-Pick-2.jpg\",\"width\":700,\"height\":700,\"caption\":\"Schwarze Black Diamond ICE Pick f\u00fcr das Hydra Ice Tool. Rechts oben buntes bolting.eu Logo.\"},{\"@type\":\"BreadcrumbList\",\"@id\":\"https:\/\/bolting.eu\/en\/shop\/black-diamond-ice-pick\/#breadcrumb\",\"itemListElement\":[{\"@type\":\"ListItem\",\"position\":1,\"name\":\"Shop\",\"item\":\"https:\/\/bolting.eu\/en\/shop\/\"},{\"@type\":\"ListItem\",\"position\":2,\"name\":\"Bergsteiger Ausr\u00fcstung\",\"item\":\"https:\/\/bolting.eu\/produkt-kategorie\/bergsteiger-ausruestung\/\"},{\"@type\":\"ListItem\",\"position\":3,\"name\":\"Hauen f\u00fcr Eisger\u00e4te\",\"item\":\"https:\/\/bolting.eu\/produkt-kategorie\/bergsteiger-ausruestung\/hauen-fuer-eisgeraete\/\"},{\"@type\":\"ListItem\",\"position\":4,\"name\":\"Black Diamond ICE Pick\"}]},{\"@type\":\"WebSite\",\"@id\":\"https:\/\/bolting.eu\/en\/#website\",\"url\":\"https:\/\/bolting.eu\/en\/\",\"name\":\"bolting.eu\",\"description\":\"we make climbs happen\",\"publisher\":{\"@id\":\"https:\/\/bolting.eu\/en\/#organization\"},\"potentialAction\":[{\"@type\":\"SearchAction\",\"target\":{\"@type\":\"EntryPoint\",\"urlTemplate\":\"https:\/\/bolting.eu\/en\/?s={search_term_string}\"},\"query-input\":{\"@type\":\"PropertyValueSpecification\",\"valueRequired\":true,\"valueName\":\"search_term_string\"}}],\"inLanguage\":\"en-US\"},{\"@type\":[\"Organization\",\"Place\",\"SportingGoodsStore\"],\"@id\":\"https:\/\/bolting.eu\/en\/#organization\",\"name\":\"bolting.eu\",\"url\":\"https:\/\/bolting.eu\/en\/\",\"logo\":{\"@id\":\"https:\/\/bolting.eu\/en\/shop\/black-diamond-ice-pick\/#local-main-organization-logo\"},\"image\":{\"@id\":\"https:\/\/bolting.eu\/en\/shop\/black-diamond-ice-pick\/#local-main-organization-logo\"},\"sameAs\":[\"https:\/\/www.facebook.com\/bolting.eu\",\"https:\/\/www.instagram.com\/bolting.eu\/\"],\"address\":{\"@id\":\"https:\/\/bolting.eu\/en\/shop\/black-diamond-ice-pick\/#local-main-place-address\"},\"geo\":{\"@type\":\"GeoCoordinates\",\"latitude\":\"47.264176340396226\",\"longitude\":\"11.380109057672346\"},\"telephone\":[\"+43 699 19083372\"],\"openingHoursSpecification\":[{\"@type\":\"OpeningHoursSpecification\",\"dayOfWeek\":[\"Monday\",\"Wednesday\",\"Friday\"],\"opens\":\"14:00\",\"closes\":\"18:00\"},{\"@type\":\"OpeningHoursSpecification\",\"dayOfWeek\":[\"Tuesday\",\"Thursday\",\"Saturday\",\"Sunday\"],\"opens\":\"00:00\",\"closes\":\"00:00\"}],\"email\":\"office@bolting.eu\",\"vatID\":\"ATU59999728\",\"priceRange\":\"$$\",\"currenciesAccepted\":\"Euro\"},{\"@type\":\"PostalAddress\",\"@id\":\"https:\/\/bolting.eu\/en\/shop\/black-diamond-ice-pick\/#local-main-place-address\",\"streetAddress\":\"Fischnalerstra\u00dfe 4\",\"addressLocality\":\"Innsbruck\",\"postalCode\":\"6020\",\"addressRegion\":\"Tirol\",\"addressCountry\":\"AT\"},{\"@type\":\"ImageObject\",\"inLanguage\":\"en-US\",\"@id\":\"https:\/\/bolting.eu\/en\/shop\/black-diamond-ice-pick\/#local-main-organization-logo\",\"url\":\"https:\/\/bolting.eu\/wp-content\/uploads\/2019\/09\/bolting-logo.png\",\"contentUrl\":\"https:\/\/bolting.eu\/wp-content\/uploads\/2019\/09\/bolting-logo.png\",\"width\":400,\"height\":211,\"caption\":\"bolting.eu\"}]}<\/script>\n<meta property=\"product:price:amount\" content=\"52.50\" \/>\n<meta property=\"product:price:currency\" content=\"EUR\" \/>\n<meta property=\"og:availability\" content=\"instock\" \/>\n<meta property=\"product:availability\" content=\"instock\" \/>\n<meta property=\"product:retailer_item_id\" content=\"BD4001010000ALL1\" \/>\n<meta property=\"product:condition\" content=\"new\" \/>\n<meta name=\"geo.placename\" content=\"Innsbruck\" \/>\n<meta name=\"geo.position\" content=\"47.264176340396226;11.380109057672346\" \/>\n<meta name=\"geo.region\" content=\"Austria\" \/>\n<!-- \/ Yoast SEO Premium plugin. -->","yoast_head_json":{"title":"Black Diamond ICE Pick f\u00fcr Hydra Ice Tool | bolting.eu","description":"Black Diamond ICE Pick Eishaue f\u00fcr Hydra beim Kletterprofi kaufen \u2705 Trusted Shop \u2705 kostenloser Versand* \u2705 14 Tage R\u00fcckgaberecht \u2705 Co2 neutrale Zustellung","robots":{"index":"index","follow":"follow","max-snippet":"max-snippet:-1","max-image-preview":"max-image-preview:large","max-video-preview":"max-video-preview:-1"},"canonical":"https:\/\/bolting.eu\/en\/shop\/black-diamond-ice-pick\/","og_locale":"en_US","og_type":"article","og_title":"Black Diamond ICE Pick","og_description":"Black Diamond ICE Pick Eishaue f\u00fcr Hydra beim Kletterprofi kaufen \u2705 Trusted Shop \u2705 kostenloser Versand* \u2705 14 Tage R\u00fcckgaberecht \u2705 Co2 neutrale Zustellung","og_url":"https:\/\/bolting.eu\/en\/shop\/black-diamond-ice-pick\/","og_site_name":"bolting.eu","article_publisher":"https:\/\/www.facebook.com\/bolting.eu","article_modified_time":"2026-01-01T11:49:32+00:00","og_image":[{"width":700,"height":700,"url":"https:\/\/bolting.eu\/wp-content\/uploads\/2024\/10\/BD-Ice-Pick-2.jpg","type":"image\/jpeg"}],"twitter_card":"summary_large_image","twitter_misc":{"Price":"&euro;&nbsp;52,50","Availability":"In stock"},"schema":{"@context":"https:\/\/schema.org","@graph":[{"@type":["WebPage","ItemPage"],"@id":"https:\/\/bolting.eu\/en\/shop\/black-diamond-ice-pick\/","url":"https:\/\/bolting.eu\/en\/shop\/black-diamond-ice-pick\/","name":"Black Diamond ICE Pick f\u00fcr Hydra Ice Tool | bolting.eu","isPartOf":{"@id":"https:\/\/bolting.eu\/en\/#website"},"primaryImageOfPage":{"@id":"https:\/\/bolting.eu\/en\/shop\/black-diamond-ice-pick\/#primaryimage"},"image":{"@id":"https:\/\/bolting.eu\/en\/shop\/black-diamond-ice-pick\/#primaryimage"},"thumbnailUrl":"https:\/\/bolting.eu\/wp-content\/uploads\/2024\/10\/BD-Ice-Pick-2.jpg","datePublished":"2024-10-25T08:48:32+00:00","dateModified":"2026-01-01T11:49:32+00:00","description":"Black Diamond ICE Pick Eishaue f\u00fcr Hydra beim Kletterprofi kaufen \u2705 Trusted Shop \u2705 kostenloser Versand* \u2705 14 Tage R\u00fcckgaberecht \u2705 Co2 neutrale Zustellung","breadcrumb":{"@id":"https:\/\/bolting.eu\/en\/shop\/black-diamond-ice-pick\/#breadcrumb"},"inLanguage":"en-US","potentialAction":[{"@type":"ReadAction","target":["https:\/\/bolting.eu\/en\/shop\/black-diamond-ice-pick\/"]}]},{"@type":"ImageObject","inLanguage":"en-US","@id":"https:\/\/bolting.eu\/en\/shop\/black-diamond-ice-pick\/#primaryimage","url":"https:\/\/bolting.eu\/wp-content\/uploads\/2024\/10\/BD-Ice-Pick-2.jpg","contentUrl":"https:\/\/bolting.eu\/wp-content\/uploads\/2024\/10\/BD-Ice-Pick-2.jpg","width":700,"height":700,"caption":"Schwarze Black Diamond ICE Pick f\u00fcr das Hydra Ice Tool. Rechts oben buntes bolting.eu Logo."},{"@type":"BreadcrumbList","@id":"https:\/\/bolting.eu\/en\/shop\/black-diamond-ice-pick\/#breadcrumb","itemListElement":[{"@type":"ListItem","position":1,"name":"Shop","item":"https:\/\/bolting.eu\/en\/shop\/"},{"@type":"ListItem","position":2,"name":"Bergsteiger Ausr\u00fcstung","item":"https:\/\/bolting.eu\/produkt-kategorie\/bergsteiger-ausruestung\/"},{"@type":"ListItem","position":3,"name":"Hauen f\u00fcr Eisger\u00e4te","item":"https:\/\/bolting.eu\/produkt-kategorie\/bergsteiger-ausruestung\/hauen-fuer-eisgeraete\/"},{"@type":"ListItem","position":4,"name":"Black Diamond ICE Pick"}]},{"@type":"WebSite","@id":"https:\/\/bolting.eu\/en\/#website","url":"https:\/\/bolting.eu\/en\/","name":"bolting.eu","description":"we make climbs happen","publisher":{"@id":"https:\/\/bolting.eu\/en\/#organization"},"potentialAction":[{"@type":"SearchAction","target":{"@type":"EntryPoint","urlTemplate":"https:\/\/bolting.eu\/en\/?s={search_term_string}"},"query-input":{"@type":"PropertyValueSpecification","valueRequired":true,"valueName":"search_term_string"}}],"inLanguage":"en-US"},{"@type":["Organization","Place","SportingGoodsStore"],"@id":"https:\/\/bolting.eu\/en\/#organization","name":"bolting.eu","url":"https:\/\/bolting.eu\/en\/","logo":{"@id":"https:\/\/bolting.eu\/en\/shop\/black-diamond-ice-pick\/#local-main-organization-logo"},"image":{"@id":"https:\/\/bolting.eu\/en\/shop\/black-diamond-ice-pick\/#local-main-organization-logo"},"sameAs":["https:\/\/www.facebook.com\/bolting.eu","https:\/\/www.instagram.com\/bolting.eu\/"],"address":{"@id":"https:\/\/bolting.eu\/en\/shop\/black-diamond-ice-pick\/#local-main-place-address"},"geo":{"@type":"GeoCoordinates","latitude":"47.264176340396226","longitude":"11.380109057672346"},"telephone":["+43 699 19083372"],"openingHoursSpecification":[{"@type":"OpeningHoursSpecification","dayOfWeek":["Monday","Wednesday","Friday"],"opens":"14:00","closes":"18:00"},{"@type":"OpeningHoursSpecification","dayOfWeek":["Tuesday","Thursday","Saturday","Sunday"],"opens":"00:00","closes":"00:00"}],"email":"office@bolting.eu","vatID":"ATU59999728","priceRange":"$$","currenciesAccepted":"Euro"},{"@type":"PostalAddress","@id":"https:\/\/bolting.eu\/en\/shop\/black-diamond-ice-pick\/#local-main-place-address","streetAddress":"Fischnalerstra\u00dfe 4","addressLocality":"Innsbruck","postalCode":"6020","addressRegion":"Tirol","addressCountry":"AT"},{"@type":"ImageObject","inLanguage":"en-US","@id":"https:\/\/bolting.eu\/en\/shop\/black-diamond-ice-pick\/#local-main-organization-logo","url":"https:\/\/bolting.eu\/wp-content\/uploads\/2019\/09\/bolting-logo.png","contentUrl":"https:\/\/bolting.eu\/wp-content\/uploads\/2019\/09\/bolting-logo.png","width":400,"height":211,"caption":"bolting.eu"}]},"product_price_amount":"52.50","product_price_currency":"EUR","og_availability":"instock","product_availability":"instock","product_retailer_item_id":"BD4001010000ALL1","product_condition":"new","geo.placename":"Innsbruck","geo.position":{"lat":"47.264176340396226","long":"11.380109057672346"},"geo.region":"Austria"},"_links":{"self":[{"href":"https:\/\/bolting.eu\/en\/wp-json\/wp\/v2\/product\/21719","targetHints":{"allow":["GET"]}}],"collection":[{"href":"https:\/\/bolting.eu\/en\/wp-json\/wp\/v2\/product"}],"about":[{"href":"https:\/\/bolting.eu\/en\/wp-json\/wp\/v2\/types\/product"}],"replies":[{"embeddable":true,"href":"https:\/\/bolting.eu\/en\/wp-json\/wp\/v2\/comments?post=21719"}],"wp:featuredmedia":[{"embeddable":true,"href":"https:\/\/bolting.eu\/en\/wp-json\/wp\/v2\/media\/21721"}],"wp:attachment":[{"href":"https:\/\/bolting.eu\/en\/wp-json\/wp\/v2\/media?parent=21719"}],"wp:term":[{"taxonomy":"product_brand","embeddable":true,"href":"https:\/\/bolting.eu\/en\/wp-json\/wp\/v2\/product_brand?post=21719"},{"taxonomy":"product_cat","embeddable":true,"href":"https:\/\/bolting.eu\/en\/wp-json\/wp\/v2\/product_cat?post=21719"},{"taxonomy":"product_tag","embeddable":true,"href":"https:\/\/bolting.eu\/en\/wp-json\/wp\/v2\/product_tag?post=21719"}],"curies":[{"name":"wp","href":"https:\/\/api.w.org\/{rel}","templated":true}]}}