{"id":2164,"date":"2020-03-17T11:20:35","date_gmt":"2020-03-17T10:20:35","guid":{"rendered":"https:\/\/bolting.eu\/?post_type=product&#038;p=2164"},"modified":"2026-04-19T15:54:29","modified_gmt":"2026-04-19T13:54:29","slug":"expressschlinge-kong-panic","status":"publish","type":"product","link":"https:\/\/bolting.eu\/en\/shop\/expressschlinge-kong-panic\/","title":{"rendered":"Expressschlinge Kong Panic &#8211; versteifte Expresschlinge"},"content":{"rendered":"<p>Die Expressschlinge Kong Panic ist ein super hilfreiches Produkt. Denn es hilft Euch jene <a href=\"https:\/\/bolting.eu\/produkt-kategorie\/bohrhaken\/\">Bohrhaken<\/a> bzw. <a href=\"https:\/\/bolting.eu\/produkt-kategorie\/klebehaken-buehlerhaken\/\">Klebehaken<\/a> gerade von unten zu klippen welche man gerade nicht erreichen kann. Deswegen sollte es in keiner <a href=\"https:\/\/bolting.eu\/produkt-kategorie\/kletterausruestung\/\">Kletterausr\u00fcstung<\/a> fehlen.<\/p>\n<p>Die Umsetzung dieser L\u00f6sung ist Kong perfekt gelungen. Deswegen z\u00e4hlt diese versteifte Expressschlinge zu einem unserer Top Seller bei Bolting.eu.<\/p>\n<h3>Expressschlinge Kong Panic<\/h3>\n<p>Die Beliebtheit dieser Expressschlinge ist leicht erkl\u00e4rt. Erstens ist sie in zwei L\u00e4ngen. Einerseits in 30cm <strong>(Gesamtl\u00e4nge inkl. Karabiner 45cm!)<\/strong> und andererseits in 45cm <strong>(Gesamtl\u00e4nge inkl. Karabiner 59cm!)<\/strong>. Zweitens wird die Schlinge mit einem entsprechenden Karabiner geliefert. Dieser l\u00e4sst sich in ge\u00f6ffnetem Zustand fixieren und kann somit leicht eingeh\u00e4ngt werden. Drittens bildet die versteifte Expressschlinge das Kernst\u00fcck dieses Produkts. In dem Schlauchband befindet sich ein halbstarres Drahtgeflecht welches der Schlinge ihre Stabilit\u00e4t gibt. Kurzum: ein richtig wertvoller Helfer der immer dann zur stelle ist wenn der verflixte Haken mal wieder ein klein wenig zu weit weg ist!<\/p>\n<h3>Eigenschaften Expressschlinge Kong Panic<\/h3>\n<ul>\n<li>Hersteller: Kong<\/li>\n<li>L\u00e4ngen der <strong>Schlinge alleine<\/strong>: 30cm und 45cm<\/li>\n<li>L\u00e4ngen der <strong>Schlingen inkl. dem mitgelieferten, fixen Karabiner<\/strong>: 37cm bzw. 52cm<\/li>\n<li><strong>L\u00e4ngen inkl. der Karabiner: 45 cm und 59cm (!!!)<\/strong><\/li>\n<li>fixer Karabiner mit smarten Mechanismus der Schnapper zuerst offen h\u00e4lt<\/li>\n<li>Karabiner schlie\u00dft bei Belastung automatisch<\/li>\n<li>halbstarres Schlauchband mit Drahtgeflecht<\/li>\n<li>Varianten inkl. seilseitigem Karabiner erh\u00e4ltlich<\/li>\n<li>made in Italy<\/li>\n<\/ul>\n<h3>Video Expressschlinge Kong Panic<\/h3>\n<p>Wie die Verwendung der Schlinge genau funktioniert, zeigt euch dieses Video:<\/p>\n<p><iframe loading=\"lazy\" src=\"https:\/\/www.youtube.com\/embed\/6IJKlkIWJ9k\" width=\"100%\" height=\"450\" frameborder=\"0\" allowfullscreen=\"allowfullscreen\"><span data-mce-type=\"bookmark\" style=\"display: inline-block; width: 0px; overflow: hidden; line-height: 0;\" class=\"mce_SELRES_start\">\ufeff<\/span><\/iframe><\/p>\n<p>&nbsp;<\/p>\n<h3>Praxis Tipp<\/h3>\n<p>Um die Expressschlinge an der Wand verwenden zu k\u00f6nnen, braucht man eine relativ stabile Position. D.h. man sollte eine komfortable Klipp-Position haben um sie einh\u00e4ngen zu k\u00f6nnen. \u00dcbt das einh\u00e4ndige Verwenden der versteiften Expressschlinge um gut f\u00fcr den &#8220;Ernstfall&#8221; vorbereitet zu sein.<\/p>\n<p>Sehr kleinen Personen empfehlen wir die 45cm Variante, auch wenn sie doch etwas &#8220;sperrig&#8221; am Gurt ausf\u00e4llt. Gr\u00f6\u00dfere Personen werden mit der 30cm viel Freude haben.<\/p>\n<p>Beachtet bitte. Mit dem Kong Prog gibt es eine Alternative mit einem ganz anderen Schlie\u00df-Mechanismus der hakenseitigen Verbindungsmittel. Wem die Karabinerl\u00f6sung nicht gef\u00e4llt, sollte diesen Schiebe-Schlie\u00df-Mechanismus als Alternative erw\u00e4gen.<\/p>\n<p><strong>Was ist der Unterschied zwischen dem Prog und der Panic Schlinge?<\/strong><\/p>\n<p>Der Prog hat vor allem dann Vorteile, wenn sich die Fixpunkte neben Felsh\u00f6ckern, in Verschneidungen oder um Kanten befinden. Denn dieses Produkt wird ganz gerade eingeh\u00e4ngt. Die Schlinge mit dem Karabiner muss von der der Seite geklippt werden. D.h. man verliert ein paar Zentimeter bzw. kann das Einh\u00e4ngen manchmal nicht m\u00f6glich sein. Wenn wie bereits erw\u00e4hnt eben ein Hindernis da ist.<\/p>\n<h3>Vier Varianten im Angebot<\/h3>\n<p>Wir haben f\u00fcr Euch vier Varianten der Expressschlinge Kong Panic im Angebot.<\/p>\n<ul>\n<li>30cm Variante<\/li>\n<li>45cm Variante<\/li>\n<li>30cm Variante \u00a0Austrialpin Rockit Karabiner mit gebogenem Schnapper f\u00fcr die Seilaufnahme<\/li>\n<li>45 cm Variante\u00a0Austrialpin Rockit Karabiner mit gebogenem Schnapper f\u00fcr die Seilaufnahme<\/li>\n<\/ul>\n<p>Wir empfehlen Euch zu diesem Produkt auch das <a href=\"https:\/\/bolting.eu\/shop\/kong-kletterausruestung-pflegeoel\/\">Karabiner Pflege\u00f6l<\/a>. So haltet ihr den Klemm-Mechanismus des hakenseitigen Karabiner immer funktionst\u00fcchtig.<\/p>\n<p>&nbsp;<\/p>\n<p><a href=\"https:\/\/bolting.eu\/wp-content\/uploads\/2020\/03\/Kong-Expressschlinge-Panic_XL-plus-Rockit.jpg\"><img loading=\"lazy\" decoding=\"async\" class=\"alignnone wp-image-2168 size-thumbnail\" src=\"https:\/\/bolting.eu\/wp-content\/uploads\/2020\/03\/Kong-Expressschlinge-Panic_XL-plus-Rockit-280x280.jpg\" alt=\"Das Bild die Expressschlinge Kong Panic. Die orange 45cm Variante steht aufrecht in Bildmitte mit dem fixen schwarzen Karabiner nach oben. Rechts unterhalb ein schwarzes Plus Zeichen und ein gelber Karabiner.\" width=\"280\" height=\"280\" srcset=\"https:\/\/bolting.eu\/wp-content\/uploads\/2020\/03\/Kong-Expressschlinge-Panic_XL-plus-Rockit-280x280.jpg 280w, https:\/\/bolting.eu\/wp-content\/uploads\/2020\/03\/Kong-Expressschlinge-Panic_XL-plus-Rockit-247x247.jpg 247w, https:\/\/bolting.eu\/wp-content\/uploads\/2020\/03\/Kong-Expressschlinge-Panic_XL-plus-Rockit-100x100.jpg 100w, https:\/\/bolting.eu\/wp-content\/uploads\/2020\/03\/Kong-Expressschlinge-Panic_XL-plus-Rockit-510x510.jpg 510w, https:\/\/bolting.eu\/wp-content\/uploads\/2020\/03\/Kong-Expressschlinge-Panic_XL-plus-Rockit-400x400.jpg 400w, https:\/\/bolting.eu\/wp-content\/uploads\/2020\/03\/Kong-Expressschlinge-Panic_XL-plus-Rockit-300x300.jpg 300w, https:\/\/bolting.eu\/wp-content\/uploads\/2020\/03\/Kong-Expressschlinge-Panic_XL-plus-Rockit-600x600.jpg 600w, https:\/\/bolting.eu\/wp-content\/uploads\/2020\/03\/Kong-Expressschlinge-Panic_XL-plus-Rockit.jpg 700w\" sizes=\"auto, (max-width: 280px) 100vw, 280px\" \/><\/a><a href=\"https:\/\/bolting.eu\/wp-content\/uploads\/2020\/03\/Kong-Expressschlinge-Panic_L-plus-Rockit.jpg\"><img loading=\"lazy\" decoding=\"async\" class=\"alignnone size-thumbnail wp-image-2166\" src=\"https:\/\/bolting.eu\/wp-content\/uploads\/2020\/03\/Kong-Expressschlinge-Panic_L-plus-Rockit-280x280.jpg\" alt=\"Das Bild die Expressschlinge Kong Panic. Die gr\u00fcne 30cm Variante steht aufrecht in Bildmitte mit dem fixen schwarzen Karabiner nach oben. Rechts unterhalb ein schwarzes Plus Zeichen und ein gelber Karabiner.\" width=\"280\" height=\"280\" srcset=\"https:\/\/bolting.eu\/wp-content\/uploads\/2020\/03\/Kong-Expressschlinge-Panic_L-plus-Rockit-280x280.jpg 280w, https:\/\/bolting.eu\/wp-content\/uploads\/2020\/03\/Kong-Expressschlinge-Panic_L-plus-Rockit-247x247.jpg 247w, https:\/\/bolting.eu\/wp-content\/uploads\/2020\/03\/Kong-Expressschlinge-Panic_L-plus-Rockit-100x100.jpg 100w, https:\/\/bolting.eu\/wp-content\/uploads\/2020\/03\/Kong-Expressschlinge-Panic_L-plus-Rockit-510x510.jpg 510w, https:\/\/bolting.eu\/wp-content\/uploads\/2020\/03\/Kong-Expressschlinge-Panic_L-plus-Rockit-400x400.jpg 400w, https:\/\/bolting.eu\/wp-content\/uploads\/2020\/03\/Kong-Expressschlinge-Panic_L-plus-Rockit-300x300.jpg 300w, https:\/\/bolting.eu\/wp-content\/uploads\/2020\/03\/Kong-Expressschlinge-Panic_L-plus-Rockit-600x600.jpg 600w, https:\/\/bolting.eu\/wp-content\/uploads\/2020\/03\/Kong-Expressschlinge-Panic_L-plus-Rockit.jpg 700w\" sizes=\"auto, (max-width: 280px) 100vw, 280px\" \/><\/a><\/p>\n","protected":false},"excerpt":{"rendered":"<p>Versteifte Expressschlinge mit Karabiner, der sich beim Einh\u00e4ngen automatisch schlie\u00dft.<\/p>\n<p>Beachtet unbedingt. <strong>Die L\u00e4ngen inkl. der Karabiner sind 45 cm bzw. 59cm (!!!). D.h. die l\u00e4ngere Schlinge ist am Gurt wirklich seeehr lange!<\/strong><\/p>\n<p>Versandkostenfrei bis 2kg in <img decoding=\"async\" class=\"emoji\" role=\"img\" draggable=\"false\" src=\"https:\/\/s.w.org\/images\/core\/emoji\/14.0.0\/svg\/1f1e6-1f1f9.svg\" alt=\"\ud83c\udde6\ud83c\uddf9\" \/> ab \u20ac 100,- und <img decoding=\"async\" class=\"emoji\" role=\"img\" draggable=\"false\" src=\"https:\/\/s.w.org\/images\/core\/emoji\/14.0.0\/svg\/1f1e9-1f1ea.svg\" alt=\"\ud83c\udde9\ud83c\uddea\" \/> ab \u20ac 200,-!<\/p>\n","protected":false},"featured_media":2171,"comment_status":"closed","ping_status":"closed","template":"","meta":[],"product_brand":[],"product_cat":[220,29,4651],"product_tag":[],"class_list":{"0":"post-2164","1":"product","2":"type-product","3":"status-publish","4":"has-post-thumbnail","6":"product_cat-expressschlingen","7":"product_cat-kletterausruestung","8":"product_cat-kong","10":"first","11":"instock","12":"taxable","13":"shipping-taxable","14":"purchasable","15":"product-type-variable"},"yoast_head":"<!-- This site is optimized with the Yoast SEO Premium plugin v26.9 (Yoast SEO v26.9) - https:\/\/yoast.com\/product\/yoast-seo-premium-wordpress\/ -->\n<title>Expressschlinge Kong Panic - versteifte Expresschlinge | bolting.eu<\/title>\n<meta name=\"description\" content=\"Kong Panic - versteifte Expressschlinge beim Kletterprofi kaufen \u2705 Trusted Shop \u2705 kostenloser Versand* \u2705 14 Tage R\u00fcckgaberecht \u2705 Co2 neutrale Zustellung\" \/>\n<meta name=\"robots\" content=\"index, follow, max-snippet:-1, max-image-preview:large, max-video-preview:-1\" \/>\n<link rel=\"canonical\" href=\"https:\/\/bolting.eu\/en\/shop\/expressschlinge-kong-panic\/\" \/>\n<meta property=\"og:locale\" content=\"en_US\" \/>\n<meta property=\"og:type\" content=\"article\" \/>\n<meta property=\"og:title\" content=\"Expressschlinge Kong Panic - versteifte Expresschlinge\" \/>\n<meta property=\"og:description\" content=\"Kong Panic - versteifte Expressschlinge beim Kletterprofi kaufen \u2705 Trusted Shop \u2705 kostenloser Versand* \u2705 14 Tage R\u00fcckgaberecht \u2705 Co2 neutrale Zustellung\" \/>\n<meta property=\"og:url\" content=\"https:\/\/bolting.eu\/en\/shop\/expressschlinge-kong-panic\/\" \/>\n<meta property=\"og:site_name\" content=\"bolting.eu\" \/>\n<meta property=\"article:publisher\" content=\"https:\/\/www.facebook.com\/bolting.eu\" \/>\n<meta property=\"article:modified_time\" content=\"2026-04-19T13:54:29+00:00\" \/>\n<meta property=\"og:image\" content=\"https:\/\/bolting.eu\/wp-content\/uploads\/2020\/03\/Expressschlinge-Kong-Panic-versteifte-Expressschlinge.jpg\" \/>\n\t<meta property=\"og:image:width\" content=\"700\" \/>\n\t<meta property=\"og:image:height\" content=\"700\" \/>\n\t<meta property=\"og:image:type\" content=\"image\/jpeg\" \/>\n<meta name=\"twitter:card\" content=\"summary_large_image\" \/>\n<meta name=\"twitter:label1\" content=\"Availability\" \/>\n\t<meta name=\"twitter:data1\" content=\"In stock\" \/>\n<script type=\"application\/ld+json\" class=\"yoast-schema-graph\">{\"@context\":\"https:\/\/schema.org\",\"@graph\":[{\"@type\":[\"WebPage\",\"ItemPage\"],\"@id\":\"https:\/\/bolting.eu\/en\/shop\/expressschlinge-kong-panic\/\",\"url\":\"https:\/\/bolting.eu\/en\/shop\/expressschlinge-kong-panic\/\",\"name\":\"Expressschlinge Kong Panic - versteifte Expresschlinge | bolting.eu\",\"isPartOf\":{\"@id\":\"https:\/\/bolting.eu\/en\/#website\"},\"primaryImageOfPage\":{\"@id\":\"https:\/\/bolting.eu\/en\/shop\/expressschlinge-kong-panic\/#primaryimage\"},\"image\":{\"@id\":\"https:\/\/bolting.eu\/en\/shop\/expressschlinge-kong-panic\/#primaryimage\"},\"thumbnailUrl\":\"https:\/\/bolting.eu\/wp-content\/uploads\/2020\/03\/Expressschlinge-Kong-Panic-versteifte-Expressschlinge.jpg\",\"datePublished\":\"2020-03-17T10:20:35+00:00\",\"dateModified\":\"2026-04-19T13:54:29+00:00\",\"description\":\"Kong Panic - versteifte Expressschlinge beim Kletterprofi kaufen \u2705 Trusted Shop \u2705 kostenloser Versand* \u2705 14 Tage R\u00fcckgaberecht \u2705 Co2 neutrale Zustellung\",\"breadcrumb\":{\"@id\":\"https:\/\/bolting.eu\/en\/shop\/expressschlinge-kong-panic\/#breadcrumb\"},\"inLanguage\":\"en-US\",\"potentialAction\":[{\"@type\":\"ReadAction\",\"target\":[\"https:\/\/bolting.eu\/en\/shop\/expressschlinge-kong-panic\/\"]}]},{\"@type\":\"ImageObject\",\"inLanguage\":\"en-US\",\"@id\":\"https:\/\/bolting.eu\/en\/shop\/expressschlinge-kong-panic\/#primaryimage\",\"url\":\"https:\/\/bolting.eu\/wp-content\/uploads\/2020\/03\/Expressschlinge-Kong-Panic-versteifte-Expressschlinge.jpg\",\"contentUrl\":\"https:\/\/bolting.eu\/wp-content\/uploads\/2020\/03\/Expressschlinge-Kong-Panic-versteifte-Expressschlinge.jpg\",\"width\":700,\"height\":700},{\"@type\":\"BreadcrumbList\",\"@id\":\"https:\/\/bolting.eu\/en\/shop\/expressschlinge-kong-panic\/#breadcrumb\",\"itemListElement\":[{\"@type\":\"ListItem\",\"position\":1,\"name\":\"Shop\",\"item\":\"https:\/\/bolting.eu\/en\/shop\/\"},{\"@type\":\"ListItem\",\"position\":2,\"name\":\"climbing equipment\",\"item\":\"https:\/\/bolting.eu\/en\/produkt-kategorie\/climbing-equipment\/\"},{\"@type\":\"ListItem\",\"position\":3,\"name\":\"Quickdraws\",\"item\":\"https:\/\/bolting.eu\/en\/produkt-kategorie\/quickdraws\/\"},{\"@type\":\"ListItem\",\"position\":4,\"name\":\"Expressschlinge Kong Panic &#8211; versteifte Expresschlinge\"}]},{\"@type\":\"WebSite\",\"@id\":\"https:\/\/bolting.eu\/en\/#website\",\"url\":\"https:\/\/bolting.eu\/en\/\",\"name\":\"bolting.eu\",\"description\":\"we make climbs happen\",\"publisher\":{\"@id\":\"https:\/\/bolting.eu\/en\/#organization\"},\"potentialAction\":[{\"@type\":\"SearchAction\",\"target\":{\"@type\":\"EntryPoint\",\"urlTemplate\":\"https:\/\/bolting.eu\/en\/?s={search_term_string}\"},\"query-input\":{\"@type\":\"PropertyValueSpecification\",\"valueRequired\":true,\"valueName\":\"search_term_string\"}}],\"inLanguage\":\"en-US\"},{\"@type\":[\"Organization\",\"Place\",\"SportingGoodsStore\"],\"@id\":\"https:\/\/bolting.eu\/en\/#organization\",\"name\":\"bolting.eu\",\"url\":\"https:\/\/bolting.eu\/en\/\",\"logo\":{\"@id\":\"https:\/\/bolting.eu\/en\/shop\/expressschlinge-kong-panic\/#local-main-organization-logo\"},\"image\":{\"@id\":\"https:\/\/bolting.eu\/en\/shop\/expressschlinge-kong-panic\/#local-main-organization-logo\"},\"sameAs\":[\"https:\/\/www.facebook.com\/bolting.eu\",\"https:\/\/www.instagram.com\/bolting.eu\/\"],\"address\":{\"@id\":\"https:\/\/bolting.eu\/en\/shop\/expressschlinge-kong-panic\/#local-main-place-address\"},\"geo\":{\"@type\":\"GeoCoordinates\",\"latitude\":\"47.264176340396226\",\"longitude\":\"11.380109057672346\"},\"telephone\":[\"+43 699 19083372\"],\"openingHoursSpecification\":[{\"@type\":\"OpeningHoursSpecification\",\"dayOfWeek\":[\"Monday\",\"Wednesday\",\"Friday\"],\"opens\":\"14:00\",\"closes\":\"18:00\"},{\"@type\":\"OpeningHoursSpecification\",\"dayOfWeek\":[\"Tuesday\",\"Thursday\",\"Saturday\",\"Sunday\"],\"opens\":\"00:00\",\"closes\":\"00:00\"}],\"email\":\"office@bolting.eu\",\"vatID\":\"ATU59999728\",\"priceRange\":\"$$\",\"currenciesAccepted\":\"Euro\"},{\"@type\":\"PostalAddress\",\"@id\":\"https:\/\/bolting.eu\/en\/shop\/expressschlinge-kong-panic\/#local-main-place-address\",\"streetAddress\":\"Fischnalerstra\u00dfe 4\",\"addressLocality\":\"Innsbruck\",\"postalCode\":\"6020\",\"addressRegion\":\"Tirol\",\"addressCountry\":\"AT\"},{\"@type\":\"ImageObject\",\"inLanguage\":\"en-US\",\"@id\":\"https:\/\/bolting.eu\/en\/shop\/expressschlinge-kong-panic\/#local-main-organization-logo\",\"url\":\"https:\/\/bolting.eu\/wp-content\/uploads\/2019\/09\/bolting-logo.png\",\"contentUrl\":\"https:\/\/bolting.eu\/wp-content\/uploads\/2019\/09\/bolting-logo.png\",\"width\":400,\"height\":211,\"caption\":\"bolting.eu\"}]}<\/script>\n<meta property=\"og:video\" content=\"https:\/\/www.youtube.com\/embed\/6IJKlkIWJ9k\" \/>\n<meta property=\"og:video:type\" content=\"text\/html\" \/>\n<meta property=\"og:video:duration\" content=\"110\" \/>\n<meta property=\"og:video:width\" content=\"480\" \/>\n<meta property=\"og:video:height\" content=\"270\" \/>\n<meta property=\"ya:ovs:adult\" content=\"false\" \/>\n<meta property=\"ya:ovs:upload_date\" content=\"2020-03-17T10:20:35+00:00\" \/>\n<meta property=\"ya:ovs:allow_embed\" content=\"true\" \/>\n<meta property=\"og:availability\" content=\"instock\" \/>\n<meta property=\"product:availability\" content=\"instock\" \/>\n<meta property=\"product:condition\" content=\"new\" \/>\n<meta name=\"geo.placename\" content=\"Innsbruck\" \/>\n<meta name=\"geo.position\" content=\"47.264176340396226;11.380109057672346\" \/>\n<meta name=\"geo.region\" content=\"Austria\" \/>\n<!-- \/ Yoast SEO Premium plugin. -->","yoast_head_json":{"title":"Expressschlinge Kong Panic - versteifte Expresschlinge | bolting.eu","description":"Kong Panic - versteifte Expressschlinge beim Kletterprofi kaufen \u2705 Trusted Shop \u2705 kostenloser Versand* \u2705 14 Tage R\u00fcckgaberecht \u2705 Co2 neutrale Zustellung","robots":{"index":"index","follow":"follow","max-snippet":"max-snippet:-1","max-image-preview":"max-image-preview:large","max-video-preview":"max-video-preview:-1"},"canonical":"https:\/\/bolting.eu\/en\/shop\/expressschlinge-kong-panic\/","og_locale":"en_US","og_type":"article","og_title":"Expressschlinge Kong Panic - versteifte Expresschlinge","og_description":"Kong Panic - versteifte Expressschlinge beim Kletterprofi kaufen \u2705 Trusted Shop \u2705 kostenloser Versand* \u2705 14 Tage R\u00fcckgaberecht \u2705 Co2 neutrale Zustellung","og_url":"https:\/\/bolting.eu\/en\/shop\/expressschlinge-kong-panic\/","og_site_name":"bolting.eu","article_publisher":"https:\/\/www.facebook.com\/bolting.eu","article_modified_time":"2026-04-19T13:54:29+00:00","og_image":[{"width":700,"height":700,"url":"https:\/\/bolting.eu\/wp-content\/uploads\/2020\/03\/Expressschlinge-Kong-Panic-versteifte-Expressschlinge.jpg","type":"image\/jpeg"}],"twitter_card":"summary_large_image","twitter_misc":{"Availability":"In stock"},"schema":{"@context":"https:\/\/schema.org","@graph":[{"@type":["WebPage","ItemPage"],"@id":"https:\/\/bolting.eu\/en\/shop\/expressschlinge-kong-panic\/","url":"https:\/\/bolting.eu\/en\/shop\/expressschlinge-kong-panic\/","name":"Expressschlinge Kong Panic - versteifte Expresschlinge | bolting.eu","isPartOf":{"@id":"https:\/\/bolting.eu\/en\/#website"},"primaryImageOfPage":{"@id":"https:\/\/bolting.eu\/en\/shop\/expressschlinge-kong-panic\/#primaryimage"},"image":{"@id":"https:\/\/bolting.eu\/en\/shop\/expressschlinge-kong-panic\/#primaryimage"},"thumbnailUrl":"https:\/\/bolting.eu\/wp-content\/uploads\/2020\/03\/Expressschlinge-Kong-Panic-versteifte-Expressschlinge.jpg","datePublished":"2020-03-17T10:20:35+00:00","dateModified":"2026-04-19T13:54:29+00:00","description":"Kong Panic - versteifte Expressschlinge beim Kletterprofi kaufen \u2705 Trusted Shop \u2705 kostenloser Versand* \u2705 14 Tage R\u00fcckgaberecht \u2705 Co2 neutrale Zustellung","breadcrumb":{"@id":"https:\/\/bolting.eu\/en\/shop\/expressschlinge-kong-panic\/#breadcrumb"},"inLanguage":"en-US","potentialAction":[{"@type":"ReadAction","target":["https:\/\/bolting.eu\/en\/shop\/expressschlinge-kong-panic\/"]}]},{"@type":"ImageObject","inLanguage":"en-US","@id":"https:\/\/bolting.eu\/en\/shop\/expressschlinge-kong-panic\/#primaryimage","url":"https:\/\/bolting.eu\/wp-content\/uploads\/2020\/03\/Expressschlinge-Kong-Panic-versteifte-Expressschlinge.jpg","contentUrl":"https:\/\/bolting.eu\/wp-content\/uploads\/2020\/03\/Expressschlinge-Kong-Panic-versteifte-Expressschlinge.jpg","width":700,"height":700},{"@type":"BreadcrumbList","@id":"https:\/\/bolting.eu\/en\/shop\/expressschlinge-kong-panic\/#breadcrumb","itemListElement":[{"@type":"ListItem","position":1,"name":"Shop","item":"https:\/\/bolting.eu\/en\/shop\/"},{"@type":"ListItem","position":2,"name":"climbing equipment","item":"https:\/\/bolting.eu\/en\/produkt-kategorie\/climbing-equipment\/"},{"@type":"ListItem","position":3,"name":"Quickdraws","item":"https:\/\/bolting.eu\/en\/produkt-kategorie\/quickdraws\/"},{"@type":"ListItem","position":4,"name":"Expressschlinge Kong Panic &#8211; versteifte Expresschlinge"}]},{"@type":"WebSite","@id":"https:\/\/bolting.eu\/en\/#website","url":"https:\/\/bolting.eu\/en\/","name":"bolting.eu","description":"we make climbs happen","publisher":{"@id":"https:\/\/bolting.eu\/en\/#organization"},"potentialAction":[{"@type":"SearchAction","target":{"@type":"EntryPoint","urlTemplate":"https:\/\/bolting.eu\/en\/?s={search_term_string}"},"query-input":{"@type":"PropertyValueSpecification","valueRequired":true,"valueName":"search_term_string"}}],"inLanguage":"en-US"},{"@type":["Organization","Place","SportingGoodsStore"],"@id":"https:\/\/bolting.eu\/en\/#organization","name":"bolting.eu","url":"https:\/\/bolting.eu\/en\/","logo":{"@id":"https:\/\/bolting.eu\/en\/shop\/expressschlinge-kong-panic\/#local-main-organization-logo"},"image":{"@id":"https:\/\/bolting.eu\/en\/shop\/expressschlinge-kong-panic\/#local-main-organization-logo"},"sameAs":["https:\/\/www.facebook.com\/bolting.eu","https:\/\/www.instagram.com\/bolting.eu\/"],"address":{"@id":"https:\/\/bolting.eu\/en\/shop\/expressschlinge-kong-panic\/#local-main-place-address"},"geo":{"@type":"GeoCoordinates","latitude":"47.264176340396226","longitude":"11.380109057672346"},"telephone":["+43 699 19083372"],"openingHoursSpecification":[{"@type":"OpeningHoursSpecification","dayOfWeek":["Monday","Wednesday","Friday"],"opens":"14:00","closes":"18:00"},{"@type":"OpeningHoursSpecification","dayOfWeek":["Tuesday","Thursday","Saturday","Sunday"],"opens":"00:00","closes":"00:00"}],"email":"office@bolting.eu","vatID":"ATU59999728","priceRange":"$$","currenciesAccepted":"Euro"},{"@type":"PostalAddress","@id":"https:\/\/bolting.eu\/en\/shop\/expressschlinge-kong-panic\/#local-main-place-address","streetAddress":"Fischnalerstra\u00dfe 4","addressLocality":"Innsbruck","postalCode":"6020","addressRegion":"Tirol","addressCountry":"AT"},{"@type":"ImageObject","inLanguage":"en-US","@id":"https:\/\/bolting.eu\/en\/shop\/expressschlinge-kong-panic\/#local-main-organization-logo","url":"https:\/\/bolting.eu\/wp-content\/uploads\/2019\/09\/bolting-logo.png","contentUrl":"https:\/\/bolting.eu\/wp-content\/uploads\/2019\/09\/bolting-logo.png","width":400,"height":211,"caption":"bolting.eu"}]},"og_video":"https:\/\/www.youtube.com\/embed\/6IJKlkIWJ9k","og_video_type":"text\/html","og_video_duration":"110","og_video_width":"480","og_video_height":"270","ya_ovs_adult":"false","ya_ovs_upload_date":"2020-03-17T10:20:35+00:00","ya_ovs_allow_embed":"true","og_availability":"instock","product_availability":"instock","product_condition":"new","geo.placename":"Innsbruck","geo.position":{"lat":"47.264176340396226","long":"11.380109057672346"},"geo.region":"Austria"},"_links":{"self":[{"href":"https:\/\/bolting.eu\/en\/wp-json\/wp\/v2\/product\/2164","targetHints":{"allow":["GET"]}}],"collection":[{"href":"https:\/\/bolting.eu\/en\/wp-json\/wp\/v2\/product"}],"about":[{"href":"https:\/\/bolting.eu\/en\/wp-json\/wp\/v2\/types\/product"}],"replies":[{"embeddable":true,"href":"https:\/\/bolting.eu\/en\/wp-json\/wp\/v2\/comments?post=2164"}],"wp:featuredmedia":[{"embeddable":true,"href":"https:\/\/bolting.eu\/en\/wp-json\/wp\/v2\/media\/2171"}],"wp:attachment":[{"href":"https:\/\/bolting.eu\/en\/wp-json\/wp\/v2\/media?parent=2164"}],"wp:term":[{"taxonomy":"product_brand","embeddable":true,"href":"https:\/\/bolting.eu\/en\/wp-json\/wp\/v2\/product_brand?post=2164"},{"taxonomy":"product_cat","embeddable":true,"href":"https:\/\/bolting.eu\/en\/wp-json\/wp\/v2\/product_cat?post=2164"},{"taxonomy":"product_tag","embeddable":true,"href":"https:\/\/bolting.eu\/en\/wp-json\/wp\/v2\/product_tag?post=2164"}],"curies":[{"name":"wp","href":"https:\/\/api.w.org\/{rel}","templated":true}]}}