{"id":21614,"date":"2024-10-21T11:12:13","date_gmt":"2024-10-21T09:12:13","guid":{"rendered":"https:\/\/bolting.eu\/?post_type=product&#038;p=21614"},"modified":"2026-01-21T19:10:34","modified_gmt":"2026-01-21T18:10:34","slug":"edelrid-rage","status":"publish","type":"product","link":"https:\/\/bolting.eu\/en\/shop\/edelrid-rage\/","title":{"rendered":"Edelrid Rage"},"content":{"rendered":"<p>Das Edelrid Rage ist ein spezialisiertes Eisger\u00e4t. Es ist in zwei Varianten erh\u00e4ltlich.<\/p>\n<p>Erstens die Standard Version mit einer vormontierten Mixed Haue. Diese Variante empfehlen wir allen &#8220;Allroundern&#8221; f\u00fcr steile Eis und Mixed Routen.<\/p>\n<p>Zweitens die Ice Variante mit der gleichnamigen Haue. Dies ist die empfohlene Variante f\u00fcr reines Eis.<\/p>\n<p>Dieses Eisger\u00e4t punktet sowohl mit der ergonomischen Form als auch den funktionellen Details. Wie z.B. dem ergonomischen Griff, der pr\u00e4zisen F\u00fchrung oder der zus\u00e4tzliche Spacer f\u00fcr kleine H\u00e4nde.<\/p>\n<p>Weiters sind alle Zubeh\u00f6r Teile wie <a href=\"https:\/\/bolting.eu\/produkt-kategorie\/bergsteiger-ausruestung\/hauen-fuer-eisgeraete\/\">Eishauen<\/a>, Aufs\u00e4tze und Washer modular. D.h. sie k\u00f6nnen alle getauscht werden.<\/p>\n<p>Der lasttragende Spike (bis 8kN) rundet dieses Modell sehr gut ab.<\/p>\n<p>Fazit. Endlich ein richtig &#8220;bissiges&#8221; Eisger\u00e4t von Edelrid!<\/p>\n<h2>Eigenschaften Rage Eisger\u00e4t<\/h2>\n<ul>\n<li>Hersteller: <a href=\"https:\/\/bolting.eu\/produkt-kategorie\/edelrid\/\">Edelrid<\/a><\/li>\n<li>Material: Stahl, Alu, TPR Kunststoff<\/li>\n<li>Varianten: Standard (Mixed Haue) und Ice (Ice Haue)<\/li>\n<li>Hammer Lite vormontiert<\/li>\n<li>Gewicht: 650 Gramm<\/li>\n<li>Normen: EN 13089<\/li>\n<li>aggressive Schaftkr\u00fcmmung<\/li>\n<li>viel Spielraum unter dem Kopf f\u00fcr viele Positionierungen<\/li>\n<li>modulares System: alle Zubeh\u00f6r Teile wie z.B. Eishauen k\u00f6nnen an die Bedingungen angepasst werden<\/li>\n<li>ergonomisch geformter Griff mit Kerbe f\u00fcr Zeigefinger = bessere F\u00fchrung<\/li>\n<li>Mixed Haue mit mehr Z\u00e4hnen sowie dickerem Stahl f\u00fcr mehr Torsionsfestigkeit<\/li>\n<li>Ice Haue aus geh\u00e4rtetem Stahl mit minimaler Sprengwirkung<\/li>\n<li>lasttragender Spike (8kn) aus Stahl zum Einh\u00e4ngen eines <a href=\"https:\/\/bolting.eu\/produkt-kategorie\/kletterausruestung\/kletterkarabiner\/\">Karabiners<\/a> oder <a href=\"https:\/\/bolting.eu\/shop\/petzl-v-link-fangleine\/\">Leash<\/a> bzw. <a href=\"https:\/\/bolting.eu\/produkt-kategorie\/kletterausruestung\/bandschlinge\/\">Bandschlinge<\/a><\/li>\n<li>Lieferumfang inkl. Inbusschl\u00fcssel und Spacer f\u00fcr kleine H\u00e4nde, Zusatzgewichte (nur Ice Variante)<\/li>\n<li><a href=\"https:\/\/edelrid.com\/eu-de\/sport\/steigeisen-eispickel-und-eisgeraete-shop\/rage?variant=2722504#:~:text=Gebrauchsanleitung%20Eisgeraete\" target=\"_blank\" rel=\"noopener\">Bedienungsanleitung<\/a><\/li>\n<\/ul>\n<h3>Standard Variante<\/h3>\n<p>Die normale Variante des Edelrid Rage wird zum Eis- und Mixedklettern verwendet.<\/p>\n<p>Hierf\u00fcr ist sie mit einer Mixed Haue ausgestattet. Diese ist dicker als die Eis Haue. Somit h\u00e4lt sie auch deutlich mehr Torsionskr\u00e4fte aus.<\/p>\n<p>Des weiteren hat sie auch mehr Z\u00e4hne. Dadurch k\u00f6nnt ihr sie \u00f6fters schleifen.<\/p>\n<p>Die Oberseite ist abschlie\u00dfend mit einem st\u00e4rkeren Profil (mehr und tiefere Z\u00e4hne) ausgestattet. Das kann bei &#8220;Untergriffen&#8221; ein deutlicher Vorteil sein.<\/p>\n<h3>Die Ice Variante<\/h3>\n<p>Beim Rage hat Edelrid eine zweite Variante. Am selben Schaft und Griff wird dabei einfach die Ice Haue vormontiert.<\/p>\n<p>Diese ist schm\u00e4ler und nochmals speziell geh\u00e4rtet. Somit dringt sie besser ins Eis ein als die Mixed Variante.<\/p>\n<h3>Konfigurationsm\u00f6glichkeiten Edelrid Rage<\/h3>\n<p>Dieses Eisger\u00e4t ist modular aufgebaut. D.h. alle Teile am Kopf lassen sich wechseln.<\/p>\n<p>Bei den Hauen gibt es neben der Mixed und Ice Haue auch noch die Alpine Haue.<\/p>\n<p>Auf der anderen Seite sind diese optionen m\u00f6glich:<\/p>\n<ul>\n<li>Mini Hammer (Auslieferung VAriante)<\/li>\n<li>Alpine Hammer<\/li>\n<li>Schaufel<\/li>\n<li>Blind Washer<\/li>\n<\/ul>\n<figure id=\"attachment_21615\" aria-describedby=\"caption-attachment-21615\" style=\"width: 654px\" class=\"wp-caption alignnone\"><a href=\"https:\/\/bolting.eu\/wp-content\/uploads\/2024\/10\/Konfiguration-Kopf-RAge.jpg\"><img loading=\"lazy\" decoding=\"async\" class=\"wp-image-21615 size-full\" src=\"https:\/\/bolting.eu\/wp-content\/uploads\/2024\/10\/Konfiguration-Kopf-RAge.jpg\" alt=\"Grafik zur den Konfigurationsm\u00f6glichkeiten am Kopf des Edelriod Rage Eisger\u00e4tes.\" width=\"654\" height=\"700\" srcset=\"https:\/\/bolting.eu\/wp-content\/uploads\/2024\/10\/Konfiguration-Kopf-RAge.jpg 654w, https:\/\/bolting.eu\/wp-content\/uploads\/2024\/10\/Konfiguration-Kopf-RAge-374x400.jpg 374w, https:\/\/bolting.eu\/wp-content\/uploads\/2024\/10\/Konfiguration-Kopf-RAge-510x546.jpg 510w, https:\/\/bolting.eu\/wp-content\/uploads\/2024\/10\/Konfiguration-Kopf-RAge-100x107.jpg 100w\" sizes=\"auto, (max-width: 654px) 100vw, 654px\" \/><\/a><figcaption id=\"caption-attachment-21615\" class=\"wp-caption-text\">Zus\u00e4tzlich k\u00f6nnt ihr auch die Alpine Blade als dritte Hauen Option verwenden!<\/figcaption><\/figure>\n<h3>Anbringung Spacer<\/h3>\n<p>Kennt ihr das? Ihr habt sehr kleine H\u00e4nde oder d\u00fcnne Eiskletter Handschuhe und Rutscht am Griff viel auf und ab.<\/p>\n<p>F\u00fcr dieses Problem liefert Edelrid beim Rage extra einen Spacer mit. Der kann dann optional befestigt werden. Er verkleinert die Griffl\u00e4nge und sorgt so f\u00fcr eine bessere F\u00fchrung.<\/p>\n<figure id=\"attachment_21616\" aria-describedby=\"caption-attachment-21616\" style=\"width: 690px\" class=\"wp-caption alignnone\"><a href=\"https:\/\/bolting.eu\/wp-content\/uploads\/2024\/10\/Edelrid-Spacer.jpg\"><img loading=\"lazy\" decoding=\"async\" class=\"wp-image-21616 size-full\" src=\"https:\/\/bolting.eu\/wp-content\/uploads\/2024\/10\/Edelrid-Spacer.jpg\" alt=\"Grafik zur Befestigung der des Griff Spacers am Edelrid Rage Eisger\u00e4t.\" width=\"690\" height=\"400\" srcset=\"https:\/\/bolting.eu\/wp-content\/uploads\/2024\/10\/Edelrid-Spacer.jpg 690w, https:\/\/bolting.eu\/wp-content\/uploads\/2024\/10\/Edelrid-Spacer-510x296.jpg 510w, https:\/\/bolting.eu\/wp-content\/uploads\/2024\/10\/Edelrid-Spacer-100x58.jpg 100w\" sizes=\"auto, (max-width: 690px) 100vw, 690px\" \/><\/a><figcaption id=\"caption-attachment-21616\" class=\"wp-caption-text\">Der Spacer f\u00fcr kleine H\u00e4nde ist sehr leicht anzubringen!<\/figcaption><\/figure>\n","protected":false},"excerpt":{"rendered":"<p>Ergonomisches Eisger\u00e4t f\u00fcr steiles Eis- und Mixed Klettern. In zwei Varianten erh\u00e4ltlich. F\u00fcr Mixed &amp; Ice, sowie reines Eis.<\/p>\n<p>Versandkostenfrei bis 2kg in\u00a0<img decoding=\"async\" class=\"emoji\" role=\"img\" draggable=\"false\" src=\"https:\/\/s.w.org\/images\/core\/emoji\/14.0.0\/svg\/1f1e6-1f1f9.svg\" alt=\"\ud83c\udde6\ud83c\uddf9\" \/>\u00a0ab \u20ac 100,- und\u00a0<img decoding=\"async\" class=\"emoji\" role=\"img\" draggable=\"false\" src=\"https:\/\/s.w.org\/images\/core\/emoji\/14.0.0\/svg\/1f1e9-1f1ea.svg\" alt=\"\ud83c\udde9\ud83c\uddea\" \/>\u00a0ab \u20ac 200,-!<\/p>\n","protected":false},"featured_media":21621,"comment_status":"closed","ping_status":"closed","template":"","meta":[],"product_brand":[],"product_cat":[4655,13938,14282],"product_tag":[],"class_list":{"0":"post-21614","1":"product","2":"type-product","3":"status-publish","4":"has-post-thumbnail","6":"product_cat-edelrid","7":"product_cat-bergsteiger-ausruestung","8":"product_cat-eisgeraete","10":"first","11":"outofstock","12":"sale","13":"taxable","14":"shipping-taxable","15":"purchasable","16":"product-type-variable"},"yoast_head":"<!-- This site is optimized with the Yoast SEO Premium plugin v26.9 (Yoast SEO v26.9) - https:\/\/yoast.com\/product\/yoast-seo-premium-wordpress\/ -->\n<title>Edelrid Rage | bolting.eu<\/title>\n<meta name=\"description\" content=\"Edelrid Rage Eisger\u00e4t beim Kletter Hardware Profi kaufen \u2705 Trusted Shop \u2705 kostenloser Versand* \u2705 14 Tage R\u00fcckgaberecht \u2705 Co2 neutrale Zustellung\" \/>\n<meta name=\"robots\" content=\"index, follow, max-snippet:-1, max-image-preview:large, max-video-preview:-1\" \/>\n<link rel=\"canonical\" href=\"https:\/\/bolting.eu\/en\/shop\/edelrid-rage\/\" \/>\n<meta property=\"og:locale\" content=\"en_US\" \/>\n<meta property=\"og:type\" content=\"article\" \/>\n<meta property=\"og:title\" content=\"Edelrid Rage\" \/>\n<meta property=\"og:description\" content=\"Edelrid Rage Eisger\u00e4t beim Kletter Hardware Profi kaufen \u2705 Trusted Shop \u2705 kostenloser Versand* \u2705 14 Tage R\u00fcckgaberecht \u2705 Co2 neutrale Zustellung\" \/>\n<meta property=\"og:url\" content=\"https:\/\/bolting.eu\/en\/shop\/edelrid-rage\/\" \/>\n<meta property=\"og:site_name\" content=\"bolting.eu\" \/>\n<meta property=\"article:publisher\" content=\"https:\/\/www.facebook.com\/bolting.eu\" \/>\n<meta property=\"article:modified_time\" content=\"2026-01-21T18:10:34+00:00\" \/>\n<meta property=\"og:image\" content=\"https:\/\/bolting.eu\/wp-content\/uploads\/2024\/10\/Edelrid-Rage-1.jpg\" \/>\n\t<meta property=\"og:image:width\" content=\"700\" \/>\n\t<meta property=\"og:image:height\" content=\"700\" \/>\n\t<meta property=\"og:image:type\" content=\"image\/jpeg\" \/>\n<meta name=\"twitter:card\" content=\"summary_large_image\" \/>\n<meta name=\"twitter:label1\" content=\"Availability\" \/>\n\t<meta name=\"twitter:data1\" content=\"Out of stock\" \/>\n<script type=\"application\/ld+json\" class=\"yoast-schema-graph\">{\"@context\":\"https:\/\/schema.org\",\"@graph\":[{\"@type\":[\"WebPage\",\"ItemPage\"],\"@id\":\"https:\/\/bolting.eu\/en\/shop\/edelrid-rage\/\",\"url\":\"https:\/\/bolting.eu\/en\/shop\/edelrid-rage\/\",\"name\":\"Edelrid Rage | bolting.eu\",\"isPartOf\":{\"@id\":\"https:\/\/bolting.eu\/en\/#website\"},\"primaryImageOfPage\":{\"@id\":\"https:\/\/bolting.eu\/en\/shop\/edelrid-rage\/#primaryimage\"},\"image\":{\"@id\":\"https:\/\/bolting.eu\/en\/shop\/edelrid-rage\/#primaryimage\"},\"thumbnailUrl\":\"https:\/\/bolting.eu\/wp-content\/uploads\/2024\/10\/Edelrid-Rage-1.jpg\",\"datePublished\":\"2024-10-21T09:12:13+00:00\",\"dateModified\":\"2026-01-21T18:10:34+00:00\",\"description\":\"Edelrid Rage Eisger\u00e4t beim Kletter Hardware Profi kaufen \u2705 Trusted Shop \u2705 kostenloser Versand* \u2705 14 Tage R\u00fcckgaberecht \u2705 Co2 neutrale Zustellung\",\"breadcrumb\":{\"@id\":\"https:\/\/bolting.eu\/en\/shop\/edelrid-rage\/#breadcrumb\"},\"inLanguage\":\"en-US\",\"potentialAction\":[{\"@type\":\"ReadAction\",\"target\":[\"https:\/\/bolting.eu\/en\/shop\/edelrid-rage\/\"]}]},{\"@type\":\"ImageObject\",\"inLanguage\":\"en-US\",\"@id\":\"https:\/\/bolting.eu\/en\/shop\/edelrid-rage\/#primaryimage\",\"url\":\"https:\/\/bolting.eu\/wp-content\/uploads\/2024\/10\/Edelrid-Rage-1.jpg\",\"contentUrl\":\"https:\/\/bolting.eu\/wp-content\/uploads\/2024\/10\/Edelrid-Rage-1.jpg\",\"width\":700,\"height\":700,\"caption\":\"Schwarz gr\u00fcnes Edelrid Rage Eisger\u00e4t mit Haue nach links. Rechts oben buntes bolting.eu Logo.\"},{\"@type\":\"BreadcrumbList\",\"@id\":\"https:\/\/bolting.eu\/en\/shop\/edelrid-rage\/#breadcrumb\",\"itemListElement\":[{\"@type\":\"ListItem\",\"position\":1,\"name\":\"Shop\",\"item\":\"https:\/\/bolting.eu\/en\/shop\/\"},{\"@type\":\"ListItem\",\"position\":2,\"name\":\"Bergsteiger Ausr\u00fcstung\",\"item\":\"https:\/\/bolting.eu\/produkt-kategorie\/bergsteiger-ausruestung\/\"},{\"@type\":\"ListItem\",\"position\":3,\"name\":\"Eisger\u00e4te\",\"item\":\"https:\/\/bolting.eu\/produkt-kategorie\/bergsteiger-ausruestung\/eisgeraete\/\"},{\"@type\":\"ListItem\",\"position\":4,\"name\":\"Edelrid Rage\"}]},{\"@type\":\"WebSite\",\"@id\":\"https:\/\/bolting.eu\/en\/#website\",\"url\":\"https:\/\/bolting.eu\/en\/\",\"name\":\"bolting.eu\",\"description\":\"we make climbs happen\",\"publisher\":{\"@id\":\"https:\/\/bolting.eu\/en\/#organization\"},\"potentialAction\":[{\"@type\":\"SearchAction\",\"target\":{\"@type\":\"EntryPoint\",\"urlTemplate\":\"https:\/\/bolting.eu\/en\/?s={search_term_string}\"},\"query-input\":{\"@type\":\"PropertyValueSpecification\",\"valueRequired\":true,\"valueName\":\"search_term_string\"}}],\"inLanguage\":\"en-US\"},{\"@type\":[\"Organization\",\"Place\",\"SportingGoodsStore\"],\"@id\":\"https:\/\/bolting.eu\/en\/#organization\",\"name\":\"bolting.eu\",\"url\":\"https:\/\/bolting.eu\/en\/\",\"logo\":{\"@id\":\"https:\/\/bolting.eu\/en\/shop\/edelrid-rage\/#local-main-organization-logo\"},\"image\":{\"@id\":\"https:\/\/bolting.eu\/en\/shop\/edelrid-rage\/#local-main-organization-logo\"},\"sameAs\":[\"https:\/\/www.facebook.com\/bolting.eu\",\"https:\/\/www.instagram.com\/bolting.eu\/\"],\"address\":{\"@id\":\"https:\/\/bolting.eu\/en\/shop\/edelrid-rage\/#local-main-place-address\"},\"geo\":{\"@type\":\"GeoCoordinates\",\"latitude\":\"47.264176340396226\",\"longitude\":\"11.380109057672346\"},\"telephone\":[\"+43 699 19083372\"],\"openingHoursSpecification\":[{\"@type\":\"OpeningHoursSpecification\",\"dayOfWeek\":[\"Monday\",\"Wednesday\",\"Friday\"],\"opens\":\"14:00\",\"closes\":\"18:00\"},{\"@type\":\"OpeningHoursSpecification\",\"dayOfWeek\":[\"Tuesday\",\"Thursday\",\"Saturday\",\"Sunday\"],\"opens\":\"00:00\",\"closes\":\"00:00\"}],\"email\":\"office@bolting.eu\",\"vatID\":\"ATU59999728\",\"priceRange\":\"$$\",\"currenciesAccepted\":\"Euro\"},{\"@type\":\"PostalAddress\",\"@id\":\"https:\/\/bolting.eu\/en\/shop\/edelrid-rage\/#local-main-place-address\",\"streetAddress\":\"Fischnalerstra\u00dfe 4\",\"addressLocality\":\"Innsbruck\",\"postalCode\":\"6020\",\"addressRegion\":\"Tirol\",\"addressCountry\":\"AT\"},{\"@type\":\"ImageObject\",\"inLanguage\":\"en-US\",\"@id\":\"https:\/\/bolting.eu\/en\/shop\/edelrid-rage\/#local-main-organization-logo\",\"url\":\"https:\/\/bolting.eu\/wp-content\/uploads\/2019\/09\/bolting-logo.png\",\"contentUrl\":\"https:\/\/bolting.eu\/wp-content\/uploads\/2019\/09\/bolting-logo.png\",\"width\":400,\"height\":211,\"caption\":\"bolting.eu\"}]}<\/script>\n<meta property=\"og:availability\" content=\"out of stock\" \/>\n<meta property=\"product:availability\" content=\"out of stock\" \/>\n<meta property=\"product:condition\" content=\"new\" \/>\n<meta name=\"geo.placename\" content=\"Innsbruck\" \/>\n<meta name=\"geo.position\" content=\"47.264176340396226;11.380109057672346\" \/>\n<meta name=\"geo.region\" content=\"Austria\" \/>\n<!-- \/ Yoast SEO Premium plugin. -->","yoast_head_json":{"title":"Edelrid Rage | bolting.eu","description":"Edelrid Rage Eisger\u00e4t beim Kletter Hardware Profi kaufen \u2705 Trusted Shop \u2705 kostenloser Versand* \u2705 14 Tage R\u00fcckgaberecht \u2705 Co2 neutrale Zustellung","robots":{"index":"index","follow":"follow","max-snippet":"max-snippet:-1","max-image-preview":"max-image-preview:large","max-video-preview":"max-video-preview:-1"},"canonical":"https:\/\/bolting.eu\/en\/shop\/edelrid-rage\/","og_locale":"en_US","og_type":"article","og_title":"Edelrid Rage","og_description":"Edelrid Rage Eisger\u00e4t beim Kletter Hardware Profi kaufen \u2705 Trusted Shop \u2705 kostenloser Versand* \u2705 14 Tage R\u00fcckgaberecht \u2705 Co2 neutrale Zustellung","og_url":"https:\/\/bolting.eu\/en\/shop\/edelrid-rage\/","og_site_name":"bolting.eu","article_publisher":"https:\/\/www.facebook.com\/bolting.eu","article_modified_time":"2026-01-21T18:10:34+00:00","og_image":[{"width":700,"height":700,"url":"https:\/\/bolting.eu\/wp-content\/uploads\/2024\/10\/Edelrid-Rage-1.jpg","type":"image\/jpeg"}],"twitter_card":"summary_large_image","twitter_misc":{"Availability":"Out of stock"},"schema":{"@context":"https:\/\/schema.org","@graph":[{"@type":["WebPage","ItemPage"],"@id":"https:\/\/bolting.eu\/en\/shop\/edelrid-rage\/","url":"https:\/\/bolting.eu\/en\/shop\/edelrid-rage\/","name":"Edelrid Rage | bolting.eu","isPartOf":{"@id":"https:\/\/bolting.eu\/en\/#website"},"primaryImageOfPage":{"@id":"https:\/\/bolting.eu\/en\/shop\/edelrid-rage\/#primaryimage"},"image":{"@id":"https:\/\/bolting.eu\/en\/shop\/edelrid-rage\/#primaryimage"},"thumbnailUrl":"https:\/\/bolting.eu\/wp-content\/uploads\/2024\/10\/Edelrid-Rage-1.jpg","datePublished":"2024-10-21T09:12:13+00:00","dateModified":"2026-01-21T18:10:34+00:00","description":"Edelrid Rage Eisger\u00e4t beim Kletter Hardware Profi kaufen \u2705 Trusted Shop \u2705 kostenloser Versand* \u2705 14 Tage R\u00fcckgaberecht \u2705 Co2 neutrale Zustellung","breadcrumb":{"@id":"https:\/\/bolting.eu\/en\/shop\/edelrid-rage\/#breadcrumb"},"inLanguage":"en-US","potentialAction":[{"@type":"ReadAction","target":["https:\/\/bolting.eu\/en\/shop\/edelrid-rage\/"]}]},{"@type":"ImageObject","inLanguage":"en-US","@id":"https:\/\/bolting.eu\/en\/shop\/edelrid-rage\/#primaryimage","url":"https:\/\/bolting.eu\/wp-content\/uploads\/2024\/10\/Edelrid-Rage-1.jpg","contentUrl":"https:\/\/bolting.eu\/wp-content\/uploads\/2024\/10\/Edelrid-Rage-1.jpg","width":700,"height":700,"caption":"Schwarz gr\u00fcnes Edelrid Rage Eisger\u00e4t mit Haue nach links. Rechts oben buntes bolting.eu Logo."},{"@type":"BreadcrumbList","@id":"https:\/\/bolting.eu\/en\/shop\/edelrid-rage\/#breadcrumb","itemListElement":[{"@type":"ListItem","position":1,"name":"Shop","item":"https:\/\/bolting.eu\/en\/shop\/"},{"@type":"ListItem","position":2,"name":"Bergsteiger Ausr\u00fcstung","item":"https:\/\/bolting.eu\/produkt-kategorie\/bergsteiger-ausruestung\/"},{"@type":"ListItem","position":3,"name":"Eisger\u00e4te","item":"https:\/\/bolting.eu\/produkt-kategorie\/bergsteiger-ausruestung\/eisgeraete\/"},{"@type":"ListItem","position":4,"name":"Edelrid Rage"}]},{"@type":"WebSite","@id":"https:\/\/bolting.eu\/en\/#website","url":"https:\/\/bolting.eu\/en\/","name":"bolting.eu","description":"we make climbs happen","publisher":{"@id":"https:\/\/bolting.eu\/en\/#organization"},"potentialAction":[{"@type":"SearchAction","target":{"@type":"EntryPoint","urlTemplate":"https:\/\/bolting.eu\/en\/?s={search_term_string}"},"query-input":{"@type":"PropertyValueSpecification","valueRequired":true,"valueName":"search_term_string"}}],"inLanguage":"en-US"},{"@type":["Organization","Place","SportingGoodsStore"],"@id":"https:\/\/bolting.eu\/en\/#organization","name":"bolting.eu","url":"https:\/\/bolting.eu\/en\/","logo":{"@id":"https:\/\/bolting.eu\/en\/shop\/edelrid-rage\/#local-main-organization-logo"},"image":{"@id":"https:\/\/bolting.eu\/en\/shop\/edelrid-rage\/#local-main-organization-logo"},"sameAs":["https:\/\/www.facebook.com\/bolting.eu","https:\/\/www.instagram.com\/bolting.eu\/"],"address":{"@id":"https:\/\/bolting.eu\/en\/shop\/edelrid-rage\/#local-main-place-address"},"geo":{"@type":"GeoCoordinates","latitude":"47.264176340396226","longitude":"11.380109057672346"},"telephone":["+43 699 19083372"],"openingHoursSpecification":[{"@type":"OpeningHoursSpecification","dayOfWeek":["Monday","Wednesday","Friday"],"opens":"14:00","closes":"18:00"},{"@type":"OpeningHoursSpecification","dayOfWeek":["Tuesday","Thursday","Saturday","Sunday"],"opens":"00:00","closes":"00:00"}],"email":"office@bolting.eu","vatID":"ATU59999728","priceRange":"$$","currenciesAccepted":"Euro"},{"@type":"PostalAddress","@id":"https:\/\/bolting.eu\/en\/shop\/edelrid-rage\/#local-main-place-address","streetAddress":"Fischnalerstra\u00dfe 4","addressLocality":"Innsbruck","postalCode":"6020","addressRegion":"Tirol","addressCountry":"AT"},{"@type":"ImageObject","inLanguage":"en-US","@id":"https:\/\/bolting.eu\/en\/shop\/edelrid-rage\/#local-main-organization-logo","url":"https:\/\/bolting.eu\/wp-content\/uploads\/2019\/09\/bolting-logo.png","contentUrl":"https:\/\/bolting.eu\/wp-content\/uploads\/2019\/09\/bolting-logo.png","width":400,"height":211,"caption":"bolting.eu"}]},"og_availability":"out of stock","product_availability":"out of stock","product_condition":"new","geo.placename":"Innsbruck","geo.position":{"lat":"47.264176340396226","long":"11.380109057672346"},"geo.region":"Austria"},"_links":{"self":[{"href":"https:\/\/bolting.eu\/en\/wp-json\/wp\/v2\/product\/21614","targetHints":{"allow":["GET"]}}],"collection":[{"href":"https:\/\/bolting.eu\/en\/wp-json\/wp\/v2\/product"}],"about":[{"href":"https:\/\/bolting.eu\/en\/wp-json\/wp\/v2\/types\/product"}],"replies":[{"embeddable":true,"href":"https:\/\/bolting.eu\/en\/wp-json\/wp\/v2\/comments?post=21614"}],"wp:featuredmedia":[{"embeddable":true,"href":"https:\/\/bolting.eu\/en\/wp-json\/wp\/v2\/media\/21621"}],"wp:attachment":[{"href":"https:\/\/bolting.eu\/en\/wp-json\/wp\/v2\/media?parent=21614"}],"wp:term":[{"taxonomy":"product_brand","embeddable":true,"href":"https:\/\/bolting.eu\/en\/wp-json\/wp\/v2\/product_brand?post=21614"},{"taxonomy":"product_cat","embeddable":true,"href":"https:\/\/bolting.eu\/en\/wp-json\/wp\/v2\/product_cat?post=21614"},{"taxonomy":"product_tag","embeddable":true,"href":"https:\/\/bolting.eu\/en\/wp-json\/wp\/v2\/product_tag?post=21614"}],"curies":[{"name":"wp","href":"https:\/\/api.w.org\/{rel}","templated":true}]}}