{"id":21598,"date":"2024-10-18T13:50:22","date_gmt":"2024-10-18T11:50:22","guid":{"rendered":"https:\/\/bolting.eu\/?post_type=product&#038;p=21598"},"modified":"2026-01-25T11:05:07","modified_gmt":"2026-01-25T10:05:07","slug":"stubai-mini-groedel-mount-track","status":"publish","type":"product","link":"https:\/\/bolting.eu\/en\/shop\/stubai-mini-groedel-mount-track\/","title":{"rendered":"Stubai Mini Gr\u00f6del Mount Track"},"content":{"rendered":"<p>Die Mini Gr\u00f6del Mount Track von Stubai sind zum einen f\u00fcr Wanderer und Berggeher gedacht. Sie bieten sicheren Tritt auf verschneiten Wanderwegen, Eisplatten oder Schneefeldern.<\/p>\n<p>Und andererseits werden sie ganzj\u00e4hrig in der Land- und Forstwirtschaft, sowie der Jagd eingesetzt. Hier bieten sie Halt auf steilen, grasigen H\u00e4ngen oder im leicht verschneiten Gel\u00e4nde.<\/p>\n<p>Diese Mini <a href=\"https:\/\/bolting.eu\/produkt-kategorie\/bergsteiger-ausruestung\/steigeisen\/\">Steigeisen<\/a> werden einfach \u00fcber die Schuhsohle gestreift. D.h. das Anziehen ist extrem schnell und einfach.<\/p>\n<p>Fazit. Ein extrem n\u00fctzliches Produkt aus \u00d6sterreich.<\/p>\n<h2>Eigenschaften Mini Gr\u00f6del Mount Track<\/h2>\n<ul>\n<li>Hersteller: <a href=\"https:\/\/bolting.eu\/produkt-kategorie\/stubai-bergsport\/\">Stubai Bergsport<\/a><\/li>\n<li>Material: Edelstahl, Kunststoff<\/li>\n<li>Gr\u00f6\u00dfen: M (EU 36-41), L (EU 41-44 1\/2),XL (EU45-48)<\/li>\n<li>Gewicht: 530 Gramm<\/li>\n<li>geliefert im praktischen Packbeutel mit G\u00fcrtelaufnahme<\/li>\n<li>mit 14 Zacken 12-14mm<\/li>\n<li>f\u00fcr vereiste Wanderwege, Schneefelder, steile Grash\u00e4nge<\/li>\n<li>ideal zum Wandern, Fort, Landwirtschaft und Jagd<\/li>\n<li>sehr einfach zum Anziehen und Ausziehen<\/li>\n<li>sehr langlebig durch Edelstahl Ausf\u00fchrung<\/li>\n<li>f\u00fcr alle Schuharten bzw. auch f\u00fcr Forststiefel<\/li>\n<li>Download <a href=\"https:\/\/www.stubai-sports.com\/mount-track--36293318-de.html#:~:text=sizechart%2Dmount%2Dtrack%2Dice%2Dtrack.pdf%20(1%2C41%20MB)\" target=\"_blank\" rel=\"noopener\">Gr\u00f6\u00dfentabelle<\/a><\/li>\n<\/ul>\n<h3>Gr\u00f6\u00dfentabelle<\/h3>\n<p><a href=\"https:\/\/bolting.eu\/wp-content\/uploads\/2024\/10\/Stubai-Mini-Groedel-Groessentabelle.jpg\"><img loading=\"lazy\" decoding=\"async\" class=\"alignnone size-full wp-image-21602\" src=\"https:\/\/bolting.eu\/wp-content\/uploads\/2024\/10\/Stubai-Mini-Groedel-Groessentabelle.jpg\" alt=\"TAbelle mit Gr\u00f6\u00dfenangaben zu den Schuhen f\u00fcr Stubai Mini Gr\u00f6del Mount Track.\" width=\"800\" height=\"302\" srcset=\"https:\/\/bolting.eu\/wp-content\/uploads\/2024\/10\/Stubai-Mini-Groedel-Groessentabelle.jpg 800w, https:\/\/bolting.eu\/wp-content\/uploads\/2024\/10\/Stubai-Mini-Groedel-Groessentabelle-768x290.jpg 768w, https:\/\/bolting.eu\/wp-content\/uploads\/2024\/10\/Stubai-Mini-Groedel-Groessentabelle-510x193.jpg 510w, https:\/\/bolting.eu\/wp-content\/uploads\/2024\/10\/Stubai-Mini-Groedel-Groessentabelle-100x38.jpg 100w\" sizes=\"auto, (max-width: 800px) 100vw, 800px\" \/><\/a><\/p>\n<h3>Einsatzbereiche Wandern und Berggehen<\/h3>\n<p>Diese Mini Gr\u00f6del haben 14 Zacken mit 12-14mm L\u00e4nge. Das macht sie ideal f\u00fcr leicht verschneite Wanderwege, eisige Stellen und steile Schneefelder.<\/p>\n<p>Wie z.B. bei Wanderungen im Winter oder Querungen in Firnrinnen im Fr\u00fchsommer.<\/p>\n<p>Hier bietet dieses Modell deutlich mehr Sicherheit als reine Bergschuhe. Wir empfehlen ggf. auch einen ultraleichten <a href=\"https:\/\/bolting.eu\/produkt-kategorie\/bergsteiger-ausruestung\/eispickel\/\">Eispickel<\/a> wie <a href=\"https:\/\/bolting.eu\/shop\/petzl-ride\/\">Petzl Ride<\/a> oder <a href=\"https:\/\/bolting.eu\/shop\/austrialpin-prinzessin-mini-eispickel\/\">Austrialpin Prinzessin<\/a>.<\/p>\n<h3>Einsatzbereiche Forst, Landwirtschaft und Jagd<\/h3>\n<p>Die Mount Track Mini Gr\u00f6del von Stubai haben auch einen weiteren Einsatzbereich. Sie werden ganzj\u00e4hrig im Forst, in der Landwirtschaft und bei der Jagd verwendet.<\/p>\n<p>Hier bieten sie Halt auf steilen H\u00e4ngen, in nassen Wiesen oder bei leicht verschneiten Zustiegen.<\/p>\n<p>Auch hier gilt nat\u00fcrlich. Sie erh\u00f6hen die Sicherheit gegen\u00fcber reinen Bergschuhen ganz enorm!<\/p>\n<h3>Mini Gr\u00f6del aus \u00d6sterreich<\/h3>\n<p>Die Mini Gr\u00f6del werden von Stubai in Tirol gefertigt. Sie sind also ein rein \u00f6sterreichisches Produkt.<\/p>\n<p>Das bringt Wertsch\u00f6pfung im Inland, kurze Transportwege und hohe soziale Standards.<\/p>\n<p>Wer hier zugreift, investiert in ein absolutes Qualit\u00e4tsprodukt &#8220;Made in Austria&#8221;.<\/p>\n","protected":false},"excerpt":{"rendered":"<p>Mini-Gr\u00f6del aus Edelstahl. Mit 14 Zacken 12-16mm zum einen ideal f\u00fcr verschneite Wanderwege, eisige Stellen und Schneefelder.<\/p>\n<p>Zum anderen erh\u00f6hen sie die Trittsicherheit im steilen Gel\u00e4nde ganzj\u00e4hrig in der Land-und Forstwirtschaft sowie bei der Jagd.<\/p>\n<p>Versandkostenfrei bis 2kg in\u00a0<img decoding=\"async\" class=\"emoji\" role=\"img\" draggable=\"false\" src=\"https:\/\/s.w.org\/images\/core\/emoji\/14.0.0\/svg\/1f1e6-1f1f9.svg\" alt=\"\ud83c\udde6\ud83c\uddf9\" \/>\u00a0ab \u20ac 100,- und\u00a0<img decoding=\"async\" class=\"emoji\" role=\"img\" draggable=\"false\" src=\"https:\/\/s.w.org\/images\/core\/emoji\/14.0.0\/svg\/1f1e9-1f1ea.svg\" alt=\"\ud83c\udde9\ud83c\uddea\" \/>\u00a0ab \u20ac 200,-!<\/p>\n","protected":false},"featured_media":21600,"comment_status":"closed","ping_status":"closed","template":"","meta":[],"product_brand":[],"product_cat":[4650,14288,14705],"product_tag":[],"class_list":{"0":"post-21598","1":"product","2":"type-product","3":"status-publish","4":"has-post-thumbnail","6":"product_cat-stubai-bergsport","7":"product_cat-steigeisen","8":"product_cat-woerthersee-extrem","10":"first","11":"instock","12":"taxable","13":"shipping-taxable","14":"purchasable","15":"product-type-variable"},"yoast_head":"<!-- This site is optimized with the Yoast SEO Premium plugin v26.9 (Yoast SEO v26.9) - https:\/\/yoast.com\/product\/yoast-seo-premium-wordpress\/ -->\n<title>Stubai Mini Gr\u00f6del Mount Track - f\u00fcr Wandern, Forst &amp; Jagd | bolting.eu<\/title>\n<meta name=\"description\" content=\"Stubai Mount Track Mini Gr\u00f6del f\u00fcr Wandern, Forst &amp; Jagd kaufen \u2705 Trusted Shop \u2705 kostenloser Versand* \u2705 14 Tage R\u00fcckgaberecht \u2705 Co2 neutrale Zustellung\" \/>\n<meta name=\"robots\" content=\"index, follow, max-snippet:-1, max-image-preview:large, max-video-preview:-1\" \/>\n<link rel=\"canonical\" href=\"https:\/\/bolting.eu\/en\/shop\/stubai-mini-groedel-mount-track\/\" \/>\n<meta property=\"og:locale\" content=\"en_US\" \/>\n<meta property=\"og:type\" content=\"article\" \/>\n<meta property=\"og:title\" content=\"Stubai Mini Gr\u00f6del Mount Track\" \/>\n<meta property=\"og:description\" content=\"Stubai Mount Track Mini Gr\u00f6del f\u00fcr Wandern, Forst &amp; Jagd kaufen \u2705 Trusted Shop \u2705 kostenloser Versand* \u2705 14 Tage R\u00fcckgaberecht \u2705 Co2 neutrale Zustellung\" \/>\n<meta property=\"og:url\" content=\"https:\/\/bolting.eu\/en\/shop\/stubai-mini-groedel-mount-track\/\" \/>\n<meta property=\"og:site_name\" content=\"bolting.eu\" \/>\n<meta property=\"article:publisher\" content=\"https:\/\/www.facebook.com\/bolting.eu\" \/>\n<meta property=\"article:modified_time\" content=\"2026-01-25T10:05:07+00:00\" \/>\n<meta property=\"og:image\" content=\"https:\/\/bolting.eu\/wp-content\/uploads\/2024\/10\/Stubai-Mini-Groedel-2.jpg\" \/>\n\t<meta property=\"og:image:width\" content=\"700\" \/>\n\t<meta property=\"og:image:height\" content=\"700\" \/>\n\t<meta property=\"og:image:type\" content=\"image\/jpeg\" \/>\n<meta name=\"twitter:card\" content=\"summary_large_image\" \/>\n<meta name=\"twitter:label1\" content=\"Availability\" \/>\n\t<meta name=\"twitter:data1\" content=\"In stock\" \/>\n<script type=\"application\/ld+json\" class=\"yoast-schema-graph\">{\"@context\":\"https:\/\/schema.org\",\"@graph\":[{\"@type\":[\"WebPage\",\"ItemPage\"],\"@id\":\"https:\/\/bolting.eu\/en\/shop\/stubai-mini-groedel-mount-track\/\",\"url\":\"https:\/\/bolting.eu\/en\/shop\/stubai-mini-groedel-mount-track\/\",\"name\":\"Stubai Mini Gr\u00f6del Mount Track - f\u00fcr Wandern, Forst & Jagd | bolting.eu\",\"isPartOf\":{\"@id\":\"https:\/\/bolting.eu\/en\/#website\"},\"primaryImageOfPage\":{\"@id\":\"https:\/\/bolting.eu\/en\/shop\/stubai-mini-groedel-mount-track\/#primaryimage\"},\"image\":{\"@id\":\"https:\/\/bolting.eu\/en\/shop\/stubai-mini-groedel-mount-track\/#primaryimage\"},\"thumbnailUrl\":\"https:\/\/bolting.eu\/wp-content\/uploads\/2024\/10\/Stubai-Mini-Groedel-2.jpg\",\"datePublished\":\"2024-10-18T11:50:22+00:00\",\"dateModified\":\"2026-01-25T10:05:07+00:00\",\"description\":\"Stubai Mount Track Mini Gr\u00f6del f\u00fcr Wandern, Forst & Jagd kaufen \u2705 Trusted Shop \u2705 kostenloser Versand* \u2705 14 Tage R\u00fcckgaberecht \u2705 Co2 neutrale Zustellung\",\"breadcrumb\":{\"@id\":\"https:\/\/bolting.eu\/en\/shop\/stubai-mini-groedel-mount-track\/#breadcrumb\"},\"inLanguage\":\"en-US\",\"potentialAction\":[{\"@type\":\"ReadAction\",\"target\":[\"https:\/\/bolting.eu\/en\/shop\/stubai-mini-groedel-mount-track\/\"]}]},{\"@type\":\"ImageObject\",\"inLanguage\":\"en-US\",\"@id\":\"https:\/\/bolting.eu\/en\/shop\/stubai-mini-groedel-mount-track\/#primaryimage\",\"url\":\"https:\/\/bolting.eu\/wp-content\/uploads\/2024\/10\/Stubai-Mini-Groedel-2.jpg\",\"contentUrl\":\"https:\/\/bolting.eu\/wp-content\/uploads\/2024\/10\/Stubai-Mini-Groedel-2.jpg\",\"width\":700,\"height\":700,\"caption\":\"Wanderschuh mit Stubai Mini Gr\u00f6del Mount Track von der Oberseite. Rechts oben buntes bolting.eu Logo.\"},{\"@type\":\"BreadcrumbList\",\"@id\":\"https:\/\/bolting.eu\/en\/shop\/stubai-mini-groedel-mount-track\/#breadcrumb\",\"itemListElement\":[{\"@type\":\"ListItem\",\"position\":1,\"name\":\"Shop\",\"item\":\"https:\/\/bolting.eu\/en\/shop\/\"},{\"@type\":\"ListItem\",\"position\":2,\"name\":\"Bergsteiger Ausr\u00fcstung\",\"item\":\"https:\/\/bolting.eu\/produkt-kategorie\/bergsteiger-ausruestung\/\"},{\"@type\":\"ListItem\",\"position\":3,\"name\":\"Steigeisen\",\"item\":\"https:\/\/bolting.eu\/produkt-kategorie\/bergsteiger-ausruestung\/steigeisen\/\"},{\"@type\":\"ListItem\",\"position\":4,\"name\":\"Stubai Mini Gr\u00f6del Mount Track\"}]},{\"@type\":\"WebSite\",\"@id\":\"https:\/\/bolting.eu\/en\/#website\",\"url\":\"https:\/\/bolting.eu\/en\/\",\"name\":\"bolting.eu\",\"description\":\"we make climbs happen\",\"publisher\":{\"@id\":\"https:\/\/bolting.eu\/en\/#organization\"},\"potentialAction\":[{\"@type\":\"SearchAction\",\"target\":{\"@type\":\"EntryPoint\",\"urlTemplate\":\"https:\/\/bolting.eu\/en\/?s={search_term_string}\"},\"query-input\":{\"@type\":\"PropertyValueSpecification\",\"valueRequired\":true,\"valueName\":\"search_term_string\"}}],\"inLanguage\":\"en-US\"},{\"@type\":[\"Organization\",\"Place\",\"SportingGoodsStore\"],\"@id\":\"https:\/\/bolting.eu\/en\/#organization\",\"name\":\"bolting.eu\",\"url\":\"https:\/\/bolting.eu\/en\/\",\"logo\":{\"@id\":\"https:\/\/bolting.eu\/en\/shop\/stubai-mini-groedel-mount-track\/#local-main-organization-logo\"},\"image\":{\"@id\":\"https:\/\/bolting.eu\/en\/shop\/stubai-mini-groedel-mount-track\/#local-main-organization-logo\"},\"sameAs\":[\"https:\/\/www.facebook.com\/bolting.eu\",\"https:\/\/www.instagram.com\/bolting.eu\/\"],\"address\":{\"@id\":\"https:\/\/bolting.eu\/en\/shop\/stubai-mini-groedel-mount-track\/#local-main-place-address\"},\"geo\":{\"@type\":\"GeoCoordinates\",\"latitude\":\"47.264176340396226\",\"longitude\":\"11.380109057672346\"},\"telephone\":[\"+43 699 19083372\"],\"openingHoursSpecification\":[{\"@type\":\"OpeningHoursSpecification\",\"dayOfWeek\":[\"Monday\",\"Wednesday\",\"Friday\"],\"opens\":\"14:00\",\"closes\":\"18:00\"},{\"@type\":\"OpeningHoursSpecification\",\"dayOfWeek\":[\"Tuesday\",\"Thursday\",\"Saturday\",\"Sunday\"],\"opens\":\"00:00\",\"closes\":\"00:00\"}],\"email\":\"office@bolting.eu\",\"vatID\":\"ATU59999728\",\"priceRange\":\"$$\",\"currenciesAccepted\":\"Euro\"},{\"@type\":\"PostalAddress\",\"@id\":\"https:\/\/bolting.eu\/en\/shop\/stubai-mini-groedel-mount-track\/#local-main-place-address\",\"streetAddress\":\"Fischnalerstra\u00dfe 4\",\"addressLocality\":\"Innsbruck\",\"postalCode\":\"6020\",\"addressRegion\":\"Tirol\",\"addressCountry\":\"AT\"},{\"@type\":\"ImageObject\",\"inLanguage\":\"en-US\",\"@id\":\"https:\/\/bolting.eu\/en\/shop\/stubai-mini-groedel-mount-track\/#local-main-organization-logo\",\"url\":\"https:\/\/bolting.eu\/wp-content\/uploads\/2019\/09\/bolting-logo.png\",\"contentUrl\":\"https:\/\/bolting.eu\/wp-content\/uploads\/2019\/09\/bolting-logo.png\",\"width\":400,\"height\":211,\"caption\":\"bolting.eu\"}]}<\/script>\n<meta property=\"og:availability\" content=\"instock\" \/>\n<meta property=\"product:availability\" content=\"instock\" \/>\n<meta property=\"product:condition\" content=\"new\" \/>\n<meta name=\"geo.placename\" content=\"Innsbruck\" \/>\n<meta name=\"geo.position\" content=\"47.264176340396226;11.380109057672346\" \/>\n<meta name=\"geo.region\" content=\"Austria\" \/>\n<!-- \/ Yoast SEO Premium plugin. -->","yoast_head_json":{"title":"Stubai Mini Gr\u00f6del Mount Track - f\u00fcr Wandern, Forst & Jagd | bolting.eu","description":"Stubai Mount Track Mini Gr\u00f6del f\u00fcr Wandern, Forst & Jagd kaufen \u2705 Trusted Shop \u2705 kostenloser Versand* \u2705 14 Tage R\u00fcckgaberecht \u2705 Co2 neutrale Zustellung","robots":{"index":"index","follow":"follow","max-snippet":"max-snippet:-1","max-image-preview":"max-image-preview:large","max-video-preview":"max-video-preview:-1"},"canonical":"https:\/\/bolting.eu\/en\/shop\/stubai-mini-groedel-mount-track\/","og_locale":"en_US","og_type":"article","og_title":"Stubai Mini Gr\u00f6del Mount Track","og_description":"Stubai Mount Track Mini Gr\u00f6del f\u00fcr Wandern, Forst & Jagd kaufen \u2705 Trusted Shop \u2705 kostenloser Versand* \u2705 14 Tage R\u00fcckgaberecht \u2705 Co2 neutrale Zustellung","og_url":"https:\/\/bolting.eu\/en\/shop\/stubai-mini-groedel-mount-track\/","og_site_name":"bolting.eu","article_publisher":"https:\/\/www.facebook.com\/bolting.eu","article_modified_time":"2026-01-25T10:05:07+00:00","og_image":[{"width":700,"height":700,"url":"https:\/\/bolting.eu\/wp-content\/uploads\/2024\/10\/Stubai-Mini-Groedel-2.jpg","type":"image\/jpeg"}],"twitter_card":"summary_large_image","twitter_misc":{"Availability":"In stock"},"schema":{"@context":"https:\/\/schema.org","@graph":[{"@type":["WebPage","ItemPage"],"@id":"https:\/\/bolting.eu\/en\/shop\/stubai-mini-groedel-mount-track\/","url":"https:\/\/bolting.eu\/en\/shop\/stubai-mini-groedel-mount-track\/","name":"Stubai Mini Gr\u00f6del Mount Track - f\u00fcr Wandern, Forst & Jagd | bolting.eu","isPartOf":{"@id":"https:\/\/bolting.eu\/en\/#website"},"primaryImageOfPage":{"@id":"https:\/\/bolting.eu\/en\/shop\/stubai-mini-groedel-mount-track\/#primaryimage"},"image":{"@id":"https:\/\/bolting.eu\/en\/shop\/stubai-mini-groedel-mount-track\/#primaryimage"},"thumbnailUrl":"https:\/\/bolting.eu\/wp-content\/uploads\/2024\/10\/Stubai-Mini-Groedel-2.jpg","datePublished":"2024-10-18T11:50:22+00:00","dateModified":"2026-01-25T10:05:07+00:00","description":"Stubai Mount Track Mini Gr\u00f6del f\u00fcr Wandern, Forst & Jagd kaufen \u2705 Trusted Shop \u2705 kostenloser Versand* \u2705 14 Tage R\u00fcckgaberecht \u2705 Co2 neutrale Zustellung","breadcrumb":{"@id":"https:\/\/bolting.eu\/en\/shop\/stubai-mini-groedel-mount-track\/#breadcrumb"},"inLanguage":"en-US","potentialAction":[{"@type":"ReadAction","target":["https:\/\/bolting.eu\/en\/shop\/stubai-mini-groedel-mount-track\/"]}]},{"@type":"ImageObject","inLanguage":"en-US","@id":"https:\/\/bolting.eu\/en\/shop\/stubai-mini-groedel-mount-track\/#primaryimage","url":"https:\/\/bolting.eu\/wp-content\/uploads\/2024\/10\/Stubai-Mini-Groedel-2.jpg","contentUrl":"https:\/\/bolting.eu\/wp-content\/uploads\/2024\/10\/Stubai-Mini-Groedel-2.jpg","width":700,"height":700,"caption":"Wanderschuh mit Stubai Mini Gr\u00f6del Mount Track von der Oberseite. Rechts oben buntes bolting.eu Logo."},{"@type":"BreadcrumbList","@id":"https:\/\/bolting.eu\/en\/shop\/stubai-mini-groedel-mount-track\/#breadcrumb","itemListElement":[{"@type":"ListItem","position":1,"name":"Shop","item":"https:\/\/bolting.eu\/en\/shop\/"},{"@type":"ListItem","position":2,"name":"Bergsteiger Ausr\u00fcstung","item":"https:\/\/bolting.eu\/produkt-kategorie\/bergsteiger-ausruestung\/"},{"@type":"ListItem","position":3,"name":"Steigeisen","item":"https:\/\/bolting.eu\/produkt-kategorie\/bergsteiger-ausruestung\/steigeisen\/"},{"@type":"ListItem","position":4,"name":"Stubai Mini Gr\u00f6del Mount Track"}]},{"@type":"WebSite","@id":"https:\/\/bolting.eu\/en\/#website","url":"https:\/\/bolting.eu\/en\/","name":"bolting.eu","description":"we make climbs happen","publisher":{"@id":"https:\/\/bolting.eu\/en\/#organization"},"potentialAction":[{"@type":"SearchAction","target":{"@type":"EntryPoint","urlTemplate":"https:\/\/bolting.eu\/en\/?s={search_term_string}"},"query-input":{"@type":"PropertyValueSpecification","valueRequired":true,"valueName":"search_term_string"}}],"inLanguage":"en-US"},{"@type":["Organization","Place","SportingGoodsStore"],"@id":"https:\/\/bolting.eu\/en\/#organization","name":"bolting.eu","url":"https:\/\/bolting.eu\/en\/","logo":{"@id":"https:\/\/bolting.eu\/en\/shop\/stubai-mini-groedel-mount-track\/#local-main-organization-logo"},"image":{"@id":"https:\/\/bolting.eu\/en\/shop\/stubai-mini-groedel-mount-track\/#local-main-organization-logo"},"sameAs":["https:\/\/www.facebook.com\/bolting.eu","https:\/\/www.instagram.com\/bolting.eu\/"],"address":{"@id":"https:\/\/bolting.eu\/en\/shop\/stubai-mini-groedel-mount-track\/#local-main-place-address"},"geo":{"@type":"GeoCoordinates","latitude":"47.264176340396226","longitude":"11.380109057672346"},"telephone":["+43 699 19083372"],"openingHoursSpecification":[{"@type":"OpeningHoursSpecification","dayOfWeek":["Monday","Wednesday","Friday"],"opens":"14:00","closes":"18:00"},{"@type":"OpeningHoursSpecification","dayOfWeek":["Tuesday","Thursday","Saturday","Sunday"],"opens":"00:00","closes":"00:00"}],"email":"office@bolting.eu","vatID":"ATU59999728","priceRange":"$$","currenciesAccepted":"Euro"},{"@type":"PostalAddress","@id":"https:\/\/bolting.eu\/en\/shop\/stubai-mini-groedel-mount-track\/#local-main-place-address","streetAddress":"Fischnalerstra\u00dfe 4","addressLocality":"Innsbruck","postalCode":"6020","addressRegion":"Tirol","addressCountry":"AT"},{"@type":"ImageObject","inLanguage":"en-US","@id":"https:\/\/bolting.eu\/en\/shop\/stubai-mini-groedel-mount-track\/#local-main-organization-logo","url":"https:\/\/bolting.eu\/wp-content\/uploads\/2019\/09\/bolting-logo.png","contentUrl":"https:\/\/bolting.eu\/wp-content\/uploads\/2019\/09\/bolting-logo.png","width":400,"height":211,"caption":"bolting.eu"}]},"og_availability":"instock","product_availability":"instock","product_condition":"new","geo.placename":"Innsbruck","geo.position":{"lat":"47.264176340396226","long":"11.380109057672346"},"geo.region":"Austria"},"_links":{"self":[{"href":"https:\/\/bolting.eu\/en\/wp-json\/wp\/v2\/product\/21598","targetHints":{"allow":["GET"]}}],"collection":[{"href":"https:\/\/bolting.eu\/en\/wp-json\/wp\/v2\/product"}],"about":[{"href":"https:\/\/bolting.eu\/en\/wp-json\/wp\/v2\/types\/product"}],"replies":[{"embeddable":true,"href":"https:\/\/bolting.eu\/en\/wp-json\/wp\/v2\/comments?post=21598"}],"wp:featuredmedia":[{"embeddable":true,"href":"https:\/\/bolting.eu\/en\/wp-json\/wp\/v2\/media\/21600"}],"wp:attachment":[{"href":"https:\/\/bolting.eu\/en\/wp-json\/wp\/v2\/media?parent=21598"}],"wp:term":[{"taxonomy":"product_brand","embeddable":true,"href":"https:\/\/bolting.eu\/en\/wp-json\/wp\/v2\/product_brand?post=21598"},{"taxonomy":"product_cat","embeddable":true,"href":"https:\/\/bolting.eu\/en\/wp-json\/wp\/v2\/product_cat?post=21598"},{"taxonomy":"product_tag","embeddable":true,"href":"https:\/\/bolting.eu\/en\/wp-json\/wp\/v2\/product_tag?post=21598"}],"curies":[{"name":"wp","href":"https:\/\/api.w.org\/{rel}","templated":true}]}}