{"id":21579,"date":"2024-10-17T13:47:42","date_gmt":"2024-10-17T11:47:42","guid":{"rendered":"https:\/\/bolting.eu\/?post_type=product&#038;p=21579"},"modified":"2026-04-30T16:11:35","modified_gmt":"2026-04-30T14:11:35","slug":"ocun-twist-ii","status":"publish","type":"product","link":"https:\/\/bolting.eu\/en\/shop\/ocun-twist-ii\/","title":{"rendered":"Ocun Twist II"},"content":{"rendered":"<p>Der Ocun Twist II Klettergurt ist ein toller Allrounder! Denn dieses preiswerte Modell hat extrem ausgewogene Features.<\/p>\n<p>Voll verstellbarer 3Schnaller. H\u00fcftgurt zentrierbar dank durchlaufendem Band. Breite B\u00e4nder f\u00fcr massig Komfort. Und ein Uni Gr\u00f6\u00dfensystem mit nur 2 Dimensionen (XS-M, M-XL). Kletterherz, was willst du mehr!<\/p>\n<p>Wir empfehlen dieses Produkt besonders f\u00fcr Klettersteig Einsteiger. Z.B. mit dem <a href=\"https:\/\/bolting.eu\/shop\/petzl-scorpio-eashook\/\">Petzl Scorpio Eashook<\/a>.<\/p>\n<p>Denn der Gurt hat eine sehr gute Passform f\u00fcr viele K\u00f6rpertypen. Die Unigr\u00f6\u00dfen erm\u00f6glichen zudem eine Verwendung sowohl f\u00fcr den Sommer als auch die kalte Jahreszeit.<\/p>\n<h2>Eigenschaften Twist II<\/h2>\n<ul>\n<li>Hersteller: <a href=\"https:\/\/bolting.eu\/produkt-kategorie\/ocun\/\">Ocun<\/a><\/li>\n<li>Material: Polyamid, Schaumstoff, Edelstahl<\/li>\n<li>Gr\u00f6\u00dfen: XS-M, M-XL<\/li>\n<li>Gewicht: 370 bzw. 410 Gramm<\/li>\n<li>Normen: <a href=\"https:\/\/bolting.eu\/en-12277-klettergurt-norm\/\">EN 12277<\/a><\/li>\n<li>neues Modell II <strong>ab 2024<\/strong><\/li>\n<li>voll verstellbarer Allround Klettergurt<\/li>\n<li>3 Slide-Lock Schnallen aus Edelstahl<\/li>\n<li>4 Materialschlaufen f\u00fcr z.B. 12 Expressschlingen, <a href=\"https:\/\/bolting.eu\/produkt-kategorie\/kletterausruestung\/sicherungsgeraete-klettern\/\">Sicherungsger\u00e4t<\/a>, Ersatz <a href=\"https:\/\/bolting.eu\/produkt-kategorie\/kletterausruestung\/kletterkarabiner\/\">Karabiner<\/a>, usw.<\/li>\n<li>H\u00fcftband verdrehbar = zentrierbar<\/li>\n<li>sehr gut gepolsterte H\u00fcft &amp; Beinschlaufen<\/li>\n<li><a href=\"https:\/\/www.ocun.com\/de\/product\/twist3#:~:text=OCUN_Twist_Checklist_CZ_EN%20.pdf\" target=\"_blank\" rel=\"noopener\">Bedienungsanleitung<\/a><\/li>\n<\/ul>\n<h3>Gr\u00f6\u00dfentabelle<\/h3>\n<table border=\"1\" width=\"412\">\n<tbody>\n<tr>\n<td style=\"text-align: center;\" width=\"103\">\u00a0<strong>GR\u00d6SSEN<\/strong><\/td>\n<td style=\"text-align: center;\" width=\"103\"><strong>\u00a0H\u00dcFTUMFANG\u00a0<\/strong><\/td>\n<td style=\"text-align: center;\" width=\"103\"><strong>\u00a0BEINUMFANG\u00a0<\/strong><\/td>\n<td style=\"text-align: center;\" width=\"103\"><strong>\u00a0GEWICHT\u00a0<\/strong><\/td>\n<\/tr>\n<tr>\n<td style=\"text-align: center;\" width=\"103\"><strong>\u00a0XS &#8211; M<\/strong><\/td>\n<td style=\"text-align: center;\" width=\"103\">\u00a063 &#8211; 95 cm<\/td>\n<td style=\"text-align: center;\" width=\"103\">\u00a045 &#8211; 60 cm<\/td>\n<td style=\"text-align: center;\" width=\"103\">\u00a0370 g<\/td>\n<\/tr>\n<tr>\n<td style=\"text-align: center;\" width=\"103\">\u00a0<strong>M &#8211; XL<\/strong><\/td>\n<td style=\"text-align: center;\" width=\"103\">\u00a077 &#8211; 110 cm<\/td>\n<td style=\"text-align: center;\" width=\"103\">\u00a053 &#8211; 72 cm<\/td>\n<td style=\"text-align: center;\" width=\"103\">\u00a0410 g<\/td>\n<\/tr>\n<\/tbody>\n<\/table>\n<h3>Zentrierbares H\u00fcftband<\/h3>\n<p>Der Twist II von Ocun hat ein extrem praktisches Feature. Das zentrierbare H\u00fcftband.<\/p>\n<p>D.h. ihr k\u00f6nnt es im H\u00fcftpolster hin und her schieben. Je nach Bedarf k\u00f6nnt ihr somit die Anseilschlaufen immer exakt in der Mitte positionieren.<\/p>\n<p>Das ist z.B. bei dicker Bekleidung enorm praktisch. Oder wenn Gurte zwischen Personen hin und her getauscht werden.<\/p>\n<h3>Voll verstellbarer 3Schnaller<\/h3>\n<p>Der Twist hat 3 Schnallen. D.h. ihr k\u00f6nnt sowohl das H\u00fcftband als auch beide Beinschlaufen verstellen.<\/p>\n<p>Solche Modelle sind sehr gute Allrounder. Denn da k\u00f6nnt ihr z.B. im Winter dickere Hosen anziehen als im Sommer. Die Beinschlaufen sind in einer Minute eingestellt.<\/p>\n<h3>Ocun Twist II- unser Allround Tipp<\/h3>\n<p>Insgesamt habt ihr es hier mit einem sehr guten Allrounder zu tun. Und dieser ist noch dazu recht preiswert.<\/p>\n<p>Viele bezeichnen ihn auch als leichteren Petzl Corax. Denn er ist insgesamt doch etwas schmaler und tr\u00e4gt nicht so viel auf wie dieser.<\/p>\n<p>Die vier Materialschlaufen bieten massiv Platz f\u00fcr Kletterausr\u00fcstung. Wie z.B. extra <a href=\"https:\/\/bolting.eu\/produkt-kategorie\/kletterausruestung\/bandschlinge\/\">Bandschlingen<\/a> bei Hochtouren, <a href=\"https:\/\/bolting.eu\/produkt-kategorie\/klemmkeile\/\">Klemmkeile<\/a> oder <a href=\"https:\/\/bolting.eu\/produkt-kategorie\/kletterausruestung\/klemmgeraete-friends\/\">Friends<\/a> beim Alpinklettern, usw&#8230;<\/p>\n<p>Wer gelegentlich verschiedene Alpindisziplinen aus\u00fcbt ist hier genau richtig!<\/p>\n","protected":false},"excerpt":{"rendered":"<p>Sehr guter und preiswerter Allrounder. 3Schnaller mit verstellbaren Beinschlaufen und zentrierbarem H\u00fcftband.<\/p>\n<p>Ideal f\u00fcr alle, die unterschiedliche Kletterdisziplinen betreiben.<\/p>\n<p>Versandkostenfrei bis 2kg in <img decoding=\"async\" class=\"emoji\" role=\"img\" draggable=\"false\" src=\"https:\/\/s.w.org\/images\/core\/emoji\/14.0.0\/svg\/1f1e6-1f1f9.svg\" alt=\"\ud83c\udde6\ud83c\uddf9\" \/> ab \u20ac 100,- und <img decoding=\"async\" class=\"emoji\" role=\"img\" draggable=\"false\" src=\"https:\/\/s.w.org\/images\/core\/emoji\/14.0.0\/svg\/1f1e9-1f1ea.svg\" alt=\"\ud83c\udde9\ud83c\uddea\" \/> ab \u20ac 200,-!<\/p>\n","protected":false},"featured_media":21584,"comment_status":"closed","ping_status":"closed","template":"","meta":[],"product_brand":[],"product_cat":[6359,29,12383],"product_tag":[],"class_list":{"0":"post-21579","1":"product","2":"type-product","3":"status-publish","4":"has-post-thumbnail","6":"product_cat-klettergurte","7":"product_cat-kletterausruestung","8":"product_cat-ocun","10":"first","11":"instock","12":"taxable","13":"shipping-taxable","14":"purchasable","15":"product-type-variable"},"yoast_head":"<!-- This site is optimized with the Yoast SEO Premium plugin v26.9 (Yoast SEO v26.9) - https:\/\/yoast.com\/product\/yoast-seo-premium-wordpress\/ -->\n<title>Ocun Twist II | bolting.eu<\/title>\n<meta name=\"description\" content=\"Ocun Twist II beim Kletterprofi aus \u00d6sterreich kaufen \u2705 Trusted Shop \u2705 kostenloser Versand* \u2705 14 Tage R\u00fcckgaberecht \u2705 Co2 neutrale Zustellung\" \/>\n<meta name=\"robots\" content=\"index, follow, max-snippet:-1, max-image-preview:large, max-video-preview:-1\" \/>\n<link rel=\"canonical\" href=\"https:\/\/bolting.eu\/en\/shop\/ocun-twist-ii\/\" \/>\n<meta property=\"og:locale\" content=\"en_US\" \/>\n<meta property=\"og:type\" content=\"article\" \/>\n<meta property=\"og:title\" content=\"Ocun Twist II\" \/>\n<meta property=\"og:description\" content=\"Ocun Twist II beim Kletterprofi aus \u00d6sterreich kaufen \u2705 Trusted Shop \u2705 kostenloser Versand* \u2705 14 Tage R\u00fcckgaberecht \u2705 Co2 neutrale Zustellung\" \/>\n<meta property=\"og:url\" content=\"https:\/\/bolting.eu\/en\/shop\/ocun-twist-ii\/\" \/>\n<meta property=\"og:site_name\" content=\"bolting.eu\" \/>\n<meta property=\"article:publisher\" content=\"https:\/\/www.facebook.com\/bolting.eu\" \/>\n<meta property=\"article:modified_time\" content=\"2026-04-30T14:11:35+00:00\" \/>\n<meta property=\"og:image\" content=\"https:\/\/bolting.eu\/wp-content\/uploads\/2024\/10\/Ocun-Twist-II-red.jpg\" \/>\n\t<meta property=\"og:image:width\" content=\"700\" \/>\n\t<meta property=\"og:image:height\" content=\"700\" \/>\n\t<meta property=\"og:image:type\" content=\"image\/jpeg\" \/>\n<meta name=\"twitter:card\" content=\"summary_large_image\" \/>\n<meta name=\"twitter:label1\" content=\"Availability\" \/>\n\t<meta name=\"twitter:data1\" content=\"In stock\" \/>\n<script type=\"application\/ld+json\" class=\"yoast-schema-graph\">{\"@context\":\"https:\/\/schema.org\",\"@graph\":[{\"@type\":[\"WebPage\",\"ItemPage\"],\"@id\":\"https:\/\/bolting.eu\/en\/shop\/ocun-twist-ii\/\",\"url\":\"https:\/\/bolting.eu\/en\/shop\/ocun-twist-ii\/\",\"name\":\"Ocun Twist II | bolting.eu\",\"isPartOf\":{\"@id\":\"https:\/\/bolting.eu\/en\/#website\"},\"primaryImageOfPage\":{\"@id\":\"https:\/\/bolting.eu\/en\/shop\/ocun-twist-ii\/#primaryimage\"},\"image\":{\"@id\":\"https:\/\/bolting.eu\/en\/shop\/ocun-twist-ii\/#primaryimage\"},\"thumbnailUrl\":\"https:\/\/bolting.eu\/wp-content\/uploads\/2024\/10\/Ocun-Twist-II-red.jpg\",\"datePublished\":\"2024-10-17T11:47:42+00:00\",\"dateModified\":\"2026-04-30T14:11:35+00:00\",\"description\":\"Ocun Twist II beim Kletterprofi aus \u00d6sterreich kaufen \u2705 Trusted Shop \u2705 kostenloser Versand* \u2705 14 Tage R\u00fcckgaberecht \u2705 Co2 neutrale Zustellung\",\"breadcrumb\":{\"@id\":\"https:\/\/bolting.eu\/en\/shop\/ocun-twist-ii\/#breadcrumb\"},\"inLanguage\":\"en-US\",\"potentialAction\":[{\"@type\":\"ReadAction\",\"target\":[\"https:\/\/bolting.eu\/en\/shop\/ocun-twist-ii\/\"]}]},{\"@type\":\"ImageObject\",\"inLanguage\":\"en-US\",\"@id\":\"https:\/\/bolting.eu\/en\/shop\/ocun-twist-ii\/#primaryimage\",\"url\":\"https:\/\/bolting.eu\/wp-content\/uploads\/2024\/10\/Ocun-Twist-II-red.jpg\",\"contentUrl\":\"https:\/\/bolting.eu\/wp-content\/uploads\/2024\/10\/Ocun-Twist-II-red.jpg\",\"width\":700,\"height\":700,\"caption\":\"Roter Ocun Twist II Klettergurt vor wei\u00dfem Hintergrund. rechts oben buntes bolting.eu Logo.\"},{\"@type\":\"BreadcrumbList\",\"@id\":\"https:\/\/bolting.eu\/en\/shop\/ocun-twist-ii\/#breadcrumb\",\"itemListElement\":[{\"@type\":\"ListItem\",\"position\":1,\"name\":\"Shop\",\"item\":\"https:\/\/bolting.eu\/en\/shop\/\"},{\"@type\":\"ListItem\",\"position\":2,\"name\":\"climbing equipment\",\"item\":\"https:\/\/bolting.eu\/en\/produkt-kategorie\/climbing-equipment\/\"},{\"@type\":\"ListItem\",\"position\":3,\"name\":\"Klettergurte\",\"item\":\"https:\/\/bolting.eu\/produkt-kategorie\/kletterausruestung\/klettergurte\/\"},{\"@type\":\"ListItem\",\"position\":4,\"name\":\"Ocun Twist II\"}]},{\"@type\":\"WebSite\",\"@id\":\"https:\/\/bolting.eu\/en\/#website\",\"url\":\"https:\/\/bolting.eu\/en\/\",\"name\":\"bolting.eu\",\"description\":\"we make climbs happen\",\"publisher\":{\"@id\":\"https:\/\/bolting.eu\/en\/#organization\"},\"potentialAction\":[{\"@type\":\"SearchAction\",\"target\":{\"@type\":\"EntryPoint\",\"urlTemplate\":\"https:\/\/bolting.eu\/en\/?s={search_term_string}\"},\"query-input\":{\"@type\":\"PropertyValueSpecification\",\"valueRequired\":true,\"valueName\":\"search_term_string\"}}],\"inLanguage\":\"en-US\"},{\"@type\":[\"Organization\",\"Place\",\"SportingGoodsStore\"],\"@id\":\"https:\/\/bolting.eu\/en\/#organization\",\"name\":\"bolting.eu\",\"url\":\"https:\/\/bolting.eu\/en\/\",\"logo\":{\"@id\":\"https:\/\/bolting.eu\/en\/shop\/ocun-twist-ii\/#local-main-organization-logo\"},\"image\":{\"@id\":\"https:\/\/bolting.eu\/en\/shop\/ocun-twist-ii\/#local-main-organization-logo\"},\"sameAs\":[\"https:\/\/www.facebook.com\/bolting.eu\",\"https:\/\/www.instagram.com\/bolting.eu\/\"],\"address\":{\"@id\":\"https:\/\/bolting.eu\/en\/shop\/ocun-twist-ii\/#local-main-place-address\"},\"geo\":{\"@type\":\"GeoCoordinates\",\"latitude\":\"47.264176340396226\",\"longitude\":\"11.380109057672346\"},\"telephone\":[\"+43 699 19083372\"],\"openingHoursSpecification\":[{\"@type\":\"OpeningHoursSpecification\",\"dayOfWeek\":[\"Monday\",\"Wednesday\",\"Friday\"],\"opens\":\"14:00\",\"closes\":\"18:00\"},{\"@type\":\"OpeningHoursSpecification\",\"dayOfWeek\":[\"Tuesday\",\"Thursday\",\"Saturday\",\"Sunday\"],\"opens\":\"00:00\",\"closes\":\"00:00\"}],\"email\":\"office@bolting.eu\",\"vatID\":\"ATU59999728\",\"priceRange\":\"$$\",\"currenciesAccepted\":\"Euro\"},{\"@type\":\"PostalAddress\",\"@id\":\"https:\/\/bolting.eu\/en\/shop\/ocun-twist-ii\/#local-main-place-address\",\"streetAddress\":\"Fischnalerstra\u00dfe 4\",\"addressLocality\":\"Innsbruck\",\"postalCode\":\"6020\",\"addressRegion\":\"Tirol\",\"addressCountry\":\"AT\"},{\"@type\":\"ImageObject\",\"inLanguage\":\"en-US\",\"@id\":\"https:\/\/bolting.eu\/en\/shop\/ocun-twist-ii\/#local-main-organization-logo\",\"url\":\"https:\/\/bolting.eu\/wp-content\/uploads\/2019\/09\/bolting-logo.png\",\"contentUrl\":\"https:\/\/bolting.eu\/wp-content\/uploads\/2019\/09\/bolting-logo.png\",\"width\":400,\"height\":211,\"caption\":\"bolting.eu\"}]}<\/script>\n<meta property=\"og:availability\" content=\"instock\" \/>\n<meta property=\"product:availability\" content=\"instock\" \/>\n<meta property=\"product:condition\" content=\"new\" \/>\n<meta name=\"geo.placename\" content=\"Innsbruck\" \/>\n<meta name=\"geo.position\" content=\"47.264176340396226;11.380109057672346\" \/>\n<meta name=\"geo.region\" content=\"Austria\" \/>\n<!-- \/ Yoast SEO Premium plugin. -->","yoast_head_json":{"title":"Ocun Twist II | bolting.eu","description":"Ocun Twist II beim Kletterprofi aus \u00d6sterreich kaufen \u2705 Trusted Shop \u2705 kostenloser Versand* \u2705 14 Tage R\u00fcckgaberecht \u2705 Co2 neutrale Zustellung","robots":{"index":"index","follow":"follow","max-snippet":"max-snippet:-1","max-image-preview":"max-image-preview:large","max-video-preview":"max-video-preview:-1"},"canonical":"https:\/\/bolting.eu\/en\/shop\/ocun-twist-ii\/","og_locale":"en_US","og_type":"article","og_title":"Ocun Twist II","og_description":"Ocun Twist II beim Kletterprofi aus \u00d6sterreich kaufen \u2705 Trusted Shop \u2705 kostenloser Versand* \u2705 14 Tage R\u00fcckgaberecht \u2705 Co2 neutrale Zustellung","og_url":"https:\/\/bolting.eu\/en\/shop\/ocun-twist-ii\/","og_site_name":"bolting.eu","article_publisher":"https:\/\/www.facebook.com\/bolting.eu","article_modified_time":"2026-04-30T14:11:35+00:00","og_image":[{"width":700,"height":700,"url":"https:\/\/bolting.eu\/wp-content\/uploads\/2024\/10\/Ocun-Twist-II-red.jpg","type":"image\/jpeg"}],"twitter_card":"summary_large_image","twitter_misc":{"Availability":"In stock"},"schema":{"@context":"https:\/\/schema.org","@graph":[{"@type":["WebPage","ItemPage"],"@id":"https:\/\/bolting.eu\/en\/shop\/ocun-twist-ii\/","url":"https:\/\/bolting.eu\/en\/shop\/ocun-twist-ii\/","name":"Ocun Twist II | bolting.eu","isPartOf":{"@id":"https:\/\/bolting.eu\/en\/#website"},"primaryImageOfPage":{"@id":"https:\/\/bolting.eu\/en\/shop\/ocun-twist-ii\/#primaryimage"},"image":{"@id":"https:\/\/bolting.eu\/en\/shop\/ocun-twist-ii\/#primaryimage"},"thumbnailUrl":"https:\/\/bolting.eu\/wp-content\/uploads\/2024\/10\/Ocun-Twist-II-red.jpg","datePublished":"2024-10-17T11:47:42+00:00","dateModified":"2026-04-30T14:11:35+00:00","description":"Ocun Twist II beim Kletterprofi aus \u00d6sterreich kaufen \u2705 Trusted Shop \u2705 kostenloser Versand* \u2705 14 Tage R\u00fcckgaberecht \u2705 Co2 neutrale Zustellung","breadcrumb":{"@id":"https:\/\/bolting.eu\/en\/shop\/ocun-twist-ii\/#breadcrumb"},"inLanguage":"en-US","potentialAction":[{"@type":"ReadAction","target":["https:\/\/bolting.eu\/en\/shop\/ocun-twist-ii\/"]}]},{"@type":"ImageObject","inLanguage":"en-US","@id":"https:\/\/bolting.eu\/en\/shop\/ocun-twist-ii\/#primaryimage","url":"https:\/\/bolting.eu\/wp-content\/uploads\/2024\/10\/Ocun-Twist-II-red.jpg","contentUrl":"https:\/\/bolting.eu\/wp-content\/uploads\/2024\/10\/Ocun-Twist-II-red.jpg","width":700,"height":700,"caption":"Roter Ocun Twist II Klettergurt vor wei\u00dfem Hintergrund. rechts oben buntes bolting.eu Logo."},{"@type":"BreadcrumbList","@id":"https:\/\/bolting.eu\/en\/shop\/ocun-twist-ii\/#breadcrumb","itemListElement":[{"@type":"ListItem","position":1,"name":"Shop","item":"https:\/\/bolting.eu\/en\/shop\/"},{"@type":"ListItem","position":2,"name":"climbing equipment","item":"https:\/\/bolting.eu\/en\/produkt-kategorie\/climbing-equipment\/"},{"@type":"ListItem","position":3,"name":"Klettergurte","item":"https:\/\/bolting.eu\/produkt-kategorie\/kletterausruestung\/klettergurte\/"},{"@type":"ListItem","position":4,"name":"Ocun Twist II"}]},{"@type":"WebSite","@id":"https:\/\/bolting.eu\/en\/#website","url":"https:\/\/bolting.eu\/en\/","name":"bolting.eu","description":"we make climbs happen","publisher":{"@id":"https:\/\/bolting.eu\/en\/#organization"},"potentialAction":[{"@type":"SearchAction","target":{"@type":"EntryPoint","urlTemplate":"https:\/\/bolting.eu\/en\/?s={search_term_string}"},"query-input":{"@type":"PropertyValueSpecification","valueRequired":true,"valueName":"search_term_string"}}],"inLanguage":"en-US"},{"@type":["Organization","Place","SportingGoodsStore"],"@id":"https:\/\/bolting.eu\/en\/#organization","name":"bolting.eu","url":"https:\/\/bolting.eu\/en\/","logo":{"@id":"https:\/\/bolting.eu\/en\/shop\/ocun-twist-ii\/#local-main-organization-logo"},"image":{"@id":"https:\/\/bolting.eu\/en\/shop\/ocun-twist-ii\/#local-main-organization-logo"},"sameAs":["https:\/\/www.facebook.com\/bolting.eu","https:\/\/www.instagram.com\/bolting.eu\/"],"address":{"@id":"https:\/\/bolting.eu\/en\/shop\/ocun-twist-ii\/#local-main-place-address"},"geo":{"@type":"GeoCoordinates","latitude":"47.264176340396226","longitude":"11.380109057672346"},"telephone":["+43 699 19083372"],"openingHoursSpecification":[{"@type":"OpeningHoursSpecification","dayOfWeek":["Monday","Wednesday","Friday"],"opens":"14:00","closes":"18:00"},{"@type":"OpeningHoursSpecification","dayOfWeek":["Tuesday","Thursday","Saturday","Sunday"],"opens":"00:00","closes":"00:00"}],"email":"office@bolting.eu","vatID":"ATU59999728","priceRange":"$$","currenciesAccepted":"Euro"},{"@type":"PostalAddress","@id":"https:\/\/bolting.eu\/en\/shop\/ocun-twist-ii\/#local-main-place-address","streetAddress":"Fischnalerstra\u00dfe 4","addressLocality":"Innsbruck","postalCode":"6020","addressRegion":"Tirol","addressCountry":"AT"},{"@type":"ImageObject","inLanguage":"en-US","@id":"https:\/\/bolting.eu\/en\/shop\/ocun-twist-ii\/#local-main-organization-logo","url":"https:\/\/bolting.eu\/wp-content\/uploads\/2019\/09\/bolting-logo.png","contentUrl":"https:\/\/bolting.eu\/wp-content\/uploads\/2019\/09\/bolting-logo.png","width":400,"height":211,"caption":"bolting.eu"}]},"og_availability":"instock","product_availability":"instock","product_condition":"new","geo.placename":"Innsbruck","geo.position":{"lat":"47.264176340396226","long":"11.380109057672346"},"geo.region":"Austria"},"_links":{"self":[{"href":"https:\/\/bolting.eu\/en\/wp-json\/wp\/v2\/product\/21579","targetHints":{"allow":["GET"]}}],"collection":[{"href":"https:\/\/bolting.eu\/en\/wp-json\/wp\/v2\/product"}],"about":[{"href":"https:\/\/bolting.eu\/en\/wp-json\/wp\/v2\/types\/product"}],"replies":[{"embeddable":true,"href":"https:\/\/bolting.eu\/en\/wp-json\/wp\/v2\/comments?post=21579"}],"wp:featuredmedia":[{"embeddable":true,"href":"https:\/\/bolting.eu\/en\/wp-json\/wp\/v2\/media\/21584"}],"wp:attachment":[{"href":"https:\/\/bolting.eu\/en\/wp-json\/wp\/v2\/media?parent=21579"}],"wp:term":[{"taxonomy":"product_brand","embeddable":true,"href":"https:\/\/bolting.eu\/en\/wp-json\/wp\/v2\/product_brand?post=21579"},{"taxonomy":"product_cat","embeddable":true,"href":"https:\/\/bolting.eu\/en\/wp-json\/wp\/v2\/product_cat?post=21579"},{"taxonomy":"product_tag","embeddable":true,"href":"https:\/\/bolting.eu\/en\/wp-json\/wp\/v2\/product_tag?post=21579"}],"curies":[{"name":"wp","href":"https:\/\/api.w.org\/{rel}","templated":true}]}}