{"id":21553,"date":"2024-10-15T10:06:06","date_gmt":"2024-10-15T08:06:06","guid":{"rendered":"https:\/\/bolting.eu\/?post_type=product&#038;p=21553"},"modified":"2026-03-06T18:26:55","modified_gmt":"2026-03-06T17:26:55","slug":"edelrid-tech-web-sling-12mm","status":"publish","type":"product","link":"https:\/\/bolting.eu\/en\/shop\/edelrid-tech-web-sling-12mm\/","title":{"rendered":"Edelrid Tech Web Sling 12mm"},"content":{"rendered":"<p>Die Edelrid Tech Web Sling 12mm ist eine ganz besondere Schlinge. Denn sie hat einen Kern aus Dyneema und einen Mantel aus Polyester.<\/p>\n<p>Hier verbindet der Hersteller die besten Eigenschaften dieser zwei Materialien. Schnittfeste Fasern im Kern, und extrem abriebfestes Material f\u00fcr den Mantel.<\/p>\n<p>Wir empfehlen dieses extrem robuste Material f\u00fcr\u00b4s Industrieklettern. Hierf\u00fcr haben die Schlingen auch eine 3-fach Zertifizierung: EN 354, EN 566 und EN 795 Typ B.<\/p>\n<h2>Eigenschaften Tech Web Sling<\/h2>\n<ul>\n<li>Hersteller: <a href=\"https:\/\/bolting.eu\/produkt-kategorie\/edelrid\/\">Edelrid<\/a><\/li>\n<li>Material: Kern Dyneema, Mantel Polyester<\/li>\n<li>L\u00e4ngen: 30cm, 60cm, 120cm, 180cm, 240cm<\/li>\n<li>Breite: 12mm<\/li>\n<li>Gewicht: 17 Gramm, 30 Gramm, 57 Gramm, 82 Gramm, 107 Gramm<\/li>\n<li>Normen: EN 354, EN 566 und EN 795 Typ B<\/li>\n<li>ideal f\u00fcr das Industrieklettern<\/li>\n<li>extrem schnittfeste Fasern im Kern und abriebfester Mantel<\/li>\n<li>bietet ein deutliches Plus an Sicherheit<\/li>\n<li>empfohlener Anschlagkarabiner: <a href=\"https:\/\/bolting.eu\/shop\/petzl-oxan-stahlkarabiner\/\">Petzl Oxan<\/a><\/li>\n<li>kann \u00fcber Schulter mitgenommen werden oder in <a href=\"https:\/\/bolting.eu\/shop\/petzl-toolbag-werkzeugtasche\/\">Toolbag<\/a> verstaut werden<\/li>\n<li><a href=\"https:\/\/edelrid.com\/eu-de\/sport\/schlingen-shop\/tech-web-sling-12mm?srsltid=AfmBOop5fVedJ_s5RdFtQvcMKZdmYQK_A4YLugBGMzk90DemZPcSY5lH&amp;variant=2700443#:~:text=Gebrauchsanleitung%20Schlingen\">Bedienungsanleitung<\/a><\/li>\n<\/ul>\n<h2>Dyneema im Kern<\/h2>\n<p>Im Kern hat die Tech Web Schlinge Dyneema Fasern. Dieses Material ist zum einen extrem schnittfest. Und zum anderen hat es sehr hohe Bruchlasten. Zudem nimmt es so gut wie kein Wasser auf.<\/p>\n<p>Diese Eigenschaften nutzt Edelrid bei dieser Rundschlinge super aus.<\/p>\n<h3>Polyester Mantel<\/h3>\n<p>Edelrid hat es geschafft um den Kern einen Mantel aus diesem Material zu weben. Das bietet ein extra Plus an Sicherheit.<\/p>\n<p>Denn somit ist der Mantel einerseits perfekt gesch\u00fctzt. Und andererseits wird der Abrieb am Mantel quasi &#8220;abgefangen&#8221;.<\/p>\n<p>Entgegen normalen Dyneema Bandschlingen kann dieses Produkt viel st\u00e4rker belastet werden.<\/p>\n<p>Deshalb empfehlen wir die Schlinge auch f\u00fcr das Industrieklettern.<\/p>\n<h3>Tech Web Sling = ideal f\u00fcr\u00b4s Industrieklettern<\/h3>\n<p>Diese Rundschlinge ist durch die Sicherheitsreserven deutlich steifer als die Produkte f\u00fcrs Klettern. Das ist bei H\u00f6henarbeiten auch so so erw\u00fcnscht.<\/p>\n<p>Denn viele Anschlagm\u00f6glichkeiten sind auf rauen oder sch\u00e4rferen Objekten. Wie z.B. Stahltr\u00e4gern, Betons\u00e4ulen usw&#8230;<\/p>\n<p>Hier kann dieses robuste Produkt seine St\u00e4rken vol und ganz ausspielen.<\/p>\n<p>Weniger ideal ist diese Schlinge zum Verknoten. Ein Bandschlingenknoten am <a href=\"https:\/\/bolting.eu\/produkt-kategorie\/kletterausruestung\/kletterseil\/\">Kletterseil<\/a> oder an Statikseilen geht z.B. nicht gut.<\/p>\n","protected":false},"excerpt":{"rendered":"<p>Rundschlinge f\u00fcr\u00b4s Industrielklettern. Der Kern ist aus schnittfestem Dyneema, der Mantel aus abriebfestem Polyester.<\/p>\n<p>Erh\u00e4ltlich in den L\u00e4ngen 30cm, 60cm, 120cm, 180cm und 240cm.<\/p>\n<p>Versandkostenfrei bis 2kg in\u00a0<img decoding=\"async\" class=\"emoji\" role=\"img\" draggable=\"false\" src=\"https:\/\/s.w.org\/images\/core\/emoji\/14.0.0\/svg\/1f1e6-1f1f9.svg\" alt=\"\ud83c\udde6\ud83c\uddf9\" \/>\u00a0ab \u20ac 100,- und\u00a0<img decoding=\"async\" class=\"emoji\" role=\"img\" draggable=\"false\" src=\"https:\/\/s.w.org\/images\/core\/emoji\/14.0.0\/svg\/1f1e9-1f1ea.svg\" alt=\"\ud83c\udde9\ud83c\uddea\" \/>\u00a0ab \u20ac 200,-!<\/p>\n","protected":false},"featured_media":21563,"comment_status":"closed","ping_status":"closed","template":"","meta":[],"product_brand":[],"product_cat":[4655,7707,29,14513,259,14692,14739],"product_tag":[],"class_list":{"0":"post-21553","1":"product","2":"type-product","3":"status-publish","4":"has-post-thumbnail","6":"product_cat-edelrid","7":"product_cat-dyneema-bandschlingen","8":"product_cat-kletterausruestung","9":"product_cat-industriekletter-ausruestung","10":"product_cat-bandschlinge","11":"product_cat-seilschlingen","12":"product_cat-selbstsicherungsschlinge","14":"first","15":"instock","16":"taxable","17":"shipping-taxable","18":"purchasable","19":"product-type-variable"},"yoast_head":"<!-- This site is optimized with the Yoast SEO Premium plugin v26.9 (Yoast SEO v26.9) - https:\/\/yoast.com\/product\/yoast-seo-premium-wordpress\/ -->\n<title>Edelrid Tech Web Sling 12mm | bolting.eu<\/title>\n<meta name=\"description\" content=\"Edelrid Tech Web Sling 12mm beim Kletterprofi kaufen \u2705 Trusted Shop \u2705 kostenloser Versand* \u2705 14 Tage R\u00fcckgaberecht \u2705 Co2 neutrale Zustellung\" \/>\n<meta name=\"robots\" content=\"index, follow, max-snippet:-1, max-image-preview:large, max-video-preview:-1\" \/>\n<link rel=\"canonical\" href=\"https:\/\/bolting.eu\/en\/shop\/edelrid-tech-web-sling-12mm\/\" \/>\n<meta property=\"og:locale\" content=\"en_US\" \/>\n<meta property=\"og:type\" content=\"article\" \/>\n<meta property=\"og:title\" content=\"Edelrid Tech Web Sling 12mm\" \/>\n<meta property=\"og:description\" content=\"Edelrid Tech Web Sling 12mm beim Kletterprofi kaufen \u2705 Trusted Shop \u2705 kostenloser Versand* \u2705 14 Tage R\u00fcckgaberecht \u2705 Co2 neutrale Zustellung\" \/>\n<meta property=\"og:url\" content=\"https:\/\/bolting.eu\/en\/shop\/edelrid-tech-web-sling-12mm\/\" \/>\n<meta property=\"og:site_name\" content=\"bolting.eu\" \/>\n<meta property=\"article:publisher\" content=\"https:\/\/www.facebook.com\/bolting.eu\" \/>\n<meta property=\"article:modified_time\" content=\"2026-03-06T17:26:55+00:00\" \/>\n<meta property=\"og:image\" content=\"https:\/\/bolting.eu\/wp-content\/uploads\/2024\/10\/Edelrid-Tech-Web-Sling-II-60cm.jpg\" \/>\n\t<meta property=\"og:image:width\" content=\"700\" \/>\n\t<meta property=\"og:image:height\" content=\"700\" \/>\n\t<meta property=\"og:image:type\" content=\"image\/jpeg\" \/>\n<meta name=\"twitter:card\" content=\"summary_large_image\" \/>\n<meta name=\"twitter:label1\" content=\"Availability\" \/>\n\t<meta name=\"twitter:data1\" content=\"In stock\" \/>\n<script type=\"application\/ld+json\" class=\"yoast-schema-graph\">{\"@context\":\"https:\/\/schema.org\",\"@graph\":[{\"@type\":[\"WebPage\",\"ItemPage\"],\"@id\":\"https:\/\/bolting.eu\/en\/shop\/edelrid-tech-web-sling-12mm\/\",\"url\":\"https:\/\/bolting.eu\/en\/shop\/edelrid-tech-web-sling-12mm\/\",\"name\":\"Edelrid Tech Web Sling 12mm | bolting.eu\",\"isPartOf\":{\"@id\":\"https:\/\/bolting.eu\/en\/#website\"},\"primaryImageOfPage\":{\"@id\":\"https:\/\/bolting.eu\/en\/shop\/edelrid-tech-web-sling-12mm\/#primaryimage\"},\"image\":{\"@id\":\"https:\/\/bolting.eu\/en\/shop\/edelrid-tech-web-sling-12mm\/#primaryimage\"},\"thumbnailUrl\":\"https:\/\/bolting.eu\/wp-content\/uploads\/2024\/10\/Edelrid-Tech-Web-Sling-II-60cm.jpg\",\"datePublished\":\"2024-10-15T08:06:06+00:00\",\"dateModified\":\"2026-03-06T17:26:55+00:00\",\"description\":\"Edelrid Tech Web Sling 12mm beim Kletterprofi kaufen \u2705 Trusted Shop \u2705 kostenloser Versand* \u2705 14 Tage R\u00fcckgaberecht \u2705 Co2 neutrale Zustellung\",\"breadcrumb\":{\"@id\":\"https:\/\/bolting.eu\/en\/shop\/edelrid-tech-web-sling-12mm\/#breadcrumb\"},\"inLanguage\":\"en-US\",\"potentialAction\":[{\"@type\":\"ReadAction\",\"target\":[\"https:\/\/bolting.eu\/en\/shop\/edelrid-tech-web-sling-12mm\/\"]}]},{\"@type\":\"ImageObject\",\"inLanguage\":\"en-US\",\"@id\":\"https:\/\/bolting.eu\/en\/shop\/edelrid-tech-web-sling-12mm\/#primaryimage\",\"url\":\"https:\/\/bolting.eu\/wp-content\/uploads\/2024\/10\/Edelrid-Tech-Web-Sling-II-60cm.jpg\",\"contentUrl\":\"https:\/\/bolting.eu\/wp-content\/uploads\/2024\/10\/Edelrid-Tech-Web-Sling-II-60cm.jpg\",\"width\":700,\"height\":700,\"caption\":\"Gr\u00fcngelbe Edelrid Tech Web Sling 60cm Seilschlinge im Halbreis ausgelegt. Rechts oben buntes bolting.eu Logo\"},{\"@type\":\"BreadcrumbList\",\"@id\":\"https:\/\/bolting.eu\/en\/shop\/edelrid-tech-web-sling-12mm\/#breadcrumb\",\"itemListElement\":[{\"@type\":\"ListItem\",\"position\":1,\"name\":\"Shop\",\"item\":\"https:\/\/bolting.eu\/en\/shop\/\"},{\"@type\":\"ListItem\",\"position\":2,\"name\":\"Industrial climbing gear\",\"item\":\"https:\/\/bolting.eu\/en\/produkt-kategorie\/industrial-climbing-gear\/\"},{\"@type\":\"ListItem\",\"position\":3,\"name\":\"Seilschlingen\",\"item\":\"https:\/\/bolting.eu\/produkt-kategorie\/industriekletter-ausruestung\/seilschlingen\/\"},{\"@type\":\"ListItem\",\"position\":4,\"name\":\"Edelrid Tech Web Sling 12mm\"}]},{\"@type\":\"WebSite\",\"@id\":\"https:\/\/bolting.eu\/en\/#website\",\"url\":\"https:\/\/bolting.eu\/en\/\",\"name\":\"bolting.eu\",\"description\":\"we make climbs happen\",\"publisher\":{\"@id\":\"https:\/\/bolting.eu\/en\/#organization\"},\"potentialAction\":[{\"@type\":\"SearchAction\",\"target\":{\"@type\":\"EntryPoint\",\"urlTemplate\":\"https:\/\/bolting.eu\/en\/?s={search_term_string}\"},\"query-input\":{\"@type\":\"PropertyValueSpecification\",\"valueRequired\":true,\"valueName\":\"search_term_string\"}}],\"inLanguage\":\"en-US\"},{\"@type\":[\"Organization\",\"Place\",\"SportingGoodsStore\"],\"@id\":\"https:\/\/bolting.eu\/en\/#organization\",\"name\":\"bolting.eu\",\"url\":\"https:\/\/bolting.eu\/en\/\",\"logo\":{\"@id\":\"https:\/\/bolting.eu\/en\/shop\/edelrid-tech-web-sling-12mm\/#local-main-organization-logo\"},\"image\":{\"@id\":\"https:\/\/bolting.eu\/en\/shop\/edelrid-tech-web-sling-12mm\/#local-main-organization-logo\"},\"sameAs\":[\"https:\/\/www.facebook.com\/bolting.eu\",\"https:\/\/www.instagram.com\/bolting.eu\/\"],\"address\":{\"@id\":\"https:\/\/bolting.eu\/en\/shop\/edelrid-tech-web-sling-12mm\/#local-main-place-address\"},\"geo\":{\"@type\":\"GeoCoordinates\",\"latitude\":\"47.264176340396226\",\"longitude\":\"11.380109057672346\"},\"telephone\":[\"+43 699 19083372\"],\"openingHoursSpecification\":[{\"@type\":\"OpeningHoursSpecification\",\"dayOfWeek\":[\"Monday\",\"Wednesday\",\"Friday\"],\"opens\":\"14:00\",\"closes\":\"18:00\"},{\"@type\":\"OpeningHoursSpecification\",\"dayOfWeek\":[\"Tuesday\",\"Thursday\",\"Saturday\",\"Sunday\"],\"opens\":\"00:00\",\"closes\":\"00:00\"}],\"email\":\"office@bolting.eu\",\"vatID\":\"ATU59999728\",\"priceRange\":\"$$\",\"currenciesAccepted\":\"Euro\"},{\"@type\":\"PostalAddress\",\"@id\":\"https:\/\/bolting.eu\/en\/shop\/edelrid-tech-web-sling-12mm\/#local-main-place-address\",\"streetAddress\":\"Fischnalerstra\u00dfe 4\",\"addressLocality\":\"Innsbruck\",\"postalCode\":\"6020\",\"addressRegion\":\"Tirol\",\"addressCountry\":\"AT\"},{\"@type\":\"ImageObject\",\"inLanguage\":\"en-US\",\"@id\":\"https:\/\/bolting.eu\/en\/shop\/edelrid-tech-web-sling-12mm\/#local-main-organization-logo\",\"url\":\"https:\/\/bolting.eu\/wp-content\/uploads\/2019\/09\/bolting-logo.png\",\"contentUrl\":\"https:\/\/bolting.eu\/wp-content\/uploads\/2019\/09\/bolting-logo.png\",\"width\":400,\"height\":211,\"caption\":\"bolting.eu\"}]}<\/script>\n<meta property=\"og:availability\" content=\"instock\" \/>\n<meta property=\"product:availability\" content=\"instock\" \/>\n<meta property=\"product:condition\" content=\"new\" \/>\n<meta name=\"geo.placename\" content=\"Innsbruck\" \/>\n<meta name=\"geo.position\" content=\"47.264176340396226;11.380109057672346\" \/>\n<meta name=\"geo.region\" content=\"Austria\" \/>\n<!-- \/ Yoast SEO Premium plugin. -->","yoast_head_json":{"title":"Edelrid Tech Web Sling 12mm | bolting.eu","description":"Edelrid Tech Web Sling 12mm beim Kletterprofi kaufen \u2705 Trusted Shop \u2705 kostenloser Versand* \u2705 14 Tage R\u00fcckgaberecht \u2705 Co2 neutrale Zustellung","robots":{"index":"index","follow":"follow","max-snippet":"max-snippet:-1","max-image-preview":"max-image-preview:large","max-video-preview":"max-video-preview:-1"},"canonical":"https:\/\/bolting.eu\/en\/shop\/edelrid-tech-web-sling-12mm\/","og_locale":"en_US","og_type":"article","og_title":"Edelrid Tech Web Sling 12mm","og_description":"Edelrid Tech Web Sling 12mm beim Kletterprofi kaufen \u2705 Trusted Shop \u2705 kostenloser Versand* \u2705 14 Tage R\u00fcckgaberecht \u2705 Co2 neutrale Zustellung","og_url":"https:\/\/bolting.eu\/en\/shop\/edelrid-tech-web-sling-12mm\/","og_site_name":"bolting.eu","article_publisher":"https:\/\/www.facebook.com\/bolting.eu","article_modified_time":"2026-03-06T17:26:55+00:00","og_image":[{"width":700,"height":700,"url":"https:\/\/bolting.eu\/wp-content\/uploads\/2024\/10\/Edelrid-Tech-Web-Sling-II-60cm.jpg","type":"image\/jpeg"}],"twitter_card":"summary_large_image","twitter_misc":{"Availability":"In stock"},"schema":{"@context":"https:\/\/schema.org","@graph":[{"@type":["WebPage","ItemPage"],"@id":"https:\/\/bolting.eu\/en\/shop\/edelrid-tech-web-sling-12mm\/","url":"https:\/\/bolting.eu\/en\/shop\/edelrid-tech-web-sling-12mm\/","name":"Edelrid Tech Web Sling 12mm | bolting.eu","isPartOf":{"@id":"https:\/\/bolting.eu\/en\/#website"},"primaryImageOfPage":{"@id":"https:\/\/bolting.eu\/en\/shop\/edelrid-tech-web-sling-12mm\/#primaryimage"},"image":{"@id":"https:\/\/bolting.eu\/en\/shop\/edelrid-tech-web-sling-12mm\/#primaryimage"},"thumbnailUrl":"https:\/\/bolting.eu\/wp-content\/uploads\/2024\/10\/Edelrid-Tech-Web-Sling-II-60cm.jpg","datePublished":"2024-10-15T08:06:06+00:00","dateModified":"2026-03-06T17:26:55+00:00","description":"Edelrid Tech Web Sling 12mm beim Kletterprofi kaufen \u2705 Trusted Shop \u2705 kostenloser Versand* \u2705 14 Tage R\u00fcckgaberecht \u2705 Co2 neutrale Zustellung","breadcrumb":{"@id":"https:\/\/bolting.eu\/en\/shop\/edelrid-tech-web-sling-12mm\/#breadcrumb"},"inLanguage":"en-US","potentialAction":[{"@type":"ReadAction","target":["https:\/\/bolting.eu\/en\/shop\/edelrid-tech-web-sling-12mm\/"]}]},{"@type":"ImageObject","inLanguage":"en-US","@id":"https:\/\/bolting.eu\/en\/shop\/edelrid-tech-web-sling-12mm\/#primaryimage","url":"https:\/\/bolting.eu\/wp-content\/uploads\/2024\/10\/Edelrid-Tech-Web-Sling-II-60cm.jpg","contentUrl":"https:\/\/bolting.eu\/wp-content\/uploads\/2024\/10\/Edelrid-Tech-Web-Sling-II-60cm.jpg","width":700,"height":700,"caption":"Gr\u00fcngelbe Edelrid Tech Web Sling 60cm Seilschlinge im Halbreis ausgelegt. Rechts oben buntes bolting.eu Logo"},{"@type":"BreadcrumbList","@id":"https:\/\/bolting.eu\/en\/shop\/edelrid-tech-web-sling-12mm\/#breadcrumb","itemListElement":[{"@type":"ListItem","position":1,"name":"Shop","item":"https:\/\/bolting.eu\/en\/shop\/"},{"@type":"ListItem","position":2,"name":"Industrial climbing gear","item":"https:\/\/bolting.eu\/en\/produkt-kategorie\/industrial-climbing-gear\/"},{"@type":"ListItem","position":3,"name":"Seilschlingen","item":"https:\/\/bolting.eu\/produkt-kategorie\/industriekletter-ausruestung\/seilschlingen\/"},{"@type":"ListItem","position":4,"name":"Edelrid Tech Web Sling 12mm"}]},{"@type":"WebSite","@id":"https:\/\/bolting.eu\/en\/#website","url":"https:\/\/bolting.eu\/en\/","name":"bolting.eu","description":"we make climbs happen","publisher":{"@id":"https:\/\/bolting.eu\/en\/#organization"},"potentialAction":[{"@type":"SearchAction","target":{"@type":"EntryPoint","urlTemplate":"https:\/\/bolting.eu\/en\/?s={search_term_string}"},"query-input":{"@type":"PropertyValueSpecification","valueRequired":true,"valueName":"search_term_string"}}],"inLanguage":"en-US"},{"@type":["Organization","Place","SportingGoodsStore"],"@id":"https:\/\/bolting.eu\/en\/#organization","name":"bolting.eu","url":"https:\/\/bolting.eu\/en\/","logo":{"@id":"https:\/\/bolting.eu\/en\/shop\/edelrid-tech-web-sling-12mm\/#local-main-organization-logo"},"image":{"@id":"https:\/\/bolting.eu\/en\/shop\/edelrid-tech-web-sling-12mm\/#local-main-organization-logo"},"sameAs":["https:\/\/www.facebook.com\/bolting.eu","https:\/\/www.instagram.com\/bolting.eu\/"],"address":{"@id":"https:\/\/bolting.eu\/en\/shop\/edelrid-tech-web-sling-12mm\/#local-main-place-address"},"geo":{"@type":"GeoCoordinates","latitude":"47.264176340396226","longitude":"11.380109057672346"},"telephone":["+43 699 19083372"],"openingHoursSpecification":[{"@type":"OpeningHoursSpecification","dayOfWeek":["Monday","Wednesday","Friday"],"opens":"14:00","closes":"18:00"},{"@type":"OpeningHoursSpecification","dayOfWeek":["Tuesday","Thursday","Saturday","Sunday"],"opens":"00:00","closes":"00:00"}],"email":"office@bolting.eu","vatID":"ATU59999728","priceRange":"$$","currenciesAccepted":"Euro"},{"@type":"PostalAddress","@id":"https:\/\/bolting.eu\/en\/shop\/edelrid-tech-web-sling-12mm\/#local-main-place-address","streetAddress":"Fischnalerstra\u00dfe 4","addressLocality":"Innsbruck","postalCode":"6020","addressRegion":"Tirol","addressCountry":"AT"},{"@type":"ImageObject","inLanguage":"en-US","@id":"https:\/\/bolting.eu\/en\/shop\/edelrid-tech-web-sling-12mm\/#local-main-organization-logo","url":"https:\/\/bolting.eu\/wp-content\/uploads\/2019\/09\/bolting-logo.png","contentUrl":"https:\/\/bolting.eu\/wp-content\/uploads\/2019\/09\/bolting-logo.png","width":400,"height":211,"caption":"bolting.eu"}]},"og_availability":"instock","product_availability":"instock","product_condition":"new","geo.placename":"Innsbruck","geo.position":{"lat":"47.264176340396226","long":"11.380109057672346"},"geo.region":"Austria"},"_links":{"self":[{"href":"https:\/\/bolting.eu\/en\/wp-json\/wp\/v2\/product\/21553","targetHints":{"allow":["GET"]}}],"collection":[{"href":"https:\/\/bolting.eu\/en\/wp-json\/wp\/v2\/product"}],"about":[{"href":"https:\/\/bolting.eu\/en\/wp-json\/wp\/v2\/types\/product"}],"replies":[{"embeddable":true,"href":"https:\/\/bolting.eu\/en\/wp-json\/wp\/v2\/comments?post=21553"}],"wp:featuredmedia":[{"embeddable":true,"href":"https:\/\/bolting.eu\/en\/wp-json\/wp\/v2\/media\/21563"}],"wp:attachment":[{"href":"https:\/\/bolting.eu\/en\/wp-json\/wp\/v2\/media?parent=21553"}],"wp:term":[{"taxonomy":"product_brand","embeddable":true,"href":"https:\/\/bolting.eu\/en\/wp-json\/wp\/v2\/product_brand?post=21553"},{"taxonomy":"product_cat","embeddable":true,"href":"https:\/\/bolting.eu\/en\/wp-json\/wp\/v2\/product_cat?post=21553"},{"taxonomy":"product_tag","embeddable":true,"href":"https:\/\/bolting.eu\/en\/wp-json\/wp\/v2\/product_tag?post=21553"}],"curies":[{"name":"wp","href":"https:\/\/api.w.org\/{rel}","templated":true}]}}