{"id":21494,"date":"2024-10-11T11:32:10","date_gmt":"2024-10-11T09:32:10","guid":{"rendered":"https:\/\/bolting.eu\/?post_type=product&#038;p=21494"},"modified":"2026-04-16T16:51:49","modified_gmt":"2026-04-16T14:51:49","slug":"8mm-bandschlinge-blue-ice-mission-light","status":"publish","type":"product","link":"https:\/\/bolting.eu\/en\/shop\/8mm-bandschlinge-blue-ice-mission-light\/","title":{"rendered":"8mm Bandschlinge Blue Ice Mission Light"},"content":{"rendered":"<p>Die 8mm Bandschlinge von Blue ist hei\u00dft &#8220;Mission Light&#8221;. Und das aus gutem Grund! Denn diese Rundschlinge ist die perfekte Ultralight-Option f\u00fcr anspruchsvolle Unternehmungen.<\/p>\n<p>Sie erf\u00fcllt alle wichtigen Anforderungen. Erstens hoch-schnittfestes Polyethylen a.k.a. Dyneema. Zweitens eine sehr gute Knotbarkeit. Und drittens das extrem geringe Gewicht.<\/p>\n<p>Kurzum. Wer leichte <a href=\"https:\/\/bolting.eu\/kletterausruestung\/\">Kletterausr\u00fcstung<\/a> bevorzugt, der ist hier richtig!<\/p>\n<h2>Eigenschaften 8mm Bandschlinge Mission Light<\/h2>\n<ul>\n<li>Hersteller: <a href=\"https:\/\/bolting.eu\/produkt-kategorie\/blue-ice\/\">Blue Ice<\/a><\/li>\n<li>Material: UHMWPE (Ultra Light Molecular Weight Polyethylene) a.k.a. Dyneema<\/li>\n<li>L\u00e4ngen (Umf\u00e4nge): 60cm (120cm), 120cm (240cm), 180cm (360cm)<\/li>\n<li>Gewicht: 18 Gramm, 32 Gramm, 48 Gramm<\/li>\n<li>Durchmesser: 8mm<\/li>\n<li>Normen: EN 566, UIAA 104<\/li>\n<li>Bruchlast: 22kN<\/li>\n<li>extrem schnittfest<\/li>\n<li>sehr gut knotbar da angenehm weich<\/li>\n<li>L\u00e4ngen farblich markiert<\/li>\n<li>perfekt f\u00fcr Standplatzbau, Legen um Felsk\u00f6pfe und <a href=\"https:\/\/bolting.eu\/verlaengerbare-expressschlinge\/\">verl\u00e4ngerbare Express<\/a><\/li>\n<li>unsere Empfehlung f\u00fcr leichte Racks und Alpinklettern<\/li>\n<li><a href=\"https:\/\/eu.blueice.com\/de\/products\/mission-light#:~:text=100291%20Mission%20light%20instructions%20WEB\" target=\"_blank\" rel=\"noopener\">Bedienungsanleitung<\/a><\/li>\n<\/ul>\n<h3>Produktvideo<\/h3>\n<p>Im Folgenden stellt Blue Ice die Mission Light nochmals selber vor.<\/p>\n<p><iframe loading=\"lazy\" title=\"BLUE ICE  - MISSION LIGHT\" width=\"1020\" height=\"574\" src=\"https:\/\/www.youtube.com\/embed\/d_szOoCOG2Q?feature=oembed\" frameborder=\"0\" allow=\"accelerometer; autoplay; clipboard-write; encrypted-media; gyroscope; picture-in-picture; web-share\" referrerpolicy=\"strict-origin-when-cross-origin\" allowfullscreen><\/iframe><\/p>\n<h3>Wof\u00fcr 8mm Bandschlinge?<\/h3>\n<p>Die Mission Light wurde von Blue Ice aus einem bestimmten Grund so d\u00fcnn gemacht. N\u00e4mlich f\u00fcr ein ultraleichtes Rack. Wer dazu stimmige Ausr\u00fcstung verwendet, spart sich gleich einmal 2-3kg bei einer Alpinkletterausr\u00fcstung.<\/p>\n<p>Unsere Empfehlung hierzu. <a href=\"https:\/\/bolting.eu\/shop\/black-diamond-camalot-ultralight\/\">BD Ultralight Camalots<\/a>, <a href=\"https:\/\/bolting.eu\/shop\/petzl-ange-finesse\/\">Ange Finesse<\/a> Expresschlingen, <a href=\"https:\/\/bolting.eu\/shop\/petzl-sirocco\/\">Sirocco Helm<\/a>, <a href=\"https:\/\/bolting.eu\/shop\/blue-ice-addax\/\">Addax Klettergurt<\/a> und die <a href=\"https:\/\/bolting.eu\/shop\/edelrid-skimmer-7-1-mm\/\">Edelrid Skimmer<\/a> Halbseile.<\/p>\n<h3>Wo sind die Grenzen dieser Schlinge?<\/h3>\n<p>Es gibt ein paar Dinge die zu beachten sind.<\/p>\n<p>Ein Beispiel. Der Winkel bei Ausgleichsverankerungen ist entscheidend f\u00fcr die Belastung der jeweiligen Fixpunkte.<\/p>\n<p><a href=\"https:\/\/bolting.eu\/wp-content\/uploads\/2024\/10\/Blue-Ice-Mission-Light-8mm-BAndschlinge-3.jpg\"><img loading=\"lazy\" decoding=\"async\" class=\"alignnone wp-image-21501 size-medium\" src=\"https:\/\/bolting.eu\/wp-content\/uploads\/2024\/10\/Blue-Ice-Mission-Light-8mm-BAndschlinge-3-331x400.jpg\" alt=\"Grafik mit drei Beispielen von Belastungs-Verteilung an einem Ausgleichsstand mit der Blue Ice Mission Light Bandschlinge.\" width=\"331\" height=\"400\" srcset=\"https:\/\/bolting.eu\/wp-content\/uploads\/2024\/10\/Blue-Ice-Mission-Light-8mm-BAndschlinge-3-331x400.jpg 331w, https:\/\/bolting.eu\/wp-content\/uploads\/2024\/10\/Blue-Ice-Mission-Light-8mm-BAndschlinge-3-510x617.jpg 510w, https:\/\/bolting.eu\/wp-content\/uploads\/2024\/10\/Blue-Ice-Mission-Light-8mm-BAndschlinge-3-100x121.jpg 100w, https:\/\/bolting.eu\/wp-content\/uploads\/2024\/10\/Blue-Ice-Mission-Light-8mm-BAndschlinge-3.jpg 620w\" sizes=\"auto, (max-width: 331px) 100vw, 331px\" \/><\/a><\/p>\n<p>Weiters ist es nicht egal, wie man die Mission Light \u00fcber eine Felsk\u00f6pfchen legt. Paralleles Legen und das Vorwegnehmen der Belastungsrichtung ist auch entscheidend. D.h. die Schlinge mit kleinem V nach unten platzieren.<\/p>\n<p><a href=\"https:\/\/bolting.eu\/wp-content\/uploads\/2024\/10\/Blue-Ice-Mission-Light-8mm-BAndschlinge-5.jpg\"><img loading=\"lazy\" decoding=\"async\" class=\"alignnone wp-image-21499\" src=\"https:\/\/bolting.eu\/wp-content\/uploads\/2024\/10\/Blue-Ice-Mission-Light-8mm-BAndschlinge-5.jpg\" alt=\"Grafik zur richtigen Verwendung der Blue Ice Mission Bandschlinge mit Klemmkeil und Felskopf.\" width=\"331\" height=\"317\" srcset=\"https:\/\/bolting.eu\/wp-content\/uploads\/2024\/10\/Blue-Ice-Mission-Light-8mm-BAndschlinge-5.jpg 488w, https:\/\/bolting.eu\/wp-content\/uploads\/2024\/10\/Blue-Ice-Mission-Light-8mm-BAndschlinge-5-417x400.jpg 417w, https:\/\/bolting.eu\/wp-content\/uploads\/2024\/10\/Blue-Ice-Mission-Light-8mm-BAndschlinge-5-100x96.jpg 100w\" sizes=\"auto, (max-width: 331px) 100vw, 331px\" \/><\/a><\/p>\n<p>Abschlie\u00dfend noch ein wichtiger Hinweis bei Verwendung als Selbstsicherungsschlinge. Diese 8mm Bandschlinge ist komplett statisch. Ihr m\u00fcsst sie immer gespannt haben.<\/p>\n<p>Ein Sturz in eine auch nur leicht durchh\u00e4ngende Schlinge kann fatale Folgen haben.<\/p>\n<p><a href=\"https:\/\/bolting.eu\/wp-content\/uploads\/2024\/10\/Blue-Ice-Mission-Light-8mm-BAndschlinge-4.jpg\"><img loading=\"lazy\" decoding=\"async\" class=\"alignnone wp-image-21500\" src=\"https:\/\/bolting.eu\/wp-content\/uploads\/2024\/10\/Blue-Ice-Mission-Light-8mm-BAndschlinge-4.jpg\" alt=\"Grafik zur sicheren Verwendung der 8mm Bandschlinge als Selbstsicherung mit richtig und falsch Beispiel.\" width=\"331\" height=\"200\" srcset=\"https:\/\/bolting.eu\/wp-content\/uploads\/2024\/10\/Blue-Ice-Mission-Light-8mm-BAndschlinge-4.jpg 622w, https:\/\/bolting.eu\/wp-content\/uploads\/2024\/10\/Blue-Ice-Mission-Light-8mm-BAndschlinge-4-510x308.jpg 510w, https:\/\/bolting.eu\/wp-content\/uploads\/2024\/10\/Blue-Ice-Mission-Light-8mm-BAndschlinge-4-100x60.jpg 100w\" sizes=\"auto, (max-width: 331px) 100vw, 331px\" \/><\/a><\/p>\n<h3>Wie lange kann ich die Mission Light verwenden?<\/h3>\n<p>Blue Ice gibt die Lagerfrist seiner Schlinge mit 10 Jahren an. D.h. ungebraucht k\u00f6nnt ihr sie also in diesem Zeitraum verwenden.<\/p>\n<p>Die Gebrauchsfrist h\u00e4ngt stark von der Nutzung ab. Je nach Intensit\u00e4t, H\u00e4ufigkeit und UV Einstrahlung kann sie ganz unterschiedlich lang sein.<\/p>\n<p>Ein Beitrag des <a href=\"https:\/\/services.alpenverein.de\/chameleon\/public\/024d1252-e1bc-7a86-81e4-b557080e5661\/Panorama-4-2015-Sicherheitsforschung-Bandschlingen-Gebrauchsdauer_26105.pdf\" target=\"_blank\" rel=\"noopener\">DAV Panorama 4-2015<\/a> stellt klar fest. Bei regelm\u00e4\u00dfigen Gebrauch, sollte man alle 3 Jahre seine Schlingen tauschen.<\/p>\n<p>Wer bei seiner Materialkontrolle eingerissene Stellen findet, muss das Produkt umgehend ausscheiden!<\/p>\n<p>&nbsp;<\/p>\n","protected":false},"excerpt":{"rendered":"<p>Ultraleichte 8mm Bandschlinge aus hochdichtem Polyethylen a.k.a. Dyneema. L\u00e4ngen 60cm, 120cm oder 180cm.<\/p>\n<p>Ideal f\u00fcr\u00b4s Alpinklettern durch geringstes Gewicht bzw. 22 kN Bruchlast.<\/p>\n<p>Versandkostenfrei bis 2kg in\u00a0<img decoding=\"async\" class=\"emoji\" role=\"img\" draggable=\"false\" src=\"https:\/\/s.w.org\/images\/core\/emoji\/14.0.0\/svg\/1f1e6-1f1f9.svg\" alt=\"\ud83c\udde6\ud83c\uddf9\" \/>\u00a0ab \u20ac 100,- und\u00a0<img decoding=\"async\" class=\"emoji\" role=\"img\" draggable=\"false\" src=\"https:\/\/s.w.org\/images\/core\/emoji\/14.0.0\/svg\/1f1e9-1f1ea.svg\" alt=\"\ud83c\udde9\ud83c\uddea\" \/>\u00a0ab \u20ac 200,-!<\/p>\n","protected":false},"featured_media":21506,"comment_status":"closed","ping_status":"closed","template":"","meta":[],"product_brand":[],"product_cat":[7707,14459,29,259],"product_tag":[],"class_list":{"0":"post-21494","1":"product","2":"type-product","3":"status-publish","4":"has-post-thumbnail","6":"product_cat-dyneema-bandschlingen","7":"product_cat-blue-ice","8":"product_cat-kletterausruestung","9":"product_cat-bandschlinge","11":"first","12":"instock","13":"taxable","14":"shipping-taxable","15":"purchasable","16":"product-type-variable"},"yoast_head":"<!-- This site is optimized with the Yoast SEO Premium plugin v26.9 (Yoast SEO v26.9) - https:\/\/yoast.com\/product\/yoast-seo-premium-wordpress\/ -->\n<title>8mm Bandschlinge Blue Ice Mission Light 60cm, 120cm, 180cm | bolting.eu<\/title>\n<meta name=\"description\" content=\"8mm Bandschlinge Blue Ice Mission Light beim Kletterprofi kaufen \u2705 Trusted Shop \u2705 kostenloser Versand* \u2705 14 Tage R\u00fcckgaberecht \u2705 Co2 neutraler Versand\" \/>\n<meta name=\"robots\" content=\"index, follow, max-snippet:-1, max-image-preview:large, max-video-preview:-1\" \/>\n<link rel=\"canonical\" href=\"https:\/\/bolting.eu\/en\/shop\/8mm-bandschlinge-blue-ice-mission-light\/\" \/>\n<meta property=\"og:locale\" content=\"en_US\" \/>\n<meta property=\"og:type\" content=\"article\" \/>\n<meta property=\"og:title\" content=\"8mm Bandschlinge Blue Ice Mission Light\" \/>\n<meta property=\"og:description\" content=\"8mm Bandschlinge Blue Ice Mission Light beim Kletterprofi kaufen \u2705 Trusted Shop \u2705 kostenloser Versand* \u2705 14 Tage R\u00fcckgaberecht \u2705 Co2 neutraler Versand\" \/>\n<meta property=\"og:url\" content=\"https:\/\/bolting.eu\/en\/shop\/8mm-bandschlinge-blue-ice-mission-light\/\" \/>\n<meta property=\"og:site_name\" content=\"bolting.eu\" \/>\n<meta property=\"article:publisher\" content=\"https:\/\/www.facebook.com\/bolting.eu\" \/>\n<meta property=\"article:modified_time\" content=\"2026-04-16T14:51:49+00:00\" \/>\n<meta property=\"og:image\" content=\"https:\/\/bolting.eu\/wp-content\/uploads\/2024\/10\/Blue-Ice-Mission-Light-8mm-BAndschlinge-1.jpg\" \/>\n\t<meta property=\"og:image:width\" content=\"700\" \/>\n\t<meta property=\"og:image:height\" content=\"700\" \/>\n\t<meta property=\"og:image:type\" content=\"image\/jpeg\" \/>\n<meta name=\"twitter:card\" content=\"summary_large_image\" \/>\n<meta name=\"twitter:label1\" content=\"Availability\" \/>\n\t<meta name=\"twitter:data1\" content=\"In stock\" \/>\n<script type=\"application\/ld+json\" class=\"yoast-schema-graph\">{\"@context\":\"https:\/\/schema.org\",\"@graph\":[{\"@type\":[\"WebPage\",\"ItemPage\"],\"@id\":\"https:\/\/bolting.eu\/en\/shop\/8mm-bandschlinge-blue-ice-mission-light\/\",\"url\":\"https:\/\/bolting.eu\/en\/shop\/8mm-bandschlinge-blue-ice-mission-light\/\",\"name\":\"8mm Bandschlinge Blue Ice Mission Light 60cm, 120cm, 180cm | bolting.eu\",\"isPartOf\":{\"@id\":\"https:\/\/bolting.eu\/en\/#website\"},\"primaryImageOfPage\":{\"@id\":\"https:\/\/bolting.eu\/en\/shop\/8mm-bandschlinge-blue-ice-mission-light\/#primaryimage\"},\"image\":{\"@id\":\"https:\/\/bolting.eu\/en\/shop\/8mm-bandschlinge-blue-ice-mission-light\/#primaryimage\"},\"thumbnailUrl\":\"https:\/\/bolting.eu\/wp-content\/uploads\/2024\/10\/Blue-Ice-Mission-Light-8mm-BAndschlinge-1.jpg\",\"datePublished\":\"2024-10-11T09:32:10+00:00\",\"dateModified\":\"2026-04-16T14:51:49+00:00\",\"description\":\"8mm Bandschlinge Blue Ice Mission Light beim Kletterprofi kaufen \u2705 Trusted Shop \u2705 kostenloser Versand* \u2705 14 Tage R\u00fcckgaberecht \u2705 Co2 neutraler Versand\",\"breadcrumb\":{\"@id\":\"https:\/\/bolting.eu\/en\/shop\/8mm-bandschlinge-blue-ice-mission-light\/#breadcrumb\"},\"inLanguage\":\"en-US\",\"potentialAction\":[{\"@type\":\"ReadAction\",\"target\":[\"https:\/\/bolting.eu\/en\/shop\/8mm-bandschlinge-blue-ice-mission-light\/\"]}]},{\"@type\":\"ImageObject\",\"inLanguage\":\"en-US\",\"@id\":\"https:\/\/bolting.eu\/en\/shop\/8mm-bandschlinge-blue-ice-mission-light\/#primaryimage\",\"url\":\"https:\/\/bolting.eu\/wp-content\/uploads\/2024\/10\/Blue-Ice-Mission-Light-8mm-BAndschlinge-1.jpg\",\"contentUrl\":\"https:\/\/bolting.eu\/wp-content\/uploads\/2024\/10\/Blue-Ice-Mission-Light-8mm-BAndschlinge-1.jpg\",\"width\":700,\"height\":700,\"caption\":\"Drei Blue Ice Mission Light 8mm Bandschlingen in Farben hellgrau, rot und beige zusammengerollt. Rechts oben buntes bolting.eu Logo.\"},{\"@type\":\"BreadcrumbList\",\"@id\":\"https:\/\/bolting.eu\/en\/shop\/8mm-bandschlinge-blue-ice-mission-light\/#breadcrumb\",\"itemListElement\":[{\"@type\":\"ListItem\",\"position\":1,\"name\":\"Shop\",\"item\":\"https:\/\/bolting.eu\/en\/shop\/\"},{\"@type\":\"ListItem\",\"position\":2,\"name\":\"climbing equipment\",\"item\":\"https:\/\/bolting.eu\/en\/produkt-kategorie\/climbing-equipment\/\"},{\"@type\":\"ListItem\",\"position\":3,\"name\":\"Bandschlinge\",\"item\":\"https:\/\/bolting.eu\/produkt-kategorie\/kletterausruestung\/bandschlinge\/\"},{\"@type\":\"ListItem\",\"position\":4,\"name\":\"Dyneema Bandschlingen\",\"item\":\"https:\/\/bolting.eu\/produkt-kategorie\/kletterausruestung\/bandschlinge\/dyneema-bandschlingen\/\"},{\"@type\":\"ListItem\",\"position\":5,\"name\":\"8mm Bandschlinge Blue Ice Mission Light\"}]},{\"@type\":\"WebSite\",\"@id\":\"https:\/\/bolting.eu\/en\/#website\",\"url\":\"https:\/\/bolting.eu\/en\/\",\"name\":\"bolting.eu\",\"description\":\"we make climbs happen\",\"publisher\":{\"@id\":\"https:\/\/bolting.eu\/en\/#organization\"},\"potentialAction\":[{\"@type\":\"SearchAction\",\"target\":{\"@type\":\"EntryPoint\",\"urlTemplate\":\"https:\/\/bolting.eu\/en\/?s={search_term_string}\"},\"query-input\":{\"@type\":\"PropertyValueSpecification\",\"valueRequired\":true,\"valueName\":\"search_term_string\"}}],\"inLanguage\":\"en-US\"},{\"@type\":[\"Organization\",\"Place\",\"SportingGoodsStore\"],\"@id\":\"https:\/\/bolting.eu\/en\/#organization\",\"name\":\"bolting.eu\",\"url\":\"https:\/\/bolting.eu\/en\/\",\"logo\":{\"@id\":\"https:\/\/bolting.eu\/en\/shop\/8mm-bandschlinge-blue-ice-mission-light\/#local-main-organization-logo\"},\"image\":{\"@id\":\"https:\/\/bolting.eu\/en\/shop\/8mm-bandschlinge-blue-ice-mission-light\/#local-main-organization-logo\"},\"sameAs\":[\"https:\/\/www.facebook.com\/bolting.eu\",\"https:\/\/www.instagram.com\/bolting.eu\/\"],\"address\":{\"@id\":\"https:\/\/bolting.eu\/en\/shop\/8mm-bandschlinge-blue-ice-mission-light\/#local-main-place-address\"},\"geo\":{\"@type\":\"GeoCoordinates\",\"latitude\":\"47.264176340396226\",\"longitude\":\"11.380109057672346\"},\"telephone\":[\"+43 699 19083372\"],\"openingHoursSpecification\":[{\"@type\":\"OpeningHoursSpecification\",\"dayOfWeek\":[\"Monday\",\"Wednesday\",\"Friday\"],\"opens\":\"14:00\",\"closes\":\"18:00\"},{\"@type\":\"OpeningHoursSpecification\",\"dayOfWeek\":[\"Tuesday\",\"Thursday\",\"Saturday\",\"Sunday\"],\"opens\":\"00:00\",\"closes\":\"00:00\"}],\"email\":\"office@bolting.eu\",\"vatID\":\"ATU59999728\",\"priceRange\":\"$$\",\"currenciesAccepted\":\"Euro\"},{\"@type\":\"PostalAddress\",\"@id\":\"https:\/\/bolting.eu\/en\/shop\/8mm-bandschlinge-blue-ice-mission-light\/#local-main-place-address\",\"streetAddress\":\"Fischnalerstra\u00dfe 4\",\"addressLocality\":\"Innsbruck\",\"postalCode\":\"6020\",\"addressRegion\":\"Tirol\",\"addressCountry\":\"AT\"},{\"@type\":\"ImageObject\",\"inLanguage\":\"en-US\",\"@id\":\"https:\/\/bolting.eu\/en\/shop\/8mm-bandschlinge-blue-ice-mission-light\/#local-main-organization-logo\",\"url\":\"https:\/\/bolting.eu\/wp-content\/uploads\/2019\/09\/bolting-logo.png\",\"contentUrl\":\"https:\/\/bolting.eu\/wp-content\/uploads\/2019\/09\/bolting-logo.png\",\"width\":400,\"height\":211,\"caption\":\"bolting.eu\"}]}<\/script>\n<meta property=\"og:video\" content=\"https:\/\/www.youtube.com\/embed\/d_szOoCOG2Q\" \/>\n<meta property=\"og:video:type\" content=\"text\/html\" \/>\n<meta property=\"og:video:duration\" content=\"89\" \/>\n<meta property=\"og:video:width\" content=\"480\" \/>\n<meta property=\"og:video:height\" content=\"270\" \/>\n<meta property=\"ya:ovs:adult\" content=\"false\" \/>\n<meta property=\"ya:ovs:upload_date\" content=\"2024-10-11T09:32:10+00:00\" \/>\n<meta property=\"ya:ovs:allow_embed\" content=\"true\" \/>\n<meta property=\"og:availability\" content=\"instock\" \/>\n<meta property=\"product:availability\" content=\"instock\" \/>\n<meta property=\"product:condition\" content=\"new\" \/>\n<meta name=\"geo.placename\" content=\"Innsbruck\" \/>\n<meta name=\"geo.position\" content=\"47.264176340396226;11.380109057672346\" \/>\n<meta name=\"geo.region\" content=\"Austria\" \/>\n<!-- \/ Yoast SEO Premium plugin. -->","yoast_head_json":{"title":"8mm Bandschlinge Blue Ice Mission Light 60cm, 120cm, 180cm | bolting.eu","description":"8mm Bandschlinge Blue Ice Mission Light beim Kletterprofi kaufen \u2705 Trusted Shop \u2705 kostenloser Versand* \u2705 14 Tage R\u00fcckgaberecht \u2705 Co2 neutraler Versand","robots":{"index":"index","follow":"follow","max-snippet":"max-snippet:-1","max-image-preview":"max-image-preview:large","max-video-preview":"max-video-preview:-1"},"canonical":"https:\/\/bolting.eu\/en\/shop\/8mm-bandschlinge-blue-ice-mission-light\/","og_locale":"en_US","og_type":"article","og_title":"8mm Bandschlinge Blue Ice Mission Light","og_description":"8mm Bandschlinge Blue Ice Mission Light beim Kletterprofi kaufen \u2705 Trusted Shop \u2705 kostenloser Versand* \u2705 14 Tage R\u00fcckgaberecht \u2705 Co2 neutraler Versand","og_url":"https:\/\/bolting.eu\/en\/shop\/8mm-bandschlinge-blue-ice-mission-light\/","og_site_name":"bolting.eu","article_publisher":"https:\/\/www.facebook.com\/bolting.eu","article_modified_time":"2026-04-16T14:51:49+00:00","og_image":[{"width":700,"height":700,"url":"https:\/\/bolting.eu\/wp-content\/uploads\/2024\/10\/Blue-Ice-Mission-Light-8mm-BAndschlinge-1.jpg","type":"image\/jpeg"}],"twitter_card":"summary_large_image","twitter_misc":{"Availability":"In stock"},"schema":{"@context":"https:\/\/schema.org","@graph":[{"@type":["WebPage","ItemPage"],"@id":"https:\/\/bolting.eu\/en\/shop\/8mm-bandschlinge-blue-ice-mission-light\/","url":"https:\/\/bolting.eu\/en\/shop\/8mm-bandschlinge-blue-ice-mission-light\/","name":"8mm Bandschlinge Blue Ice Mission Light 60cm, 120cm, 180cm | bolting.eu","isPartOf":{"@id":"https:\/\/bolting.eu\/en\/#website"},"primaryImageOfPage":{"@id":"https:\/\/bolting.eu\/en\/shop\/8mm-bandschlinge-blue-ice-mission-light\/#primaryimage"},"image":{"@id":"https:\/\/bolting.eu\/en\/shop\/8mm-bandschlinge-blue-ice-mission-light\/#primaryimage"},"thumbnailUrl":"https:\/\/bolting.eu\/wp-content\/uploads\/2024\/10\/Blue-Ice-Mission-Light-8mm-BAndschlinge-1.jpg","datePublished":"2024-10-11T09:32:10+00:00","dateModified":"2026-04-16T14:51:49+00:00","description":"8mm Bandschlinge Blue Ice Mission Light beim Kletterprofi kaufen \u2705 Trusted Shop \u2705 kostenloser Versand* \u2705 14 Tage R\u00fcckgaberecht \u2705 Co2 neutraler Versand","breadcrumb":{"@id":"https:\/\/bolting.eu\/en\/shop\/8mm-bandschlinge-blue-ice-mission-light\/#breadcrumb"},"inLanguage":"en-US","potentialAction":[{"@type":"ReadAction","target":["https:\/\/bolting.eu\/en\/shop\/8mm-bandschlinge-blue-ice-mission-light\/"]}]},{"@type":"ImageObject","inLanguage":"en-US","@id":"https:\/\/bolting.eu\/en\/shop\/8mm-bandschlinge-blue-ice-mission-light\/#primaryimage","url":"https:\/\/bolting.eu\/wp-content\/uploads\/2024\/10\/Blue-Ice-Mission-Light-8mm-BAndschlinge-1.jpg","contentUrl":"https:\/\/bolting.eu\/wp-content\/uploads\/2024\/10\/Blue-Ice-Mission-Light-8mm-BAndschlinge-1.jpg","width":700,"height":700,"caption":"Drei Blue Ice Mission Light 8mm Bandschlingen in Farben hellgrau, rot und beige zusammengerollt. Rechts oben buntes bolting.eu Logo."},{"@type":"BreadcrumbList","@id":"https:\/\/bolting.eu\/en\/shop\/8mm-bandschlinge-blue-ice-mission-light\/#breadcrumb","itemListElement":[{"@type":"ListItem","position":1,"name":"Shop","item":"https:\/\/bolting.eu\/en\/shop\/"},{"@type":"ListItem","position":2,"name":"climbing equipment","item":"https:\/\/bolting.eu\/en\/produkt-kategorie\/climbing-equipment\/"},{"@type":"ListItem","position":3,"name":"Bandschlinge","item":"https:\/\/bolting.eu\/produkt-kategorie\/kletterausruestung\/bandschlinge\/"},{"@type":"ListItem","position":4,"name":"Dyneema Bandschlingen","item":"https:\/\/bolting.eu\/produkt-kategorie\/kletterausruestung\/bandschlinge\/dyneema-bandschlingen\/"},{"@type":"ListItem","position":5,"name":"8mm Bandschlinge Blue Ice Mission Light"}]},{"@type":"WebSite","@id":"https:\/\/bolting.eu\/en\/#website","url":"https:\/\/bolting.eu\/en\/","name":"bolting.eu","description":"we make climbs happen","publisher":{"@id":"https:\/\/bolting.eu\/en\/#organization"},"potentialAction":[{"@type":"SearchAction","target":{"@type":"EntryPoint","urlTemplate":"https:\/\/bolting.eu\/en\/?s={search_term_string}"},"query-input":{"@type":"PropertyValueSpecification","valueRequired":true,"valueName":"search_term_string"}}],"inLanguage":"en-US"},{"@type":["Organization","Place","SportingGoodsStore"],"@id":"https:\/\/bolting.eu\/en\/#organization","name":"bolting.eu","url":"https:\/\/bolting.eu\/en\/","logo":{"@id":"https:\/\/bolting.eu\/en\/shop\/8mm-bandschlinge-blue-ice-mission-light\/#local-main-organization-logo"},"image":{"@id":"https:\/\/bolting.eu\/en\/shop\/8mm-bandschlinge-blue-ice-mission-light\/#local-main-organization-logo"},"sameAs":["https:\/\/www.facebook.com\/bolting.eu","https:\/\/www.instagram.com\/bolting.eu\/"],"address":{"@id":"https:\/\/bolting.eu\/en\/shop\/8mm-bandschlinge-blue-ice-mission-light\/#local-main-place-address"},"geo":{"@type":"GeoCoordinates","latitude":"47.264176340396226","longitude":"11.380109057672346"},"telephone":["+43 699 19083372"],"openingHoursSpecification":[{"@type":"OpeningHoursSpecification","dayOfWeek":["Monday","Wednesday","Friday"],"opens":"14:00","closes":"18:00"},{"@type":"OpeningHoursSpecification","dayOfWeek":["Tuesday","Thursday","Saturday","Sunday"],"opens":"00:00","closes":"00:00"}],"email":"office@bolting.eu","vatID":"ATU59999728","priceRange":"$$","currenciesAccepted":"Euro"},{"@type":"PostalAddress","@id":"https:\/\/bolting.eu\/en\/shop\/8mm-bandschlinge-blue-ice-mission-light\/#local-main-place-address","streetAddress":"Fischnalerstra\u00dfe 4","addressLocality":"Innsbruck","postalCode":"6020","addressRegion":"Tirol","addressCountry":"AT"},{"@type":"ImageObject","inLanguage":"en-US","@id":"https:\/\/bolting.eu\/en\/shop\/8mm-bandschlinge-blue-ice-mission-light\/#local-main-organization-logo","url":"https:\/\/bolting.eu\/wp-content\/uploads\/2019\/09\/bolting-logo.png","contentUrl":"https:\/\/bolting.eu\/wp-content\/uploads\/2019\/09\/bolting-logo.png","width":400,"height":211,"caption":"bolting.eu"}]},"og_video":"https:\/\/www.youtube.com\/embed\/d_szOoCOG2Q","og_video_type":"text\/html","og_video_duration":"89","og_video_width":"480","og_video_height":"270","ya_ovs_adult":"false","ya_ovs_upload_date":"2024-10-11T09:32:10+00:00","ya_ovs_allow_embed":"true","og_availability":"instock","product_availability":"instock","product_condition":"new","geo.placename":"Innsbruck","geo.position":{"lat":"47.264176340396226","long":"11.380109057672346"},"geo.region":"Austria"},"_links":{"self":[{"href":"https:\/\/bolting.eu\/en\/wp-json\/wp\/v2\/product\/21494","targetHints":{"allow":["GET"]}}],"collection":[{"href":"https:\/\/bolting.eu\/en\/wp-json\/wp\/v2\/product"}],"about":[{"href":"https:\/\/bolting.eu\/en\/wp-json\/wp\/v2\/types\/product"}],"replies":[{"embeddable":true,"href":"https:\/\/bolting.eu\/en\/wp-json\/wp\/v2\/comments?post=21494"}],"wp:featuredmedia":[{"embeddable":true,"href":"https:\/\/bolting.eu\/en\/wp-json\/wp\/v2\/media\/21506"}],"wp:attachment":[{"href":"https:\/\/bolting.eu\/en\/wp-json\/wp\/v2\/media?parent=21494"}],"wp:term":[{"taxonomy":"product_brand","embeddable":true,"href":"https:\/\/bolting.eu\/en\/wp-json\/wp\/v2\/product_brand?post=21494"},{"taxonomy":"product_cat","embeddable":true,"href":"https:\/\/bolting.eu\/en\/wp-json\/wp\/v2\/product_cat?post=21494"},{"taxonomy":"product_tag","embeddable":true,"href":"https:\/\/bolting.eu\/en\/wp-json\/wp\/v2\/product_tag?post=21494"}],"curies":[{"name":"wp","href":"https:\/\/api.w.org\/{rel}","templated":true}]}}