{"id":21452,"date":"2024-10-04T11:10:04","date_gmt":"2024-10-04T09:10:04","guid":{"rendered":"https:\/\/bolting.eu\/?post_type=product&#038;p=21452"},"modified":"2025-03-05T15:23:01","modified_gmt":"2025-03-05T14:23:01","slug":"black-diamond-hydra-ice-tool","status":"publish","type":"product","link":"https:\/\/bolting.eu\/en\/shop\/black-diamond-hydra-ice-tool\/","title":{"rendered":"Black Diamond Hydra Ice Tool"},"content":{"rendered":"<p>Die neuen Black Diamond Hydra Eiger\u00e4te sind endlich da! Drei Jahre hat die BD Crew mit Ingenieuren, Athleten und der Produktion get\u00fcftelt. Nun ist das fantastische Ergebnis auch bei uns im Shop erh\u00e4ltlich.<\/p>\n<p>Ein modulares Eisger\u00e4t f\u00fcr\u00b4s Eisklettern, Alpinklettern, Mixed Klettern und Drytooling. Hierf\u00fcr wurde der Schaft mit einem neuartigen Kopf aus Aluminium versehen. Das erm\u00f6glicht die Anpassung an alle Disziplinen mit austauschbaren Komponenten. Dieses nennt sich I.C.E. System.<\/p>\n<p>Erstens unterschiedliche, geschmiedete <a href=\"https:\/\/bolting.eu\/produkt-kategorie\/bergsteiger-ausruestung\/hauen-fuer-eisgeraete\/\">Eishauen<\/a>. Zweitens verschiedene Hammer Aufs\u00e4tze. Und drittens unterschiedliche Zusatzgewichte aus Wolfram sowie Griff Abstandshalter und Sporne.<\/p>\n<p>Fazit. Endlich st\u00f6\u00dft BD damit wieder in die High End Bereich bei den Eisger\u00e4ten!<\/p>\n<h3>Eigenschaften Hydra Ice Tools<\/h3>\n<ul>\n<li>Hersteller: <a href=\"https:\/\/bolting.eu\/produkt-kategorie\/black-diamond\/\">Black Diamond<\/a><\/li>\n<li>Material: Stahl, Alu, Polyamid, Polymer, Wolfram<\/li>\n<li>Gewicht: 610 Gramm<\/li>\n<li>Schaft L\u00e4nge: 50cm<\/li>\n<li>modulares Eisger\u00e4t f\u00fcr alle Alpindisziplinen dank I.C.E. System<\/li>\n<li>optimierte Schaft Geometrie f\u00fcr das Klettern im Steileis bzw. Mixed Routen<\/li>\n<li>ultrasteifer, hydrogeformter Schaft<\/li>\n<li>f\u00fcr einfache Befestigung am IceClipper direkt am <a href=\"https:\/\/bolting.eu\/produkt-kategorie\/kletterausruestung\/klettergurte\/\">Klettergurt<\/a><\/li>\n<li>optimierte Griff Geometrie &#8211; die 1. und 2. Griff Position in steilen Routen ist somit super stabil<\/li>\n<li>modulare Kopfgewichte erm\u00f6glichen Anpassung der Eindringtiefe der Hauen<\/li>\n<li>kompatibel mit allen Hauen des I.C.E. Systems (Alpin, Mixed, Ice, Dry)<\/li>\n<li>alle Hauen haben eigene W\u00e4rmebehandlung f\u00fcr noch mehr Widerstandskraft<\/li>\n<li>im Lieferumfang 1 St\u00fcck<\/li>\n<li>Produkt besteht aus: Schaft, Griff, I.C.E Pick, I.C.E Light Head Spacer, I.C.E Heavy Head Spacer, I.C.E Micro Spike, I.C.E Grip Spacer, 4mm\/5mm Sechskantschl\u00fcssel<\/li>\n<li>Bedienungsanleitung<\/li>\n<li>Made in Taiwan<\/li>\n<\/ul>\n<h3>Produktvideo<\/h3>\n<p>Im Folgenden stellt Black Diamond das Hydra nochmals ausf\u00fchrlich selber vor.<\/p>\n<p><iframe loading=\"lazy\" title=\"Introducing the Hydra Ice Tool: The Many-Headed Beast\" width=\"1020\" height=\"574\" src=\"https:\/\/www.youtube.com\/embed\/CsPzDso9tSE?feature=oembed\" frameborder=\"0\" allow=\"accelerometer; autoplay; clipboard-write; encrypted-media; gyroscope; picture-in-picture; web-share\" referrerpolicy=\"strict-origin-when-cross-origin\" allowfullscreen><\/iframe><\/p>\n<h3>Modulares I.C.E. System<\/h3>\n<p>Mit dem Hydra Eisger\u00e4t f\u00fchrt Black Diamond endlich auch ein komplett modulares System ein. Das ICE System. D.h. alle Hauen und <a href=\"https:\/\/bolting.eu\/produkt-kategorie\/bergsteiger-ausruestung\/zubehoer-eispickel-eisgeraete\/\">Eisger\u00e4te Ersatzteile<\/a> bei diesem Produkt k\u00f6nnen beliebig getauscht werden.<\/p>\n<ul>\n<li>Eishauen ((Alpin, Mixed, Ice, Dry)<\/li>\n<li>Hammer &amp; Schaufel Aufs\u00e4tze (<a href=\"https:\/\/bolting.eu\/shop\/black-diamond-micro-hammer\/\">Micro Hammer<\/a>,\u00a0 <a href=\"https:\/\/bolting.eu\/shop\/black-diamond-ice-alpine-hammer\/\">Alpine Hammer<\/a>, <a href=\"https:\/\/bolting.eu\/shop\/black-diamond-ice-adze\/\">Adze Schaufel<\/a>)<\/li>\n<li>Zusatzgewichte (Light Head Spacer, Heavy Head Spacer)<\/li>\n<li><a href=\"https:\/\/bolting.eu\/shop\/black-diamond-ice-grip-spacer\/\">Grip Spacer<\/a> (zum Verl\u00e4ngern des Griffes bei gro\u00dfen H\u00e4nden)<\/li>\n<li>Dorne (<a href=\"https:\/\/bolting.eu\/shop\/black-diamond-ice-micro-spike\/\">Micro Spike<\/a>, <a href=\"https:\/\/bolting.eu\/shop\/black-diamond-ice-alpine-spike\/\">Alpine Spike<\/a>)<\/li>\n<li>Ersatz Schrauben (<a href=\"https:\/\/bolting.eu\/shop\/black-diamond-ice-pommel-bolt\/\">Pommel Bolt<\/a>, <a href=\"https:\/\/bolting.eu\/shop\/black-diamond-ice-head-bolts\/\">Head Bolts<\/a>)<\/li>\n<\/ul>\n<p>So k\u00f6nnt ihr euer Eisger\u00e4t individuell anpassen:<\/p>\n<p><iframe loading=\"lazy\" title=\"HOW TO: Set Up the Hydra Ice Tool\" width=\"1020\" height=\"574\" src=\"https:\/\/www.youtube.com\/embed\/Ij9K23bQi04?feature=oembed\" frameborder=\"0\" allow=\"accelerometer; autoplay; clipboard-write; encrypted-media; gyroscope; picture-in-picture; web-share\" referrerpolicy=\"strict-origin-when-cross-origin\" allowfullscreen><\/iframe><\/p>\n<h3>Pflegehinweise Black Diamond Hydra Ice Tool<\/h3>\n<p>Dieses Eisger\u00e4t und viele Komponenten bestehen aus Stahl bzw. Alu. D.h. es ist wie z.B. auch eure <a href=\"https:\/\/bolting.eu\/produkt-kategorie\/bergsteiger-ausruestung\/eisschrauben\/\">Eisschrauben<\/a> oder <a href=\"https:\/\/bolting.eu\/produkt-kategorie\/bergsteiger-ausruestung\/steigeisen\/\">Steigeisen<\/a> Korrosion ausgesetzt. Oder anders gesagt: es kann rosten!<\/p>\n<p>Wir geben euch im Folgenden ein paar Tipps, wie ihr das verhindern k\u00f6nnt. Somit werdet ihr lange eine Freude mit eurer neuen Ausr\u00fcstung haben.<\/p>\n<ul>\n<li>nach Gebrauch immer ordentlich trocknen<\/li>\n<li>bei Verschmutzung nur mit lauwarmen Wasser waschen und niemals Putzmittel verwenden!<\/li>\n<li>immer bei Zimmertemperatur und trocken lagern<\/li>\n<li>lagernd die Eishauen und Wechselkomponeten am besten in einer Steigeisentasche wie der <a href=\"https:\/\/bolting.eu\/shop\/black-diamond-crampon-bag\/\">Crampon Bag<\/a><\/li>\n<\/ul>\n","protected":false},"excerpt":{"rendered":"<p>Komplett modulares Eisger\u00e4t f\u00fcr\u00b4s Eis-, Mixed-, Alpinklettern und Dry Tooling. DAS neue High End Ger\u00e4t von Black Diamond.<\/p>\n<p>Versandkostenfrei bis 2kg in\u00a0<img decoding=\"async\" class=\"emoji\" role=\"img\" draggable=\"false\" src=\"https:\/\/s.w.org\/images\/core\/emoji\/14.0.0\/svg\/1f1e6-1f1f9.svg\" alt=\"\ud83c\udde6\ud83c\uddf9\" \/>\u00a0ab \u20ac 100,- und\u00a0<img decoding=\"async\" class=\"emoji\" role=\"img\" draggable=\"false\" src=\"https:\/\/s.w.org\/images\/core\/emoji\/14.0.0\/svg\/1f1e9-1f1ea.svg\" alt=\"\ud83c\udde9\ud83c\uddea\" \/>\u00a0ab \u20ac 200,-!<\/p>\n","protected":false},"featured_media":21455,"comment_status":"closed","ping_status":"closed","template":"","meta":[],"product_brand":[],"product_cat":[4658,13938,14282],"product_tag":[],"class_list":{"0":"post-21452","1":"product","2":"type-product","3":"status-publish","4":"has-post-thumbnail","6":"product_cat-black-diamond","7":"product_cat-bergsteiger-ausruestung","8":"product_cat-eisgeraete","10":"first","11":"instock","12":"sale","13":"taxable","14":"shipping-taxable","15":"purchasable","16":"product-type-simple"},"yoast_head":"<!-- This site is optimized with the Yoast SEO Premium plugin v26.9 (Yoast SEO v26.9) - https:\/\/yoast.com\/product\/yoast-seo-premium-wordpress\/ -->\n<title>Black Diamond Hydra Ice Tool - modulares Eisger\u00e4t | bolting.eu<\/title>\n<meta name=\"description\" content=\"Black Diamond Hydra Ice Tool beim Kletter Hardware Profi kaufen \u2705 Trusted Shop \u2705 kostenloser Versand* \u2705 14 Tage R\u00fcckgaberecht \u2705 Co2 neutrale Zustellung\" \/>\n<meta name=\"robots\" content=\"index, follow, max-snippet:-1, max-image-preview:large, max-video-preview:-1\" \/>\n<link rel=\"canonical\" href=\"https:\/\/bolting.eu\/en\/shop\/black-diamond-hydra-ice-tool\/\" \/>\n<meta property=\"og:locale\" content=\"en_US\" \/>\n<meta property=\"og:type\" content=\"article\" \/>\n<meta property=\"og:title\" content=\"Black Diamond Hydra Ice Tool\" \/>\n<meta property=\"og:description\" content=\"Black Diamond Hydra Ice Tool beim Kletter Hardware Profi kaufen \u2705 Trusted Shop \u2705 kostenloser Versand* \u2705 14 Tage R\u00fcckgaberecht \u2705 Co2 neutrale Zustellung\" \/>\n<meta property=\"og:url\" content=\"https:\/\/bolting.eu\/en\/shop\/black-diamond-hydra-ice-tool\/\" \/>\n<meta property=\"og:site_name\" content=\"bolting.eu\" \/>\n<meta property=\"article:publisher\" content=\"https:\/\/www.facebook.com\/bolting.eu\" \/>\n<meta property=\"article:modified_time\" content=\"2025-03-05T14:23:01+00:00\" \/>\n<meta property=\"og:image\" content=\"https:\/\/bolting.eu\/wp-content\/uploads\/2024\/10\/Black-Diamond-Hydra-Ice-Tool-5.jpg\" \/>\n\t<meta property=\"og:image:width\" content=\"700\" \/>\n\t<meta property=\"og:image:height\" content=\"700\" \/>\n\t<meta property=\"og:image:type\" content=\"image\/jpeg\" \/>\n<meta name=\"twitter:card\" content=\"summary_large_image\" \/>\n<meta name=\"twitter:label1\" content=\"Price\" \/>\n\t<meta name=\"twitter:data1\" content=\"&euro;&nbsp;285,00\" \/>\n\t<meta name=\"twitter:label2\" content=\"Availability\" \/>\n\t<meta name=\"twitter:data2\" content=\"In stock\" \/>\n<script type=\"application\/ld+json\" class=\"yoast-schema-graph\">{\"@context\":\"https:\/\/schema.org\",\"@graph\":[{\"@type\":[\"WebPage\",\"ItemPage\"],\"@id\":\"https:\/\/bolting.eu\/en\/shop\/black-diamond-hydra-ice-tool\/\",\"url\":\"https:\/\/bolting.eu\/en\/shop\/black-diamond-hydra-ice-tool\/\",\"name\":\"Black Diamond Hydra Ice Tool - modulares Eisger\u00e4t | bolting.eu\",\"isPartOf\":{\"@id\":\"https:\/\/bolting.eu\/en\/#website\"},\"primaryImageOfPage\":{\"@id\":\"https:\/\/bolting.eu\/en\/shop\/black-diamond-hydra-ice-tool\/#primaryimage\"},\"image\":{\"@id\":\"https:\/\/bolting.eu\/en\/shop\/black-diamond-hydra-ice-tool\/#primaryimage\"},\"thumbnailUrl\":\"https:\/\/bolting.eu\/wp-content\/uploads\/2024\/10\/Black-Diamond-Hydra-Ice-Tool-5.jpg\",\"datePublished\":\"2024-10-04T09:10:04+00:00\",\"dateModified\":\"2025-03-05T14:23:01+00:00\",\"description\":\"Black Diamond Hydra Ice Tool beim Kletter Hardware Profi kaufen \u2705 Trusted Shop \u2705 kostenloser Versand* \u2705 14 Tage R\u00fcckgaberecht \u2705 Co2 neutrale Zustellung\",\"breadcrumb\":{\"@id\":\"https:\/\/bolting.eu\/en\/shop\/black-diamond-hydra-ice-tool\/#breadcrumb\"},\"inLanguage\":\"en-US\",\"potentialAction\":[{\"@type\":\"ReadAction\",\"target\":[\"https:\/\/bolting.eu\/en\/shop\/black-diamond-hydra-ice-tool\/\"]}]},{\"@type\":\"ImageObject\",\"inLanguage\":\"en-US\",\"@id\":\"https:\/\/bolting.eu\/en\/shop\/black-diamond-hydra-ice-tool\/#primaryimage\",\"url\":\"https:\/\/bolting.eu\/wp-content\/uploads\/2024\/10\/Black-Diamond-Hydra-Ice-Tool-5.jpg\",\"contentUrl\":\"https:\/\/bolting.eu\/wp-content\/uploads\/2024\/10\/Black-Diamond-Hydra-Ice-Tool-5.jpg\",\"width\":700,\"height\":700,\"caption\":\"Schwarz gr\u00fcnes Black Diamond Hydra Ice Tool mit Haue nach rechts. Rechts oben buntes bolting.eu Logo.\"},{\"@type\":\"BreadcrumbList\",\"@id\":\"https:\/\/bolting.eu\/en\/shop\/black-diamond-hydra-ice-tool\/#breadcrumb\",\"itemListElement\":[{\"@type\":\"ListItem\",\"position\":1,\"name\":\"Shop\",\"item\":\"https:\/\/bolting.eu\/en\/shop\/\"},{\"@type\":\"ListItem\",\"position\":2,\"name\":\"Bergsteiger Ausr\u00fcstung\",\"item\":\"https:\/\/bolting.eu\/produkt-kategorie\/bergsteiger-ausruestung\/\"},{\"@type\":\"ListItem\",\"position\":3,\"name\":\"Eisger\u00e4te\",\"item\":\"https:\/\/bolting.eu\/produkt-kategorie\/bergsteiger-ausruestung\/eisgeraete\/\"},{\"@type\":\"ListItem\",\"position\":4,\"name\":\"Black Diamond Hydra Ice Tool\"}]},{\"@type\":\"WebSite\",\"@id\":\"https:\/\/bolting.eu\/en\/#website\",\"url\":\"https:\/\/bolting.eu\/en\/\",\"name\":\"bolting.eu\",\"description\":\"we make climbs happen\",\"publisher\":{\"@id\":\"https:\/\/bolting.eu\/en\/#organization\"},\"potentialAction\":[{\"@type\":\"SearchAction\",\"target\":{\"@type\":\"EntryPoint\",\"urlTemplate\":\"https:\/\/bolting.eu\/en\/?s={search_term_string}\"},\"query-input\":{\"@type\":\"PropertyValueSpecification\",\"valueRequired\":true,\"valueName\":\"search_term_string\"}}],\"inLanguage\":\"en-US\"},{\"@type\":[\"Organization\",\"Place\",\"SportingGoodsStore\"],\"@id\":\"https:\/\/bolting.eu\/en\/#organization\",\"name\":\"bolting.eu\",\"url\":\"https:\/\/bolting.eu\/en\/\",\"logo\":{\"@id\":\"https:\/\/bolting.eu\/en\/shop\/black-diamond-hydra-ice-tool\/#local-main-organization-logo\"},\"image\":{\"@id\":\"https:\/\/bolting.eu\/en\/shop\/black-diamond-hydra-ice-tool\/#local-main-organization-logo\"},\"sameAs\":[\"https:\/\/www.facebook.com\/bolting.eu\",\"https:\/\/www.instagram.com\/bolting.eu\/\"],\"address\":{\"@id\":\"https:\/\/bolting.eu\/en\/shop\/black-diamond-hydra-ice-tool\/#local-main-place-address\"},\"geo\":{\"@type\":\"GeoCoordinates\",\"latitude\":\"47.264176340396226\",\"longitude\":\"11.380109057672346\"},\"telephone\":[\"+43 699 19083372\"],\"openingHoursSpecification\":[{\"@type\":\"OpeningHoursSpecification\",\"dayOfWeek\":[\"Monday\",\"Wednesday\",\"Friday\"],\"opens\":\"14:00\",\"closes\":\"18:00\"},{\"@type\":\"OpeningHoursSpecification\",\"dayOfWeek\":[\"Tuesday\",\"Thursday\",\"Saturday\",\"Sunday\"],\"opens\":\"00:00\",\"closes\":\"00:00\"}],\"email\":\"office@bolting.eu\",\"vatID\":\"ATU59999728\",\"priceRange\":\"$$\",\"currenciesAccepted\":\"Euro\"},{\"@type\":\"PostalAddress\",\"@id\":\"https:\/\/bolting.eu\/en\/shop\/black-diamond-hydra-ice-tool\/#local-main-place-address\",\"streetAddress\":\"Fischnalerstra\u00dfe 4\",\"addressLocality\":\"Innsbruck\",\"postalCode\":\"6020\",\"addressRegion\":\"Tirol\",\"addressCountry\":\"AT\"},{\"@type\":\"ImageObject\",\"inLanguage\":\"en-US\",\"@id\":\"https:\/\/bolting.eu\/en\/shop\/black-diamond-hydra-ice-tool\/#local-main-organization-logo\",\"url\":\"https:\/\/bolting.eu\/wp-content\/uploads\/2019\/09\/bolting-logo.png\",\"contentUrl\":\"https:\/\/bolting.eu\/wp-content\/uploads\/2019\/09\/bolting-logo.png\",\"width\":400,\"height\":211,\"caption\":\"bolting.eu\"}]}<\/script>\n<meta property=\"og:video\" content=\"https:\/\/www.youtube.com\/embed\/CsPzDso9tSE\" \/>\n<meta property=\"og:video:type\" content=\"text\/html\" \/>\n<meta property=\"og:video:duration\" content=\"382\" \/>\n<meta property=\"og:video:width\" content=\"480\" \/>\n<meta property=\"og:video:height\" content=\"270\" \/>\n<meta property=\"ya:ovs:adult\" content=\"false\" \/>\n<meta property=\"ya:ovs:upload_date\" content=\"2024-10-04T09:10:04+00:00\" \/>\n<meta property=\"ya:ovs:allow_embed\" content=\"true\" \/>\n<meta property=\"product:price:amount\" content=\"285.00\" \/>\n<meta property=\"product:price:currency\" content=\"EUR\" \/>\n<meta property=\"og:availability\" content=\"instock\" \/>\n<meta property=\"product:availability\" content=\"instock\" \/>\n<meta property=\"product:retailer_item_id\" content=\"BD4120520000ALL1\" \/>\n<meta property=\"product:condition\" content=\"new\" \/>\n<meta name=\"geo.placename\" content=\"Innsbruck\" \/>\n<meta name=\"geo.position\" content=\"47.264176340396226;11.380109057672346\" \/>\n<meta name=\"geo.region\" content=\"Austria\" \/>\n<!-- \/ Yoast SEO Premium plugin. -->","yoast_head_json":{"title":"Black Diamond Hydra Ice Tool - modulares Eisger\u00e4t | bolting.eu","description":"Black Diamond Hydra Ice Tool beim Kletter Hardware Profi kaufen \u2705 Trusted Shop \u2705 kostenloser Versand* \u2705 14 Tage R\u00fcckgaberecht \u2705 Co2 neutrale Zustellung","robots":{"index":"index","follow":"follow","max-snippet":"max-snippet:-1","max-image-preview":"max-image-preview:large","max-video-preview":"max-video-preview:-1"},"canonical":"https:\/\/bolting.eu\/en\/shop\/black-diamond-hydra-ice-tool\/","og_locale":"en_US","og_type":"article","og_title":"Black Diamond Hydra Ice Tool","og_description":"Black Diamond Hydra Ice Tool beim Kletter Hardware Profi kaufen \u2705 Trusted Shop \u2705 kostenloser Versand* \u2705 14 Tage R\u00fcckgaberecht \u2705 Co2 neutrale Zustellung","og_url":"https:\/\/bolting.eu\/en\/shop\/black-diamond-hydra-ice-tool\/","og_site_name":"bolting.eu","article_publisher":"https:\/\/www.facebook.com\/bolting.eu","article_modified_time":"2025-03-05T14:23:01+00:00","og_image":[{"width":700,"height":700,"url":"https:\/\/bolting.eu\/wp-content\/uploads\/2024\/10\/Black-Diamond-Hydra-Ice-Tool-5.jpg","type":"image\/jpeg"}],"twitter_card":"summary_large_image","twitter_misc":{"Price":"&euro;&nbsp;285,00","Availability":"In stock"},"schema":{"@context":"https:\/\/schema.org","@graph":[{"@type":["WebPage","ItemPage"],"@id":"https:\/\/bolting.eu\/en\/shop\/black-diamond-hydra-ice-tool\/","url":"https:\/\/bolting.eu\/en\/shop\/black-diamond-hydra-ice-tool\/","name":"Black Diamond Hydra Ice Tool - modulares Eisger\u00e4t | bolting.eu","isPartOf":{"@id":"https:\/\/bolting.eu\/en\/#website"},"primaryImageOfPage":{"@id":"https:\/\/bolting.eu\/en\/shop\/black-diamond-hydra-ice-tool\/#primaryimage"},"image":{"@id":"https:\/\/bolting.eu\/en\/shop\/black-diamond-hydra-ice-tool\/#primaryimage"},"thumbnailUrl":"https:\/\/bolting.eu\/wp-content\/uploads\/2024\/10\/Black-Diamond-Hydra-Ice-Tool-5.jpg","datePublished":"2024-10-04T09:10:04+00:00","dateModified":"2025-03-05T14:23:01+00:00","description":"Black Diamond Hydra Ice Tool beim Kletter Hardware Profi kaufen \u2705 Trusted Shop \u2705 kostenloser Versand* \u2705 14 Tage R\u00fcckgaberecht \u2705 Co2 neutrale Zustellung","breadcrumb":{"@id":"https:\/\/bolting.eu\/en\/shop\/black-diamond-hydra-ice-tool\/#breadcrumb"},"inLanguage":"en-US","potentialAction":[{"@type":"ReadAction","target":["https:\/\/bolting.eu\/en\/shop\/black-diamond-hydra-ice-tool\/"]}]},{"@type":"ImageObject","inLanguage":"en-US","@id":"https:\/\/bolting.eu\/en\/shop\/black-diamond-hydra-ice-tool\/#primaryimage","url":"https:\/\/bolting.eu\/wp-content\/uploads\/2024\/10\/Black-Diamond-Hydra-Ice-Tool-5.jpg","contentUrl":"https:\/\/bolting.eu\/wp-content\/uploads\/2024\/10\/Black-Diamond-Hydra-Ice-Tool-5.jpg","width":700,"height":700,"caption":"Schwarz gr\u00fcnes Black Diamond Hydra Ice Tool mit Haue nach rechts. Rechts oben buntes bolting.eu Logo."},{"@type":"BreadcrumbList","@id":"https:\/\/bolting.eu\/en\/shop\/black-diamond-hydra-ice-tool\/#breadcrumb","itemListElement":[{"@type":"ListItem","position":1,"name":"Shop","item":"https:\/\/bolting.eu\/en\/shop\/"},{"@type":"ListItem","position":2,"name":"Bergsteiger Ausr\u00fcstung","item":"https:\/\/bolting.eu\/produkt-kategorie\/bergsteiger-ausruestung\/"},{"@type":"ListItem","position":3,"name":"Eisger\u00e4te","item":"https:\/\/bolting.eu\/produkt-kategorie\/bergsteiger-ausruestung\/eisgeraete\/"},{"@type":"ListItem","position":4,"name":"Black Diamond Hydra Ice Tool"}]},{"@type":"WebSite","@id":"https:\/\/bolting.eu\/en\/#website","url":"https:\/\/bolting.eu\/en\/","name":"bolting.eu","description":"we make climbs happen","publisher":{"@id":"https:\/\/bolting.eu\/en\/#organization"},"potentialAction":[{"@type":"SearchAction","target":{"@type":"EntryPoint","urlTemplate":"https:\/\/bolting.eu\/en\/?s={search_term_string}"},"query-input":{"@type":"PropertyValueSpecification","valueRequired":true,"valueName":"search_term_string"}}],"inLanguage":"en-US"},{"@type":["Organization","Place","SportingGoodsStore"],"@id":"https:\/\/bolting.eu\/en\/#organization","name":"bolting.eu","url":"https:\/\/bolting.eu\/en\/","logo":{"@id":"https:\/\/bolting.eu\/en\/shop\/black-diamond-hydra-ice-tool\/#local-main-organization-logo"},"image":{"@id":"https:\/\/bolting.eu\/en\/shop\/black-diamond-hydra-ice-tool\/#local-main-organization-logo"},"sameAs":["https:\/\/www.facebook.com\/bolting.eu","https:\/\/www.instagram.com\/bolting.eu\/"],"address":{"@id":"https:\/\/bolting.eu\/en\/shop\/black-diamond-hydra-ice-tool\/#local-main-place-address"},"geo":{"@type":"GeoCoordinates","latitude":"47.264176340396226","longitude":"11.380109057672346"},"telephone":["+43 699 19083372"],"openingHoursSpecification":[{"@type":"OpeningHoursSpecification","dayOfWeek":["Monday","Wednesday","Friday"],"opens":"14:00","closes":"18:00"},{"@type":"OpeningHoursSpecification","dayOfWeek":["Tuesday","Thursday","Saturday","Sunday"],"opens":"00:00","closes":"00:00"}],"email":"office@bolting.eu","vatID":"ATU59999728","priceRange":"$$","currenciesAccepted":"Euro"},{"@type":"PostalAddress","@id":"https:\/\/bolting.eu\/en\/shop\/black-diamond-hydra-ice-tool\/#local-main-place-address","streetAddress":"Fischnalerstra\u00dfe 4","addressLocality":"Innsbruck","postalCode":"6020","addressRegion":"Tirol","addressCountry":"AT"},{"@type":"ImageObject","inLanguage":"en-US","@id":"https:\/\/bolting.eu\/en\/shop\/black-diamond-hydra-ice-tool\/#local-main-organization-logo","url":"https:\/\/bolting.eu\/wp-content\/uploads\/2019\/09\/bolting-logo.png","contentUrl":"https:\/\/bolting.eu\/wp-content\/uploads\/2019\/09\/bolting-logo.png","width":400,"height":211,"caption":"bolting.eu"}]},"og_video":"https:\/\/www.youtube.com\/embed\/CsPzDso9tSE","og_video_type":"text\/html","og_video_duration":"382","og_video_width":"480","og_video_height":"270","ya_ovs_adult":"false","ya_ovs_upload_date":"2024-10-04T09:10:04+00:00","ya_ovs_allow_embed":"true","product_price_amount":"285.00","product_price_currency":"EUR","og_availability":"instock","product_availability":"instock","product_retailer_item_id":"BD4120520000ALL1","product_condition":"new","geo.placename":"Innsbruck","geo.position":{"lat":"47.264176340396226","long":"11.380109057672346"},"geo.region":"Austria"},"_links":{"self":[{"href":"https:\/\/bolting.eu\/en\/wp-json\/wp\/v2\/product\/21452","targetHints":{"allow":["GET"]}}],"collection":[{"href":"https:\/\/bolting.eu\/en\/wp-json\/wp\/v2\/product"}],"about":[{"href":"https:\/\/bolting.eu\/en\/wp-json\/wp\/v2\/types\/product"}],"replies":[{"embeddable":true,"href":"https:\/\/bolting.eu\/en\/wp-json\/wp\/v2\/comments?post=21452"}],"wp:featuredmedia":[{"embeddable":true,"href":"https:\/\/bolting.eu\/en\/wp-json\/wp\/v2\/media\/21455"}],"wp:attachment":[{"href":"https:\/\/bolting.eu\/en\/wp-json\/wp\/v2\/media?parent=21452"}],"wp:term":[{"taxonomy":"product_brand","embeddable":true,"href":"https:\/\/bolting.eu\/en\/wp-json\/wp\/v2\/product_brand?post=21452"},{"taxonomy":"product_cat","embeddable":true,"href":"https:\/\/bolting.eu\/en\/wp-json\/wp\/v2\/product_cat?post=21452"},{"taxonomy":"product_tag","embeddable":true,"href":"https:\/\/bolting.eu\/en\/wp-json\/wp\/v2\/product_tag?post=21452"}],"curies":[{"name":"wp","href":"https:\/\/api.w.org\/{rel}","templated":true}]}}