{"id":21414,"date":"2024-10-02T14:07:31","date_gmt":"2024-10-02T12:07:31","guid":{"rendered":"https:\/\/bolting.eu\/?post_type=product&#038;p=21414"},"modified":"2026-03-20T18:48:05","modified_gmt":"2026-03-20T17:48:05","slug":"blue-ice-harfang-alpine","status":"publish","type":"product","link":"https:\/\/bolting.eu\/en\/shop\/blue-ice-harfang-alpine\/","title":{"rendered":"Blue Ice Harfang Alpine"},"content":{"rendered":"<p>Das Blue Ice Harfang Alpine ist eines der modernsten Steigeisen am Markt. Denn es hat den revolution\u00e4ren Mittelsteg aus hochdichtem Polyethylen.<\/p>\n<p>Ein Material der modernen <a href=\"https:\/\/bolting.eu\/produkt-kategorie\/kletterausruestung\/bandschlinge\/\">Bandschlingen<\/a> Generation wie z.B. <a href=\"https:\/\/bolting.eu\/shop\/petzl-puranneau-bandschlinge\/\">Petzl Pur\u00b4Anneau<\/a>.<\/p>\n<p>Somit ist hier zum einen das Packma\u00df extrem gering.Und zum anderen lassen sich die Steigeisen super schnell anpassen.<\/p>\n<p>Weiters sind die Zacken perfekt geschmiedet. Und abschlie\u00dfend wird dieses Modell mit Automatic-Bindung geliefert. Als <a href=\"https:\/\/bolting.eu\/produkt-kategorie\/bergsteiger-ausruestung\/steigeisen-ersatzteile-zubehoer\/\">Steigeisen Zubeh\u00f6r<\/a> kommen auch die Frontb\u00fcgel zum Umbau auf Semi-Automatic.<\/p>\n<p>Der italienische Edelschmiede hat hier wirklich ganze Arbeit geleistet.<\/p>\n<p>Ein tolles Allround Steigeisen f\u00fcr Hochtouren, Bergsteigen und leichtes Eisklettern.<\/p>\n<h2>Eigenschaften Harfang Alpine<\/h2>\n<ul>\n<li>Hersteller: <a href=\"https:\/\/bolting.eu\/produkt-kategorie\/blue-ice\/\">Blue Ice<\/a><\/li>\n<li>Material: Chromstahl geh\u00e4rtet, HDMPE, Polyamid<\/li>\n<li>Gewicht: 571 Gramm (623 Gramm mit Antistollplatten)<\/li>\n<li>f\u00fcr Schuhgr\u00f6\u00dfen: EU 35 &#8211; 47<\/li>\n<li>Normen: EN 893<\/li>\n<li>super kleines Packma\u00df dank textilem Mittelsteg aus HDPE<\/li>\n<li>Kipphebel mit Micro Verstellm\u00f6glichkeit<\/li>\n<li>wird mit Automatic Bindung (<strong>Compact Toe Bail vorne<\/strong>) ausgeliefert<\/li>\n<li>Zehenb\u00fcgel f\u00fcr Umbau auf Semi-Automatic inkludiert<\/li>\n<li>drei Fixierm\u00f6glichkeiten f\u00fcr Frontb\u00fcgel<\/li>\n<li>inklusive vormontierten Antistollenplatten (ABS AntiBottSystem)<\/li>\n<li>Standard Toe Bail &#8211; Frontb\u00fcgel f\u00fcr Skitourenschuhe <strong>optional<\/strong> erh\u00e4ltlich<\/li>\n<li><a href=\"https:\/\/eu.blueice.com\/de\/products\/harfang-alpine#:~:text=100263%2DHarfang%2Dinstructions%2Dweb.pdf\" target=\"_blank\" rel=\"noopener\">Bedienungsanleitung<\/a><\/li>\n<\/ul>\n<h3>Produktvideo<\/h3>\n<p><iframe loading=\"lazy\" title=\"BLUE ICE - HARFANG ALPINE\" width=\"1020\" height=\"574\" src=\"https:\/\/www.youtube.com\/embed\/bND7Jhzruy0?feature=oembed\" frameborder=\"0\" allow=\"accelerometer; autoplay; clipboard-write; encrypted-media; gyroscope; picture-in-picture; web-share\" referrerpolicy=\"strict-origin-when-cross-origin\" allowfullscreen><\/iframe><\/p>\n<h3>Kompatibilit\u00e4t Frontb\u00fcgel<\/h3>\n<p>Beachtet. Das Harfang Alpine von Blue Ice wird mit dem <strong>Compact Toe Bail ausgeliefert<\/strong>. D.h. einem Frontb\u00fcgel f\u00fcr Bergschuhe mit Sohlenrand.<\/p>\n<p>Im Lieferumfang ist dann auch noch der <strong>Toe Basket automatisch dabei<\/strong>.<\/p>\n<p>F\u00fcr Skitourenschuhe braucht ihr den optionalen Standard Toe Bail.<\/p>\n<p><a href=\"https:\/\/bolting.eu\/wp-content\/uploads\/2024\/10\/Blue-Ice-Steigeisen-Kompatibiliaet-Frontbuegel.jpg\"><img loading=\"lazy\" decoding=\"async\" class=\"alignnone wp-image-21417 size-full\" src=\"https:\/\/bolting.eu\/wp-content\/uploads\/2024\/10\/Blue-Ice-Steigeisen-Kompatibiliaet-Frontbuegel.jpg\" alt=\"Grafik zur Kompatibilit\u00e4t von Frontb\u00fcgeln und Fersenb\u00fcgeln der Blue Ice Harfang Steigeisen mit Bergschuh Typen.\" width=\"700\" height=\"700\" srcset=\"https:\/\/bolting.eu\/wp-content\/uploads\/2024\/10\/Blue-Ice-Steigeisen-Kompatibiliaet-Frontbuegel.jpg 700w, https:\/\/bolting.eu\/wp-content\/uploads\/2024\/10\/Blue-Ice-Steigeisen-Kompatibiliaet-Frontbuegel-400x400.jpg 400w, https:\/\/bolting.eu\/wp-content\/uploads\/2024\/10\/Blue-Ice-Steigeisen-Kompatibiliaet-Frontbuegel-280x280.jpg 280w, https:\/\/bolting.eu\/wp-content\/uploads\/2024\/10\/Blue-Ice-Steigeisen-Kompatibiliaet-Frontbuegel-247x247.jpg 247w, https:\/\/bolting.eu\/wp-content\/uploads\/2024\/10\/Blue-Ice-Steigeisen-Kompatibiliaet-Frontbuegel-510x510.jpg 510w, https:\/\/bolting.eu\/wp-content\/uploads\/2024\/10\/Blue-Ice-Steigeisen-Kompatibiliaet-Frontbuegel-100x100.jpg 100w\" sizes=\"auto, (max-width: 700px) 100vw, 700px\" \/><\/a><\/p>\n<h3>Pflegehinweise Harfang Alpine<\/h3>\n<p>Dieses Steigeisen von Blue Ice besteht aus Chromstahl. So wie z.B. bei <a href=\"https:\/\/bolting.eu\/produkt-kategorie\/bergsteiger-ausruestung\/eisschrauben\/\">Eisschrauben<\/a> oder <a href=\"https:\/\/bolting.eu\/produkt-kategorie\/bergsteiger-ausruestung\/eisgeraete\/\">Eisger\u00e4te<\/a> kann Stahl rosten.<\/p>\n<p>Damit das nicht passiert, geben wir euch ein paar einfache Pflege Tipps:<\/p>\n<ul>\n<li>nach Gebrauch immer trocknen<\/li>\n<li>bei Verunreinigung mit lauwarmen Wasser absp\u00fclen &#8211; niemals Putzmittel verwenden<\/li>\n<li>immer trocken und bei Zimmertemperatur ausgepackt lagern<\/li>\n<li>den textilen Verbindungssteg ggf. mit <a href=\"https:\/\/bolting.eu\/shop\/beal-seilwaschmittel-rope-cleaner\/\">Seilwaschmittel<\/a> per Hand waschen<\/li>\n<\/ul>\n","protected":false},"excerpt":{"rendered":"<p>Innovatives 12 Zack Steigeisen mit textilem Mittelsteg. Dadurch sehr kleines Packma\u00df und sehr leicht f\u00fcr ein Modell aus Stahl.<\/p>\n<p>Ideal f\u00fcr Hochtouren und zum traditionellen Bergsteigen.<\/p>\n<p>Versandkostenfrei bis 2kg in\u00a0<img decoding=\"async\" class=\"emoji\" role=\"img\" draggable=\"false\" src=\"https:\/\/s.w.org\/images\/core\/emoji\/14.0.0\/svg\/1f1e6-1f1f9.svg\" alt=\"\ud83c\udde6\ud83c\uddf9\" \/>\u00a0ab \u20ac 100,- und\u00a0<img decoding=\"async\" class=\"emoji\" role=\"img\" draggable=\"false\" src=\"https:\/\/s.w.org\/images\/core\/emoji\/14.0.0\/svg\/1f1e9-1f1ea.svg\" alt=\"\ud83c\udde9\ud83c\uddea\" \/>\u00a0ab \u20ac 200,-!<\/p>\n","protected":false},"featured_media":21420,"comment_status":"closed","ping_status":"closed","template":"","meta":[],"product_brand":[],"product_cat":[14459,13938,14288],"product_tag":[],"class_list":{"0":"post-21414","1":"product","2":"type-product","3":"status-publish","4":"has-post-thumbnail","6":"product_cat-blue-ice","7":"product_cat-bergsteiger-ausruestung","8":"product_cat-steigeisen","10":"first","11":"instock","12":"sale","13":"taxable","14":"shipping-taxable","15":"purchasable","16":"product-type-simple"},"yoast_head":"<!-- This site is optimized with the Yoast SEO Premium plugin v26.9 (Yoast SEO v26.9) - https:\/\/yoast.com\/product\/yoast-seo-premium-wordpress\/ -->\n<title>Blue Ice Harfang Alpine 12-Zack Steigeisen | bolting.eu<\/title>\n<meta name=\"description\" content=\"Blue Ice Harfang Alpine Steigeisen beim Kletterprofi kaufen \u2705 Trusted Shop \u2705 kostenloser Versand* \u2705 14 Tage R\u00fcckgaberecht \u2705 Co2 neutrale Zustellung\" \/>\n<meta name=\"robots\" content=\"index, follow, max-snippet:-1, max-image-preview:large, max-video-preview:-1\" \/>\n<link rel=\"canonical\" href=\"https:\/\/bolting.eu\/en\/shop\/blue-ice-harfang-alpine\/\" \/>\n<meta property=\"og:locale\" content=\"en_US\" \/>\n<meta property=\"og:type\" content=\"article\" \/>\n<meta property=\"og:title\" content=\"Blue Ice Harfang Alpine\" \/>\n<meta property=\"og:description\" content=\"Blue Ice Harfang Alpine Steigeisen beim Kletterprofi kaufen \u2705 Trusted Shop \u2705 kostenloser Versand* \u2705 14 Tage R\u00fcckgaberecht \u2705 Co2 neutrale Zustellung\" \/>\n<meta property=\"og:url\" content=\"https:\/\/bolting.eu\/en\/shop\/blue-ice-harfang-alpine\/\" \/>\n<meta property=\"og:site_name\" content=\"bolting.eu\" \/>\n<meta property=\"article:publisher\" content=\"https:\/\/www.facebook.com\/bolting.eu\" \/>\n<meta property=\"article:modified_time\" content=\"2026-03-20T17:48:05+00:00\" \/>\n<meta property=\"og:image\" content=\"https:\/\/bolting.eu\/wp-content\/uploads\/2024\/10\/Blue-Ice-HArfang-Alpine-1.jpg\" \/>\n\t<meta property=\"og:image:width\" content=\"700\" \/>\n\t<meta property=\"og:image:height\" content=\"700\" \/>\n\t<meta property=\"og:image:type\" content=\"image\/jpeg\" \/>\n<meta name=\"twitter:card\" content=\"summary_large_image\" \/>\n<meta name=\"twitter:label1\" content=\"Price\" \/>\n\t<meta name=\"twitter:data1\" content=\"&euro;&nbsp;152,00\" \/>\n\t<meta name=\"twitter:label2\" content=\"Availability\" \/>\n\t<meta name=\"twitter:data2\" content=\"In stock\" \/>\n<script type=\"application\/ld+json\" class=\"yoast-schema-graph\">{\"@context\":\"https:\/\/schema.org\",\"@graph\":[{\"@type\":[\"WebPage\",\"ItemPage\"],\"@id\":\"https:\/\/bolting.eu\/en\/shop\/blue-ice-harfang-alpine\/\",\"url\":\"https:\/\/bolting.eu\/en\/shop\/blue-ice-harfang-alpine\/\",\"name\":\"Blue Ice Harfang Alpine 12-Zack Steigeisen | bolting.eu\",\"isPartOf\":{\"@id\":\"https:\/\/bolting.eu\/en\/#website\"},\"primaryImageOfPage\":{\"@id\":\"https:\/\/bolting.eu\/en\/shop\/blue-ice-harfang-alpine\/#primaryimage\"},\"image\":{\"@id\":\"https:\/\/bolting.eu\/en\/shop\/blue-ice-harfang-alpine\/#primaryimage\"},\"thumbnailUrl\":\"https:\/\/bolting.eu\/wp-content\/uploads\/2024\/10\/Blue-Ice-HArfang-Alpine-1.jpg\",\"datePublished\":\"2024-10-02T12:07:31+00:00\",\"dateModified\":\"2026-03-20T17:48:05+00:00\",\"description\":\"Blue Ice Harfang Alpine Steigeisen beim Kletterprofi kaufen \u2705 Trusted Shop \u2705 kostenloser Versand* \u2705 14 Tage R\u00fcckgaberecht \u2705 Co2 neutrale Zustellung\",\"breadcrumb\":{\"@id\":\"https:\/\/bolting.eu\/en\/shop\/blue-ice-harfang-alpine\/#breadcrumb\"},\"inLanguage\":\"en-US\",\"potentialAction\":[{\"@type\":\"ReadAction\",\"target\":[\"https:\/\/bolting.eu\/en\/shop\/blue-ice-harfang-alpine\/\"]}]},{\"@type\":\"ImageObject\",\"inLanguage\":\"en-US\",\"@id\":\"https:\/\/bolting.eu\/en\/shop\/blue-ice-harfang-alpine\/#primaryimage\",\"url\":\"https:\/\/bolting.eu\/wp-content\/uploads\/2024\/10\/Blue-Ice-HArfang-Alpine-1.jpg\",\"contentUrl\":\"https:\/\/bolting.eu\/wp-content\/uploads\/2024\/10\/Blue-Ice-HArfang-Alpine-1.jpg\",\"width\":700,\"height\":700,\"caption\":\"Blau-schwarzes Blue Ice HArfang Alpine Steigeisen mit wei\u00dfem Textilsteg schr\u00e4g im Bild. Rechts oben buntes bolting.eu Logo.\"},{\"@type\":\"BreadcrumbList\",\"@id\":\"https:\/\/bolting.eu\/en\/shop\/blue-ice-harfang-alpine\/#breadcrumb\",\"itemListElement\":[{\"@type\":\"ListItem\",\"position\":1,\"name\":\"Shop\",\"item\":\"https:\/\/bolting.eu\/en\/shop\/\"},{\"@type\":\"ListItem\",\"position\":2,\"name\":\"Bergsteiger Ausr\u00fcstung\",\"item\":\"https:\/\/bolting.eu\/produkt-kategorie\/bergsteiger-ausruestung\/\"},{\"@type\":\"ListItem\",\"position\":3,\"name\":\"Steigeisen\",\"item\":\"https:\/\/bolting.eu\/produkt-kategorie\/bergsteiger-ausruestung\/steigeisen\/\"},{\"@type\":\"ListItem\",\"position\":4,\"name\":\"Blue Ice Harfang Alpine\"}]},{\"@type\":\"WebSite\",\"@id\":\"https:\/\/bolting.eu\/en\/#website\",\"url\":\"https:\/\/bolting.eu\/en\/\",\"name\":\"bolting.eu\",\"description\":\"we make climbs happen\",\"publisher\":{\"@id\":\"https:\/\/bolting.eu\/en\/#organization\"},\"potentialAction\":[{\"@type\":\"SearchAction\",\"target\":{\"@type\":\"EntryPoint\",\"urlTemplate\":\"https:\/\/bolting.eu\/en\/?s={search_term_string}\"},\"query-input\":{\"@type\":\"PropertyValueSpecification\",\"valueRequired\":true,\"valueName\":\"search_term_string\"}}],\"inLanguage\":\"en-US\"},{\"@type\":[\"Organization\",\"Place\",\"SportingGoodsStore\"],\"@id\":\"https:\/\/bolting.eu\/en\/#organization\",\"name\":\"bolting.eu\",\"url\":\"https:\/\/bolting.eu\/en\/\",\"logo\":{\"@id\":\"https:\/\/bolting.eu\/en\/shop\/blue-ice-harfang-alpine\/#local-main-organization-logo\"},\"image\":{\"@id\":\"https:\/\/bolting.eu\/en\/shop\/blue-ice-harfang-alpine\/#local-main-organization-logo\"},\"sameAs\":[\"https:\/\/www.facebook.com\/bolting.eu\",\"https:\/\/www.instagram.com\/bolting.eu\/\"],\"address\":{\"@id\":\"https:\/\/bolting.eu\/en\/shop\/blue-ice-harfang-alpine\/#local-main-place-address\"},\"geo\":{\"@type\":\"GeoCoordinates\",\"latitude\":\"47.264176340396226\",\"longitude\":\"11.380109057672346\"},\"telephone\":[\"+43 699 19083372\"],\"openingHoursSpecification\":[{\"@type\":\"OpeningHoursSpecification\",\"dayOfWeek\":[\"Monday\",\"Wednesday\",\"Friday\"],\"opens\":\"14:00\",\"closes\":\"18:00\"},{\"@type\":\"OpeningHoursSpecification\",\"dayOfWeek\":[\"Tuesday\",\"Thursday\",\"Saturday\",\"Sunday\"],\"opens\":\"00:00\",\"closes\":\"00:00\"}],\"email\":\"office@bolting.eu\",\"vatID\":\"ATU59999728\",\"priceRange\":\"$$\",\"currenciesAccepted\":\"Euro\"},{\"@type\":\"PostalAddress\",\"@id\":\"https:\/\/bolting.eu\/en\/shop\/blue-ice-harfang-alpine\/#local-main-place-address\",\"streetAddress\":\"Fischnalerstra\u00dfe 4\",\"addressLocality\":\"Innsbruck\",\"postalCode\":\"6020\",\"addressRegion\":\"Tirol\",\"addressCountry\":\"AT\"},{\"@type\":\"ImageObject\",\"inLanguage\":\"en-US\",\"@id\":\"https:\/\/bolting.eu\/en\/shop\/blue-ice-harfang-alpine\/#local-main-organization-logo\",\"url\":\"https:\/\/bolting.eu\/wp-content\/uploads\/2019\/09\/bolting-logo.png\",\"contentUrl\":\"https:\/\/bolting.eu\/wp-content\/uploads\/2019\/09\/bolting-logo.png\",\"width\":400,\"height\":211,\"caption\":\"bolting.eu\"}]}<\/script>\n<meta property=\"og:video\" content=\"https:\/\/www.youtube.com\/embed\/bND7Jhzruy0\" \/>\n<meta property=\"og:video:type\" content=\"text\/html\" \/>\n<meta property=\"og:video:duration\" content=\"223\" \/>\n<meta property=\"og:video:width\" content=\"480\" \/>\n<meta property=\"og:video:height\" content=\"270\" \/>\n<meta property=\"ya:ovs:adult\" content=\"false\" \/>\n<meta property=\"ya:ovs:upload_date\" content=\"2024-10-02T12:07:31+00:00\" \/>\n<meta property=\"ya:ovs:allow_embed\" content=\"true\" \/>\n<meta property=\"product:price:amount\" content=\"152.00\" \/>\n<meta property=\"product:price:currency\" content=\"EUR\" \/>\n<meta property=\"og:availability\" content=\"instock\" \/>\n<meta property=\"product:availability\" content=\"instock\" \/>\n<meta property=\"product:retailer_item_id\" content=\"100349-BLK-SNA\" \/>\n<meta property=\"product:condition\" content=\"new\" \/>\n<meta name=\"geo.placename\" content=\"Innsbruck\" \/>\n<meta name=\"geo.position\" content=\"47.264176340396226;11.380109057672346\" \/>\n<meta name=\"geo.region\" content=\"Austria\" \/>\n<!-- \/ Yoast SEO Premium plugin. -->","yoast_head_json":{"title":"Blue Ice Harfang Alpine 12-Zack Steigeisen | bolting.eu","description":"Blue Ice Harfang Alpine Steigeisen beim Kletterprofi kaufen \u2705 Trusted Shop \u2705 kostenloser Versand* \u2705 14 Tage R\u00fcckgaberecht \u2705 Co2 neutrale Zustellung","robots":{"index":"index","follow":"follow","max-snippet":"max-snippet:-1","max-image-preview":"max-image-preview:large","max-video-preview":"max-video-preview:-1"},"canonical":"https:\/\/bolting.eu\/en\/shop\/blue-ice-harfang-alpine\/","og_locale":"en_US","og_type":"article","og_title":"Blue Ice Harfang Alpine","og_description":"Blue Ice Harfang Alpine Steigeisen beim Kletterprofi kaufen \u2705 Trusted Shop \u2705 kostenloser Versand* \u2705 14 Tage R\u00fcckgaberecht \u2705 Co2 neutrale Zustellung","og_url":"https:\/\/bolting.eu\/en\/shop\/blue-ice-harfang-alpine\/","og_site_name":"bolting.eu","article_publisher":"https:\/\/www.facebook.com\/bolting.eu","article_modified_time":"2026-03-20T17:48:05+00:00","og_image":[{"width":700,"height":700,"url":"https:\/\/bolting.eu\/wp-content\/uploads\/2024\/10\/Blue-Ice-HArfang-Alpine-1.jpg","type":"image\/jpeg"}],"twitter_card":"summary_large_image","twitter_misc":{"Price":"&euro;&nbsp;152,00","Availability":"In stock"},"schema":{"@context":"https:\/\/schema.org","@graph":[{"@type":["WebPage","ItemPage"],"@id":"https:\/\/bolting.eu\/en\/shop\/blue-ice-harfang-alpine\/","url":"https:\/\/bolting.eu\/en\/shop\/blue-ice-harfang-alpine\/","name":"Blue Ice Harfang Alpine 12-Zack Steigeisen | bolting.eu","isPartOf":{"@id":"https:\/\/bolting.eu\/en\/#website"},"primaryImageOfPage":{"@id":"https:\/\/bolting.eu\/en\/shop\/blue-ice-harfang-alpine\/#primaryimage"},"image":{"@id":"https:\/\/bolting.eu\/en\/shop\/blue-ice-harfang-alpine\/#primaryimage"},"thumbnailUrl":"https:\/\/bolting.eu\/wp-content\/uploads\/2024\/10\/Blue-Ice-HArfang-Alpine-1.jpg","datePublished":"2024-10-02T12:07:31+00:00","dateModified":"2026-03-20T17:48:05+00:00","description":"Blue Ice Harfang Alpine Steigeisen beim Kletterprofi kaufen \u2705 Trusted Shop \u2705 kostenloser Versand* \u2705 14 Tage R\u00fcckgaberecht \u2705 Co2 neutrale Zustellung","breadcrumb":{"@id":"https:\/\/bolting.eu\/en\/shop\/blue-ice-harfang-alpine\/#breadcrumb"},"inLanguage":"en-US","potentialAction":[{"@type":"ReadAction","target":["https:\/\/bolting.eu\/en\/shop\/blue-ice-harfang-alpine\/"]}]},{"@type":"ImageObject","inLanguage":"en-US","@id":"https:\/\/bolting.eu\/en\/shop\/blue-ice-harfang-alpine\/#primaryimage","url":"https:\/\/bolting.eu\/wp-content\/uploads\/2024\/10\/Blue-Ice-HArfang-Alpine-1.jpg","contentUrl":"https:\/\/bolting.eu\/wp-content\/uploads\/2024\/10\/Blue-Ice-HArfang-Alpine-1.jpg","width":700,"height":700,"caption":"Blau-schwarzes Blue Ice HArfang Alpine Steigeisen mit wei\u00dfem Textilsteg schr\u00e4g im Bild. Rechts oben buntes bolting.eu Logo."},{"@type":"BreadcrumbList","@id":"https:\/\/bolting.eu\/en\/shop\/blue-ice-harfang-alpine\/#breadcrumb","itemListElement":[{"@type":"ListItem","position":1,"name":"Shop","item":"https:\/\/bolting.eu\/en\/shop\/"},{"@type":"ListItem","position":2,"name":"Bergsteiger Ausr\u00fcstung","item":"https:\/\/bolting.eu\/produkt-kategorie\/bergsteiger-ausruestung\/"},{"@type":"ListItem","position":3,"name":"Steigeisen","item":"https:\/\/bolting.eu\/produkt-kategorie\/bergsteiger-ausruestung\/steigeisen\/"},{"@type":"ListItem","position":4,"name":"Blue Ice Harfang Alpine"}]},{"@type":"WebSite","@id":"https:\/\/bolting.eu\/en\/#website","url":"https:\/\/bolting.eu\/en\/","name":"bolting.eu","description":"we make climbs happen","publisher":{"@id":"https:\/\/bolting.eu\/en\/#organization"},"potentialAction":[{"@type":"SearchAction","target":{"@type":"EntryPoint","urlTemplate":"https:\/\/bolting.eu\/en\/?s={search_term_string}"},"query-input":{"@type":"PropertyValueSpecification","valueRequired":true,"valueName":"search_term_string"}}],"inLanguage":"en-US"},{"@type":["Organization","Place","SportingGoodsStore"],"@id":"https:\/\/bolting.eu\/en\/#organization","name":"bolting.eu","url":"https:\/\/bolting.eu\/en\/","logo":{"@id":"https:\/\/bolting.eu\/en\/shop\/blue-ice-harfang-alpine\/#local-main-organization-logo"},"image":{"@id":"https:\/\/bolting.eu\/en\/shop\/blue-ice-harfang-alpine\/#local-main-organization-logo"},"sameAs":["https:\/\/www.facebook.com\/bolting.eu","https:\/\/www.instagram.com\/bolting.eu\/"],"address":{"@id":"https:\/\/bolting.eu\/en\/shop\/blue-ice-harfang-alpine\/#local-main-place-address"},"geo":{"@type":"GeoCoordinates","latitude":"47.264176340396226","longitude":"11.380109057672346"},"telephone":["+43 699 19083372"],"openingHoursSpecification":[{"@type":"OpeningHoursSpecification","dayOfWeek":["Monday","Wednesday","Friday"],"opens":"14:00","closes":"18:00"},{"@type":"OpeningHoursSpecification","dayOfWeek":["Tuesday","Thursday","Saturday","Sunday"],"opens":"00:00","closes":"00:00"}],"email":"office@bolting.eu","vatID":"ATU59999728","priceRange":"$$","currenciesAccepted":"Euro"},{"@type":"PostalAddress","@id":"https:\/\/bolting.eu\/en\/shop\/blue-ice-harfang-alpine\/#local-main-place-address","streetAddress":"Fischnalerstra\u00dfe 4","addressLocality":"Innsbruck","postalCode":"6020","addressRegion":"Tirol","addressCountry":"AT"},{"@type":"ImageObject","inLanguage":"en-US","@id":"https:\/\/bolting.eu\/en\/shop\/blue-ice-harfang-alpine\/#local-main-organization-logo","url":"https:\/\/bolting.eu\/wp-content\/uploads\/2019\/09\/bolting-logo.png","contentUrl":"https:\/\/bolting.eu\/wp-content\/uploads\/2019\/09\/bolting-logo.png","width":400,"height":211,"caption":"bolting.eu"}]},"og_video":"https:\/\/www.youtube.com\/embed\/bND7Jhzruy0","og_video_type":"text\/html","og_video_duration":"223","og_video_width":"480","og_video_height":"270","ya_ovs_adult":"false","ya_ovs_upload_date":"2024-10-02T12:07:31+00:00","ya_ovs_allow_embed":"true","product_price_amount":"152.00","product_price_currency":"EUR","og_availability":"instock","product_availability":"instock","product_retailer_item_id":"100349-BLK-SNA","product_condition":"new","geo.placename":"Innsbruck","geo.position":{"lat":"47.264176340396226","long":"11.380109057672346"},"geo.region":"Austria"},"_links":{"self":[{"href":"https:\/\/bolting.eu\/en\/wp-json\/wp\/v2\/product\/21414","targetHints":{"allow":["GET"]}}],"collection":[{"href":"https:\/\/bolting.eu\/en\/wp-json\/wp\/v2\/product"}],"about":[{"href":"https:\/\/bolting.eu\/en\/wp-json\/wp\/v2\/types\/product"}],"replies":[{"embeddable":true,"href":"https:\/\/bolting.eu\/en\/wp-json\/wp\/v2\/comments?post=21414"}],"wp:featuredmedia":[{"embeddable":true,"href":"https:\/\/bolting.eu\/en\/wp-json\/wp\/v2\/media\/21420"}],"wp:attachment":[{"href":"https:\/\/bolting.eu\/en\/wp-json\/wp\/v2\/media?parent=21414"}],"wp:term":[{"taxonomy":"product_brand","embeddable":true,"href":"https:\/\/bolting.eu\/en\/wp-json\/wp\/v2\/product_brand?post=21414"},{"taxonomy":"product_cat","embeddable":true,"href":"https:\/\/bolting.eu\/en\/wp-json\/wp\/v2\/product_cat?post=21414"},{"taxonomy":"product_tag","embeddable":true,"href":"https:\/\/bolting.eu\/en\/wp-json\/wp\/v2\/product_tag?post=21414"}],"curies":[{"name":"wp","href":"https:\/\/api.w.org\/{rel}","templated":true}]}}