{"id":21387,"date":"2024-10-02T10:51:52","date_gmt":"2024-10-02T08:51:52","guid":{"rendered":"https:\/\/bolting.eu\/?post_type=product&#038;p=21387"},"modified":"2026-04-15T16:26:48","modified_gmt":"2026-04-15T14:26:48","slug":"edelrid-pes-sling-16mm","status":"publish","type":"product","link":"https:\/\/bolting.eu\/en\/shop\/edelrid-pes-sling-16mm\/","title":{"rendered":"Edelrid PES Sling 16mm"},"content":{"rendered":"<p>Die Edelrid PES Sling 16mm ist eine besondere Bandschlinge. Denn sie hat einen innenliegenden Verschlei\u00dfindikator.<\/p>\n<p>D.h. wenn sie zu stark abgen\u00fctzt ist, sieht man die roten Warn Fasern.<\/p>\n<p>Zudem besteht sie aus abriebfestem Polyester. Das ist deutlich widerstandsf\u00e4higer als Polyamid.<\/p>\n<p>Kurzum. Ein ideales Produkt f\u00fcr eine vollst\u00e4ndige <a href=\"https:\/\/bolting.eu\/produkt-kategorie\/industriekletter-ausruestung\/\">Industriekletter Ausr\u00fcstung<\/a>.<\/p>\n<h2>Eigenschaften Edelrid PES Sling<\/h2>\n<ul>\n<li>Hersteller: <a href=\"https:\/\/bolting.eu\/produkt-kategorie\/edelrid\/\">Edelrid<\/a><\/li>\n<li>MAterial: Polyester<\/li>\n<li>Breite: 16mm<\/li>\n<li>L\u00e4ngen (Umf\u00e4nge):\n<ul>\n<li>30cm (60cm)<\/li>\n<li>60cm (120cm)<\/li>\n<li>90cm (180cm)<\/li>\n<li>120cm (240cm)<\/li>\n<li>180cm (360cm)<\/li>\n<li>240cm (480cm)<\/li>\n<\/ul>\n<\/li>\n<li>Normen: EN 354, EN 566, EN 795 &#8211; Typ B<\/li>\n<li>Bruchlast: 22 kN<\/li>\n<li>Lagerfrist lt. Hersteller: 14 Jahre<\/li>\n<li>maximale Nutzungsfrist lt. Hersteller: 10 Jahre<\/li>\n<li><a href=\"https:\/\/avs.edelrid.com\/images\/attribut\/54651_GAL_SafetySlings_ANSICHT_DINA4_Homepage.pdf\" target=\"_blank\" rel=\"noopener\">Bedienungsanleitung<\/a><\/li>\n<\/ul>\n<h3>Statisches Verbindungsmittel!<\/h3>\n<p>Beachtet. Die PES Sling von Edelrid ist komplett statisch. D.h. ihr m\u00fcsst aufpassen, wenn ihr sie zur Selbstsicherung verwendet.<\/p>\n<p>Denn dann m\u00fcsst ihr immer unterhalb des eingeh\u00e4ngten Fixpunktes bleiben. Schon ein Sturz aus gleicher H\u00f6he kann zum Bruch der Schlinge f\u00fchren!<\/p>\n<figure id=\"attachment_21392\" aria-describedby=\"caption-attachment-21392\" style=\"width: 400px\" class=\"wp-caption alignnone\"><a href=\"https:\/\/bolting.eu\/wp-content\/uploads\/2024\/10\/Gefahrenhinweis-Edelrid-PES-Sling.jpg\"><img loading=\"lazy\" decoding=\"async\" class=\"wp-image-21392 size-medium\" src=\"https:\/\/bolting.eu\/wp-content\/uploads\/2024\/10\/Gefahrenhinweis-Edelrid-PES-Sling-400x400.jpg\" alt=\"Grafik mit Gefahrenhinweis zu statischen Bandschlingen mit vier Beispielen.\" width=\"400\" height=\"400\" srcset=\"https:\/\/bolting.eu\/wp-content\/uploads\/2024\/10\/Gefahrenhinweis-Edelrid-PES-Sling-400x400.jpg 400w, https:\/\/bolting.eu\/wp-content\/uploads\/2024\/10\/Gefahrenhinweis-Edelrid-PES-Sling-280x280.jpg 280w, https:\/\/bolting.eu\/wp-content\/uploads\/2024\/10\/Gefahrenhinweis-Edelrid-PES-Sling-247x247.jpg 247w, https:\/\/bolting.eu\/wp-content\/uploads\/2024\/10\/Gefahrenhinweis-Edelrid-PES-Sling-510x510.jpg 510w, https:\/\/bolting.eu\/wp-content\/uploads\/2024\/10\/Gefahrenhinweis-Edelrid-PES-Sling-100x100.jpg 100w, https:\/\/bolting.eu\/wp-content\/uploads\/2024\/10\/Gefahrenhinweis-Edelrid-PES-Sling.jpg 700w\" sizes=\"auto, (max-width: 400px) 100vw, 400px\" \/><\/a><figcaption id=\"caption-attachment-21392\" class=\"wp-caption-text\">Achtung: Fixpunkt niemals \u00fcberklettern und Bandschlinge gespannt halten!<\/figcaption><\/figure>\n<h3>Infos zur Bruchlast<\/h3>\n<p>Beachtet! Die maximale Bruchlast eurer PES Sling von Edelrid ist nicht immer gleich. Diese h\u00e4ngt von der art der Verwendung ab.<\/p>\n<p>Generell gilt. Bandschlingen mit Knoten haben eine verminderte Bruchlast von ca. 50%.<\/p>\n<p>Bandschlingen die doppelt gewickelt werden, haben auch eine doppelte Bruchlast.<\/p>\n<p>Die Grafik anbei vermittelt das bildlich ganz anschaulich.<\/p>\n<figure id=\"attachment_21395\" aria-describedby=\"caption-attachment-21395\" style=\"width: 800px\" class=\"wp-caption alignnone\"><a href=\"https:\/\/bolting.eu\/wp-content\/uploads\/2024\/10\/Bruchlast-Info-Bandschlingen.jpg\"><img loading=\"lazy\" decoding=\"async\" class=\"wp-image-21395 size-medium\" src=\"https:\/\/bolting.eu\/wp-content\/uploads\/2024\/10\/Bruchlast-Info-Bandschlingen-800x400.jpg\" alt=\"Grafik zu den Bruchlasten von Bandschlingen je nach Verknotung.\" width=\"800\" height=\"400\" srcset=\"https:\/\/bolting.eu\/wp-content\/uploads\/2024\/10\/Bruchlast-Info-Bandschlingen-800x400.jpg 800w, https:\/\/bolting.eu\/wp-content\/uploads\/2024\/10\/Bruchlast-Info-Bandschlingen-1400x700.jpg 1400w, https:\/\/bolting.eu\/wp-content\/uploads\/2024\/10\/Bruchlast-Info-Bandschlingen-768x384.jpg 768w, https:\/\/bolting.eu\/wp-content\/uploads\/2024\/10\/Bruchlast-Info-Bandschlingen-1536x768.jpg 1536w, https:\/\/bolting.eu\/wp-content\/uploads\/2024\/10\/Bruchlast-Info-Bandschlingen-510x255.jpg 510w, https:\/\/bolting.eu\/wp-content\/uploads\/2024\/10\/Bruchlast-Info-Bandschlingen-100x50.jpg 100w, https:\/\/bolting.eu\/wp-content\/uploads\/2024\/10\/Bruchlast-Info-Bandschlingen.jpg 2000w\" sizes=\"auto, (max-width: 800px) 100vw, 800px\" \/><\/a><figcaption id=\"caption-attachment-21395\" class=\"wp-caption-text\">Beachtet. Die Bruchlast wird von der Art der Fixierung bzw. Knoten teilweise stark beeinflusst.<\/figcaption><\/figure>\n<h3>Einh\u00e4ngewinkel der EDELRID PES Sling 16mm beachten!<\/h3>\n<p>Seid euch bewusst \u00fcber diesen Sachverhalt. Je nach Winkel der Bandschlinge, m\u00fcsst ihr einen entsprechenden Karabiner bzw. Ring nehmen.<\/p>\n<p>Denn ab 90\u00b0 Einlaufwinkel bei <a href=\"https:\/\/bolting.eu\/produkt-kategorie\/kletterausruestung\/bandschlinge\/\">Bandschlingen<\/a>, <a href=\"https:\/\/bolting.eu\/produkt-kategorie\/kletterausruestung\/reepschnur\/\">Reepschn\u00fcren<\/a> und <a href=\"https:\/\/bolting.eu\/produkt-kategorie\/kletterausruestung\/kletterseil\/\">Kletterseilen<\/a>, sto\u00dfen normale <a href=\"https:\/\/bolting.eu\/produkt-kategorie\/kletterausruestung\/kletterkarabiner\/\">Karabiner<\/a> an ihre Querbelastungsgrenze!<\/p>\n<p>Dann m\u00fcsst ihr ein Produkt wie den <a href=\"https:\/\/bolting.eu\/shop\/petzl-ring-open\/\">Petzl Ring open<\/a> nehmen.<\/p>\n<p>&nbsp;<\/p>\n<figure id=\"attachment_21393\" aria-describedby=\"caption-attachment-21393\" style=\"width: 400px\" class=\"wp-caption alignnone\"><a href=\"https:\/\/bolting.eu\/wp-content\/uploads\/2024\/10\/Einhaengewinkel-BAndschlingen.jpg\"><img loading=\"lazy\" decoding=\"async\" class=\"wp-image-21393 size-medium\" src=\"https:\/\/bolting.eu\/wp-content\/uploads\/2024\/10\/Einhaengewinkel-BAndschlingen-400x400.jpg\" alt=\"Grafik zu den m\u00f6glichen Einlaufwinkeln der Edelrid PES Sling mit drei Beispielen und richtigen Karabinern.\" width=\"400\" height=\"400\" srcset=\"https:\/\/bolting.eu\/wp-content\/uploads\/2024\/10\/Einhaengewinkel-BAndschlingen-400x400.jpg 400w, https:\/\/bolting.eu\/wp-content\/uploads\/2024\/10\/Einhaengewinkel-BAndschlingen-280x280.jpg 280w, https:\/\/bolting.eu\/wp-content\/uploads\/2024\/10\/Einhaengewinkel-BAndschlingen-247x247.jpg 247w, https:\/\/bolting.eu\/wp-content\/uploads\/2024\/10\/Einhaengewinkel-BAndschlingen-510x510.jpg 510w, https:\/\/bolting.eu\/wp-content\/uploads\/2024\/10\/Einhaengewinkel-BAndschlingen-100x100.jpg 100w, https:\/\/bolting.eu\/wp-content\/uploads\/2024\/10\/Einhaengewinkel-BAndschlingen.jpg 700w\" sizes=\"auto, (max-width: 400px) 100vw, 400px\" \/><\/a><figcaption id=\"caption-attachment-21393\" class=\"wp-caption-text\">Je nach Winkel m\u00fcsst ihr auf die richtige Wahl des Karabiners bzw. Rings achten.<\/figcaption><\/figure>\n<h3>Pflegehinweise<\/h3>\n<p>Stark verschmutzte Schlingen k\u00f6nnt ihr mit einem Seilwaschmittel bei max. 40\u00b0C waschen. Das macht Sinn, wenn sie z.B. durch Schwei\u00df verunreinigt sind.<\/p>\n<p>Diese Dinge d\u00fcrft ihr niemals machen:<\/p>\n<figure id=\"attachment_21394\" aria-describedby=\"caption-attachment-21394\" style=\"width: 800px\" class=\"wp-caption alignnone\"><a href=\"https:\/\/bolting.eu\/wp-content\/uploads\/2024\/10\/Pflegehinweise-BAndschlingen.jpg\"><img loading=\"lazy\" decoding=\"async\" class=\"wp-image-21394 size-medium\" src=\"https:\/\/bolting.eu\/wp-content\/uploads\/2024\/10\/Pflegehinweise-BAndschlingen-800x400.jpg\" alt=\"Grafik mit Pflegehinweisen f\u00fcr Bandschlingen mit Bildern und text.\" width=\"800\" height=\"400\" srcset=\"https:\/\/bolting.eu\/wp-content\/uploads\/2024\/10\/Pflegehinweise-BAndschlingen-800x400.jpg 800w, https:\/\/bolting.eu\/wp-content\/uploads\/2024\/10\/Pflegehinweise-BAndschlingen-1400x700.jpg 1400w, https:\/\/bolting.eu\/wp-content\/uploads\/2024\/10\/Pflegehinweise-BAndschlingen-768x384.jpg 768w, https:\/\/bolting.eu\/wp-content\/uploads\/2024\/10\/Pflegehinweise-BAndschlingen-1536x768.jpg 1536w, https:\/\/bolting.eu\/wp-content\/uploads\/2024\/10\/Pflegehinweise-BAndschlingen-510x255.jpg 510w, https:\/\/bolting.eu\/wp-content\/uploads\/2024\/10\/Pflegehinweise-BAndschlingen-100x50.jpg 100w, https:\/\/bolting.eu\/wp-content\/uploads\/2024\/10\/Pflegehinweise-BAndschlingen.jpg 2000w\" sizes=\"auto, (max-width: 800px) 100vw, 800px\" \/><\/a><figcaption id=\"caption-attachment-21394\" class=\"wp-caption-text\">Unsere Hinweise zur Pflege eurer Schlingen.<\/figcaption><\/figure>\n<p>&nbsp;<\/p>\n<p>&nbsp;<\/p>\n","protected":false},"excerpt":{"rendered":"<p>Langlebige Bandschlinge aus Polyester mit Verschlei\u00dfindiokator. Erh\u00e4ltlich in den L\u00e4ngen 30cm, 60cm, 90cm, 120cm, 180cm und 240cm.<\/p>\n<p>Ideal f\u00fcr H\u00f6henarbeiten durch 3-fach Zertifizierung.<\/p>\n<div class=\"product-short-description\">\n<p>Versandkostenfrei bis 2kg in\u00a0<img decoding=\"async\" class=\"emoji\" role=\"img\" draggable=\"false\" src=\"https:\/\/s.w.org\/images\/core\/emoji\/14.0.0\/svg\/1f1e6-1f1f9.svg\" alt=\"\ud83c\udde6\ud83c\uddf9\" \/>\u00a0ab \u20ac 100,- und\u00a0<img decoding=\"async\" class=\"emoji\" role=\"img\" draggable=\"false\" src=\"https:\/\/s.w.org\/images\/core\/emoji\/14.0.0\/svg\/1f1e9-1f1ea.svg\" alt=\"\ud83c\udde9\ud83c\uddea\" \/>\u00a0ab \u20ac 200,-!<\/p>\n<\/div>\n","protected":false},"featured_media":21397,"comment_status":"closed","ping_status":"closed","template":"","meta":[],"product_brand":[],"product_cat":[4655,29,259,14513,14692],"product_tag":[],"class_list":{"0":"post-21387","1":"product","2":"type-product","3":"status-publish","4":"has-post-thumbnail","6":"product_cat-edelrid","7":"product_cat-kletterausruestung","8":"product_cat-bandschlinge","9":"product_cat-industriekletter-ausruestung","10":"product_cat-seilschlingen","12":"first","13":"instock","14":"taxable","15":"shipping-taxable","16":"purchasable","17":"product-type-variable"},"yoast_head":"<!-- This site is optimized with the Yoast SEO Premium plugin v26.9 (Yoast SEO v26.9) - https:\/\/yoast.com\/product\/yoast-seo-premium-wordpress\/ -->\n<title>Edelrid PES Sling 16mm mit Verschlei\u00dfindikator | bolting.eu<\/title>\n<meta name=\"description\" content=\"Edelrid PES Sling 16mm beim Industriekletter Profi kaufen \u2705 Trusted Shop \u2705 kostenloser Versand* \u2705 14 Tage R\u00fcckgaberecht \u2705 Co2 neutrale Zustellung\" \/>\n<meta name=\"robots\" content=\"index, follow, max-snippet:-1, max-image-preview:large, max-video-preview:-1\" \/>\n<link rel=\"canonical\" href=\"https:\/\/bolting.eu\/en\/shop\/edelrid-pes-sling-16mm\/\" \/>\n<meta property=\"og:locale\" content=\"en_US\" \/>\n<meta property=\"og:type\" content=\"article\" \/>\n<meta property=\"og:title\" content=\"Edelrid PES Sling 16mm\" \/>\n<meta property=\"og:description\" content=\"Edelrid PES Sling 16mm beim Industriekletter Profi kaufen \u2705 Trusted Shop \u2705 kostenloser Versand* \u2705 14 Tage R\u00fcckgaberecht \u2705 Co2 neutrale Zustellung\" \/>\n<meta property=\"og:url\" content=\"https:\/\/bolting.eu\/en\/shop\/edelrid-pes-sling-16mm\/\" \/>\n<meta property=\"og:site_name\" content=\"bolting.eu\" \/>\n<meta property=\"article:publisher\" content=\"https:\/\/www.facebook.com\/bolting.eu\" \/>\n<meta property=\"article:modified_time\" content=\"2026-04-15T14:26:48+00:00\" \/>\n<meta property=\"og:image\" content=\"https:\/\/bolting.eu\/wp-content\/uploads\/2024\/10\/Edelrid-PES-SLing-16mm-60cm.jpg\" \/>\n\t<meta property=\"og:image:width\" content=\"700\" \/>\n\t<meta property=\"og:image:height\" content=\"700\" \/>\n\t<meta property=\"og:image:type\" content=\"image\/jpeg\" \/>\n<meta name=\"twitter:card\" content=\"summary_large_image\" \/>\n<meta name=\"twitter:label1\" content=\"Availability\" \/>\n\t<meta name=\"twitter:data1\" content=\"In stock\" \/>\n<script type=\"application\/ld+json\" class=\"yoast-schema-graph\">{\"@context\":\"https:\/\/schema.org\",\"@graph\":[{\"@type\":[\"WebPage\",\"ItemPage\"],\"@id\":\"https:\/\/bolting.eu\/en\/shop\/edelrid-pes-sling-16mm\/\",\"url\":\"https:\/\/bolting.eu\/en\/shop\/edelrid-pes-sling-16mm\/\",\"name\":\"Edelrid PES Sling 16mm mit Verschlei\u00dfindikator | bolting.eu\",\"isPartOf\":{\"@id\":\"https:\/\/bolting.eu\/en\/#website\"},\"primaryImageOfPage\":{\"@id\":\"https:\/\/bolting.eu\/en\/shop\/edelrid-pes-sling-16mm\/#primaryimage\"},\"image\":{\"@id\":\"https:\/\/bolting.eu\/en\/shop\/edelrid-pes-sling-16mm\/#primaryimage\"},\"thumbnailUrl\":\"https:\/\/bolting.eu\/wp-content\/uploads\/2024\/10\/Edelrid-PES-SLing-16mm-60cm.jpg\",\"datePublished\":\"2024-10-02T08:51:52+00:00\",\"dateModified\":\"2026-04-15T14:26:48+00:00\",\"description\":\"Edelrid PES Sling 16mm beim Industriekletter Profi kaufen \u2705 Trusted Shop \u2705 kostenloser Versand* \u2705 14 Tage R\u00fcckgaberecht \u2705 Co2 neutrale Zustellung\",\"breadcrumb\":{\"@id\":\"https:\/\/bolting.eu\/en\/shop\/edelrid-pes-sling-16mm\/#breadcrumb\"},\"inLanguage\":\"en-US\",\"potentialAction\":[{\"@type\":\"ReadAction\",\"target\":[\"https:\/\/bolting.eu\/en\/shop\/edelrid-pes-sling-16mm\/\"]}]},{\"@type\":\"ImageObject\",\"inLanguage\":\"en-US\",\"@id\":\"https:\/\/bolting.eu\/en\/shop\/edelrid-pes-sling-16mm\/#primaryimage\",\"url\":\"https:\/\/bolting.eu\/wp-content\/uploads\/2024\/10\/Edelrid-PES-SLing-16mm-60cm.jpg\",\"contentUrl\":\"https:\/\/bolting.eu\/wp-content\/uploads\/2024\/10\/Edelrid-PES-SLing-16mm-60cm.jpg\",\"width\":700,\"height\":700,\"caption\":\"Gr\u00fcne 60cm Edelrid PES Sling 16mm im Halbkreis aufgelegt. Rechts oben buntes bolting.eu Logo.\"},{\"@type\":\"BreadcrumbList\",\"@id\":\"https:\/\/bolting.eu\/en\/shop\/edelrid-pes-sling-16mm\/#breadcrumb\",\"itemListElement\":[{\"@type\":\"ListItem\",\"position\":1,\"name\":\"Shop\",\"item\":\"https:\/\/bolting.eu\/en\/shop\/\"},{\"@type\":\"ListItem\",\"position\":2,\"name\":\"Industrial climbing gear\",\"item\":\"https:\/\/bolting.eu\/en\/produkt-kategorie\/industrial-climbing-gear\/\"},{\"@type\":\"ListItem\",\"position\":3,\"name\":\"Seilschlingen\",\"item\":\"https:\/\/bolting.eu\/produkt-kategorie\/industriekletter-ausruestung\/seilschlingen\/\"},{\"@type\":\"ListItem\",\"position\":4,\"name\":\"Edelrid PES Sling 16mm\"}]},{\"@type\":\"WebSite\",\"@id\":\"https:\/\/bolting.eu\/en\/#website\",\"url\":\"https:\/\/bolting.eu\/en\/\",\"name\":\"bolting.eu\",\"description\":\"we make climbs happen\",\"publisher\":{\"@id\":\"https:\/\/bolting.eu\/en\/#organization\"},\"potentialAction\":[{\"@type\":\"SearchAction\",\"target\":{\"@type\":\"EntryPoint\",\"urlTemplate\":\"https:\/\/bolting.eu\/en\/?s={search_term_string}\"},\"query-input\":{\"@type\":\"PropertyValueSpecification\",\"valueRequired\":true,\"valueName\":\"search_term_string\"}}],\"inLanguage\":\"en-US\"},{\"@type\":[\"Organization\",\"Place\",\"SportingGoodsStore\"],\"@id\":\"https:\/\/bolting.eu\/en\/#organization\",\"name\":\"bolting.eu\",\"url\":\"https:\/\/bolting.eu\/en\/\",\"logo\":{\"@id\":\"https:\/\/bolting.eu\/en\/shop\/edelrid-pes-sling-16mm\/#local-main-organization-logo\"},\"image\":{\"@id\":\"https:\/\/bolting.eu\/en\/shop\/edelrid-pes-sling-16mm\/#local-main-organization-logo\"},\"sameAs\":[\"https:\/\/www.facebook.com\/bolting.eu\",\"https:\/\/www.instagram.com\/bolting.eu\/\"],\"address\":{\"@id\":\"https:\/\/bolting.eu\/en\/shop\/edelrid-pes-sling-16mm\/#local-main-place-address\"},\"geo\":{\"@type\":\"GeoCoordinates\",\"latitude\":\"47.264176340396226\",\"longitude\":\"11.380109057672346\"},\"telephone\":[\"+43 699 19083372\"],\"openingHoursSpecification\":[{\"@type\":\"OpeningHoursSpecification\",\"dayOfWeek\":[\"Monday\",\"Wednesday\",\"Friday\"],\"opens\":\"14:00\",\"closes\":\"18:00\"},{\"@type\":\"OpeningHoursSpecification\",\"dayOfWeek\":[\"Tuesday\",\"Thursday\",\"Saturday\",\"Sunday\"],\"opens\":\"00:00\",\"closes\":\"00:00\"}],\"email\":\"office@bolting.eu\",\"vatID\":\"ATU59999728\",\"priceRange\":\"$$\",\"currenciesAccepted\":\"Euro\"},{\"@type\":\"PostalAddress\",\"@id\":\"https:\/\/bolting.eu\/en\/shop\/edelrid-pes-sling-16mm\/#local-main-place-address\",\"streetAddress\":\"Fischnalerstra\u00dfe 4\",\"addressLocality\":\"Innsbruck\",\"postalCode\":\"6020\",\"addressRegion\":\"Tirol\",\"addressCountry\":\"AT\"},{\"@type\":\"ImageObject\",\"inLanguage\":\"en-US\",\"@id\":\"https:\/\/bolting.eu\/en\/shop\/edelrid-pes-sling-16mm\/#local-main-organization-logo\",\"url\":\"https:\/\/bolting.eu\/wp-content\/uploads\/2019\/09\/bolting-logo.png\",\"contentUrl\":\"https:\/\/bolting.eu\/wp-content\/uploads\/2019\/09\/bolting-logo.png\",\"width\":400,\"height\":211,\"caption\":\"bolting.eu\"}]}<\/script>\n<meta property=\"og:availability\" content=\"instock\" \/>\n<meta property=\"product:availability\" content=\"instock\" \/>\n<meta property=\"product:condition\" content=\"new\" \/>\n<meta name=\"geo.placename\" content=\"Innsbruck\" \/>\n<meta name=\"geo.position\" content=\"47.264176340396226;11.380109057672346\" \/>\n<meta name=\"geo.region\" content=\"Austria\" \/>\n<!-- \/ Yoast SEO Premium plugin. -->","yoast_head_json":{"title":"Edelrid PES Sling 16mm mit Verschlei\u00dfindikator | bolting.eu","description":"Edelrid PES Sling 16mm beim Industriekletter Profi kaufen \u2705 Trusted Shop \u2705 kostenloser Versand* \u2705 14 Tage R\u00fcckgaberecht \u2705 Co2 neutrale Zustellung","robots":{"index":"index","follow":"follow","max-snippet":"max-snippet:-1","max-image-preview":"max-image-preview:large","max-video-preview":"max-video-preview:-1"},"canonical":"https:\/\/bolting.eu\/en\/shop\/edelrid-pes-sling-16mm\/","og_locale":"en_US","og_type":"article","og_title":"Edelrid PES Sling 16mm","og_description":"Edelrid PES Sling 16mm beim Industriekletter Profi kaufen \u2705 Trusted Shop \u2705 kostenloser Versand* \u2705 14 Tage R\u00fcckgaberecht \u2705 Co2 neutrale Zustellung","og_url":"https:\/\/bolting.eu\/en\/shop\/edelrid-pes-sling-16mm\/","og_site_name":"bolting.eu","article_publisher":"https:\/\/www.facebook.com\/bolting.eu","article_modified_time":"2026-04-15T14:26:48+00:00","og_image":[{"width":700,"height":700,"url":"https:\/\/bolting.eu\/wp-content\/uploads\/2024\/10\/Edelrid-PES-SLing-16mm-60cm.jpg","type":"image\/jpeg"}],"twitter_card":"summary_large_image","twitter_misc":{"Availability":"In stock"},"schema":{"@context":"https:\/\/schema.org","@graph":[{"@type":["WebPage","ItemPage"],"@id":"https:\/\/bolting.eu\/en\/shop\/edelrid-pes-sling-16mm\/","url":"https:\/\/bolting.eu\/en\/shop\/edelrid-pes-sling-16mm\/","name":"Edelrid PES Sling 16mm mit Verschlei\u00dfindikator | bolting.eu","isPartOf":{"@id":"https:\/\/bolting.eu\/en\/#website"},"primaryImageOfPage":{"@id":"https:\/\/bolting.eu\/en\/shop\/edelrid-pes-sling-16mm\/#primaryimage"},"image":{"@id":"https:\/\/bolting.eu\/en\/shop\/edelrid-pes-sling-16mm\/#primaryimage"},"thumbnailUrl":"https:\/\/bolting.eu\/wp-content\/uploads\/2024\/10\/Edelrid-PES-SLing-16mm-60cm.jpg","datePublished":"2024-10-02T08:51:52+00:00","dateModified":"2026-04-15T14:26:48+00:00","description":"Edelrid PES Sling 16mm beim Industriekletter Profi kaufen \u2705 Trusted Shop \u2705 kostenloser Versand* \u2705 14 Tage R\u00fcckgaberecht \u2705 Co2 neutrale Zustellung","breadcrumb":{"@id":"https:\/\/bolting.eu\/en\/shop\/edelrid-pes-sling-16mm\/#breadcrumb"},"inLanguage":"en-US","potentialAction":[{"@type":"ReadAction","target":["https:\/\/bolting.eu\/en\/shop\/edelrid-pes-sling-16mm\/"]}]},{"@type":"ImageObject","inLanguage":"en-US","@id":"https:\/\/bolting.eu\/en\/shop\/edelrid-pes-sling-16mm\/#primaryimage","url":"https:\/\/bolting.eu\/wp-content\/uploads\/2024\/10\/Edelrid-PES-SLing-16mm-60cm.jpg","contentUrl":"https:\/\/bolting.eu\/wp-content\/uploads\/2024\/10\/Edelrid-PES-SLing-16mm-60cm.jpg","width":700,"height":700,"caption":"Gr\u00fcne 60cm Edelrid PES Sling 16mm im Halbkreis aufgelegt. Rechts oben buntes bolting.eu Logo."},{"@type":"BreadcrumbList","@id":"https:\/\/bolting.eu\/en\/shop\/edelrid-pes-sling-16mm\/#breadcrumb","itemListElement":[{"@type":"ListItem","position":1,"name":"Shop","item":"https:\/\/bolting.eu\/en\/shop\/"},{"@type":"ListItem","position":2,"name":"Industrial climbing gear","item":"https:\/\/bolting.eu\/en\/produkt-kategorie\/industrial-climbing-gear\/"},{"@type":"ListItem","position":3,"name":"Seilschlingen","item":"https:\/\/bolting.eu\/produkt-kategorie\/industriekletter-ausruestung\/seilschlingen\/"},{"@type":"ListItem","position":4,"name":"Edelrid PES Sling 16mm"}]},{"@type":"WebSite","@id":"https:\/\/bolting.eu\/en\/#website","url":"https:\/\/bolting.eu\/en\/","name":"bolting.eu","description":"we make climbs happen","publisher":{"@id":"https:\/\/bolting.eu\/en\/#organization"},"potentialAction":[{"@type":"SearchAction","target":{"@type":"EntryPoint","urlTemplate":"https:\/\/bolting.eu\/en\/?s={search_term_string}"},"query-input":{"@type":"PropertyValueSpecification","valueRequired":true,"valueName":"search_term_string"}}],"inLanguage":"en-US"},{"@type":["Organization","Place","SportingGoodsStore"],"@id":"https:\/\/bolting.eu\/en\/#organization","name":"bolting.eu","url":"https:\/\/bolting.eu\/en\/","logo":{"@id":"https:\/\/bolting.eu\/en\/shop\/edelrid-pes-sling-16mm\/#local-main-organization-logo"},"image":{"@id":"https:\/\/bolting.eu\/en\/shop\/edelrid-pes-sling-16mm\/#local-main-organization-logo"},"sameAs":["https:\/\/www.facebook.com\/bolting.eu","https:\/\/www.instagram.com\/bolting.eu\/"],"address":{"@id":"https:\/\/bolting.eu\/en\/shop\/edelrid-pes-sling-16mm\/#local-main-place-address"},"geo":{"@type":"GeoCoordinates","latitude":"47.264176340396226","longitude":"11.380109057672346"},"telephone":["+43 699 19083372"],"openingHoursSpecification":[{"@type":"OpeningHoursSpecification","dayOfWeek":["Monday","Wednesday","Friday"],"opens":"14:00","closes":"18:00"},{"@type":"OpeningHoursSpecification","dayOfWeek":["Tuesday","Thursday","Saturday","Sunday"],"opens":"00:00","closes":"00:00"}],"email":"office@bolting.eu","vatID":"ATU59999728","priceRange":"$$","currenciesAccepted":"Euro"},{"@type":"PostalAddress","@id":"https:\/\/bolting.eu\/en\/shop\/edelrid-pes-sling-16mm\/#local-main-place-address","streetAddress":"Fischnalerstra\u00dfe 4","addressLocality":"Innsbruck","postalCode":"6020","addressRegion":"Tirol","addressCountry":"AT"},{"@type":"ImageObject","inLanguage":"en-US","@id":"https:\/\/bolting.eu\/en\/shop\/edelrid-pes-sling-16mm\/#local-main-organization-logo","url":"https:\/\/bolting.eu\/wp-content\/uploads\/2019\/09\/bolting-logo.png","contentUrl":"https:\/\/bolting.eu\/wp-content\/uploads\/2019\/09\/bolting-logo.png","width":400,"height":211,"caption":"bolting.eu"}]},"og_availability":"instock","product_availability":"instock","product_condition":"new","geo.placename":"Innsbruck","geo.position":{"lat":"47.264176340396226","long":"11.380109057672346"},"geo.region":"Austria"},"_links":{"self":[{"href":"https:\/\/bolting.eu\/en\/wp-json\/wp\/v2\/product\/21387","targetHints":{"allow":["GET"]}}],"collection":[{"href":"https:\/\/bolting.eu\/en\/wp-json\/wp\/v2\/product"}],"about":[{"href":"https:\/\/bolting.eu\/en\/wp-json\/wp\/v2\/types\/product"}],"replies":[{"embeddable":true,"href":"https:\/\/bolting.eu\/en\/wp-json\/wp\/v2\/comments?post=21387"}],"wp:featuredmedia":[{"embeddable":true,"href":"https:\/\/bolting.eu\/en\/wp-json\/wp\/v2\/media\/21397"}],"wp:attachment":[{"href":"https:\/\/bolting.eu\/en\/wp-json\/wp\/v2\/media?parent=21387"}],"wp:term":[{"taxonomy":"product_brand","embeddable":true,"href":"https:\/\/bolting.eu\/en\/wp-json\/wp\/v2\/product_brand?post=21387"},{"taxonomy":"product_cat","embeddable":true,"href":"https:\/\/bolting.eu\/en\/wp-json\/wp\/v2\/product_cat?post=21387"},{"taxonomy":"product_tag","embeddable":true,"href":"https:\/\/bolting.eu\/en\/wp-json\/wp\/v2\/product_tag?post=21387"}],"curies":[{"name":"wp","href":"https:\/\/api.w.org\/{rel}","templated":true}]}}