{"id":21363,"date":"2024-10-01T09:00:12","date_gmt":"2024-10-01T07:00:12","guid":{"rendered":"https:\/\/bolting.eu\/?post_type=product&#038;p=21363"},"modified":"2024-10-01T09:42:58","modified_gmt":"2024-10-01T07:42:58","slug":"singing-rock-aladin","status":"publish","type":"product","link":"https:\/\/bolting.eu\/en\/shop\/singing-rock-aladin\/","title":{"rendered":"Singing Rock Aladin"},"content":{"rendered":"<p>Der Singing Rock Aladin ist ein einfacher Brustgurt. Er ist f\u00fcr Erwachsene und alle Alpinsportarten gedacht. Er ist mit den <a href=\"https:\/\/bolting.eu\/produkt-kategorie\/kletterausruestung\/klettergurte\/\">Klettergurten<\/a> s\u00e4mtlicher Marken kompatibel.<\/p>\n<p>Hierzu ist er voll verstellbar. D.h. sowohl der Brustumfang als auch die Schulterh\u00f6he k\u00f6nnen angepasst werden.<\/p>\n<p>Dieses Modell hat weiters rot markierte Einbindeschlaufen. Somit wei\u00df man sofort, wo man das <a href=\"https:\/\/bolting.eu\/produkt-kategorie\/kletterausruestung\/kletterseil\/\">Kletterseil<\/a>, <a href=\"https:\/\/bolting.eu\/produkt-kategorie\/kletterausruestung\/kletterkarabiner\/\">Karabiner<\/a>, die Verbindungs-<a href=\"https:\/\/bolting.eu\/produkt-kategorie\/kletterausruestung\/bandschlinge\/\">Bandschlinge<\/a> oder <a href=\"https:\/\/bolting.eu\/produkt-kategorie\/kletterausruestung\/reepschnur\/\">Reepschnur<\/a> anbringen muss.<\/p>\n<p>Abschlie\u00dfend verf\u00fcgt dieses Produkt \u00fcber zwei Materialschlaufen. Sie befinden sich gut positioniert auf H\u00f6he der Rippen. Hier finden ggf. Ausr\u00fcstung wie <a href=\"https:\/\/bolting.eu\/produkt-kategorie\/klemmkeile\/\">Klemmkeile<\/a> oder <a href=\"https:\/\/bolting.eu\/produkt-kategorie\/kletterausruestung\/klemmgeraete-friends\/\">Friends<\/a> Platz.<\/p>\n<p>Kurzum. Ein preiswertes Allround Modell!<\/p>\n<h2>Eigenschaften Singing Rock Aladin Brustgurt<\/h2>\n<ul>\n<li>Hersteller: <a href=\"https:\/\/bolting.eu\/produkt-kategorie\/singing-rock\/\">Singing Rock<\/a><\/li>\n<li>Material: Nylon, Stahl<\/li>\n<li><strong>nur zu verwenden in Kombination mit H\u00fcftgurt!<\/strong><\/li>\n<li>verstellbar im Brustumfang sowie der Schulterh\u00f6he<\/li>\n<li>Gr\u00f6\u00dfe: Unigr\u00f6\u00dfe 75 &#8211; 110 cm<\/li>\n<li>Gewicht: 240 Gramm<\/li>\n<li>Norm: <a href=\"https:\/\/bolting.eu\/en-12277-klettergurt-norm\/\">EN 12277<\/a><\/li>\n<li>stabilisiert K\u00f6rperposition beim frei H\u00e4ngen oder Spaltenst\u00fcrzen<\/li>\n<li>zwei Materialschlaufen<\/li>\n<li>rot markierte Einbindeschlaufen<\/li>\n<li>Ocun Tie-In Sling erleichtert Verbindung zum H\u00fcftgurt<\/li>\n<li><a href=\"https:\/\/www.singingrock.com\/data\/downloads\/pdf1\/IOU_16S97022613_ALADIN_ALADIN_PLUS.PDF\" target=\"_blank\" rel=\"noopener\">Bedienungsanleitung<\/a><\/li>\n<\/ul>\n<h3>F\u00fcr wen ist dieser Brustgurt gedacht?<\/h3>\n<p>Allgemein gesagt haben Brustgurte folgende Funktion. Sie stabilisieren zum einen den Oberk\u00f6rper. Wenn man z.B. frei h\u00e4ngt oder in eine Gletscherspalte st\u00fcrzt.<\/p>\n<p>Der Singing Rock Aladin kann aber auch ideal bei Klettersteig oder Kletterrouten eingesetzt werden. Hier sorgt er daf\u00fcr, dass sich das Gewicht zus\u00e4tzlich auf den ganzen K\u00f6rper verteilt. Somit wird das H\u00e4ngen bzw. Rasten deutlich angenehmer.<\/p>\n<p>Die Materialschlaufen bieten zudem die M\u00f6glichkeit, Ausr\u00fcstung bequem im Brustbereich einzuh\u00e4ngen.<\/p>\n<h3>Richtige Gr\u00f6\u00dfe finden<\/h3>\n<p>Messt euren Brustumfang wie in der Grafik unten beschrieben ab. Dann kann bei der richtigen Gr\u00f6\u00dfenwahl nichts schief gehen.<\/p>\n<p>Beachtet. Der Aladin hat eine Uni Gr\u00f6\u00dfe. Er passt allen, die zwischen 75 und 110cm Brustumfang haben.<\/p>\n<p><a href=\"https:\/\/bolting.eu\/wp-content\/uploads\/2024\/10\/Groessentabelle-Singing-Rock-Aladin-plus.jpg\"><img loading=\"lazy\" decoding=\"async\" class=\"alignnone size-full wp-image-21366\" src=\"https:\/\/bolting.eu\/wp-content\/uploads\/2024\/10\/Groessentabelle-Singing-Rock-Aladin-plus.jpg\" alt=\"Grafik zum richtigen Messen des Brustumfang mit menschlicher Figur und Tabelle mit Ma\u00dfen.\" width=\"1024\" height=\"423\" srcset=\"https:\/\/bolting.eu\/wp-content\/uploads\/2024\/10\/Groessentabelle-Singing-Rock-Aladin-plus.jpg 1024w, https:\/\/bolting.eu\/wp-content\/uploads\/2024\/10\/Groessentabelle-Singing-Rock-Aladin-plus-800x330.jpg 800w, https:\/\/bolting.eu\/wp-content\/uploads\/2024\/10\/Groessentabelle-Singing-Rock-Aladin-plus-768x317.jpg 768w, https:\/\/bolting.eu\/wp-content\/uploads\/2024\/10\/Groessentabelle-Singing-Rock-Aladin-plus-510x211.jpg 510w, https:\/\/bolting.eu\/wp-content\/uploads\/2024\/10\/Groessentabelle-Singing-Rock-Aladin-plus-100x41.jpg 100w\" sizes=\"auto, (max-width: 1024px) 100vw, 1024px\" \/><\/a><\/p>\n","protected":false},"excerpt":{"rendered":"<p>Preiswerter Allround Brustgurt f\u00fcr Erwachsene. Unigr\u00f6\u00dfe 75 &#8211; 110 cm Brustumfang. Mit rot markierten Einbindeschlaufen und zwei Materialschlaufen.<\/p>\n<p>Ist mit Klettergurten aller Marken kompatibel.<\/p>\n<p>Versandkostenfrei bis 2kg in <img decoding=\"async\" class=\"emoji\" role=\"img\" draggable=\"false\" src=\"https:\/\/s.w.org\/images\/core\/emoji\/14.0.0\/svg\/1f1e6-1f1f9.svg\" alt=\"\ud83c\udde6\ud83c\uddf9\" \/> ab \u20ac 100,- und <img decoding=\"async\" class=\"emoji\" role=\"img\" draggable=\"false\" src=\"https:\/\/s.w.org\/images\/core\/emoji\/14.0.0\/svg\/1f1e9-1f1ea.svg\" alt=\"\ud83c\udde9\ud83c\uddea\" \/> ab \u20ac 200,-!<\/p>\n","protected":false},"featured_media":21365,"comment_status":"closed","ping_status":"closed","template":"","meta":[],"product_brand":[],"product_cat":[29,14419,12141],"product_tag":[],"class_list":{"0":"post-21363","1":"product","2":"type-product","3":"status-publish","4":"has-post-thumbnail","6":"product_cat-kletterausruestung","7":"product_cat-brustgurte-klettern","8":"product_cat-singing-rock","10":"first","11":"instock","12":"taxable","13":"shipping-taxable","14":"purchasable","15":"product-type-simple"},"yoast_head":"<!-- This site is optimized with the Yoast SEO Premium plugin v26.9 (Yoast SEO v26.9) - https:\/\/yoast.com\/product\/yoast-seo-premium-wordpress\/ -->\n<title>Singing Rock Aladin Brustgurt mit Materialschlaufen | bolting.eu<\/title>\n<meta name=\"description\" content=\"Singing Rock Aladin Brustgurt beim Kletterprofi aus Tirol kaufen \u2705 Trusted Shop \u2705 kostenloser Versand* \u2705 14 Tage R\u00fcckgaberecht \u2705 Co2 neutrale Zustellung\" \/>\n<meta name=\"robots\" content=\"index, follow, max-snippet:-1, max-image-preview:large, max-video-preview:-1\" \/>\n<link rel=\"canonical\" href=\"https:\/\/bolting.eu\/en\/shop\/singing-rock-aladin\/\" \/>\n<meta property=\"og:locale\" content=\"en_US\" \/>\n<meta property=\"og:type\" content=\"article\" \/>\n<meta property=\"og:title\" content=\"Singing Rock Aladin\" \/>\n<meta property=\"og:description\" content=\"Singing Rock Aladin Brustgurt beim Kletterprofi aus Tirol kaufen \u2705 Trusted Shop \u2705 kostenloser Versand* \u2705 14 Tage R\u00fcckgaberecht \u2705 Co2 neutrale Zustellung\" \/>\n<meta property=\"og:url\" content=\"https:\/\/bolting.eu\/en\/shop\/singing-rock-aladin\/\" \/>\n<meta property=\"og:site_name\" content=\"bolting.eu\" \/>\n<meta property=\"article:publisher\" content=\"https:\/\/www.facebook.com\/bolting.eu\" \/>\n<meta property=\"article:modified_time\" content=\"2024-10-01T07:42:58+00:00\" \/>\n<meta property=\"og:image\" content=\"https:\/\/bolting.eu\/wp-content\/uploads\/2024\/10\/Singing-Rock-Aladin-1.jpg\" \/>\n\t<meta property=\"og:image:width\" content=\"700\" \/>\n\t<meta property=\"og:image:height\" content=\"700\" \/>\n\t<meta property=\"og:image:type\" content=\"image\/jpeg\" \/>\n<meta name=\"twitter:card\" content=\"summary_large_image\" \/>\n<meta name=\"twitter:label1\" content=\"Price\" \/>\n\t<meta name=\"twitter:data1\" content=\"&euro;&nbsp;39,90\" \/>\n\t<meta name=\"twitter:label2\" content=\"Availability\" \/>\n\t<meta name=\"twitter:data2\" content=\"In stock\" \/>\n<script type=\"application\/ld+json\" class=\"yoast-schema-graph\">{\"@context\":\"https:\/\/schema.org\",\"@graph\":[{\"@type\":[\"WebPage\",\"ItemPage\"],\"@id\":\"https:\/\/bolting.eu\/en\/shop\/singing-rock-aladin\/\",\"url\":\"https:\/\/bolting.eu\/en\/shop\/singing-rock-aladin\/\",\"name\":\"Singing Rock Aladin Brustgurt mit Materialschlaufen | bolting.eu\",\"isPartOf\":{\"@id\":\"https:\/\/bolting.eu\/en\/#website\"},\"primaryImageOfPage\":{\"@id\":\"https:\/\/bolting.eu\/en\/shop\/singing-rock-aladin\/#primaryimage\"},\"image\":{\"@id\":\"https:\/\/bolting.eu\/en\/shop\/singing-rock-aladin\/#primaryimage\"},\"thumbnailUrl\":\"https:\/\/bolting.eu\/wp-content\/uploads\/2024\/10\/Singing-Rock-Aladin-1.jpg\",\"datePublished\":\"2024-10-01T07:00:12+00:00\",\"dateModified\":\"2024-10-01T07:42:58+00:00\",\"description\":\"Singing Rock Aladin Brustgurt beim Kletterprofi aus Tirol kaufen \u2705 Trusted Shop \u2705 kostenloser Versand* \u2705 14 Tage R\u00fcckgaberecht \u2705 Co2 neutrale Zustellung\",\"breadcrumb\":{\"@id\":\"https:\/\/bolting.eu\/en\/shop\/singing-rock-aladin\/#breadcrumb\"},\"inLanguage\":\"en-US\",\"potentialAction\":[{\"@type\":\"ReadAction\",\"target\":[\"https:\/\/bolting.eu\/en\/shop\/singing-rock-aladin\/\"]}]},{\"@type\":\"ImageObject\",\"inLanguage\":\"en-US\",\"@id\":\"https:\/\/bolting.eu\/en\/shop\/singing-rock-aladin\/#primaryimage\",\"url\":\"https:\/\/bolting.eu\/wp-content\/uploads\/2024\/10\/Singing-Rock-Aladin-1.jpg\",\"contentUrl\":\"https:\/\/bolting.eu\/wp-content\/uploads\/2024\/10\/Singing-Rock-Aladin-1.jpg\",\"width\":700,\"height\":700,\"caption\":\"Schwarzer Singing Rock Aladin Brustgurt mit roten Anseilschlaufen. Rechts oben buntes bolting.eu Logo.\"},{\"@type\":\"BreadcrumbList\",\"@id\":\"https:\/\/bolting.eu\/en\/shop\/singing-rock-aladin\/#breadcrumb\",\"itemListElement\":[{\"@type\":\"ListItem\",\"position\":1,\"name\":\"Shop\",\"item\":\"https:\/\/bolting.eu\/en\/shop\/\"},{\"@type\":\"ListItem\",\"position\":2,\"name\":\"climbing equipment\",\"item\":\"https:\/\/bolting.eu\/en\/produkt-kategorie\/climbing-equipment\/\"},{\"@type\":\"ListItem\",\"position\":3,\"name\":\"Brustgurte\",\"item\":\"https:\/\/bolting.eu\/produkt-kategorie\/kletterausruestung\/brustgurte-klettern\/\"},{\"@type\":\"ListItem\",\"position\":4,\"name\":\"Singing Rock Aladin\"}]},{\"@type\":\"WebSite\",\"@id\":\"https:\/\/bolting.eu\/en\/#website\",\"url\":\"https:\/\/bolting.eu\/en\/\",\"name\":\"bolting.eu\",\"description\":\"we make climbs happen\",\"publisher\":{\"@id\":\"https:\/\/bolting.eu\/en\/#organization\"},\"potentialAction\":[{\"@type\":\"SearchAction\",\"target\":{\"@type\":\"EntryPoint\",\"urlTemplate\":\"https:\/\/bolting.eu\/en\/?s={search_term_string}\"},\"query-input\":{\"@type\":\"PropertyValueSpecification\",\"valueRequired\":true,\"valueName\":\"search_term_string\"}}],\"inLanguage\":\"en-US\"},{\"@type\":[\"Organization\",\"Place\",\"SportingGoodsStore\"],\"@id\":\"https:\/\/bolting.eu\/en\/#organization\",\"name\":\"bolting.eu\",\"url\":\"https:\/\/bolting.eu\/en\/\",\"logo\":{\"@id\":\"https:\/\/bolting.eu\/en\/shop\/singing-rock-aladin\/#local-main-organization-logo\"},\"image\":{\"@id\":\"https:\/\/bolting.eu\/en\/shop\/singing-rock-aladin\/#local-main-organization-logo\"},\"sameAs\":[\"https:\/\/www.facebook.com\/bolting.eu\",\"https:\/\/www.instagram.com\/bolting.eu\/\"],\"address\":{\"@id\":\"https:\/\/bolting.eu\/en\/shop\/singing-rock-aladin\/#local-main-place-address\"},\"geo\":{\"@type\":\"GeoCoordinates\",\"latitude\":\"47.264176340396226\",\"longitude\":\"11.380109057672346\"},\"telephone\":[\"+43 699 19083372\"],\"openingHoursSpecification\":[{\"@type\":\"OpeningHoursSpecification\",\"dayOfWeek\":[\"Monday\",\"Wednesday\",\"Friday\"],\"opens\":\"14:00\",\"closes\":\"18:00\"},{\"@type\":\"OpeningHoursSpecification\",\"dayOfWeek\":[\"Tuesday\",\"Thursday\",\"Saturday\",\"Sunday\"],\"opens\":\"00:00\",\"closes\":\"00:00\"}],\"email\":\"office@bolting.eu\",\"vatID\":\"ATU59999728\",\"priceRange\":\"$$\",\"currenciesAccepted\":\"Euro\"},{\"@type\":\"PostalAddress\",\"@id\":\"https:\/\/bolting.eu\/en\/shop\/singing-rock-aladin\/#local-main-place-address\",\"streetAddress\":\"Fischnalerstra\u00dfe 4\",\"addressLocality\":\"Innsbruck\",\"postalCode\":\"6020\",\"addressRegion\":\"Tirol\",\"addressCountry\":\"AT\"},{\"@type\":\"ImageObject\",\"inLanguage\":\"en-US\",\"@id\":\"https:\/\/bolting.eu\/en\/shop\/singing-rock-aladin\/#local-main-organization-logo\",\"url\":\"https:\/\/bolting.eu\/wp-content\/uploads\/2019\/09\/bolting-logo.png\",\"contentUrl\":\"https:\/\/bolting.eu\/wp-content\/uploads\/2019\/09\/bolting-logo.png\",\"width\":400,\"height\":211,\"caption\":\"bolting.eu\"}]}<\/script>\n<meta property=\"product:price:amount\" content=\"39.90\" \/>\n<meta property=\"product:price:currency\" content=\"EUR\" \/>\n<meta property=\"og:availability\" content=\"instock\" \/>\n<meta property=\"product:availability\" content=\"instock\" \/>\n<meta property=\"product:retailer_item_id\" content=\"C5056BY00\" \/>\n<meta property=\"product:condition\" content=\"new\" \/>\n<meta name=\"geo.placename\" content=\"Innsbruck\" \/>\n<meta name=\"geo.position\" content=\"47.264176340396226;11.380109057672346\" \/>\n<meta name=\"geo.region\" content=\"Austria\" \/>\n<!-- \/ Yoast SEO Premium plugin. -->","yoast_head_json":{"title":"Singing Rock Aladin Brustgurt mit Materialschlaufen | bolting.eu","description":"Singing Rock Aladin Brustgurt beim Kletterprofi aus Tirol kaufen \u2705 Trusted Shop \u2705 kostenloser Versand* \u2705 14 Tage R\u00fcckgaberecht \u2705 Co2 neutrale Zustellung","robots":{"index":"index","follow":"follow","max-snippet":"max-snippet:-1","max-image-preview":"max-image-preview:large","max-video-preview":"max-video-preview:-1"},"canonical":"https:\/\/bolting.eu\/en\/shop\/singing-rock-aladin\/","og_locale":"en_US","og_type":"article","og_title":"Singing Rock Aladin","og_description":"Singing Rock Aladin Brustgurt beim Kletterprofi aus Tirol kaufen \u2705 Trusted Shop \u2705 kostenloser Versand* \u2705 14 Tage R\u00fcckgaberecht \u2705 Co2 neutrale Zustellung","og_url":"https:\/\/bolting.eu\/en\/shop\/singing-rock-aladin\/","og_site_name":"bolting.eu","article_publisher":"https:\/\/www.facebook.com\/bolting.eu","article_modified_time":"2024-10-01T07:42:58+00:00","og_image":[{"width":700,"height":700,"url":"https:\/\/bolting.eu\/wp-content\/uploads\/2024\/10\/Singing-Rock-Aladin-1.jpg","type":"image\/jpeg"}],"twitter_card":"summary_large_image","twitter_misc":{"Price":"&euro;&nbsp;39,90","Availability":"In stock"},"schema":{"@context":"https:\/\/schema.org","@graph":[{"@type":["WebPage","ItemPage"],"@id":"https:\/\/bolting.eu\/en\/shop\/singing-rock-aladin\/","url":"https:\/\/bolting.eu\/en\/shop\/singing-rock-aladin\/","name":"Singing Rock Aladin Brustgurt mit Materialschlaufen | bolting.eu","isPartOf":{"@id":"https:\/\/bolting.eu\/en\/#website"},"primaryImageOfPage":{"@id":"https:\/\/bolting.eu\/en\/shop\/singing-rock-aladin\/#primaryimage"},"image":{"@id":"https:\/\/bolting.eu\/en\/shop\/singing-rock-aladin\/#primaryimage"},"thumbnailUrl":"https:\/\/bolting.eu\/wp-content\/uploads\/2024\/10\/Singing-Rock-Aladin-1.jpg","datePublished":"2024-10-01T07:00:12+00:00","dateModified":"2024-10-01T07:42:58+00:00","description":"Singing Rock Aladin Brustgurt beim Kletterprofi aus Tirol kaufen \u2705 Trusted Shop \u2705 kostenloser Versand* \u2705 14 Tage R\u00fcckgaberecht \u2705 Co2 neutrale Zustellung","breadcrumb":{"@id":"https:\/\/bolting.eu\/en\/shop\/singing-rock-aladin\/#breadcrumb"},"inLanguage":"en-US","potentialAction":[{"@type":"ReadAction","target":["https:\/\/bolting.eu\/en\/shop\/singing-rock-aladin\/"]}]},{"@type":"ImageObject","inLanguage":"en-US","@id":"https:\/\/bolting.eu\/en\/shop\/singing-rock-aladin\/#primaryimage","url":"https:\/\/bolting.eu\/wp-content\/uploads\/2024\/10\/Singing-Rock-Aladin-1.jpg","contentUrl":"https:\/\/bolting.eu\/wp-content\/uploads\/2024\/10\/Singing-Rock-Aladin-1.jpg","width":700,"height":700,"caption":"Schwarzer Singing Rock Aladin Brustgurt mit roten Anseilschlaufen. Rechts oben buntes bolting.eu Logo."},{"@type":"BreadcrumbList","@id":"https:\/\/bolting.eu\/en\/shop\/singing-rock-aladin\/#breadcrumb","itemListElement":[{"@type":"ListItem","position":1,"name":"Shop","item":"https:\/\/bolting.eu\/en\/shop\/"},{"@type":"ListItem","position":2,"name":"climbing equipment","item":"https:\/\/bolting.eu\/en\/produkt-kategorie\/climbing-equipment\/"},{"@type":"ListItem","position":3,"name":"Brustgurte","item":"https:\/\/bolting.eu\/produkt-kategorie\/kletterausruestung\/brustgurte-klettern\/"},{"@type":"ListItem","position":4,"name":"Singing Rock Aladin"}]},{"@type":"WebSite","@id":"https:\/\/bolting.eu\/en\/#website","url":"https:\/\/bolting.eu\/en\/","name":"bolting.eu","description":"we make climbs happen","publisher":{"@id":"https:\/\/bolting.eu\/en\/#organization"},"potentialAction":[{"@type":"SearchAction","target":{"@type":"EntryPoint","urlTemplate":"https:\/\/bolting.eu\/en\/?s={search_term_string}"},"query-input":{"@type":"PropertyValueSpecification","valueRequired":true,"valueName":"search_term_string"}}],"inLanguage":"en-US"},{"@type":["Organization","Place","SportingGoodsStore"],"@id":"https:\/\/bolting.eu\/en\/#organization","name":"bolting.eu","url":"https:\/\/bolting.eu\/en\/","logo":{"@id":"https:\/\/bolting.eu\/en\/shop\/singing-rock-aladin\/#local-main-organization-logo"},"image":{"@id":"https:\/\/bolting.eu\/en\/shop\/singing-rock-aladin\/#local-main-organization-logo"},"sameAs":["https:\/\/www.facebook.com\/bolting.eu","https:\/\/www.instagram.com\/bolting.eu\/"],"address":{"@id":"https:\/\/bolting.eu\/en\/shop\/singing-rock-aladin\/#local-main-place-address"},"geo":{"@type":"GeoCoordinates","latitude":"47.264176340396226","longitude":"11.380109057672346"},"telephone":["+43 699 19083372"],"openingHoursSpecification":[{"@type":"OpeningHoursSpecification","dayOfWeek":["Monday","Wednesday","Friday"],"opens":"14:00","closes":"18:00"},{"@type":"OpeningHoursSpecification","dayOfWeek":["Tuesday","Thursday","Saturday","Sunday"],"opens":"00:00","closes":"00:00"}],"email":"office@bolting.eu","vatID":"ATU59999728","priceRange":"$$","currenciesAccepted":"Euro"},{"@type":"PostalAddress","@id":"https:\/\/bolting.eu\/en\/shop\/singing-rock-aladin\/#local-main-place-address","streetAddress":"Fischnalerstra\u00dfe 4","addressLocality":"Innsbruck","postalCode":"6020","addressRegion":"Tirol","addressCountry":"AT"},{"@type":"ImageObject","inLanguage":"en-US","@id":"https:\/\/bolting.eu\/en\/shop\/singing-rock-aladin\/#local-main-organization-logo","url":"https:\/\/bolting.eu\/wp-content\/uploads\/2019\/09\/bolting-logo.png","contentUrl":"https:\/\/bolting.eu\/wp-content\/uploads\/2019\/09\/bolting-logo.png","width":400,"height":211,"caption":"bolting.eu"}]},"product_price_amount":"39.90","product_price_currency":"EUR","og_availability":"instock","product_availability":"instock","product_retailer_item_id":"C5056BY00","product_condition":"new","geo.placename":"Innsbruck","geo.position":{"lat":"47.264176340396226","long":"11.380109057672346"},"geo.region":"Austria"},"_links":{"self":[{"href":"https:\/\/bolting.eu\/en\/wp-json\/wp\/v2\/product\/21363","targetHints":{"allow":["GET"]}}],"collection":[{"href":"https:\/\/bolting.eu\/en\/wp-json\/wp\/v2\/product"}],"about":[{"href":"https:\/\/bolting.eu\/en\/wp-json\/wp\/v2\/types\/product"}],"replies":[{"embeddable":true,"href":"https:\/\/bolting.eu\/en\/wp-json\/wp\/v2\/comments?post=21363"}],"wp:featuredmedia":[{"embeddable":true,"href":"https:\/\/bolting.eu\/en\/wp-json\/wp\/v2\/media\/21365"}],"wp:attachment":[{"href":"https:\/\/bolting.eu\/en\/wp-json\/wp\/v2\/media?parent=21363"}],"wp:term":[{"taxonomy":"product_brand","embeddable":true,"href":"https:\/\/bolting.eu\/en\/wp-json\/wp\/v2\/product_brand?post=21363"},{"taxonomy":"product_cat","embeddable":true,"href":"https:\/\/bolting.eu\/en\/wp-json\/wp\/v2\/product_cat?post=21363"},{"taxonomy":"product_tag","embeddable":true,"href":"https:\/\/bolting.eu\/en\/wp-json\/wp\/v2\/product_tag?post=21363"}],"curies":[{"name":"wp","href":"https:\/\/api.w.org\/{rel}","templated":true}]}}