{"id":21359,"date":"2024-10-01T18:28:59","date_gmt":"2024-10-01T16:28:59","guid":{"rendered":"https:\/\/bolting.eu\/?post_type=product&#038;p=21359"},"modified":"2026-04-30T14:42:36","modified_gmt":"2026-04-30T12:42:36","slug":"petzl-progress-adjust-y","status":"publish","type":"product","link":"https:\/\/bolting.eu\/en\/shop\/petzl-progress-adjust-y\/","title":{"rendered":"Petzl Progress Adjust Y"},"content":{"rendered":"<p>Das Petzl Progress Adjust Y ist ein l\u00e4ngenverstellbares Verbindungsmittel. Es ist ein must have in jeder <a href=\"https:\/\/bolting.eu\/produkt-kategorie\/industriekletter-ausruestung\/\">Industriekletter Ausr\u00fcstung<\/a>. Hierzu hat es zwei Arme. Einen 65cm und einen l\u00e4ngenverstellbaren Arm bis max. 95cm.<\/p>\n<p>Diese Doppelarme erm\u00f6glichen eine Fortbewegung mit stets zwei eingeh\u00e4ngten Sicherungen. Wie z.B. beim Aufstieg am Seil oder an einem Seilgel\u00e4nder.<\/p>\n<p>Die Adjust Einstellvorrichtung erm\u00f6glicht eine schnelle L\u00e4ngenanpassung der <a href=\"https:\/\/bolting.eu\/produkt-kategorie\/industriekletter-ausruestung\/seilschlingen\/\">Seilschlinge<\/a>. Die <a href=\"https:\/\/bolting.eu\/produkt-kategorie\/kletterausruestung\/kletterkarabiner\/\">Karabiner<\/a> an den Enden werden durch die Tanga Elemente bzw. die Kunststoff\u00fcberz\u00fcge perfekt fixiert.<\/p>\n<p>Fazit. Ein Muss f\u00fcr jeden Industriekletterer.<\/p>\n<h2>Eigenschaften Petzl Progress Adjust Y<\/h2>\n<ul>\n<li>Hersteller: <a href=\"https:\/\/bolting.eu\/produkt-kategorie\/petzl\/\">Petzl<\/a><\/li>\n<li>Material: Alu, Polyamid, Polyester, HDPE, Elastomer<\/li>\n<li>Gewicht: 230 Gramm<\/li>\n<li>Normen: EN 358<\/li>\n<li>Verbindungsmittel zur permanenten Befestigung am Industrieklettergurt mit <a href=\"https:\/\/bolting.eu\/shop\/petzl-ring-open\/\">Ring open<\/a> oder Rapidglied<\/li>\n<li>ein fixer 65cm und ein verstellbarer Arm bis 95cm mit dem Adjust Verstellelement<\/li>\n<li>idealer Karabiner f\u00fcr das Adjust Element ist der <a href=\"https:\/\/bolting.eu\/shop\/petzl-eashook-open\/\">Eashook open<\/a><\/li>\n<li>die Enden sind mit Tangas bzw. Kunststoff\u00fcberz\u00fcgen ausgestattet<\/li>\n<li>Aufstieg am Seil: der fixe Arm wird in eine Ascension <a href=\"https:\/\/bolting.eu\/produkt-kategorie\/kletterausruestung\/steigklemmen-seilklemmen\/\">Steigklemme<\/a> geh\u00e4ngt &#8211; der verstellbare Arm ist zum Passieren der Fixpunkte<\/li>\n<li>Sichern am Seilgel\u00e4nder: beide Arme werden am besten gleich lang gestellt<\/li>\n<li>Adjust Einstellvorrichtung erlaubt leichtes Einstellen der ben\u00f6tigten Arml\u00e4nge<\/li>\n<li>Verbindungsmittel aus dynamischem <a href=\"https:\/\/bolting.eu\/produkt-kategorie\/kletterausruestung\/kletterseil\/\">Kletterseil<\/a> &#8211; reduziert bei kleinen St\u00fcrzen den Fangsto\u00df<\/li>\n<li>wird mit Verbindungselementen mit automatischem Schlie\u00dfmechanismus verwendet z.B. Eashook open, <a href=\"https:\/\/bolting.eu\/shop\/petzl-vertigo-wire-lock\/\">Vertigo Wire-Lock<\/a>,&#8230;<\/li>\n<li><a href=\"https:\/\/www.petzl.com\/DE\/de\/Professional\/Verbindungsmittel-und-Falldampfer\/PROGRESS-ADJUST-Y#:~:text=Das%20PDF%20herunterladen%20%3A%20technical%2Dnotice%2DPROGRESS%2DADJUST%2DY%2D1%20%2D%202.80%20MB\" target=\"_blank\" rel=\"noopener\">Bedienungsanleitung<\/a><\/li>\n<\/ul>\n","protected":false},"excerpt":{"rendered":"<p>Doppeltes Verbindungsmittel f\u00fcr Industriekletterer. Ein fixer 60cm Arm und ein l\u00e4ngenverstellbarer mit max. 95cm. Somit kann man sicher am Seil aufsteigen bzw. sich an Seilgel\u00e4nder doppelt sichern.<\/p>\n<p>Versandkostenfrei bis 2kg in\u00a0<img decoding=\"async\" class=\"emoji\" role=\"img\" draggable=\"false\" src=\"https:\/\/s.w.org\/images\/core\/emoji\/14.0.0\/svg\/1f1e6-1f1f9.svg\" alt=\"\ud83c\udde6\ud83c\uddf9\" \/>\u00a0ab \u20ac 100,- und\u00a0<img decoding=\"async\" class=\"emoji\" role=\"img\" draggable=\"false\" src=\"https:\/\/s.w.org\/images\/core\/emoji\/14.0.0\/svg\/1f1e9-1f1ea.svg\" alt=\"\ud83c\udde9\ud83c\uddea\" \/>\u00a0ab \u20ac 200,-!<\/p>\n","protected":false},"featured_media":21405,"comment_status":"closed","ping_status":"closed","template":"","meta":[],"product_brand":[],"product_cat":[14748,14093,14513,14691],"product_tag":[],"class_list":{"0":"post-21359","1":"product","2":"type-product","3":"status-publish","4":"has-post-thumbnail","6":"product_cat-verbindungsmittel","7":"product_cat-petzl","8":"product_cat-industriekletter-ausruestung","9":"product_cat-psa-gegen-absturz","11":"first","12":"instock","13":"taxable","14":"shipping-taxable","15":"purchasable","16":"product-type-simple"},"yoast_head":"<!-- This site is optimized with the Yoast SEO Premium plugin v26.9 (Yoast SEO v26.9) - https:\/\/yoast.com\/product\/yoast-seo-premium-wordpress\/ -->\n<title>Petzl Progress Adjust Y - doppeltes Verbindungsmittel | bolting.eu<\/title>\n<meta name=\"description\" content=\"Petzl Progress Adjust Y beim Industriekletter Profi kaufen \u2705 Trusted Shop \u2705 kostenloser Versand* \u2705 14 Tage R\u00fcckgaberecht \u2705 Co2 neutrale Zustellung\" \/>\n<meta name=\"robots\" content=\"index, follow, max-snippet:-1, max-image-preview:large, max-video-preview:-1\" \/>\n<link rel=\"canonical\" href=\"https:\/\/bolting.eu\/en\/shop\/petzl-progress-adjust-y\/\" \/>\n<meta property=\"og:locale\" content=\"en_US\" \/>\n<meta property=\"og:type\" content=\"article\" \/>\n<meta property=\"og:title\" content=\"Petzl Progress Adjust Y\" \/>\n<meta property=\"og:description\" content=\"Petzl Progress Adjust Y beim Industriekletter Profi kaufen \u2705 Trusted Shop \u2705 kostenloser Versand* \u2705 14 Tage R\u00fcckgaberecht \u2705 Co2 neutrale Zustellung\" \/>\n<meta property=\"og:url\" content=\"https:\/\/bolting.eu\/en\/shop\/petzl-progress-adjust-y\/\" \/>\n<meta property=\"og:site_name\" content=\"bolting.eu\" \/>\n<meta property=\"article:publisher\" content=\"https:\/\/www.facebook.com\/bolting.eu\" \/>\n<meta property=\"article:modified_time\" content=\"2026-04-30T12:42:36+00:00\" \/>\n<meta property=\"og:image\" content=\"https:\/\/bolting.eu\/wp-content\/uploads\/2024\/10\/Progress-Adjust-Y-1.jpg\" \/>\n\t<meta property=\"og:image:width\" content=\"700\" \/>\n\t<meta property=\"og:image:height\" content=\"700\" \/>\n\t<meta property=\"og:image:type\" content=\"image\/jpeg\" \/>\n<meta name=\"twitter:card\" content=\"summary_large_image\" \/>\n<meta name=\"twitter:label1\" content=\"Price\" \/>\n\t<meta name=\"twitter:data1\" content=\"&euro;&nbsp;72,00\" \/>\n\t<meta name=\"twitter:label2\" content=\"Availability\" \/>\n\t<meta name=\"twitter:data2\" content=\"In stock\" \/>\n<script type=\"application\/ld+json\" class=\"yoast-schema-graph\">{\"@context\":\"https:\/\/schema.org\",\"@graph\":[{\"@type\":[\"WebPage\",\"ItemPage\"],\"@id\":\"https:\/\/bolting.eu\/en\/shop\/petzl-progress-adjust-y\/\",\"url\":\"https:\/\/bolting.eu\/en\/shop\/petzl-progress-adjust-y\/\",\"name\":\"Petzl Progress Adjust Y - doppeltes Verbindungsmittel | bolting.eu\",\"isPartOf\":{\"@id\":\"https:\/\/bolting.eu\/en\/#website\"},\"primaryImageOfPage\":{\"@id\":\"https:\/\/bolting.eu\/en\/shop\/petzl-progress-adjust-y\/#primaryimage\"},\"image\":{\"@id\":\"https:\/\/bolting.eu\/en\/shop\/petzl-progress-adjust-y\/#primaryimage\"},\"thumbnailUrl\":\"https:\/\/bolting.eu\/wp-content\/uploads\/2024\/10\/Progress-Adjust-Y-1.jpg\",\"datePublished\":\"2024-10-01T16:28:59+00:00\",\"dateModified\":\"2026-04-30T12:42:36+00:00\",\"description\":\"Petzl Progress Adjust Y beim Industriekletter Profi kaufen \u2705 Trusted Shop \u2705 kostenloser Versand* \u2705 14 Tage R\u00fcckgaberecht \u2705 Co2 neutrale Zustellung\",\"breadcrumb\":{\"@id\":\"https:\/\/bolting.eu\/en\/shop\/petzl-progress-adjust-y\/#breadcrumb\"},\"inLanguage\":\"en-US\",\"potentialAction\":[{\"@type\":\"ReadAction\",\"target\":[\"https:\/\/bolting.eu\/en\/shop\/petzl-progress-adjust-y\/\"]}]},{\"@type\":\"ImageObject\",\"inLanguage\":\"en-US\",\"@id\":\"https:\/\/bolting.eu\/en\/shop\/petzl-progress-adjust-y\/#primaryimage\",\"url\":\"https:\/\/bolting.eu\/wp-content\/uploads\/2024\/10\/Progress-Adjust-Y-1.jpg\",\"contentUrl\":\"https:\/\/bolting.eu\/wp-content\/uploads\/2024\/10\/Progress-Adjust-Y-1.jpg\",\"width\":700,\"height\":700,\"caption\":\"Progress Adjust\"},{\"@type\":\"BreadcrumbList\",\"@id\":\"https:\/\/bolting.eu\/en\/shop\/petzl-progress-adjust-y\/#breadcrumb\",\"itemListElement\":[{\"@type\":\"ListItem\",\"position\":1,\"name\":\"Shop\",\"item\":\"https:\/\/bolting.eu\/en\/shop\/\"},{\"@type\":\"ListItem\",\"position\":2,\"name\":\"Industrial climbing gear\",\"item\":\"https:\/\/bolting.eu\/en\/produkt-kategorie\/industrial-climbing-gear\/\"},{\"@type\":\"ListItem\",\"position\":3,\"name\":\"Lanyard\",\"item\":\"https:\/\/bolting.eu\/en\/produkt-kategorie\/lanyard\/\"},{\"@type\":\"ListItem\",\"position\":4,\"name\":\"Petzl Progress Adjust Y\"}]},{\"@type\":\"WebSite\",\"@id\":\"https:\/\/bolting.eu\/en\/#website\",\"url\":\"https:\/\/bolting.eu\/en\/\",\"name\":\"bolting.eu\",\"description\":\"we make climbs happen\",\"publisher\":{\"@id\":\"https:\/\/bolting.eu\/en\/#organization\"},\"potentialAction\":[{\"@type\":\"SearchAction\",\"target\":{\"@type\":\"EntryPoint\",\"urlTemplate\":\"https:\/\/bolting.eu\/en\/?s={search_term_string}\"},\"query-input\":{\"@type\":\"PropertyValueSpecification\",\"valueRequired\":true,\"valueName\":\"search_term_string\"}}],\"inLanguage\":\"en-US\"},{\"@type\":[\"Organization\",\"Place\",\"SportingGoodsStore\"],\"@id\":\"https:\/\/bolting.eu\/en\/#organization\",\"name\":\"bolting.eu\",\"url\":\"https:\/\/bolting.eu\/en\/\",\"logo\":{\"@id\":\"https:\/\/bolting.eu\/en\/shop\/petzl-progress-adjust-y\/#local-main-organization-logo\"},\"image\":{\"@id\":\"https:\/\/bolting.eu\/en\/shop\/petzl-progress-adjust-y\/#local-main-organization-logo\"},\"sameAs\":[\"https:\/\/www.facebook.com\/bolting.eu\",\"https:\/\/www.instagram.com\/bolting.eu\/\"],\"address\":{\"@id\":\"https:\/\/bolting.eu\/en\/shop\/petzl-progress-adjust-y\/#local-main-place-address\"},\"geo\":{\"@type\":\"GeoCoordinates\",\"latitude\":\"47.264176340396226\",\"longitude\":\"11.380109057672346\"},\"telephone\":[\"+43 699 19083372\"],\"openingHoursSpecification\":[{\"@type\":\"OpeningHoursSpecification\",\"dayOfWeek\":[\"Monday\",\"Wednesday\",\"Friday\"],\"opens\":\"14:00\",\"closes\":\"18:00\"},{\"@type\":\"OpeningHoursSpecification\",\"dayOfWeek\":[\"Tuesday\",\"Thursday\",\"Saturday\",\"Sunday\"],\"opens\":\"00:00\",\"closes\":\"00:00\"}],\"email\":\"office@bolting.eu\",\"vatID\":\"ATU59999728\",\"priceRange\":\"$$\",\"currenciesAccepted\":\"Euro\"},{\"@type\":\"PostalAddress\",\"@id\":\"https:\/\/bolting.eu\/en\/shop\/petzl-progress-adjust-y\/#local-main-place-address\",\"streetAddress\":\"Fischnalerstra\u00dfe 4\",\"addressLocality\":\"Innsbruck\",\"postalCode\":\"6020\",\"addressRegion\":\"Tirol\",\"addressCountry\":\"AT\"},{\"@type\":\"ImageObject\",\"inLanguage\":\"en-US\",\"@id\":\"https:\/\/bolting.eu\/en\/shop\/petzl-progress-adjust-y\/#local-main-organization-logo\",\"url\":\"https:\/\/bolting.eu\/wp-content\/uploads\/2019\/09\/bolting-logo.png\",\"contentUrl\":\"https:\/\/bolting.eu\/wp-content\/uploads\/2019\/09\/bolting-logo.png\",\"width\":400,\"height\":211,\"caption\":\"bolting.eu\"}]}<\/script>\n<meta property=\"product:price:amount\" content=\"72.00\" \/>\n<meta property=\"product:price:currency\" content=\"EUR\" \/>\n<meta property=\"og:availability\" content=\"instock\" \/>\n<meta property=\"product:availability\" content=\"instock\" \/>\n<meta property=\"product:retailer_item_id\" content=\"L044AA00\" \/>\n<meta property=\"product:condition\" content=\"new\" \/>\n<meta name=\"geo.placename\" content=\"Innsbruck\" \/>\n<meta name=\"geo.position\" content=\"47.264176340396226;11.380109057672346\" \/>\n<meta name=\"geo.region\" content=\"Austria\" \/>\n<!-- \/ Yoast SEO Premium plugin. -->","yoast_head_json":{"title":"Petzl Progress Adjust Y - doppeltes Verbindungsmittel | bolting.eu","description":"Petzl Progress Adjust Y beim Industriekletter Profi kaufen \u2705 Trusted Shop \u2705 kostenloser Versand* \u2705 14 Tage R\u00fcckgaberecht \u2705 Co2 neutrale Zustellung","robots":{"index":"index","follow":"follow","max-snippet":"max-snippet:-1","max-image-preview":"max-image-preview:large","max-video-preview":"max-video-preview:-1"},"canonical":"https:\/\/bolting.eu\/en\/shop\/petzl-progress-adjust-y\/","og_locale":"en_US","og_type":"article","og_title":"Petzl Progress Adjust Y","og_description":"Petzl Progress Adjust Y beim Industriekletter Profi kaufen \u2705 Trusted Shop \u2705 kostenloser Versand* \u2705 14 Tage R\u00fcckgaberecht \u2705 Co2 neutrale Zustellung","og_url":"https:\/\/bolting.eu\/en\/shop\/petzl-progress-adjust-y\/","og_site_name":"bolting.eu","article_publisher":"https:\/\/www.facebook.com\/bolting.eu","article_modified_time":"2026-04-30T12:42:36+00:00","og_image":[{"width":700,"height":700,"url":"https:\/\/bolting.eu\/wp-content\/uploads\/2024\/10\/Progress-Adjust-Y-1.jpg","type":"image\/jpeg"}],"twitter_card":"summary_large_image","twitter_misc":{"Price":"&euro;&nbsp;72,00","Availability":"In stock"},"schema":{"@context":"https:\/\/schema.org","@graph":[{"@type":["WebPage","ItemPage"],"@id":"https:\/\/bolting.eu\/en\/shop\/petzl-progress-adjust-y\/","url":"https:\/\/bolting.eu\/en\/shop\/petzl-progress-adjust-y\/","name":"Petzl Progress Adjust Y - doppeltes Verbindungsmittel | bolting.eu","isPartOf":{"@id":"https:\/\/bolting.eu\/en\/#website"},"primaryImageOfPage":{"@id":"https:\/\/bolting.eu\/en\/shop\/petzl-progress-adjust-y\/#primaryimage"},"image":{"@id":"https:\/\/bolting.eu\/en\/shop\/petzl-progress-adjust-y\/#primaryimage"},"thumbnailUrl":"https:\/\/bolting.eu\/wp-content\/uploads\/2024\/10\/Progress-Adjust-Y-1.jpg","datePublished":"2024-10-01T16:28:59+00:00","dateModified":"2026-04-30T12:42:36+00:00","description":"Petzl Progress Adjust Y beim Industriekletter Profi kaufen \u2705 Trusted Shop \u2705 kostenloser Versand* \u2705 14 Tage R\u00fcckgaberecht \u2705 Co2 neutrale Zustellung","breadcrumb":{"@id":"https:\/\/bolting.eu\/en\/shop\/petzl-progress-adjust-y\/#breadcrumb"},"inLanguage":"en-US","potentialAction":[{"@type":"ReadAction","target":["https:\/\/bolting.eu\/en\/shop\/petzl-progress-adjust-y\/"]}]},{"@type":"ImageObject","inLanguage":"en-US","@id":"https:\/\/bolting.eu\/en\/shop\/petzl-progress-adjust-y\/#primaryimage","url":"https:\/\/bolting.eu\/wp-content\/uploads\/2024\/10\/Progress-Adjust-Y-1.jpg","contentUrl":"https:\/\/bolting.eu\/wp-content\/uploads\/2024\/10\/Progress-Adjust-Y-1.jpg","width":700,"height":700,"caption":"Progress Adjust"},{"@type":"BreadcrumbList","@id":"https:\/\/bolting.eu\/en\/shop\/petzl-progress-adjust-y\/#breadcrumb","itemListElement":[{"@type":"ListItem","position":1,"name":"Shop","item":"https:\/\/bolting.eu\/en\/shop\/"},{"@type":"ListItem","position":2,"name":"Industrial climbing gear","item":"https:\/\/bolting.eu\/en\/produkt-kategorie\/industrial-climbing-gear\/"},{"@type":"ListItem","position":3,"name":"Lanyard","item":"https:\/\/bolting.eu\/en\/produkt-kategorie\/lanyard\/"},{"@type":"ListItem","position":4,"name":"Petzl Progress Adjust Y"}]},{"@type":"WebSite","@id":"https:\/\/bolting.eu\/en\/#website","url":"https:\/\/bolting.eu\/en\/","name":"bolting.eu","description":"we make climbs happen","publisher":{"@id":"https:\/\/bolting.eu\/en\/#organization"},"potentialAction":[{"@type":"SearchAction","target":{"@type":"EntryPoint","urlTemplate":"https:\/\/bolting.eu\/en\/?s={search_term_string}"},"query-input":{"@type":"PropertyValueSpecification","valueRequired":true,"valueName":"search_term_string"}}],"inLanguage":"en-US"},{"@type":["Organization","Place","SportingGoodsStore"],"@id":"https:\/\/bolting.eu\/en\/#organization","name":"bolting.eu","url":"https:\/\/bolting.eu\/en\/","logo":{"@id":"https:\/\/bolting.eu\/en\/shop\/petzl-progress-adjust-y\/#local-main-organization-logo"},"image":{"@id":"https:\/\/bolting.eu\/en\/shop\/petzl-progress-adjust-y\/#local-main-organization-logo"},"sameAs":["https:\/\/www.facebook.com\/bolting.eu","https:\/\/www.instagram.com\/bolting.eu\/"],"address":{"@id":"https:\/\/bolting.eu\/en\/shop\/petzl-progress-adjust-y\/#local-main-place-address"},"geo":{"@type":"GeoCoordinates","latitude":"47.264176340396226","longitude":"11.380109057672346"},"telephone":["+43 699 19083372"],"openingHoursSpecification":[{"@type":"OpeningHoursSpecification","dayOfWeek":["Monday","Wednesday","Friday"],"opens":"14:00","closes":"18:00"},{"@type":"OpeningHoursSpecification","dayOfWeek":["Tuesday","Thursday","Saturday","Sunday"],"opens":"00:00","closes":"00:00"}],"email":"office@bolting.eu","vatID":"ATU59999728","priceRange":"$$","currenciesAccepted":"Euro"},{"@type":"PostalAddress","@id":"https:\/\/bolting.eu\/en\/shop\/petzl-progress-adjust-y\/#local-main-place-address","streetAddress":"Fischnalerstra\u00dfe 4","addressLocality":"Innsbruck","postalCode":"6020","addressRegion":"Tirol","addressCountry":"AT"},{"@type":"ImageObject","inLanguage":"en-US","@id":"https:\/\/bolting.eu\/en\/shop\/petzl-progress-adjust-y\/#local-main-organization-logo","url":"https:\/\/bolting.eu\/wp-content\/uploads\/2019\/09\/bolting-logo.png","contentUrl":"https:\/\/bolting.eu\/wp-content\/uploads\/2019\/09\/bolting-logo.png","width":400,"height":211,"caption":"bolting.eu"}]},"product_price_amount":"72.00","product_price_currency":"EUR","og_availability":"instock","product_availability":"instock","product_retailer_item_id":"L044AA00","product_condition":"new","geo.placename":"Innsbruck","geo.position":{"lat":"47.264176340396226","long":"11.380109057672346"},"geo.region":"Austria"},"_links":{"self":[{"href":"https:\/\/bolting.eu\/en\/wp-json\/wp\/v2\/product\/21359","targetHints":{"allow":["GET"]}}],"collection":[{"href":"https:\/\/bolting.eu\/en\/wp-json\/wp\/v2\/product"}],"about":[{"href":"https:\/\/bolting.eu\/en\/wp-json\/wp\/v2\/types\/product"}],"replies":[{"embeddable":true,"href":"https:\/\/bolting.eu\/en\/wp-json\/wp\/v2\/comments?post=21359"}],"wp:featuredmedia":[{"embeddable":true,"href":"https:\/\/bolting.eu\/en\/wp-json\/wp\/v2\/media\/21405"}],"wp:attachment":[{"href":"https:\/\/bolting.eu\/en\/wp-json\/wp\/v2\/media?parent=21359"}],"wp:term":[{"taxonomy":"product_brand","embeddable":true,"href":"https:\/\/bolting.eu\/en\/wp-json\/wp\/v2\/product_brand?post=21359"},{"taxonomy":"product_cat","embeddable":true,"href":"https:\/\/bolting.eu\/en\/wp-json\/wp\/v2\/product_cat?post=21359"},{"taxonomy":"product_tag","embeddable":true,"href":"https:\/\/bolting.eu\/en\/wp-json\/wp\/v2\/product_tag?post=21359"}],"curies":[{"name":"wp","href":"https:\/\/api.w.org\/{rel}","templated":true}]}}