{"id":21336,"date":"2024-09-30T12:16:40","date_gmt":"2024-09-30T10:16:40","guid":{"rendered":"https:\/\/bolting.eu\/?post_type=product&#038;p=21336"},"modified":"2026-05-06T19:27:17","modified_gmt":"2026-05-06T17:27:17","slug":"petzl-eashook-open","status":"publish","type":"product","link":"https:\/\/bolting.eu\/en\/shop\/petzl-eashook-open\/","title":{"rendered":"Petzl Eashook open"},"content":{"rendered":"<p>Der Petzl Eashook open ist ein spezieller Karabiner. Denn er ist f\u00fcr die <strong>Enden von Auffangsystemen (z.B. Absorbica &#8211; Y)<\/strong> bzw. zur <strong>Arbeitspositionierung (z.B. dem Grillon)<\/strong> gedacht. F\u00fcr die permanente und sichere Verbindung ist die <strong>Befestigungs\u00f6se aufschraubbar<\/strong>.<\/p>\n<p>Somit k\u00f6nnt ihr die die Schlaufen eurer <a href=\"https:\/\/bolting.eu\/produkt-kategorie\/industriekletter-ausruestung\/verbindungsmittel\/\">Verbindungsmittel<\/a> direkt in den Karabiner einh\u00e4ngen. Das macht vor allem bei einem Austausch eines kaputten &#8220;Fangarms&#8221; oder einer abgenutzten Einbindeschlaufe Sinn.<\/p>\n<p>Die Handballensicherung erleichtert das regelm\u00e4\u00dfige Ein- und Aush\u00e4ngen. Wie z.B. bei <a href=\"https:\/\/bolting.eu\/produkt-kategorie\/einbohrartikel\/klebehaken-buehlerhaken\/\">Klebehaken<\/a> oder anderen <a href=\"https:\/\/bolting.eu\/produkt-kategorie\/industriekletter-ausruestung\/anschlagmittel\/\">Anschlagmitteln<\/a>.<\/p>\n<p>Fazit. Sollte in keiner soliden Industriekletter Ausr\u00fcstung fehlen!<\/p>\n<h2>Eigenschaften Petzl Eashook open<\/h2>\n<ul>\n<li>Hersteller: <a href=\"https:\/\/bolting.eu\/produkt-kategorie\/petzl\/\">Petzl<\/a><\/li>\n<li>Material: Alu<\/li>\n<li>Gewicht: 160 Gramm<\/li>\n<li>Normen: <a href=\"https:\/\/bolting.eu\/en-362-norm\/\">EN 362<\/a>, <a href=\"https:\/\/bolting.eu\/en-12275-norm\/\">EN 12275<\/a><\/li>\n<li>Karabiner mit Handballensicherung und aufschraubbarer \u00d6se f\u00fcr Verbindungsmittel<\/li>\n<li>Weite \u00d6ffnung: 15mm<\/li>\n<li>f\u00fcr doppelte Verbindungsmittel wie z.B. Absorbica-Y, Progress, Progress Adjust)<\/li>\n<li>f\u00fcr Verbindungsmittel zur Arbeitsplatzpositionierung wie z.B. Grillon<\/li>\n<li>erlaubt Tauschen der Verbindungsmittel wenn diese kaputt sind<\/li>\n<li>weite 25mm Schnapper\u00f6ffnung erleichtert Einh\u00e4ngen<\/li>\n<li>kein Verhaken des Karabiners dank Keylock-System<\/li>\n<li><a href=\"https:\/\/www.petzl.com\/sfc\/servlet.shepherd\/version\/download\/068Tx000002uxKTIAY\" target=\"_blank\" rel=\"noopener\">Bedienungsanleitung<\/a><\/li>\n<\/ul>\n<h3>Bedienung des aufschraubbaren Karabiners<\/h3>\n<p>Die Bedienung ist sehr intuitiv und einfach. Dank der Handballensicherung versteht ihr sofort, wie der Karabiner funktioniert.<\/p>\n<p>Einfach fest i die Hand nehmen und auf den Handballen dr\u00fccken. Das Modell schlie\u00dft dann automatisch wenn ihr die Sicherung los l\u00e4sst.<\/p>\n<p><a href=\"https:\/\/bolting.eu\/wp-content\/uploads\/2024\/09\/Bedienung-Petzl-Eashook-open.jpg\"><img loading=\"lazy\" decoding=\"async\" class=\"alignnone size-full wp-image-21344\" src=\"https:\/\/bolting.eu\/wp-content\/uploads\/2024\/09\/Bedienung-Petzl-Eashook-open.jpg\" alt=\"Grafik zur korrekten Bedienung des Petzl Eashook open Karabiners. Rechts oben buntes bolting.eu Logo.\" width=\"1200\" height=\"600\" srcset=\"https:\/\/bolting.eu\/wp-content\/uploads\/2024\/09\/Bedienung-Petzl-Eashook-open.jpg 1200w, https:\/\/bolting.eu\/wp-content\/uploads\/2024\/09\/Bedienung-Petzl-Eashook-open-800x400.jpg 800w, https:\/\/bolting.eu\/wp-content\/uploads\/2024\/09\/Bedienung-Petzl-Eashook-open-768x384.jpg 768w, https:\/\/bolting.eu\/wp-content\/uploads\/2024\/09\/Bedienung-Petzl-Eashook-open-510x255.jpg 510w, https:\/\/bolting.eu\/wp-content\/uploads\/2024\/09\/Bedienung-Petzl-Eashook-open-100x50.jpg 100w\" sizes=\"auto, (max-width: 1200px) 100vw, 1200px\" \/><\/a><\/p>\n<h3>\u00d6ffnen und Schlie\u00dfen der Verbindungs\u00f6se<\/h3>\n<p>Die \u00d6se k\u00f6nnt ihr mit einem Inbus Schl\u00fcssel \u00f6ffnen. Das geht ganz einfach.<\/p>\n<p>F\u00fcr das Schlie\u00dfen empfiehlt der Hersteller jedoch einen Drehmoment Schl\u00fcssel. Denn der empfohlene Drehmoment soll genau eingehalten werden.<\/p>\n<p>Appliziert ihr zu wenig Kraft, kann die Schraube locker werden. Schraubt ihr viel zu fest zu, kann die Schraube brechen.<\/p>\n<p>Beachtet! Der kleine Gummiring an der Schraube darf nicht verloren gehen. Er verhindert n\u00e4mlich Vibrationen. Somit sorgt er auch daf\u00fcr, dass die Schraube im Laufe der Zeit nicht locker werden kann.<\/p>\n<p><a href=\"https:\/\/bolting.eu\/wp-content\/uploads\/2024\/09\/Petzl-Eashook-Open-Verschluss.jpg\"><img loading=\"lazy\" decoding=\"async\" class=\"alignnone size-full wp-image-21346\" src=\"https:\/\/bolting.eu\/wp-content\/uploads\/2024\/09\/Petzl-Eashook-Open-Verschluss.jpg\" alt=\"Grafik die das Aufschrauben und Schlie\u00dfen des Petzl Eashook Open Karabiners erkl\u00e4rt. Rechts oben buntes bolting.eu Logo.\" width=\"1200\" height=\"600\" srcset=\"https:\/\/bolting.eu\/wp-content\/uploads\/2024\/09\/Petzl-Eashook-Open-Verschluss.jpg 1200w, https:\/\/bolting.eu\/wp-content\/uploads\/2024\/09\/Petzl-Eashook-Open-Verschluss-800x400.jpg 800w, https:\/\/bolting.eu\/wp-content\/uploads\/2024\/09\/Petzl-Eashook-Open-Verschluss-768x384.jpg 768w, https:\/\/bolting.eu\/wp-content\/uploads\/2024\/09\/Petzl-Eashook-Open-Verschluss-510x255.jpg 510w, https:\/\/bolting.eu\/wp-content\/uploads\/2024\/09\/Petzl-Eashook-Open-Verschluss-100x50.jpg 100w\" sizes=\"auto, (max-width: 1200px) 100vw, 1200px\" \/><\/a><\/p>\n<h3>Gefahrenhinweise<\/h3>\n<p>Mit etwas Umsicht verwendet ist dieses Modell ein super sicherer Karabiner.<\/p>\n<p>Es gibt jedoch einige gef\u00e4hrliche Belastungsm\u00f6glichkeiten. Hierzu eine Grafik um auf diese Gefahren hinzuweisen.<\/p>\n<figure id=\"attachment_21345\" aria-describedby=\"caption-attachment-21345\" style=\"width: 1200px\" class=\"wp-caption alignnone\"><a href=\"https:\/\/bolting.eu\/wp-content\/uploads\/2024\/09\/Gafahrenhinweise-Petzl-Eashook-open.jpg\"><img loading=\"lazy\" decoding=\"async\" class=\"wp-image-21345 size-full\" src=\"https:\/\/bolting.eu\/wp-content\/uploads\/2024\/09\/Gafahrenhinweise-Petzl-Eashook-open.jpg\" alt=\"Grafik mit Gefahrenhinweisen zu falschen Belastungen des aufschraubbaren Petzl Karabiners. Rechts oben buntes bolting.eu Logo.\" width=\"1200\" height=\"600\" srcset=\"https:\/\/bolting.eu\/wp-content\/uploads\/2024\/09\/Gafahrenhinweise-Petzl-Eashook-open.jpg 1200w, https:\/\/bolting.eu\/wp-content\/uploads\/2024\/09\/Gafahrenhinweise-Petzl-Eashook-open-800x400.jpg 800w, https:\/\/bolting.eu\/wp-content\/uploads\/2024\/09\/Gafahrenhinweise-Petzl-Eashook-open-768x384.jpg 768w, https:\/\/bolting.eu\/wp-content\/uploads\/2024\/09\/Gafahrenhinweise-Petzl-Eashook-open-510x255.jpg 510w, https:\/\/bolting.eu\/wp-content\/uploads\/2024\/09\/Gafahrenhinweise-Petzl-Eashook-open-100x50.jpg 100w\" sizes=\"auto, (max-width: 1200px) 100vw, 1200px\" \/><\/a><figcaption id=\"caption-attachment-21345\" class=\"wp-caption-text\">Vermeidet unbedingt diese gef\u00e4hrlichen Belastungen<\/figcaption><\/figure>\n<h3>Kaputten Klettersteigkarabiner ersetzen?<\/h3>\n<p>Uns wird regelm\u00e4\u00dfig diese Frage gestellt: Kann ich abgen\u00fctzte bzw. kaputte\u00a0 Klettersteigkarabiner mit dem Eashook open von Petzl ersetzen?<\/p>\n<p>Petzl gibt in seiner Bedienungsanleitung keinen Hinweis. Das hat wohl folgenden Grund. Die Entfernung eines &#8220;alten&#8221; Karabiners vom Arm des Klettersteigset birgt gro\u00dfe Gefahren. Insbesondere eine Verletzung der Bandstrukturen durch gro\u00dfe Hitze oder einer Metalls\u00e4ge.<\/p>\n<p>Wir raten deshalb strikt davon ab und raten. Bevor man versucht einen alten Karabiner zu demontieren, sollte man sich lieber ein neues Klettersteigset zulegen.<\/p>\n<h3>Petztl Eashook open f\u00fcr Klettersteig Rastschlinge?<\/h3>\n<p>Ja, das ist eine gute Variante! Wir empfehlen unseren Kunden durchaus dieses Modell, wenn sie sie sich ein Rastschlinge machen wollen.<\/p>\n<p>Am besten nimmt man eine abgen\u00e4hte Schlinge bzw. Seilst\u00fcck wie die <a href=\"https:\/\/bolting.eu\/shop\/kong-aro-adventure-evo-klettersteig-rastschlinge\/\">Kong Aro Adventure Evo<\/a>, die Beal Espresso oder eine Petzl Connect Adjust Selbstsicherungsschlinge.<\/p>\n","protected":false},"excerpt":{"rendered":"<p>Karabiner mit aufschraubbarer Verbindungs\u00f6se f\u00fcr doppelte Verbindungsmittel bzw. Verbindungsmittel zur Arbeitsplatzpositioinierung.<\/p>\n<p>Die \u00d6se hat eine 15mm weite \u00d6ffnung und ist aufschraubbar.<\/p>\n<p>Versandkostenfrei bis 2kg in <img decoding=\"async\" class=\"emoji\" role=\"img\" draggable=\"false\" src=\"https:\/\/s.w.org\/images\/core\/emoji\/14.0.0\/svg\/1f1e6-1f1f9.svg\" alt=\"\ud83c\udde6\ud83c\uddf9\" \/> ab \u20ac 100,- und <img decoding=\"async\" class=\"emoji\" role=\"img\" draggable=\"false\" src=\"https:\/\/s.w.org\/images\/core\/emoji\/14.0.0\/svg\/1f1e9-1f1ea.svg\" alt=\"\ud83c\udde9\ud83c\uddea\" \/> ab \u20ac 200,-!<\/p>\n","protected":false},"featured_media":21339,"comment_status":"closed","ping_status":"closed","template":"","meta":[],"product_brand":[],"product_cat":[14749,29,44,3010,14093,14513],"product_tag":[],"class_list":{"0":"post-21336","1":"product","2":"type-product","3":"status-publish","4":"has-post-thumbnail","6":"product_cat-verbindungselemente","7":"product_cat-kletterausruestung","8":"product_cat-kletterkarabiner","9":"product_cat-klettersteigkarabiner","10":"product_cat-petzl","11":"product_cat-industriekletter-ausruestung","13":"first","14":"instock","15":"sale","16":"taxable","17":"shipping-taxable","18":"purchasable","19":"product-type-simple"},"yoast_head":"<!-- This site is optimized with the Yoast SEO Premium plugin v26.9 (Yoast SEO v26.9) - https:\/\/yoast.com\/product\/yoast-seo-premium-wordpress\/ -->\n<title>Petzl Eashook open | bolting.eu<\/title>\n<meta name=\"description\" content=\"Petzl Eashook open beim Kletter Hardware Profi aus Tirol kaufen \u2705 Trusted Shop \u2705 kostenloser Versand* \u2705 14 Tage R\u00fcckgaberecht \u2705 Co2 neutrale Zustellung\" \/>\n<meta name=\"robots\" content=\"index, follow, max-snippet:-1, max-image-preview:large, max-video-preview:-1\" \/>\n<link rel=\"canonical\" href=\"https:\/\/bolting.eu\/en\/shop\/petzl-eashook-open\/\" \/>\n<meta property=\"og:locale\" content=\"en_US\" \/>\n<meta property=\"og:type\" content=\"article\" \/>\n<meta property=\"og:title\" content=\"Petzl Eashook open\" \/>\n<meta property=\"og:description\" content=\"Petzl Eashook open beim Kletter Hardware Profi aus Tirol kaufen \u2705 Trusted Shop \u2705 kostenloser Versand* \u2705 14 Tage R\u00fcckgaberecht \u2705 Co2 neutrale Zustellung\" \/>\n<meta property=\"og:url\" content=\"https:\/\/bolting.eu\/en\/shop\/petzl-eashook-open\/\" \/>\n<meta property=\"og:site_name\" content=\"bolting.eu\" \/>\n<meta property=\"article:publisher\" content=\"https:\/\/www.facebook.com\/bolting.eu\" \/>\n<meta property=\"article:modified_time\" content=\"2026-05-06T17:27:17+00:00\" \/>\n<meta property=\"og:image\" content=\"https:\/\/bolting.eu\/wp-content\/uploads\/2024\/09\/Petzl-Eashook-open-5.jpg\" \/>\n\t<meta property=\"og:image:width\" content=\"700\" \/>\n\t<meta property=\"og:image:height\" content=\"700\" \/>\n\t<meta property=\"og:image:type\" content=\"image\/jpeg\" \/>\n<meta name=\"twitter:card\" content=\"summary_large_image\" \/>\n<meta name=\"twitter:label1\" content=\"Price\" \/>\n\t<meta name=\"twitter:data1\" content=\"&euro;&nbsp;48,00\" \/>\n\t<meta name=\"twitter:label2\" content=\"Availability\" \/>\n\t<meta name=\"twitter:data2\" content=\"In stock\" \/>\n<script type=\"application\/ld+json\" class=\"yoast-schema-graph\">{\"@context\":\"https:\/\/schema.org\",\"@graph\":[{\"@type\":[\"WebPage\",\"ItemPage\"],\"@id\":\"https:\/\/bolting.eu\/en\/shop\/petzl-eashook-open\/\",\"url\":\"https:\/\/bolting.eu\/en\/shop\/petzl-eashook-open\/\",\"name\":\"Petzl Eashook open | bolting.eu\",\"isPartOf\":{\"@id\":\"https:\/\/bolting.eu\/en\/#website\"},\"primaryImageOfPage\":{\"@id\":\"https:\/\/bolting.eu\/en\/shop\/petzl-eashook-open\/#primaryimage\"},\"image\":{\"@id\":\"https:\/\/bolting.eu\/en\/shop\/petzl-eashook-open\/#primaryimage\"},\"thumbnailUrl\":\"https:\/\/bolting.eu\/wp-content\/uploads\/2024\/09\/Petzl-Eashook-open-5.jpg\",\"datePublished\":\"2024-09-30T10:16:40+00:00\",\"dateModified\":\"2026-05-06T17:27:17+00:00\",\"description\":\"Petzl Eashook open beim Kletter Hardware Profi aus Tirol kaufen \u2705 Trusted Shop \u2705 kostenloser Versand* \u2705 14 Tage R\u00fcckgaberecht \u2705 Co2 neutrale Zustellung\",\"breadcrumb\":{\"@id\":\"https:\/\/bolting.eu\/en\/shop\/petzl-eashook-open\/#breadcrumb\"},\"inLanguage\":\"en-US\",\"potentialAction\":[{\"@type\":\"ReadAction\",\"target\":[\"https:\/\/bolting.eu\/en\/shop\/petzl-eashook-open\/\"]}]},{\"@type\":\"ImageObject\",\"inLanguage\":\"en-US\",\"@id\":\"https:\/\/bolting.eu\/en\/shop\/petzl-eashook-open\/#primaryimage\",\"url\":\"https:\/\/bolting.eu\/wp-content\/uploads\/2024\/09\/Petzl-Eashook-open-5.jpg\",\"contentUrl\":\"https:\/\/bolting.eu\/wp-content\/uploads\/2024\/09\/Petzl-Eashook-open-5.jpg\",\"width\":700,\"height\":700,\"caption\":\"Verschlossener, grau-silberner Petzl Eashook Open Karabiner aufrecht im Bild. Rechts oben buntes bolting.eu Logo.\"},{\"@type\":\"BreadcrumbList\",\"@id\":\"https:\/\/bolting.eu\/en\/shop\/petzl-eashook-open\/#breadcrumb\",\"itemListElement\":[{\"@type\":\"ListItem\",\"position\":1,\"name\":\"Shop\",\"item\":\"https:\/\/bolting.eu\/en\/shop\/\"},{\"@type\":\"ListItem\",\"position\":2,\"name\":\"Industrial climbing gear\",\"item\":\"https:\/\/bolting.eu\/en\/produkt-kategorie\/industrial-climbing-gear\/\"},{\"@type\":\"ListItem\",\"position\":3,\"name\":\"Verbindungselemente\",\"item\":\"https:\/\/bolting.eu\/produkt-kategorie\/industriekletter-ausruestung\/verbindungselemente\/\"},{\"@type\":\"ListItem\",\"position\":4,\"name\":\"Petzl Eashook open\"}]},{\"@type\":\"WebSite\",\"@id\":\"https:\/\/bolting.eu\/en\/#website\",\"url\":\"https:\/\/bolting.eu\/en\/\",\"name\":\"bolting.eu\",\"description\":\"we make climbs happen\",\"publisher\":{\"@id\":\"https:\/\/bolting.eu\/en\/#organization\"},\"potentialAction\":[{\"@type\":\"SearchAction\",\"target\":{\"@type\":\"EntryPoint\",\"urlTemplate\":\"https:\/\/bolting.eu\/en\/?s={search_term_string}\"},\"query-input\":{\"@type\":\"PropertyValueSpecification\",\"valueRequired\":true,\"valueName\":\"search_term_string\"}}],\"inLanguage\":\"en-US\"},{\"@type\":[\"Organization\",\"Place\",\"SportingGoodsStore\"],\"@id\":\"https:\/\/bolting.eu\/en\/#organization\",\"name\":\"bolting.eu\",\"url\":\"https:\/\/bolting.eu\/en\/\",\"logo\":{\"@id\":\"https:\/\/bolting.eu\/en\/shop\/petzl-eashook-open\/#local-main-organization-logo\"},\"image\":{\"@id\":\"https:\/\/bolting.eu\/en\/shop\/petzl-eashook-open\/#local-main-organization-logo\"},\"sameAs\":[\"https:\/\/www.facebook.com\/bolting.eu\",\"https:\/\/www.instagram.com\/bolting.eu\/\"],\"address\":{\"@id\":\"https:\/\/bolting.eu\/en\/shop\/petzl-eashook-open\/#local-main-place-address\"},\"geo\":{\"@type\":\"GeoCoordinates\",\"latitude\":\"47.264176340396226\",\"longitude\":\"11.380109057672346\"},\"telephone\":[\"+43 699 19083372\"],\"openingHoursSpecification\":[{\"@type\":\"OpeningHoursSpecification\",\"dayOfWeek\":[\"Monday\",\"Wednesday\",\"Friday\"],\"opens\":\"14:00\",\"closes\":\"18:00\"},{\"@type\":\"OpeningHoursSpecification\",\"dayOfWeek\":[\"Tuesday\",\"Thursday\",\"Saturday\",\"Sunday\"],\"opens\":\"00:00\",\"closes\":\"00:00\"}],\"email\":\"office@bolting.eu\",\"vatID\":\"ATU59999728\",\"priceRange\":\"$$\",\"currenciesAccepted\":\"Euro\"},{\"@type\":\"PostalAddress\",\"@id\":\"https:\/\/bolting.eu\/en\/shop\/petzl-eashook-open\/#local-main-place-address\",\"streetAddress\":\"Fischnalerstra\u00dfe 4\",\"addressLocality\":\"Innsbruck\",\"postalCode\":\"6020\",\"addressRegion\":\"Tirol\",\"addressCountry\":\"AT\"},{\"@type\":\"ImageObject\",\"inLanguage\":\"en-US\",\"@id\":\"https:\/\/bolting.eu\/en\/shop\/petzl-eashook-open\/#local-main-organization-logo\",\"url\":\"https:\/\/bolting.eu\/wp-content\/uploads\/2019\/09\/bolting-logo.png\",\"contentUrl\":\"https:\/\/bolting.eu\/wp-content\/uploads\/2019\/09\/bolting-logo.png\",\"width\":400,\"height\":211,\"caption\":\"bolting.eu\"}]}<\/script>\n<meta property=\"product:price:amount\" content=\"48.00\" \/>\n<meta property=\"product:price:currency\" content=\"EUR\" \/>\n<meta property=\"og:availability\" content=\"instock\" \/>\n<meta property=\"product:availability\" content=\"instock\" \/>\n<meta property=\"product:retailer_item_id\" content=\"M043AA00\" \/>\n<meta property=\"product:condition\" content=\"new\" \/>\n<meta name=\"geo.placename\" content=\"Innsbruck\" \/>\n<meta name=\"geo.position\" content=\"47.264176340396226;11.380109057672346\" \/>\n<meta name=\"geo.region\" content=\"Austria\" \/>\n<!-- \/ Yoast SEO Premium plugin. -->","yoast_head_json":{"title":"Petzl Eashook open | bolting.eu","description":"Petzl Eashook open beim Kletter Hardware Profi aus Tirol kaufen \u2705 Trusted Shop \u2705 kostenloser Versand* \u2705 14 Tage R\u00fcckgaberecht \u2705 Co2 neutrale Zustellung","robots":{"index":"index","follow":"follow","max-snippet":"max-snippet:-1","max-image-preview":"max-image-preview:large","max-video-preview":"max-video-preview:-1"},"canonical":"https:\/\/bolting.eu\/en\/shop\/petzl-eashook-open\/","og_locale":"en_US","og_type":"article","og_title":"Petzl Eashook open","og_description":"Petzl Eashook open beim Kletter Hardware Profi aus Tirol kaufen \u2705 Trusted Shop \u2705 kostenloser Versand* \u2705 14 Tage R\u00fcckgaberecht \u2705 Co2 neutrale Zustellung","og_url":"https:\/\/bolting.eu\/en\/shop\/petzl-eashook-open\/","og_site_name":"bolting.eu","article_publisher":"https:\/\/www.facebook.com\/bolting.eu","article_modified_time":"2026-05-06T17:27:17+00:00","og_image":[{"width":700,"height":700,"url":"https:\/\/bolting.eu\/wp-content\/uploads\/2024\/09\/Petzl-Eashook-open-5.jpg","type":"image\/jpeg"}],"twitter_card":"summary_large_image","twitter_misc":{"Price":"&euro;&nbsp;48,00","Availability":"In stock"},"schema":{"@context":"https:\/\/schema.org","@graph":[{"@type":["WebPage","ItemPage"],"@id":"https:\/\/bolting.eu\/en\/shop\/petzl-eashook-open\/","url":"https:\/\/bolting.eu\/en\/shop\/petzl-eashook-open\/","name":"Petzl Eashook open | bolting.eu","isPartOf":{"@id":"https:\/\/bolting.eu\/en\/#website"},"primaryImageOfPage":{"@id":"https:\/\/bolting.eu\/en\/shop\/petzl-eashook-open\/#primaryimage"},"image":{"@id":"https:\/\/bolting.eu\/en\/shop\/petzl-eashook-open\/#primaryimage"},"thumbnailUrl":"https:\/\/bolting.eu\/wp-content\/uploads\/2024\/09\/Petzl-Eashook-open-5.jpg","datePublished":"2024-09-30T10:16:40+00:00","dateModified":"2026-05-06T17:27:17+00:00","description":"Petzl Eashook open beim Kletter Hardware Profi aus Tirol kaufen \u2705 Trusted Shop \u2705 kostenloser Versand* \u2705 14 Tage R\u00fcckgaberecht \u2705 Co2 neutrale Zustellung","breadcrumb":{"@id":"https:\/\/bolting.eu\/en\/shop\/petzl-eashook-open\/#breadcrumb"},"inLanguage":"en-US","potentialAction":[{"@type":"ReadAction","target":["https:\/\/bolting.eu\/en\/shop\/petzl-eashook-open\/"]}]},{"@type":"ImageObject","inLanguage":"en-US","@id":"https:\/\/bolting.eu\/en\/shop\/petzl-eashook-open\/#primaryimage","url":"https:\/\/bolting.eu\/wp-content\/uploads\/2024\/09\/Petzl-Eashook-open-5.jpg","contentUrl":"https:\/\/bolting.eu\/wp-content\/uploads\/2024\/09\/Petzl-Eashook-open-5.jpg","width":700,"height":700,"caption":"Verschlossener, grau-silberner Petzl Eashook Open Karabiner aufrecht im Bild. Rechts oben buntes bolting.eu Logo."},{"@type":"BreadcrumbList","@id":"https:\/\/bolting.eu\/en\/shop\/petzl-eashook-open\/#breadcrumb","itemListElement":[{"@type":"ListItem","position":1,"name":"Shop","item":"https:\/\/bolting.eu\/en\/shop\/"},{"@type":"ListItem","position":2,"name":"Industrial climbing gear","item":"https:\/\/bolting.eu\/en\/produkt-kategorie\/industrial-climbing-gear\/"},{"@type":"ListItem","position":3,"name":"Verbindungselemente","item":"https:\/\/bolting.eu\/produkt-kategorie\/industriekletter-ausruestung\/verbindungselemente\/"},{"@type":"ListItem","position":4,"name":"Petzl Eashook open"}]},{"@type":"WebSite","@id":"https:\/\/bolting.eu\/en\/#website","url":"https:\/\/bolting.eu\/en\/","name":"bolting.eu","description":"we make climbs happen","publisher":{"@id":"https:\/\/bolting.eu\/en\/#organization"},"potentialAction":[{"@type":"SearchAction","target":{"@type":"EntryPoint","urlTemplate":"https:\/\/bolting.eu\/en\/?s={search_term_string}"},"query-input":{"@type":"PropertyValueSpecification","valueRequired":true,"valueName":"search_term_string"}}],"inLanguage":"en-US"},{"@type":["Organization","Place","SportingGoodsStore"],"@id":"https:\/\/bolting.eu\/en\/#organization","name":"bolting.eu","url":"https:\/\/bolting.eu\/en\/","logo":{"@id":"https:\/\/bolting.eu\/en\/shop\/petzl-eashook-open\/#local-main-organization-logo"},"image":{"@id":"https:\/\/bolting.eu\/en\/shop\/petzl-eashook-open\/#local-main-organization-logo"},"sameAs":["https:\/\/www.facebook.com\/bolting.eu","https:\/\/www.instagram.com\/bolting.eu\/"],"address":{"@id":"https:\/\/bolting.eu\/en\/shop\/petzl-eashook-open\/#local-main-place-address"},"geo":{"@type":"GeoCoordinates","latitude":"47.264176340396226","longitude":"11.380109057672346"},"telephone":["+43 699 19083372"],"openingHoursSpecification":[{"@type":"OpeningHoursSpecification","dayOfWeek":["Monday","Wednesday","Friday"],"opens":"14:00","closes":"18:00"},{"@type":"OpeningHoursSpecification","dayOfWeek":["Tuesday","Thursday","Saturday","Sunday"],"opens":"00:00","closes":"00:00"}],"email":"office@bolting.eu","vatID":"ATU59999728","priceRange":"$$","currenciesAccepted":"Euro"},{"@type":"PostalAddress","@id":"https:\/\/bolting.eu\/en\/shop\/petzl-eashook-open\/#local-main-place-address","streetAddress":"Fischnalerstra\u00dfe 4","addressLocality":"Innsbruck","postalCode":"6020","addressRegion":"Tirol","addressCountry":"AT"},{"@type":"ImageObject","inLanguage":"en-US","@id":"https:\/\/bolting.eu\/en\/shop\/petzl-eashook-open\/#local-main-organization-logo","url":"https:\/\/bolting.eu\/wp-content\/uploads\/2019\/09\/bolting-logo.png","contentUrl":"https:\/\/bolting.eu\/wp-content\/uploads\/2019\/09\/bolting-logo.png","width":400,"height":211,"caption":"bolting.eu"}]},"product_price_amount":"48.00","product_price_currency":"EUR","og_availability":"instock","product_availability":"instock","product_retailer_item_id":"M043AA00","product_condition":"new","geo.placename":"Innsbruck","geo.position":{"lat":"47.264176340396226","long":"11.380109057672346"},"geo.region":"Austria"},"_links":{"self":[{"href":"https:\/\/bolting.eu\/en\/wp-json\/wp\/v2\/product\/21336","targetHints":{"allow":["GET"]}}],"collection":[{"href":"https:\/\/bolting.eu\/en\/wp-json\/wp\/v2\/product"}],"about":[{"href":"https:\/\/bolting.eu\/en\/wp-json\/wp\/v2\/types\/product"}],"replies":[{"embeddable":true,"href":"https:\/\/bolting.eu\/en\/wp-json\/wp\/v2\/comments?post=21336"}],"wp:featuredmedia":[{"embeddable":true,"href":"https:\/\/bolting.eu\/en\/wp-json\/wp\/v2\/media\/21339"}],"wp:attachment":[{"href":"https:\/\/bolting.eu\/en\/wp-json\/wp\/v2\/media?parent=21336"}],"wp:term":[{"taxonomy":"product_brand","embeddable":true,"href":"https:\/\/bolting.eu\/en\/wp-json\/wp\/v2\/product_brand?post=21336"},{"taxonomy":"product_cat","embeddable":true,"href":"https:\/\/bolting.eu\/en\/wp-json\/wp\/v2\/product_cat?post=21336"},{"taxonomy":"product_tag","embeddable":true,"href":"https:\/\/bolting.eu\/en\/wp-json\/wp\/v2\/product_tag?post=21336"}],"curies":[{"name":"wp","href":"https:\/\/api.w.org\/{rel}","templated":true}]}}