{"id":21312,"date":"2024-09-28T16:54:15","date_gmt":"2024-09-28T14:54:15","guid":{"rendered":"https:\/\/bolting.eu\/?post_type=product&#038;p=21312"},"modified":"2025-02-28T17:10:52","modified_gmt":"2025-02-28T16:10:52","slug":"petzl-omni-halbrunder-karabiner","status":"publish","type":"product","link":"https:\/\/bolting.eu\/en\/shop\/petzl-omni-halbrunder-karabiner\/","title":{"rendered":"Petzl Omni halbrunder Karabiner"},"content":{"rendered":"<p>Der Petzl Omni ist ein halbrunder Karabiner. Somit ist er in alle Richtungen belastbar.<\/p>\n<p>Dieses Modell dient zum einen zum Schlie\u00dfen diverser Petzl <a href=\"https:\/\/bolting.eu\/produkt-kategorie\/industriekletter-ausruestung\/industrieklettergurt\/\">Industrieklettergurte<\/a>.<\/p>\n<p>Und zum anderen f\u00fcr die Befestigung der <a href=\"https:\/\/bolting.eu\/shop\/petzl-croll-bruststeigklemme\/\">Croll Bruststeigklemme<\/a> an <a href=\"https:\/\/bolting.eu\/produkt-kategorie\/kletterausruestung\/brustgurte-klettern\/\">Brustgurten<\/a>.<\/p>\n<p>Dieses Produkt ist hier in zwei Varianten verf\u00fcgbar. Erstens als Screw Lock. D.h. als <a href=\"https:\/\/bolting.eu\/produkt-kategorie\/kletterausruestung\/kletterkarabiner\/schraubkarabiner\/\">Schraubkarabiner<\/a>. Und zweitens als Triact-Lock. D.h. automatisch schlie\u00dfendem 3-Wege <a href=\"https:\/\/bolting.eu\/produkt-kategorie\/kletterausruestung\/kletterkarabiner\/twist-lock-karabiner\/\">Twist Lock Karabiner<\/a>.<\/p>\n<h2>Eigenschaften Petzl Omni<\/h2>\n<ul>\n<li>Hersteller: <a href=\"https:\/\/bolting.eu\/produkt-kategorie\/petzl\/\">Petzl<\/a><\/li>\n<li>Material: Alu<\/li>\n<li>Verschluss Systeme: Screw Lock oder Triact-Lock<\/li>\n<li>Gewicht: 85 Gramm bzw. 90 Gramm<\/li>\n<li>Schnapper\u00f6ffnung: 15mm<\/li>\n<li>Normen: <a href=\"https:\/\/bolting.eu\/en-362-norm\/\">EN 362<\/a><\/li>\n<li>Bruchlast: 15kN<\/li>\n<li>in alle Richtungen belastbarer, halbrunder Karabiner<\/li>\n<li>zum Einh\u00e4ngen einer Croll Bruststeigklemme bei Falcon Ascent<\/li>\n<li>zum Schlie\u00dfen des Industrieklettergurtes Falcon Ascent<\/li>\n<li>Keylock System verhindert Verhaken bei Aus- Einh\u00e4ngen<\/li>\n<li>roter Sicherheitsring bei Screw Lock Modell zeigt an ob er sicher verschlossen ist<\/li>\n<\/ul>\n<h3>Belastungsrichtungen des halbrunden Karabiner<\/h3>\n<p>&#8220;Belastbar in alle Richtungen&#8221; bei diesem Modell meint Folgendes: es kann an jeder Ecke sowie im gebogenen Scheitel (siehe Grafik) eine Kraft ansetzen.<\/p>\n<p>Um klar zu zeigen, wo die Kr\u00e4fte nicht wirken d\u00fcrfen, haben wir die folgende Grafik angef\u00fcgt.<\/p>\n<p><a href=\"https:\/\/bolting.eu\/wp-content\/uploads\/2024\/09\/Belastungsrichtungen-Petzl-Omni.jpg\"><img loading=\"lazy\" decoding=\"async\" class=\"alignnone size-full wp-image-21319\" src=\"https:\/\/bolting.eu\/wp-content\/uploads\/2024\/09\/Belastungsrichtungen-Petzl-Omni.jpg\" alt=\"Grafik zur korekten und nicht korrekten Belastung des Petzl Omni Karabiners.\" width=\"1200\" height=\"600\" srcset=\"https:\/\/bolting.eu\/wp-content\/uploads\/2024\/09\/Belastungsrichtungen-Petzl-Omni.jpg 1200w, https:\/\/bolting.eu\/wp-content\/uploads\/2024\/09\/Belastungsrichtungen-Petzl-Omni-800x400.jpg 800w, https:\/\/bolting.eu\/wp-content\/uploads\/2024\/09\/Belastungsrichtungen-Petzl-Omni-768x384.jpg 768w, https:\/\/bolting.eu\/wp-content\/uploads\/2024\/09\/Belastungsrichtungen-Petzl-Omni-510x255.jpg 510w, https:\/\/bolting.eu\/wp-content\/uploads\/2024\/09\/Belastungsrichtungen-Petzl-Omni-100x50.jpg 100w\" sizes=\"auto, (max-width: 1200px) 100vw, 1200px\" \/><\/a><\/p>\n<h3>Bruchlasten der beiden Modelle<\/h3>\n<p>Die beiden Petzl Omni Varianten haben leicht unterschiedliche <a href=\"https:\/\/bolting.eu\/bruchlast-karabiner\/\">Bruchlastwerte<\/a>. Ihr k\u00f6nnt sie in der Grafik unterhalb sehen.<\/p>\n<p><a href=\"https:\/\/bolting.eu\/wp-content\/uploads\/2024\/09\/Bruchlasten-Petzl-Omni.jpg\"><img loading=\"lazy\" decoding=\"async\" class=\"alignnone size-full wp-image-21317\" src=\"https:\/\/bolting.eu\/wp-content\/uploads\/2024\/09\/Bruchlasten-Petzl-Omni.jpg\" alt=\"Tabelle mit Grafiken zu den Bruchlastwerten des Petzl Omni Karabiners.\" width=\"874\" height=\"198\" srcset=\"https:\/\/bolting.eu\/wp-content\/uploads\/2024\/09\/Bruchlasten-Petzl-Omni.jpg 874w, https:\/\/bolting.eu\/wp-content\/uploads\/2024\/09\/Bruchlasten-Petzl-Omni-800x181.jpg 800w, https:\/\/bolting.eu\/wp-content\/uploads\/2024\/09\/Bruchlasten-Petzl-Omni-768x174.jpg 768w, https:\/\/bolting.eu\/wp-content\/uploads\/2024\/09\/Bruchlasten-Petzl-Omni-510x116.jpg 510w, https:\/\/bolting.eu\/wp-content\/uploads\/2024\/09\/Bruchlasten-Petzl-Omni-100x23.jpg 100w\" sizes=\"auto, (max-width: 874px) 100vw, 874px\" \/><\/a><\/p>\n<h3>Schlie\u00dfen und \u00d6ffnen des Omni<\/h3>\n<p>Schaut euch an, wie dieser halbrunde Karabiner geschlossen bzw. ge\u00f6ffnet werden soll.<\/p>\n<p><a href=\"https:\/\/bolting.eu\/wp-content\/uploads\/2024\/09\/Oeffnen-Schliessen-Petzl-Omni.jpg\"><img loading=\"lazy\" decoding=\"async\" class=\"alignnone size-full wp-image-21318\" src=\"https:\/\/bolting.eu\/wp-content\/uploads\/2024\/09\/Oeffnen-Schliessen-Petzl-Omni.jpg\" alt=\"Grafik zum richtigen \u00d6ffnen und Schlie\u00dfen des Petzl Omni Karabiners.\" width=\"1024\" height=\"492\" srcset=\"https:\/\/bolting.eu\/wp-content\/uploads\/2024\/09\/Oeffnen-Schliessen-Petzl-Omni.jpg 1024w, https:\/\/bolting.eu\/wp-content\/uploads\/2024\/09\/Oeffnen-Schliessen-Petzl-Omni-800x384.jpg 800w, https:\/\/bolting.eu\/wp-content\/uploads\/2024\/09\/Oeffnen-Schliessen-Petzl-Omni-768x369.jpg 768w, https:\/\/bolting.eu\/wp-content\/uploads\/2024\/09\/Oeffnen-Schliessen-Petzl-Omni-510x245.jpg 510w, https:\/\/bolting.eu\/wp-content\/uploads\/2024\/09\/Oeffnen-Schliessen-Petzl-Omni-100x48.jpg 100w\" sizes=\"auto, (max-width: 1024px) 100vw, 1024px\" \/><\/a><\/p>\n","protected":false},"excerpt":{"rendered":"<p>Halbrunder Karabiner der in alle Richtungen belastet werden kann. Zum Befestigen der Croll Bruststeigklemme bzw. dem Verschlie\u00dfen des Falcon Ascent Industrieklettergurtes.<\/p>\n<p>Versandkostenfrei bis 2kg in <img decoding=\"async\" class=\"emoji\" role=\"img\" draggable=\"false\" src=\"https:\/\/s.w.org\/images\/core\/emoji\/14.0.0\/svg\/1f1e6-1f1f9.svg\" alt=\"\ud83c\udde6\ud83c\uddf9\" \/> ab \u20ac 100,- und <img decoding=\"async\" class=\"emoji\" role=\"img\" draggable=\"false\" src=\"https:\/\/s.w.org\/images\/core\/emoji\/14.0.0\/svg\/1f1e9-1f1ea.svg\" alt=\"\ud83c\udde9\ud83c\uddea\" \/> ab \u20ac 200,-!<\/p>\n","protected":false},"featured_media":21316,"comment_status":"closed","ping_status":"closed","template":"","meta":[],"product_brand":[],"product_cat":[13932,14093,14513,44,14749,3009],"product_tag":[],"class_list":{"0":"post-21312","1":"product","2":"type-product","3":"status-publish","4":"has-post-thumbnail","6":"product_cat-twist-lock-karabiner","7":"product_cat-petzl","8":"product_cat-industriekletter-ausruestung","9":"product_cat-kletterkarabiner","10":"product_cat-verbindungselemente","11":"product_cat-schraubkarabiner","13":"first","14":"instock","15":"sale","16":"taxable","17":"shipping-taxable","18":"purchasable","19":"product-type-variable"},"yoast_head":"<!-- This site is optimized with the Yoast SEO Premium plugin v26.9 (Yoast SEO v26.9) - https:\/\/yoast.com\/product\/yoast-seo-premium-wordpress\/ -->\n<title>Petzl Omni halbrunder Karabiner | bolting.eu<\/title>\n<meta name=\"description\" content=\"Petzl Omni halbrunden Karabiner beim Kletter Hardwareprofi kaufen \u2705 Trusted Shop \u2705 kostenloser Versand* \u2705 14 Tage R\u00fcckgaberecht \u2705 Co2 neutrale Zustellung\" \/>\n<meta name=\"robots\" content=\"index, follow, max-snippet:-1, max-image-preview:large, max-video-preview:-1\" \/>\n<link rel=\"canonical\" href=\"https:\/\/bolting.eu\/en\/shop\/petzl-omni-halbrunder-karabiner\/\" \/>\n<meta property=\"og:locale\" content=\"en_US\" \/>\n<meta property=\"og:type\" content=\"article\" \/>\n<meta property=\"og:title\" content=\"Petzl Omni halbrunder Karabiner\" \/>\n<meta property=\"og:description\" content=\"Petzl Omni halbrunden Karabiner beim Kletter Hardwareprofi kaufen \u2705 Trusted Shop \u2705 kostenloser Versand* \u2705 14 Tage R\u00fcckgaberecht \u2705 Co2 neutrale Zustellung\" \/>\n<meta property=\"og:url\" content=\"https:\/\/bolting.eu\/en\/shop\/petzl-omni-halbrunder-karabiner\/\" \/>\n<meta property=\"og:site_name\" content=\"bolting.eu\" \/>\n<meta property=\"article:publisher\" content=\"https:\/\/www.facebook.com\/bolting.eu\" \/>\n<meta property=\"article:modified_time\" content=\"2025-02-28T16:10:52+00:00\" \/>\n<meta property=\"og:image\" content=\"https:\/\/bolting.eu\/wp-content\/uploads\/2024\/09\/Petzl-Omni-TL.jpg\" \/>\n\t<meta property=\"og:image:width\" content=\"700\" \/>\n\t<meta property=\"og:image:height\" content=\"700\" \/>\n\t<meta property=\"og:image:type\" content=\"image\/jpeg\" \/>\n<meta name=\"twitter:card\" content=\"summary_large_image\" \/>\n<meta name=\"twitter:label1\" content=\"Availability\" \/>\n\t<meta name=\"twitter:data1\" content=\"In stock\" \/>\n<script type=\"application\/ld+json\" class=\"yoast-schema-graph\">{\"@context\":\"https:\/\/schema.org\",\"@graph\":[{\"@type\":[\"WebPage\",\"ItemPage\"],\"@id\":\"https:\/\/bolting.eu\/en\/shop\/petzl-omni-halbrunder-karabiner\/\",\"url\":\"https:\/\/bolting.eu\/en\/shop\/petzl-omni-halbrunder-karabiner\/\",\"name\":\"Petzl Omni halbrunder Karabiner | bolting.eu\",\"isPartOf\":{\"@id\":\"https:\/\/bolting.eu\/en\/#website\"},\"primaryImageOfPage\":{\"@id\":\"https:\/\/bolting.eu\/en\/shop\/petzl-omni-halbrunder-karabiner\/#primaryimage\"},\"image\":{\"@id\":\"https:\/\/bolting.eu\/en\/shop\/petzl-omni-halbrunder-karabiner\/#primaryimage\"},\"thumbnailUrl\":\"https:\/\/bolting.eu\/wp-content\/uploads\/2024\/09\/Petzl-Omni-TL.jpg\",\"datePublished\":\"2024-09-28T14:54:15+00:00\",\"dateModified\":\"2025-02-28T16:10:52+00:00\",\"description\":\"Petzl Omni halbrunden Karabiner beim Kletter Hardwareprofi kaufen \u2705 Trusted Shop \u2705 kostenloser Versand* \u2705 14 Tage R\u00fcckgaberecht \u2705 Co2 neutrale Zustellung\",\"breadcrumb\":{\"@id\":\"https:\/\/bolting.eu\/en\/shop\/petzl-omni-halbrunder-karabiner\/#breadcrumb\"},\"inLanguage\":\"en-US\",\"potentialAction\":[{\"@type\":\"ReadAction\",\"target\":[\"https:\/\/bolting.eu\/en\/shop\/petzl-omni-halbrunder-karabiner\/\"]}]},{\"@type\":\"ImageObject\",\"inLanguage\":\"en-US\",\"@id\":\"https:\/\/bolting.eu\/en\/shop\/petzl-omni-halbrunder-karabiner\/#primaryimage\",\"url\":\"https:\/\/bolting.eu\/wp-content\/uploads\/2024\/09\/Petzl-Omni-TL.jpg\",\"contentUrl\":\"https:\/\/bolting.eu\/wp-content\/uploads\/2024\/09\/Petzl-Omni-TL.jpg\",\"width\":700,\"height\":700,\"caption\":\"Silberner Petzl Omni Karabiner mit orangem Triact Lock Verschluss.\"},{\"@type\":\"BreadcrumbList\",\"@id\":\"https:\/\/bolting.eu\/en\/shop\/petzl-omni-halbrunder-karabiner\/#breadcrumb\",\"itemListElement\":[{\"@type\":\"ListItem\",\"position\":1,\"name\":\"Shop\",\"item\":\"https:\/\/bolting.eu\/en\/shop\/\"},{\"@type\":\"ListItem\",\"position\":2,\"name\":\"Industrial climbing gear\",\"item\":\"https:\/\/bolting.eu\/en\/produkt-kategorie\/industrial-climbing-gear\/\"},{\"@type\":\"ListItem\",\"position\":3,\"name\":\"Verbindungselemente\",\"item\":\"https:\/\/bolting.eu\/produkt-kategorie\/industriekletter-ausruestung\/verbindungselemente\/\"},{\"@type\":\"ListItem\",\"position\":4,\"name\":\"Petzl Omni halbrunder Karabiner\"}]},{\"@type\":\"WebSite\",\"@id\":\"https:\/\/bolting.eu\/en\/#website\",\"url\":\"https:\/\/bolting.eu\/en\/\",\"name\":\"bolting.eu\",\"description\":\"we make climbs happen\",\"publisher\":{\"@id\":\"https:\/\/bolting.eu\/en\/#organization\"},\"potentialAction\":[{\"@type\":\"SearchAction\",\"target\":{\"@type\":\"EntryPoint\",\"urlTemplate\":\"https:\/\/bolting.eu\/en\/?s={search_term_string}\"},\"query-input\":{\"@type\":\"PropertyValueSpecification\",\"valueRequired\":true,\"valueName\":\"search_term_string\"}}],\"inLanguage\":\"en-US\"},{\"@type\":[\"Organization\",\"Place\",\"SportingGoodsStore\"],\"@id\":\"https:\/\/bolting.eu\/en\/#organization\",\"name\":\"bolting.eu\",\"url\":\"https:\/\/bolting.eu\/en\/\",\"logo\":{\"@id\":\"https:\/\/bolting.eu\/en\/shop\/petzl-omni-halbrunder-karabiner\/#local-main-organization-logo\"},\"image\":{\"@id\":\"https:\/\/bolting.eu\/en\/shop\/petzl-omni-halbrunder-karabiner\/#local-main-organization-logo\"},\"sameAs\":[\"https:\/\/www.facebook.com\/bolting.eu\",\"https:\/\/www.instagram.com\/bolting.eu\/\"],\"address\":{\"@id\":\"https:\/\/bolting.eu\/en\/shop\/petzl-omni-halbrunder-karabiner\/#local-main-place-address\"},\"geo\":{\"@type\":\"GeoCoordinates\",\"latitude\":\"47.264176340396226\",\"longitude\":\"11.380109057672346\"},\"telephone\":[\"+43 699 19083372\"],\"openingHoursSpecification\":[{\"@type\":\"OpeningHoursSpecification\",\"dayOfWeek\":[\"Monday\",\"Wednesday\",\"Friday\"],\"opens\":\"14:00\",\"closes\":\"18:00\"},{\"@type\":\"OpeningHoursSpecification\",\"dayOfWeek\":[\"Tuesday\",\"Thursday\",\"Saturday\",\"Sunday\"],\"opens\":\"00:00\",\"closes\":\"00:00\"}],\"email\":\"office@bolting.eu\",\"vatID\":\"ATU59999728\",\"priceRange\":\"$$\",\"currenciesAccepted\":\"Euro\"},{\"@type\":\"PostalAddress\",\"@id\":\"https:\/\/bolting.eu\/en\/shop\/petzl-omni-halbrunder-karabiner\/#local-main-place-address\",\"streetAddress\":\"Fischnalerstra\u00dfe 4\",\"addressLocality\":\"Innsbruck\",\"postalCode\":\"6020\",\"addressRegion\":\"Tirol\",\"addressCountry\":\"AT\"},{\"@type\":\"ImageObject\",\"inLanguage\":\"en-US\",\"@id\":\"https:\/\/bolting.eu\/en\/shop\/petzl-omni-halbrunder-karabiner\/#local-main-organization-logo\",\"url\":\"https:\/\/bolting.eu\/wp-content\/uploads\/2019\/09\/bolting-logo.png\",\"contentUrl\":\"https:\/\/bolting.eu\/wp-content\/uploads\/2019\/09\/bolting-logo.png\",\"width\":400,\"height\":211,\"caption\":\"bolting.eu\"}]}<\/script>\n<meta property=\"og:availability\" content=\"instock\" \/>\n<meta property=\"product:availability\" content=\"instock\" \/>\n<meta property=\"product:condition\" content=\"new\" \/>\n<meta name=\"geo.placename\" content=\"Innsbruck\" \/>\n<meta name=\"geo.position\" content=\"47.264176340396226;11.380109057672346\" \/>\n<meta name=\"geo.region\" content=\"Austria\" \/>\n<!-- \/ Yoast SEO Premium plugin. -->","yoast_head_json":{"title":"Petzl Omni halbrunder Karabiner | bolting.eu","description":"Petzl Omni halbrunden Karabiner beim Kletter Hardwareprofi kaufen \u2705 Trusted Shop \u2705 kostenloser Versand* \u2705 14 Tage R\u00fcckgaberecht \u2705 Co2 neutrale Zustellung","robots":{"index":"index","follow":"follow","max-snippet":"max-snippet:-1","max-image-preview":"max-image-preview:large","max-video-preview":"max-video-preview:-1"},"canonical":"https:\/\/bolting.eu\/en\/shop\/petzl-omni-halbrunder-karabiner\/","og_locale":"en_US","og_type":"article","og_title":"Petzl Omni halbrunder Karabiner","og_description":"Petzl Omni halbrunden Karabiner beim Kletter Hardwareprofi kaufen \u2705 Trusted Shop \u2705 kostenloser Versand* \u2705 14 Tage R\u00fcckgaberecht \u2705 Co2 neutrale Zustellung","og_url":"https:\/\/bolting.eu\/en\/shop\/petzl-omni-halbrunder-karabiner\/","og_site_name":"bolting.eu","article_publisher":"https:\/\/www.facebook.com\/bolting.eu","article_modified_time":"2025-02-28T16:10:52+00:00","og_image":[{"width":700,"height":700,"url":"https:\/\/bolting.eu\/wp-content\/uploads\/2024\/09\/Petzl-Omni-TL.jpg","type":"image\/jpeg"}],"twitter_card":"summary_large_image","twitter_misc":{"Availability":"In stock"},"schema":{"@context":"https:\/\/schema.org","@graph":[{"@type":["WebPage","ItemPage"],"@id":"https:\/\/bolting.eu\/en\/shop\/petzl-omni-halbrunder-karabiner\/","url":"https:\/\/bolting.eu\/en\/shop\/petzl-omni-halbrunder-karabiner\/","name":"Petzl Omni halbrunder Karabiner | bolting.eu","isPartOf":{"@id":"https:\/\/bolting.eu\/en\/#website"},"primaryImageOfPage":{"@id":"https:\/\/bolting.eu\/en\/shop\/petzl-omni-halbrunder-karabiner\/#primaryimage"},"image":{"@id":"https:\/\/bolting.eu\/en\/shop\/petzl-omni-halbrunder-karabiner\/#primaryimage"},"thumbnailUrl":"https:\/\/bolting.eu\/wp-content\/uploads\/2024\/09\/Petzl-Omni-TL.jpg","datePublished":"2024-09-28T14:54:15+00:00","dateModified":"2025-02-28T16:10:52+00:00","description":"Petzl Omni halbrunden Karabiner beim Kletter Hardwareprofi kaufen \u2705 Trusted Shop \u2705 kostenloser Versand* \u2705 14 Tage R\u00fcckgaberecht \u2705 Co2 neutrale Zustellung","breadcrumb":{"@id":"https:\/\/bolting.eu\/en\/shop\/petzl-omni-halbrunder-karabiner\/#breadcrumb"},"inLanguage":"en-US","potentialAction":[{"@type":"ReadAction","target":["https:\/\/bolting.eu\/en\/shop\/petzl-omni-halbrunder-karabiner\/"]}]},{"@type":"ImageObject","inLanguage":"en-US","@id":"https:\/\/bolting.eu\/en\/shop\/petzl-omni-halbrunder-karabiner\/#primaryimage","url":"https:\/\/bolting.eu\/wp-content\/uploads\/2024\/09\/Petzl-Omni-TL.jpg","contentUrl":"https:\/\/bolting.eu\/wp-content\/uploads\/2024\/09\/Petzl-Omni-TL.jpg","width":700,"height":700,"caption":"Silberner Petzl Omni Karabiner mit orangem Triact Lock Verschluss."},{"@type":"BreadcrumbList","@id":"https:\/\/bolting.eu\/en\/shop\/petzl-omni-halbrunder-karabiner\/#breadcrumb","itemListElement":[{"@type":"ListItem","position":1,"name":"Shop","item":"https:\/\/bolting.eu\/en\/shop\/"},{"@type":"ListItem","position":2,"name":"Industrial climbing gear","item":"https:\/\/bolting.eu\/en\/produkt-kategorie\/industrial-climbing-gear\/"},{"@type":"ListItem","position":3,"name":"Verbindungselemente","item":"https:\/\/bolting.eu\/produkt-kategorie\/industriekletter-ausruestung\/verbindungselemente\/"},{"@type":"ListItem","position":4,"name":"Petzl Omni halbrunder Karabiner"}]},{"@type":"WebSite","@id":"https:\/\/bolting.eu\/en\/#website","url":"https:\/\/bolting.eu\/en\/","name":"bolting.eu","description":"we make climbs happen","publisher":{"@id":"https:\/\/bolting.eu\/en\/#organization"},"potentialAction":[{"@type":"SearchAction","target":{"@type":"EntryPoint","urlTemplate":"https:\/\/bolting.eu\/en\/?s={search_term_string}"},"query-input":{"@type":"PropertyValueSpecification","valueRequired":true,"valueName":"search_term_string"}}],"inLanguage":"en-US"},{"@type":["Organization","Place","SportingGoodsStore"],"@id":"https:\/\/bolting.eu\/en\/#organization","name":"bolting.eu","url":"https:\/\/bolting.eu\/en\/","logo":{"@id":"https:\/\/bolting.eu\/en\/shop\/petzl-omni-halbrunder-karabiner\/#local-main-organization-logo"},"image":{"@id":"https:\/\/bolting.eu\/en\/shop\/petzl-omni-halbrunder-karabiner\/#local-main-organization-logo"},"sameAs":["https:\/\/www.facebook.com\/bolting.eu","https:\/\/www.instagram.com\/bolting.eu\/"],"address":{"@id":"https:\/\/bolting.eu\/en\/shop\/petzl-omni-halbrunder-karabiner\/#local-main-place-address"},"geo":{"@type":"GeoCoordinates","latitude":"47.264176340396226","longitude":"11.380109057672346"},"telephone":["+43 699 19083372"],"openingHoursSpecification":[{"@type":"OpeningHoursSpecification","dayOfWeek":["Monday","Wednesday","Friday"],"opens":"14:00","closes":"18:00"},{"@type":"OpeningHoursSpecification","dayOfWeek":["Tuesday","Thursday","Saturday","Sunday"],"opens":"00:00","closes":"00:00"}],"email":"office@bolting.eu","vatID":"ATU59999728","priceRange":"$$","currenciesAccepted":"Euro"},{"@type":"PostalAddress","@id":"https:\/\/bolting.eu\/en\/shop\/petzl-omni-halbrunder-karabiner\/#local-main-place-address","streetAddress":"Fischnalerstra\u00dfe 4","addressLocality":"Innsbruck","postalCode":"6020","addressRegion":"Tirol","addressCountry":"AT"},{"@type":"ImageObject","inLanguage":"en-US","@id":"https:\/\/bolting.eu\/en\/shop\/petzl-omni-halbrunder-karabiner\/#local-main-organization-logo","url":"https:\/\/bolting.eu\/wp-content\/uploads\/2019\/09\/bolting-logo.png","contentUrl":"https:\/\/bolting.eu\/wp-content\/uploads\/2019\/09\/bolting-logo.png","width":400,"height":211,"caption":"bolting.eu"}]},"og_availability":"instock","product_availability":"instock","product_condition":"new","geo.placename":"Innsbruck","geo.position":{"lat":"47.264176340396226","long":"11.380109057672346"},"geo.region":"Austria"},"_links":{"self":[{"href":"https:\/\/bolting.eu\/en\/wp-json\/wp\/v2\/product\/21312","targetHints":{"allow":["GET"]}}],"collection":[{"href":"https:\/\/bolting.eu\/en\/wp-json\/wp\/v2\/product"}],"about":[{"href":"https:\/\/bolting.eu\/en\/wp-json\/wp\/v2\/types\/product"}],"replies":[{"embeddable":true,"href":"https:\/\/bolting.eu\/en\/wp-json\/wp\/v2\/comments?post=21312"}],"wp:featuredmedia":[{"embeddable":true,"href":"https:\/\/bolting.eu\/en\/wp-json\/wp\/v2\/media\/21316"}],"wp:attachment":[{"href":"https:\/\/bolting.eu\/en\/wp-json\/wp\/v2\/media?parent=21312"}],"wp:term":[{"taxonomy":"product_brand","embeddable":true,"href":"https:\/\/bolting.eu\/en\/wp-json\/wp\/v2\/product_brand?post=21312"},{"taxonomy":"product_cat","embeddable":true,"href":"https:\/\/bolting.eu\/en\/wp-json\/wp\/v2\/product_cat?post=21312"},{"taxonomy":"product_tag","embeddable":true,"href":"https:\/\/bolting.eu\/en\/wp-json\/wp\/v2\/product_tag?post=21312"}],"curies":[{"name":"wp","href":"https:\/\/api.w.org\/{rel}","templated":true}]}}