{"id":21276,"date":"2024-09-27T18:31:33","date_gmt":"2024-09-27T16:31:33","guid":{"rendered":"https:\/\/bolting.eu\/?post_type=product&#038;p=21276"},"modified":"2026-03-13T15:30:39","modified_gmt":"2026-03-13T14:30:39","slug":"petzl-neox","status":"publish","type":"product","link":"https:\/\/bolting.eu\/en\/shop\/petzl-neox\/","title":{"rendered":"Petzl Neox"},"content":{"rendered":"<p>Das Petzl Neox ist ein halbautomatisches <a href=\"https:\/\/bolting.eu\/produkt-kategorie\/kletterausruestung\/sicherungsgeraete-klettern\/\">Sicherungsger\u00e4t<\/a>. D.h. es hat eine Bremskraftunterst\u00fctzung bei einem Sturz oder wenn der Vorsteiger rastet.<\/p>\n<p>Es ist seit 2024 auf dem Markt. Dieses Produkt erg\u00e4nzt die Reihe an Sicherungsger\u00e4ten optimal. Denn es ist speziell f\u00fcr Anf\u00e4nger ein tolles Produkt um besser im Vorstieg sichern zu k\u00f6nnen.<\/p>\n<p>Kurz gesagt ist dieses Modell die logische Weiterentwicklung des <a href=\"https:\/\/bolting.eu\/shop\/petzl-grigri-2\/\">GriGri 2<\/a> bzw. <a href=\"https:\/\/bolting.eu\/shop\/petzl-grigri-plus\/\">Gri Gri +<\/a>. Es ist auf leichteres Seilausgeben sowie ruckelfreies Ablassen optimiert. Hierf\u00fcr hat Petzl das Innenleben bzw. den Klemmnocken deutlich ver\u00e4ndert. D.h. das Seilausgeben bzw. Ablassen geht hier sehr fl\u00fcssig und ohne dass der Klemmnocken gleich einmal blockiert.<\/p>\n<p>Eine sehr gute Weiterentwicklung, die vor allem Anf\u00e4ngern das Handling deutlich erleichtert.<\/p>\n<h2>Eigenschaften Petzl Neox<\/h2>\n<ul>\n<li>Hersteller: <a href=\"https:\/\/bolting.eu\/produkt-kategorie\/petzl\/\">Petzl<\/a><\/li>\n<li>Material: Seitenteile aus Alu, Klemmnocken und Raud aus Edelstahl, Hebel aus Polyamid<\/li>\n<li>Gewicht: 235 Gramm<\/li>\n<li>f\u00fcr Seildurchmesser: 8,5 &#8211; 11mm- optimiert f\u00fcr 8,9 &#8211; 10,5mm<\/li>\n<li>Normen: EN 15151<\/li>\n<li>Farben: orange, grau, schwarz<\/li>\n<li>empfohlene Karabiner: <a href=\"https:\/\/bolting.eu\/shop\/petzl-smd-twist-lock\/\">SM\u00b4D Twist-Lock<\/a> oder <a href=\"https:\/\/bolting.eu\/shop\/petzl-attache\/\">Attache<\/a><\/li>\n<li>Bremskraftunterst\u00fctzung &#8211; blockiert automatisch bei Sturz bzw. Rasten des Vorsteigers <strong>wenn Bremshandprinzip angewendet wird<\/strong><\/li>\n<li>erm\u00f6glicht schnelles und fl\u00fcssiges Seilausgeben &#8211; kein Blockieren des Klemmnockens mehr<\/li>\n<li>ruckelfreies Ablassen dank neuer Rolle im Inneren<\/li>\n<li>ergonomischer Hebel zu Ablassen<\/li>\n<li>Hebel aus recyceltem Polyamid<\/li>\n<\/ul>\n<h3>Produktvideo<\/h3>\n<p>Im Folgenden lassen wir Petzl das Neox und seine technischen Details nochmals selber vorstellen.<\/p>\n<p><iframe loading=\"lazy\" title=\"NEOX\u00ae - Sicherungsger\u00e4t mit Blockierunterst\u00fctzung durch Klemmnocken, optimiert f\u00fcr das Klettern im Vorstieg\" src=\"https:\/\/player.vimeo.com\/video\/805973221?dnt=1&amp;app_id=122963\" width=\"1020\" height=\"574\" frameborder=\"0\" allow=\"autoplay; fullscreen; picture-in-picture; clipboard-write; encrypted-media; web-share\" referrerpolicy=\"strict-origin-when-cross-origin\"><\/iframe><\/p>\n<h3>\u00a0Vor- und Nachteile des Petzl Neox<\/h3>\n<p>Nach einigen Monaten am Markt, lassen sich die folgenden Aussagen t\u00e4tigen. Wir fassen hier die Meinungen vieler Kletterfreunde, Videos und die eigenen Erfahrungen zusammen.<\/p>\n<p>Vorteile:<\/p>\n<ul>\n<li>tolles, schnelles und fl\u00fcssiges Seilausgeben<\/li>\n<li>kein Erlernen der Gaswerkmethode n\u00f6tig<\/li>\n<li>Ablassen geht sehr gleichm\u00e4\u00dfig<\/li>\n<li>ideal f\u00fcr alle, die &#8220;tubeartige&#8221; Sicherungsmethode bevorzugen (keine H\u00e4nde am Ger\u00e4t)<\/li>\n<li>blockiert super zuverl\u00e4ssig bei Beachtung des Bremshandprinzips<\/li>\n<\/ul>\n<p>Nachteile:<\/p>\n<ul>\n<li>&#8220;klick&#8221; Ger\u00e4usche vor dem Blockieren<\/li>\n<li>vor dem &#8220;Zu-Machen&#8221; muss man Bremshand umst\u00e4ndlicher zum Ger\u00e4t bringen<\/li>\n<li>beim Ablassen oder Abseilen rutscht das Seil zuerst leider ruckartig ein sehr kleines bi\u00dfchen durch<\/li>\n<\/ul>\n<h3>Kein GriGri 3.0<\/h3>\n<p>Petzl weist deutlich darauf hin. Das Neox ist KEIN GriGri 3.0.<\/p>\n<p>D.h. wir haben es hier mit einer ganz eigenen Mechanik dieses Sicherungsger\u00e4tes zu tun. Denn dieses Ger\u00e4t hat eine drehbare Rolle innen im Geh\u00e4use. Dieses Rolle dreht sich beim Seil Ein- und Ausgeben automatisch mit. Deshalb auch das tolle Handling bei diesen Seilman\u00f6vern.<\/p>\n<p>Grundlage der sicheren Blockierfunktion ist die Beachtung des Bremshandprinzips. D.h. das Festhalten des Bremsseiles mit der sogenannten Bremshand. Wenn man das macht, dr\u00fcckt es die Rolle (hat eine kleine Feder!) nach oben. Daraufhin l\u00f6st der entstehende Druck den Klemmnocken aus.<\/p>\n<p>Das ist ein ganz wesentlicher Unterschied zum GriGri 2 bzw. GriGri +. Denn daraus resultiert auch der Hinweis in der Bedienungsanleitung, keine H\u00e4nde ans Sicherungsger\u00e4t zu geben. D.h. die Gaswerkmethode ist ist hier sogar &#8220;verboten&#8221;.<\/p>\n<p>&nbsp;<\/p>\n<p>&nbsp;<\/p>\n<p>&nbsp;<\/p>\n","protected":false},"excerpt":{"rendered":"<p>Sicherungsger\u00e4t f\u00fcr schnelleres und fl\u00fcssigeres Seilausgeben mit Bremskraftunterst\u00fctzung. Wird wie Tuber benutzt, blockiert bei Bremshandprinzip aber automatisch.<\/p>\n<p>Ideal f\u00fcr Anf\u00e4nger.<\/p>\n<p>Versandkostenfrei bis 2kg in <img decoding=\"async\" class=\"emoji\" role=\"img\" draggable=\"false\" src=\"https:\/\/s.w.org\/images\/core\/emoji\/14.0.0\/svg\/1f1e6-1f1f9.svg\" alt=\"\ud83c\udde6\ud83c\uddf9\" \/> ab \u20ac 100,- und <img decoding=\"async\" class=\"emoji\" role=\"img\" draggable=\"false\" src=\"https:\/\/s.w.org\/images\/core\/emoji\/14.0.0\/svg\/1f1e9-1f1ea.svg\" alt=\"\ud83c\udde9\ud83c\uddea\" \/> ab \u20ac 200,-!<\/p>\n","protected":false},"featured_media":21280,"comment_status":"closed","ping_status":"closed","template":"","meta":[],"product_brand":[],"product_cat":[29,3711,14093],"product_tag":[],"class_list":{"0":"post-21276","1":"product","2":"type-product","3":"status-publish","4":"has-post-thumbnail","6":"product_cat-kletterausruestung","7":"product_cat-sicherungsgeraete-klettern","8":"product_cat-petzl","10":"first","11":"instock","12":"sale","13":"taxable","14":"shipping-taxable","15":"purchasable","16":"product-type-variable"},"yoast_head":"<!-- This site is optimized with the Yoast SEO Premium plugin v26.9 (Yoast SEO v26.9) - https:\/\/yoast.com\/product\/yoast-seo-premium-wordpress\/ -->\n<title>Petzl Neox Sicherungsger\u00e4t mit Bremskraftunterst\u00fctzung | bolting.eu<\/title>\n<meta name=\"description\" content=\"Petzl Neox Sicherungsger\u00e4t beim Kletter Hardwareprofi kaufen \u2705 Trusted Shop \u2705 kostenloser Versand* \u2705 14 Tage R\u00fcckgaberecht \u2705 Co2 neutrale Zustellung\" \/>\n<meta name=\"robots\" content=\"index, follow, max-snippet:-1, max-image-preview:large, max-video-preview:-1\" \/>\n<link rel=\"canonical\" href=\"https:\/\/bolting.eu\/en\/shop\/petzl-neox\/\" \/>\n<meta property=\"og:locale\" content=\"en_US\" \/>\n<meta property=\"og:type\" content=\"article\" \/>\n<meta property=\"og:title\" content=\"Petzl Neox\" \/>\n<meta property=\"og:description\" content=\"Petzl Neox Sicherungsger\u00e4t beim Kletter Hardwareprofi kaufen \u2705 Trusted Shop \u2705 kostenloser Versand* \u2705 14 Tage R\u00fcckgaberecht \u2705 Co2 neutrale Zustellung\" \/>\n<meta property=\"og:url\" content=\"https:\/\/bolting.eu\/en\/shop\/petzl-neox\/\" \/>\n<meta property=\"og:site_name\" content=\"bolting.eu\" \/>\n<meta property=\"article:publisher\" content=\"https:\/\/www.facebook.com\/bolting.eu\" \/>\n<meta property=\"article:modified_time\" content=\"2026-03-13T14:30:39+00:00\" \/>\n<meta property=\"og:image\" content=\"https:\/\/bolting.eu\/wp-content\/uploads\/2024\/09\/Petzl-Neox-4.jpg\" \/>\n\t<meta property=\"og:image:width\" content=\"700\" \/>\n\t<meta property=\"og:image:height\" content=\"700\" \/>\n\t<meta property=\"og:image:type\" content=\"image\/jpeg\" \/>\n<meta name=\"twitter:card\" content=\"summary_large_image\" \/>\n<meta name=\"twitter:label1\" content=\"Availability\" \/>\n\t<meta name=\"twitter:data1\" content=\"In stock\" \/>\n<script type=\"application\/ld+json\" class=\"yoast-schema-graph\">{\"@context\":\"https:\/\/schema.org\",\"@graph\":[{\"@type\":[\"WebPage\",\"ItemPage\"],\"@id\":\"https:\/\/bolting.eu\/en\/shop\/petzl-neox\/\",\"url\":\"https:\/\/bolting.eu\/en\/shop\/petzl-neox\/\",\"name\":\"Petzl Neox Sicherungsger\u00e4t mit Bremskraftunterst\u00fctzung | bolting.eu\",\"isPartOf\":{\"@id\":\"https:\/\/bolting.eu\/en\/#website\"},\"primaryImageOfPage\":{\"@id\":\"https:\/\/bolting.eu\/en\/shop\/petzl-neox\/#primaryimage\"},\"image\":{\"@id\":\"https:\/\/bolting.eu\/en\/shop\/petzl-neox\/#primaryimage\"},\"thumbnailUrl\":\"https:\/\/bolting.eu\/wp-content\/uploads\/2024\/09\/Petzl-Neox-4.jpg\",\"datePublished\":\"2024-09-27T16:31:33+00:00\",\"dateModified\":\"2026-03-13T14:30:39+00:00\",\"description\":\"Petzl Neox Sicherungsger\u00e4t beim Kletter Hardwareprofi kaufen \u2705 Trusted Shop \u2705 kostenloser Versand* \u2705 14 Tage R\u00fcckgaberecht \u2705 Co2 neutrale Zustellung\",\"breadcrumb\":{\"@id\":\"https:\/\/bolting.eu\/en\/shop\/petzl-neox\/#breadcrumb\"},\"inLanguage\":\"en-US\",\"potentialAction\":[{\"@type\":\"ReadAction\",\"target\":[\"https:\/\/bolting.eu\/en\/shop\/petzl-neox\/\"]}]},{\"@type\":\"ImageObject\",\"inLanguage\":\"en-US\",\"@id\":\"https:\/\/bolting.eu\/en\/shop\/petzl-neox\/#primaryimage\",\"url\":\"https:\/\/bolting.eu\/wp-content\/uploads\/2024\/09\/Petzl-Neox-4.jpg\",\"contentUrl\":\"https:\/\/bolting.eu\/wp-content\/uploads\/2024\/09\/Petzl-Neox-4.jpg\",\"width\":700,\"height\":700,\"caption\":\"Oranges Petzl Neox Sicherungsger\u00e4t mit Ablasshebel und Sicherheitshinweis. Rechts oben buntes bolting.eu Logo.\"},{\"@type\":\"BreadcrumbList\",\"@id\":\"https:\/\/bolting.eu\/en\/shop\/petzl-neox\/#breadcrumb\",\"itemListElement\":[{\"@type\":\"ListItem\",\"position\":1,\"name\":\"Shop\",\"item\":\"https:\/\/bolting.eu\/en\/shop\/\"},{\"@type\":\"ListItem\",\"position\":2,\"name\":\"climbing equipment\",\"item\":\"https:\/\/bolting.eu\/en\/produkt-kategorie\/climbing-equipment\/\"},{\"@type\":\"ListItem\",\"position\":3,\"name\":\"Sicherungsger\u00e4te Klettern\",\"item\":\"https:\/\/bolting.eu\/produkt-kategorie\/kletterausruestung\/sicherungsgeraete-klettern\/\"},{\"@type\":\"ListItem\",\"position\":4,\"name\":\"Petzl Neox\"}]},{\"@type\":\"WebSite\",\"@id\":\"https:\/\/bolting.eu\/en\/#website\",\"url\":\"https:\/\/bolting.eu\/en\/\",\"name\":\"bolting.eu\",\"description\":\"we make climbs happen\",\"publisher\":{\"@id\":\"https:\/\/bolting.eu\/en\/#organization\"},\"potentialAction\":[{\"@type\":\"SearchAction\",\"target\":{\"@type\":\"EntryPoint\",\"urlTemplate\":\"https:\/\/bolting.eu\/en\/?s={search_term_string}\"},\"query-input\":{\"@type\":\"PropertyValueSpecification\",\"valueRequired\":true,\"valueName\":\"search_term_string\"}}],\"inLanguage\":\"en-US\"},{\"@type\":[\"Organization\",\"Place\",\"SportingGoodsStore\"],\"@id\":\"https:\/\/bolting.eu\/en\/#organization\",\"name\":\"bolting.eu\",\"url\":\"https:\/\/bolting.eu\/en\/\",\"logo\":{\"@id\":\"https:\/\/bolting.eu\/en\/shop\/petzl-neox\/#local-main-organization-logo\"},\"image\":{\"@id\":\"https:\/\/bolting.eu\/en\/shop\/petzl-neox\/#local-main-organization-logo\"},\"sameAs\":[\"https:\/\/www.facebook.com\/bolting.eu\",\"https:\/\/www.instagram.com\/bolting.eu\/\"],\"address\":{\"@id\":\"https:\/\/bolting.eu\/en\/shop\/petzl-neox\/#local-main-place-address\"},\"geo\":{\"@type\":\"GeoCoordinates\",\"latitude\":\"47.264176340396226\",\"longitude\":\"11.380109057672346\"},\"telephone\":[\"+43 699 19083372\"],\"openingHoursSpecification\":[{\"@type\":\"OpeningHoursSpecification\",\"dayOfWeek\":[\"Monday\",\"Wednesday\",\"Friday\"],\"opens\":\"14:00\",\"closes\":\"18:00\"},{\"@type\":\"OpeningHoursSpecification\",\"dayOfWeek\":[\"Tuesday\",\"Thursday\",\"Saturday\",\"Sunday\"],\"opens\":\"00:00\",\"closes\":\"00:00\"}],\"email\":\"office@bolting.eu\",\"vatID\":\"ATU59999728\",\"priceRange\":\"$$\",\"currenciesAccepted\":\"Euro\"},{\"@type\":\"PostalAddress\",\"@id\":\"https:\/\/bolting.eu\/en\/shop\/petzl-neox\/#local-main-place-address\",\"streetAddress\":\"Fischnalerstra\u00dfe 4\",\"addressLocality\":\"Innsbruck\",\"postalCode\":\"6020\",\"addressRegion\":\"Tirol\",\"addressCountry\":\"AT\"},{\"@type\":\"ImageObject\",\"inLanguage\":\"en-US\",\"@id\":\"https:\/\/bolting.eu\/en\/shop\/petzl-neox\/#local-main-organization-logo\",\"url\":\"https:\/\/bolting.eu\/wp-content\/uploads\/2019\/09\/bolting-logo.png\",\"contentUrl\":\"https:\/\/bolting.eu\/wp-content\/uploads\/2019\/09\/bolting-logo.png\",\"width\":400,\"height\":211,\"caption\":\"bolting.eu\"}]}<\/script>\n<meta property=\"og:video\" content=\"https:\/\/player.vimeo.com\/video\/805973221\" \/>\n<meta property=\"og:video:type\" content=\"text\/html\" \/>\n<meta property=\"og:video:duration\" content=\"83\" \/>\n<meta property=\"og:video:width\" content=\"3840\" \/>\n<meta property=\"og:video:height\" content=\"2160\" \/>\n<meta property=\"ya:ovs:adult\" content=\"false\" \/>\n<meta property=\"ya:ovs:upload_date\" content=\"2024-09-27T16:31:33+00:00\" \/>\n<meta property=\"ya:ovs:allow_embed\" content=\"true\" \/>\n<meta property=\"og:availability\" content=\"instock\" \/>\n<meta property=\"product:availability\" content=\"instock\" \/>\n<meta property=\"product:condition\" content=\"new\" \/>\n<meta name=\"geo.placename\" content=\"Innsbruck\" \/>\n<meta name=\"geo.position\" content=\"47.264176340396226;11.380109057672346\" \/>\n<meta name=\"geo.region\" content=\"Austria\" \/>\n<!-- \/ Yoast SEO Premium plugin. -->","yoast_head_json":{"title":"Petzl Neox Sicherungsger\u00e4t mit Bremskraftunterst\u00fctzung | bolting.eu","description":"Petzl Neox Sicherungsger\u00e4t beim Kletter Hardwareprofi kaufen \u2705 Trusted Shop \u2705 kostenloser Versand* \u2705 14 Tage R\u00fcckgaberecht \u2705 Co2 neutrale Zustellung","robots":{"index":"index","follow":"follow","max-snippet":"max-snippet:-1","max-image-preview":"max-image-preview:large","max-video-preview":"max-video-preview:-1"},"canonical":"https:\/\/bolting.eu\/en\/shop\/petzl-neox\/","og_locale":"en_US","og_type":"article","og_title":"Petzl Neox","og_description":"Petzl Neox Sicherungsger\u00e4t beim Kletter Hardwareprofi kaufen \u2705 Trusted Shop \u2705 kostenloser Versand* \u2705 14 Tage R\u00fcckgaberecht \u2705 Co2 neutrale Zustellung","og_url":"https:\/\/bolting.eu\/en\/shop\/petzl-neox\/","og_site_name":"bolting.eu","article_publisher":"https:\/\/www.facebook.com\/bolting.eu","article_modified_time":"2026-03-13T14:30:39+00:00","og_image":[{"width":700,"height":700,"url":"https:\/\/bolting.eu\/wp-content\/uploads\/2024\/09\/Petzl-Neox-4.jpg","type":"image\/jpeg"}],"twitter_card":"summary_large_image","twitter_misc":{"Availability":"In stock"},"schema":{"@context":"https:\/\/schema.org","@graph":[{"@type":["WebPage","ItemPage"],"@id":"https:\/\/bolting.eu\/en\/shop\/petzl-neox\/","url":"https:\/\/bolting.eu\/en\/shop\/petzl-neox\/","name":"Petzl Neox Sicherungsger\u00e4t mit Bremskraftunterst\u00fctzung | bolting.eu","isPartOf":{"@id":"https:\/\/bolting.eu\/en\/#website"},"primaryImageOfPage":{"@id":"https:\/\/bolting.eu\/en\/shop\/petzl-neox\/#primaryimage"},"image":{"@id":"https:\/\/bolting.eu\/en\/shop\/petzl-neox\/#primaryimage"},"thumbnailUrl":"https:\/\/bolting.eu\/wp-content\/uploads\/2024\/09\/Petzl-Neox-4.jpg","datePublished":"2024-09-27T16:31:33+00:00","dateModified":"2026-03-13T14:30:39+00:00","description":"Petzl Neox Sicherungsger\u00e4t beim Kletter Hardwareprofi kaufen \u2705 Trusted Shop \u2705 kostenloser Versand* \u2705 14 Tage R\u00fcckgaberecht \u2705 Co2 neutrale Zustellung","breadcrumb":{"@id":"https:\/\/bolting.eu\/en\/shop\/petzl-neox\/#breadcrumb"},"inLanguage":"en-US","potentialAction":[{"@type":"ReadAction","target":["https:\/\/bolting.eu\/en\/shop\/petzl-neox\/"]}]},{"@type":"ImageObject","inLanguage":"en-US","@id":"https:\/\/bolting.eu\/en\/shop\/petzl-neox\/#primaryimage","url":"https:\/\/bolting.eu\/wp-content\/uploads\/2024\/09\/Petzl-Neox-4.jpg","contentUrl":"https:\/\/bolting.eu\/wp-content\/uploads\/2024\/09\/Petzl-Neox-4.jpg","width":700,"height":700,"caption":"Oranges Petzl Neox Sicherungsger\u00e4t mit Ablasshebel und Sicherheitshinweis. Rechts oben buntes bolting.eu Logo."},{"@type":"BreadcrumbList","@id":"https:\/\/bolting.eu\/en\/shop\/petzl-neox\/#breadcrumb","itemListElement":[{"@type":"ListItem","position":1,"name":"Shop","item":"https:\/\/bolting.eu\/en\/shop\/"},{"@type":"ListItem","position":2,"name":"climbing equipment","item":"https:\/\/bolting.eu\/en\/produkt-kategorie\/climbing-equipment\/"},{"@type":"ListItem","position":3,"name":"Sicherungsger\u00e4te Klettern","item":"https:\/\/bolting.eu\/produkt-kategorie\/kletterausruestung\/sicherungsgeraete-klettern\/"},{"@type":"ListItem","position":4,"name":"Petzl Neox"}]},{"@type":"WebSite","@id":"https:\/\/bolting.eu\/en\/#website","url":"https:\/\/bolting.eu\/en\/","name":"bolting.eu","description":"we make climbs happen","publisher":{"@id":"https:\/\/bolting.eu\/en\/#organization"},"potentialAction":[{"@type":"SearchAction","target":{"@type":"EntryPoint","urlTemplate":"https:\/\/bolting.eu\/en\/?s={search_term_string}"},"query-input":{"@type":"PropertyValueSpecification","valueRequired":true,"valueName":"search_term_string"}}],"inLanguage":"en-US"},{"@type":["Organization","Place","SportingGoodsStore"],"@id":"https:\/\/bolting.eu\/en\/#organization","name":"bolting.eu","url":"https:\/\/bolting.eu\/en\/","logo":{"@id":"https:\/\/bolting.eu\/en\/shop\/petzl-neox\/#local-main-organization-logo"},"image":{"@id":"https:\/\/bolting.eu\/en\/shop\/petzl-neox\/#local-main-organization-logo"},"sameAs":["https:\/\/www.facebook.com\/bolting.eu","https:\/\/www.instagram.com\/bolting.eu\/"],"address":{"@id":"https:\/\/bolting.eu\/en\/shop\/petzl-neox\/#local-main-place-address"},"geo":{"@type":"GeoCoordinates","latitude":"47.264176340396226","longitude":"11.380109057672346"},"telephone":["+43 699 19083372"],"openingHoursSpecification":[{"@type":"OpeningHoursSpecification","dayOfWeek":["Monday","Wednesday","Friday"],"opens":"14:00","closes":"18:00"},{"@type":"OpeningHoursSpecification","dayOfWeek":["Tuesday","Thursday","Saturday","Sunday"],"opens":"00:00","closes":"00:00"}],"email":"office@bolting.eu","vatID":"ATU59999728","priceRange":"$$","currenciesAccepted":"Euro"},{"@type":"PostalAddress","@id":"https:\/\/bolting.eu\/en\/shop\/petzl-neox\/#local-main-place-address","streetAddress":"Fischnalerstra\u00dfe 4","addressLocality":"Innsbruck","postalCode":"6020","addressRegion":"Tirol","addressCountry":"AT"},{"@type":"ImageObject","inLanguage":"en-US","@id":"https:\/\/bolting.eu\/en\/shop\/petzl-neox\/#local-main-organization-logo","url":"https:\/\/bolting.eu\/wp-content\/uploads\/2019\/09\/bolting-logo.png","contentUrl":"https:\/\/bolting.eu\/wp-content\/uploads\/2019\/09\/bolting-logo.png","width":400,"height":211,"caption":"bolting.eu"}]},"og_video":"https:\/\/player.vimeo.com\/video\/805973221","og_video_type":"text\/html","og_video_duration":"83","og_video_width":"3840","og_video_height":"2160","ya_ovs_adult":"false","ya_ovs_upload_date":"2024-09-27T16:31:33+00:00","ya_ovs_allow_embed":"true","og_availability":"instock","product_availability":"instock","product_condition":"new","geo.placename":"Innsbruck","geo.position":{"lat":"47.264176340396226","long":"11.380109057672346"},"geo.region":"Austria"},"_links":{"self":[{"href":"https:\/\/bolting.eu\/en\/wp-json\/wp\/v2\/product\/21276","targetHints":{"allow":["GET"]}}],"collection":[{"href":"https:\/\/bolting.eu\/en\/wp-json\/wp\/v2\/product"}],"about":[{"href":"https:\/\/bolting.eu\/en\/wp-json\/wp\/v2\/types\/product"}],"replies":[{"embeddable":true,"href":"https:\/\/bolting.eu\/en\/wp-json\/wp\/v2\/comments?post=21276"}],"wp:featuredmedia":[{"embeddable":true,"href":"https:\/\/bolting.eu\/en\/wp-json\/wp\/v2\/media\/21280"}],"wp:attachment":[{"href":"https:\/\/bolting.eu\/en\/wp-json\/wp\/v2\/media?parent=21276"}],"wp:term":[{"taxonomy":"product_brand","embeddable":true,"href":"https:\/\/bolting.eu\/en\/wp-json\/wp\/v2\/product_brand?post=21276"},{"taxonomy":"product_cat","embeddable":true,"href":"https:\/\/bolting.eu\/en\/wp-json\/wp\/v2\/product_cat?post=21276"},{"taxonomy":"product_tag","embeddable":true,"href":"https:\/\/bolting.eu\/en\/wp-json\/wp\/v2\/product_tag?post=21276"}],"curies":[{"name":"wp","href":"https:\/\/api.w.org\/{rel}","templated":true}]}}