{"id":21209,"date":"2024-09-18T15:25:02","date_gmt":"2024-09-18T13:25:02","guid":{"rendered":"https:\/\/bolting.eu\/?post_type=product&#038;p=21209"},"modified":"2026-02-28T15:11:03","modified_gmt":"2026-02-28T14:11:03","slug":"petzl-markierungshuelsen-fuer-seilenden","status":"publish","type":"product","link":"https:\/\/bolting.eu\/en\/shop\/petzl-markierungshuelsen-fuer-seilenden\/","title":{"rendered":"Petzl Markierungsh\u00fclsen f\u00fcr Seilenden"},"content":{"rendered":"<p>Hier findet ihr ein Set von Markierungsh\u00fclsen f\u00fcr Seilenden. Es besteht aus 20 Stk. Schrumpfschl\u00e4uchen und 10 Stk. Etiketten. D.h. Sets f\u00fcr 10 St\u00fcck Seile mit einem Durchmesser 10,5 bis 13mm. Somit k\u00f6nnt ihr z.B. das <a href=\"https:\/\/bolting.eu\/shop\/petzl-parallel-10-5-mm\/\">Petzl Parallel 10,5mm Statikseil<\/a> oder <a href=\"https:\/\/bolting.eu\/shop\/beal-segment-statikseil\/\">Beal Segment 11mm<\/a> markieren.<\/p>\n<p>Am Etikett k\u00f6nnt ihr die wichtigsten Daten selbst eintragen.<\/p>\n<p>Dieses Set zur <a href=\"https:\/\/bolting.eu\/seilmarkierung-seilmitte-markieren\/\">Seilmarkierung<\/a> hilft euch bei eurem Seilmanagement. Denn so k\u00f6nnt ihr immer alle wichtigsten Infos super sichtbar machen. Dar\u00fcber hinaus lassen sich die Seile z.B. nach jedem Abschneiden neu markieren.<\/p>\n<h2>Eigenschaften Petzl Markierungsh\u00fclsen f\u00fcr Seilenden<\/h2>\n<ul>\n<li>Hersteller: <a href=\"https:\/\/bolting.eu\/produkt-kategorie\/petzl\/\">Petzl<\/a><\/li>\n<li>20 St\u00fcck abriebfeste Schrumpfschl\u00e4uche und 10 St\u00fcck Etiketten<\/li>\n<li>f\u00fcr Seilenden 10,5 &#8211; 13 mm<\/li>\n<li>Datenfelder der f\u00e4ulsnisbest\u00e4ndigen Etiketten:<br \/>\n&#8211; Hersteller<br \/>\n&#8211; Name Seilmodell<br \/>\n&#8211; Durchmesser<br \/>\n&#8211; L\u00e4nge<br \/>\n&#8211; Nummer<br \/>\n&#8211; Fabrikationsdatum<\/li>\n<li>Gr\u00f6\u00dfe Etiketten: 30 x 20mm<\/li>\n<li>Schrumpfschlauch kann mit jedem F\u00f6n angebracht werden<\/li>\n<li>Gr\u00f6\u00dfe Schrumpfschlauch: 30 x 30mm<\/li>\n<li>Gewicht: 30 Gramm<\/li>\n<\/ul>\n","protected":false},"excerpt":{"rendered":"<p>Markierungsh\u00fclsen f\u00fcr Seilenden 10,5 &#8211; 13mm. 20 Stk. Schrumpfschl\u00e4uche und 10 Stk. Etiketten f\u00fcr alle wichtigen Infos.<\/p>\n<p>Erleichtert ein \u00fcbersichtliches Seilmannagement.<\/p>\n<p>Versandkostenfrei bis 2kg in <img decoding=\"async\" class=\"emoji\" role=\"img\" draggable=\"false\" src=\"https:\/\/s.w.org\/images\/core\/emoji\/14.0.0\/svg\/1f1e6-1f1f9.svg\" alt=\"\ud83c\udde6\ud83c\uddf9\" \/> ab \u20ac 100,- und <img decoding=\"async\" class=\"emoji\" role=\"img\" draggable=\"false\" src=\"https:\/\/s.w.org\/images\/core\/emoji\/14.0.0\/svg\/1f1e9-1f1ea.svg\" alt=\"\ud83c\udde9\ud83c\uddea\" \/> ab \u20ac 200,-!<\/p>\n","protected":false},"featured_media":21210,"comment_status":"closed","ping_status":"closed","template":"","meta":[],"product_brand":[],"product_cat":[29,5061,6727,14093,14513],"product_tag":[],"class_list":{"0":"post-21209","1":"product","2":"type-product","3":"status-publish","4":"has-post-thumbnail","6":"product_cat-kletterausruestung","7":"product_cat-kletterzubehoer","8":"product_cat-kletterseil","9":"product_cat-petzl","10":"product_cat-industriekletter-ausruestung","12":"first","13":"outofstock","14":"taxable","15":"shipping-taxable","16":"purchasable","17":"product-type-simple"},"yoast_head":"<!-- This site is optimized with the Yoast SEO Premium plugin v26.9 (Yoast SEO v26.9) - https:\/\/yoast.com\/product\/yoast-seo-premium-wordpress\/ -->\n<title>Petzl Markierungsh\u00fclsen f\u00fcr Seilenden | bolting.eu<\/title>\n<meta name=\"description\" content=\"Petzl Markierungsh\u00fclsen f\u00fcr Seilenden beim Kletterprofi kaufen \u2705 Trusted Shop \u2705 kostenloser Versand* \u2705 14 Tage R\u00fcckgaberecht \u2705 Co2 neutrale Zustellung\" \/>\n<meta name=\"robots\" content=\"index, follow, max-snippet:-1, max-image-preview:large, max-video-preview:-1\" \/>\n<link rel=\"canonical\" href=\"https:\/\/bolting.eu\/en\/shop\/petzl-markierungshuelsen-fuer-seilenden\/\" \/>\n<meta property=\"og:locale\" content=\"en_US\" \/>\n<meta property=\"og:type\" content=\"article\" \/>\n<meta property=\"og:title\" content=\"Petzl Markierungsh\u00fclsen f\u00fcr Seilenden\" \/>\n<meta property=\"og:description\" content=\"Petzl Markierungsh\u00fclsen f\u00fcr Seilenden beim Kletterprofi kaufen \u2705 Trusted Shop \u2705 kostenloser Versand* \u2705 14 Tage R\u00fcckgaberecht \u2705 Co2 neutrale Zustellung\" \/>\n<meta property=\"og:url\" content=\"https:\/\/bolting.eu\/en\/shop\/petzl-markierungshuelsen-fuer-seilenden\/\" \/>\n<meta property=\"og:site_name\" content=\"bolting.eu\" \/>\n<meta property=\"article:publisher\" content=\"https:\/\/www.facebook.com\/bolting.eu\" \/>\n<meta property=\"article:modified_time\" content=\"2026-02-28T14:11:03+00:00\" \/>\n<meta property=\"og:image\" content=\"https:\/\/bolting.eu\/wp-content\/uploads\/2024\/09\/MARKIERUNGSHUeLSEN-FUeR-SEILENDEN-1.jpg\" \/>\n\t<meta property=\"og:image:width\" content=\"700\" \/>\n\t<meta property=\"og:image:height\" content=\"700\" \/>\n\t<meta property=\"og:image:type\" content=\"image\/jpeg\" \/>\n<meta name=\"twitter:card\" content=\"summary_large_image\" \/>\n<meta name=\"twitter:label1\" content=\"Price\" \/>\n\t<meta name=\"twitter:data1\" content=\"&euro;&nbsp;18,00\" \/>\n\t<meta name=\"twitter:label2\" content=\"Availability\" \/>\n\t<meta name=\"twitter:data2\" content=\"Out of stock\" \/>\n<script type=\"application\/ld+json\" class=\"yoast-schema-graph\">{\"@context\":\"https:\/\/schema.org\",\"@graph\":[{\"@type\":[\"WebPage\",\"ItemPage\"],\"@id\":\"https:\/\/bolting.eu\/en\/shop\/petzl-markierungshuelsen-fuer-seilenden\/\",\"url\":\"https:\/\/bolting.eu\/en\/shop\/petzl-markierungshuelsen-fuer-seilenden\/\",\"name\":\"Petzl Markierungsh\u00fclsen f\u00fcr Seilenden | bolting.eu\",\"isPartOf\":{\"@id\":\"https:\/\/bolting.eu\/en\/#website\"},\"primaryImageOfPage\":{\"@id\":\"https:\/\/bolting.eu\/en\/shop\/petzl-markierungshuelsen-fuer-seilenden\/#primaryimage\"},\"image\":{\"@id\":\"https:\/\/bolting.eu\/en\/shop\/petzl-markierungshuelsen-fuer-seilenden\/#primaryimage\"},\"thumbnailUrl\":\"https:\/\/bolting.eu\/wp-content\/uploads\/2024\/09\/MARKIERUNGSHUeLSEN-FUeR-SEILENDEN-1.jpg\",\"datePublished\":\"2024-09-18T13:25:02+00:00\",\"dateModified\":\"2026-02-28T14:11:03+00:00\",\"description\":\"Petzl Markierungsh\u00fclsen f\u00fcr Seilenden beim Kletterprofi kaufen \u2705 Trusted Shop \u2705 kostenloser Versand* \u2705 14 Tage R\u00fcckgaberecht \u2705 Co2 neutrale Zustellung\",\"breadcrumb\":{\"@id\":\"https:\/\/bolting.eu\/en\/shop\/petzl-markierungshuelsen-fuer-seilenden\/#breadcrumb\"},\"inLanguage\":\"en-US\",\"potentialAction\":[{\"@type\":\"ReadAction\",\"target\":[\"https:\/\/bolting.eu\/en\/shop\/petzl-markierungshuelsen-fuer-seilenden\/\"]}]},{\"@type\":\"ImageObject\",\"inLanguage\":\"en-US\",\"@id\":\"https:\/\/bolting.eu\/en\/shop\/petzl-markierungshuelsen-fuer-seilenden\/#primaryimage\",\"url\":\"https:\/\/bolting.eu\/wp-content\/uploads\/2024\/09\/MARKIERUNGSHUeLSEN-FUeR-SEILENDEN-1.jpg\",\"contentUrl\":\"https:\/\/bolting.eu\/wp-content\/uploads\/2024\/09\/MARKIERUNGSHUeLSEN-FUeR-SEILENDEN-1.jpg\",\"width\":700,\"height\":700,\"caption\":\"Gelbes Seil mit Markierungsh\u00fclsen f\u00fcr Seilenden mit Etiketten und buntes bolting.eu Logo.\"},{\"@type\":\"BreadcrumbList\",\"@id\":\"https:\/\/bolting.eu\/en\/shop\/petzl-markierungshuelsen-fuer-seilenden\/#breadcrumb\",\"itemListElement\":[{\"@type\":\"ListItem\",\"position\":1,\"name\":\"Shop\",\"item\":\"https:\/\/bolting.eu\/en\/shop\/\"},{\"@type\":\"ListItem\",\"position\":2,\"name\":\"Industrial climbing gear\",\"item\":\"https:\/\/bolting.eu\/en\/produkt-kategorie\/industrial-climbing-gear\/\"},{\"@type\":\"ListItem\",\"position\":3,\"name\":\"Petzl Markierungsh\u00fclsen f\u00fcr Seilenden\"}]},{\"@type\":\"WebSite\",\"@id\":\"https:\/\/bolting.eu\/en\/#website\",\"url\":\"https:\/\/bolting.eu\/en\/\",\"name\":\"bolting.eu\",\"description\":\"we make climbs happen\",\"publisher\":{\"@id\":\"https:\/\/bolting.eu\/en\/#organization\"},\"potentialAction\":[{\"@type\":\"SearchAction\",\"target\":{\"@type\":\"EntryPoint\",\"urlTemplate\":\"https:\/\/bolting.eu\/en\/?s={search_term_string}\"},\"query-input\":{\"@type\":\"PropertyValueSpecification\",\"valueRequired\":true,\"valueName\":\"search_term_string\"}}],\"inLanguage\":\"en-US\"},{\"@type\":[\"Organization\",\"Place\",\"SportingGoodsStore\"],\"@id\":\"https:\/\/bolting.eu\/en\/#organization\",\"name\":\"bolting.eu\",\"url\":\"https:\/\/bolting.eu\/en\/\",\"logo\":{\"@id\":\"https:\/\/bolting.eu\/en\/shop\/petzl-markierungshuelsen-fuer-seilenden\/#local-main-organization-logo\"},\"image\":{\"@id\":\"https:\/\/bolting.eu\/en\/shop\/petzl-markierungshuelsen-fuer-seilenden\/#local-main-organization-logo\"},\"sameAs\":[\"https:\/\/www.facebook.com\/bolting.eu\",\"https:\/\/www.instagram.com\/bolting.eu\/\"],\"address\":{\"@id\":\"https:\/\/bolting.eu\/en\/shop\/petzl-markierungshuelsen-fuer-seilenden\/#local-main-place-address\"},\"geo\":{\"@type\":\"GeoCoordinates\",\"latitude\":\"47.264176340396226\",\"longitude\":\"11.380109057672346\"},\"telephone\":[\"+43 699 19083372\"],\"openingHoursSpecification\":[{\"@type\":\"OpeningHoursSpecification\",\"dayOfWeek\":[\"Monday\",\"Wednesday\",\"Friday\"],\"opens\":\"14:00\",\"closes\":\"18:00\"},{\"@type\":\"OpeningHoursSpecification\",\"dayOfWeek\":[\"Tuesday\",\"Thursday\",\"Saturday\",\"Sunday\"],\"opens\":\"00:00\",\"closes\":\"00:00\"}],\"email\":\"office@bolting.eu\",\"vatID\":\"ATU59999728\",\"priceRange\":\"$$\",\"currenciesAccepted\":\"Euro\"},{\"@type\":\"PostalAddress\",\"@id\":\"https:\/\/bolting.eu\/en\/shop\/petzl-markierungshuelsen-fuer-seilenden\/#local-main-place-address\",\"streetAddress\":\"Fischnalerstra\u00dfe 4\",\"addressLocality\":\"Innsbruck\",\"postalCode\":\"6020\",\"addressRegion\":\"Tirol\",\"addressCountry\":\"AT\"},{\"@type\":\"ImageObject\",\"inLanguage\":\"en-US\",\"@id\":\"https:\/\/bolting.eu\/en\/shop\/petzl-markierungshuelsen-fuer-seilenden\/#local-main-organization-logo\",\"url\":\"https:\/\/bolting.eu\/wp-content\/uploads\/2019\/09\/bolting-logo.png\",\"contentUrl\":\"https:\/\/bolting.eu\/wp-content\/uploads\/2019\/09\/bolting-logo.png\",\"width\":400,\"height\":211,\"caption\":\"bolting.eu\"}]}<\/script>\n<meta property=\"product:price:amount\" content=\"18.00\" \/>\n<meta property=\"product:price:currency\" content=\"EUR\" \/>\n<meta property=\"og:availability\" content=\"out of stock\" \/>\n<meta property=\"product:availability\" content=\"out of stock\" \/>\n<meta property=\"product:retailer_item_id\" content=\"R002AA00\" \/>\n<meta property=\"product:condition\" content=\"new\" \/>\n<meta name=\"geo.placename\" content=\"Innsbruck\" \/>\n<meta name=\"geo.position\" content=\"47.264176340396226;11.380109057672346\" \/>\n<meta name=\"geo.region\" content=\"Austria\" \/>\n<!-- \/ Yoast SEO Premium plugin. -->","yoast_head_json":{"title":"Petzl Markierungsh\u00fclsen f\u00fcr Seilenden | bolting.eu","description":"Petzl Markierungsh\u00fclsen f\u00fcr Seilenden beim Kletterprofi kaufen \u2705 Trusted Shop \u2705 kostenloser Versand* \u2705 14 Tage R\u00fcckgaberecht \u2705 Co2 neutrale Zustellung","robots":{"index":"index","follow":"follow","max-snippet":"max-snippet:-1","max-image-preview":"max-image-preview:large","max-video-preview":"max-video-preview:-1"},"canonical":"https:\/\/bolting.eu\/en\/shop\/petzl-markierungshuelsen-fuer-seilenden\/","og_locale":"en_US","og_type":"article","og_title":"Petzl Markierungsh\u00fclsen f\u00fcr Seilenden","og_description":"Petzl Markierungsh\u00fclsen f\u00fcr Seilenden beim Kletterprofi kaufen \u2705 Trusted Shop \u2705 kostenloser Versand* \u2705 14 Tage R\u00fcckgaberecht \u2705 Co2 neutrale Zustellung","og_url":"https:\/\/bolting.eu\/en\/shop\/petzl-markierungshuelsen-fuer-seilenden\/","og_site_name":"bolting.eu","article_publisher":"https:\/\/www.facebook.com\/bolting.eu","article_modified_time":"2026-02-28T14:11:03+00:00","og_image":[{"width":700,"height":700,"url":"https:\/\/bolting.eu\/wp-content\/uploads\/2024\/09\/MARKIERUNGSHUeLSEN-FUeR-SEILENDEN-1.jpg","type":"image\/jpeg"}],"twitter_card":"summary_large_image","twitter_misc":{"Price":"&euro;&nbsp;18,00","Availability":"Out of stock"},"schema":{"@context":"https:\/\/schema.org","@graph":[{"@type":["WebPage","ItemPage"],"@id":"https:\/\/bolting.eu\/en\/shop\/petzl-markierungshuelsen-fuer-seilenden\/","url":"https:\/\/bolting.eu\/en\/shop\/petzl-markierungshuelsen-fuer-seilenden\/","name":"Petzl Markierungsh\u00fclsen f\u00fcr Seilenden | bolting.eu","isPartOf":{"@id":"https:\/\/bolting.eu\/en\/#website"},"primaryImageOfPage":{"@id":"https:\/\/bolting.eu\/en\/shop\/petzl-markierungshuelsen-fuer-seilenden\/#primaryimage"},"image":{"@id":"https:\/\/bolting.eu\/en\/shop\/petzl-markierungshuelsen-fuer-seilenden\/#primaryimage"},"thumbnailUrl":"https:\/\/bolting.eu\/wp-content\/uploads\/2024\/09\/MARKIERUNGSHUeLSEN-FUeR-SEILENDEN-1.jpg","datePublished":"2024-09-18T13:25:02+00:00","dateModified":"2026-02-28T14:11:03+00:00","description":"Petzl Markierungsh\u00fclsen f\u00fcr Seilenden beim Kletterprofi kaufen \u2705 Trusted Shop \u2705 kostenloser Versand* \u2705 14 Tage R\u00fcckgaberecht \u2705 Co2 neutrale Zustellung","breadcrumb":{"@id":"https:\/\/bolting.eu\/en\/shop\/petzl-markierungshuelsen-fuer-seilenden\/#breadcrumb"},"inLanguage":"en-US","potentialAction":[{"@type":"ReadAction","target":["https:\/\/bolting.eu\/en\/shop\/petzl-markierungshuelsen-fuer-seilenden\/"]}]},{"@type":"ImageObject","inLanguage":"en-US","@id":"https:\/\/bolting.eu\/en\/shop\/petzl-markierungshuelsen-fuer-seilenden\/#primaryimage","url":"https:\/\/bolting.eu\/wp-content\/uploads\/2024\/09\/MARKIERUNGSHUeLSEN-FUeR-SEILENDEN-1.jpg","contentUrl":"https:\/\/bolting.eu\/wp-content\/uploads\/2024\/09\/MARKIERUNGSHUeLSEN-FUeR-SEILENDEN-1.jpg","width":700,"height":700,"caption":"Gelbes Seil mit Markierungsh\u00fclsen f\u00fcr Seilenden mit Etiketten und buntes bolting.eu Logo."},{"@type":"BreadcrumbList","@id":"https:\/\/bolting.eu\/en\/shop\/petzl-markierungshuelsen-fuer-seilenden\/#breadcrumb","itemListElement":[{"@type":"ListItem","position":1,"name":"Shop","item":"https:\/\/bolting.eu\/en\/shop\/"},{"@type":"ListItem","position":2,"name":"Industrial climbing gear","item":"https:\/\/bolting.eu\/en\/produkt-kategorie\/industrial-climbing-gear\/"},{"@type":"ListItem","position":3,"name":"Petzl Markierungsh\u00fclsen f\u00fcr Seilenden"}]},{"@type":"WebSite","@id":"https:\/\/bolting.eu\/en\/#website","url":"https:\/\/bolting.eu\/en\/","name":"bolting.eu","description":"we make climbs happen","publisher":{"@id":"https:\/\/bolting.eu\/en\/#organization"},"potentialAction":[{"@type":"SearchAction","target":{"@type":"EntryPoint","urlTemplate":"https:\/\/bolting.eu\/en\/?s={search_term_string}"},"query-input":{"@type":"PropertyValueSpecification","valueRequired":true,"valueName":"search_term_string"}}],"inLanguage":"en-US"},{"@type":["Organization","Place","SportingGoodsStore"],"@id":"https:\/\/bolting.eu\/en\/#organization","name":"bolting.eu","url":"https:\/\/bolting.eu\/en\/","logo":{"@id":"https:\/\/bolting.eu\/en\/shop\/petzl-markierungshuelsen-fuer-seilenden\/#local-main-organization-logo"},"image":{"@id":"https:\/\/bolting.eu\/en\/shop\/petzl-markierungshuelsen-fuer-seilenden\/#local-main-organization-logo"},"sameAs":["https:\/\/www.facebook.com\/bolting.eu","https:\/\/www.instagram.com\/bolting.eu\/"],"address":{"@id":"https:\/\/bolting.eu\/en\/shop\/petzl-markierungshuelsen-fuer-seilenden\/#local-main-place-address"},"geo":{"@type":"GeoCoordinates","latitude":"47.264176340396226","longitude":"11.380109057672346"},"telephone":["+43 699 19083372"],"openingHoursSpecification":[{"@type":"OpeningHoursSpecification","dayOfWeek":["Monday","Wednesday","Friday"],"opens":"14:00","closes":"18:00"},{"@type":"OpeningHoursSpecification","dayOfWeek":["Tuesday","Thursday","Saturday","Sunday"],"opens":"00:00","closes":"00:00"}],"email":"office@bolting.eu","vatID":"ATU59999728","priceRange":"$$","currenciesAccepted":"Euro"},{"@type":"PostalAddress","@id":"https:\/\/bolting.eu\/en\/shop\/petzl-markierungshuelsen-fuer-seilenden\/#local-main-place-address","streetAddress":"Fischnalerstra\u00dfe 4","addressLocality":"Innsbruck","postalCode":"6020","addressRegion":"Tirol","addressCountry":"AT"},{"@type":"ImageObject","inLanguage":"en-US","@id":"https:\/\/bolting.eu\/en\/shop\/petzl-markierungshuelsen-fuer-seilenden\/#local-main-organization-logo","url":"https:\/\/bolting.eu\/wp-content\/uploads\/2019\/09\/bolting-logo.png","contentUrl":"https:\/\/bolting.eu\/wp-content\/uploads\/2019\/09\/bolting-logo.png","width":400,"height":211,"caption":"bolting.eu"}]},"product_price_amount":"18.00","product_price_currency":"EUR","og_availability":"out of stock","product_availability":"out of stock","product_retailer_item_id":"R002AA00","product_condition":"new","geo.placename":"Innsbruck","geo.position":{"lat":"47.264176340396226","long":"11.380109057672346"},"geo.region":"Austria"},"_links":{"self":[{"href":"https:\/\/bolting.eu\/en\/wp-json\/wp\/v2\/product\/21209","targetHints":{"allow":["GET"]}}],"collection":[{"href":"https:\/\/bolting.eu\/en\/wp-json\/wp\/v2\/product"}],"about":[{"href":"https:\/\/bolting.eu\/en\/wp-json\/wp\/v2\/types\/product"}],"replies":[{"embeddable":true,"href":"https:\/\/bolting.eu\/en\/wp-json\/wp\/v2\/comments?post=21209"}],"wp:featuredmedia":[{"embeddable":true,"href":"https:\/\/bolting.eu\/en\/wp-json\/wp\/v2\/media\/21210"}],"wp:attachment":[{"href":"https:\/\/bolting.eu\/en\/wp-json\/wp\/v2\/media?parent=21209"}],"wp:term":[{"taxonomy":"product_brand","embeddable":true,"href":"https:\/\/bolting.eu\/en\/wp-json\/wp\/v2\/product_brand?post=21209"},{"taxonomy":"product_cat","embeddable":true,"href":"https:\/\/bolting.eu\/en\/wp-json\/wp\/v2\/product_cat?post=21209"},{"taxonomy":"product_tag","embeddable":true,"href":"https:\/\/bolting.eu\/en\/wp-json\/wp\/v2\/product_tag?post=21209"}],"curies":[{"name":"wp","href":"https:\/\/api.w.org\/{rel}","templated":true}]}}