{"id":2104,"date":"2020-03-16T13:19:51","date_gmt":"2020-03-16T12:19:51","guid":{"rendered":"https:\/\/bolting.eu\/?post_type=product&#038;p=2104"},"modified":"2026-03-18T13:20:17","modified_gmt":"2026-03-18T12:20:17","slug":"metolius-big-wall-stuff-sacks-materialsaecke","status":"publish","type":"product","link":"https:\/\/bolting.eu\/en\/shop\/metolius-big-wall-stuff-sacks-materialsaecke\/","title":{"rendered":"Metolius Big Wall Stuff Sacks Materials\u00e4cke"},"content":{"rendered":"<p>Die Metolius Big Wall Stuff Sacks sind hilfreiche Materials\u00e4cke. Denn einerseits sind sie &#8211; nomen est omen &#8211; eine wichtige f\u00fcr <a href=\"https:\/\/bolting.eu\/produkt-kategorie\/big-wall-ausruestung\/\">Big Wall Ausr\u00fcstung<\/a>. Andererseits lassen Sie sich aber auch perfekt f\u00fcr Einbohr Aktionen verwenden.<\/p>\n<p>Denn erstens bestehen sie aus abriebfestem 600d Polyester. D.h. sie sind sehr robust und langlebig. Zweitens haben sie starke Trageriemen. Das ist enorm hilfreich. Denn nur so kann man auch etwas schwerer Lasten wie <a href=\"https:\/\/bolting.eu\/produkt-kategorie\/bohrhaken\/\">Bohrhaken<\/a>, <a href=\"https:\/\/bolting.eu\/produkt-kategorie\/klebehaken-buehlerhaken\/\">Klebehaken<\/a>, <a href=\"https:\/\/bolting.eu\/produkt-kategorie\/injektionsmoertel\/\">Injektionsm\u00f6rtel<\/a> usw. mitnehmen. Zudem passen in die Gr\u00f6\u00dfe &#8220;Large&#8221; sogar noch SDS Bohrer, Rapid Glieder und <a href=\"https:\/\/bolting.eu\/produkt-kategorie\/felshammer\/\">Felshammer<\/a> Platz! Drittens lassen sich durch die verschiedenen Farben die Materials\u00e4cke sofort unterscheiden. Folglich hat man immer gleich die passende Kletterausr\u00fcstung zur Hand.<\/p>\n<h3>Eigenschaften Metolius Big Wall Stuff Sacks Materials\u00e4cke<\/h3>\n<ul>\n<li>Material: robustes 600d Polyester<\/li>\n<li>Gr\u00f6\u00dfen: small = 12 Liter; mediaum = 15 Liter; large = 26 Liter<\/li>\n<li>starke Trageriemen &#8211; extra verst\u00e4rkte Fixierung<\/li>\n<li>perfekt zum Sortieren der Bigwall Ausr\u00fcstung<\/li>\n<li>ideal auch f\u00fcr H\u00f6henarbeiten, Einbohren und Baumschneiden<\/li>\n<\/ul>\n<p>Farben sind unterschiedlich, teilweise anders als am Bild und k\u00f6nnen nicht gew\u00e4hlt werden!<\/p>\n<h3>Einsatzgebiete<\/h3>\n<p>Aufgrund der robusten Bauweise sind die Materialtaschen ideal f\u00fcr:<\/p>\n<ul>\n<li>Bigwall Klettern<\/li>\n<li><a href=\"https:\/\/bolting.eu\/kletterroute-einbohren\/\">Einbohren von Kletterrouten<\/a><\/li>\n<li>H\u00f6henarbeiten<\/li>\n<li><a href=\"https:\/\/bolting.eu\/consulting-errichtung\/klettergarten-errichtung\/\">Klettergarten Errichtung<\/a><\/li>\n<li><a href=\"https:\/\/bolting.eu\/consulting-errichtung\/klettergarten-sanierung\/\">Sanierung Kletterg\u00e4rten<\/a><\/li>\n<li><a href=\"https:\/\/bolting.eu\/klettergarten-wartung\/\">Klettergarten Wartung<\/a><\/li>\n<\/ul>\n<h3>Metolius Big Wall Stuff Sacks Materials\u00e4cke auf Big Walls<\/h3>\n<p>Versucht bei Big Walls die S\u00e4cke nach Euren Verwendungszwecken zu packen. Zum Beispiel: in einen Packsack nur Essen reingeben. In einen anderen nur Ersatz Gear wie z.B. <a href=\"https:\/\/bolting.eu\/produkt-kategorie\/bandschlinge\/\">Bandschlingen<\/a>, <a href=\"https:\/\/bolting.eu\/produkt-kategorie\/felshaken-normalhaken\/\">Felshaken<\/a>, Klemmkeile etc&#8230;<\/p>\n<p>Je wichtiger die Ausr\u00fcstung ist bzw. je \u00f6fter sie gebraucht wird, desto weiter oben im Haulbag wird der Bag positioniert. Spezielles gear f\u00fcr eine Seill\u00e4nge am Klettertag, Regenbekleidung und die Tagesverpflegung sollte z.B. ganz oben liegen.<\/p>\n<p>Reservebekleidung und Schlafs\u00e4cke geh\u00f6ren \u00fcbrigens NICHT in diese Materials\u00e4cke. Sie m\u00fcssen unbedingt in wasserdichte Dry Bags gepackt werden.<\/p>\n<h3>Befestigung am Stand und Portaledge<\/h3>\n<p>H\u00e4ngt Euch die Metolius Big Wall Stuff Sacks Materials\u00e4cke einfach mit einem Schnapp-Karabiner an einer passenden Schlaufe fest. Erfahrungsgem\u00e4\u00df ist eine zentrale Position des Verpflegungs-Bags sowie des Allerlei-Bags zu bevorzugen. Kleiner Tipp am Rande. Die Pinkelflasche und Trinkflasche sollten durch unterschiedliche Tapes sowohl optisch wie auch haptisch leicht unterscheidbar sein \ud83d\ude09<\/p>\n<h3>Metolius Big Wall Stuff Sacks Materials\u00e4cke beim Einbohren<\/h3>\n<p>Unserer Erfahrung nach sind diese Materials\u00e4cke ideal zum Einbohren. Bags der Gr\u00f6\u00dfe &#8220;Small&#8221; sind perfekt zum Mitnehmen von Bohrhaken, Bohrhakenlaschen, Klebehaken\u00a0 und Umlenker &#8211; Kettenst\u00e4nden. Es passen auch immer ein paar <a href=\"https:\/\/bolting.eu\/produkt-kategorie\/sds-bohrer\/\">SDS Bohrer<\/a> und <a href=\"https:\/\/bolting.eu\/produkt-kategorie\/schraubglied-rapidglied\/\">Kettenglieder &#8211;\u00a0Rapid Glieder<\/a> hinein. Die Gr\u00f6\u00dfen &#8220;Medium&#8221; und &#8220;Large&#8221; eignen sich sogar f\u00fcr <a href=\"https:\/\/bolting.eu\/shop\/bohrloch-ausblaeser\/\">Ausbl\u00e4ser<\/a>, <a href=\"https:\/\/bolting.eu\/shop\/auspresspistole-fischer-fis-am\/\">Auspresspistolen<\/a> und Akku Schlagbohrer inkl. Reserveakkus.<\/p>\n<h3>Befestigung beim Einbohren<\/h3>\n<p>Wir raten Euch leichte Metolius Big Wall Stuff Sacks Materials\u00e4cke seitlich an der Materialschlaufe zu befestigen. Werden die Materialien allerdings schwerer, so h\u00e4ngt sie in die zentrale Einh\u00e4ngeschlaufe des Sitzgurtes.<\/p>\n<p>Link Tipp: <a href=\"https:\/\/www.metoliusclimbing.com\" target=\"_blank\" rel=\"noopener noreferrer\">Zum Hersteller<\/a><\/p>\n<p>&nbsp;<\/p>\n<p>&nbsp;<\/p>\n","protected":false},"excerpt":{"rendered":"<ul>\n<li>Material: robustes 600d Polyester<\/li>\n<li>Gr\u00f6\u00dfen: small = 12 Liter; mediaum = 15 Liter; large = 26 Liter<\/li>\n<li>starke Trageriemen &#8211; extra verst\u00e4rkte Fixierung<\/li>\n<li>perfekt zum Sortieren der Bigwall Ausr\u00fcstung<\/li>\n<li>ideal auch f\u00fcr H\u00f6henarbeiten, Einbohren und Baumschneiden<\/li>\n<\/ul>\n","protected":false},"featured_media":2108,"comment_status":"closed","ping_status":"closed","template":"","meta":[],"product_brand":[],"product_cat":[31,35,42,9226,4657,10581],"product_tag":[1565,265,2228],"class_list":{"0":"post-2104","1":"product","2":"type-product","3":"status-publish","4":"has-post-thumbnail","6":"product_cat-big-wall-ausruestung","7":"product_cat-einbohr-zubehoer","8":"product_cat-haulbag","9":"product_cat-materialtaschen-werkzeugtaschen","10":"product_cat-metolius","11":"product_cat-metolius-haulbags","12":"product_tag-bergrettung","13":"product_tag-big-wall-klettern","14":"product_tag-hoehenarbeiten","16":"first","17":"instock","18":"taxable","19":"shipping-taxable","20":"purchasable","21":"product-type-variable"},"yoast_head":"<!-- This site is optimized with the Yoast SEO Premium plugin v26.9 (Yoast SEO v26.9) - https:\/\/yoast.com\/product\/yoast-seo-premium-wordpress\/ -->\n<title>Metolius Big Wall Stuff Sacks Materials\u00e4cke | bolting.eu<\/title>\n<meta name=\"description\" content=\"Hier findet Ihr die Metolius Big Wall Stuff Sacks Materials\u00e4cke in den Gr\u00f6\u00dfen S,M und L. Unverzichtbare Materialtaschen bei Bigwalls und beim Einbohren!\" \/>\n<meta name=\"robots\" content=\"index, follow, max-snippet:-1, max-image-preview:large, max-video-preview:-1\" \/>\n<link rel=\"canonical\" href=\"https:\/\/bolting.eu\/en\/shop\/metolius-big-wall-stuff-sacks-materialsaecke\/\" \/>\n<meta property=\"og:locale\" content=\"en_US\" \/>\n<meta property=\"og:type\" content=\"article\" \/>\n<meta property=\"og:title\" content=\"Metolius Big Wall Stuff Sacks Materials\u00e4cke\" \/>\n<meta property=\"og:description\" content=\"Hier findet Ihr die Metolius Big Wall Stuff Sacks Materials\u00e4cke in den Gr\u00f6\u00dfen S,M und L. Unverzichtbare Materialtaschen bei Bigwalls und beim Einbohren!\" \/>\n<meta property=\"og:url\" content=\"https:\/\/bolting.eu\/en\/shop\/metolius-big-wall-stuff-sacks-materialsaecke\/\" \/>\n<meta property=\"og:site_name\" content=\"bolting.eu\" \/>\n<meta property=\"article:publisher\" content=\"https:\/\/www.facebook.com\/bolting.eu\" \/>\n<meta property=\"article:modified_time\" content=\"2026-03-18T12:20:17+00:00\" \/>\n<meta property=\"og:image\" content=\"https:\/\/bolting.eu\/wp-content\/uploads\/2020\/03\/Metolius-Big-Wall-Stuff-Sacks-Materialsaecke.jpg\" \/>\n\t<meta property=\"og:image:width\" content=\"700\" \/>\n\t<meta property=\"og:image:height\" content=\"700\" \/>\n\t<meta property=\"og:image:type\" content=\"image\/jpeg\" \/>\n<meta name=\"twitter:card\" content=\"summary_large_image\" \/>\n<meta name=\"twitter:label1\" content=\"Availability\" \/>\n\t<meta name=\"twitter:data1\" content=\"In stock\" \/>\n<script type=\"application\/ld+json\" class=\"yoast-schema-graph\">{\"@context\":\"https:\/\/schema.org\",\"@graph\":[{\"@type\":[\"WebPage\",\"ItemPage\"],\"@id\":\"https:\/\/bolting.eu\/en\/shop\/metolius-big-wall-stuff-sacks-materialsaecke\/\",\"url\":\"https:\/\/bolting.eu\/en\/shop\/metolius-big-wall-stuff-sacks-materialsaecke\/\",\"name\":\"Metolius Big Wall Stuff Sacks Materials\u00e4cke | bolting.eu\",\"isPartOf\":{\"@id\":\"https:\/\/bolting.eu\/en\/#website\"},\"primaryImageOfPage\":{\"@id\":\"https:\/\/bolting.eu\/en\/shop\/metolius-big-wall-stuff-sacks-materialsaecke\/#primaryimage\"},\"image\":{\"@id\":\"https:\/\/bolting.eu\/en\/shop\/metolius-big-wall-stuff-sacks-materialsaecke\/#primaryimage\"},\"thumbnailUrl\":\"https:\/\/bolting.eu\/wp-content\/uploads\/2020\/03\/Metolius-Big-Wall-Stuff-Sacks-Materialsaecke.jpg\",\"datePublished\":\"2020-03-16T12:19:51+00:00\",\"dateModified\":\"2026-03-18T12:20:17+00:00\",\"description\":\"Hier findet Ihr die Metolius Big Wall Stuff Sacks Materials\u00e4cke in den Gr\u00f6\u00dfen S,M und L. Unverzichtbare Materialtaschen bei Bigwalls und beim Einbohren!\",\"breadcrumb\":{\"@id\":\"https:\/\/bolting.eu\/en\/shop\/metolius-big-wall-stuff-sacks-materialsaecke\/#breadcrumb\"},\"inLanguage\":\"en-US\",\"potentialAction\":[{\"@type\":\"ReadAction\",\"target\":[\"https:\/\/bolting.eu\/en\/shop\/metolius-big-wall-stuff-sacks-materialsaecke\/\"]}]},{\"@type\":\"ImageObject\",\"inLanguage\":\"en-US\",\"@id\":\"https:\/\/bolting.eu\/en\/shop\/metolius-big-wall-stuff-sacks-materialsaecke\/#primaryimage\",\"url\":\"https:\/\/bolting.eu\/wp-content\/uploads\/2020\/03\/Metolius-Big-Wall-Stuff-Sacks-Materialsaecke.jpg\",\"contentUrl\":\"https:\/\/bolting.eu\/wp-content\/uploads\/2020\/03\/Metolius-Big-Wall-Stuff-Sacks-Materialsaecke.jpg\",\"width\":700,\"height\":700,\"caption\":\"Das Bild zeigt drei bunte Metolius Big Wall Stuff Sacks Materials\u00e4cke. Im Vordergrund einen gelben,links hinten einen grauen und rechts hinten einen roten.\"},{\"@type\":\"BreadcrumbList\",\"@id\":\"https:\/\/bolting.eu\/en\/shop\/metolius-big-wall-stuff-sacks-materialsaecke\/#breadcrumb\",\"itemListElement\":[{\"@type\":\"ListItem\",\"position\":1,\"name\":\"Shop\",\"item\":\"https:\/\/bolting.eu\/en\/shop\/\"},{\"@type\":\"ListItem\",\"position\":2,\"name\":\"Big Wall gear\",\"item\":\"https:\/\/bolting.eu\/en\/produkt-kategorie\/big-wall-gear\/\"},{\"@type\":\"ListItem\",\"position\":3,\"name\":\"Haulbag\",\"item\":\"https:\/\/bolting.eu\/produkt-kategorie\/big-wall-ausruestung\/haulbag\/\"},{\"@type\":\"ListItem\",\"position\":4,\"name\":\"Metolius Big Wall Stuff Sacks Materials\u00e4cke\"}]},{\"@type\":\"WebSite\",\"@id\":\"https:\/\/bolting.eu\/en\/#website\",\"url\":\"https:\/\/bolting.eu\/en\/\",\"name\":\"bolting.eu\",\"description\":\"we make climbs happen\",\"publisher\":{\"@id\":\"https:\/\/bolting.eu\/en\/#organization\"},\"potentialAction\":[{\"@type\":\"SearchAction\",\"target\":{\"@type\":\"EntryPoint\",\"urlTemplate\":\"https:\/\/bolting.eu\/en\/?s={search_term_string}\"},\"query-input\":{\"@type\":\"PropertyValueSpecification\",\"valueRequired\":true,\"valueName\":\"search_term_string\"}}],\"inLanguage\":\"en-US\"},{\"@type\":[\"Organization\",\"Place\",\"SportingGoodsStore\"],\"@id\":\"https:\/\/bolting.eu\/en\/#organization\",\"name\":\"bolting.eu\",\"url\":\"https:\/\/bolting.eu\/en\/\",\"logo\":{\"@id\":\"https:\/\/bolting.eu\/en\/shop\/metolius-big-wall-stuff-sacks-materialsaecke\/#local-main-organization-logo\"},\"image\":{\"@id\":\"https:\/\/bolting.eu\/en\/shop\/metolius-big-wall-stuff-sacks-materialsaecke\/#local-main-organization-logo\"},\"sameAs\":[\"https:\/\/www.facebook.com\/bolting.eu\",\"https:\/\/www.instagram.com\/bolting.eu\/\"],\"address\":{\"@id\":\"https:\/\/bolting.eu\/en\/shop\/metolius-big-wall-stuff-sacks-materialsaecke\/#local-main-place-address\"},\"geo\":{\"@type\":\"GeoCoordinates\",\"latitude\":\"47.264176340396226\",\"longitude\":\"11.380109057672346\"},\"telephone\":[\"+43 699 19083372\"],\"openingHoursSpecification\":[{\"@type\":\"OpeningHoursSpecification\",\"dayOfWeek\":[\"Monday\",\"Wednesday\",\"Friday\"],\"opens\":\"14:00\",\"closes\":\"18:00\"},{\"@type\":\"OpeningHoursSpecification\",\"dayOfWeek\":[\"Tuesday\",\"Thursday\",\"Saturday\",\"Sunday\"],\"opens\":\"00:00\",\"closes\":\"00:00\"}],\"email\":\"office@bolting.eu\",\"vatID\":\"ATU59999728\",\"priceRange\":\"$$\",\"currenciesAccepted\":\"Euro\"},{\"@type\":\"PostalAddress\",\"@id\":\"https:\/\/bolting.eu\/en\/shop\/metolius-big-wall-stuff-sacks-materialsaecke\/#local-main-place-address\",\"streetAddress\":\"Fischnalerstra\u00dfe 4\",\"addressLocality\":\"Innsbruck\",\"postalCode\":\"6020\",\"addressRegion\":\"Tirol\",\"addressCountry\":\"AT\"},{\"@type\":\"ImageObject\",\"inLanguage\":\"en-US\",\"@id\":\"https:\/\/bolting.eu\/en\/shop\/metolius-big-wall-stuff-sacks-materialsaecke\/#local-main-organization-logo\",\"url\":\"https:\/\/bolting.eu\/wp-content\/uploads\/2019\/09\/bolting-logo.png\",\"contentUrl\":\"https:\/\/bolting.eu\/wp-content\/uploads\/2019\/09\/bolting-logo.png\",\"width\":400,\"height\":211,\"caption\":\"bolting.eu\"}]}<\/script>\n<meta property=\"og:availability\" content=\"instock\" \/>\n<meta property=\"product:availability\" content=\"instock\" \/>\n<meta property=\"product:condition\" content=\"new\" \/>\n<meta name=\"geo.placename\" content=\"Innsbruck\" \/>\n<meta name=\"geo.position\" content=\"47.264176340396226;11.380109057672346\" \/>\n<meta name=\"geo.region\" content=\"Austria\" \/>\n<!-- \/ Yoast SEO Premium plugin. -->","yoast_head_json":{"title":"Metolius Big Wall Stuff Sacks Materials\u00e4cke | bolting.eu","description":"Hier findet Ihr die Metolius Big Wall Stuff Sacks Materials\u00e4cke in den Gr\u00f6\u00dfen S,M und L. Unverzichtbare Materialtaschen bei Bigwalls und beim Einbohren!","robots":{"index":"index","follow":"follow","max-snippet":"max-snippet:-1","max-image-preview":"max-image-preview:large","max-video-preview":"max-video-preview:-1"},"canonical":"https:\/\/bolting.eu\/en\/shop\/metolius-big-wall-stuff-sacks-materialsaecke\/","og_locale":"en_US","og_type":"article","og_title":"Metolius Big Wall Stuff Sacks Materials\u00e4cke","og_description":"Hier findet Ihr die Metolius Big Wall Stuff Sacks Materials\u00e4cke in den Gr\u00f6\u00dfen S,M und L. Unverzichtbare Materialtaschen bei Bigwalls und beim Einbohren!","og_url":"https:\/\/bolting.eu\/en\/shop\/metolius-big-wall-stuff-sacks-materialsaecke\/","og_site_name":"bolting.eu","article_publisher":"https:\/\/www.facebook.com\/bolting.eu","article_modified_time":"2026-03-18T12:20:17+00:00","og_image":[{"width":700,"height":700,"url":"https:\/\/bolting.eu\/wp-content\/uploads\/2020\/03\/Metolius-Big-Wall-Stuff-Sacks-Materialsaecke.jpg","type":"image\/jpeg"}],"twitter_card":"summary_large_image","twitter_misc":{"Availability":"In stock"},"schema":{"@context":"https:\/\/schema.org","@graph":[{"@type":["WebPage","ItemPage"],"@id":"https:\/\/bolting.eu\/en\/shop\/metolius-big-wall-stuff-sacks-materialsaecke\/","url":"https:\/\/bolting.eu\/en\/shop\/metolius-big-wall-stuff-sacks-materialsaecke\/","name":"Metolius Big Wall Stuff Sacks Materials\u00e4cke | bolting.eu","isPartOf":{"@id":"https:\/\/bolting.eu\/en\/#website"},"primaryImageOfPage":{"@id":"https:\/\/bolting.eu\/en\/shop\/metolius-big-wall-stuff-sacks-materialsaecke\/#primaryimage"},"image":{"@id":"https:\/\/bolting.eu\/en\/shop\/metolius-big-wall-stuff-sacks-materialsaecke\/#primaryimage"},"thumbnailUrl":"https:\/\/bolting.eu\/wp-content\/uploads\/2020\/03\/Metolius-Big-Wall-Stuff-Sacks-Materialsaecke.jpg","datePublished":"2020-03-16T12:19:51+00:00","dateModified":"2026-03-18T12:20:17+00:00","description":"Hier findet Ihr die Metolius Big Wall Stuff Sacks Materials\u00e4cke in den Gr\u00f6\u00dfen S,M und L. Unverzichtbare Materialtaschen bei Bigwalls und beim Einbohren!","breadcrumb":{"@id":"https:\/\/bolting.eu\/en\/shop\/metolius-big-wall-stuff-sacks-materialsaecke\/#breadcrumb"},"inLanguage":"en-US","potentialAction":[{"@type":"ReadAction","target":["https:\/\/bolting.eu\/en\/shop\/metolius-big-wall-stuff-sacks-materialsaecke\/"]}]},{"@type":"ImageObject","inLanguage":"en-US","@id":"https:\/\/bolting.eu\/en\/shop\/metolius-big-wall-stuff-sacks-materialsaecke\/#primaryimage","url":"https:\/\/bolting.eu\/wp-content\/uploads\/2020\/03\/Metolius-Big-Wall-Stuff-Sacks-Materialsaecke.jpg","contentUrl":"https:\/\/bolting.eu\/wp-content\/uploads\/2020\/03\/Metolius-Big-Wall-Stuff-Sacks-Materialsaecke.jpg","width":700,"height":700,"caption":"Das Bild zeigt drei bunte Metolius Big Wall Stuff Sacks Materials\u00e4cke. Im Vordergrund einen gelben,links hinten einen grauen und rechts hinten einen roten."},{"@type":"BreadcrumbList","@id":"https:\/\/bolting.eu\/en\/shop\/metolius-big-wall-stuff-sacks-materialsaecke\/#breadcrumb","itemListElement":[{"@type":"ListItem","position":1,"name":"Shop","item":"https:\/\/bolting.eu\/en\/shop\/"},{"@type":"ListItem","position":2,"name":"Big Wall gear","item":"https:\/\/bolting.eu\/en\/produkt-kategorie\/big-wall-gear\/"},{"@type":"ListItem","position":3,"name":"Haulbag","item":"https:\/\/bolting.eu\/produkt-kategorie\/big-wall-ausruestung\/haulbag\/"},{"@type":"ListItem","position":4,"name":"Metolius Big Wall Stuff Sacks Materials\u00e4cke"}]},{"@type":"WebSite","@id":"https:\/\/bolting.eu\/en\/#website","url":"https:\/\/bolting.eu\/en\/","name":"bolting.eu","description":"we make climbs happen","publisher":{"@id":"https:\/\/bolting.eu\/en\/#organization"},"potentialAction":[{"@type":"SearchAction","target":{"@type":"EntryPoint","urlTemplate":"https:\/\/bolting.eu\/en\/?s={search_term_string}"},"query-input":{"@type":"PropertyValueSpecification","valueRequired":true,"valueName":"search_term_string"}}],"inLanguage":"en-US"},{"@type":["Organization","Place","SportingGoodsStore"],"@id":"https:\/\/bolting.eu\/en\/#organization","name":"bolting.eu","url":"https:\/\/bolting.eu\/en\/","logo":{"@id":"https:\/\/bolting.eu\/en\/shop\/metolius-big-wall-stuff-sacks-materialsaecke\/#local-main-organization-logo"},"image":{"@id":"https:\/\/bolting.eu\/en\/shop\/metolius-big-wall-stuff-sacks-materialsaecke\/#local-main-organization-logo"},"sameAs":["https:\/\/www.facebook.com\/bolting.eu","https:\/\/www.instagram.com\/bolting.eu\/"],"address":{"@id":"https:\/\/bolting.eu\/en\/shop\/metolius-big-wall-stuff-sacks-materialsaecke\/#local-main-place-address"},"geo":{"@type":"GeoCoordinates","latitude":"47.264176340396226","longitude":"11.380109057672346"},"telephone":["+43 699 19083372"],"openingHoursSpecification":[{"@type":"OpeningHoursSpecification","dayOfWeek":["Monday","Wednesday","Friday"],"opens":"14:00","closes":"18:00"},{"@type":"OpeningHoursSpecification","dayOfWeek":["Tuesday","Thursday","Saturday","Sunday"],"opens":"00:00","closes":"00:00"}],"email":"office@bolting.eu","vatID":"ATU59999728","priceRange":"$$","currenciesAccepted":"Euro"},{"@type":"PostalAddress","@id":"https:\/\/bolting.eu\/en\/shop\/metolius-big-wall-stuff-sacks-materialsaecke\/#local-main-place-address","streetAddress":"Fischnalerstra\u00dfe 4","addressLocality":"Innsbruck","postalCode":"6020","addressRegion":"Tirol","addressCountry":"AT"},{"@type":"ImageObject","inLanguage":"en-US","@id":"https:\/\/bolting.eu\/en\/shop\/metolius-big-wall-stuff-sacks-materialsaecke\/#local-main-organization-logo","url":"https:\/\/bolting.eu\/wp-content\/uploads\/2019\/09\/bolting-logo.png","contentUrl":"https:\/\/bolting.eu\/wp-content\/uploads\/2019\/09\/bolting-logo.png","width":400,"height":211,"caption":"bolting.eu"}]},"og_availability":"instock","product_availability":"instock","product_condition":"new","geo.placename":"Innsbruck","geo.position":{"lat":"47.264176340396226","long":"11.380109057672346"},"geo.region":"Austria"},"_links":{"self":[{"href":"https:\/\/bolting.eu\/en\/wp-json\/wp\/v2\/product\/2104","targetHints":{"allow":["GET"]}}],"collection":[{"href":"https:\/\/bolting.eu\/en\/wp-json\/wp\/v2\/product"}],"about":[{"href":"https:\/\/bolting.eu\/en\/wp-json\/wp\/v2\/types\/product"}],"replies":[{"embeddable":true,"href":"https:\/\/bolting.eu\/en\/wp-json\/wp\/v2\/comments?post=2104"}],"wp:featuredmedia":[{"embeddable":true,"href":"https:\/\/bolting.eu\/en\/wp-json\/wp\/v2\/media\/2108"}],"wp:attachment":[{"href":"https:\/\/bolting.eu\/en\/wp-json\/wp\/v2\/media?parent=2104"}],"wp:term":[{"taxonomy":"product_brand","embeddable":true,"href":"https:\/\/bolting.eu\/en\/wp-json\/wp\/v2\/product_brand?post=2104"},{"taxonomy":"product_cat","embeddable":true,"href":"https:\/\/bolting.eu\/en\/wp-json\/wp\/v2\/product_cat?post=2104"},{"taxonomy":"product_tag","embeddable":true,"href":"https:\/\/bolting.eu\/en\/wp-json\/wp\/v2\/product_tag?post=2104"}],"curies":[{"name":"wp","href":"https:\/\/api.w.org\/{rel}","templated":true}]}}