{"id":20812,"date":"2024-08-08T13:36:10","date_gmt":"2024-08-08T11:36:10","guid":{"rendered":"https:\/\/bolting.eu\/?post_type=product&#038;p=20812"},"modified":"2025-07-06T19:10:14","modified_gmt":"2025-07-06T17:10:14","slug":"petzl-toolink-l","status":"publish","type":"product","link":"https:\/\/bolting.eu\/en\/shop\/petzl-toolink-l\/","title":{"rendered":"Petzl Toolink L"},"content":{"rendered":"<p>Der Petzl Toolink L Werkzeugriemen ist zum Befestigen von gro\u00dfen Werkzeugen gedacht. Er wird vor allem in Kombination mit der Tooleash und den <a href=\"https:\/\/bolting.eu\/shop\/petzl-toolbag-werkzeugtasche\/\">Toolbags<\/a> verwendet.<\/p>\n<p>Der Riemen h\u00e4lt ein Gewicht von bis zu 5 kg aus. Somit ist er ideal f\u00fcr H\u00f6henarbeiten oder Kletterrouten einbohren. Denn er passt gut um kleine Akku Ger\u00e4te.<\/p>\n<p>Die gro\u00dfz\u00fcgige Verbindungs\u00f6se erlaubt das Einh\u00e4ngen auch in normale Karabinern.<\/p>\n<p>Bei uns sind drei Varianten erh\u00e4ltlich. Erstens nur der 5er Pack Riemen alleine. Zweitens mit der passenden Tooleash. Und Drittens im Set inkl. dem Klettergurt Adapter Interfast.<\/p>\n<h2>Eigenschaften Toolink L<\/h2>\n<ul>\n<li>Hersteller: <a href=\"https:\/\/bolting.eu\/produkt-kategorie\/petzl\/\">Petzl<\/a><\/li>\n<li>Riemen f\u00fcr Werkzeuge mit &#8220;geschlossener \u00d6se&#8221;<\/li>\n<li>Bruchlast: 5kg<\/li>\n<li>Gesamtl\u00e4nge Riemen: 30cm<\/li>\n<li>L\u00e4nge <a href=\"https:\/\/bolting.eu\/produkt-kategorie\/kletterausruestung\/reepschnur\/\">Bandschlingen<\/a> Schlaufe: 26cm<\/li>\n<li>nutzbare L\u00e4nge der Schlinge: 22,5cm<\/li>\n<li>Ma\u00dfe Bandschlingen Schlaufe: 3mm dick &#8211; 11mm breit<\/li>\n<li>Maximaler Durchmesser des Werkzeuges: ca. 7 cm<\/li>\n<li>Packungsinhalt: 5 Riemen<\/li>\n<li>Einzelgewicht: 16 Gramm<\/li>\n<li>wird mit Ankerstich in \u00d6se gef\u00e4delt<\/li>\n<li>Kunststoff \u00d6se: max 22 x 14mm<\/li>\n<li>drei Varianten erh\u00e4ltlich: Riemensolo, Riemen + Tooleash, Set inkl. Interfast Adapter<\/li>\n<li>passende Werkzeugleine: <a href=\"https:\/\/bolting.eu\/shop\/petzl-tooleash-werkzeugleine\/\">Tooleash<\/a><\/li>\n<li><a href=\"https:\/\/www.petzl.com\/AT\/de\/Professional\/Transportsacke-und-Zubehor\/TOOLINK-L#:~:text=Das%20PDF%20herunterladen%20%3A%20technical%2Dnotice%2DTOOLINK%20L%2D1%20%2D%202.68%20MB\" target=\"_blank\" rel=\"noopener\">Bedienungsanleitung<\/a><\/li>\n<\/ul>\n<h3>Produktvideo<\/h3>\n<p>Das folgend Video zeigt super, wie das System gegen Absturz von Werkzeugen mit Materialtasche, dem Gurt Adapter <a href=\"https:\/\/bolting.eu\/shop\/petzl-interfast\/\">Interfast<\/a>, Werkzeugleine und Verbindungsriemen zusammenpasst.<\/p>\n<p><iframe loading=\"lazy\" title=\"HOW TO Use our solutions for dropped tool prevention\" src=\"https:\/\/player.vimeo.com\/video\/810850855?dnt=1&amp;app_id=122963\" width=\"1020\" height=\"574\" frameborder=\"0\" allow=\"autoplay; fullscreen; picture-in-picture; clipboard-write; encrypted-media\"><\/iframe><\/p>\n<h3>Auf richtige Anbringung achten!<\/h3>\n<p>Beachtet! Ihr m\u00fcsst den Verbindungsriemen richtig anbringen. Dh. das Produktlabel bzw. der verl\u00e4ngerte Kunststoff Flansch m\u00fcssen &#8220;innen&#8221; sein.<\/p>\n<p>Im Folgenden die zwei Grafiken, welche das gut zeigen.<\/p>\n<figure id=\"attachment_20814\" aria-describedby=\"caption-attachment-20814\" style=\"width: 1024px\" class=\"wp-caption alignnone\"><a href=\"https:\/\/bolting.eu\/wp-content\/uploads\/2024\/08\/Petzl-Toolink-L-5.jpg\"><img loading=\"lazy\" decoding=\"async\" class=\"wp-image-20814 size-full\" src=\"https:\/\/bolting.eu\/wp-content\/uploads\/2024\/08\/Petzl-Toolink-L-5.jpg\" alt=\"Grafik zur richtigen Anbringung des Petzl Toolink L Verbindungsriemens an einem Fixpunkt mit f\u00fcnf Zeichnungen.\" width=\"1024\" height=\"689\" srcset=\"https:\/\/bolting.eu\/wp-content\/uploads\/2024\/08\/Petzl-Toolink-L-5.jpg 1024w, https:\/\/bolting.eu\/wp-content\/uploads\/2024\/08\/Petzl-Toolink-L-5-594x400.jpg 594w, https:\/\/bolting.eu\/wp-content\/uploads\/2024\/08\/Petzl-Toolink-L-5-768x517.jpg 768w, https:\/\/bolting.eu\/wp-content\/uploads\/2024\/08\/Petzl-Toolink-L-5-510x343.jpg 510w, https:\/\/bolting.eu\/wp-content\/uploads\/2024\/08\/Petzl-Toolink-L-5-100x67.jpg 100w\" sizes=\"auto, (max-width: 1024px) 100vw, 1024px\" \/><\/a><figcaption id=\"caption-attachment-20814\" class=\"wp-caption-text\">Anbringung an einem Fixpunkt.<\/figcaption><\/figure>\n<figure id=\"attachment_20813\" aria-describedby=\"caption-attachment-20813\" style=\"width: 1024px\" class=\"wp-caption alignnone\"><a href=\"https:\/\/bolting.eu\/wp-content\/uploads\/2024\/08\/Petzl-Toolink-L-7.jpg\"><img loading=\"lazy\" decoding=\"async\" class=\"wp-image-20813 size-full\" src=\"https:\/\/bolting.eu\/wp-content\/uploads\/2024\/08\/Petzl-Toolink-L-7.jpg\" alt=\"Grafik zur richtigen Anbringung des Petzl Toolink L Verbindungsriemens an einer Bohrmaschine mit f\u00fcnf Zeichnungen.\" width=\"1024\" height=\"689\" srcset=\"https:\/\/bolting.eu\/wp-content\/uploads\/2024\/08\/Petzl-Toolink-L-7.jpg 1024w, https:\/\/bolting.eu\/wp-content\/uploads\/2024\/08\/Petzl-Toolink-L-7-594x400.jpg 594w, https:\/\/bolting.eu\/wp-content\/uploads\/2024\/08\/Petzl-Toolink-L-7-768x517.jpg 768w, https:\/\/bolting.eu\/wp-content\/uploads\/2024\/08\/Petzl-Toolink-L-7-510x343.jpg 510w, https:\/\/bolting.eu\/wp-content\/uploads\/2024\/08\/Petzl-Toolink-L-7-100x67.jpg 100w\" sizes=\"auto, (max-width: 1024px) 100vw, 1024px\" \/><\/a><figcaption id=\"caption-attachment-20813\" class=\"wp-caption-text\">Anbringung an einer &#8220;geschlossenen \u00d6se&#8221; wie hier einem Akku Bohrhammer.<\/figcaption><\/figure>\n","protected":false},"excerpt":{"rendered":"<div class=\"product-short-description\">\n<p>Verbindungsriemen f\u00fcr die Tooleash mit gr\u00f6\u00dferen Werkzeugen, wie z.B. kleine Akku Schrauber.<\/p>\n<p>Ideal f\u00fcr H\u00f6henarbeiter und Materialien bis 5kg Gewicht.<\/p>\n<p>Versandkostenfrei bis 2kg in\u00a0<img decoding=\"async\" class=\"emoji\" role=\"img\" draggable=\"false\" src=\"https:\/\/s.w.org\/images\/core\/emoji\/14.0.0\/svg\/1f1e6-1f1f9.svg\" alt=\"\ud83c\udde6\ud83c\uddf9\" \/>\u00a0ab \u20ac 100,- und\u00a0<img decoding=\"async\" class=\"emoji\" role=\"img\" draggable=\"false\" src=\"https:\/\/s.w.org\/images\/core\/emoji\/14.0.0\/svg\/1f1e9-1f1ea.svg\" alt=\"\ud83c\udde9\ud83c\uddea\" \/>\u00a0ab \u20ac 200,-!<\/p>\n<\/div>\n","protected":false},"featured_media":20817,"comment_status":"closed","ping_status":"closed","template":"","meta":[],"product_brand":[],"product_cat":[9226,14093,14513,1210],"product_tag":[],"class_list":{"0":"post-20812","1":"product","2":"type-product","3":"status-publish","4":"has-post-thumbnail","6":"product_cat-materialtaschen-werkzeugtaschen","7":"product_cat-petzl","8":"product_cat-industriekletter-ausruestung","9":"product_cat-einbohrartikel","11":"first","12":"instock","13":"sale","14":"taxable","15":"shipping-taxable","16":"purchasable","17":"product-type-variable"},"yoast_head":"<!-- This site is optimized with the Yoast SEO Premium plugin v26.9 (Yoast SEO v26.9) - https:\/\/yoast.com\/product\/yoast-seo-premium-wordpress\/ -->\n<title>Petzl Toolink L - Werkzeug Absturzsicherungs Riemen | bolting.eu<\/title>\n<meta name=\"description\" content=\"PETZL TOOLINK L beim Kletter Hardwareprofi kaufen \u2705 Trusted Shop \u2705 kostenloser Versand* \u2705 14 Tage R\u00fcckgaberecht \u2705 Co2 neutrale Zustellung\" \/>\n<meta name=\"robots\" content=\"index, follow, max-snippet:-1, max-image-preview:large, max-video-preview:-1\" \/>\n<link rel=\"canonical\" href=\"https:\/\/bolting.eu\/en\/shop\/petzl-toolink-l\/\" \/>\n<meta property=\"og:locale\" content=\"en_US\" \/>\n<meta property=\"og:type\" content=\"article\" \/>\n<meta property=\"og:title\" content=\"Petzl Toolink L\" \/>\n<meta property=\"og:description\" content=\"PETZL TOOLINK L beim Kletter Hardwareprofi kaufen \u2705 Trusted Shop \u2705 kostenloser Versand* \u2705 14 Tage R\u00fcckgaberecht \u2705 Co2 neutrale Zustellung\" \/>\n<meta property=\"og:url\" content=\"https:\/\/bolting.eu\/en\/shop\/petzl-toolink-l\/\" \/>\n<meta property=\"og:site_name\" content=\"bolting.eu\" \/>\n<meta property=\"article:publisher\" content=\"https:\/\/www.facebook.com\/bolting.eu\" \/>\n<meta property=\"article:modified_time\" content=\"2025-07-06T17:10:14+00:00\" \/>\n<meta property=\"og:image\" content=\"https:\/\/bolting.eu\/wp-content\/uploads\/2024\/08\/Petzl-Toolink-L-2.jpg\" \/>\n\t<meta property=\"og:image:width\" content=\"700\" \/>\n\t<meta property=\"og:image:height\" content=\"700\" \/>\n\t<meta property=\"og:image:type\" content=\"image\/jpeg\" \/>\n<meta name=\"twitter:card\" content=\"summary_large_image\" \/>\n<meta name=\"twitter:label1\" content=\"Availability\" \/>\n\t<meta name=\"twitter:data1\" content=\"In stock\" \/>\n<script type=\"application\/ld+json\" class=\"yoast-schema-graph\">{\"@context\":\"https:\/\/schema.org\",\"@graph\":[{\"@type\":[\"WebPage\",\"ItemPage\"],\"@id\":\"https:\/\/bolting.eu\/en\/shop\/petzl-toolink-l\/\",\"url\":\"https:\/\/bolting.eu\/en\/shop\/petzl-toolink-l\/\",\"name\":\"Petzl Toolink L - Werkzeug Absturzsicherungs Riemen | bolting.eu\",\"isPartOf\":{\"@id\":\"https:\/\/bolting.eu\/en\/#website\"},\"primaryImageOfPage\":{\"@id\":\"https:\/\/bolting.eu\/en\/shop\/petzl-toolink-l\/#primaryimage\"},\"image\":{\"@id\":\"https:\/\/bolting.eu\/en\/shop\/petzl-toolink-l\/#primaryimage\"},\"thumbnailUrl\":\"https:\/\/bolting.eu\/wp-content\/uploads\/2024\/08\/Petzl-Toolink-L-2.jpg\",\"datePublished\":\"2024-08-08T11:36:10+00:00\",\"dateModified\":\"2025-07-06T17:10:14+00:00\",\"description\":\"PETZL TOOLINK L beim Kletter Hardwareprofi kaufen \u2705 Trusted Shop \u2705 kostenloser Versand* \u2705 14 Tage R\u00fcckgaberecht \u2705 Co2 neutrale Zustellung\",\"breadcrumb\":{\"@id\":\"https:\/\/bolting.eu\/en\/shop\/petzl-toolink-l\/#breadcrumb\"},\"inLanguage\":\"en-US\",\"potentialAction\":[{\"@type\":\"ReadAction\",\"target\":[\"https:\/\/bolting.eu\/en\/shop\/petzl-toolink-l\/\"]}]},{\"@type\":\"ImageObject\",\"inLanguage\":\"en-US\",\"@id\":\"https:\/\/bolting.eu\/en\/shop\/petzl-toolink-l\/#primaryimage\",\"url\":\"https:\/\/bolting.eu\/wp-content\/uploads\/2024\/08\/Petzl-Toolink-L-2.jpg\",\"contentUrl\":\"https:\/\/bolting.eu\/wp-content\/uploads\/2024\/08\/Petzl-Toolink-L-2.jpg\",\"width\":700,\"height\":700,\"caption\":\"Ein schwarz gelber Petzl Toolink L Verbindungsriemen aufrecht mit Mal F\u00fcnf Zeichen.\"},{\"@type\":\"BreadcrumbList\",\"@id\":\"https:\/\/bolting.eu\/en\/shop\/petzl-toolink-l\/#breadcrumb\",\"itemListElement\":[{\"@type\":\"ListItem\",\"position\":1,\"name\":\"Shop\",\"item\":\"https:\/\/bolting.eu\/en\/shop\/\"},{\"@type\":\"ListItem\",\"position\":2,\"name\":\"Industrial climbing gear\",\"item\":\"https:\/\/bolting.eu\/en\/produkt-kategorie\/industrial-climbing-gear\/\"},{\"@type\":\"ListItem\",\"position\":3,\"name\":\"Petzl Toolink L\"}]},{\"@type\":\"WebSite\",\"@id\":\"https:\/\/bolting.eu\/en\/#website\",\"url\":\"https:\/\/bolting.eu\/en\/\",\"name\":\"bolting.eu\",\"description\":\"we make climbs happen\",\"publisher\":{\"@id\":\"https:\/\/bolting.eu\/en\/#organization\"},\"potentialAction\":[{\"@type\":\"SearchAction\",\"target\":{\"@type\":\"EntryPoint\",\"urlTemplate\":\"https:\/\/bolting.eu\/en\/?s={search_term_string}\"},\"query-input\":{\"@type\":\"PropertyValueSpecification\",\"valueRequired\":true,\"valueName\":\"search_term_string\"}}],\"inLanguage\":\"en-US\"},{\"@type\":[\"Organization\",\"Place\",\"SportingGoodsStore\"],\"@id\":\"https:\/\/bolting.eu\/en\/#organization\",\"name\":\"bolting.eu\",\"url\":\"https:\/\/bolting.eu\/en\/\",\"logo\":{\"@id\":\"https:\/\/bolting.eu\/en\/shop\/petzl-toolink-l\/#local-main-organization-logo\"},\"image\":{\"@id\":\"https:\/\/bolting.eu\/en\/shop\/petzl-toolink-l\/#local-main-organization-logo\"},\"sameAs\":[\"https:\/\/www.facebook.com\/bolting.eu\",\"https:\/\/www.instagram.com\/bolting.eu\/\"],\"address\":{\"@id\":\"https:\/\/bolting.eu\/en\/shop\/petzl-toolink-l\/#local-main-place-address\"},\"geo\":{\"@type\":\"GeoCoordinates\",\"latitude\":\"47.264176340396226\",\"longitude\":\"11.380109057672346\"},\"telephone\":[\"+43 699 19083372\"],\"openingHoursSpecification\":[{\"@type\":\"OpeningHoursSpecification\",\"dayOfWeek\":[\"Monday\",\"Wednesday\",\"Friday\"],\"opens\":\"14:00\",\"closes\":\"18:00\"},{\"@type\":\"OpeningHoursSpecification\",\"dayOfWeek\":[\"Tuesday\",\"Thursday\",\"Saturday\",\"Sunday\"],\"opens\":\"00:00\",\"closes\":\"00:00\"}],\"email\":\"office@bolting.eu\",\"vatID\":\"ATU59999728\",\"priceRange\":\"$$\",\"currenciesAccepted\":\"Euro\"},{\"@type\":\"PostalAddress\",\"@id\":\"https:\/\/bolting.eu\/en\/shop\/petzl-toolink-l\/#local-main-place-address\",\"streetAddress\":\"Fischnalerstra\u00dfe 4\",\"addressLocality\":\"Innsbruck\",\"postalCode\":\"6020\",\"addressRegion\":\"Tirol\",\"addressCountry\":\"AT\"},{\"@type\":\"ImageObject\",\"inLanguage\":\"en-US\",\"@id\":\"https:\/\/bolting.eu\/en\/shop\/petzl-toolink-l\/#local-main-organization-logo\",\"url\":\"https:\/\/bolting.eu\/wp-content\/uploads\/2019\/09\/bolting-logo.png\",\"contentUrl\":\"https:\/\/bolting.eu\/wp-content\/uploads\/2019\/09\/bolting-logo.png\",\"width\":400,\"height\":211,\"caption\":\"bolting.eu\"}]}<\/script>\n<meta property=\"og:video\" content=\"https:\/\/player.vimeo.com\/video\/810850855\" \/>\n<meta property=\"og:video:type\" content=\"text\/html\" \/>\n<meta property=\"og:video:duration\" content=\"201\" \/>\n<meta property=\"og:video:width\" content=\"1920\" \/>\n<meta property=\"og:video:height\" content=\"1080\" \/>\n<meta property=\"ya:ovs:adult\" content=\"false\" \/>\n<meta property=\"ya:ovs:upload_date\" content=\"2024-08-08T11:36:10+00:00\" \/>\n<meta property=\"ya:ovs:allow_embed\" content=\"true\" \/>\n<meta property=\"og:availability\" content=\"instock\" \/>\n<meta property=\"product:availability\" content=\"instock\" \/>\n<meta property=\"product:condition\" content=\"new\" \/>\n<meta name=\"geo.placename\" content=\"Innsbruck\" \/>\n<meta name=\"geo.position\" content=\"47.264176340396226;11.380109057672346\" \/>\n<meta name=\"geo.region\" content=\"Austria\" \/>\n<!-- \/ Yoast SEO Premium plugin. -->","yoast_head_json":{"title":"Petzl Toolink L - Werkzeug Absturzsicherungs Riemen | bolting.eu","description":"PETZL TOOLINK L beim Kletter Hardwareprofi kaufen \u2705 Trusted Shop \u2705 kostenloser Versand* \u2705 14 Tage R\u00fcckgaberecht \u2705 Co2 neutrale Zustellung","robots":{"index":"index","follow":"follow","max-snippet":"max-snippet:-1","max-image-preview":"max-image-preview:large","max-video-preview":"max-video-preview:-1"},"canonical":"https:\/\/bolting.eu\/en\/shop\/petzl-toolink-l\/","og_locale":"en_US","og_type":"article","og_title":"Petzl Toolink L","og_description":"PETZL TOOLINK L beim Kletter Hardwareprofi kaufen \u2705 Trusted Shop \u2705 kostenloser Versand* \u2705 14 Tage R\u00fcckgaberecht \u2705 Co2 neutrale Zustellung","og_url":"https:\/\/bolting.eu\/en\/shop\/petzl-toolink-l\/","og_site_name":"bolting.eu","article_publisher":"https:\/\/www.facebook.com\/bolting.eu","article_modified_time":"2025-07-06T17:10:14+00:00","og_image":[{"width":700,"height":700,"url":"https:\/\/bolting.eu\/wp-content\/uploads\/2024\/08\/Petzl-Toolink-L-2.jpg","type":"image\/jpeg"}],"twitter_card":"summary_large_image","twitter_misc":{"Availability":"In stock"},"schema":{"@context":"https:\/\/schema.org","@graph":[{"@type":["WebPage","ItemPage"],"@id":"https:\/\/bolting.eu\/en\/shop\/petzl-toolink-l\/","url":"https:\/\/bolting.eu\/en\/shop\/petzl-toolink-l\/","name":"Petzl Toolink L - Werkzeug Absturzsicherungs Riemen | bolting.eu","isPartOf":{"@id":"https:\/\/bolting.eu\/en\/#website"},"primaryImageOfPage":{"@id":"https:\/\/bolting.eu\/en\/shop\/petzl-toolink-l\/#primaryimage"},"image":{"@id":"https:\/\/bolting.eu\/en\/shop\/petzl-toolink-l\/#primaryimage"},"thumbnailUrl":"https:\/\/bolting.eu\/wp-content\/uploads\/2024\/08\/Petzl-Toolink-L-2.jpg","datePublished":"2024-08-08T11:36:10+00:00","dateModified":"2025-07-06T17:10:14+00:00","description":"PETZL TOOLINK L beim Kletter Hardwareprofi kaufen \u2705 Trusted Shop \u2705 kostenloser Versand* \u2705 14 Tage R\u00fcckgaberecht \u2705 Co2 neutrale Zustellung","breadcrumb":{"@id":"https:\/\/bolting.eu\/en\/shop\/petzl-toolink-l\/#breadcrumb"},"inLanguage":"en-US","potentialAction":[{"@type":"ReadAction","target":["https:\/\/bolting.eu\/en\/shop\/petzl-toolink-l\/"]}]},{"@type":"ImageObject","inLanguage":"en-US","@id":"https:\/\/bolting.eu\/en\/shop\/petzl-toolink-l\/#primaryimage","url":"https:\/\/bolting.eu\/wp-content\/uploads\/2024\/08\/Petzl-Toolink-L-2.jpg","contentUrl":"https:\/\/bolting.eu\/wp-content\/uploads\/2024\/08\/Petzl-Toolink-L-2.jpg","width":700,"height":700,"caption":"Ein schwarz gelber Petzl Toolink L Verbindungsriemen aufrecht mit Mal F\u00fcnf Zeichen."},{"@type":"BreadcrumbList","@id":"https:\/\/bolting.eu\/en\/shop\/petzl-toolink-l\/#breadcrumb","itemListElement":[{"@type":"ListItem","position":1,"name":"Shop","item":"https:\/\/bolting.eu\/en\/shop\/"},{"@type":"ListItem","position":2,"name":"Industrial climbing gear","item":"https:\/\/bolting.eu\/en\/produkt-kategorie\/industrial-climbing-gear\/"},{"@type":"ListItem","position":3,"name":"Petzl Toolink L"}]},{"@type":"WebSite","@id":"https:\/\/bolting.eu\/en\/#website","url":"https:\/\/bolting.eu\/en\/","name":"bolting.eu","description":"we make climbs happen","publisher":{"@id":"https:\/\/bolting.eu\/en\/#organization"},"potentialAction":[{"@type":"SearchAction","target":{"@type":"EntryPoint","urlTemplate":"https:\/\/bolting.eu\/en\/?s={search_term_string}"},"query-input":{"@type":"PropertyValueSpecification","valueRequired":true,"valueName":"search_term_string"}}],"inLanguage":"en-US"},{"@type":["Organization","Place","SportingGoodsStore"],"@id":"https:\/\/bolting.eu\/en\/#organization","name":"bolting.eu","url":"https:\/\/bolting.eu\/en\/","logo":{"@id":"https:\/\/bolting.eu\/en\/shop\/petzl-toolink-l\/#local-main-organization-logo"},"image":{"@id":"https:\/\/bolting.eu\/en\/shop\/petzl-toolink-l\/#local-main-organization-logo"},"sameAs":["https:\/\/www.facebook.com\/bolting.eu","https:\/\/www.instagram.com\/bolting.eu\/"],"address":{"@id":"https:\/\/bolting.eu\/en\/shop\/petzl-toolink-l\/#local-main-place-address"},"geo":{"@type":"GeoCoordinates","latitude":"47.264176340396226","longitude":"11.380109057672346"},"telephone":["+43 699 19083372"],"openingHoursSpecification":[{"@type":"OpeningHoursSpecification","dayOfWeek":["Monday","Wednesday","Friday"],"opens":"14:00","closes":"18:00"},{"@type":"OpeningHoursSpecification","dayOfWeek":["Tuesday","Thursday","Saturday","Sunday"],"opens":"00:00","closes":"00:00"}],"email":"office@bolting.eu","vatID":"ATU59999728","priceRange":"$$","currenciesAccepted":"Euro"},{"@type":"PostalAddress","@id":"https:\/\/bolting.eu\/en\/shop\/petzl-toolink-l\/#local-main-place-address","streetAddress":"Fischnalerstra\u00dfe 4","addressLocality":"Innsbruck","postalCode":"6020","addressRegion":"Tirol","addressCountry":"AT"},{"@type":"ImageObject","inLanguage":"en-US","@id":"https:\/\/bolting.eu\/en\/shop\/petzl-toolink-l\/#local-main-organization-logo","url":"https:\/\/bolting.eu\/wp-content\/uploads\/2019\/09\/bolting-logo.png","contentUrl":"https:\/\/bolting.eu\/wp-content\/uploads\/2019\/09\/bolting-logo.png","width":400,"height":211,"caption":"bolting.eu"}]},"og_video":"https:\/\/player.vimeo.com\/video\/810850855","og_video_type":"text\/html","og_video_duration":"201","og_video_width":"1920","og_video_height":"1080","ya_ovs_adult":"false","ya_ovs_upload_date":"2024-08-08T11:36:10+00:00","ya_ovs_allow_embed":"true","og_availability":"instock","product_availability":"instock","product_condition":"new","geo.placename":"Innsbruck","geo.position":{"lat":"47.264176340396226","long":"11.380109057672346"},"geo.region":"Austria"},"_links":{"self":[{"href":"https:\/\/bolting.eu\/en\/wp-json\/wp\/v2\/product\/20812","targetHints":{"allow":["GET"]}}],"collection":[{"href":"https:\/\/bolting.eu\/en\/wp-json\/wp\/v2\/product"}],"about":[{"href":"https:\/\/bolting.eu\/en\/wp-json\/wp\/v2\/types\/product"}],"replies":[{"embeddable":true,"href":"https:\/\/bolting.eu\/en\/wp-json\/wp\/v2\/comments?post=20812"}],"wp:featuredmedia":[{"embeddable":true,"href":"https:\/\/bolting.eu\/en\/wp-json\/wp\/v2\/media\/20817"}],"wp:attachment":[{"href":"https:\/\/bolting.eu\/en\/wp-json\/wp\/v2\/media?parent=20812"}],"wp:term":[{"taxonomy":"product_brand","embeddable":true,"href":"https:\/\/bolting.eu\/en\/wp-json\/wp\/v2\/product_brand?post=20812"},{"taxonomy":"product_cat","embeddable":true,"href":"https:\/\/bolting.eu\/en\/wp-json\/wp\/v2\/product_cat?post=20812"},{"taxonomy":"product_tag","embeddable":true,"href":"https:\/\/bolting.eu\/en\/wp-json\/wp\/v2\/product_tag?post=20812"}],"curies":[{"name":"wp","href":"https:\/\/api.w.org\/{rel}","templated":true}]}}