{"id":20788,"date":"2024-08-08T11:54:42","date_gmt":"2024-08-08T09:54:42","guid":{"rendered":"https:\/\/bolting.eu\/?post_type=product&#038;p=20788"},"modified":"2026-03-31T23:12:16","modified_gmt":"2026-03-31T21:12:16","slug":"petzl-toolbag-werkzeugtasche","status":"publish","type":"product","link":"https:\/\/bolting.eu\/en\/shop\/petzl-toolbag-werkzeugtasche\/","title":{"rendered":"Petzl Toolbag Werkzeugtasche"},"content":{"rendered":"<p>Die Petzl Toolbags sind super praktische Werkzeugtaschen. Sie werden in der Regel in Verbindung mit dem <a href=\"https:\/\/bolting.eu\/shop\/petzl-interfast\/\">Interfast Gurt Adapter<\/a> am Industrieklettergurt bzw. <a href=\"https:\/\/bolting.eu\/produkt-kategorie\/kletterausruestung\/klettergurte\/\">Klettergurt<\/a> befestigt.<\/p>\n<p>Ihr findet die Werkzeugbeutel bei uns in allen verf\u00fcgbaren Gr\u00f6\u00dfen. Erstens 1,5 Liter, Zweitens 3 Liter und drittens 6 Liter.<\/p>\n<p>Mit diesen Produkten k\u00f6nnt ihr perfekt eure Materialien bzw. Werkzeuge verstauen. Folglich sind sie z.B. bei Erschlie\u00dfern sehr beliebt. Sie nehmen darin <a href=\"https:\/\/bolting.eu\/produkt-kategorie\/einbohrartikel\/klebehaken-buehlerhaken\/\">Klebehaken<\/a>, <a href=\"https:\/\/bolting.eu\/produkt-kategorie\/einbohrartikel\/bohrhaken\/\">Bohrhaken<\/a> usw. mit.<\/p>\n<p>H\u00f6henarbeiter sch\u00e4tzen die gr\u00f6\u00dferen Volumina. Hier k\u00f6nnen sie Schraubenschl\u00fcssel, kleinere Akku Ger\u00e4te oder Fensterputzer Utensilien mitnehmen.<\/p>\n<p>Sehr zu empfehlen sind die Werkzeugleine <a href=\"https:\/\/bolting.eu\/shop\/petzl-tooleash-werkzeugleine\/\">Tooleash<\/a> und die passenden Werkzeugriemen Toolink.<\/p>\n<h2>Eigenschaften <a href=\"https:\/\/bolting.eu\/produkt-kategorie\/petzl\/\">Petzl<\/a> Toolbag<\/h2>\n<ul>\n<li>Volumen: 1,5 Liter, 3 Liter, 6 Liter<\/li>\n<li>Gewicht: 100 Gramm, 180 Gramm, 245 Gramm<\/li>\n<li>Material: TPU (ohne PVC) Polypropylen, Polyester, Edelstahl<\/li>\n<li>Norm: ANSI\/ISEA 121-2018 (Norm zum Schutz vor herabfallenden Gegenst\u00e4nden)<\/li>\n<li>zul\u00e4ssige Belastung: 6 kg<\/li>\n<li>Durchmesser \u00d6ffnung: ca. 10 x 11cm, ca. 13 x 15cm, ca. 15 x 18cm<\/li>\n<li>erh\u00e4ltlich in <strong>drei Optionen:<\/strong> <strong>Werkzeugtasche solo<\/strong> (nur die Tasche), <strong>Tasche + Interfast<\/strong> , <strong>Komplettset inkl. einer Tooleash<\/strong><\/li>\n<li>wird mit Interfast Gurt Adapter an den Gurt angebracht<\/li>\n<li>alternativ kann man auch einen normalen Karabiner verwenden<\/li>\n<li><a href=\"https:\/\/www.petzl.com\/DE\/de\/Professional\/Transportsacke-und-Zubehor\/TOOLBAG-1-5#:~:text=Das%20PDF%20herunterladen%20%3A%20TOOLBAG%20%2D%20S0017000A%20%2D%202.65%20MB\" target=\"_blank\" rel=\"noopener\">Bedienungsanleitung<\/a><\/li>\n<\/ul>\n<h3>Produktvideo<\/h3>\n<p>Im Folgenden werden die Petzl Werkzeugtaschen nochmals genau vorgestellt. Ihr seht auch, wie die Komponenten Tasche &#8211; Adapter und Werkzeugleine zusammengef\u00fcgt werden.<\/p>\n<p><iframe loading=\"lazy\" title=\"HOW TO Use our solutions for dropped tool prevention\" src=\"https:\/\/player.vimeo.com\/video\/810850855?dnt=1&amp;app_id=122963\" width=\"1020\" height=\"574\" frameborder=\"0\" allow=\"autoplay; fullscreen; picture-in-picture; clipboard-write; encrypted-media; web-share\" referrerpolicy=\"strict-origin-when-cross-origin\"><\/iframe><\/p>\n<h3>Toolbag Gr\u00f6\u00dfen<\/h3>\n<p>Petzl hat bei seinen Werkzeugtaschen eine gute Wahl bewiesen. Denn mit 1,5, 3 und 6 Litern hat man eine sehr gute Auswahl, passend zur T\u00e4tigkeit.<\/p>\n<h3><a href=\"https:\/\/bolting.eu\/wp-content\/uploads\/2024\/08\/Petzl-Toolbag-Groessen.jpg\"><img loading=\"lazy\" decoding=\"async\" class=\"alignnone size-full wp-image-20804\" src=\"https:\/\/bolting.eu\/wp-content\/uploads\/2024\/08\/Petzl-Toolbag-Groessen.jpg\" alt=\"Drei gelb schwarze Petzl Werkzeugtaschen mit 1,5, 3 und 6 Liter Volumen, Rechts oben buntes bolting.eu Logo.\" width=\"1024\" height=\"512\" srcset=\"https:\/\/bolting.eu\/wp-content\/uploads\/2024\/08\/Petzl-Toolbag-Groessen.jpg 1024w, https:\/\/bolting.eu\/wp-content\/uploads\/2024\/08\/Petzl-Toolbag-Groessen-800x400.jpg 800w, https:\/\/bolting.eu\/wp-content\/uploads\/2024\/08\/Petzl-Toolbag-Groessen-768x384.jpg 768w, https:\/\/bolting.eu\/wp-content\/uploads\/2024\/08\/Petzl-Toolbag-Groessen-510x255.jpg 510w, https:\/\/bolting.eu\/wp-content\/uploads\/2024\/08\/Petzl-Toolbag-Groessen-100x50.jpg 100w\" sizes=\"auto, (max-width: 1024px) 100vw, 1024px\" \/><\/a><\/h3>\n<h3>1,5 Liter<\/h3>\n<p>Diese Gr\u00f6\u00dfe ist f\u00fcr Kleinwerkzeug bzw. Kleinmaterialien gedacht. Wie z.B. Klebehaken, Schrauben, usw&#8230;<\/p>\n<p>Die Petzl Werkzeugtasche ist sowohl bei H\u00f6henarbeiten als auch am Boden super handy. Denn das geringe Volumen sorgt bei Verwendung des Interfast f\u00fcr wenig &#8220;Herumwackeln&#8221; und somit angenehmes Tragen.<\/p>\n<p>Wenn ihr den Beutel mit einem Karabiner anh\u00e4ngt, wackelt er leider doch deutlich mehr.<\/p>\n<p>Unser Fazit. Diese Gr\u00f6\u00dfe ist ideal f\u00fcr kleinere Arbeiten bzw. die Mitnahme von Kleinstteilen wie z.B. Schrauben oder Muttern.<\/p>\n<p>Die \u00d6ffnung ist ca. 10 x 11cm gro\u00df. Die h\u00f6he inkl. Auskragung ist 18cm.<\/p>\n<h3>3 Liter<\/h3>\n<p>Die mittlere Gr\u00f6\u00dfe der Toolbags ist f\u00fcr normales Werkzeug gedacht. D.h. Schraubenzieher, Schraubenschl\u00fcssel, usw..<\/p>\n<p>Wir finden diese Gr\u00f6\u00dfe vor allem f\u00fcr Erschlie\u00dfer gut. Wer eine <a href=\"https:\/\/bolting.eu\/kletterroute-einbohren\/\">Kletterroute einbohrt<\/a>, wird mit dieser Variante viel Freude haben.<\/p>\n<p>Denn es passen z.B. alle Dinge f\u00fcr das Einrichten einer Seill\u00e4nge hinein. z.B. bis zu 20 Klebehaken, oder 15 Laschen inkl. Bohrhaken vormontiert und der Schraubenschl\u00fcssel.<\/p>\n<p>Die \u00d6ffnung ist ca. 13 x 15cm gro\u00df. Die h\u00f6he inkl. Auskragung ist 22cm.<\/p>\n<h3>6 Liter = gr\u00f6\u00dfter Toolbag<\/h3>\n<p>Die 6 Liter Variante ist f\u00fcr einen ganzen Arbeitstag gedacht. Folglich kann viel Werkzeug und auch kleine Akku Ger\u00e4te verstaut werden.<\/p>\n<p>Diese Werkzeugtasche hat hierf\u00fcr einige zus\u00e4tzliche Features. Au\u00dfen befinden sich erstens zwei Hammerhalter. Innen gibt es zweitens eine separate Tasche mit einem Rei\u00dfverschluss.<\/p>\n<p>Und drittens ist die Auskragung am Top sehr gro\u00df. Somit k\u00f6nnen z.B. Akku Ger\u00e4te nicht leicht heraus kippen.<\/p>\n<p>Die \u00d6ffnung ist ca. 15 x 18cm gro\u00df. Die h\u00f6he inkl. Auskragung ist 26cm.<\/p>\n<h3>Robuste Bauweise<\/h3>\n<p>Die Materialienwahl f\u00fcr die Werkzeugtaschen ist Petzl ideal gelungen. Denn auf der einen Seite sind sie sehr robust. Oder anders gesagt. Sie haben eine lange Lebensdauer.<\/p>\n<p>Andererseits sind die Beutel aber auch weich, wo n\u00f6tig. Wie z.B. bei der Auskragung, um den Verschluss gut zu gew\u00e4hrleisten.<\/p>\n<p>Das TPU Material am Boden bzw. den Seitenw\u00e4nden ist stark. Bei sehr scharfen Gegenst\u00e4nden st\u00f6\u00dft es aber an seine Grenzen. Deshalb unser Tipp: Messer immer zuklappen, spitze Gegenst\u00e4nde in eine Schutzh\u00fclle geben.<\/p>\n<h3>Verschluss System der Petzl Toolbags<\/h3>\n<p>Abschlie\u00dfend noch eine Anmerkung zum Verschluss System. Wir finden dieses echt gelungen.<\/p>\n<p>Voraussetzung daf\u00fcr ist aber das Befestigen mit dem Interfast Adapter. Dann liegt die Werkzeugtasche fest am Gurt an. Somit braucht ihr nur an der gelben Bandschlingen \u00d6se ziehen. Die Kordel an der Auskragung geht dann automatisch durch den Tanka. Der Beutel kann also schnell und leicht mit einer Hand ge\u00f6ffnet werden.<\/p>\n<p>Du m\u00f6chtest zum Befestigen einen Karabiner verwenden? Dann sei dir bewusst, dass das \u00d6ffnen leider etwas umst\u00e4ndlicher ist. Denn es zieht dir den Bag zuerst immer vom Gurt weg. Das kann auf Dauer echt l\u00e4stig sein!<\/p>\n<p>Umgekehrt geht auch das Schlie\u00dfen ganz einfach. Ihr m\u00fcsst nur an der Kordel ziehen. Zu ist das Ding!<\/p>\n<p><a href=\"https:\/\/bolting.eu\/wp-content\/uploads\/2024\/08\/Petzl-Toolbag-oeffnen-schliessen.jpg\"><img loading=\"lazy\" decoding=\"async\" class=\"alignnone size-full wp-image-20809\" src=\"https:\/\/bolting.eu\/wp-content\/uploads\/2024\/08\/Petzl-Toolbag-oeffnen-schliessen.jpg\" alt=\"Grafik mit zwei Bildern zum \u00d6ffnen und Schlie\u00dfen der Petzl Werkzeugtaschen.\" width=\"1024\" height=\"735\" srcset=\"https:\/\/bolting.eu\/wp-content\/uploads\/2024\/08\/Petzl-Toolbag-oeffnen-schliessen.jpg 1024w, https:\/\/bolting.eu\/wp-content\/uploads\/2024\/08\/Petzl-Toolbag-oeffnen-schliessen-557x400.jpg 557w, https:\/\/bolting.eu\/wp-content\/uploads\/2024\/08\/Petzl-Toolbag-oeffnen-schliessen-768x551.jpg 768w, https:\/\/bolting.eu\/wp-content\/uploads\/2024\/08\/Petzl-Toolbag-oeffnen-schliessen-510x366.jpg 510w, https:\/\/bolting.eu\/wp-content\/uploads\/2024\/08\/Petzl-Toolbag-oeffnen-schliessen-100x72.jpg 100w\" sizes=\"auto, (max-width: 1024px) 100vw, 1024px\" \/><\/a><\/p>\n","protected":false},"excerpt":{"rendered":"<p>Super praktische Petzl Werkzeugtaschen mit 1,5, 3 oder 6 Litern.<\/p>\n<p>Optional erh\u00e4ltlich als Set mit dem Interfast Gurt-Adapter sowie der Tooleash.<\/p>\n<p>Versandkostenfrei bis 2kg in\u00a0<img decoding=\"async\" class=\"emoji\" role=\"img\" draggable=\"false\" src=\"https:\/\/s.w.org\/images\/core\/emoji\/14.0.0\/svg\/1f1e6-1f1f9.svg\" alt=\"\ud83c\udde6\ud83c\uddf9\" \/>\u00a0ab \u20ac 100,- und\u00a0<img decoding=\"async\" class=\"emoji\" role=\"img\" draggable=\"false\" src=\"https:\/\/s.w.org\/images\/core\/emoji\/14.0.0\/svg\/1f1e9-1f1ea.svg\" alt=\"\ud83c\udde9\ud83c\uddea\" \/>\u00a0ab \u20ac 200,-!<\/p>\n","protected":false},"featured_media":20805,"comment_status":"closed","ping_status":"closed","template":"","meta":[],"product_brand":[],"product_cat":[1210,9226,14093,14513],"product_tag":[],"class_list":{"0":"post-20788","1":"product","2":"type-product","3":"status-publish","4":"has-post-thumbnail","6":"product_cat-einbohrartikel","7":"product_cat-materialtaschen-werkzeugtaschen","8":"product_cat-petzl","9":"product_cat-industriekletter-ausruestung","11":"first","12":"instock","13":"sale","14":"taxable","15":"shipping-taxable","16":"purchasable","17":"product-type-variable"},"yoast_head":"<!-- This site is optimized with the Yoast SEO Premium plugin v26.9 (Yoast SEO v26.9) - https:\/\/yoast.com\/product\/yoast-seo-premium-wordpress\/ -->\n<title>Petzl Toolbag Werkzeugtasche 1,5, 3 und 6 Liter | bolting.eu<\/title>\n<meta name=\"description\" content=\"Petzl Toolbag WERKZEUGTASCHE beim Kletterprofi kaufen \u2705 Trusted Shop \u2705 kostenloser Versand* \u2705 14 Tage R\u00fcckgaberecht \u2705 Co2 neutrale Zustellung\" \/>\n<meta name=\"robots\" content=\"index, follow, max-snippet:-1, max-image-preview:large, max-video-preview:-1\" \/>\n<link rel=\"canonical\" href=\"https:\/\/bolting.eu\/en\/shop\/petzl-toolbag-werkzeugtasche\/\" \/>\n<meta property=\"og:locale\" content=\"en_US\" \/>\n<meta property=\"og:type\" content=\"article\" \/>\n<meta property=\"og:title\" content=\"Petzl Toolbag Werkzeugtasche\" \/>\n<meta property=\"og:description\" content=\"Petzl Toolbag WERKZEUGTASCHE beim Kletterprofi kaufen \u2705 Trusted Shop \u2705 kostenloser Versand* \u2705 14 Tage R\u00fcckgaberecht \u2705 Co2 neutrale Zustellung\" \/>\n<meta property=\"og:url\" content=\"https:\/\/bolting.eu\/en\/shop\/petzl-toolbag-werkzeugtasche\/\" \/>\n<meta property=\"og:site_name\" content=\"bolting.eu\" \/>\n<meta property=\"article:publisher\" content=\"https:\/\/www.facebook.com\/bolting.eu\" \/>\n<meta property=\"article:modified_time\" content=\"2026-03-31T21:12:16+00:00\" \/>\n<meta property=\"og:image\" content=\"https:\/\/bolting.eu\/wp-content\/uploads\/2024\/08\/Petzl-Toolbag-6-Liter-1.jpg\" \/>\n\t<meta property=\"og:image:width\" content=\"700\" \/>\n\t<meta property=\"og:image:height\" content=\"700\" \/>\n\t<meta property=\"og:image:type\" content=\"image\/jpeg\" \/>\n<meta name=\"twitter:card\" content=\"summary_large_image\" \/>\n<meta name=\"twitter:label1\" content=\"Availability\" \/>\n\t<meta name=\"twitter:data1\" content=\"In stock\" \/>\n<script type=\"application\/ld+json\" class=\"yoast-schema-graph\">{\"@context\":\"https:\/\/schema.org\",\"@graph\":[{\"@type\":[\"WebPage\",\"ItemPage\"],\"@id\":\"https:\/\/bolting.eu\/en\/shop\/petzl-toolbag-werkzeugtasche\/\",\"url\":\"https:\/\/bolting.eu\/en\/shop\/petzl-toolbag-werkzeugtasche\/\",\"name\":\"Petzl Toolbag Werkzeugtasche 1,5, 3 und 6 Liter | bolting.eu\",\"isPartOf\":{\"@id\":\"https:\/\/bolting.eu\/en\/#website\"},\"primaryImageOfPage\":{\"@id\":\"https:\/\/bolting.eu\/en\/shop\/petzl-toolbag-werkzeugtasche\/#primaryimage\"},\"image\":{\"@id\":\"https:\/\/bolting.eu\/en\/shop\/petzl-toolbag-werkzeugtasche\/#primaryimage\"},\"thumbnailUrl\":\"https:\/\/bolting.eu\/wp-content\/uploads\/2024\/08\/Petzl-Toolbag-6-Liter-1.jpg\",\"datePublished\":\"2024-08-08T09:54:42+00:00\",\"dateModified\":\"2026-03-31T21:12:16+00:00\",\"description\":\"Petzl Toolbag WERKZEUGTASCHE beim Kletterprofi kaufen \u2705 Trusted Shop \u2705 kostenloser Versand* \u2705 14 Tage R\u00fcckgaberecht \u2705 Co2 neutrale Zustellung\",\"breadcrumb\":{\"@id\":\"https:\/\/bolting.eu\/en\/shop\/petzl-toolbag-werkzeugtasche\/#breadcrumb\"},\"inLanguage\":\"en-US\",\"potentialAction\":[{\"@type\":\"ReadAction\",\"target\":[\"https:\/\/bolting.eu\/en\/shop\/petzl-toolbag-werkzeugtasche\/\"]}]},{\"@type\":\"ImageObject\",\"inLanguage\":\"en-US\",\"@id\":\"https:\/\/bolting.eu\/en\/shop\/petzl-toolbag-werkzeugtasche\/#primaryimage\",\"url\":\"https:\/\/bolting.eu\/wp-content\/uploads\/2024\/08\/Petzl-Toolbag-6-Liter-1.jpg\",\"contentUrl\":\"https:\/\/bolting.eu\/wp-content\/uploads\/2024\/08\/Petzl-Toolbag-6-Liter-1.jpg\",\"width\":700,\"height\":700,\"caption\":\"Schwarz-gelber Petzl Toolbag 6 Liter und buntes bolting.eu Logo rechts oben.\"},{\"@type\":\"BreadcrumbList\",\"@id\":\"https:\/\/bolting.eu\/en\/shop\/petzl-toolbag-werkzeugtasche\/#breadcrumb\",\"itemListElement\":[{\"@type\":\"ListItem\",\"position\":1,\"name\":\"Shop\",\"item\":\"https:\/\/bolting.eu\/en\/shop\/\"},{\"@type\":\"ListItem\",\"position\":2,\"name\":\"bolting products\",\"item\":\"https:\/\/bolting.eu\/en\/produkt-kategorie\/bolting-products\/\"},{\"@type\":\"ListItem\",\"position\":3,\"name\":\"Material bags - Tool bags\",\"item\":\"https:\/\/bolting.eu\/en\/produkt-kategorie\/material-bags-tool-bags\/\"},{\"@type\":\"ListItem\",\"position\":4,\"name\":\"Petzl Toolbag Werkzeugtasche\"}]},{\"@type\":\"WebSite\",\"@id\":\"https:\/\/bolting.eu\/en\/#website\",\"url\":\"https:\/\/bolting.eu\/en\/\",\"name\":\"bolting.eu\",\"description\":\"we make climbs happen\",\"publisher\":{\"@id\":\"https:\/\/bolting.eu\/en\/#organization\"},\"potentialAction\":[{\"@type\":\"SearchAction\",\"target\":{\"@type\":\"EntryPoint\",\"urlTemplate\":\"https:\/\/bolting.eu\/en\/?s={search_term_string}\"},\"query-input\":{\"@type\":\"PropertyValueSpecification\",\"valueRequired\":true,\"valueName\":\"search_term_string\"}}],\"inLanguage\":\"en-US\"},{\"@type\":[\"Organization\",\"Place\",\"SportingGoodsStore\"],\"@id\":\"https:\/\/bolting.eu\/en\/#organization\",\"name\":\"bolting.eu\",\"url\":\"https:\/\/bolting.eu\/en\/\",\"logo\":{\"@id\":\"https:\/\/bolting.eu\/en\/shop\/petzl-toolbag-werkzeugtasche\/#local-main-organization-logo\"},\"image\":{\"@id\":\"https:\/\/bolting.eu\/en\/shop\/petzl-toolbag-werkzeugtasche\/#local-main-organization-logo\"},\"sameAs\":[\"https:\/\/www.facebook.com\/bolting.eu\",\"https:\/\/www.instagram.com\/bolting.eu\/\"],\"address\":{\"@id\":\"https:\/\/bolting.eu\/en\/shop\/petzl-toolbag-werkzeugtasche\/#local-main-place-address\"},\"geo\":{\"@type\":\"GeoCoordinates\",\"latitude\":\"47.264176340396226\",\"longitude\":\"11.380109057672346\"},\"telephone\":[\"+43 699 19083372\"],\"openingHoursSpecification\":[{\"@type\":\"OpeningHoursSpecification\",\"dayOfWeek\":[\"Monday\",\"Wednesday\",\"Friday\"],\"opens\":\"14:00\",\"closes\":\"18:00\"},{\"@type\":\"OpeningHoursSpecification\",\"dayOfWeek\":[\"Tuesday\",\"Thursday\",\"Saturday\",\"Sunday\"],\"opens\":\"00:00\",\"closes\":\"00:00\"}],\"email\":\"office@bolting.eu\",\"vatID\":\"ATU59999728\",\"priceRange\":\"$$\",\"currenciesAccepted\":\"Euro\"},{\"@type\":\"PostalAddress\",\"@id\":\"https:\/\/bolting.eu\/en\/shop\/petzl-toolbag-werkzeugtasche\/#local-main-place-address\",\"streetAddress\":\"Fischnalerstra\u00dfe 4\",\"addressLocality\":\"Innsbruck\",\"postalCode\":\"6020\",\"addressRegion\":\"Tirol\",\"addressCountry\":\"AT\"},{\"@type\":\"ImageObject\",\"inLanguage\":\"en-US\",\"@id\":\"https:\/\/bolting.eu\/en\/shop\/petzl-toolbag-werkzeugtasche\/#local-main-organization-logo\",\"url\":\"https:\/\/bolting.eu\/wp-content\/uploads\/2019\/09\/bolting-logo.png\",\"contentUrl\":\"https:\/\/bolting.eu\/wp-content\/uploads\/2019\/09\/bolting-logo.png\",\"width\":400,\"height\":211,\"caption\":\"bolting.eu\"}]}<\/script>\n<meta property=\"og:video\" content=\"https:\/\/player.vimeo.com\/video\/810850855\" \/>\n<meta property=\"og:video:type\" content=\"text\/html\" \/>\n<meta property=\"og:video:duration\" content=\"201\" \/>\n<meta property=\"og:video:width\" content=\"1920\" \/>\n<meta property=\"og:video:height\" content=\"1080\" \/>\n<meta property=\"ya:ovs:adult\" content=\"false\" \/>\n<meta property=\"ya:ovs:upload_date\" content=\"2024-08-08T09:54:42+00:00\" \/>\n<meta property=\"ya:ovs:allow_embed\" content=\"true\" \/>\n<meta property=\"og:availability\" content=\"instock\" \/>\n<meta property=\"product:availability\" content=\"instock\" \/>\n<meta property=\"product:condition\" content=\"new\" \/>\n<meta name=\"geo.placename\" content=\"Innsbruck\" \/>\n<meta name=\"geo.position\" content=\"47.264176340396226;11.380109057672346\" \/>\n<meta name=\"geo.region\" content=\"Austria\" \/>\n<!-- \/ Yoast SEO Premium plugin. -->","yoast_head_json":{"title":"Petzl Toolbag Werkzeugtasche 1,5, 3 und 6 Liter | bolting.eu","description":"Petzl Toolbag WERKZEUGTASCHE beim Kletterprofi kaufen \u2705 Trusted Shop \u2705 kostenloser Versand* \u2705 14 Tage R\u00fcckgaberecht \u2705 Co2 neutrale Zustellung","robots":{"index":"index","follow":"follow","max-snippet":"max-snippet:-1","max-image-preview":"max-image-preview:large","max-video-preview":"max-video-preview:-1"},"canonical":"https:\/\/bolting.eu\/en\/shop\/petzl-toolbag-werkzeugtasche\/","og_locale":"en_US","og_type":"article","og_title":"Petzl Toolbag Werkzeugtasche","og_description":"Petzl Toolbag WERKZEUGTASCHE beim Kletterprofi kaufen \u2705 Trusted Shop \u2705 kostenloser Versand* \u2705 14 Tage R\u00fcckgaberecht \u2705 Co2 neutrale Zustellung","og_url":"https:\/\/bolting.eu\/en\/shop\/petzl-toolbag-werkzeugtasche\/","og_site_name":"bolting.eu","article_publisher":"https:\/\/www.facebook.com\/bolting.eu","article_modified_time":"2026-03-31T21:12:16+00:00","og_image":[{"width":700,"height":700,"url":"https:\/\/bolting.eu\/wp-content\/uploads\/2024\/08\/Petzl-Toolbag-6-Liter-1.jpg","type":"image\/jpeg"}],"twitter_card":"summary_large_image","twitter_misc":{"Availability":"In stock"},"schema":{"@context":"https:\/\/schema.org","@graph":[{"@type":["WebPage","ItemPage"],"@id":"https:\/\/bolting.eu\/en\/shop\/petzl-toolbag-werkzeugtasche\/","url":"https:\/\/bolting.eu\/en\/shop\/petzl-toolbag-werkzeugtasche\/","name":"Petzl Toolbag Werkzeugtasche 1,5, 3 und 6 Liter | bolting.eu","isPartOf":{"@id":"https:\/\/bolting.eu\/en\/#website"},"primaryImageOfPage":{"@id":"https:\/\/bolting.eu\/en\/shop\/petzl-toolbag-werkzeugtasche\/#primaryimage"},"image":{"@id":"https:\/\/bolting.eu\/en\/shop\/petzl-toolbag-werkzeugtasche\/#primaryimage"},"thumbnailUrl":"https:\/\/bolting.eu\/wp-content\/uploads\/2024\/08\/Petzl-Toolbag-6-Liter-1.jpg","datePublished":"2024-08-08T09:54:42+00:00","dateModified":"2026-03-31T21:12:16+00:00","description":"Petzl Toolbag WERKZEUGTASCHE beim Kletterprofi kaufen \u2705 Trusted Shop \u2705 kostenloser Versand* \u2705 14 Tage R\u00fcckgaberecht \u2705 Co2 neutrale Zustellung","breadcrumb":{"@id":"https:\/\/bolting.eu\/en\/shop\/petzl-toolbag-werkzeugtasche\/#breadcrumb"},"inLanguage":"en-US","potentialAction":[{"@type":"ReadAction","target":["https:\/\/bolting.eu\/en\/shop\/petzl-toolbag-werkzeugtasche\/"]}]},{"@type":"ImageObject","inLanguage":"en-US","@id":"https:\/\/bolting.eu\/en\/shop\/petzl-toolbag-werkzeugtasche\/#primaryimage","url":"https:\/\/bolting.eu\/wp-content\/uploads\/2024\/08\/Petzl-Toolbag-6-Liter-1.jpg","contentUrl":"https:\/\/bolting.eu\/wp-content\/uploads\/2024\/08\/Petzl-Toolbag-6-Liter-1.jpg","width":700,"height":700,"caption":"Schwarz-gelber Petzl Toolbag 6 Liter und buntes bolting.eu Logo rechts oben."},{"@type":"BreadcrumbList","@id":"https:\/\/bolting.eu\/en\/shop\/petzl-toolbag-werkzeugtasche\/#breadcrumb","itemListElement":[{"@type":"ListItem","position":1,"name":"Shop","item":"https:\/\/bolting.eu\/en\/shop\/"},{"@type":"ListItem","position":2,"name":"bolting products","item":"https:\/\/bolting.eu\/en\/produkt-kategorie\/bolting-products\/"},{"@type":"ListItem","position":3,"name":"Material bags - Tool bags","item":"https:\/\/bolting.eu\/en\/produkt-kategorie\/material-bags-tool-bags\/"},{"@type":"ListItem","position":4,"name":"Petzl Toolbag Werkzeugtasche"}]},{"@type":"WebSite","@id":"https:\/\/bolting.eu\/en\/#website","url":"https:\/\/bolting.eu\/en\/","name":"bolting.eu","description":"we make climbs happen","publisher":{"@id":"https:\/\/bolting.eu\/en\/#organization"},"potentialAction":[{"@type":"SearchAction","target":{"@type":"EntryPoint","urlTemplate":"https:\/\/bolting.eu\/en\/?s={search_term_string}"},"query-input":{"@type":"PropertyValueSpecification","valueRequired":true,"valueName":"search_term_string"}}],"inLanguage":"en-US"},{"@type":["Organization","Place","SportingGoodsStore"],"@id":"https:\/\/bolting.eu\/en\/#organization","name":"bolting.eu","url":"https:\/\/bolting.eu\/en\/","logo":{"@id":"https:\/\/bolting.eu\/en\/shop\/petzl-toolbag-werkzeugtasche\/#local-main-organization-logo"},"image":{"@id":"https:\/\/bolting.eu\/en\/shop\/petzl-toolbag-werkzeugtasche\/#local-main-organization-logo"},"sameAs":["https:\/\/www.facebook.com\/bolting.eu","https:\/\/www.instagram.com\/bolting.eu\/"],"address":{"@id":"https:\/\/bolting.eu\/en\/shop\/petzl-toolbag-werkzeugtasche\/#local-main-place-address"},"geo":{"@type":"GeoCoordinates","latitude":"47.264176340396226","longitude":"11.380109057672346"},"telephone":["+43 699 19083372"],"openingHoursSpecification":[{"@type":"OpeningHoursSpecification","dayOfWeek":["Monday","Wednesday","Friday"],"opens":"14:00","closes":"18:00"},{"@type":"OpeningHoursSpecification","dayOfWeek":["Tuesday","Thursday","Saturday","Sunday"],"opens":"00:00","closes":"00:00"}],"email":"office@bolting.eu","vatID":"ATU59999728","priceRange":"$$","currenciesAccepted":"Euro"},{"@type":"PostalAddress","@id":"https:\/\/bolting.eu\/en\/shop\/petzl-toolbag-werkzeugtasche\/#local-main-place-address","streetAddress":"Fischnalerstra\u00dfe 4","addressLocality":"Innsbruck","postalCode":"6020","addressRegion":"Tirol","addressCountry":"AT"},{"@type":"ImageObject","inLanguage":"en-US","@id":"https:\/\/bolting.eu\/en\/shop\/petzl-toolbag-werkzeugtasche\/#local-main-organization-logo","url":"https:\/\/bolting.eu\/wp-content\/uploads\/2019\/09\/bolting-logo.png","contentUrl":"https:\/\/bolting.eu\/wp-content\/uploads\/2019\/09\/bolting-logo.png","width":400,"height":211,"caption":"bolting.eu"}]},"og_video":"https:\/\/player.vimeo.com\/video\/810850855","og_video_type":"text\/html","og_video_duration":"201","og_video_width":"1920","og_video_height":"1080","ya_ovs_adult":"false","ya_ovs_upload_date":"2024-08-08T09:54:42+00:00","ya_ovs_allow_embed":"true","og_availability":"instock","product_availability":"instock","product_condition":"new","geo.placename":"Innsbruck","geo.position":{"lat":"47.264176340396226","long":"11.380109057672346"},"geo.region":"Austria"},"_links":{"self":[{"href":"https:\/\/bolting.eu\/en\/wp-json\/wp\/v2\/product\/20788","targetHints":{"allow":["GET"]}}],"collection":[{"href":"https:\/\/bolting.eu\/en\/wp-json\/wp\/v2\/product"}],"about":[{"href":"https:\/\/bolting.eu\/en\/wp-json\/wp\/v2\/types\/product"}],"replies":[{"embeddable":true,"href":"https:\/\/bolting.eu\/en\/wp-json\/wp\/v2\/comments?post=20788"}],"wp:featuredmedia":[{"embeddable":true,"href":"https:\/\/bolting.eu\/en\/wp-json\/wp\/v2\/media\/20805"}],"wp:attachment":[{"href":"https:\/\/bolting.eu\/en\/wp-json\/wp\/v2\/media?parent=20788"}],"wp:term":[{"taxonomy":"product_brand","embeddable":true,"href":"https:\/\/bolting.eu\/en\/wp-json\/wp\/v2\/product_brand?post=20788"},{"taxonomy":"product_cat","embeddable":true,"href":"https:\/\/bolting.eu\/en\/wp-json\/wp\/v2\/product_cat?post=20788"},{"taxonomy":"product_tag","embeddable":true,"href":"https:\/\/bolting.eu\/en\/wp-json\/wp\/v2\/product_tag?post=20788"}],"curies":[{"name":"wp","href":"https:\/\/api.w.org\/{rel}","templated":true}]}}