{"id":20766,"date":"2024-08-06T19:13:41","date_gmt":"2024-08-06T17:13:41","guid":{"rendered":"https:\/\/bolting.eu\/?post_type=product&#038;p=20766"},"modified":"2025-07-06T19:10:14","modified_gmt":"2025-07-06T17:10:14","slug":"petzl-toolink-m","status":"publish","type":"product","link":"https:\/\/bolting.eu\/en\/shop\/petzl-toolink-m\/","title":{"rendered":"Petzl Toolink M"},"content":{"rendered":"<p>Die Petzl Toolink M Verbindungsriemen sind ein Zubeh\u00f6r f\u00fcr H\u00f6henarbeiter. Denn in Verbindung mit einem <a href=\"https:\/\/bolting.eu\/shop\/petzl-toolbag-werkzeugtasche\/\">Toolbag<\/a> bzw. der <a href=\"https:\/\/bolting.eu\/shop\/petzl-tooleash-werkzeugleine\/\">Tooleash<\/a> sichern sie <strong>Werkzeuge mit geschlossener \u00d6se<\/strong> vor dem Absturz.<\/p>\n<p>Der Riemen h\u00e4lt dabei ein Gewicht von bis zu 3kg. Er wird einfach mit einem Ankerstich durch die jeweilige \u00d6se gef\u00e4delt.<\/p>\n<p>Dieses Produkt wird ganz oft in Kombination mit einem <a href=\"https:\/\/bolting.eu\/shop\/petzl-interfast\/\">Interfast<\/a> Adapter verwendet. Deshalb findet ihr diese Varianten auch hier.<\/p>\n<h2>Eigenschaften Toolink M<\/h2>\n<ul>\n<li>Hersteller: <a href=\"https:\/\/bolting.eu\/produkt-kategorie\/petzl\/\">Petzl<\/a><\/li>\n<li>Riemen f\u00fcr Werkzeuge mit geschlossener \u00d6se<\/li>\n<li>Bruchlast: 3kg<\/li>\n<li>Gesamtl\u00e4nge Riemen: 17,5cm<\/li>\n<li>L\u00e4nge <a href=\"https:\/\/bolting.eu\/produkt-kategorie\/kletterausruestung\/reepschnur\/\">Reepschnur<\/a> Schlaufe: 12cm<\/li>\n<li>Dicke Reepschnur: 3mm<\/li>\n<li>Mindestgr\u00f6\u00dfe der \u00d6se am Werkzeug: 6mm<\/li>\n<li>Packungsinhalt: 5 Riemen<\/li>\n<li>Einzelgewicht: 11 Gramm<\/li>\n<li>wird mit Ankerstich in \u00d6se gef\u00e4delt<\/li>\n<li>Kunststoff \u00d6se: max 22 x 14mm<\/li>\n<li>erh\u00e4ltlich in drei Varianten: Werkzeugriemen solo, Riemen mit Tooleash, Set inkl. Interfast Gurt Adapter<\/li>\n<li><a href=\"https:\/\/www.petzl.com\/AT\/de\/Professional\/Transportsacke-und-Zubehor\/TOOLINK-M#:~:text=Das%20PDF%20herunterladen%20%3A%20technical%2Dnotice%2DTOOLINK%20M%2D1%20%2D%201.53%20MB\" target=\"_blank\" rel=\"noopener\">Bedienungsanleitung<\/a><\/li>\n<\/ul>\n<h3>Produktvideo<\/h3>\n<p>Im Folgenden seht ihr, wie die einzelnen Petzl Produkte und die Toolink M zusammen passen.<\/p>\n<p><iframe loading=\"lazy\" title=\"HOW TO Use our solutions for dropped tool prevention\" src=\"https:\/\/player.vimeo.com\/video\/810850855?dnt=1&amp;app_id=122963\" width=\"1020\" height=\"574\" frameborder=\"0\" allow=\"autoplay; fullscreen; picture-in-picture; clipboard-write; encrypted-media\"><\/iframe><\/p>\n<h3>F\u00fcr die Tooleash<\/h3>\n<p>Der Toolink M Verbindungsriemen ist f\u00fcr die Tooleash gemacht. D.h. die Kunststoff\u00f6se bevorzugt ausschlie\u00dflich den <a href=\"https:\/\/bolting.eu\/produkt-kategorie\/kletterausruestung\/kletterkarabiner\/\">Karabiner<\/a> der entsprechenden Fangleine.<\/p>\n<p>Normale Karabiner passen nicht hindurch.<\/p>\n<figure id=\"attachment_20768\" aria-describedby=\"caption-attachment-20768\" style=\"width: 1024px\" class=\"wp-caption alignnone\"><a href=\"https:\/\/bolting.eu\/wp-content\/uploads\/2024\/08\/Petzl-Toolink-M-5.jpg\"><img loading=\"lazy\" decoding=\"async\" class=\"wp-image-20768 size-full\" src=\"https:\/\/bolting.eu\/wp-content\/uploads\/2024\/08\/Petzl-Toolink-M-5.jpg\" alt=\"Hand mit Lederhandschuh beim Einh\u00e4ngen einer Tooleash in den Toolink M Riemen, rechts oben buntes bolting.eu Logo.\" width=\"1024\" height=\"735\" srcset=\"https:\/\/bolting.eu\/wp-content\/uploads\/2024\/08\/Petzl-Toolink-M-5.jpg 1024w, https:\/\/bolting.eu\/wp-content\/uploads\/2024\/08\/Petzl-Toolink-M-5-557x400.jpg 557w, https:\/\/bolting.eu\/wp-content\/uploads\/2024\/08\/Petzl-Toolink-M-5-768x551.jpg 768w, https:\/\/bolting.eu\/wp-content\/uploads\/2024\/08\/Petzl-Toolink-M-5-510x366.jpg 510w, https:\/\/bolting.eu\/wp-content\/uploads\/2024\/08\/Petzl-Toolink-M-5-100x72.jpg 100w\" sizes=\"auto, (max-width: 1024px) 100vw, 1024px\" \/><\/a><figcaption id=\"caption-attachment-20768\" class=\"wp-caption-text\">Beachtet! Die \u00d6se ist f\u00fcr die entsprechende Petz Fangleine gemacht.<\/figcaption><\/figure>\n<p>&nbsp;<\/p>\n<h3>Richtige Installation<\/h3>\n<p>Der Verbindungsriemen wird mit einem Ankerstich in der geschlossenen \u00d6se des Werkzeuges befestigt.<\/p>\n<p>Beachtet. Gibt e skeine geschlossene \u00d6se am Werkzeug, m\u00fcsst ihr den <a href=\"https:\/\/bolting.eu\/shop\/petzl-toolink-s-kit-mit-tooltape\/\">Kit S mit Tooltape<\/a> verwenden!<\/p>\n<p>&nbsp;<\/p>\n<p><a href=\"https:\/\/bolting.eu\/wp-content\/uploads\/2024\/08\/Petzl-Toolink-M-8.jpg\"><img loading=\"lazy\" decoding=\"async\" class=\"alignnone size-full wp-image-20773\" src=\"https:\/\/bolting.eu\/wp-content\/uploads\/2024\/08\/Petzl-Toolink-M-8.jpg\" alt=\"Grafik zur richtigen Installation der Petzl Toolink M Werkzeugsicherung.\" width=\"1024\" height=\"512\" srcset=\"https:\/\/bolting.eu\/wp-content\/uploads\/2024\/08\/Petzl-Toolink-M-8.jpg 1024w, https:\/\/bolting.eu\/wp-content\/uploads\/2024\/08\/Petzl-Toolink-M-8-800x400.jpg 800w, https:\/\/bolting.eu\/wp-content\/uploads\/2024\/08\/Petzl-Toolink-M-8-768x384.jpg 768w, https:\/\/bolting.eu\/wp-content\/uploads\/2024\/08\/Petzl-Toolink-M-8-510x255.jpg 510w, https:\/\/bolting.eu\/wp-content\/uploads\/2024\/08\/Petzl-Toolink-M-8-100x50.jpg 100w\" sizes=\"auto, (max-width: 1024px) 100vw, 1024px\" \/><\/a><\/p>\n<p>&nbsp;<\/p>\n<p>&nbsp;<\/p>\n","protected":false},"excerpt":{"rendered":"<p>Verbindungsriemen f\u00fcr die Tooleash mit Werkzeugen, die eine geschlossene \u00d6se haben.<\/p>\n<p>Ideal f\u00fcr H\u00f6henarbeiter und Materialien bis 3kg Gewicht.<\/p>\n<p>Versandkostenfrei bis 2kg in <img decoding=\"async\" class=\"emoji\" role=\"img\" draggable=\"false\" src=\"https:\/\/s.w.org\/images\/core\/emoji\/14.0.0\/svg\/1f1e6-1f1f9.svg\" alt=\"\ud83c\udde6\ud83c\uddf9\" \/> ab \u20ac 100,- und <img decoding=\"async\" class=\"emoji\" role=\"img\" draggable=\"false\" src=\"https:\/\/s.w.org\/images\/core\/emoji\/14.0.0\/svg\/1f1e9-1f1ea.svg\" alt=\"\ud83c\udde9\ud83c\uddea\" \/> ab \u20ac 200,-!<\/p>\n","protected":false},"featured_media":20772,"comment_status":"closed","ping_status":"closed","template":"","meta":[],"product_brand":[],"product_cat":[1210,9226,14093,14513],"product_tag":[],"class_list":{"0":"post-20766","1":"product","2":"type-product","3":"status-publish","4":"has-post-thumbnail","6":"product_cat-einbohrartikel","7":"product_cat-materialtaschen-werkzeugtaschen","8":"product_cat-petzl","9":"product_cat-industriekletter-ausruestung","11":"first","12":"instock","13":"sale","14":"taxable","15":"shipping-taxable","16":"purchasable","17":"product-type-variable"},"yoast_head":"<!-- This site is optimized with the Yoast SEO Premium plugin v26.9 (Yoast SEO v26.9) - https:\/\/yoast.com\/product\/yoast-seo-premium-wordpress\/ -->\n<title>Petzl Toolink M - Verbindungsriemen | bolting.eu<\/title>\n<meta name=\"description\" content=\"PETZL TOOLINK M Verbindungsriemen beim Kletter Hardwareprofi kaufen \u2705 Trusted Shop \u2705 kostenloser Versand* \u2705 14 Tage R\u00fcckgaberecht \u2705 Co2 neutrale Zustellung\" \/>\n<meta name=\"robots\" content=\"index, follow, max-snippet:-1, max-image-preview:large, max-video-preview:-1\" \/>\n<link rel=\"canonical\" href=\"https:\/\/bolting.eu\/en\/shop\/petzl-toolink-m\/\" \/>\n<meta property=\"og:locale\" content=\"en_US\" \/>\n<meta property=\"og:type\" content=\"article\" \/>\n<meta property=\"og:title\" content=\"Petzl Toolink M\" \/>\n<meta property=\"og:description\" content=\"PETZL TOOLINK M Verbindungsriemen beim Kletter Hardwareprofi kaufen \u2705 Trusted Shop \u2705 kostenloser Versand* \u2705 14 Tage R\u00fcckgaberecht \u2705 Co2 neutrale Zustellung\" \/>\n<meta property=\"og:url\" content=\"https:\/\/bolting.eu\/en\/shop\/petzl-toolink-m\/\" \/>\n<meta property=\"og:site_name\" content=\"bolting.eu\" \/>\n<meta property=\"article:publisher\" content=\"https:\/\/www.facebook.com\/bolting.eu\" \/>\n<meta property=\"article:modified_time\" content=\"2025-07-06T17:10:14+00:00\" \/>\n<meta property=\"og:image\" content=\"https:\/\/bolting.eu\/wp-content\/uploads\/2024\/08\/Petzl-Toolink-M-1.jpg\" \/>\n\t<meta property=\"og:image:width\" content=\"700\" \/>\n\t<meta property=\"og:image:height\" content=\"700\" \/>\n\t<meta property=\"og:image:type\" content=\"image\/jpeg\" \/>\n<meta name=\"twitter:card\" content=\"summary_large_image\" \/>\n<meta name=\"twitter:label1\" content=\"Availability\" \/>\n\t<meta name=\"twitter:data1\" content=\"In stock\" \/>\n<script type=\"application\/ld+json\" class=\"yoast-schema-graph\">{\"@context\":\"https:\/\/schema.org\",\"@graph\":[{\"@type\":[\"WebPage\",\"ItemPage\"],\"@id\":\"https:\/\/bolting.eu\/en\/shop\/petzl-toolink-m\/\",\"url\":\"https:\/\/bolting.eu\/en\/shop\/petzl-toolink-m\/\",\"name\":\"Petzl Toolink M - Verbindungsriemen | bolting.eu\",\"isPartOf\":{\"@id\":\"https:\/\/bolting.eu\/en\/#website\"},\"primaryImageOfPage\":{\"@id\":\"https:\/\/bolting.eu\/en\/shop\/petzl-toolink-m\/#primaryimage\"},\"image\":{\"@id\":\"https:\/\/bolting.eu\/en\/shop\/petzl-toolink-m\/#primaryimage\"},\"thumbnailUrl\":\"https:\/\/bolting.eu\/wp-content\/uploads\/2024\/08\/Petzl-Toolink-M-1.jpg\",\"datePublished\":\"2024-08-06T17:13:41+00:00\",\"dateModified\":\"2025-07-06T17:10:14+00:00\",\"description\":\"PETZL TOOLINK M Verbindungsriemen beim Kletter Hardwareprofi kaufen \u2705 Trusted Shop \u2705 kostenloser Versand* \u2705 14 Tage R\u00fcckgaberecht \u2705 Co2 neutrale Zustellung\",\"breadcrumb\":{\"@id\":\"https:\/\/bolting.eu\/en\/shop\/petzl-toolink-m\/#breadcrumb\"},\"inLanguage\":\"en-US\",\"potentialAction\":[{\"@type\":\"ReadAction\",\"target\":[\"https:\/\/bolting.eu\/en\/shop\/petzl-toolink-m\/\"]}]},{\"@type\":\"ImageObject\",\"inLanguage\":\"en-US\",\"@id\":\"https:\/\/bolting.eu\/en\/shop\/petzl-toolink-m\/#primaryimage\",\"url\":\"https:\/\/bolting.eu\/wp-content\/uploads\/2024\/08\/Petzl-Toolink-M-1.jpg\",\"contentUrl\":\"https:\/\/bolting.eu\/wp-content\/uploads\/2024\/08\/Petzl-Toolink-M-1.jpg\",\"width\":700,\"height\":700,\"caption\":\"Schwarzer Petzl Toolink M Riemen mit Mal f\u00fcng Zeichen und buntem bolting.eu Logo rechts oben.\"},{\"@type\":\"BreadcrumbList\",\"@id\":\"https:\/\/bolting.eu\/en\/shop\/petzl-toolink-m\/#breadcrumb\",\"itemListElement\":[{\"@type\":\"ListItem\",\"position\":1,\"name\":\"Shop\",\"item\":\"https:\/\/bolting.eu\/en\/shop\/\"},{\"@type\":\"ListItem\",\"position\":2,\"name\":\"bolting products\",\"item\":\"https:\/\/bolting.eu\/en\/produkt-kategorie\/bolting-products\/\"},{\"@type\":\"ListItem\",\"position\":3,\"name\":\"Material bags - Tool bags\",\"item\":\"https:\/\/bolting.eu\/en\/produkt-kategorie\/material-bags-tool-bags\/\"},{\"@type\":\"ListItem\",\"position\":4,\"name\":\"Petzl Toolink M\"}]},{\"@type\":\"WebSite\",\"@id\":\"https:\/\/bolting.eu\/en\/#website\",\"url\":\"https:\/\/bolting.eu\/en\/\",\"name\":\"bolting.eu\",\"description\":\"we make climbs happen\",\"publisher\":{\"@id\":\"https:\/\/bolting.eu\/en\/#organization\"},\"potentialAction\":[{\"@type\":\"SearchAction\",\"target\":{\"@type\":\"EntryPoint\",\"urlTemplate\":\"https:\/\/bolting.eu\/en\/?s={search_term_string}\"},\"query-input\":{\"@type\":\"PropertyValueSpecification\",\"valueRequired\":true,\"valueName\":\"search_term_string\"}}],\"inLanguage\":\"en-US\"},{\"@type\":[\"Organization\",\"Place\",\"SportingGoodsStore\"],\"@id\":\"https:\/\/bolting.eu\/en\/#organization\",\"name\":\"bolting.eu\",\"url\":\"https:\/\/bolting.eu\/en\/\",\"logo\":{\"@id\":\"https:\/\/bolting.eu\/en\/shop\/petzl-toolink-m\/#local-main-organization-logo\"},\"image\":{\"@id\":\"https:\/\/bolting.eu\/en\/shop\/petzl-toolink-m\/#local-main-organization-logo\"},\"sameAs\":[\"https:\/\/www.facebook.com\/bolting.eu\",\"https:\/\/www.instagram.com\/bolting.eu\/\"],\"address\":{\"@id\":\"https:\/\/bolting.eu\/en\/shop\/petzl-toolink-m\/#local-main-place-address\"},\"geo\":{\"@type\":\"GeoCoordinates\",\"latitude\":\"47.264176340396226\",\"longitude\":\"11.380109057672346\"},\"telephone\":[\"+43 699 19083372\"],\"openingHoursSpecification\":[{\"@type\":\"OpeningHoursSpecification\",\"dayOfWeek\":[\"Monday\",\"Wednesday\",\"Friday\"],\"opens\":\"14:00\",\"closes\":\"18:00\"},{\"@type\":\"OpeningHoursSpecification\",\"dayOfWeek\":[\"Tuesday\",\"Thursday\",\"Saturday\",\"Sunday\"],\"opens\":\"00:00\",\"closes\":\"00:00\"}],\"email\":\"office@bolting.eu\",\"vatID\":\"ATU59999728\",\"priceRange\":\"$$\",\"currenciesAccepted\":\"Euro\"},{\"@type\":\"PostalAddress\",\"@id\":\"https:\/\/bolting.eu\/en\/shop\/petzl-toolink-m\/#local-main-place-address\",\"streetAddress\":\"Fischnalerstra\u00dfe 4\",\"addressLocality\":\"Innsbruck\",\"postalCode\":\"6020\",\"addressRegion\":\"Tirol\",\"addressCountry\":\"AT\"},{\"@type\":\"ImageObject\",\"inLanguage\":\"en-US\",\"@id\":\"https:\/\/bolting.eu\/en\/shop\/petzl-toolink-m\/#local-main-organization-logo\",\"url\":\"https:\/\/bolting.eu\/wp-content\/uploads\/2019\/09\/bolting-logo.png\",\"contentUrl\":\"https:\/\/bolting.eu\/wp-content\/uploads\/2019\/09\/bolting-logo.png\",\"width\":400,\"height\":211,\"caption\":\"bolting.eu\"}]}<\/script>\n<meta property=\"og:video\" content=\"https:\/\/player.vimeo.com\/video\/810850855\" \/>\n<meta property=\"og:video:type\" content=\"text\/html\" \/>\n<meta property=\"og:video:duration\" content=\"201\" \/>\n<meta property=\"og:video:width\" content=\"1920\" \/>\n<meta property=\"og:video:height\" content=\"1080\" \/>\n<meta property=\"ya:ovs:adult\" content=\"false\" \/>\n<meta property=\"ya:ovs:upload_date\" content=\"2024-08-06T17:13:41+00:00\" \/>\n<meta property=\"ya:ovs:allow_embed\" content=\"true\" \/>\n<meta property=\"og:availability\" content=\"instock\" \/>\n<meta property=\"product:availability\" content=\"instock\" \/>\n<meta property=\"product:condition\" content=\"new\" \/>\n<meta name=\"geo.placename\" content=\"Innsbruck\" \/>\n<meta name=\"geo.position\" content=\"47.264176340396226;11.380109057672346\" \/>\n<meta name=\"geo.region\" content=\"Austria\" \/>\n<!-- \/ Yoast SEO Premium plugin. -->","yoast_head_json":{"title":"Petzl Toolink M - Verbindungsriemen | bolting.eu","description":"PETZL TOOLINK M Verbindungsriemen beim Kletter Hardwareprofi kaufen \u2705 Trusted Shop \u2705 kostenloser Versand* \u2705 14 Tage R\u00fcckgaberecht \u2705 Co2 neutrale Zustellung","robots":{"index":"index","follow":"follow","max-snippet":"max-snippet:-1","max-image-preview":"max-image-preview:large","max-video-preview":"max-video-preview:-1"},"canonical":"https:\/\/bolting.eu\/en\/shop\/petzl-toolink-m\/","og_locale":"en_US","og_type":"article","og_title":"Petzl Toolink M","og_description":"PETZL TOOLINK M Verbindungsriemen beim Kletter Hardwareprofi kaufen \u2705 Trusted Shop \u2705 kostenloser Versand* \u2705 14 Tage R\u00fcckgaberecht \u2705 Co2 neutrale Zustellung","og_url":"https:\/\/bolting.eu\/en\/shop\/petzl-toolink-m\/","og_site_name":"bolting.eu","article_publisher":"https:\/\/www.facebook.com\/bolting.eu","article_modified_time":"2025-07-06T17:10:14+00:00","og_image":[{"width":700,"height":700,"url":"https:\/\/bolting.eu\/wp-content\/uploads\/2024\/08\/Petzl-Toolink-M-1.jpg","type":"image\/jpeg"}],"twitter_card":"summary_large_image","twitter_misc":{"Availability":"In stock"},"schema":{"@context":"https:\/\/schema.org","@graph":[{"@type":["WebPage","ItemPage"],"@id":"https:\/\/bolting.eu\/en\/shop\/petzl-toolink-m\/","url":"https:\/\/bolting.eu\/en\/shop\/petzl-toolink-m\/","name":"Petzl Toolink M - Verbindungsriemen | bolting.eu","isPartOf":{"@id":"https:\/\/bolting.eu\/en\/#website"},"primaryImageOfPage":{"@id":"https:\/\/bolting.eu\/en\/shop\/petzl-toolink-m\/#primaryimage"},"image":{"@id":"https:\/\/bolting.eu\/en\/shop\/petzl-toolink-m\/#primaryimage"},"thumbnailUrl":"https:\/\/bolting.eu\/wp-content\/uploads\/2024\/08\/Petzl-Toolink-M-1.jpg","datePublished":"2024-08-06T17:13:41+00:00","dateModified":"2025-07-06T17:10:14+00:00","description":"PETZL TOOLINK M Verbindungsriemen beim Kletter Hardwareprofi kaufen \u2705 Trusted Shop \u2705 kostenloser Versand* \u2705 14 Tage R\u00fcckgaberecht \u2705 Co2 neutrale Zustellung","breadcrumb":{"@id":"https:\/\/bolting.eu\/en\/shop\/petzl-toolink-m\/#breadcrumb"},"inLanguage":"en-US","potentialAction":[{"@type":"ReadAction","target":["https:\/\/bolting.eu\/en\/shop\/petzl-toolink-m\/"]}]},{"@type":"ImageObject","inLanguage":"en-US","@id":"https:\/\/bolting.eu\/en\/shop\/petzl-toolink-m\/#primaryimage","url":"https:\/\/bolting.eu\/wp-content\/uploads\/2024\/08\/Petzl-Toolink-M-1.jpg","contentUrl":"https:\/\/bolting.eu\/wp-content\/uploads\/2024\/08\/Petzl-Toolink-M-1.jpg","width":700,"height":700,"caption":"Schwarzer Petzl Toolink M Riemen mit Mal f\u00fcng Zeichen und buntem bolting.eu Logo rechts oben."},{"@type":"BreadcrumbList","@id":"https:\/\/bolting.eu\/en\/shop\/petzl-toolink-m\/#breadcrumb","itemListElement":[{"@type":"ListItem","position":1,"name":"Shop","item":"https:\/\/bolting.eu\/en\/shop\/"},{"@type":"ListItem","position":2,"name":"bolting products","item":"https:\/\/bolting.eu\/en\/produkt-kategorie\/bolting-products\/"},{"@type":"ListItem","position":3,"name":"Material bags - Tool bags","item":"https:\/\/bolting.eu\/en\/produkt-kategorie\/material-bags-tool-bags\/"},{"@type":"ListItem","position":4,"name":"Petzl Toolink M"}]},{"@type":"WebSite","@id":"https:\/\/bolting.eu\/en\/#website","url":"https:\/\/bolting.eu\/en\/","name":"bolting.eu","description":"we make climbs happen","publisher":{"@id":"https:\/\/bolting.eu\/en\/#organization"},"potentialAction":[{"@type":"SearchAction","target":{"@type":"EntryPoint","urlTemplate":"https:\/\/bolting.eu\/en\/?s={search_term_string}"},"query-input":{"@type":"PropertyValueSpecification","valueRequired":true,"valueName":"search_term_string"}}],"inLanguage":"en-US"},{"@type":["Organization","Place","SportingGoodsStore"],"@id":"https:\/\/bolting.eu\/en\/#organization","name":"bolting.eu","url":"https:\/\/bolting.eu\/en\/","logo":{"@id":"https:\/\/bolting.eu\/en\/shop\/petzl-toolink-m\/#local-main-organization-logo"},"image":{"@id":"https:\/\/bolting.eu\/en\/shop\/petzl-toolink-m\/#local-main-organization-logo"},"sameAs":["https:\/\/www.facebook.com\/bolting.eu","https:\/\/www.instagram.com\/bolting.eu\/"],"address":{"@id":"https:\/\/bolting.eu\/en\/shop\/petzl-toolink-m\/#local-main-place-address"},"geo":{"@type":"GeoCoordinates","latitude":"47.264176340396226","longitude":"11.380109057672346"},"telephone":["+43 699 19083372"],"openingHoursSpecification":[{"@type":"OpeningHoursSpecification","dayOfWeek":["Monday","Wednesday","Friday"],"opens":"14:00","closes":"18:00"},{"@type":"OpeningHoursSpecification","dayOfWeek":["Tuesday","Thursday","Saturday","Sunday"],"opens":"00:00","closes":"00:00"}],"email":"office@bolting.eu","vatID":"ATU59999728","priceRange":"$$","currenciesAccepted":"Euro"},{"@type":"PostalAddress","@id":"https:\/\/bolting.eu\/en\/shop\/petzl-toolink-m\/#local-main-place-address","streetAddress":"Fischnalerstra\u00dfe 4","addressLocality":"Innsbruck","postalCode":"6020","addressRegion":"Tirol","addressCountry":"AT"},{"@type":"ImageObject","inLanguage":"en-US","@id":"https:\/\/bolting.eu\/en\/shop\/petzl-toolink-m\/#local-main-organization-logo","url":"https:\/\/bolting.eu\/wp-content\/uploads\/2019\/09\/bolting-logo.png","contentUrl":"https:\/\/bolting.eu\/wp-content\/uploads\/2019\/09\/bolting-logo.png","width":400,"height":211,"caption":"bolting.eu"}]},"og_video":"https:\/\/player.vimeo.com\/video\/810850855","og_video_type":"text\/html","og_video_duration":"201","og_video_width":"1920","og_video_height":"1080","ya_ovs_adult":"false","ya_ovs_upload_date":"2024-08-06T17:13:41+00:00","ya_ovs_allow_embed":"true","og_availability":"instock","product_availability":"instock","product_condition":"new","geo.placename":"Innsbruck","geo.position":{"lat":"47.264176340396226","long":"11.380109057672346"},"geo.region":"Austria"},"_links":{"self":[{"href":"https:\/\/bolting.eu\/en\/wp-json\/wp\/v2\/product\/20766","targetHints":{"allow":["GET"]}}],"collection":[{"href":"https:\/\/bolting.eu\/en\/wp-json\/wp\/v2\/product"}],"about":[{"href":"https:\/\/bolting.eu\/en\/wp-json\/wp\/v2\/types\/product"}],"replies":[{"embeddable":true,"href":"https:\/\/bolting.eu\/en\/wp-json\/wp\/v2\/comments?post=20766"}],"wp:featuredmedia":[{"embeddable":true,"href":"https:\/\/bolting.eu\/en\/wp-json\/wp\/v2\/media\/20772"}],"wp:attachment":[{"href":"https:\/\/bolting.eu\/en\/wp-json\/wp\/v2\/media?parent=20766"}],"wp:term":[{"taxonomy":"product_brand","embeddable":true,"href":"https:\/\/bolting.eu\/en\/wp-json\/wp\/v2\/product_brand?post=20766"},{"taxonomy":"product_cat","embeddable":true,"href":"https:\/\/bolting.eu\/en\/wp-json\/wp\/v2\/product_cat?post=20766"},{"taxonomy":"product_tag","embeddable":true,"href":"https:\/\/bolting.eu\/en\/wp-json\/wp\/v2\/product_tag?post=20766"}],"curies":[{"name":"wp","href":"https:\/\/api.w.org\/{rel}","templated":true}]}}