{"id":20760,"date":"2024-08-06T18:12:27","date_gmt":"2024-08-06T16:12:27","guid":{"rendered":"https:\/\/bolting.eu\/?post_type=product&#038;p=20760"},"modified":"2024-10-01T12:34:10","modified_gmt":"2024-10-01T10:34:10","slug":"petzl-toolink-s-kit-mit-tooltape","status":"publish","type":"product","link":"https:\/\/bolting.eu\/en\/shop\/petzl-toolink-s-kit-mit-tooltape\/","title":{"rendered":"Petzl Toolink S Kit mit Tooltape"},"content":{"rendered":"<p>Der Petzl Toolink S Kit ist ein wichtiges Zubeh\u00f6r f\u00fcr Industriekletterer und Einbohrer. Denn die Riemen sorgen mit dem Tape sowie der Tooleash daf\u00fcr, dass Werkzeug nicht hinunter fallen kann. Diese Artikel werden fast immer mit der <a href=\"https:\/\/bolting.eu\/shop\/petzl-toolbag-werkzeugtasche\/\">Toolbag Werkzeugtasche<\/a> kombiniert.<\/p>\n<p>Diese Variante ist einerseits speziell f\u00fcr Werkzeuge ohne \u00d6sen gemacht. Und andererseits f\u00fcr Dinge mit glattem und geraden Schaft. Wie z.B. <a href=\"https:\/\/bolting.eu\/shop\/17er-gabelringschluessel-fuer-m10\/\">Gabelringschl\u00fcssel<\/a>.<\/p>\n<p>Hier findet ihr drei Varianten. Nur die Werkzeugriemen &#8220;solo.&#8221; Mit der Tooleash sowie als Set inkl. <a href=\"https:\/\/bolting.eu\/shop\/petzl-interfast\/\">Interfast Adapter<\/a>. So k\u00f6nnen die Werkzeuge super sicher verstaut werden.<\/p>\n<p>Viele Anwender kaufen auch die gr\u00f6\u00dferen Riemen Gr\u00f6\u00dfe M und Gr\u00f6\u00dfe L f\u00fcr Werkzeuge mit \u00d6sen.<\/p>\n<h3>Eigenschaften Toolink S KIT mit Tooltape<\/h3>\n<ul>\n<li>Hersteller: <a href=\"https:\/\/bolting.eu\/produkt-kategorie\/petzl\/\">Petzl<\/a><\/li>\n<li>Verbindungsriemen Werkzeug &#8211; Tooleash<\/li>\n<li>5 St\u00fcck Riemen und eine Rolle Tooltape<\/li>\n<li>Einzelgewicht: 8 Gramm<\/li>\n<li>Material: Polyester, TPU<\/li>\n<li>Gesamtl\u00e4nge: 13,5cm<\/li>\n<li>L\u00e4nge Klebebereich: 7cm<\/li>\n<li>Breite Riemen: 1,2cm<\/li>\n<li>Bruchlast: 2,3kg<\/li>\n<li>L\u00e4nge Tape: 274cm<\/li>\n<li>Breite Tape: 2,5cm<\/li>\n<li>\u00d6se speziell f\u00fcr den Karabiner der Tooleash<\/li>\n<li>erh\u00e4ltlich in drei Varianten: Riemen solo, Riemen + Tooleash, als Set inkl. Interfast Adapter<\/li>\n<li><a href=\"https:\/\/www.petzl.com\/AT\/de\/Professional\/Transportsacke-und-Zubehor\/TOOLINK-S-und-TOOLTAPE#:~:text=Das%20PDF%20herunterladen%20%3A%20technical%2Dnotice%2DTOOLINK%2DS%20TOOLTAPE%2D1%20%2D%202.18%20MB\" target=\"_blank\" rel=\"noopener\">Bedienungsanleitung<\/a><\/li>\n<\/ul>\n<h3>Produktvideo<\/h3>\n<p>So passen die Toolink S Riemen mit den anderen Petzl Produkte zusammen.<\/p>\n<p><iframe loading=\"lazy\" title=\"HOW TO Use our solutions for dropped tool prevention\" src=\"https:\/\/player.vimeo.com\/video\/810850855?dnt=1&amp;app_id=122963\" width=\"1020\" height=\"574\" frameborder=\"0\" allow=\"autoplay; fullscreen; picture-in-picture; clipboard-write\"><\/iframe><\/p>\n<h3>Riemen nur f\u00fcr kleine Materialkarabiner<\/h3>\n<p>Die \u00d6se des Toolink S Riemens ist speziell f\u00fcr die Tooleash gemacht. Wir empfehlen daher diese Fangleine.<\/p>\n<p>Wer seine eigene Leine verwenden will, braucht zum einh\u00e4ngen einen kleinen Materialkarabiner. Normale Karabiner haben einen zu gro\u00dfen Durchmesser und passen NICHT in die Riemen\u00f6se.<\/p>\n<figure id=\"attachment_20764\" aria-describedby=\"caption-attachment-20764\" style=\"width: 1024px\" class=\"wp-caption alignnone\"><a href=\"https:\/\/bolting.eu\/wp-content\/uploads\/2024\/08\/Petzl-Toolink-S-2.jpg\"><img loading=\"lazy\" decoding=\"async\" class=\"size-full wp-image-20764\" src=\"https:\/\/bolting.eu\/wp-content\/uploads\/2024\/08\/Petzl-Toolink-S-2.jpg\" alt=\"Hand mit Lederhandschuh beim Einh\u00e4ngen der Tooleash in den Petzl Toolink S Riemen.\" width=\"1024\" height=\"735\" srcset=\"https:\/\/bolting.eu\/wp-content\/uploads\/2024\/08\/Petzl-Toolink-S-2.jpg 1024w, https:\/\/bolting.eu\/wp-content\/uploads\/2024\/08\/Petzl-Toolink-S-2-557x400.jpg 557w, https:\/\/bolting.eu\/wp-content\/uploads\/2024\/08\/Petzl-Toolink-S-2-768x551.jpg 768w, https:\/\/bolting.eu\/wp-content\/uploads\/2024\/08\/Petzl-Toolink-S-2-510x366.jpg 510w, https:\/\/bolting.eu\/wp-content\/uploads\/2024\/08\/Petzl-Toolink-S-2-100x72.jpg 100w\" sizes=\"auto, (max-width: 1024px) 100vw, 1024px\" \/><\/a><figcaption id=\"caption-attachment-20764\" class=\"wp-caption-text\">Achtet auf die Original Tooleash bzw. einen kleinen Materialkarabiner.<\/figcaption><\/figure>\n<h3>Super haftendes Tape<\/h3>\n<p>Das mitgelieferte Tape im Toolink S Kit ist von 3M. Es handelt sich um ein super haftendes tape mit 274cm L\u00e4nge bzw. 25mm Breite.<\/p>\n<p>Bitte lest aufmerksam die separate Bedienungsanleitung. Damit es gut haftet, Schmutz und vor allem Fette und \u00d6se meiden.<\/p>\n<p>Daher unser Tipp. Wascht euch vor der Verwendung die H\u00e4nde!<\/p>\n<figure id=\"attachment_20765\" aria-describedby=\"caption-attachment-20765\" style=\"width: 1024px\" class=\"wp-caption alignnone\"><a href=\"https:\/\/bolting.eu\/wp-content\/uploads\/2024\/08\/Petzl-Toolink-S-1.jpg\"><img loading=\"lazy\" decoding=\"async\" class=\"size-full wp-image-20765\" src=\"https:\/\/bolting.eu\/wp-content\/uploads\/2024\/08\/Petzl-Toolink-S-1.jpg\" alt=\"Industriekletterer mit Hammer, der mit Tooleash und Toolink S Kit mit Gurt verbunden ist.\" width=\"1024\" height=\"735\" srcset=\"https:\/\/bolting.eu\/wp-content\/uploads\/2024\/08\/Petzl-Toolink-S-1.jpg 1024w, https:\/\/bolting.eu\/wp-content\/uploads\/2024\/08\/Petzl-Toolink-S-1-557x400.jpg 557w, https:\/\/bolting.eu\/wp-content\/uploads\/2024\/08\/Petzl-Toolink-S-1-768x551.jpg 768w, https:\/\/bolting.eu\/wp-content\/uploads\/2024\/08\/Petzl-Toolink-S-1-510x366.jpg 510w, https:\/\/bolting.eu\/wp-content\/uploads\/2024\/08\/Petzl-Toolink-S-1-100x72.jpg 100w\" sizes=\"auto, (max-width: 1024px) 100vw, 1024px\" \/><\/a><figcaption id=\"caption-attachment-20765\" class=\"wp-caption-text\">DAs Tape haftet sehr gut auf glatten Oberfl\u00e4chen. Wie hier auf einem lackierten Hammerstiel.<\/figcaption><\/figure>\n","protected":false},"excerpt":{"rendered":"<p>Kit aus 5 Befestigungsriemen und einer Rolle Tape. Ideal zum Befestigen an glatten Werkzeugen bzw. mit geradem Stiel bzw. der Tooleash.<\/p>\n<p>Verhindert den Absturz von Werkzeug.<\/p>\n<p>Versandkostenfrei bis 2kg in <img decoding=\"async\" class=\"emoji\" role=\"img\" draggable=\"false\" src=\"https:\/\/s.w.org\/images\/core\/emoji\/14.0.0\/svg\/1f1e6-1f1f9.svg\" alt=\"\ud83c\udde6\ud83c\uddf9\" \/> ab \u20ac 100,- und <img decoding=\"async\" class=\"emoji\" role=\"img\" draggable=\"false\" src=\"https:\/\/s.w.org\/images\/core\/emoji\/14.0.0\/svg\/1f1e9-1f1ea.svg\" alt=\"\ud83c\udde9\ud83c\uddea\" \/> ab \u20ac 200,-!<\/p>\n<p>&nbsp;<\/p>\n","protected":false},"featured_media":20762,"comment_status":"closed","ping_status":"closed","template":"","meta":[],"product_brand":[],"product_cat":[35,1210,9226,14093,14513],"product_tag":[],"class_list":{"0":"post-20760","1":"product","2":"type-product","3":"status-publish","4":"has-post-thumbnail","6":"product_cat-einbohr-zubehoer","7":"product_cat-einbohrartikel","8":"product_cat-materialtaschen-werkzeugtaschen","9":"product_cat-petzl","10":"product_cat-industriekletter-ausruestung","12":"first","13":"instock","14":"sale","15":"taxable","16":"shipping-taxable","17":"purchasable","18":"product-type-variable"},"yoast_head":"<!-- This site is optimized with the Yoast SEO Premium plugin v26.9 (Yoast SEO v26.9) - https:\/\/yoast.com\/product\/yoast-seo-premium-wordpress\/ -->\n<title>Petzl Toolink S Kit mit Tooltape | bolting.eu<\/title>\n<meta name=\"description\" content=\"PETZL Toolink S Kit mit Tooltape beim Kletter Hardwareprofi kaufen \u2705 Trusted Shop \u2705 kostenloser Versand* \u2705 14 Tage R\u00fcckgaberecht \u2705 Co2 neutrale Zustellung\" \/>\n<meta name=\"robots\" content=\"index, follow, max-snippet:-1, max-image-preview:large, max-video-preview:-1\" \/>\n<link rel=\"canonical\" href=\"https:\/\/bolting.eu\/en\/shop\/petzl-toolink-s-kit-mit-tooltape\/\" \/>\n<meta property=\"og:locale\" content=\"en_US\" \/>\n<meta property=\"og:type\" content=\"article\" \/>\n<meta property=\"og:title\" content=\"Petzl Toolink S Kit mit Tooltape\" \/>\n<meta property=\"og:description\" content=\"PETZL Toolink S Kit mit Tooltape beim Kletter Hardwareprofi kaufen \u2705 Trusted Shop \u2705 kostenloser Versand* \u2705 14 Tage R\u00fcckgaberecht \u2705 Co2 neutrale Zustellung\" \/>\n<meta property=\"og:url\" content=\"https:\/\/bolting.eu\/en\/shop\/petzl-toolink-s-kit-mit-tooltape\/\" \/>\n<meta property=\"og:site_name\" content=\"bolting.eu\" \/>\n<meta property=\"article:publisher\" content=\"https:\/\/www.facebook.com\/bolting.eu\" \/>\n<meta property=\"article:modified_time\" content=\"2024-10-01T10:34:10+00:00\" \/>\n<meta property=\"og:image\" content=\"https:\/\/bolting.eu\/wp-content\/uploads\/2024\/08\/Petzl-Toolink-S-4.jpg\" \/>\n\t<meta property=\"og:image:width\" content=\"700\" \/>\n\t<meta property=\"og:image:height\" content=\"700\" \/>\n\t<meta property=\"og:image:type\" content=\"image\/jpeg\" \/>\n<meta name=\"twitter:card\" content=\"summary_large_image\" \/>\n<meta name=\"twitter:label1\" content=\"Availability\" \/>\n\t<meta name=\"twitter:data1\" content=\"In stock\" \/>\n<script type=\"application\/ld+json\" class=\"yoast-schema-graph\">{\"@context\":\"https:\/\/schema.org\",\"@graph\":[{\"@type\":[\"WebPage\",\"ItemPage\"],\"@id\":\"https:\/\/bolting.eu\/en\/shop\/petzl-toolink-s-kit-mit-tooltape\/\",\"url\":\"https:\/\/bolting.eu\/en\/shop\/petzl-toolink-s-kit-mit-tooltape\/\",\"name\":\"Petzl Toolink S Kit mit Tooltape | bolting.eu\",\"isPartOf\":{\"@id\":\"https:\/\/bolting.eu\/en\/#website\"},\"primaryImageOfPage\":{\"@id\":\"https:\/\/bolting.eu\/en\/shop\/petzl-toolink-s-kit-mit-tooltape\/#primaryimage\"},\"image\":{\"@id\":\"https:\/\/bolting.eu\/en\/shop\/petzl-toolink-s-kit-mit-tooltape\/#primaryimage\"},\"thumbnailUrl\":\"https:\/\/bolting.eu\/wp-content\/uploads\/2024\/08\/Petzl-Toolink-S-4.jpg\",\"datePublished\":\"2024-08-06T16:12:27+00:00\",\"dateModified\":\"2024-10-01T10:34:10+00:00\",\"description\":\"PETZL Toolink S Kit mit Tooltape beim Kletter Hardwareprofi kaufen \u2705 Trusted Shop \u2705 kostenloser Versand* \u2705 14 Tage R\u00fcckgaberecht \u2705 Co2 neutrale Zustellung\",\"breadcrumb\":{\"@id\":\"https:\/\/bolting.eu\/en\/shop\/petzl-toolink-s-kit-mit-tooltape\/#breadcrumb\"},\"inLanguage\":\"en-US\",\"potentialAction\":[{\"@type\":\"ReadAction\",\"target\":[\"https:\/\/bolting.eu\/en\/shop\/petzl-toolink-s-kit-mit-tooltape\/\"]}]},{\"@type\":\"ImageObject\",\"inLanguage\":\"en-US\",\"@id\":\"https:\/\/bolting.eu\/en\/shop\/petzl-toolink-s-kit-mit-tooltape\/#primaryimage\",\"url\":\"https:\/\/bolting.eu\/wp-content\/uploads\/2024\/08\/Petzl-Toolink-S-4.jpg\",\"contentUrl\":\"https:\/\/bolting.eu\/wp-content\/uploads\/2024\/08\/Petzl-Toolink-S-4.jpg\",\"width\":700,\"height\":700,\"caption\":\"Petzl Toolink S Kit mit gelbem Tooltape und buntem bolting.eu Logo rechts oben.\"},{\"@type\":\"BreadcrumbList\",\"@id\":\"https:\/\/bolting.eu\/en\/shop\/petzl-toolink-s-kit-mit-tooltape\/#breadcrumb\",\"itemListElement\":[{\"@type\":\"ListItem\",\"position\":1,\"name\":\"Shop\",\"item\":\"https:\/\/bolting.eu\/en\/shop\/\"},{\"@type\":\"ListItem\",\"position\":2,\"name\":\"bolting products\",\"item\":\"https:\/\/bolting.eu\/en\/produkt-kategorie\/bolting-products\/\"},{\"@type\":\"ListItem\",\"position\":3,\"name\":\"Material bags - Tool bags\",\"item\":\"https:\/\/bolting.eu\/en\/produkt-kategorie\/material-bags-tool-bags\/\"},{\"@type\":\"ListItem\",\"position\":4,\"name\":\"Petzl Toolink S Kit mit Tooltape\"}]},{\"@type\":\"WebSite\",\"@id\":\"https:\/\/bolting.eu\/en\/#website\",\"url\":\"https:\/\/bolting.eu\/en\/\",\"name\":\"bolting.eu\",\"description\":\"we make climbs happen\",\"publisher\":{\"@id\":\"https:\/\/bolting.eu\/en\/#organization\"},\"potentialAction\":[{\"@type\":\"SearchAction\",\"target\":{\"@type\":\"EntryPoint\",\"urlTemplate\":\"https:\/\/bolting.eu\/en\/?s={search_term_string}\"},\"query-input\":{\"@type\":\"PropertyValueSpecification\",\"valueRequired\":true,\"valueName\":\"search_term_string\"}}],\"inLanguage\":\"en-US\"},{\"@type\":[\"Organization\",\"Place\",\"SportingGoodsStore\"],\"@id\":\"https:\/\/bolting.eu\/en\/#organization\",\"name\":\"bolting.eu\",\"url\":\"https:\/\/bolting.eu\/en\/\",\"logo\":{\"@id\":\"https:\/\/bolting.eu\/en\/shop\/petzl-toolink-s-kit-mit-tooltape\/#local-main-organization-logo\"},\"image\":{\"@id\":\"https:\/\/bolting.eu\/en\/shop\/petzl-toolink-s-kit-mit-tooltape\/#local-main-organization-logo\"},\"sameAs\":[\"https:\/\/www.facebook.com\/bolting.eu\",\"https:\/\/www.instagram.com\/bolting.eu\/\"],\"address\":{\"@id\":\"https:\/\/bolting.eu\/en\/shop\/petzl-toolink-s-kit-mit-tooltape\/#local-main-place-address\"},\"geo\":{\"@type\":\"GeoCoordinates\",\"latitude\":\"47.264176340396226\",\"longitude\":\"11.380109057672346\"},\"telephone\":[\"+43 699 19083372\"],\"openingHoursSpecification\":[{\"@type\":\"OpeningHoursSpecification\",\"dayOfWeek\":[\"Monday\",\"Wednesday\",\"Friday\"],\"opens\":\"14:00\",\"closes\":\"18:00\"},{\"@type\":\"OpeningHoursSpecification\",\"dayOfWeek\":[\"Tuesday\",\"Thursday\",\"Saturday\",\"Sunday\"],\"opens\":\"00:00\",\"closes\":\"00:00\"}],\"email\":\"office@bolting.eu\",\"vatID\":\"ATU59999728\",\"priceRange\":\"$$\",\"currenciesAccepted\":\"Euro\"},{\"@type\":\"PostalAddress\",\"@id\":\"https:\/\/bolting.eu\/en\/shop\/petzl-toolink-s-kit-mit-tooltape\/#local-main-place-address\",\"streetAddress\":\"Fischnalerstra\u00dfe 4\",\"addressLocality\":\"Innsbruck\",\"postalCode\":\"6020\",\"addressRegion\":\"Tirol\",\"addressCountry\":\"AT\"},{\"@type\":\"ImageObject\",\"inLanguage\":\"en-US\",\"@id\":\"https:\/\/bolting.eu\/en\/shop\/petzl-toolink-s-kit-mit-tooltape\/#local-main-organization-logo\",\"url\":\"https:\/\/bolting.eu\/wp-content\/uploads\/2019\/09\/bolting-logo.png\",\"contentUrl\":\"https:\/\/bolting.eu\/wp-content\/uploads\/2019\/09\/bolting-logo.png\",\"width\":400,\"height\":211,\"caption\":\"bolting.eu\"}]}<\/script>\n<meta property=\"og:video\" content=\"https:\/\/player.vimeo.com\/video\/810850855\" \/>\n<meta property=\"og:video:type\" content=\"text\/html\" \/>\n<meta property=\"og:video:duration\" content=\"201\" \/>\n<meta property=\"og:video:width\" content=\"1920\" \/>\n<meta property=\"og:video:height\" content=\"1080\" \/>\n<meta property=\"ya:ovs:adult\" content=\"false\" \/>\n<meta property=\"ya:ovs:upload_date\" content=\"2024-08-06T16:12:27+00:00\" \/>\n<meta property=\"ya:ovs:allow_embed\" content=\"true\" \/>\n<meta property=\"og:availability\" content=\"instock\" \/>\n<meta property=\"product:availability\" content=\"instock\" \/>\n<meta property=\"product:retailer_item_id\" content=\"S050AA00\" \/>\n<meta property=\"product:condition\" content=\"new\" \/>\n<meta name=\"geo.placename\" content=\"Innsbruck\" \/>\n<meta name=\"geo.position\" content=\"47.264176340396226;11.380109057672346\" \/>\n<meta name=\"geo.region\" content=\"Austria\" \/>\n<!-- \/ Yoast SEO Premium plugin. -->","yoast_head_json":{"title":"Petzl Toolink S Kit mit Tooltape | bolting.eu","description":"PETZL Toolink S Kit mit Tooltape beim Kletter Hardwareprofi kaufen \u2705 Trusted Shop \u2705 kostenloser Versand* \u2705 14 Tage R\u00fcckgaberecht \u2705 Co2 neutrale Zustellung","robots":{"index":"index","follow":"follow","max-snippet":"max-snippet:-1","max-image-preview":"max-image-preview:large","max-video-preview":"max-video-preview:-1"},"canonical":"https:\/\/bolting.eu\/en\/shop\/petzl-toolink-s-kit-mit-tooltape\/","og_locale":"en_US","og_type":"article","og_title":"Petzl Toolink S Kit mit Tooltape","og_description":"PETZL Toolink S Kit mit Tooltape beim Kletter Hardwareprofi kaufen \u2705 Trusted Shop \u2705 kostenloser Versand* \u2705 14 Tage R\u00fcckgaberecht \u2705 Co2 neutrale Zustellung","og_url":"https:\/\/bolting.eu\/en\/shop\/petzl-toolink-s-kit-mit-tooltape\/","og_site_name":"bolting.eu","article_publisher":"https:\/\/www.facebook.com\/bolting.eu","article_modified_time":"2024-10-01T10:34:10+00:00","og_image":[{"width":700,"height":700,"url":"https:\/\/bolting.eu\/wp-content\/uploads\/2024\/08\/Petzl-Toolink-S-4.jpg","type":"image\/jpeg"}],"twitter_card":"summary_large_image","twitter_misc":{"Availability":"In stock"},"schema":{"@context":"https:\/\/schema.org","@graph":[{"@type":["WebPage","ItemPage"],"@id":"https:\/\/bolting.eu\/en\/shop\/petzl-toolink-s-kit-mit-tooltape\/","url":"https:\/\/bolting.eu\/en\/shop\/petzl-toolink-s-kit-mit-tooltape\/","name":"Petzl Toolink S Kit mit Tooltape | bolting.eu","isPartOf":{"@id":"https:\/\/bolting.eu\/en\/#website"},"primaryImageOfPage":{"@id":"https:\/\/bolting.eu\/en\/shop\/petzl-toolink-s-kit-mit-tooltape\/#primaryimage"},"image":{"@id":"https:\/\/bolting.eu\/en\/shop\/petzl-toolink-s-kit-mit-tooltape\/#primaryimage"},"thumbnailUrl":"https:\/\/bolting.eu\/wp-content\/uploads\/2024\/08\/Petzl-Toolink-S-4.jpg","datePublished":"2024-08-06T16:12:27+00:00","dateModified":"2024-10-01T10:34:10+00:00","description":"PETZL Toolink S Kit mit Tooltape beim Kletter Hardwareprofi kaufen \u2705 Trusted Shop \u2705 kostenloser Versand* \u2705 14 Tage R\u00fcckgaberecht \u2705 Co2 neutrale Zustellung","breadcrumb":{"@id":"https:\/\/bolting.eu\/en\/shop\/petzl-toolink-s-kit-mit-tooltape\/#breadcrumb"},"inLanguage":"en-US","potentialAction":[{"@type":"ReadAction","target":["https:\/\/bolting.eu\/en\/shop\/petzl-toolink-s-kit-mit-tooltape\/"]}]},{"@type":"ImageObject","inLanguage":"en-US","@id":"https:\/\/bolting.eu\/en\/shop\/petzl-toolink-s-kit-mit-tooltape\/#primaryimage","url":"https:\/\/bolting.eu\/wp-content\/uploads\/2024\/08\/Petzl-Toolink-S-4.jpg","contentUrl":"https:\/\/bolting.eu\/wp-content\/uploads\/2024\/08\/Petzl-Toolink-S-4.jpg","width":700,"height":700,"caption":"Petzl Toolink S Kit mit gelbem Tooltape und buntem bolting.eu Logo rechts oben."},{"@type":"BreadcrumbList","@id":"https:\/\/bolting.eu\/en\/shop\/petzl-toolink-s-kit-mit-tooltape\/#breadcrumb","itemListElement":[{"@type":"ListItem","position":1,"name":"Shop","item":"https:\/\/bolting.eu\/en\/shop\/"},{"@type":"ListItem","position":2,"name":"bolting products","item":"https:\/\/bolting.eu\/en\/produkt-kategorie\/bolting-products\/"},{"@type":"ListItem","position":3,"name":"Material bags - Tool bags","item":"https:\/\/bolting.eu\/en\/produkt-kategorie\/material-bags-tool-bags\/"},{"@type":"ListItem","position":4,"name":"Petzl Toolink S Kit mit Tooltape"}]},{"@type":"WebSite","@id":"https:\/\/bolting.eu\/en\/#website","url":"https:\/\/bolting.eu\/en\/","name":"bolting.eu","description":"we make climbs happen","publisher":{"@id":"https:\/\/bolting.eu\/en\/#organization"},"potentialAction":[{"@type":"SearchAction","target":{"@type":"EntryPoint","urlTemplate":"https:\/\/bolting.eu\/en\/?s={search_term_string}"},"query-input":{"@type":"PropertyValueSpecification","valueRequired":true,"valueName":"search_term_string"}}],"inLanguage":"en-US"},{"@type":["Organization","Place","SportingGoodsStore"],"@id":"https:\/\/bolting.eu\/en\/#organization","name":"bolting.eu","url":"https:\/\/bolting.eu\/en\/","logo":{"@id":"https:\/\/bolting.eu\/en\/shop\/petzl-toolink-s-kit-mit-tooltape\/#local-main-organization-logo"},"image":{"@id":"https:\/\/bolting.eu\/en\/shop\/petzl-toolink-s-kit-mit-tooltape\/#local-main-organization-logo"},"sameAs":["https:\/\/www.facebook.com\/bolting.eu","https:\/\/www.instagram.com\/bolting.eu\/"],"address":{"@id":"https:\/\/bolting.eu\/en\/shop\/petzl-toolink-s-kit-mit-tooltape\/#local-main-place-address"},"geo":{"@type":"GeoCoordinates","latitude":"47.264176340396226","longitude":"11.380109057672346"},"telephone":["+43 699 19083372"],"openingHoursSpecification":[{"@type":"OpeningHoursSpecification","dayOfWeek":["Monday","Wednesday","Friday"],"opens":"14:00","closes":"18:00"},{"@type":"OpeningHoursSpecification","dayOfWeek":["Tuesday","Thursday","Saturday","Sunday"],"opens":"00:00","closes":"00:00"}],"email":"office@bolting.eu","vatID":"ATU59999728","priceRange":"$$","currenciesAccepted":"Euro"},{"@type":"PostalAddress","@id":"https:\/\/bolting.eu\/en\/shop\/petzl-toolink-s-kit-mit-tooltape\/#local-main-place-address","streetAddress":"Fischnalerstra\u00dfe 4","addressLocality":"Innsbruck","postalCode":"6020","addressRegion":"Tirol","addressCountry":"AT"},{"@type":"ImageObject","inLanguage":"en-US","@id":"https:\/\/bolting.eu\/en\/shop\/petzl-toolink-s-kit-mit-tooltape\/#local-main-organization-logo","url":"https:\/\/bolting.eu\/wp-content\/uploads\/2019\/09\/bolting-logo.png","contentUrl":"https:\/\/bolting.eu\/wp-content\/uploads\/2019\/09\/bolting-logo.png","width":400,"height":211,"caption":"bolting.eu"}]},"og_video":"https:\/\/player.vimeo.com\/video\/810850855","og_video_type":"text\/html","og_video_duration":"201","og_video_width":"1920","og_video_height":"1080","ya_ovs_adult":"false","ya_ovs_upload_date":"2024-08-06T16:12:27+00:00","ya_ovs_allow_embed":"true","og_availability":"instock","product_availability":"instock","product_retailer_item_id":"S050AA00","product_condition":"new","geo.placename":"Innsbruck","geo.position":{"lat":"47.264176340396226","long":"11.380109057672346"},"geo.region":"Austria"},"_links":{"self":[{"href":"https:\/\/bolting.eu\/en\/wp-json\/wp\/v2\/product\/20760","targetHints":{"allow":["GET"]}}],"collection":[{"href":"https:\/\/bolting.eu\/en\/wp-json\/wp\/v2\/product"}],"about":[{"href":"https:\/\/bolting.eu\/en\/wp-json\/wp\/v2\/types\/product"}],"replies":[{"embeddable":true,"href":"https:\/\/bolting.eu\/en\/wp-json\/wp\/v2\/comments?post=20760"}],"wp:featuredmedia":[{"embeddable":true,"href":"https:\/\/bolting.eu\/en\/wp-json\/wp\/v2\/media\/20762"}],"wp:attachment":[{"href":"https:\/\/bolting.eu\/en\/wp-json\/wp\/v2\/media?parent=20760"}],"wp:term":[{"taxonomy":"product_brand","embeddable":true,"href":"https:\/\/bolting.eu\/en\/wp-json\/wp\/v2\/product_brand?post=20760"},{"taxonomy":"product_cat","embeddable":true,"href":"https:\/\/bolting.eu\/en\/wp-json\/wp\/v2\/product_cat?post=20760"},{"taxonomy":"product_tag","embeddable":true,"href":"https:\/\/bolting.eu\/en\/wp-json\/wp\/v2\/product_tag?post=20760"}],"curies":[{"name":"wp","href":"https:\/\/api.w.org\/{rel}","templated":true}]}}