{"id":20742,"date":"2024-08-06T15:18:19","date_gmt":"2024-08-06T13:18:19","guid":{"rendered":"https:\/\/bolting.eu\/?post_type=product&#038;p=20742"},"modified":"2026-04-01T15:41:46","modified_gmt":"2026-04-01T13:41:46","slug":"petzl-chalk-power-crunch","status":"publish","type":"product","link":"https:\/\/bolting.eu\/en\/shop\/petzl-chalk-power-crunch\/","title":{"rendered":"Petzl Chalk Power Crunch"},"content":{"rendered":"<p>Das Petzl Chalk &#8220;Power Crunch&#8221; ist einer unserer Besteller.<\/p>\n<p>Das liegt zum einen an der Zusammensetzung dieses losen Magnesiums. Denn es hat sowohl pulvrige als auch br\u00f6ckelige Anteile.<\/p>\n<p>Und zum anderem an der hohen Qualit\u00e4t. Es verhindert lange die Schwei\u00dfbildung und haftet gut an der Haut. Funktioniert noch besser mit <a href=\"https:\/\/bolting.eu\/shop\/power-liquid-chalk-petzl\/\">Petzl Liquid Chalk<\/a> Film als Grundauflage.<\/p>\n<p>Abschlie\u00dfend noch ein interessantes Fakt. Wir verkaufen deutlich mehr die kleineren Packungen. Sie verbrauchen deutlich weniger Platz in den Kletterrucks\u00e4cken, was sie offensichtlich zur 1. Wahl macht.<\/p>\n<h2>Eigenschaften <a href=\"https:\/\/bolting.eu\/produkt-kategorie\/petzl\/\">Petzl<\/a> Chalk Power Crunch<\/h2>\n<ul>\n<li>reines Magnesiumhydroxidcarbonat<\/li>\n<li>Packungsgr\u00f6\u00dfen: 200 Gramm und 300 Gramm<\/li>\n<li>wiederverschlie\u00dfbarer Kunststoffbeutel<\/li>\n<li>Mischung aus losem Pulver und Br\u00f6ckchen<\/li>\n<li>haftet sehr gut auf der Haut<\/li>\n<li><a href=\"https:\/\/www.petzl.com\/AT\/de\/Sport\/Transportsacke-und-Zubehor\/POWER-CRUNCH#:~:text=Das%20PDF%20herunterladen%20%3A%20Info%20magnesie%20poudre%20%2D%200.15%20MB\">Bedienungsanleitung<\/a><\/li>\n<\/ul>\n<h3>Reines Kletterchalk<\/h3>\n<p>Uns gef\u00e4llt das Power Crunch sehr. Denn wir verwenden es selber oft.<\/p>\n<p>Der Grund daf\u00fcr ist erstens die Konsistenz. Eine ideale Mischung aus Pulver und Br\u00f6ckchen. Diese kann man so sch\u00f6n zerdr\u00fccken und auch f\u00fcr Tick-Marks verwenden. Zudem haftet das Pulver sehr gut als &#8220;Grundierung&#8221;.<\/p>\n<p>Zweitens passt das Petzl Chalk zu allen neutralen Hauttypen. Denn es ist reines Magnesiumhydroxidcarbonat. D.h. es hat keine Zus\u00e4tze und ist somit nur leicht basisch.<\/p>\n<h3>Power Crunch = gute Packungsgr\u00f6\u00dfe<\/h3>\n<p>Wir finden die Packungsgr\u00f6\u00dfe beim Petzl Chalk sehr gut. Denn 200 bzw. 300 Gramm passen gut in jeden Kletterrucksack.<\/p>\n<p>Zudem finden diese Beutel bei jedem Klettertrip noch irgendwo Platz im Gep\u00e4ck. Und der Inhalt reict f\u00fcr z.B. 2 Wochen auf Kalymnos auch aus.<\/p>\n<p>Abschlie\u00dfend noch ein Tipp. Ein luftdichter Aufbewahrungsbeutel f\u00fcr Chalk wie der Sacover oder <a href=\"https:\/\/bolting.eu\/shop\/metolius-chalk-locker-aufbewahrungsbeutel\/\">Metolius Chalk Locker<\/a> sind voll handy. Sie halten komplett dich. Bereits ge\u00f6ffnete Chalk Packungen sind dan kein Problem mehr!<\/p>\n<h3>Praxis Tipp: Kombi Petzl Chalk + fl\u00fcssiges Magnesium<\/h3>\n<p>Habt ihr diese Kombi schon probiert? Nein? Dann aber mal los!<\/p>\n<p>Denn unserer Erfahrung nach ist das eine extrem gute Verbindung. Das liquid Chalk ist die perfekte &#8220;Grundauflage&#8221; und verstopft die kleinen Schwei\u00dfdr\u00fcsen.<\/p>\n<p>Wer so in die Route startet, braucht nur mehr regelm\u00e4\u00dfig Pulver aus dem Magnesiumbeutel &#8220;nachtanken&#8221;. Wer sehr viel schwitzt, sollte das unbedingt mal ausprobieren!<\/p>\n","protected":false},"excerpt":{"rendered":"<p>\u00c4u\u00dferst beliebtes Chalk mit losem Pulver und Br\u00f6ckchen. Im 200 oder 300 Gramm Beutel.<\/p>\n<p>Haftet sehr gut auf der Haut. Ideal f\u00fcr alle Kletterdisziplinen.<\/p>\n<p>Versandkostenfrei bis 2kg in <img decoding=\"async\" class=\"emoji\" role=\"img\" draggable=\"false\" src=\"https:\/\/s.w.org\/images\/core\/emoji\/14.0.0\/svg\/1f1e6-1f1f9.svg\" alt=\"\ud83c\udde6\ud83c\uddf9\" \/> ab \u20ac 100,- und <img decoding=\"async\" class=\"emoji\" role=\"img\" draggable=\"false\" src=\"https:\/\/s.w.org\/images\/core\/emoji\/14.0.0\/svg\/1f1e9-1f1ea.svg\" alt=\"\ud83c\udde9\ud83c\uddea\" \/> ab \u20ac 200,-!<\/p>\n","protected":false},"featured_media":20746,"comment_status":"closed","ping_status":"closed","template":"","meta":[],"product_brand":[],"product_cat":[29,5007,14093],"product_tag":[],"class_list":{"0":"post-20742","1":"product","2":"type-product","3":"status-publish","4":"has-post-thumbnail","6":"product_cat-kletterausruestung","7":"product_cat-chalk-klettern","8":"product_cat-petzl","10":"first","11":"instock","12":"taxable","13":"shipping-taxable","14":"purchasable","15":"product-type-variable"},"yoast_head":"<!-- This site is optimized with the Yoast SEO Premium plugin v26.9 (Yoast SEO v26.9) - https:\/\/yoast.com\/product\/yoast-seo-premium-wordpress\/ -->\n<title>Petzl Chalk Power Crunch | bolting.eu<\/title>\n<meta name=\"description\" content=\"Petzl Chalk Power Crunch beim Kletterprofi kaufen \u2705 Trusted Shop \u2705 kostenloser Versand* \u2705 14 Tage R\u00fcckgaberecht \u2705 Co2 neutrale Zustellung\" \/>\n<meta name=\"robots\" content=\"index, follow, max-snippet:-1, max-image-preview:large, max-video-preview:-1\" \/>\n<link rel=\"canonical\" href=\"https:\/\/bolting.eu\/en\/shop\/petzl-chalk-power-crunch\/\" \/>\n<meta property=\"og:locale\" content=\"en_US\" \/>\n<meta property=\"og:type\" content=\"article\" \/>\n<meta property=\"og:title\" content=\"Petzl Chalk Power Crunch\" \/>\n<meta property=\"og:description\" content=\"Petzl Chalk Power Crunch beim Kletterprofi kaufen \u2705 Trusted Shop \u2705 kostenloser Versand* \u2705 14 Tage R\u00fcckgaberecht \u2705 Co2 neutrale Zustellung\" \/>\n<meta property=\"og:url\" content=\"https:\/\/bolting.eu\/en\/shop\/petzl-chalk-power-crunch\/\" \/>\n<meta property=\"og:site_name\" content=\"bolting.eu\" \/>\n<meta property=\"article:publisher\" content=\"https:\/\/www.facebook.com\/bolting.eu\" \/>\n<meta property=\"article:modified_time\" content=\"2026-04-01T13:41:46+00:00\" \/>\n<meta property=\"og:image\" content=\"https:\/\/bolting.eu\/wp-content\/uploads\/2024\/08\/Petzl-Power-Crunch-200-Gramm.jpg\" \/>\n\t<meta property=\"og:image:width\" content=\"700\" \/>\n\t<meta property=\"og:image:height\" content=\"700\" \/>\n\t<meta property=\"og:image:type\" content=\"image\/jpeg\" \/>\n<meta name=\"twitter:card\" content=\"summary_large_image\" \/>\n<meta name=\"twitter:label1\" content=\"Availability\" \/>\n\t<meta name=\"twitter:data1\" content=\"In stock\" \/>\n<script type=\"application\/ld+json\" class=\"yoast-schema-graph\">{\"@context\":\"https:\/\/schema.org\",\"@graph\":[{\"@type\":[\"WebPage\",\"ItemPage\"],\"@id\":\"https:\/\/bolting.eu\/en\/shop\/petzl-chalk-power-crunch\/\",\"url\":\"https:\/\/bolting.eu\/en\/shop\/petzl-chalk-power-crunch\/\",\"name\":\"Petzl Chalk Power Crunch | bolting.eu\",\"isPartOf\":{\"@id\":\"https:\/\/bolting.eu\/en\/#website\"},\"primaryImageOfPage\":{\"@id\":\"https:\/\/bolting.eu\/en\/shop\/petzl-chalk-power-crunch\/#primaryimage\"},\"image\":{\"@id\":\"https:\/\/bolting.eu\/en\/shop\/petzl-chalk-power-crunch\/#primaryimage\"},\"thumbnailUrl\":\"https:\/\/bolting.eu\/wp-content\/uploads\/2024\/08\/Petzl-Power-Crunch-200-Gramm.jpg\",\"datePublished\":\"2024-08-06T13:18:19+00:00\",\"dateModified\":\"2026-04-01T13:41:46+00:00\",\"description\":\"Petzl Chalk Power Crunch beim Kletterprofi kaufen \u2705 Trusted Shop \u2705 kostenloser Versand* \u2705 14 Tage R\u00fcckgaberecht \u2705 Co2 neutrale Zustellung\",\"breadcrumb\":{\"@id\":\"https:\/\/bolting.eu\/en\/shop\/petzl-chalk-power-crunch\/#breadcrumb\"},\"inLanguage\":\"en-US\",\"potentialAction\":[{\"@type\":\"ReadAction\",\"target\":[\"https:\/\/bolting.eu\/en\/shop\/petzl-chalk-power-crunch\/\"]}]},{\"@type\":\"ImageObject\",\"inLanguage\":\"en-US\",\"@id\":\"https:\/\/bolting.eu\/en\/shop\/petzl-chalk-power-crunch\/#primaryimage\",\"url\":\"https:\/\/bolting.eu\/wp-content\/uploads\/2024\/08\/Petzl-Power-Crunch-200-Gramm.jpg\",\"contentUrl\":\"https:\/\/bolting.eu\/wp-content\/uploads\/2024\/08\/Petzl-Power-Crunch-200-Gramm.jpg\",\"width\":700,\"height\":700,\"caption\":\"Wei\u00df schwarzer Beutel Petzl Chalk Power Crunch mittig und buntes bolting.eu Logo rechts oben.\"},{\"@type\":\"BreadcrumbList\",\"@id\":\"https:\/\/bolting.eu\/en\/shop\/petzl-chalk-power-crunch\/#breadcrumb\",\"itemListElement\":[{\"@type\":\"ListItem\",\"position\":1,\"name\":\"Shop\",\"item\":\"https:\/\/bolting.eu\/en\/shop\/\"},{\"@type\":\"ListItem\",\"position\":2,\"name\":\"climbing equipment\",\"item\":\"https:\/\/bolting.eu\/en\/produkt-kategorie\/climbing-equipment\/\"},{\"@type\":\"ListItem\",\"position\":3,\"name\":\"Chalk Klettern\",\"item\":\"https:\/\/bolting.eu\/produkt-kategorie\/kletterausruestung\/chalk-klettern\/\"},{\"@type\":\"ListItem\",\"position\":4,\"name\":\"Petzl Chalk Power Crunch\"}]},{\"@type\":\"WebSite\",\"@id\":\"https:\/\/bolting.eu\/en\/#website\",\"url\":\"https:\/\/bolting.eu\/en\/\",\"name\":\"bolting.eu\",\"description\":\"we make climbs happen\",\"publisher\":{\"@id\":\"https:\/\/bolting.eu\/en\/#organization\"},\"potentialAction\":[{\"@type\":\"SearchAction\",\"target\":{\"@type\":\"EntryPoint\",\"urlTemplate\":\"https:\/\/bolting.eu\/en\/?s={search_term_string}\"},\"query-input\":{\"@type\":\"PropertyValueSpecification\",\"valueRequired\":true,\"valueName\":\"search_term_string\"}}],\"inLanguage\":\"en-US\"},{\"@type\":[\"Organization\",\"Place\",\"SportingGoodsStore\"],\"@id\":\"https:\/\/bolting.eu\/en\/#organization\",\"name\":\"bolting.eu\",\"url\":\"https:\/\/bolting.eu\/en\/\",\"logo\":{\"@id\":\"https:\/\/bolting.eu\/en\/shop\/petzl-chalk-power-crunch\/#local-main-organization-logo\"},\"image\":{\"@id\":\"https:\/\/bolting.eu\/en\/shop\/petzl-chalk-power-crunch\/#local-main-organization-logo\"},\"sameAs\":[\"https:\/\/www.facebook.com\/bolting.eu\",\"https:\/\/www.instagram.com\/bolting.eu\/\"],\"address\":{\"@id\":\"https:\/\/bolting.eu\/en\/shop\/petzl-chalk-power-crunch\/#local-main-place-address\"},\"geo\":{\"@type\":\"GeoCoordinates\",\"latitude\":\"47.264176340396226\",\"longitude\":\"11.380109057672346\"},\"telephone\":[\"+43 699 19083372\"],\"openingHoursSpecification\":[{\"@type\":\"OpeningHoursSpecification\",\"dayOfWeek\":[\"Monday\",\"Wednesday\",\"Friday\"],\"opens\":\"14:00\",\"closes\":\"18:00\"},{\"@type\":\"OpeningHoursSpecification\",\"dayOfWeek\":[\"Tuesday\",\"Thursday\",\"Saturday\",\"Sunday\"],\"opens\":\"00:00\",\"closes\":\"00:00\"}],\"email\":\"office@bolting.eu\",\"vatID\":\"ATU59999728\",\"priceRange\":\"$$\",\"currenciesAccepted\":\"Euro\"},{\"@type\":\"PostalAddress\",\"@id\":\"https:\/\/bolting.eu\/en\/shop\/petzl-chalk-power-crunch\/#local-main-place-address\",\"streetAddress\":\"Fischnalerstra\u00dfe 4\",\"addressLocality\":\"Innsbruck\",\"postalCode\":\"6020\",\"addressRegion\":\"Tirol\",\"addressCountry\":\"AT\"},{\"@type\":\"ImageObject\",\"inLanguage\":\"en-US\",\"@id\":\"https:\/\/bolting.eu\/en\/shop\/petzl-chalk-power-crunch\/#local-main-organization-logo\",\"url\":\"https:\/\/bolting.eu\/wp-content\/uploads\/2019\/09\/bolting-logo.png\",\"contentUrl\":\"https:\/\/bolting.eu\/wp-content\/uploads\/2019\/09\/bolting-logo.png\",\"width\":400,\"height\":211,\"caption\":\"bolting.eu\"}]}<\/script>\n<meta property=\"og:availability\" content=\"instock\" \/>\n<meta property=\"product:availability\" content=\"instock\" \/>\n<meta property=\"product:condition\" content=\"new\" \/>\n<meta name=\"geo.placename\" content=\"Innsbruck\" \/>\n<meta name=\"geo.position\" content=\"47.264176340396226;11.380109057672346\" \/>\n<meta name=\"geo.region\" content=\"Austria\" \/>\n<!-- \/ Yoast SEO Premium plugin. -->","yoast_head_json":{"title":"Petzl Chalk Power Crunch | bolting.eu","description":"Petzl Chalk Power Crunch beim Kletterprofi kaufen \u2705 Trusted Shop \u2705 kostenloser Versand* \u2705 14 Tage R\u00fcckgaberecht \u2705 Co2 neutrale Zustellung","robots":{"index":"index","follow":"follow","max-snippet":"max-snippet:-1","max-image-preview":"max-image-preview:large","max-video-preview":"max-video-preview:-1"},"canonical":"https:\/\/bolting.eu\/en\/shop\/petzl-chalk-power-crunch\/","og_locale":"en_US","og_type":"article","og_title":"Petzl Chalk Power Crunch","og_description":"Petzl Chalk Power Crunch beim Kletterprofi kaufen \u2705 Trusted Shop \u2705 kostenloser Versand* \u2705 14 Tage R\u00fcckgaberecht \u2705 Co2 neutrale Zustellung","og_url":"https:\/\/bolting.eu\/en\/shop\/petzl-chalk-power-crunch\/","og_site_name":"bolting.eu","article_publisher":"https:\/\/www.facebook.com\/bolting.eu","article_modified_time":"2026-04-01T13:41:46+00:00","og_image":[{"width":700,"height":700,"url":"https:\/\/bolting.eu\/wp-content\/uploads\/2024\/08\/Petzl-Power-Crunch-200-Gramm.jpg","type":"image\/jpeg"}],"twitter_card":"summary_large_image","twitter_misc":{"Availability":"In stock"},"schema":{"@context":"https:\/\/schema.org","@graph":[{"@type":["WebPage","ItemPage"],"@id":"https:\/\/bolting.eu\/en\/shop\/petzl-chalk-power-crunch\/","url":"https:\/\/bolting.eu\/en\/shop\/petzl-chalk-power-crunch\/","name":"Petzl Chalk Power Crunch | bolting.eu","isPartOf":{"@id":"https:\/\/bolting.eu\/en\/#website"},"primaryImageOfPage":{"@id":"https:\/\/bolting.eu\/en\/shop\/petzl-chalk-power-crunch\/#primaryimage"},"image":{"@id":"https:\/\/bolting.eu\/en\/shop\/petzl-chalk-power-crunch\/#primaryimage"},"thumbnailUrl":"https:\/\/bolting.eu\/wp-content\/uploads\/2024\/08\/Petzl-Power-Crunch-200-Gramm.jpg","datePublished":"2024-08-06T13:18:19+00:00","dateModified":"2026-04-01T13:41:46+00:00","description":"Petzl Chalk Power Crunch beim Kletterprofi kaufen \u2705 Trusted Shop \u2705 kostenloser Versand* \u2705 14 Tage R\u00fcckgaberecht \u2705 Co2 neutrale Zustellung","breadcrumb":{"@id":"https:\/\/bolting.eu\/en\/shop\/petzl-chalk-power-crunch\/#breadcrumb"},"inLanguage":"en-US","potentialAction":[{"@type":"ReadAction","target":["https:\/\/bolting.eu\/en\/shop\/petzl-chalk-power-crunch\/"]}]},{"@type":"ImageObject","inLanguage":"en-US","@id":"https:\/\/bolting.eu\/en\/shop\/petzl-chalk-power-crunch\/#primaryimage","url":"https:\/\/bolting.eu\/wp-content\/uploads\/2024\/08\/Petzl-Power-Crunch-200-Gramm.jpg","contentUrl":"https:\/\/bolting.eu\/wp-content\/uploads\/2024\/08\/Petzl-Power-Crunch-200-Gramm.jpg","width":700,"height":700,"caption":"Wei\u00df schwarzer Beutel Petzl Chalk Power Crunch mittig und buntes bolting.eu Logo rechts oben."},{"@type":"BreadcrumbList","@id":"https:\/\/bolting.eu\/en\/shop\/petzl-chalk-power-crunch\/#breadcrumb","itemListElement":[{"@type":"ListItem","position":1,"name":"Shop","item":"https:\/\/bolting.eu\/en\/shop\/"},{"@type":"ListItem","position":2,"name":"climbing equipment","item":"https:\/\/bolting.eu\/en\/produkt-kategorie\/climbing-equipment\/"},{"@type":"ListItem","position":3,"name":"Chalk Klettern","item":"https:\/\/bolting.eu\/produkt-kategorie\/kletterausruestung\/chalk-klettern\/"},{"@type":"ListItem","position":4,"name":"Petzl Chalk Power Crunch"}]},{"@type":"WebSite","@id":"https:\/\/bolting.eu\/en\/#website","url":"https:\/\/bolting.eu\/en\/","name":"bolting.eu","description":"we make climbs happen","publisher":{"@id":"https:\/\/bolting.eu\/en\/#organization"},"potentialAction":[{"@type":"SearchAction","target":{"@type":"EntryPoint","urlTemplate":"https:\/\/bolting.eu\/en\/?s={search_term_string}"},"query-input":{"@type":"PropertyValueSpecification","valueRequired":true,"valueName":"search_term_string"}}],"inLanguage":"en-US"},{"@type":["Organization","Place","SportingGoodsStore"],"@id":"https:\/\/bolting.eu\/en\/#organization","name":"bolting.eu","url":"https:\/\/bolting.eu\/en\/","logo":{"@id":"https:\/\/bolting.eu\/en\/shop\/petzl-chalk-power-crunch\/#local-main-organization-logo"},"image":{"@id":"https:\/\/bolting.eu\/en\/shop\/petzl-chalk-power-crunch\/#local-main-organization-logo"},"sameAs":["https:\/\/www.facebook.com\/bolting.eu","https:\/\/www.instagram.com\/bolting.eu\/"],"address":{"@id":"https:\/\/bolting.eu\/en\/shop\/petzl-chalk-power-crunch\/#local-main-place-address"},"geo":{"@type":"GeoCoordinates","latitude":"47.264176340396226","longitude":"11.380109057672346"},"telephone":["+43 699 19083372"],"openingHoursSpecification":[{"@type":"OpeningHoursSpecification","dayOfWeek":["Monday","Wednesday","Friday"],"opens":"14:00","closes":"18:00"},{"@type":"OpeningHoursSpecification","dayOfWeek":["Tuesday","Thursday","Saturday","Sunday"],"opens":"00:00","closes":"00:00"}],"email":"office@bolting.eu","vatID":"ATU59999728","priceRange":"$$","currenciesAccepted":"Euro"},{"@type":"PostalAddress","@id":"https:\/\/bolting.eu\/en\/shop\/petzl-chalk-power-crunch\/#local-main-place-address","streetAddress":"Fischnalerstra\u00dfe 4","addressLocality":"Innsbruck","postalCode":"6020","addressRegion":"Tirol","addressCountry":"AT"},{"@type":"ImageObject","inLanguage":"en-US","@id":"https:\/\/bolting.eu\/en\/shop\/petzl-chalk-power-crunch\/#local-main-organization-logo","url":"https:\/\/bolting.eu\/wp-content\/uploads\/2019\/09\/bolting-logo.png","contentUrl":"https:\/\/bolting.eu\/wp-content\/uploads\/2019\/09\/bolting-logo.png","width":400,"height":211,"caption":"bolting.eu"}]},"og_availability":"instock","product_availability":"instock","product_condition":"new","geo.placename":"Innsbruck","geo.position":{"lat":"47.264176340396226","long":"11.380109057672346"},"geo.region":"Austria"},"_links":{"self":[{"href":"https:\/\/bolting.eu\/en\/wp-json\/wp\/v2\/product\/20742","targetHints":{"allow":["GET"]}}],"collection":[{"href":"https:\/\/bolting.eu\/en\/wp-json\/wp\/v2\/product"}],"about":[{"href":"https:\/\/bolting.eu\/en\/wp-json\/wp\/v2\/types\/product"}],"replies":[{"embeddable":true,"href":"https:\/\/bolting.eu\/en\/wp-json\/wp\/v2\/comments?post=20742"}],"wp:featuredmedia":[{"embeddable":true,"href":"https:\/\/bolting.eu\/en\/wp-json\/wp\/v2\/media\/20746"}],"wp:attachment":[{"href":"https:\/\/bolting.eu\/en\/wp-json\/wp\/v2\/media?parent=20742"}],"wp:term":[{"taxonomy":"product_brand","embeddable":true,"href":"https:\/\/bolting.eu\/en\/wp-json\/wp\/v2\/product_brand?post=20742"},{"taxonomy":"product_cat","embeddable":true,"href":"https:\/\/bolting.eu\/en\/wp-json\/wp\/v2\/product_cat?post=20742"},{"taxonomy":"product_tag","embeddable":true,"href":"https:\/\/bolting.eu\/en\/wp-json\/wp\/v2\/product_tag?post=20742"}],"curies":[{"name":"wp","href":"https:\/\/api.w.org\/{rel}","templated":true}]}}