{"id":20714,"date":"2024-08-06T14:00:38","date_gmt":"2024-08-06T12:00:38","guid":{"rendered":"https:\/\/bolting.eu\/?post_type=product&#038;p=20714"},"modified":"2026-04-10T18:35:12","modified_gmt":"2026-04-10T16:35:12","slug":"petzl-parallel-10-5-mm","status":"publish","type":"product","link":"https:\/\/bolting.eu\/en\/shop\/petzl-parallel-10-5-mm\/","title":{"rendered":"Petzl Parallel 10.5 mm"},"content":{"rendered":"<p>Das Petzl Parallel ist ein halbstatisches Seil mit 10.5 mm Durchmesser. Somit ist es ideal f\u00fcr H\u00f6henarbeiten geeignet.<\/p>\n<p>Denn dieser Durchmesser sorgt f\u00fcr ein leichtes Gewicht und gute Geschmeidigkeit. Zudem k\u00f6nnen somit alle g\u00e4ngigen <a href=\"https:\/\/bolting.eu\/produkt-kategorie\/kletterausruestung\/abseilgeraete\/\">Abseilger\u00e4te<\/a>, <a href=\"https:\/\/bolting.eu\/produkt-kategorie\/kletterausruestung\/seilrollen\/\">Seilrollen<\/a> und <a href=\"https:\/\/bolting.eu\/produkt-kategorie\/kletterausruestung\/steigklemmen-seilklemmen\/\">Steigklemmen<\/a> verwendet werden.<\/p>\n<p>Abschlie\u00dfend bietet die geringe Dehnung von 3,4% (statische Dehnung) ein optimales Verhalten beim Abseilen bzw. dem Seilaufstieg.<\/p>\n<p>Die dunkelste Farbe wird gerne gekauft mit einem <a href=\"https:\/\/www.cousin-trestec.com\/en\/produit\/black-magic-10-5mm-2\/#:~:text=%C2%A0%20NOTICE%20%E2%80%93%20Dynamic%20rope\">schwarzen Karabiner.<\/a><\/p>\n<p>Wer ein preiswertes Produkt f\u00fcr H\u00f6henarbeiten sucht, der ist hier im <a href=\"https:\/\/bolting.eu\/industrieklettershop\/\">Industrieklettershop<\/a> genau richtig!<\/p>\n<h2>Eigenschaften Parallel halbstatisches Seil<\/h2>\n<ul>\n<li>Hersteller: <a href=\"https:\/\/bolting.eu\/produkt-kategorie\/petzl\/\">Petzl<\/a><\/li>\n<li>Typ: Semi-Statikseil<\/li>\n<li>Durchmesser: 10,5 mm<\/li>\n<li>Gewicht pro Meter: 75 Gramm<\/li>\n<li>Normen: CE EN 1891 Typ A<\/li>\n<li>Material: Polyamid<\/li>\n<li>Fangsto\u00df: 5,2kN<\/li>\n<li>Bruchlast: 30 kN<\/li>\n<li>Bruchlast verknotet: 15 kN \/ 3 min.<\/li>\n<li>Kernanteil: 55%<\/li>\n<li>Mantelanteil: 45%<\/li>\n<li>Mantelverschiebung: 0%<\/li>\n<li>EverFlex Technologie: Seil bleibt auch bei Verschmutzung und N\u00e4sse geschmeidig<\/li>\n<li>die 100m und 200m L\u00e4nge werden von Petzl lose in einem Karton geliefert &#8211; sie haben eine Lieferzeit von 1 Woche!<\/li>\n<li><strong>NICHT zum regul\u00e4ren Klettern oder Sichern im Vorstieg geiegnet!<\/strong><\/li>\n<li><a href=\"https:\/\/www.beal-planet.com\/en\/index.php?controller=attachment&amp;id_attachment=9187\">Bedienungsanleitung<\/a><\/li>\n<li><strong>auf Anfrage erh\u00e4ltlich auch in Farben orange, rot, gelb, blau und schwarz (Lieferzeit ca. 1 Woche)<\/strong><\/li>\n<\/ul>\n<h3>EverFlex Technologie<\/h3>\n<p>Kennt ihr das? Ihr arbeitet im freien Gel\u00e4nde und das Seil wird von Erde und Matsch viel schwerer zu bedienen? Oder es regnet und &#8220;stockt&#8221; im Abseilger\u00e4t?<\/p>\n<p>Dank der EverFlex Technologie passiert das mit dem Parallel von Petzl nicht bzw. nicht so stark. Denn dieses Feature sorgt auch bei dieses Bedingungen f\u00fcr Geschmeidigkeit und gleichm\u00e4\u00dfiges Durchlaufen.<\/p>\n<p>Ein wirklich toller Zusatznutzen dieses halbstatischen Seils und somit perfekt f\u00fcr\u00b4s Industrieklettern.<\/p>\n<h3>Auf Wunsch mehrere Farben erh\u00e4ltlich<\/h3>\n<p>Wir bieten hier die am meisten nachgefragte Farbe weiss-schwarz. Wer das Parallel in einer anderen Farbe kaufen will, braucht uns nur ein Mail zu senden.<\/p>\n<p><a href=\"mailto:office@bolting.eu\">office@bolting.eu<\/a><\/p>\n<p>Wir bestellen euch gerne die gew\u00fcnschte Farbe und liefern in der Regel innerhalb 1 Woche.<\/p>\n<p>&nbsp;<\/p>\n","protected":false},"excerpt":{"rendered":"<p>Vielseitiges 10,5 mm Halbstatisches Seil f\u00fcr Industrieklettern. EverFlex Technologie sorgt f\u00fcr gutes Handling auch bei Verschmutzung und N\u00e4sse.<\/p>\n<p>Sehr geschmeidig und d\u00fcnn. Somit f\u00fcr alle Sicherungsger\u00e4te, Seilrollen und Steigklemmen geeignet.<\/p>\n<p>Versandkostenfrei bis 2kg in\u00a0<img decoding=\"async\" class=\"emoji\" role=\"img\" draggable=\"false\" src=\"https:\/\/s.w.org\/images\/core\/emoji\/14.0.0\/svg\/1f1e6-1f1f9.svg\" alt=\"\ud83c\udde6\ud83c\uddf9\" \/>\u00a0ab \u20ac 100,- und\u00a0<img decoding=\"async\" class=\"emoji\" role=\"img\" draggable=\"false\" src=\"https:\/\/s.w.org\/images\/core\/emoji\/14.0.0\/svg\/1f1e9-1f1ea.svg\" alt=\"\ud83c\udde9\ud83c\uddea\" \/>\u00a0ab \u20ac 200,-!<\/p>\n","protected":false},"featured_media":20737,"comment_status":"closed","ping_status":"closed","template":"","meta":[],"product_brand":[],"product_cat":[29,14056,14690,14093,14513,6727],"product_tag":[],"class_list":{"0":"post-20714","1":"product","2":"type-product","3":"status-publish","4":"has-post-thumbnail","6":"product_cat-kletterausruestung","7":"product_cat-seil-auf-abstieg","8":"product_cat-statikseile","9":"product_cat-petzl","10":"product_cat-industriekletter-ausruestung","11":"product_cat-kletterseil","13":"first","14":"instock","15":"sale","16":"taxable","17":"shipping-taxable","18":"purchasable","19":"product-type-variable","20":"has-default-attributes"},"yoast_head":"<!-- This site is optimized with the Yoast SEO Premium plugin v26.9 (Yoast SEO v26.9) - https:\/\/yoast.com\/product\/yoast-seo-premium-wordpress\/ -->\n<title>Petzl Parallel 10.5 mm | bolting.eu<\/title>\n<meta name=\"description\" content=\"Petzl Parallel 10,5mm halbstatisches Seil beim Kletterprofi kaufen \u2705 Trusted Shop \u2705 kostenloser Versand* \u2705 14 Tage R\u00fcckgaberecht \u2705 Co2 neutrale Zustellung\" \/>\n<meta name=\"robots\" content=\"index, follow, max-snippet:-1, max-image-preview:large, max-video-preview:-1\" \/>\n<link rel=\"canonical\" href=\"https:\/\/bolting.eu\/en\/shop\/petzl-parallel-10-5-mm\/\" \/>\n<meta property=\"og:locale\" content=\"en_US\" \/>\n<meta property=\"og:type\" content=\"article\" \/>\n<meta property=\"og:title\" content=\"Petzl Parallel 10.5 mm\" \/>\n<meta property=\"og:description\" content=\"Petzl Parallel 10,5mm halbstatisches Seil beim Kletterprofi kaufen \u2705 Trusted Shop \u2705 kostenloser Versand* \u2705 14 Tage R\u00fcckgaberecht \u2705 Co2 neutrale Zustellung\" \/>\n<meta property=\"og:url\" content=\"https:\/\/bolting.eu\/en\/shop\/petzl-parallel-10-5-mm\/\" \/>\n<meta property=\"og:site_name\" content=\"bolting.eu\" \/>\n<meta property=\"article:publisher\" content=\"https:\/\/www.facebook.com\/bolting.eu\" \/>\n<meta property=\"article:modified_time\" content=\"2026-04-10T16:35:12+00:00\" \/>\n<meta property=\"og:image\" content=\"https:\/\/bolting.eu\/wp-content\/uploads\/2024\/08\/Petzl-Parallel-weiss-1.jpg\" \/>\n\t<meta property=\"og:image:width\" content=\"700\" \/>\n\t<meta property=\"og:image:height\" content=\"700\" \/>\n\t<meta property=\"og:image:type\" content=\"image\/jpeg\" \/>\n<meta name=\"twitter:card\" content=\"summary_large_image\" \/>\n<meta name=\"twitter:label1\" content=\"Availability\" \/>\n\t<meta name=\"twitter:data1\" content=\"In stock\" \/>\n<script type=\"application\/ld+json\" class=\"yoast-schema-graph\">{\"@context\":\"https:\/\/schema.org\",\"@graph\":[{\"@type\":[\"WebPage\",\"ItemPage\"],\"@id\":\"https:\/\/bolting.eu\/en\/shop\/petzl-parallel-10-5-mm\/\",\"url\":\"https:\/\/bolting.eu\/en\/shop\/petzl-parallel-10-5-mm\/\",\"name\":\"Petzl Parallel 10.5 mm | bolting.eu\",\"isPartOf\":{\"@id\":\"https:\/\/bolting.eu\/en\/#website\"},\"primaryImageOfPage\":{\"@id\":\"https:\/\/bolting.eu\/en\/shop\/petzl-parallel-10-5-mm\/#primaryimage\"},\"image\":{\"@id\":\"https:\/\/bolting.eu\/en\/shop\/petzl-parallel-10-5-mm\/#primaryimage\"},\"thumbnailUrl\":\"https:\/\/bolting.eu\/wp-content\/uploads\/2024\/08\/Petzl-Parallel-weiss-1.jpg\",\"datePublished\":\"2024-08-06T12:00:38+00:00\",\"dateModified\":\"2026-04-10T16:35:12+00:00\",\"description\":\"Petzl Parallel 10,5mm halbstatisches Seil beim Kletterprofi kaufen \u2705 Trusted Shop \u2705 kostenloser Versand* \u2705 14 Tage R\u00fcckgaberecht \u2705 Co2 neutrale Zustellung\",\"breadcrumb\":{\"@id\":\"https:\/\/bolting.eu\/en\/shop\/petzl-parallel-10-5-mm\/#breadcrumb\"},\"inLanguage\":\"en-US\",\"potentialAction\":[{\"@type\":\"ReadAction\",\"target\":[\"https:\/\/bolting.eu\/en\/shop\/petzl-parallel-10-5-mm\/\"]}]},{\"@type\":\"ImageObject\",\"inLanguage\":\"en-US\",\"@id\":\"https:\/\/bolting.eu\/en\/shop\/petzl-parallel-10-5-mm\/#primaryimage\",\"url\":\"https:\/\/bolting.eu\/wp-content\/uploads\/2024\/08\/Petzl-Parallel-weiss-1.jpg\",\"contentUrl\":\"https:\/\/bolting.eu\/wp-content\/uploads\/2024\/08\/Petzl-Parallel-weiss-1.jpg\",\"width\":700,\"height\":700,\"caption\":\"Weiss schwarzer Strang des Petzl Parallel halbstatischen Seils vertikal im Bind und rechts oben buntes bolting.eu Logo.\"},{\"@type\":\"BreadcrumbList\",\"@id\":\"https:\/\/bolting.eu\/en\/shop\/petzl-parallel-10-5-mm\/#breadcrumb\",\"itemListElement\":[{\"@type\":\"ListItem\",\"position\":1,\"name\":\"Shop\",\"item\":\"https:\/\/bolting.eu\/en\/shop\/\"},{\"@type\":\"ListItem\",\"position\":2,\"name\":\"Industrial climbing gear\",\"item\":\"https:\/\/bolting.eu\/en\/produkt-kategorie\/industrial-climbing-gear\/\"},{\"@type\":\"ListItem\",\"position\":3,\"name\":\"Statikseile\",\"item\":\"https:\/\/bolting.eu\/produkt-kategorie\/industriekletter-ausruestung\/statikseile\/\"},{\"@type\":\"ListItem\",\"position\":4,\"name\":\"Petzl Parallel 10.5 mm\"}]},{\"@type\":\"WebSite\",\"@id\":\"https:\/\/bolting.eu\/en\/#website\",\"url\":\"https:\/\/bolting.eu\/en\/\",\"name\":\"bolting.eu\",\"description\":\"we make climbs happen\",\"publisher\":{\"@id\":\"https:\/\/bolting.eu\/en\/#organization\"},\"potentialAction\":[{\"@type\":\"SearchAction\",\"target\":{\"@type\":\"EntryPoint\",\"urlTemplate\":\"https:\/\/bolting.eu\/en\/?s={search_term_string}\"},\"query-input\":{\"@type\":\"PropertyValueSpecification\",\"valueRequired\":true,\"valueName\":\"search_term_string\"}}],\"inLanguage\":\"en-US\"},{\"@type\":[\"Organization\",\"Place\",\"SportingGoodsStore\"],\"@id\":\"https:\/\/bolting.eu\/en\/#organization\",\"name\":\"bolting.eu\",\"url\":\"https:\/\/bolting.eu\/en\/\",\"logo\":{\"@id\":\"https:\/\/bolting.eu\/en\/shop\/petzl-parallel-10-5-mm\/#local-main-organization-logo\"},\"image\":{\"@id\":\"https:\/\/bolting.eu\/en\/shop\/petzl-parallel-10-5-mm\/#local-main-organization-logo\"},\"sameAs\":[\"https:\/\/www.facebook.com\/bolting.eu\",\"https:\/\/www.instagram.com\/bolting.eu\/\"],\"address\":{\"@id\":\"https:\/\/bolting.eu\/en\/shop\/petzl-parallel-10-5-mm\/#local-main-place-address\"},\"geo\":{\"@type\":\"GeoCoordinates\",\"latitude\":\"47.264176340396226\",\"longitude\":\"11.380109057672346\"},\"telephone\":[\"+43 699 19083372\"],\"openingHoursSpecification\":[{\"@type\":\"OpeningHoursSpecification\",\"dayOfWeek\":[\"Monday\",\"Wednesday\",\"Friday\"],\"opens\":\"14:00\",\"closes\":\"18:00\"},{\"@type\":\"OpeningHoursSpecification\",\"dayOfWeek\":[\"Tuesday\",\"Thursday\",\"Saturday\",\"Sunday\"],\"opens\":\"00:00\",\"closes\":\"00:00\"}],\"email\":\"office@bolting.eu\",\"vatID\":\"ATU59999728\",\"priceRange\":\"$$\",\"currenciesAccepted\":\"Euro\"},{\"@type\":\"PostalAddress\",\"@id\":\"https:\/\/bolting.eu\/en\/shop\/petzl-parallel-10-5-mm\/#local-main-place-address\",\"streetAddress\":\"Fischnalerstra\u00dfe 4\",\"addressLocality\":\"Innsbruck\",\"postalCode\":\"6020\",\"addressRegion\":\"Tirol\",\"addressCountry\":\"AT\"},{\"@type\":\"ImageObject\",\"inLanguage\":\"en-US\",\"@id\":\"https:\/\/bolting.eu\/en\/shop\/petzl-parallel-10-5-mm\/#local-main-organization-logo\",\"url\":\"https:\/\/bolting.eu\/wp-content\/uploads\/2019\/09\/bolting-logo.png\",\"contentUrl\":\"https:\/\/bolting.eu\/wp-content\/uploads\/2019\/09\/bolting-logo.png\",\"width\":400,\"height\":211,\"caption\":\"bolting.eu\"}]}<\/script>\n<meta property=\"og:availability\" content=\"instock\" \/>\n<meta property=\"product:availability\" content=\"instock\" \/>\n<meta property=\"product:condition\" content=\"new\" \/>\n<meta name=\"geo.placename\" content=\"Innsbruck\" \/>\n<meta name=\"geo.position\" content=\"47.264176340396226;11.380109057672346\" \/>\n<meta name=\"geo.region\" content=\"Austria\" \/>\n<!-- \/ Yoast SEO Premium plugin. -->","yoast_head_json":{"title":"Petzl Parallel 10.5 mm | bolting.eu","description":"Petzl Parallel 10,5mm halbstatisches Seil beim Kletterprofi kaufen \u2705 Trusted Shop \u2705 kostenloser Versand* \u2705 14 Tage R\u00fcckgaberecht \u2705 Co2 neutrale Zustellung","robots":{"index":"index","follow":"follow","max-snippet":"max-snippet:-1","max-image-preview":"max-image-preview:large","max-video-preview":"max-video-preview:-1"},"canonical":"https:\/\/bolting.eu\/en\/shop\/petzl-parallel-10-5-mm\/","og_locale":"en_US","og_type":"article","og_title":"Petzl Parallel 10.5 mm","og_description":"Petzl Parallel 10,5mm halbstatisches Seil beim Kletterprofi kaufen \u2705 Trusted Shop \u2705 kostenloser Versand* \u2705 14 Tage R\u00fcckgaberecht \u2705 Co2 neutrale Zustellung","og_url":"https:\/\/bolting.eu\/en\/shop\/petzl-parallel-10-5-mm\/","og_site_name":"bolting.eu","article_publisher":"https:\/\/www.facebook.com\/bolting.eu","article_modified_time":"2026-04-10T16:35:12+00:00","og_image":[{"width":700,"height":700,"url":"https:\/\/bolting.eu\/wp-content\/uploads\/2024\/08\/Petzl-Parallel-weiss-1.jpg","type":"image\/jpeg"}],"twitter_card":"summary_large_image","twitter_misc":{"Availability":"In stock"},"schema":{"@context":"https:\/\/schema.org","@graph":[{"@type":["WebPage","ItemPage"],"@id":"https:\/\/bolting.eu\/en\/shop\/petzl-parallel-10-5-mm\/","url":"https:\/\/bolting.eu\/en\/shop\/petzl-parallel-10-5-mm\/","name":"Petzl Parallel 10.5 mm | bolting.eu","isPartOf":{"@id":"https:\/\/bolting.eu\/en\/#website"},"primaryImageOfPage":{"@id":"https:\/\/bolting.eu\/en\/shop\/petzl-parallel-10-5-mm\/#primaryimage"},"image":{"@id":"https:\/\/bolting.eu\/en\/shop\/petzl-parallel-10-5-mm\/#primaryimage"},"thumbnailUrl":"https:\/\/bolting.eu\/wp-content\/uploads\/2024\/08\/Petzl-Parallel-weiss-1.jpg","datePublished":"2024-08-06T12:00:38+00:00","dateModified":"2026-04-10T16:35:12+00:00","description":"Petzl Parallel 10,5mm halbstatisches Seil beim Kletterprofi kaufen \u2705 Trusted Shop \u2705 kostenloser Versand* \u2705 14 Tage R\u00fcckgaberecht \u2705 Co2 neutrale Zustellung","breadcrumb":{"@id":"https:\/\/bolting.eu\/en\/shop\/petzl-parallel-10-5-mm\/#breadcrumb"},"inLanguage":"en-US","potentialAction":[{"@type":"ReadAction","target":["https:\/\/bolting.eu\/en\/shop\/petzl-parallel-10-5-mm\/"]}]},{"@type":"ImageObject","inLanguage":"en-US","@id":"https:\/\/bolting.eu\/en\/shop\/petzl-parallel-10-5-mm\/#primaryimage","url":"https:\/\/bolting.eu\/wp-content\/uploads\/2024\/08\/Petzl-Parallel-weiss-1.jpg","contentUrl":"https:\/\/bolting.eu\/wp-content\/uploads\/2024\/08\/Petzl-Parallel-weiss-1.jpg","width":700,"height":700,"caption":"Weiss schwarzer Strang des Petzl Parallel halbstatischen Seils vertikal im Bind und rechts oben buntes bolting.eu Logo."},{"@type":"BreadcrumbList","@id":"https:\/\/bolting.eu\/en\/shop\/petzl-parallel-10-5-mm\/#breadcrumb","itemListElement":[{"@type":"ListItem","position":1,"name":"Shop","item":"https:\/\/bolting.eu\/en\/shop\/"},{"@type":"ListItem","position":2,"name":"Industrial climbing gear","item":"https:\/\/bolting.eu\/en\/produkt-kategorie\/industrial-climbing-gear\/"},{"@type":"ListItem","position":3,"name":"Statikseile","item":"https:\/\/bolting.eu\/produkt-kategorie\/industriekletter-ausruestung\/statikseile\/"},{"@type":"ListItem","position":4,"name":"Petzl Parallel 10.5 mm"}]},{"@type":"WebSite","@id":"https:\/\/bolting.eu\/en\/#website","url":"https:\/\/bolting.eu\/en\/","name":"bolting.eu","description":"we make climbs happen","publisher":{"@id":"https:\/\/bolting.eu\/en\/#organization"},"potentialAction":[{"@type":"SearchAction","target":{"@type":"EntryPoint","urlTemplate":"https:\/\/bolting.eu\/en\/?s={search_term_string}"},"query-input":{"@type":"PropertyValueSpecification","valueRequired":true,"valueName":"search_term_string"}}],"inLanguage":"en-US"},{"@type":["Organization","Place","SportingGoodsStore"],"@id":"https:\/\/bolting.eu\/en\/#organization","name":"bolting.eu","url":"https:\/\/bolting.eu\/en\/","logo":{"@id":"https:\/\/bolting.eu\/en\/shop\/petzl-parallel-10-5-mm\/#local-main-organization-logo"},"image":{"@id":"https:\/\/bolting.eu\/en\/shop\/petzl-parallel-10-5-mm\/#local-main-organization-logo"},"sameAs":["https:\/\/www.facebook.com\/bolting.eu","https:\/\/www.instagram.com\/bolting.eu\/"],"address":{"@id":"https:\/\/bolting.eu\/en\/shop\/petzl-parallel-10-5-mm\/#local-main-place-address"},"geo":{"@type":"GeoCoordinates","latitude":"47.264176340396226","longitude":"11.380109057672346"},"telephone":["+43 699 19083372"],"openingHoursSpecification":[{"@type":"OpeningHoursSpecification","dayOfWeek":["Monday","Wednesday","Friday"],"opens":"14:00","closes":"18:00"},{"@type":"OpeningHoursSpecification","dayOfWeek":["Tuesday","Thursday","Saturday","Sunday"],"opens":"00:00","closes":"00:00"}],"email":"office@bolting.eu","vatID":"ATU59999728","priceRange":"$$","currenciesAccepted":"Euro"},{"@type":"PostalAddress","@id":"https:\/\/bolting.eu\/en\/shop\/petzl-parallel-10-5-mm\/#local-main-place-address","streetAddress":"Fischnalerstra\u00dfe 4","addressLocality":"Innsbruck","postalCode":"6020","addressRegion":"Tirol","addressCountry":"AT"},{"@type":"ImageObject","inLanguage":"en-US","@id":"https:\/\/bolting.eu\/en\/shop\/petzl-parallel-10-5-mm\/#local-main-organization-logo","url":"https:\/\/bolting.eu\/wp-content\/uploads\/2019\/09\/bolting-logo.png","contentUrl":"https:\/\/bolting.eu\/wp-content\/uploads\/2019\/09\/bolting-logo.png","width":400,"height":211,"caption":"bolting.eu"}]},"og_availability":"instock","product_availability":"instock","product_condition":"new","geo.placename":"Innsbruck","geo.position":{"lat":"47.264176340396226","long":"11.380109057672346"},"geo.region":"Austria"},"_links":{"self":[{"href":"https:\/\/bolting.eu\/en\/wp-json\/wp\/v2\/product\/20714","targetHints":{"allow":["GET"]}}],"collection":[{"href":"https:\/\/bolting.eu\/en\/wp-json\/wp\/v2\/product"}],"about":[{"href":"https:\/\/bolting.eu\/en\/wp-json\/wp\/v2\/types\/product"}],"replies":[{"embeddable":true,"href":"https:\/\/bolting.eu\/en\/wp-json\/wp\/v2\/comments?post=20714"}],"wp:featuredmedia":[{"embeddable":true,"href":"https:\/\/bolting.eu\/en\/wp-json\/wp\/v2\/media\/20737"}],"wp:attachment":[{"href":"https:\/\/bolting.eu\/en\/wp-json\/wp\/v2\/media?parent=20714"}],"wp:term":[{"taxonomy":"product_brand","embeddable":true,"href":"https:\/\/bolting.eu\/en\/wp-json\/wp\/v2\/product_brand?post=20714"},{"taxonomy":"product_cat","embeddable":true,"href":"https:\/\/bolting.eu\/en\/wp-json\/wp\/v2\/product_cat?post=20714"},{"taxonomy":"product_tag","embeddable":true,"href":"https:\/\/bolting.eu\/en\/wp-json\/wp\/v2\/product_tag?post=20714"}],"curies":[{"name":"wp","href":"https:\/\/api.w.org\/{rel}","templated":true}]}}