{"id":20595,"date":"2024-07-26T10:49:21","date_gmt":"2024-07-26T08:49:21","guid":{"rendered":"https:\/\/bolting.eu\/?post_type=product&#038;p=20595"},"modified":"2026-02-25T12:04:47","modified_gmt":"2026-02-25T11:04:47","slug":"petzl-fil-flex-wide","status":"publish","type":"product","link":"https:\/\/bolting.eu\/en\/shop\/petzl-fil-flex-wide\/","title":{"rendered":"Petzl Fil Flex WIDE"},"content":{"rendered":"<p>Der Petzl Fil Flex small ist ein extra breites <a href=\"https:\/\/bolting.eu\/produkt-kategorie\/bergsteiger-ausruestung\/steigeisen\/\">Steigeisen<\/a> K\u00f6rbchen f\u00fcr die vordere Bindung. Er ist speziell f\u00fcr Snowboardschuhe und Telemarkschuhe gedacht<\/p>\n<p>Dank des &#8220;Alpen Adapt&#8221; Konzepts kann dieses Produkt f\u00fcr alle Steigeisen dieses Herstellers verwendet werden. Wie z.B. das <a href=\"https:\/\/bolting.eu\/shop\/petzl-irvis-10-zack-steigeisen\/\">IRVIS<\/a> oder <a href=\"https:\/\/bolting.eu\/shop\/petzl-vasak-12-zack-steigeisen\/\">VASAK.<\/a><\/p>\n<p>Das K\u00f6rbchen ist somit als Ersatz eines alten (kaputten oder zu gro\u00dfen) geeignet, als auch zum Umbau von &#8220;automatic&#8221; (a.k.a. &#8220;Kipphebel Bindung&#8221;) auf ein anderes System.<\/p>\n<h2>Eigenschaften Fil Flex Wide Steigeisen K\u00f6rbchen f\u00fcr Snowboardschuhe &#8211; Telemarkschuhe<\/h2>\n<ul>\n<li>Hersteller: <a href=\"https:\/\/bolting.eu\/produkt-kategorie\/petzl\/\">Petzl<\/a><\/li>\n<li>vorderes Steigeisen K\u00f6rbchen f\u00fcr Snowboard- und Telemarkschuhe<\/li>\n<li>f\u00fcr Steigeisen <a href=\"https:\/\/bolting.eu\/shop\/petzl-leopard\/\">LEOPARD LLF &amp; FL<\/a>, <a href=\"https:\/\/bolting.eu\/shop\/petzl-irvis-hybrid-steigeisen\/\">IRVIS HYBRID<\/a>, IRVIS, VASAK, SARKEN, LYNX und <a href=\"https:\/\/bolting.eu\/shop\/petzl-dart-steigeisen\/\">DART<\/a> <strong>wenn das hintere Bindungssystemen BACK LEVER oder BACK FLEX ist<\/strong><\/li>\n<li>selber leicht zu montieren<\/li>\n<li>Gewicht: 85 Gramm<\/li>\n<li>Material: Edelstahl, Polyamid<\/li>\n<li>Lieferumfang: 2 St\u00fcck K\u00f6rbchen<\/li>\n<\/ul>\n<h3>F\u00fcr welche Schuhe ist dieses Petzl Steigeisenk\u00f6rbchen?<\/h3>\n<p>Das Fil Flex Wide ist speziell f\u00fcr Snowbardschuhe und Telemarkschuhe (NTN Norm) konzipiert.<\/p>\n<h3>Welche &#8220;hintere&#8221; Bindung kann ich verwenden?<\/h3>\n<p>Wer vorne die Fil Flex wide auf seinem Steigeisen drauf hat, ben\u00f6tigt auf der R\u00fcckseite entweder einen &#8220;Back Lever&#8221; (f\u00fcr Schuhe mit Sohlenrand) oder eine &#8220;Back Flex&#8221; K\u00f6rbchen (f\u00fcr Schuhe ohne Sohlenrand).<\/p>\n<p>Im Folgenden die Kompatibilit\u00e4ts\u00fcbersicht f\u00fcr alle Petzl Steigeisen Varianten bzw. Schuhtypen.<\/p>\n<p><a href=\"https:\/\/bolting.eu\/wp-content\/uploads\/2024\/07\/Petzl-Fil-Flex-small-3.jpg\"><img loading=\"lazy\" decoding=\"async\" class=\"alignnone size-full wp-image-20594\" src=\"https:\/\/bolting.eu\/wp-content\/uploads\/2024\/07\/Petzl-Fil-Flex-small-3.jpg\" alt=\"Grafik mit der Kompatibilit\u00e4t aller Petzl Steigeisen Bindungskombinationen f\u00fcr alle g\u00e4ngigen Schuhtypen.\" width=\"766\" height=\"1024\" srcset=\"https:\/\/bolting.eu\/wp-content\/uploads\/2024\/07\/Petzl-Fil-Flex-small-3.jpg 766w, https:\/\/bolting.eu\/wp-content\/uploads\/2024\/07\/Petzl-Fil-Flex-small-3-299x400.jpg 299w, https:\/\/bolting.eu\/wp-content\/uploads\/2024\/07\/Petzl-Fil-Flex-small-3-598x800.jpg 598w, https:\/\/bolting.eu\/wp-content\/uploads\/2024\/07\/Petzl-Fil-Flex-small-3-510x682.jpg 510w, https:\/\/bolting.eu\/wp-content\/uploads\/2024\/07\/Petzl-Fil-Flex-small-3-100x134.jpg 100w\" sizes=\"auto, (max-width: 766px) 100vw, 766px\" \/><\/a><\/p>\n","protected":false},"excerpt":{"rendered":"<p>Petzl Fil Flex Wide<\/p>\n","protected":false},"featured_media":20597,"comment_status":"closed","ping_status":"closed","template":"","meta":[],"product_brand":[],"product_cat":[13938,14093,14356],"product_tag":[],"class_list":{"0":"post-20595","1":"product","2":"type-product","3":"status-publish","4":"has-post-thumbnail","6":"product_cat-bergsteiger-ausruestung","7":"product_cat-petzl","8":"product_cat-steigeisen-ersatzteile-zubehoer","10":"first","11":"instock","12":"taxable","13":"shipping-taxable","14":"purchasable","15":"product-type-simple"},"yoast_head":"<!-- This site is optimized with the Yoast SEO Premium plugin v26.9 (Yoast SEO v26.9) - https:\/\/yoast.com\/product\/yoast-seo-premium-wordpress\/ -->\n<title>Petzl Fil Flex WIDE | bolting.eu<\/title>\n<meta name=\"description\" content=\"PETZL FIL FLEX WIDE Steigeisenbindung f\u00fcr Snowboardschuhe \u2705 Trusted Shop \u2705 kostenloser Versand* \u2705 14 Tage R\u00fcckgaberecht \u2705 Co2 neutrale Zustellung\" \/>\n<meta name=\"robots\" content=\"index, follow, max-snippet:-1, max-image-preview:large, max-video-preview:-1\" \/>\n<link rel=\"canonical\" href=\"https:\/\/bolting.eu\/en\/shop\/petzl-fil-flex-wide\/\" \/>\n<meta property=\"og:locale\" content=\"en_US\" \/>\n<meta property=\"og:type\" content=\"article\" \/>\n<meta property=\"og:title\" content=\"Petzl Fil Flex WIDE\" \/>\n<meta property=\"og:description\" content=\"PETZL FIL FLEX WIDE Steigeisenbindung f\u00fcr Snowboardschuhe \u2705 Trusted Shop \u2705 kostenloser Versand* \u2705 14 Tage R\u00fcckgaberecht \u2705 Co2 neutrale Zustellung\" \/>\n<meta property=\"og:url\" content=\"https:\/\/bolting.eu\/en\/shop\/petzl-fil-flex-wide\/\" \/>\n<meta property=\"og:site_name\" content=\"bolting.eu\" \/>\n<meta property=\"article:publisher\" content=\"https:\/\/www.facebook.com\/bolting.eu\" \/>\n<meta property=\"article:modified_time\" content=\"2026-02-25T11:04:47+00:00\" \/>\n<meta property=\"og:image\" content=\"https:\/\/bolting.eu\/wp-content\/uploads\/2024\/07\/Petzl-Fil-Flex-Wide-2.jpg\" \/>\n\t<meta property=\"og:image:width\" content=\"700\" \/>\n\t<meta property=\"og:image:height\" content=\"700\" \/>\n\t<meta property=\"og:image:type\" content=\"image\/jpeg\" \/>\n<meta name=\"twitter:card\" content=\"summary_large_image\" \/>\n<meta name=\"twitter:label1\" content=\"Price\" \/>\n\t<meta name=\"twitter:data1\" content=\"&euro;&nbsp;40,00\" \/>\n\t<meta name=\"twitter:label2\" content=\"Availability\" \/>\n\t<meta name=\"twitter:data2\" content=\"In stock\" \/>\n<script type=\"application\/ld+json\" class=\"yoast-schema-graph\">{\"@context\":\"https:\/\/schema.org\",\"@graph\":[{\"@type\":[\"WebPage\",\"ItemPage\"],\"@id\":\"https:\/\/bolting.eu\/en\/shop\/petzl-fil-flex-wide\/\",\"url\":\"https:\/\/bolting.eu\/en\/shop\/petzl-fil-flex-wide\/\",\"name\":\"Petzl Fil Flex WIDE | bolting.eu\",\"isPartOf\":{\"@id\":\"https:\/\/bolting.eu\/en\/#website\"},\"primaryImageOfPage\":{\"@id\":\"https:\/\/bolting.eu\/en\/shop\/petzl-fil-flex-wide\/#primaryimage\"},\"image\":{\"@id\":\"https:\/\/bolting.eu\/en\/shop\/petzl-fil-flex-wide\/#primaryimage\"},\"thumbnailUrl\":\"https:\/\/bolting.eu\/wp-content\/uploads\/2024\/07\/Petzl-Fil-Flex-Wide-2.jpg\",\"datePublished\":\"2024-07-26T08:49:21+00:00\",\"dateModified\":\"2026-02-25T11:04:47+00:00\",\"description\":\"PETZL FIL FLEX WIDE Steigeisenbindung f\u00fcr Snowboardschuhe \u2705 Trusted Shop \u2705 kostenloser Versand* \u2705 14 Tage R\u00fcckgaberecht \u2705 Co2 neutrale Zustellung\",\"breadcrumb\":{\"@id\":\"https:\/\/bolting.eu\/en\/shop\/petzl-fil-flex-wide\/#breadcrumb\"},\"inLanguage\":\"en-US\",\"potentialAction\":[{\"@type\":\"ReadAction\",\"target\":[\"https:\/\/bolting.eu\/en\/shop\/petzl-fil-flex-wide\/\"]}]},{\"@type\":\"ImageObject\",\"inLanguage\":\"en-US\",\"@id\":\"https:\/\/bolting.eu\/en\/shop\/petzl-fil-flex-wide\/#primaryimage\",\"url\":\"https:\/\/bolting.eu\/wp-content\/uploads\/2024\/07\/Petzl-Fil-Flex-Wide-2.jpg\",\"contentUrl\":\"https:\/\/bolting.eu\/wp-content\/uploads\/2024\/07\/Petzl-Fil-Flex-Wide-2.jpg\",\"width\":700,\"height\":700,\"caption\":\"Petzl Fil Flex Wide Steigeisenk\u00f6rbchen mit Metallb\u00fcgel und Kunststoff Lasche sowie buntes bolting.eu Logo rechts oben.\"},{\"@type\":\"BreadcrumbList\",\"@id\":\"https:\/\/bolting.eu\/en\/shop\/petzl-fil-flex-wide\/#breadcrumb\",\"itemListElement\":[{\"@type\":\"ListItem\",\"position\":1,\"name\":\"Shop\",\"item\":\"https:\/\/bolting.eu\/en\/shop\/\"},{\"@type\":\"ListItem\",\"position\":2,\"name\":\"Bergsteiger Ausr\u00fcstung\",\"item\":\"https:\/\/bolting.eu\/produkt-kategorie\/bergsteiger-ausruestung\/\"},{\"@type\":\"ListItem\",\"position\":3,\"name\":\"Steigeisen Ersatzteile - Zubeh\u00f6r\",\"item\":\"https:\/\/bolting.eu\/produkt-kategorie\/bergsteiger-ausruestung\/steigeisen-ersatzteile-zubehoer\/\"},{\"@type\":\"ListItem\",\"position\":4,\"name\":\"Petzl Fil Flex WIDE\"}]},{\"@type\":\"WebSite\",\"@id\":\"https:\/\/bolting.eu\/en\/#website\",\"url\":\"https:\/\/bolting.eu\/en\/\",\"name\":\"bolting.eu\",\"description\":\"we make climbs happen\",\"publisher\":{\"@id\":\"https:\/\/bolting.eu\/en\/#organization\"},\"potentialAction\":[{\"@type\":\"SearchAction\",\"target\":{\"@type\":\"EntryPoint\",\"urlTemplate\":\"https:\/\/bolting.eu\/en\/?s={search_term_string}\"},\"query-input\":{\"@type\":\"PropertyValueSpecification\",\"valueRequired\":true,\"valueName\":\"search_term_string\"}}],\"inLanguage\":\"en-US\"},{\"@type\":[\"Organization\",\"Place\",\"SportingGoodsStore\"],\"@id\":\"https:\/\/bolting.eu\/en\/#organization\",\"name\":\"bolting.eu\",\"url\":\"https:\/\/bolting.eu\/en\/\",\"logo\":{\"@id\":\"https:\/\/bolting.eu\/en\/shop\/petzl-fil-flex-wide\/#local-main-organization-logo\"},\"image\":{\"@id\":\"https:\/\/bolting.eu\/en\/shop\/petzl-fil-flex-wide\/#local-main-organization-logo\"},\"sameAs\":[\"https:\/\/www.facebook.com\/bolting.eu\",\"https:\/\/www.instagram.com\/bolting.eu\/\"],\"address\":{\"@id\":\"https:\/\/bolting.eu\/en\/shop\/petzl-fil-flex-wide\/#local-main-place-address\"},\"geo\":{\"@type\":\"GeoCoordinates\",\"latitude\":\"47.264176340396226\",\"longitude\":\"11.380109057672346\"},\"telephone\":[\"+43 699 19083372\"],\"openingHoursSpecification\":[{\"@type\":\"OpeningHoursSpecification\",\"dayOfWeek\":[\"Monday\",\"Wednesday\",\"Friday\"],\"opens\":\"14:00\",\"closes\":\"18:00\"},{\"@type\":\"OpeningHoursSpecification\",\"dayOfWeek\":[\"Tuesday\",\"Thursday\",\"Saturday\",\"Sunday\"],\"opens\":\"00:00\",\"closes\":\"00:00\"}],\"email\":\"office@bolting.eu\",\"vatID\":\"ATU59999728\",\"priceRange\":\"$$\",\"currenciesAccepted\":\"Euro\"},{\"@type\":\"PostalAddress\",\"@id\":\"https:\/\/bolting.eu\/en\/shop\/petzl-fil-flex-wide\/#local-main-place-address\",\"streetAddress\":\"Fischnalerstra\u00dfe 4\",\"addressLocality\":\"Innsbruck\",\"postalCode\":\"6020\",\"addressRegion\":\"Tirol\",\"addressCountry\":\"AT\"},{\"@type\":\"ImageObject\",\"inLanguage\":\"en-US\",\"@id\":\"https:\/\/bolting.eu\/en\/shop\/petzl-fil-flex-wide\/#local-main-organization-logo\",\"url\":\"https:\/\/bolting.eu\/wp-content\/uploads\/2019\/09\/bolting-logo.png\",\"contentUrl\":\"https:\/\/bolting.eu\/wp-content\/uploads\/2019\/09\/bolting-logo.png\",\"width\":400,\"height\":211,\"caption\":\"bolting.eu\"}]}<\/script>\n<meta property=\"product:price:amount\" content=\"40.00\" \/>\n<meta property=\"product:price:currency\" content=\"EUR\" \/>\n<meta property=\"og:availability\" content=\"instock\" \/>\n<meta property=\"product:availability\" content=\"instock\" \/>\n<meta property=\"product:retailer_item_id\" content=\"U013AA00\" \/>\n<meta property=\"product:condition\" content=\"new\" \/>\n<meta name=\"geo.placename\" content=\"Innsbruck\" \/>\n<meta name=\"geo.position\" content=\"47.264176340396226;11.380109057672346\" \/>\n<meta name=\"geo.region\" content=\"Austria\" \/>\n<!-- \/ Yoast SEO Premium plugin. -->","yoast_head_json":{"title":"Petzl Fil Flex WIDE | bolting.eu","description":"PETZL FIL FLEX WIDE Steigeisenbindung f\u00fcr Snowboardschuhe \u2705 Trusted Shop \u2705 kostenloser Versand* \u2705 14 Tage R\u00fcckgaberecht \u2705 Co2 neutrale Zustellung","robots":{"index":"index","follow":"follow","max-snippet":"max-snippet:-1","max-image-preview":"max-image-preview:large","max-video-preview":"max-video-preview:-1"},"canonical":"https:\/\/bolting.eu\/en\/shop\/petzl-fil-flex-wide\/","og_locale":"en_US","og_type":"article","og_title":"Petzl Fil Flex WIDE","og_description":"PETZL FIL FLEX WIDE Steigeisenbindung f\u00fcr Snowboardschuhe \u2705 Trusted Shop \u2705 kostenloser Versand* \u2705 14 Tage R\u00fcckgaberecht \u2705 Co2 neutrale Zustellung","og_url":"https:\/\/bolting.eu\/en\/shop\/petzl-fil-flex-wide\/","og_site_name":"bolting.eu","article_publisher":"https:\/\/www.facebook.com\/bolting.eu","article_modified_time":"2026-02-25T11:04:47+00:00","og_image":[{"width":700,"height":700,"url":"https:\/\/bolting.eu\/wp-content\/uploads\/2024\/07\/Petzl-Fil-Flex-Wide-2.jpg","type":"image\/jpeg"}],"twitter_card":"summary_large_image","twitter_misc":{"Price":"&euro;&nbsp;40,00","Availability":"In stock"},"schema":{"@context":"https:\/\/schema.org","@graph":[{"@type":["WebPage","ItemPage"],"@id":"https:\/\/bolting.eu\/en\/shop\/petzl-fil-flex-wide\/","url":"https:\/\/bolting.eu\/en\/shop\/petzl-fil-flex-wide\/","name":"Petzl Fil Flex WIDE | bolting.eu","isPartOf":{"@id":"https:\/\/bolting.eu\/en\/#website"},"primaryImageOfPage":{"@id":"https:\/\/bolting.eu\/en\/shop\/petzl-fil-flex-wide\/#primaryimage"},"image":{"@id":"https:\/\/bolting.eu\/en\/shop\/petzl-fil-flex-wide\/#primaryimage"},"thumbnailUrl":"https:\/\/bolting.eu\/wp-content\/uploads\/2024\/07\/Petzl-Fil-Flex-Wide-2.jpg","datePublished":"2024-07-26T08:49:21+00:00","dateModified":"2026-02-25T11:04:47+00:00","description":"PETZL FIL FLEX WIDE Steigeisenbindung f\u00fcr Snowboardschuhe \u2705 Trusted Shop \u2705 kostenloser Versand* \u2705 14 Tage R\u00fcckgaberecht \u2705 Co2 neutrale Zustellung","breadcrumb":{"@id":"https:\/\/bolting.eu\/en\/shop\/petzl-fil-flex-wide\/#breadcrumb"},"inLanguage":"en-US","potentialAction":[{"@type":"ReadAction","target":["https:\/\/bolting.eu\/en\/shop\/petzl-fil-flex-wide\/"]}]},{"@type":"ImageObject","inLanguage":"en-US","@id":"https:\/\/bolting.eu\/en\/shop\/petzl-fil-flex-wide\/#primaryimage","url":"https:\/\/bolting.eu\/wp-content\/uploads\/2024\/07\/Petzl-Fil-Flex-Wide-2.jpg","contentUrl":"https:\/\/bolting.eu\/wp-content\/uploads\/2024\/07\/Petzl-Fil-Flex-Wide-2.jpg","width":700,"height":700,"caption":"Petzl Fil Flex Wide Steigeisenk\u00f6rbchen mit Metallb\u00fcgel und Kunststoff Lasche sowie buntes bolting.eu Logo rechts oben."},{"@type":"BreadcrumbList","@id":"https:\/\/bolting.eu\/en\/shop\/petzl-fil-flex-wide\/#breadcrumb","itemListElement":[{"@type":"ListItem","position":1,"name":"Shop","item":"https:\/\/bolting.eu\/en\/shop\/"},{"@type":"ListItem","position":2,"name":"Bergsteiger Ausr\u00fcstung","item":"https:\/\/bolting.eu\/produkt-kategorie\/bergsteiger-ausruestung\/"},{"@type":"ListItem","position":3,"name":"Steigeisen Ersatzteile - Zubeh\u00f6r","item":"https:\/\/bolting.eu\/produkt-kategorie\/bergsteiger-ausruestung\/steigeisen-ersatzteile-zubehoer\/"},{"@type":"ListItem","position":4,"name":"Petzl Fil Flex WIDE"}]},{"@type":"WebSite","@id":"https:\/\/bolting.eu\/en\/#website","url":"https:\/\/bolting.eu\/en\/","name":"bolting.eu","description":"we make climbs happen","publisher":{"@id":"https:\/\/bolting.eu\/en\/#organization"},"potentialAction":[{"@type":"SearchAction","target":{"@type":"EntryPoint","urlTemplate":"https:\/\/bolting.eu\/en\/?s={search_term_string}"},"query-input":{"@type":"PropertyValueSpecification","valueRequired":true,"valueName":"search_term_string"}}],"inLanguage":"en-US"},{"@type":["Organization","Place","SportingGoodsStore"],"@id":"https:\/\/bolting.eu\/en\/#organization","name":"bolting.eu","url":"https:\/\/bolting.eu\/en\/","logo":{"@id":"https:\/\/bolting.eu\/en\/shop\/petzl-fil-flex-wide\/#local-main-organization-logo"},"image":{"@id":"https:\/\/bolting.eu\/en\/shop\/petzl-fil-flex-wide\/#local-main-organization-logo"},"sameAs":["https:\/\/www.facebook.com\/bolting.eu","https:\/\/www.instagram.com\/bolting.eu\/"],"address":{"@id":"https:\/\/bolting.eu\/en\/shop\/petzl-fil-flex-wide\/#local-main-place-address"},"geo":{"@type":"GeoCoordinates","latitude":"47.264176340396226","longitude":"11.380109057672346"},"telephone":["+43 699 19083372"],"openingHoursSpecification":[{"@type":"OpeningHoursSpecification","dayOfWeek":["Monday","Wednesday","Friday"],"opens":"14:00","closes":"18:00"},{"@type":"OpeningHoursSpecification","dayOfWeek":["Tuesday","Thursday","Saturday","Sunday"],"opens":"00:00","closes":"00:00"}],"email":"office@bolting.eu","vatID":"ATU59999728","priceRange":"$$","currenciesAccepted":"Euro"},{"@type":"PostalAddress","@id":"https:\/\/bolting.eu\/en\/shop\/petzl-fil-flex-wide\/#local-main-place-address","streetAddress":"Fischnalerstra\u00dfe 4","addressLocality":"Innsbruck","postalCode":"6020","addressRegion":"Tirol","addressCountry":"AT"},{"@type":"ImageObject","inLanguage":"en-US","@id":"https:\/\/bolting.eu\/en\/shop\/petzl-fil-flex-wide\/#local-main-organization-logo","url":"https:\/\/bolting.eu\/wp-content\/uploads\/2019\/09\/bolting-logo.png","contentUrl":"https:\/\/bolting.eu\/wp-content\/uploads\/2019\/09\/bolting-logo.png","width":400,"height":211,"caption":"bolting.eu"}]},"product_price_amount":"40.00","product_price_currency":"EUR","og_availability":"instock","product_availability":"instock","product_retailer_item_id":"U013AA00","product_condition":"new","geo.placename":"Innsbruck","geo.position":{"lat":"47.264176340396226","long":"11.380109057672346"},"geo.region":"Austria"},"_links":{"self":[{"href":"https:\/\/bolting.eu\/en\/wp-json\/wp\/v2\/product\/20595","targetHints":{"allow":["GET"]}}],"collection":[{"href":"https:\/\/bolting.eu\/en\/wp-json\/wp\/v2\/product"}],"about":[{"href":"https:\/\/bolting.eu\/en\/wp-json\/wp\/v2\/types\/product"}],"replies":[{"embeddable":true,"href":"https:\/\/bolting.eu\/en\/wp-json\/wp\/v2\/comments?post=20595"}],"wp:featuredmedia":[{"embeddable":true,"href":"https:\/\/bolting.eu\/en\/wp-json\/wp\/v2\/media\/20597"}],"wp:attachment":[{"href":"https:\/\/bolting.eu\/en\/wp-json\/wp\/v2\/media?parent=20595"}],"wp:term":[{"taxonomy":"product_brand","embeddable":true,"href":"https:\/\/bolting.eu\/en\/wp-json\/wp\/v2\/product_brand?post=20595"},{"taxonomy":"product_cat","embeddable":true,"href":"https:\/\/bolting.eu\/en\/wp-json\/wp\/v2\/product_cat?post=20595"},{"taxonomy":"product_tag","embeddable":true,"href":"https:\/\/bolting.eu\/en\/wp-json\/wp\/v2\/product_tag?post=20595"}],"curies":[{"name":"wp","href":"https:\/\/api.w.org\/{rel}","templated":true}]}}