{"id":20552,"date":"2024-07-24T13:36:00","date_gmt":"2024-07-24T11:36:00","guid":{"rendered":"https:\/\/bolting.eu\/?post_type=product&#038;p=20552"},"modified":"2024-07-24T16:58:50","modified_gmt":"2024-07-24T14:58:50","slug":"petzl-kit-cord-tec","status":"publish","type":"product","link":"https:\/\/bolting.eu\/en\/shop\/petzl-kit-cord-tec\/","title":{"rendered":"Petzl Kit Cord-Tec"},"content":{"rendered":"<p>Der Petzl Kit Cord-Tec besteht aus je einem Paar Alu Fersenteilen, Verbindungsschnur und passenden Antistollenplatten.<\/p>\n<p>Dieses Set ist f\u00fcr fast alle Petzl Modelle geeignet.<\/p>\n<p>Zum einen kann man die original Alu Fersenteile tauschen. Beim LEOPARD LLF, LEOPARD FL und <a href=\"https:\/\/bolting.eu\/shop\/petzl-irvis-hybrid-steigeisen\/\">IRVIS HYBRID<\/a>.<\/p>\n<p>Und zum anderen kann man Modelle mit Stahl Fersenteile umbauen. Das geht beim IRVIS, <a href=\"https:\/\/bolting.eu\/shop\/petzl-lynx-steigeisen\/\">LYNX<\/a> und <a href=\"https:\/\/bolting.eu\/shop\/frontteile-petzl-dart\/\">DART<\/a>. So werden sie zu &#8220;Hybrid&#8221; Steigeisen aus Stahl vorne und Alu hinten.<\/p>\n<p>Das machen viele Alpinisten, um deutlich an Gewicht zu sparen. Die Vorderteile werden mit dem robusten Stahl f\u00fcr besseren Halt belassen.<\/p>\n<p>Die Fersenteile sind geeignet f\u00fcr alle Bindungssysteme.<\/p>\n<h2>Eigenschaften Kit Cord-Tec<\/h2>\n<ul>\n<li>Hersteller: Petzl<\/li>\n<li>Ersatz Fersenteile f\u00fcr LEOPARD LLF, LEOPARD FL und IRVIS HYBRID<\/li>\n<li>Austausch gegen die Stahl Fersenteile von IRVIS, LYNX und DART<\/li>\n<li>Material: Alu, Dyneema, Kunststoff<\/li>\n<li>Gewicht: 120 Gramm<\/li>\n<li>Fersenteile kompatibel mit &#8220;hinterem&#8221; Bindungssystem Back Flex und Back Lever<\/li>\n<li>Lieferumfang: 2 Paar Alu Fersenteile, 2 <a href=\"https:\/\/bolting.eu\/shop\/petzl-cord-tec-ersatzreepschnur\/\">Cord-Tec Schn\u00fcre<\/a>, 2 Antisnow Platten,4 kleine Schrauben<\/li>\n<li><a href=\"https:\/\/www.petzl.com\/AT\/de\/Sport\/Steigeisen\/KIT-CORD-TEC#:~:text=Das%20PDF%20herunterladen%20%3A%20technical%2Dnotice%2DKIT%2DCORD%2DTEC%2D1%20%2D%203.34%20MB\" target=\"_blank\" rel=\"noopener\">Bedienungsanleitung<\/a><\/li>\n<\/ul>\n<h3>Kompatibilit\u00e4t<\/h3>\n<p>Beachtet! Der Cord-Kit ist <strong>nicht mit allen Kombinationen aus Sohlentypen und Bindungssystemen kompatibel<\/strong>.<\/p>\n<p>Im Folgenden eine \u00dcbersicht f\u00fcr welche Bergschuhe bzw. Bindungstypen die Ersatz Alu Fersenteile mit der Dyneema Schnur verwendet werden k\u00f6nnen.<\/p>\n<p><a href=\"https:\/\/bolting.eu\/wp-content\/uploads\/2024\/07\/Kompatibilitaetstabelle-Kit-Cord-Tec.jpg\"><img loading=\"lazy\" decoding=\"async\" class=\"alignnone size-full wp-image-20555\" src=\"https:\/\/bolting.eu\/wp-content\/uploads\/2024\/07\/Kompatibilitaetstabelle-Kit-Cord-Tec.jpg\" alt=\"Tabelle mit der Kompatibilit\u00e4t des Petzl Kit Cord-Tec und Bindungssystemen bzw. Bergschuhtypen.\" width=\"1024\" height=\"537\" srcset=\"https:\/\/bolting.eu\/wp-content\/uploads\/2024\/07\/Kompatibilitaetstabelle-Kit-Cord-Tec.jpg 1024w, https:\/\/bolting.eu\/wp-content\/uploads\/2024\/07\/Kompatibilitaetstabelle-Kit-Cord-Tec-763x400.jpg 763w, https:\/\/bolting.eu\/wp-content\/uploads\/2024\/07\/Kompatibilitaetstabelle-Kit-Cord-Tec-768x403.jpg 768w, https:\/\/bolting.eu\/wp-content\/uploads\/2024\/07\/Kompatibilitaetstabelle-Kit-Cord-Tec-510x267.jpg 510w, https:\/\/bolting.eu\/wp-content\/uploads\/2024\/07\/Kompatibilitaetstabelle-Kit-Cord-Tec-100x52.jpg 100w\" sizes=\"auto, (max-width: 1024px) 100vw, 1024px\" \/><\/a><\/p>\n<p>Bergschuhe ohne jeglichen Sohlenrand k\u00f6nnen nur mit der Flexlock Bindung verwendet werden.<\/p>\n<p>Bergschuhe ohne Sohlenrand vorne nur mit der Flexlock und der Leverlock-Universel Filflex Kombi (Semi-Automatic Bindung).<\/p>\n<p>Wer hinten und vorne einen Sohlenrand hat, kann jedes Bindungssystem verwenden.<\/p>\n<h3>Umbauanleitung Kit Cord-Tec<\/h3>\n<p>Die folgende Grafik zeigt, wie das Umbauen funktioniert.<\/p>\n<p><a href=\"https:\/\/bolting.eu\/wp-content\/uploads\/2024\/07\/Umbauanleitung-Cord-TEc-Kit.jpg\"><img loading=\"lazy\" decoding=\"async\" class=\"alignnone size-full wp-image-20556\" src=\"https:\/\/bolting.eu\/wp-content\/uploads\/2024\/07\/Umbauanleitung-Cord-TEc-Kit.jpg\" alt=\"Umbauanleitung Grafik f\u00fcr Petzl Steigeisen mit dem Kit Cord-Tec.\" width=\"961\" height=\"1024\" srcset=\"https:\/\/bolting.eu\/wp-content\/uploads\/2024\/07\/Umbauanleitung-Cord-TEc-Kit.jpg 961w, https:\/\/bolting.eu\/wp-content\/uploads\/2024\/07\/Umbauanleitung-Cord-TEc-Kit-375x400.jpg 375w, https:\/\/bolting.eu\/wp-content\/uploads\/2024\/07\/Umbauanleitung-Cord-TEc-Kit-751x800.jpg 751w, https:\/\/bolting.eu\/wp-content\/uploads\/2024\/07\/Umbauanleitung-Cord-TEc-Kit-768x818.jpg 768w, https:\/\/bolting.eu\/wp-content\/uploads\/2024\/07\/Umbauanleitung-Cord-TEc-Kit-510x543.jpg 510w, https:\/\/bolting.eu\/wp-content\/uploads\/2024\/07\/Umbauanleitung-Cord-TEc-Kit-100x107.jpg 100w\" sizes=\"auto, (max-width: 961px) 100vw, 961px\" \/><\/a><\/p>\n<p>&nbsp;<\/p>\n","protected":false},"excerpt":{"rendered":"<p>Alu Fersenteile mit Cord-Tec Schnur und Antisnow Platten.<\/p>\n<p>Austausch Original Alu Fersenteil bei LEOPARD LLF, LEOPARD FL und IRVIS HYBRID. Umbau von Stahl auf Alu Fersenteil bei IRVIS, LYNX (U034AA00) und DART.<\/p>\n<p>Versandkostenfrei bis 2kg in\u00a0<img decoding=\"async\" class=\"emoji\" role=\"img\" draggable=\"false\" src=\"https:\/\/s.w.org\/images\/core\/emoji\/14.0.0\/svg\/1f1e6-1f1f9.svg\" alt=\"\ud83c\udde6\ud83c\uddf9\" \/>\u00a0ab \u20ac 100,- und\u00a0<img decoding=\"async\" class=\"emoji\" role=\"img\" draggable=\"false\" src=\"https:\/\/s.w.org\/images\/core\/emoji\/14.0.0\/svg\/1f1e9-1f1ea.svg\" alt=\"\ud83c\udde9\ud83c\uddea\" \/>\u00a0ab \u20ac 200,-!<\/p>\n","protected":false},"featured_media":20553,"comment_status":"closed","ping_status":"closed","template":"","meta":[],"product_brand":[],"product_cat":[13938,14093,14288,14356],"product_tag":[],"class_list":{"0":"post-20552","1":"product","2":"type-product","3":"status-publish","4":"has-post-thumbnail","6":"product_cat-bergsteiger-ausruestung","7":"product_cat-petzl","8":"product_cat-steigeisen","9":"product_cat-steigeisen-ersatzteile-zubehoer","11":"first","12":"instock","13":"sale","14":"taxable","15":"shipping-taxable","16":"purchasable","17":"product-type-simple"},"yoast_head":"<!-- This site is optimized with the Yoast SEO Premium plugin v26.9 (Yoast SEO v26.9) - https:\/\/yoast.com\/product\/yoast-seo-premium-wordpress\/ -->\n<title>Petzl Kit Cord-Tec - Ersatz- &amp; Umbau Alu Fersenteile | bolting.eu<\/title>\n<meta name=\"description\" content=\"PETZL KIT CORD-TEC beim Kletter Hardwareprofi kaufen \u2705 Trusted Shop \u2705 kostenloser Versand* \u2705 14 Tage R\u00fcckgaberecht \u2705 Co2 neutrale Zustellung\" \/>\n<meta name=\"robots\" content=\"index, follow, max-snippet:-1, max-image-preview:large, max-video-preview:-1\" \/>\n<link rel=\"canonical\" href=\"https:\/\/bolting.eu\/en\/shop\/petzl-kit-cord-tec\/\" \/>\n<meta property=\"og:locale\" content=\"en_US\" \/>\n<meta property=\"og:type\" content=\"article\" \/>\n<meta property=\"og:title\" content=\"Petzl Kit Cord-Tec\" \/>\n<meta property=\"og:description\" content=\"PETZL KIT CORD-TEC beim Kletter Hardwareprofi kaufen \u2705 Trusted Shop \u2705 kostenloser Versand* \u2705 14 Tage R\u00fcckgaberecht \u2705 Co2 neutrale Zustellung\" \/>\n<meta property=\"og:url\" content=\"https:\/\/bolting.eu\/en\/shop\/petzl-kit-cord-tec\/\" \/>\n<meta property=\"og:site_name\" content=\"bolting.eu\" \/>\n<meta property=\"article:publisher\" content=\"https:\/\/www.facebook.com\/bolting.eu\" \/>\n<meta property=\"article:modified_time\" content=\"2024-07-24T14:58:50+00:00\" \/>\n<meta property=\"og:image\" content=\"https:\/\/bolting.eu\/wp-content\/uploads\/2024\/07\/Kit-Cord-Tec-1.jpg\" \/>\n\t<meta property=\"og:image:width\" content=\"700\" \/>\n\t<meta property=\"og:image:height\" content=\"700\" \/>\n\t<meta property=\"og:image:type\" content=\"image\/jpeg\" \/>\n<meta name=\"twitter:card\" content=\"summary_large_image\" \/>\n<meta name=\"twitter:label1\" content=\"Price\" \/>\n\t<meta name=\"twitter:data1\" content=\"&euro;&nbsp;78,00\" \/>\n\t<meta name=\"twitter:label2\" content=\"Availability\" \/>\n\t<meta name=\"twitter:data2\" content=\"In stock\" \/>\n<script type=\"application\/ld+json\" class=\"yoast-schema-graph\">{\"@context\":\"https:\/\/schema.org\",\"@graph\":[{\"@type\":[\"WebPage\",\"ItemPage\"],\"@id\":\"https:\/\/bolting.eu\/en\/shop\/petzl-kit-cord-tec\/\",\"url\":\"https:\/\/bolting.eu\/en\/shop\/petzl-kit-cord-tec\/\",\"name\":\"Petzl Kit Cord-Tec - Ersatz- & Umbau Alu Fersenteile | bolting.eu\",\"isPartOf\":{\"@id\":\"https:\/\/bolting.eu\/en\/#website\"},\"primaryImageOfPage\":{\"@id\":\"https:\/\/bolting.eu\/en\/shop\/petzl-kit-cord-tec\/#primaryimage\"},\"image\":{\"@id\":\"https:\/\/bolting.eu\/en\/shop\/petzl-kit-cord-tec\/#primaryimage\"},\"thumbnailUrl\":\"https:\/\/bolting.eu\/wp-content\/uploads\/2024\/07\/Kit-Cord-Tec-1.jpg\",\"datePublished\":\"2024-07-24T11:36:00+00:00\",\"dateModified\":\"2024-07-24T14:58:50+00:00\",\"description\":\"PETZL KIT CORD-TEC beim Kletter Hardwareprofi kaufen \u2705 Trusted Shop \u2705 kostenloser Versand* \u2705 14 Tage R\u00fcckgaberecht \u2705 Co2 neutrale Zustellung\",\"breadcrumb\":{\"@id\":\"https:\/\/bolting.eu\/en\/shop\/petzl-kit-cord-tec\/#breadcrumb\"},\"inLanguage\":\"en-US\",\"potentialAction\":[{\"@type\":\"ReadAction\",\"target\":[\"https:\/\/bolting.eu\/en\/shop\/petzl-kit-cord-tec\/\"]}]},{\"@type\":\"ImageObject\",\"inLanguage\":\"en-US\",\"@id\":\"https:\/\/bolting.eu\/en\/shop\/petzl-kit-cord-tec\/#primaryimage\",\"url\":\"https:\/\/bolting.eu\/wp-content\/uploads\/2024\/07\/Kit-Cord-Tec-1.jpg\",\"contentUrl\":\"https:\/\/bolting.eu\/wp-content\/uploads\/2024\/07\/Kit-Cord-Tec-1.jpg\",\"width\":700,\"height\":700,\"caption\":\"Petzl Kit Cord-TEc mit orangem Fersenteil und wei\u00dfer Verbindungsschnur, rechts oben buntes bolting.eu Logo.\"},{\"@type\":\"BreadcrumbList\",\"@id\":\"https:\/\/bolting.eu\/en\/shop\/petzl-kit-cord-tec\/#breadcrumb\",\"itemListElement\":[{\"@type\":\"ListItem\",\"position\":1,\"name\":\"Shop\",\"item\":\"https:\/\/bolting.eu\/en\/shop\/\"},{\"@type\":\"ListItem\",\"position\":2,\"name\":\"Bergsteiger Ausr\u00fcstung\",\"item\":\"https:\/\/bolting.eu\/produkt-kategorie\/bergsteiger-ausruestung\/\"},{\"@type\":\"ListItem\",\"position\":3,\"name\":\"Steigeisen Ersatzteile - Zubeh\u00f6r\",\"item\":\"https:\/\/bolting.eu\/produkt-kategorie\/bergsteiger-ausruestung\/steigeisen-ersatzteile-zubehoer\/\"},{\"@type\":\"ListItem\",\"position\":4,\"name\":\"Petzl Kit Cord-Tec\"}]},{\"@type\":\"WebSite\",\"@id\":\"https:\/\/bolting.eu\/en\/#website\",\"url\":\"https:\/\/bolting.eu\/en\/\",\"name\":\"bolting.eu\",\"description\":\"we make climbs happen\",\"publisher\":{\"@id\":\"https:\/\/bolting.eu\/en\/#organization\"},\"potentialAction\":[{\"@type\":\"SearchAction\",\"target\":{\"@type\":\"EntryPoint\",\"urlTemplate\":\"https:\/\/bolting.eu\/en\/?s={search_term_string}\"},\"query-input\":{\"@type\":\"PropertyValueSpecification\",\"valueRequired\":true,\"valueName\":\"search_term_string\"}}],\"inLanguage\":\"en-US\"},{\"@type\":[\"Organization\",\"Place\",\"SportingGoodsStore\"],\"@id\":\"https:\/\/bolting.eu\/en\/#organization\",\"name\":\"bolting.eu\",\"url\":\"https:\/\/bolting.eu\/en\/\",\"logo\":{\"@id\":\"https:\/\/bolting.eu\/en\/shop\/petzl-kit-cord-tec\/#local-main-organization-logo\"},\"image\":{\"@id\":\"https:\/\/bolting.eu\/en\/shop\/petzl-kit-cord-tec\/#local-main-organization-logo\"},\"sameAs\":[\"https:\/\/www.facebook.com\/bolting.eu\",\"https:\/\/www.instagram.com\/bolting.eu\/\"],\"address\":{\"@id\":\"https:\/\/bolting.eu\/en\/shop\/petzl-kit-cord-tec\/#local-main-place-address\"},\"geo\":{\"@type\":\"GeoCoordinates\",\"latitude\":\"47.264176340396226\",\"longitude\":\"11.380109057672346\"},\"telephone\":[\"+43 699 19083372\"],\"openingHoursSpecification\":[{\"@type\":\"OpeningHoursSpecification\",\"dayOfWeek\":[\"Monday\",\"Wednesday\",\"Friday\"],\"opens\":\"14:00\",\"closes\":\"18:00\"},{\"@type\":\"OpeningHoursSpecification\",\"dayOfWeek\":[\"Tuesday\",\"Thursday\",\"Saturday\",\"Sunday\"],\"opens\":\"00:00\",\"closes\":\"00:00\"}],\"email\":\"office@bolting.eu\",\"vatID\":\"ATU59999728\",\"priceRange\":\"$$\",\"currenciesAccepted\":\"Euro\"},{\"@type\":\"PostalAddress\",\"@id\":\"https:\/\/bolting.eu\/en\/shop\/petzl-kit-cord-tec\/#local-main-place-address\",\"streetAddress\":\"Fischnalerstra\u00dfe 4\",\"addressLocality\":\"Innsbruck\",\"postalCode\":\"6020\",\"addressRegion\":\"Tirol\",\"addressCountry\":\"AT\"},{\"@type\":\"ImageObject\",\"inLanguage\":\"en-US\",\"@id\":\"https:\/\/bolting.eu\/en\/shop\/petzl-kit-cord-tec\/#local-main-organization-logo\",\"url\":\"https:\/\/bolting.eu\/wp-content\/uploads\/2019\/09\/bolting-logo.png\",\"contentUrl\":\"https:\/\/bolting.eu\/wp-content\/uploads\/2019\/09\/bolting-logo.png\",\"width\":400,\"height\":211,\"caption\":\"bolting.eu\"}]}<\/script>\n<meta property=\"product:price:amount\" content=\"78.00\" \/>\n<meta property=\"product:price:currency\" content=\"EUR\" \/>\n<meta property=\"og:availability\" content=\"instock\" \/>\n<meta property=\"product:availability\" content=\"instock\" \/>\n<meta property=\"product:retailer_item_id\" content=\"U001GA00\" \/>\n<meta property=\"product:condition\" content=\"new\" \/>\n<meta name=\"geo.placename\" content=\"Innsbruck\" \/>\n<meta name=\"geo.position\" content=\"47.264176340396226;11.380109057672346\" \/>\n<meta name=\"geo.region\" content=\"Austria\" \/>\n<!-- \/ Yoast SEO Premium plugin. -->","yoast_head_json":{"title":"Petzl Kit Cord-Tec - Ersatz- & Umbau Alu Fersenteile | bolting.eu","description":"PETZL KIT CORD-TEC beim Kletter Hardwareprofi kaufen \u2705 Trusted Shop \u2705 kostenloser Versand* \u2705 14 Tage R\u00fcckgaberecht \u2705 Co2 neutrale Zustellung","robots":{"index":"index","follow":"follow","max-snippet":"max-snippet:-1","max-image-preview":"max-image-preview:large","max-video-preview":"max-video-preview:-1"},"canonical":"https:\/\/bolting.eu\/en\/shop\/petzl-kit-cord-tec\/","og_locale":"en_US","og_type":"article","og_title":"Petzl Kit Cord-Tec","og_description":"PETZL KIT CORD-TEC beim Kletter Hardwareprofi kaufen \u2705 Trusted Shop \u2705 kostenloser Versand* \u2705 14 Tage R\u00fcckgaberecht \u2705 Co2 neutrale Zustellung","og_url":"https:\/\/bolting.eu\/en\/shop\/petzl-kit-cord-tec\/","og_site_name":"bolting.eu","article_publisher":"https:\/\/www.facebook.com\/bolting.eu","article_modified_time":"2024-07-24T14:58:50+00:00","og_image":[{"width":700,"height":700,"url":"https:\/\/bolting.eu\/wp-content\/uploads\/2024\/07\/Kit-Cord-Tec-1.jpg","type":"image\/jpeg"}],"twitter_card":"summary_large_image","twitter_misc":{"Price":"&euro;&nbsp;78,00","Availability":"In stock"},"schema":{"@context":"https:\/\/schema.org","@graph":[{"@type":["WebPage","ItemPage"],"@id":"https:\/\/bolting.eu\/en\/shop\/petzl-kit-cord-tec\/","url":"https:\/\/bolting.eu\/en\/shop\/petzl-kit-cord-tec\/","name":"Petzl Kit Cord-Tec - Ersatz- & Umbau Alu Fersenteile | bolting.eu","isPartOf":{"@id":"https:\/\/bolting.eu\/en\/#website"},"primaryImageOfPage":{"@id":"https:\/\/bolting.eu\/en\/shop\/petzl-kit-cord-tec\/#primaryimage"},"image":{"@id":"https:\/\/bolting.eu\/en\/shop\/petzl-kit-cord-tec\/#primaryimage"},"thumbnailUrl":"https:\/\/bolting.eu\/wp-content\/uploads\/2024\/07\/Kit-Cord-Tec-1.jpg","datePublished":"2024-07-24T11:36:00+00:00","dateModified":"2024-07-24T14:58:50+00:00","description":"PETZL KIT CORD-TEC beim Kletter Hardwareprofi kaufen \u2705 Trusted Shop \u2705 kostenloser Versand* \u2705 14 Tage R\u00fcckgaberecht \u2705 Co2 neutrale Zustellung","breadcrumb":{"@id":"https:\/\/bolting.eu\/en\/shop\/petzl-kit-cord-tec\/#breadcrumb"},"inLanguage":"en-US","potentialAction":[{"@type":"ReadAction","target":["https:\/\/bolting.eu\/en\/shop\/petzl-kit-cord-tec\/"]}]},{"@type":"ImageObject","inLanguage":"en-US","@id":"https:\/\/bolting.eu\/en\/shop\/petzl-kit-cord-tec\/#primaryimage","url":"https:\/\/bolting.eu\/wp-content\/uploads\/2024\/07\/Kit-Cord-Tec-1.jpg","contentUrl":"https:\/\/bolting.eu\/wp-content\/uploads\/2024\/07\/Kit-Cord-Tec-1.jpg","width":700,"height":700,"caption":"Petzl Kit Cord-TEc mit orangem Fersenteil und wei\u00dfer Verbindungsschnur, rechts oben buntes bolting.eu Logo."},{"@type":"BreadcrumbList","@id":"https:\/\/bolting.eu\/en\/shop\/petzl-kit-cord-tec\/#breadcrumb","itemListElement":[{"@type":"ListItem","position":1,"name":"Shop","item":"https:\/\/bolting.eu\/en\/shop\/"},{"@type":"ListItem","position":2,"name":"Bergsteiger Ausr\u00fcstung","item":"https:\/\/bolting.eu\/produkt-kategorie\/bergsteiger-ausruestung\/"},{"@type":"ListItem","position":3,"name":"Steigeisen Ersatzteile - Zubeh\u00f6r","item":"https:\/\/bolting.eu\/produkt-kategorie\/bergsteiger-ausruestung\/steigeisen-ersatzteile-zubehoer\/"},{"@type":"ListItem","position":4,"name":"Petzl Kit Cord-Tec"}]},{"@type":"WebSite","@id":"https:\/\/bolting.eu\/en\/#website","url":"https:\/\/bolting.eu\/en\/","name":"bolting.eu","description":"we make climbs happen","publisher":{"@id":"https:\/\/bolting.eu\/en\/#organization"},"potentialAction":[{"@type":"SearchAction","target":{"@type":"EntryPoint","urlTemplate":"https:\/\/bolting.eu\/en\/?s={search_term_string}"},"query-input":{"@type":"PropertyValueSpecification","valueRequired":true,"valueName":"search_term_string"}}],"inLanguage":"en-US"},{"@type":["Organization","Place","SportingGoodsStore"],"@id":"https:\/\/bolting.eu\/en\/#organization","name":"bolting.eu","url":"https:\/\/bolting.eu\/en\/","logo":{"@id":"https:\/\/bolting.eu\/en\/shop\/petzl-kit-cord-tec\/#local-main-organization-logo"},"image":{"@id":"https:\/\/bolting.eu\/en\/shop\/petzl-kit-cord-tec\/#local-main-organization-logo"},"sameAs":["https:\/\/www.facebook.com\/bolting.eu","https:\/\/www.instagram.com\/bolting.eu\/"],"address":{"@id":"https:\/\/bolting.eu\/en\/shop\/petzl-kit-cord-tec\/#local-main-place-address"},"geo":{"@type":"GeoCoordinates","latitude":"47.264176340396226","longitude":"11.380109057672346"},"telephone":["+43 699 19083372"],"openingHoursSpecification":[{"@type":"OpeningHoursSpecification","dayOfWeek":["Monday","Wednesday","Friday"],"opens":"14:00","closes":"18:00"},{"@type":"OpeningHoursSpecification","dayOfWeek":["Tuesday","Thursday","Saturday","Sunday"],"opens":"00:00","closes":"00:00"}],"email":"office@bolting.eu","vatID":"ATU59999728","priceRange":"$$","currenciesAccepted":"Euro"},{"@type":"PostalAddress","@id":"https:\/\/bolting.eu\/en\/shop\/petzl-kit-cord-tec\/#local-main-place-address","streetAddress":"Fischnalerstra\u00dfe 4","addressLocality":"Innsbruck","postalCode":"6020","addressRegion":"Tirol","addressCountry":"AT"},{"@type":"ImageObject","inLanguage":"en-US","@id":"https:\/\/bolting.eu\/en\/shop\/petzl-kit-cord-tec\/#local-main-organization-logo","url":"https:\/\/bolting.eu\/wp-content\/uploads\/2019\/09\/bolting-logo.png","contentUrl":"https:\/\/bolting.eu\/wp-content\/uploads\/2019\/09\/bolting-logo.png","width":400,"height":211,"caption":"bolting.eu"}]},"product_price_amount":"78.00","product_price_currency":"EUR","og_availability":"instock","product_availability":"instock","product_retailer_item_id":"U001GA00","product_condition":"new","geo.placename":"Innsbruck","geo.position":{"lat":"47.264176340396226","long":"11.380109057672346"},"geo.region":"Austria"},"_links":{"self":[{"href":"https:\/\/bolting.eu\/en\/wp-json\/wp\/v2\/product\/20552","targetHints":{"allow":["GET"]}}],"collection":[{"href":"https:\/\/bolting.eu\/en\/wp-json\/wp\/v2\/product"}],"about":[{"href":"https:\/\/bolting.eu\/en\/wp-json\/wp\/v2\/types\/product"}],"replies":[{"embeddable":true,"href":"https:\/\/bolting.eu\/en\/wp-json\/wp\/v2\/comments?post=20552"}],"wp:featuredmedia":[{"embeddable":true,"href":"https:\/\/bolting.eu\/en\/wp-json\/wp\/v2\/media\/20553"}],"wp:attachment":[{"href":"https:\/\/bolting.eu\/en\/wp-json\/wp\/v2\/media?parent=20552"}],"wp:term":[{"taxonomy":"product_brand","embeddable":true,"href":"https:\/\/bolting.eu\/en\/wp-json\/wp\/v2\/product_brand?post=20552"},{"taxonomy":"product_cat","embeddable":true,"href":"https:\/\/bolting.eu\/en\/wp-json\/wp\/v2\/product_cat?post=20552"},{"taxonomy":"product_tag","embeddable":true,"href":"https:\/\/bolting.eu\/en\/wp-json\/wp\/v2\/product_tag?post=20552"}],"curies":[{"name":"wp","href":"https:\/\/api.w.org\/{rel}","templated":true}]}}