{"id":20416,"date":"2024-07-22T18:14:51","date_gmt":"2024-07-22T16:14:51","guid":{"rendered":"https:\/\/bolting.eu\/?post_type=product&#038;p=20416"},"modified":"2026-03-20T19:12:45","modified_gmt":"2026-03-20T18:12:45","slug":"petzl-sirocco","status":"publish","type":"product","link":"https:\/\/bolting.eu\/en\/shop\/petzl-sirocco\/","title":{"rendered":"Petzl Sirocco"},"content":{"rendered":"<p>Der Petzl Sirocco ist ein ultraleichter Kletterhelm. Denn er wiegt gerade einmal 160 Gramm. Folglich ist er f\u00fcr alle gemacht, die auf geringstes Gewicht wert legen.<\/p>\n<p>M\u00f6glich macht das die smarte Hybrid Konstruktionsweise.<\/p>\n<p>Innen die Helmschale aus EPP Schaum (expandierendes Polypropylen). Dar\u00fcber die harte Au\u00dfenschale mit eingespritztem EPS (Expandierendes Polystyrol). Dieses Layer Prinzip sch\u00fctzt den Kopf ideal vor dem (seitlichen) Aufprall an der Wand.<\/p>\n<p>Ganz au\u00dfen dann eine kleine, extrem harte Helmschale aus Polycarbonat. Sie sch\u00fctzt vor Steinschlag.<\/p>\n<p>Das Bel\u00fcftungssystem mit 8 Schlitzen sowie dier tiefer gezogene Aufprallschutz runden den Kletterhelm perfekt ab. Dieses Modell wird extrem oft mit den ultraleichten Produkten wie dem Gurt <a href=\"https:\/\/bolting.eu\/shop\/petzl-hirundos\/\">Hirundos<\/a> oder der Express <a href=\"https:\/\/bolting.eu\/shop\/petzl-ange-finesse\/\">Ange Finesse<\/a> gekauft.<\/p>\n<h2>Eigenschaften Sirocco Kletterhelm<\/h2>\n<ul>\n<li>Hersteller: <a href=\"https:\/\/bolting.eu\/produkt-kategorie\/petzl\/\">Petzl<\/a><\/li>\n<li>Gr\u00f6\u00dfen: S\/M 48 &#8211; 58cm und M\/L 53 &#8211; 61cm<\/li>\n<li>Gewicht: 160 Gramm (S\/M) bzw. 170 Gramm (M\/L)<\/li>\n<li>Hybrid Konstruktion: innere Helmschale aus EPP &#8211; \u00e4u\u00dfere Helmschale aus EPS Schaum<\/li>\n<li>harte Helmschale aus Polycarbonat<\/li>\n<li>komfortable Einstellschnalle und Riemen<\/li>\n<li>erh\u00f6hter Schutz durch &#8220;Top and Side Protection&#8221; System<\/li>\n<li>den Kopf umschlie\u00dfendes Design f\u00fcr mehr Aufprallschutz an allen Seiten<\/li>\n<li>optimale Bel\u00fcftung durch 8 Schlitze und Schaumpolster<\/li>\n<li>Normen: EN 12492<\/li>\n<li>Farben: wei\u00df-rot oder schwarz-rot<\/li>\n<li>2 Besestigungsclips f\u00fcr <a href=\"https:\/\/bolting.eu\/produkt-kategorie\/kletterausruestung\/petzl-stirnlampen\/\">Stirnlampen<\/a><\/li>\n<li><a href=\"https:\/\/www.petzl.com\/AT\/de\/Sport\/Helme\/SIROCCO#:~:text=Das%20PDF%20herunterladen%20%3A%20technical%2Dnotice%2DSIROCCO%2D3%20%2D%202.97%20MB\" target=\"_blank\" rel=\"noopener\">Bedienungsanleitung<\/a><\/li>\n<\/ul>\n<h3>Produktvideo<\/h3>\n<p>Im Folgenden stellt Petzl seinen Sirocco nochmals ausf\u00fchrlich vor.<\/p>\n<p><iframe loading=\"lazy\" title=\"SIROCCO\u00ae Ultraleichter Helm zum Klettern und Bergsteigen\" src=\"https:\/\/player.vimeo.com\/video\/872471905?dnt=1&amp;app_id=122963\" width=\"1020\" height=\"574\" frameborder=\"0\" allow=\"autoplay; fullscreen; picture-in-picture; clipboard-write; encrypted-media; web-share\" referrerpolicy=\"strict-origin-when-cross-origin\"><\/iframe><\/p>\n<h3>Zielgruppe dieses Kletterhelms<\/h3>\n<p>Dieser Helm ist ein ultraleichtes Modell. Mit nur 160 bzw. 170 Gramm, geh\u00f6rt er zu den leichtesten am Markt.<\/p>\n<p>Folglich ist er f\u00fcr zwei spezifische Zielgruppen gemacht.<\/p>\n<p>Zum einen f\u00fcr alle, die auf geringstes Gewicht Wert legen. Wie z.B. Bergf\u00fchrer, die einen Kletterhelm sehr oft und sehr lange tragen. Denn das geringere Gewicht entlastet den Nacken bei extrem langer Tragezeit ganz enorm.<\/p>\n<p>Und zum anderen f\u00fcr alle, die sehr schwere Routen klettern. Hier kann etwas weniger Gewicht den Unterschied machen. Da bietet sich ein Modell wie der Sirocco von Petzl nat\u00fcrlich perfekt an.<\/p>\n<h3>Top and Side Protection<\/h3>\n<p>Dieses Petzl System schafft einen erh\u00f6hten Schutz gegen einen Aufprall. Daf\u00fcr umschlie\u00dft das Hybrid &#8211; System den gesamten Kopfbereich. Im Nackenbereich wurde es sogar noch etwas tiefer gezogen.<\/p>\n<p>Um den Sichtbereich gro\u00df zu halten, hat der Sirocco seit 2024 ein offenes Vorderprofil. Somit ist garantiert, dass man den Rand des Helms nicht wahr nimmt.<\/p>\n<p><a href=\"https:\/\/bolting.eu\/wp-content\/uploads\/2024\/07\/Petzl-Sirocco-1.jpg\"><img loading=\"lazy\" decoding=\"async\" class=\"alignnone size-full wp-image-20418\" src=\"https:\/\/bolting.eu\/wp-content\/uploads\/2024\/07\/Petzl-Sirocco-1.jpg\" alt=\"\" width=\"1024\" height=\"735\" srcset=\"https:\/\/bolting.eu\/wp-content\/uploads\/2024\/07\/Petzl-Sirocco-1.jpg 1024w, https:\/\/bolting.eu\/wp-content\/uploads\/2024\/07\/Petzl-Sirocco-1-557x400.jpg 557w, https:\/\/bolting.eu\/wp-content\/uploads\/2024\/07\/Petzl-Sirocco-1-768x551.jpg 768w, https:\/\/bolting.eu\/wp-content\/uploads\/2024\/07\/Petzl-Sirocco-1-510x366.jpg 510w, https:\/\/bolting.eu\/wp-content\/uploads\/2024\/07\/Petzl-Sirocco-1-100x72.jpg 100w\" sizes=\"auto, (max-width: 1024px) 100vw, 1024px\" \/><\/a><\/p>\n<h3>Achtung beim Packen<\/h3>\n<p>Diesen Kletterhelm sollte man immer au\u00dfen am Kletterrucksack anbringen. Damit kann er nicht im Inneren gequetscht werden. Denn dies h\u00e4lt er ganz schlecht aus.<\/p>\n<p>Hybrid Helme wie der Petzl Sirocco sind extrem empfindlich auf Druck- und Scherkr\u00e4fte.<\/p>\n<p>Folglich darf man sich auch nie zum Rasten auf den Helm setzen. Er w\u00fcrde wahrscheinlich irgendwo brechen.<\/p>\n<figure id=\"attachment_20424\" aria-describedby=\"caption-attachment-20424\" style=\"width: 660px\" class=\"wp-caption alignnone\"><a href=\"https:\/\/bolting.eu\/wp-content\/uploads\/2024\/07\/Petzl-Sirocco-7.jpg\"><img loading=\"lazy\" decoding=\"async\" class=\"wp-image-20424 size-full\" src=\"https:\/\/bolting.eu\/wp-content\/uploads\/2024\/07\/Petzl-Sirocco-7.jpg\" alt=\"Grafik zur Erkl\u00e4rung der Bruch Gefahr des Petzl Hybrid Kletterhelms Sirocco in einem Rucksack.\" width=\"660\" height=\"420\" srcset=\"https:\/\/bolting.eu\/wp-content\/uploads\/2024\/07\/Petzl-Sirocco-7.jpg 660w, https:\/\/bolting.eu\/wp-content\/uploads\/2024\/07\/Petzl-Sirocco-7-629x400.jpg 629w, https:\/\/bolting.eu\/wp-content\/uploads\/2024\/07\/Petzl-Sirocco-7-510x325.jpg 510w, https:\/\/bolting.eu\/wp-content\/uploads\/2024\/07\/Petzl-Sirocco-7-100x64.jpg 100w\" sizes=\"auto, (max-width: 660px) 100vw, 660px\" \/><\/a><figcaption id=\"caption-attachment-20424\" class=\"wp-caption-text\">Achtung! Niemals in den Rucksack packen, hier besteht akute Bruch Gefahr!<\/figcaption><\/figure>\n<p>&nbsp;<\/p>\n","protected":false},"excerpt":{"rendered":"<p>Ultraleichter Kletterhelm mit Hybrid Konstruktion. EPP Inneh\u00fclle, EPS Au\u00dfenh\u00fclle und Helmschale aus Polycarbonat.<\/p>\n<p>Ideal f\u00fcr alle die leichteste Ausr\u00fcstung sch\u00e4tzen.<\/p>\n<p>Versandkostenfrei bis 2kg in\u00a0<img decoding=\"async\" class=\"emoji\" role=\"img\" draggable=\"false\" src=\"https:\/\/s.w.org\/images\/core\/emoji\/14.0.0\/svg\/1f1e6-1f1f9.svg\" alt=\"\ud83c\udde6\ud83c\uddf9\" \/>\u00a0ab \u20ac 100,- und\u00a0<img decoding=\"async\" class=\"emoji\" role=\"img\" draggable=\"false\" src=\"https:\/\/s.w.org\/images\/core\/emoji\/14.0.0\/svg\/1f1e9-1f1ea.svg\" alt=\"\ud83c\udde9\ud83c\uddea\" \/>\u00a0ab \u20ac 200,-!<\/p>\n","protected":false},"featured_media":20420,"comment_status":"closed","ping_status":"closed","template":"","meta":[],"product_brand":[],"product_cat":[29,6755,14093],"product_tag":[],"class_list":{"0":"post-20416","1":"product","2":"type-product","3":"status-publish","4":"has-post-thumbnail","6":"product_cat-kletterausruestung","7":"product_cat-kletterhelme","8":"product_cat-petzl","10":"first","11":"instock","12":"sale","13":"taxable","14":"shipping-taxable","15":"purchasable","16":"product-type-variable"},"yoast_head":"<!-- This site is optimized with the Yoast SEO Premium plugin v26.9 (Yoast SEO v26.9) - https:\/\/yoast.com\/product\/yoast-seo-premium-wordpress\/ -->\n<title>Petzl Sirocco | bolting.eu<\/title>\n<meta name=\"description\" content=\"Petzl Sirocco Kletterhelm beim Kletterprofi kaufen \u2705 Trusted Shop \u2705 versandkostenfrei* \u2705 Co2 neutraler Versand \u2705 14 Tage R\u00fcckgaberecht\" \/>\n<meta name=\"robots\" content=\"index, follow, max-snippet:-1, max-image-preview:large, max-video-preview:-1\" \/>\n<link rel=\"canonical\" href=\"https:\/\/bolting.eu\/en\/shop\/petzl-sirocco\/\" \/>\n<meta property=\"og:locale\" content=\"en_US\" \/>\n<meta property=\"og:type\" content=\"article\" \/>\n<meta property=\"og:title\" content=\"Petzl Sirocco\" \/>\n<meta property=\"og:description\" content=\"Petzl Sirocco Kletterhelm beim Kletterprofi kaufen \u2705 Trusted Shop \u2705 versandkostenfrei* \u2705 Co2 neutraler Versand \u2705 14 Tage R\u00fcckgaberecht\" \/>\n<meta property=\"og:url\" content=\"https:\/\/bolting.eu\/en\/shop\/petzl-sirocco\/\" \/>\n<meta property=\"og:site_name\" content=\"bolting.eu\" \/>\n<meta property=\"article:publisher\" content=\"https:\/\/www.facebook.com\/bolting.eu\" \/>\n<meta property=\"article:modified_time\" content=\"2026-03-20T18:12:45+00:00\" \/>\n<meta property=\"og:image\" content=\"https:\/\/bolting.eu\/wp-content\/uploads\/2024\/07\/Petzl-Sirocco-3.jpg\" \/>\n\t<meta property=\"og:image:width\" content=\"700\" \/>\n\t<meta property=\"og:image:height\" content=\"700\" \/>\n\t<meta property=\"og:image:type\" content=\"image\/jpeg\" \/>\n<meta name=\"twitter:card\" content=\"summary_large_image\" \/>\n<meta name=\"twitter:label1\" content=\"Availability\" \/>\n\t<meta name=\"twitter:data1\" content=\"In stock\" \/>\n<script type=\"application\/ld+json\" class=\"yoast-schema-graph\">{\"@context\":\"https:\/\/schema.org\",\"@graph\":[{\"@type\":[\"WebPage\",\"ItemPage\"],\"@id\":\"https:\/\/bolting.eu\/en\/shop\/petzl-sirocco\/\",\"url\":\"https:\/\/bolting.eu\/en\/shop\/petzl-sirocco\/\",\"name\":\"Petzl Sirocco | bolting.eu\",\"isPartOf\":{\"@id\":\"https:\/\/bolting.eu\/en\/#website\"},\"primaryImageOfPage\":{\"@id\":\"https:\/\/bolting.eu\/en\/shop\/petzl-sirocco\/#primaryimage\"},\"image\":{\"@id\":\"https:\/\/bolting.eu\/en\/shop\/petzl-sirocco\/#primaryimage\"},\"thumbnailUrl\":\"https:\/\/bolting.eu\/wp-content\/uploads\/2024\/07\/Petzl-Sirocco-3.jpg\",\"datePublished\":\"2024-07-22T16:14:51+00:00\",\"dateModified\":\"2026-03-20T18:12:45+00:00\",\"description\":\"Petzl Sirocco Kletterhelm beim Kletterprofi kaufen \u2705 Trusted Shop \u2705 versandkostenfrei* \u2705 Co2 neutraler Versand \u2705 14 Tage R\u00fcckgaberecht\",\"breadcrumb\":{\"@id\":\"https:\/\/bolting.eu\/en\/shop\/petzl-sirocco\/#breadcrumb\"},\"inLanguage\":\"en-US\",\"potentialAction\":[{\"@type\":\"ReadAction\",\"target\":[\"https:\/\/bolting.eu\/en\/shop\/petzl-sirocco\/\"]}]},{\"@type\":\"ImageObject\",\"inLanguage\":\"en-US\",\"@id\":\"https:\/\/bolting.eu\/en\/shop\/petzl-sirocco\/#primaryimage\",\"url\":\"https:\/\/bolting.eu\/wp-content\/uploads\/2024\/07\/Petzl-Sirocco-3.jpg\",\"contentUrl\":\"https:\/\/bolting.eu\/wp-content\/uploads\/2024\/07\/Petzl-Sirocco-3.jpg\",\"width\":700,\"height\":700,\"caption\":\"Weiss roter Petzl Sirocco Kletterhelm schr\u00e4g von der Seite mit kinnriemen.\"},{\"@type\":\"BreadcrumbList\",\"@id\":\"https:\/\/bolting.eu\/en\/shop\/petzl-sirocco\/#breadcrumb\",\"itemListElement\":[{\"@type\":\"ListItem\",\"position\":1,\"name\":\"Shop\",\"item\":\"https:\/\/bolting.eu\/en\/shop\/\"},{\"@type\":\"ListItem\",\"position\":2,\"name\":\"climbing equipment\",\"item\":\"https:\/\/bolting.eu\/en\/produkt-kategorie\/climbing-equipment\/\"},{\"@type\":\"ListItem\",\"position\":3,\"name\":\"Kletterhelme\",\"item\":\"https:\/\/bolting.eu\/produkt-kategorie\/kletterausruestung\/kletterhelme\/\"},{\"@type\":\"ListItem\",\"position\":4,\"name\":\"Petzl Sirocco\"}]},{\"@type\":\"WebSite\",\"@id\":\"https:\/\/bolting.eu\/en\/#website\",\"url\":\"https:\/\/bolting.eu\/en\/\",\"name\":\"bolting.eu\",\"description\":\"we make climbs happen\",\"publisher\":{\"@id\":\"https:\/\/bolting.eu\/en\/#organization\"},\"potentialAction\":[{\"@type\":\"SearchAction\",\"target\":{\"@type\":\"EntryPoint\",\"urlTemplate\":\"https:\/\/bolting.eu\/en\/?s={search_term_string}\"},\"query-input\":{\"@type\":\"PropertyValueSpecification\",\"valueRequired\":true,\"valueName\":\"search_term_string\"}}],\"inLanguage\":\"en-US\"},{\"@type\":[\"Organization\",\"Place\",\"SportingGoodsStore\"],\"@id\":\"https:\/\/bolting.eu\/en\/#organization\",\"name\":\"bolting.eu\",\"url\":\"https:\/\/bolting.eu\/en\/\",\"logo\":{\"@id\":\"https:\/\/bolting.eu\/en\/shop\/petzl-sirocco\/#local-main-organization-logo\"},\"image\":{\"@id\":\"https:\/\/bolting.eu\/en\/shop\/petzl-sirocco\/#local-main-organization-logo\"},\"sameAs\":[\"https:\/\/www.facebook.com\/bolting.eu\",\"https:\/\/www.instagram.com\/bolting.eu\/\"],\"address\":{\"@id\":\"https:\/\/bolting.eu\/en\/shop\/petzl-sirocco\/#local-main-place-address\"},\"geo\":{\"@type\":\"GeoCoordinates\",\"latitude\":\"47.264176340396226\",\"longitude\":\"11.380109057672346\"},\"telephone\":[\"+43 699 19083372\"],\"openingHoursSpecification\":[{\"@type\":\"OpeningHoursSpecification\",\"dayOfWeek\":[\"Monday\",\"Wednesday\",\"Friday\"],\"opens\":\"14:00\",\"closes\":\"18:00\"},{\"@type\":\"OpeningHoursSpecification\",\"dayOfWeek\":[\"Tuesday\",\"Thursday\",\"Saturday\",\"Sunday\"],\"opens\":\"00:00\",\"closes\":\"00:00\"}],\"email\":\"office@bolting.eu\",\"vatID\":\"ATU59999728\",\"priceRange\":\"$$\",\"currenciesAccepted\":\"Euro\"},{\"@type\":\"PostalAddress\",\"@id\":\"https:\/\/bolting.eu\/en\/shop\/petzl-sirocco\/#local-main-place-address\",\"streetAddress\":\"Fischnalerstra\u00dfe 4\",\"addressLocality\":\"Innsbruck\",\"postalCode\":\"6020\",\"addressRegion\":\"Tirol\",\"addressCountry\":\"AT\"},{\"@type\":\"ImageObject\",\"inLanguage\":\"en-US\",\"@id\":\"https:\/\/bolting.eu\/en\/shop\/petzl-sirocco\/#local-main-organization-logo\",\"url\":\"https:\/\/bolting.eu\/wp-content\/uploads\/2019\/09\/bolting-logo.png\",\"contentUrl\":\"https:\/\/bolting.eu\/wp-content\/uploads\/2019\/09\/bolting-logo.png\",\"width\":400,\"height\":211,\"caption\":\"bolting.eu\"}]}<\/script>\n<meta property=\"og:video\" content=\"https:\/\/player.vimeo.com\/video\/872471905\" \/>\n<meta property=\"og:video:type\" content=\"text\/html\" \/>\n<meta property=\"og:video:duration\" content=\"102\" \/>\n<meta property=\"og:video:width\" content=\"3840\" \/>\n<meta property=\"og:video:height\" content=\"2160\" \/>\n<meta property=\"ya:ovs:adult\" content=\"false\" \/>\n<meta property=\"ya:ovs:upload_date\" content=\"2024-07-22T16:14:51+00:00\" \/>\n<meta property=\"ya:ovs:allow_embed\" content=\"true\" \/>\n<meta property=\"og:availability\" content=\"instock\" \/>\n<meta property=\"product:availability\" content=\"instock\" \/>\n<meta property=\"product:condition\" content=\"new\" \/>\n<meta name=\"geo.placename\" content=\"Innsbruck\" \/>\n<meta name=\"geo.position\" content=\"47.264176340396226;11.380109057672346\" \/>\n<meta name=\"geo.region\" content=\"Austria\" \/>\n<!-- \/ Yoast SEO Premium plugin. -->","yoast_head_json":{"title":"Petzl Sirocco | bolting.eu","description":"Petzl Sirocco Kletterhelm beim Kletterprofi kaufen \u2705 Trusted Shop \u2705 versandkostenfrei* \u2705 Co2 neutraler Versand \u2705 14 Tage R\u00fcckgaberecht","robots":{"index":"index","follow":"follow","max-snippet":"max-snippet:-1","max-image-preview":"max-image-preview:large","max-video-preview":"max-video-preview:-1"},"canonical":"https:\/\/bolting.eu\/en\/shop\/petzl-sirocco\/","og_locale":"en_US","og_type":"article","og_title":"Petzl Sirocco","og_description":"Petzl Sirocco Kletterhelm beim Kletterprofi kaufen \u2705 Trusted Shop \u2705 versandkostenfrei* \u2705 Co2 neutraler Versand \u2705 14 Tage R\u00fcckgaberecht","og_url":"https:\/\/bolting.eu\/en\/shop\/petzl-sirocco\/","og_site_name":"bolting.eu","article_publisher":"https:\/\/www.facebook.com\/bolting.eu","article_modified_time":"2026-03-20T18:12:45+00:00","og_image":[{"width":700,"height":700,"url":"https:\/\/bolting.eu\/wp-content\/uploads\/2024\/07\/Petzl-Sirocco-3.jpg","type":"image\/jpeg"}],"twitter_card":"summary_large_image","twitter_misc":{"Availability":"In stock"},"schema":{"@context":"https:\/\/schema.org","@graph":[{"@type":["WebPage","ItemPage"],"@id":"https:\/\/bolting.eu\/en\/shop\/petzl-sirocco\/","url":"https:\/\/bolting.eu\/en\/shop\/petzl-sirocco\/","name":"Petzl Sirocco | bolting.eu","isPartOf":{"@id":"https:\/\/bolting.eu\/en\/#website"},"primaryImageOfPage":{"@id":"https:\/\/bolting.eu\/en\/shop\/petzl-sirocco\/#primaryimage"},"image":{"@id":"https:\/\/bolting.eu\/en\/shop\/petzl-sirocco\/#primaryimage"},"thumbnailUrl":"https:\/\/bolting.eu\/wp-content\/uploads\/2024\/07\/Petzl-Sirocco-3.jpg","datePublished":"2024-07-22T16:14:51+00:00","dateModified":"2026-03-20T18:12:45+00:00","description":"Petzl Sirocco Kletterhelm beim Kletterprofi kaufen \u2705 Trusted Shop \u2705 versandkostenfrei* \u2705 Co2 neutraler Versand \u2705 14 Tage R\u00fcckgaberecht","breadcrumb":{"@id":"https:\/\/bolting.eu\/en\/shop\/petzl-sirocco\/#breadcrumb"},"inLanguage":"en-US","potentialAction":[{"@type":"ReadAction","target":["https:\/\/bolting.eu\/en\/shop\/petzl-sirocco\/"]}]},{"@type":"ImageObject","inLanguage":"en-US","@id":"https:\/\/bolting.eu\/en\/shop\/petzl-sirocco\/#primaryimage","url":"https:\/\/bolting.eu\/wp-content\/uploads\/2024\/07\/Petzl-Sirocco-3.jpg","contentUrl":"https:\/\/bolting.eu\/wp-content\/uploads\/2024\/07\/Petzl-Sirocco-3.jpg","width":700,"height":700,"caption":"Weiss roter Petzl Sirocco Kletterhelm schr\u00e4g von der Seite mit kinnriemen."},{"@type":"BreadcrumbList","@id":"https:\/\/bolting.eu\/en\/shop\/petzl-sirocco\/#breadcrumb","itemListElement":[{"@type":"ListItem","position":1,"name":"Shop","item":"https:\/\/bolting.eu\/en\/shop\/"},{"@type":"ListItem","position":2,"name":"climbing equipment","item":"https:\/\/bolting.eu\/en\/produkt-kategorie\/climbing-equipment\/"},{"@type":"ListItem","position":3,"name":"Kletterhelme","item":"https:\/\/bolting.eu\/produkt-kategorie\/kletterausruestung\/kletterhelme\/"},{"@type":"ListItem","position":4,"name":"Petzl Sirocco"}]},{"@type":"WebSite","@id":"https:\/\/bolting.eu\/en\/#website","url":"https:\/\/bolting.eu\/en\/","name":"bolting.eu","description":"we make climbs happen","publisher":{"@id":"https:\/\/bolting.eu\/en\/#organization"},"potentialAction":[{"@type":"SearchAction","target":{"@type":"EntryPoint","urlTemplate":"https:\/\/bolting.eu\/en\/?s={search_term_string}"},"query-input":{"@type":"PropertyValueSpecification","valueRequired":true,"valueName":"search_term_string"}}],"inLanguage":"en-US"},{"@type":["Organization","Place","SportingGoodsStore"],"@id":"https:\/\/bolting.eu\/en\/#organization","name":"bolting.eu","url":"https:\/\/bolting.eu\/en\/","logo":{"@id":"https:\/\/bolting.eu\/en\/shop\/petzl-sirocco\/#local-main-organization-logo"},"image":{"@id":"https:\/\/bolting.eu\/en\/shop\/petzl-sirocco\/#local-main-organization-logo"},"sameAs":["https:\/\/www.facebook.com\/bolting.eu","https:\/\/www.instagram.com\/bolting.eu\/"],"address":{"@id":"https:\/\/bolting.eu\/en\/shop\/petzl-sirocco\/#local-main-place-address"},"geo":{"@type":"GeoCoordinates","latitude":"47.264176340396226","longitude":"11.380109057672346"},"telephone":["+43 699 19083372"],"openingHoursSpecification":[{"@type":"OpeningHoursSpecification","dayOfWeek":["Monday","Wednesday","Friday"],"opens":"14:00","closes":"18:00"},{"@type":"OpeningHoursSpecification","dayOfWeek":["Tuesday","Thursday","Saturday","Sunday"],"opens":"00:00","closes":"00:00"}],"email":"office@bolting.eu","vatID":"ATU59999728","priceRange":"$$","currenciesAccepted":"Euro"},{"@type":"PostalAddress","@id":"https:\/\/bolting.eu\/en\/shop\/petzl-sirocco\/#local-main-place-address","streetAddress":"Fischnalerstra\u00dfe 4","addressLocality":"Innsbruck","postalCode":"6020","addressRegion":"Tirol","addressCountry":"AT"},{"@type":"ImageObject","inLanguage":"en-US","@id":"https:\/\/bolting.eu\/en\/shop\/petzl-sirocco\/#local-main-organization-logo","url":"https:\/\/bolting.eu\/wp-content\/uploads\/2019\/09\/bolting-logo.png","contentUrl":"https:\/\/bolting.eu\/wp-content\/uploads\/2019\/09\/bolting-logo.png","width":400,"height":211,"caption":"bolting.eu"}]},"og_video":"https:\/\/player.vimeo.com\/video\/872471905","og_video_type":"text\/html","og_video_duration":"102","og_video_width":"3840","og_video_height":"2160","ya_ovs_adult":"false","ya_ovs_upload_date":"2024-07-22T16:14:51+00:00","ya_ovs_allow_embed":"true","og_availability":"instock","product_availability":"instock","product_condition":"new","geo.placename":"Innsbruck","geo.position":{"lat":"47.264176340396226","long":"11.380109057672346"},"geo.region":"Austria"},"_links":{"self":[{"href":"https:\/\/bolting.eu\/en\/wp-json\/wp\/v2\/product\/20416","targetHints":{"allow":["GET"]}}],"collection":[{"href":"https:\/\/bolting.eu\/en\/wp-json\/wp\/v2\/product"}],"about":[{"href":"https:\/\/bolting.eu\/en\/wp-json\/wp\/v2\/types\/product"}],"replies":[{"embeddable":true,"href":"https:\/\/bolting.eu\/en\/wp-json\/wp\/v2\/comments?post=20416"}],"wp:featuredmedia":[{"embeddable":true,"href":"https:\/\/bolting.eu\/en\/wp-json\/wp\/v2\/media\/20420"}],"wp:attachment":[{"href":"https:\/\/bolting.eu\/en\/wp-json\/wp\/v2\/media?parent=20416"}],"wp:term":[{"taxonomy":"product_brand","embeddable":true,"href":"https:\/\/bolting.eu\/en\/wp-json\/wp\/v2\/product_brand?post=20416"},{"taxonomy":"product_cat","embeddable":true,"href":"https:\/\/bolting.eu\/en\/wp-json\/wp\/v2\/product_cat?post=20416"},{"taxonomy":"product_tag","embeddable":true,"href":"https:\/\/bolting.eu\/en\/wp-json\/wp\/v2\/product_tag?post=20416"}],"curies":[{"name":"wp","href":"https:\/\/api.w.org\/{rel}","templated":true}]}}