{"id":20406,"date":"2024-07-22T14:57:19","date_gmt":"2024-07-22T12:57:19","guid":{"rendered":"https:\/\/bolting.eu\/?post_type=product&#038;p=20406"},"modified":"2026-02-11T15:05:15","modified_gmt":"2026-02-11T14:05:15","slug":"petzl-vasak-12-zack-steigeisen","status":"publish","type":"product","link":"https:\/\/bolting.eu\/en\/shop\/petzl-vasak-12-zack-steigeisen\/","title":{"rendered":"Petzl Vasak 12-Zack Steigeisen"},"content":{"rendered":"<p>Das Petzl Vasak ist ein klassisches 12-Zack Steigeisen. D.h. es ist ein robustes Modell aus Stahl.<\/p>\n<p>Somit hat es zum einen richtig &#8220;Biss&#8221; in unterschiedlichen Terrains. Und zum anderen eine sehr lange Lebensdauer.<\/p>\n<p>Dieses Modell ist sowohl bei klassischen Hochtouren als auch im steileren Gel\u00e4nde daheim. Wie z.B. in Eisrinnen oder leichtem Eiskletter Gel\u00e4nde.<\/p>\n<p>Die vorinstallierte Antisnow Antistollplatte runden dieses Produkt wunderbar ab.<\/p>\n<p>Erh\u00e4ltlich ist es in zwei Varianten. Erstens als Kombi &#8220;Leverlock &#8211; Universel&#8221;. Oder besser gesagt &#8220;Kipphebel&#8221; und &#8220;Semi &#8211; automatic&#8221; Bindung. Und zweitens als Flexlock (klassische Bindesteigeisen).<\/p>\n<p>Besonders praktisch. Geeignet f\u00fcr Schuhgr\u00f6\u00dfen EU 36 &#8211; 50. Wird sehr gerne gekauft mit dem <a href=\"https:\/\/bolting.eu\/shop\/petzl-summit-evo-eispickel\/\">Petzl Summit Evo<\/a> Eispickel!<\/p>\n<h2>Eigenschaften Petzl Vasak 12 Zack Steigeisen<\/h2>\n<ul>\n<li>Hersteller:\u00a0<a href=\"https:\/\/bolting.eu\/produkt-kategorie\/petzl\/\">Petzl<\/a><\/li>\n<li>Material: Stahl, Kunststoff, Polyamid<\/li>\n<li>Gewicht: 845 Gramm (mit <a href=\"https:\/\/bolting.eu\/shop\/petzl-fil-steigeisen-zehenbuegel\/\">Fil<\/a> Zehenb\u00fcgel) bzw. 875 Gramm (mit <a href=\"https:\/\/bolting.eu\/shop\/petzl-fil-flex-vorderes-steigeisen-koerbchen\/\">Fil Flex<\/a>) sowie 895 Gramm (Flexlock K\u00f6rbchen a.k.a. Riemenbindung)<\/li>\n<li>l\u00e4ngenverstellbarer Verbindungssteg<\/li>\n<li>Schuhgr\u00f6\u00dfe: EU 36 \u2013 50<\/li>\n<li>f\u00fcr klassisches Bergsteigen<\/li>\n<li>perfekte Anordnung der 12 Zacken f\u00fcr stabilen Halt<\/li>\n<li>2 gro\u00dfe Frontzacken sorgen f\u00fcr hohe Tragf\u00e4higkeit auf Schnee<\/li>\n<li>inklusive vormontierter Antistollenplatte<\/li>\n<li>erh\u00e4ltlich f\u00fcr alle Schuhtypen<\/li>\n<li>empfohlener Transportbeutel <a href=\"https:\/\/bolting.eu\/shop\/petzl-steigeisentasche-fakir\/\">&#8220;Fakir&#8221;<\/a><\/li>\n<li>\u201eAlpen Adapt\u201c System f\u00fcr Modularit\u00e4t mit allen Petzl <a href=\"https:\/\/bolting.eu\/produkt-kategorie\/bergsteiger-ausruestung\/steigeisen-ersatzteile-zubehoer\/\">Steigeisen Ersatzteilen<\/a><\/li>\n<li><a href=\"https:\/\/www.petzl.com\/sfc\/servlet.shepherd\/version\/download\/068Tx000001cV0nIAE\" target=\"_blank\" rel=\"noopener\">Bedienungsanleitung<\/a><\/li>\n<\/ul>\n<h3>Geeignet f\u00fcr alle Schuhtypen<\/h3>\n<p>Das Vasak von Petzl gibt es f\u00fcr alle Schuhtypen. Hierzu wird das 12 Zack Steigeisen in zwei Varianten verkauft.<\/p>\n<p>Erstens mit einem Kipphebel an der Ferse. Bei dieser Variante sind im Lieferumfang dann zwei Zehenb\u00fcgel inkludiert. Der Fil Zehenb\u00fchen (f\u00fcr vorderen Sohlenrand) ist vorinstalliert. Im Karton ist dann noch der Fil-Flex enthalten. Er muss f\u00fcr Schuhe ohne vorderen Sohlenrand umgesteckt werden.<\/p>\n<p>Zweitens gibt es das Steigeisen dann auch noch mit klassischer &#8220;Flexlock&#8221; Bindung. D.h. &#8220;Riemenbindung&#8221;.<\/p>\n<p>Beachtet die richtige Auswahl bei den Produktvarianten!<\/p>\n<h2>Einstellen des Petzl Vasak<\/h2>\n<p>Dieses Steigeisen k\u00f6nnt ihr dank des \u201eAlpenAdapt\u201c voll verstellen. Zudem k\u00f6nnt ihr es an den Schuhtyp anpassen.<\/p>\n<p>Im Folgenden zeigen wir euch, wie ihr die jeweiligen teile genau einstellen, austauschen bzw. abmontieren k\u00f6nnt.<\/p>\n<h3>Frontb\u00fcgel einstellen<\/h3>\n<p>Das Wichtigste ist. Eure Schuhe d\u00fcrfen vorne nicht zu weit heraus stehen. Schaut euch hierzu die Grafik an. Sie ist selbsterkl\u00e4rend.<\/p>\n<p>Eingestellt wird das durch das Einf\u00e4deln des Frontb\u00fcgels im passenden Loch.<\/p>\n<p>Ihr k\u00f6nnt euch bei uns die passenden B\u00fcgel f\u00fcr eure Schuhe im Bereich \u201e<a href=\"https:\/\/bolting.eu\/produkt-kategorie\/bergsteiger-ausruestung\/steigeisen-ersatzteile-zubehoer\/\">Steigeisen Ersatzteile<\/a>\u201c kaufen.<\/p>\n<p><a href=\"https:\/\/bolting.eu\/wp-content\/uploads\/2024\/07\/Einstellen-vordere-Bindung-Petzl-Vasak.jpg\"><img loading=\"lazy\" decoding=\"async\" class=\"alignnone wp-image-20902 size-large\" src=\"https:\/\/bolting.eu\/wp-content\/uploads\/2024\/07\/Einstellen-vordere-Bindung-Petzl-Vasak-457x800.jpg\" alt=\"Grafik zum Einstellen der vorderen Bindung beim Petzl Vasak Steigeisen.\" width=\"457\" height=\"800\" srcset=\"https:\/\/bolting.eu\/wp-content\/uploads\/2024\/07\/Einstellen-vordere-Bindung-Petzl-Vasak-457x800.jpg 457w, https:\/\/bolting.eu\/wp-content\/uploads\/2024\/07\/Einstellen-vordere-Bindung-Petzl-Vasak-229x400.jpg 229w, https:\/\/bolting.eu\/wp-content\/uploads\/2024\/07\/Einstellen-vordere-Bindung-Petzl-Vasak-510x893.jpg 510w, https:\/\/bolting.eu\/wp-content\/uploads\/2024\/07\/Einstellen-vordere-Bindung-Petzl-Vasak-100x175.jpg 100w, https:\/\/bolting.eu\/wp-content\/uploads\/2024\/07\/Einstellen-vordere-Bindung-Petzl-Vasak.jpg 585w\" sizes=\"auto, (max-width: 457px) 100vw, 457px\" \/><\/a><\/p>\n<h3>L\u00e4nge einstellen<\/h3>\n<p>Die passende L\u00e4nge f\u00fcr euer Vasak Steigeisen stellt ihr mit dem Steg ein.<\/p>\n<p>Zum einen kann man den Steg bei sehr kleinen Schuhen im Frontteil weiter vorne fixieren. Zum andern kann man mit dem Verstellmechanismus die passende L\u00e4nge selber ganz leicht einstellen.<\/p>\n<p><a href=\"https:\/\/bolting.eu\/wp-content\/uploads\/2024\/07\/Einstellen-Laenge-Petzl-Vasak-Steigeisen.jpg\"><img loading=\"lazy\" decoding=\"async\" class=\"alignnone wp-image-20904 size-large\" src=\"https:\/\/bolting.eu\/wp-content\/uploads\/2024\/07\/Einstellen-Laenge-Petzl-Vasak-Steigeisen-392x800.jpg\" alt=\"Grafik zum Einstellen der L\u00e4nge des Petzl Vasak Steigeisen.\" width=\"392\" height=\"800\" srcset=\"https:\/\/bolting.eu\/wp-content\/uploads\/2024\/07\/Einstellen-Laenge-Petzl-Vasak-Steigeisen-392x800.jpg 392w, https:\/\/bolting.eu\/wp-content\/uploads\/2024\/07\/Einstellen-Laenge-Petzl-Vasak-Steigeisen-196x400.jpg 196w, https:\/\/bolting.eu\/wp-content\/uploads\/2024\/07\/Einstellen-Laenge-Petzl-Vasak-Steigeisen-100x204.jpg 100w, https:\/\/bolting.eu\/wp-content\/uploads\/2024\/07\/Einstellen-Laenge-Petzl-Vasak-Steigeisen.jpg 502w\" sizes=\"auto, (max-width: 392px) 100vw, 392px\" \/><\/a><\/p>\n<h3>H\u00f6he Kipphebel einstellen<\/h3>\n<p>Die H\u00f6he f\u00fcr den Kipphebel stellt man durch das Einf\u00e4deln in den hinteren L\u00f6chern ein. Je weiter hinten, desto h\u00f6her oben kann der Kipphebel liegen.<\/p>\n<p>Wer eine Backflex Bindung hat, muss sie immer in das hinterste Loch einf\u00e4deln.<\/p>\n<p><a href=\"https:\/\/bolting.eu\/wp-content\/uploads\/2024\/07\/Einstellen-hintere-Bindung-Petzl-Vasak.jpg\"><img loading=\"lazy\" decoding=\"async\" class=\"alignnone wp-image-20903 size-large\" src=\"https:\/\/bolting.eu\/wp-content\/uploads\/2024\/07\/Einstellen-hintere-Bindung-Petzl-Vasak-434x800.jpg\" alt=\"Grafik zum Einstellen der hinteren Bindung beim Petzl Vasak Steigeisen.\" width=\"434\" height=\"800\" srcset=\"https:\/\/bolting.eu\/wp-content\/uploads\/2024\/07\/Einstellen-hintere-Bindung-Petzl-Vasak-434x800.jpg 434w, https:\/\/bolting.eu\/wp-content\/uploads\/2024\/07\/Einstellen-hintere-Bindung-Petzl-Vasak-217x400.jpg 217w, https:\/\/bolting.eu\/wp-content\/uploads\/2024\/07\/Einstellen-hintere-Bindung-Petzl-Vasak-510x941.jpg 510w, https:\/\/bolting.eu\/wp-content\/uploads\/2024\/07\/Einstellen-hintere-Bindung-Petzl-Vasak-100x185.jpg 100w, https:\/\/bolting.eu\/wp-content\/uploads\/2024\/07\/Einstellen-hintere-Bindung-Petzl-Vasak.jpg 555w\" sizes=\"auto, (max-width: 434px) 100vw, 434px\" \/><\/a><\/p>\n<h3>12 Zack Steigeisen richtig pflegen<\/h3>\n<p>Euer Vasak besteht aus Stahl. D.h. es gibt einige Dinge, welche ihr f\u00fcr eine lange Lebensdauer beachten solltet.<\/p>\n<p>Erstens solltet ihr sie nach einer Tour niemals nass einlagern. Um Rost zu vermeiden, immer sch\u00f6n trocknen. Dann im Transportbeutel an trockenem Ort lagern.<\/p>\n<p>Zweitens sollte man sie regelm\u00e4\u00dfig mit lauwarmen Wasser s\u00e4ubern. Dann die beweglichen Teile mit einem Pflege\u00f6l f\u00fcr Friends einschmieren.<\/p>\n<h3>Petzl Vasak im Klettershop Innsbruck kaufen!<\/h3>\n<p>Gerne k\u00f6nnt ihr dieses 12-Zack Modell direkt in unserem Shop in Innsbruck kaufen.<\/p>\n<p>Wenn ihr euch wegen dem Bindungssystem unsicher seid, bringt bitte einfach eure Schuhe mit. Wir helfen gerne weiter.<\/p>\n<p><a href=\"https:\/\/bolting.eu\/wp-content\/uploads\/2024\/07\/Shop-bolting.eu-Innenaufnahme-1-SR.jpg\"><img loading=\"lazy\" decoding=\"async\" class=\"alignnone size-full wp-image-20184\" src=\"https:\/\/bolting.eu\/wp-content\/uploads\/2024\/07\/Shop-bolting.eu-Innenaufnahme-1-SR.jpg\" alt=\"Innenaufnahme des bolting.eu Klettershop Innsbruck mit Inhgaber Gerhard Schaar.\" width=\"1024\" height=\"462\" srcset=\"https:\/\/bolting.eu\/wp-content\/uploads\/2024\/07\/Shop-bolting.eu-Innenaufnahme-1-SR.jpg 1024w, https:\/\/bolting.eu\/wp-content\/uploads\/2024\/07\/Shop-bolting.eu-Innenaufnahme-1-SR-800x361.jpg 800w, https:\/\/bolting.eu\/wp-content\/uploads\/2024\/07\/Shop-bolting.eu-Innenaufnahme-1-SR-768x347.jpg 768w, https:\/\/bolting.eu\/wp-content\/uploads\/2024\/07\/Shop-bolting.eu-Innenaufnahme-1-SR-510x230.jpg 510w, https:\/\/bolting.eu\/wp-content\/uploads\/2024\/07\/Shop-bolting.eu-Innenaufnahme-1-SR-100x45.jpg 100w\" sizes=\"auto, (max-width: 1024px) 100vw, 1024px\" \/><\/a><\/p>\n","protected":false},"excerpt":{"rendered":"<p>Robustes, klassisches 12 Zack Steigeisen.<\/p>\n<p>Erh\u00e4ltlich in zwei Varianten. &#8220;Leverlock Universel&#8221; (f\u00fcr Schuhe mit zwei oder einem Sohlenrand) oder Flexlock (Schuhe ohne Sohlenrand).<\/p>\n<p>Versandkostenfrei bis 2kg in\u00a0<img decoding=\"async\" class=\"emoji\" role=\"img\" draggable=\"false\" src=\"https:\/\/s.w.org\/images\/core\/emoji\/13.1.0\/svg\/1f1e6-1f1f9.svg\" alt=\"\ud83c\udde6\ud83c\uddf9\" \/>\u00a0ab \u20ac 100,- und\u00a0<img decoding=\"async\" class=\"emoji\" role=\"img\" draggable=\"false\" src=\"https:\/\/s.w.org\/images\/core\/emoji\/13.1.0\/svg\/1f1e9-1f1ea.svg\" alt=\"\ud83c\udde9\ud83c\uddea\" \/>\u00a0ab \u20ac 200,-!<\/p>\n","protected":false},"featured_media":20410,"comment_status":"closed","ping_status":"closed","template":"","meta":[],"product_brand":[],"product_cat":[13938,14093,14288],"product_tag":[],"class_list":{"0":"post-20406","1":"product","2":"type-product","3":"status-publish","4":"has-post-thumbnail","6":"product_cat-bergsteiger-ausruestung","7":"product_cat-petzl","8":"product_cat-steigeisen","10":"first","11":"instock","12":"sale","13":"taxable","14":"shipping-taxable","15":"purchasable","16":"product-type-variable"},"yoast_head":"<!-- This site is optimized with the Yoast SEO Premium plugin v26.9 (Yoast SEO v26.9) - https:\/\/yoast.com\/product\/yoast-seo-premium-wordpress\/ -->\n<title>Petzl Vasak 12-Zack Steigeisen | bolting.eu<\/title>\n<meta name=\"description\" content=\"Petzl Vasak 12 Zack Steigeisen beim Kletterprofi kaufen \u2705 Trusted Shop \u2705 versandkostenfrei* \u2705 Co2 neutraler Versand \u2705 14 Tage R\u00fcckgaberecht\" \/>\n<meta name=\"robots\" content=\"index, follow, max-snippet:-1, max-image-preview:large, max-video-preview:-1\" \/>\n<link rel=\"canonical\" href=\"https:\/\/bolting.eu\/en\/shop\/petzl-vasak-12-zack-steigeisen\/\" \/>\n<meta property=\"og:locale\" content=\"en_US\" \/>\n<meta property=\"og:type\" content=\"article\" \/>\n<meta property=\"og:title\" content=\"Petzl Vasak 12-Zack Steigeisen\" \/>\n<meta property=\"og:description\" content=\"Petzl Vasak 12 Zack Steigeisen beim Kletterprofi kaufen \u2705 Trusted Shop \u2705 versandkostenfrei* \u2705 Co2 neutraler Versand \u2705 14 Tage R\u00fcckgaberecht\" \/>\n<meta property=\"og:url\" content=\"https:\/\/bolting.eu\/en\/shop\/petzl-vasak-12-zack-steigeisen\/\" \/>\n<meta property=\"og:site_name\" content=\"bolting.eu\" \/>\n<meta property=\"article:publisher\" content=\"https:\/\/www.facebook.com\/bolting.eu\" \/>\n<meta property=\"article:modified_time\" content=\"2026-02-11T14:05:15+00:00\" \/>\n<meta property=\"og:image\" content=\"https:\/\/bolting.eu\/wp-content\/uploads\/2024\/07\/Petzl-Vasak-leverlock-Universel.jpg\" \/>\n\t<meta property=\"og:image:width\" content=\"700\" \/>\n\t<meta property=\"og:image:height\" content=\"700\" \/>\n\t<meta property=\"og:image:type\" content=\"image\/jpeg\" \/>\n<meta name=\"twitter:card\" content=\"summary_large_image\" \/>\n<meta name=\"twitter:label1\" content=\"Availability\" \/>\n\t<meta name=\"twitter:data1\" content=\"In stock\" \/>\n<script type=\"application\/ld+json\" class=\"yoast-schema-graph\">{\"@context\":\"https:\/\/schema.org\",\"@graph\":[{\"@type\":[\"WebPage\",\"ItemPage\"],\"@id\":\"https:\/\/bolting.eu\/en\/shop\/petzl-vasak-12-zack-steigeisen\/\",\"url\":\"https:\/\/bolting.eu\/en\/shop\/petzl-vasak-12-zack-steigeisen\/\",\"name\":\"Petzl Vasak 12-Zack Steigeisen | bolting.eu\",\"isPartOf\":{\"@id\":\"https:\/\/bolting.eu\/en\/#website\"},\"primaryImageOfPage\":{\"@id\":\"https:\/\/bolting.eu\/en\/shop\/petzl-vasak-12-zack-steigeisen\/#primaryimage\"},\"image\":{\"@id\":\"https:\/\/bolting.eu\/en\/shop\/petzl-vasak-12-zack-steigeisen\/#primaryimage\"},\"thumbnailUrl\":\"https:\/\/bolting.eu\/wp-content\/uploads\/2024\/07\/Petzl-Vasak-leverlock-Universel.jpg\",\"datePublished\":\"2024-07-22T12:57:19+00:00\",\"dateModified\":\"2026-02-11T14:05:15+00:00\",\"description\":\"Petzl Vasak 12 Zack Steigeisen beim Kletterprofi kaufen \u2705 Trusted Shop \u2705 versandkostenfrei* \u2705 Co2 neutraler Versand \u2705 14 Tage R\u00fcckgaberecht\",\"breadcrumb\":{\"@id\":\"https:\/\/bolting.eu\/en\/shop\/petzl-vasak-12-zack-steigeisen\/#breadcrumb\"},\"inLanguage\":\"en-US\",\"potentialAction\":[{\"@type\":\"ReadAction\",\"target\":[\"https:\/\/bolting.eu\/en\/shop\/petzl-vasak-12-zack-steigeisen\/\"]}]},{\"@type\":\"ImageObject\",\"inLanguage\":\"en-US\",\"@id\":\"https:\/\/bolting.eu\/en\/shop\/petzl-vasak-12-zack-steigeisen\/#primaryimage\",\"url\":\"https:\/\/bolting.eu\/wp-content\/uploads\/2024\/07\/Petzl-Vasak-leverlock-Universel.jpg\",\"contentUrl\":\"https:\/\/bolting.eu\/wp-content\/uploads\/2024\/07\/Petzl-Vasak-leverlock-Universel.jpg\",\"width\":700,\"height\":700,\"caption\":\"Schwarz - oranges Petzl Vasak Kipphebel Steigeisen mit alternativem Zehenb\u00fcgel und bolting.eu Logo.\"},{\"@type\":\"BreadcrumbList\",\"@id\":\"https:\/\/bolting.eu\/en\/shop\/petzl-vasak-12-zack-steigeisen\/#breadcrumb\",\"itemListElement\":[{\"@type\":\"ListItem\",\"position\":1,\"name\":\"Shop\",\"item\":\"https:\/\/bolting.eu\/en\/shop\/\"},{\"@type\":\"ListItem\",\"position\":2,\"name\":\"Bergsteiger Ausr\u00fcstung\",\"item\":\"https:\/\/bolting.eu\/produkt-kategorie\/bergsteiger-ausruestung\/\"},{\"@type\":\"ListItem\",\"position\":3,\"name\":\"Steigeisen\",\"item\":\"https:\/\/bolting.eu\/produkt-kategorie\/bergsteiger-ausruestung\/steigeisen\/\"},{\"@type\":\"ListItem\",\"position\":4,\"name\":\"Petzl Vasak 12-Zack Steigeisen\"}]},{\"@type\":\"WebSite\",\"@id\":\"https:\/\/bolting.eu\/en\/#website\",\"url\":\"https:\/\/bolting.eu\/en\/\",\"name\":\"bolting.eu\",\"description\":\"we make climbs happen\",\"publisher\":{\"@id\":\"https:\/\/bolting.eu\/en\/#organization\"},\"potentialAction\":[{\"@type\":\"SearchAction\",\"target\":{\"@type\":\"EntryPoint\",\"urlTemplate\":\"https:\/\/bolting.eu\/en\/?s={search_term_string}\"},\"query-input\":{\"@type\":\"PropertyValueSpecification\",\"valueRequired\":true,\"valueName\":\"search_term_string\"}}],\"inLanguage\":\"en-US\"},{\"@type\":[\"Organization\",\"Place\",\"SportingGoodsStore\"],\"@id\":\"https:\/\/bolting.eu\/en\/#organization\",\"name\":\"bolting.eu\",\"url\":\"https:\/\/bolting.eu\/en\/\",\"logo\":{\"@id\":\"https:\/\/bolting.eu\/en\/shop\/petzl-vasak-12-zack-steigeisen\/#local-main-organization-logo\"},\"image\":{\"@id\":\"https:\/\/bolting.eu\/en\/shop\/petzl-vasak-12-zack-steigeisen\/#local-main-organization-logo\"},\"sameAs\":[\"https:\/\/www.facebook.com\/bolting.eu\",\"https:\/\/www.instagram.com\/bolting.eu\/\"],\"address\":{\"@id\":\"https:\/\/bolting.eu\/en\/shop\/petzl-vasak-12-zack-steigeisen\/#local-main-place-address\"},\"geo\":{\"@type\":\"GeoCoordinates\",\"latitude\":\"47.264176340396226\",\"longitude\":\"11.380109057672346\"},\"telephone\":[\"+43 699 19083372\"],\"openingHoursSpecification\":[{\"@type\":\"OpeningHoursSpecification\",\"dayOfWeek\":[\"Monday\",\"Wednesday\",\"Friday\"],\"opens\":\"14:00\",\"closes\":\"18:00\"},{\"@type\":\"OpeningHoursSpecification\",\"dayOfWeek\":[\"Tuesday\",\"Thursday\",\"Saturday\",\"Sunday\"],\"opens\":\"00:00\",\"closes\":\"00:00\"}],\"email\":\"office@bolting.eu\",\"vatID\":\"ATU59999728\",\"priceRange\":\"$$\",\"currenciesAccepted\":\"Euro\"},{\"@type\":\"PostalAddress\",\"@id\":\"https:\/\/bolting.eu\/en\/shop\/petzl-vasak-12-zack-steigeisen\/#local-main-place-address\",\"streetAddress\":\"Fischnalerstra\u00dfe 4\",\"addressLocality\":\"Innsbruck\",\"postalCode\":\"6020\",\"addressRegion\":\"Tirol\",\"addressCountry\":\"AT\"},{\"@type\":\"ImageObject\",\"inLanguage\":\"en-US\",\"@id\":\"https:\/\/bolting.eu\/en\/shop\/petzl-vasak-12-zack-steigeisen\/#local-main-organization-logo\",\"url\":\"https:\/\/bolting.eu\/wp-content\/uploads\/2019\/09\/bolting-logo.png\",\"contentUrl\":\"https:\/\/bolting.eu\/wp-content\/uploads\/2019\/09\/bolting-logo.png\",\"width\":400,\"height\":211,\"caption\":\"bolting.eu\"}]}<\/script>\n<meta property=\"og:availability\" content=\"instock\" \/>\n<meta property=\"product:availability\" content=\"instock\" \/>\n<meta property=\"product:condition\" content=\"new\" \/>\n<meta name=\"geo.placename\" content=\"Innsbruck\" \/>\n<meta name=\"geo.position\" content=\"47.264176340396226;11.380109057672346\" \/>\n<meta name=\"geo.region\" content=\"Austria\" \/>\n<!-- \/ Yoast SEO Premium plugin. -->","yoast_head_json":{"title":"Petzl Vasak 12-Zack Steigeisen | bolting.eu","description":"Petzl Vasak 12 Zack Steigeisen beim Kletterprofi kaufen \u2705 Trusted Shop \u2705 versandkostenfrei* \u2705 Co2 neutraler Versand \u2705 14 Tage R\u00fcckgaberecht","robots":{"index":"index","follow":"follow","max-snippet":"max-snippet:-1","max-image-preview":"max-image-preview:large","max-video-preview":"max-video-preview:-1"},"canonical":"https:\/\/bolting.eu\/en\/shop\/petzl-vasak-12-zack-steigeisen\/","og_locale":"en_US","og_type":"article","og_title":"Petzl Vasak 12-Zack Steigeisen","og_description":"Petzl Vasak 12 Zack Steigeisen beim Kletterprofi kaufen \u2705 Trusted Shop \u2705 versandkostenfrei* \u2705 Co2 neutraler Versand \u2705 14 Tage R\u00fcckgaberecht","og_url":"https:\/\/bolting.eu\/en\/shop\/petzl-vasak-12-zack-steigeisen\/","og_site_name":"bolting.eu","article_publisher":"https:\/\/www.facebook.com\/bolting.eu","article_modified_time":"2026-02-11T14:05:15+00:00","og_image":[{"width":700,"height":700,"url":"https:\/\/bolting.eu\/wp-content\/uploads\/2024\/07\/Petzl-Vasak-leverlock-Universel.jpg","type":"image\/jpeg"}],"twitter_card":"summary_large_image","twitter_misc":{"Availability":"In stock"},"schema":{"@context":"https:\/\/schema.org","@graph":[{"@type":["WebPage","ItemPage"],"@id":"https:\/\/bolting.eu\/en\/shop\/petzl-vasak-12-zack-steigeisen\/","url":"https:\/\/bolting.eu\/en\/shop\/petzl-vasak-12-zack-steigeisen\/","name":"Petzl Vasak 12-Zack Steigeisen | bolting.eu","isPartOf":{"@id":"https:\/\/bolting.eu\/en\/#website"},"primaryImageOfPage":{"@id":"https:\/\/bolting.eu\/en\/shop\/petzl-vasak-12-zack-steigeisen\/#primaryimage"},"image":{"@id":"https:\/\/bolting.eu\/en\/shop\/petzl-vasak-12-zack-steigeisen\/#primaryimage"},"thumbnailUrl":"https:\/\/bolting.eu\/wp-content\/uploads\/2024\/07\/Petzl-Vasak-leverlock-Universel.jpg","datePublished":"2024-07-22T12:57:19+00:00","dateModified":"2026-02-11T14:05:15+00:00","description":"Petzl Vasak 12 Zack Steigeisen beim Kletterprofi kaufen \u2705 Trusted Shop \u2705 versandkostenfrei* \u2705 Co2 neutraler Versand \u2705 14 Tage R\u00fcckgaberecht","breadcrumb":{"@id":"https:\/\/bolting.eu\/en\/shop\/petzl-vasak-12-zack-steigeisen\/#breadcrumb"},"inLanguage":"en-US","potentialAction":[{"@type":"ReadAction","target":["https:\/\/bolting.eu\/en\/shop\/petzl-vasak-12-zack-steigeisen\/"]}]},{"@type":"ImageObject","inLanguage":"en-US","@id":"https:\/\/bolting.eu\/en\/shop\/petzl-vasak-12-zack-steigeisen\/#primaryimage","url":"https:\/\/bolting.eu\/wp-content\/uploads\/2024\/07\/Petzl-Vasak-leverlock-Universel.jpg","contentUrl":"https:\/\/bolting.eu\/wp-content\/uploads\/2024\/07\/Petzl-Vasak-leverlock-Universel.jpg","width":700,"height":700,"caption":"Schwarz - oranges Petzl Vasak Kipphebel Steigeisen mit alternativem Zehenb\u00fcgel und bolting.eu Logo."},{"@type":"BreadcrumbList","@id":"https:\/\/bolting.eu\/en\/shop\/petzl-vasak-12-zack-steigeisen\/#breadcrumb","itemListElement":[{"@type":"ListItem","position":1,"name":"Shop","item":"https:\/\/bolting.eu\/en\/shop\/"},{"@type":"ListItem","position":2,"name":"Bergsteiger Ausr\u00fcstung","item":"https:\/\/bolting.eu\/produkt-kategorie\/bergsteiger-ausruestung\/"},{"@type":"ListItem","position":3,"name":"Steigeisen","item":"https:\/\/bolting.eu\/produkt-kategorie\/bergsteiger-ausruestung\/steigeisen\/"},{"@type":"ListItem","position":4,"name":"Petzl Vasak 12-Zack Steigeisen"}]},{"@type":"WebSite","@id":"https:\/\/bolting.eu\/en\/#website","url":"https:\/\/bolting.eu\/en\/","name":"bolting.eu","description":"we make climbs happen","publisher":{"@id":"https:\/\/bolting.eu\/en\/#organization"},"potentialAction":[{"@type":"SearchAction","target":{"@type":"EntryPoint","urlTemplate":"https:\/\/bolting.eu\/en\/?s={search_term_string}"},"query-input":{"@type":"PropertyValueSpecification","valueRequired":true,"valueName":"search_term_string"}}],"inLanguage":"en-US"},{"@type":["Organization","Place","SportingGoodsStore"],"@id":"https:\/\/bolting.eu\/en\/#organization","name":"bolting.eu","url":"https:\/\/bolting.eu\/en\/","logo":{"@id":"https:\/\/bolting.eu\/en\/shop\/petzl-vasak-12-zack-steigeisen\/#local-main-organization-logo"},"image":{"@id":"https:\/\/bolting.eu\/en\/shop\/petzl-vasak-12-zack-steigeisen\/#local-main-organization-logo"},"sameAs":["https:\/\/www.facebook.com\/bolting.eu","https:\/\/www.instagram.com\/bolting.eu\/"],"address":{"@id":"https:\/\/bolting.eu\/en\/shop\/petzl-vasak-12-zack-steigeisen\/#local-main-place-address"},"geo":{"@type":"GeoCoordinates","latitude":"47.264176340396226","longitude":"11.380109057672346"},"telephone":["+43 699 19083372"],"openingHoursSpecification":[{"@type":"OpeningHoursSpecification","dayOfWeek":["Monday","Wednesday","Friday"],"opens":"14:00","closes":"18:00"},{"@type":"OpeningHoursSpecification","dayOfWeek":["Tuesday","Thursday","Saturday","Sunday"],"opens":"00:00","closes":"00:00"}],"email":"office@bolting.eu","vatID":"ATU59999728","priceRange":"$$","currenciesAccepted":"Euro"},{"@type":"PostalAddress","@id":"https:\/\/bolting.eu\/en\/shop\/petzl-vasak-12-zack-steigeisen\/#local-main-place-address","streetAddress":"Fischnalerstra\u00dfe 4","addressLocality":"Innsbruck","postalCode":"6020","addressRegion":"Tirol","addressCountry":"AT"},{"@type":"ImageObject","inLanguage":"en-US","@id":"https:\/\/bolting.eu\/en\/shop\/petzl-vasak-12-zack-steigeisen\/#local-main-organization-logo","url":"https:\/\/bolting.eu\/wp-content\/uploads\/2019\/09\/bolting-logo.png","contentUrl":"https:\/\/bolting.eu\/wp-content\/uploads\/2019\/09\/bolting-logo.png","width":400,"height":211,"caption":"bolting.eu"}]},"og_availability":"instock","product_availability":"instock","product_condition":"new","geo.placename":"Innsbruck","geo.position":{"lat":"47.264176340396226","long":"11.380109057672346"},"geo.region":"Austria"},"_links":{"self":[{"href":"https:\/\/bolting.eu\/en\/wp-json\/wp\/v2\/product\/20406","targetHints":{"allow":["GET"]}}],"collection":[{"href":"https:\/\/bolting.eu\/en\/wp-json\/wp\/v2\/product"}],"about":[{"href":"https:\/\/bolting.eu\/en\/wp-json\/wp\/v2\/types\/product"}],"replies":[{"embeddable":true,"href":"https:\/\/bolting.eu\/en\/wp-json\/wp\/v2\/comments?post=20406"}],"wp:featuredmedia":[{"embeddable":true,"href":"https:\/\/bolting.eu\/en\/wp-json\/wp\/v2\/media\/20410"}],"wp:attachment":[{"href":"https:\/\/bolting.eu\/en\/wp-json\/wp\/v2\/media?parent=20406"}],"wp:term":[{"taxonomy":"product_brand","embeddable":true,"href":"https:\/\/bolting.eu\/en\/wp-json\/wp\/v2\/product_brand?post=20406"},{"taxonomy":"product_cat","embeddable":true,"href":"https:\/\/bolting.eu\/en\/wp-json\/wp\/v2\/product_cat?post=20406"},{"taxonomy":"product_tag","embeddable":true,"href":"https:\/\/bolting.eu\/en\/wp-json\/wp\/v2\/product_tag?post=20406"}],"curies":[{"name":"wp","href":"https:\/\/api.w.org\/{rel}","templated":true}]}}